{"id":11,"date":"2025-07-16T06:46:06","date_gmt":"2025-07-16T06:46:06","guid":{"rendered":"https:\/\/vapeenjoy.com\/?page_id=11"},"modified":"2025-08-26T08:30:12","modified_gmt":"2025-08-26T08:30:12","slug":"conditions-of-transport","status":"publish","type":"page","link":"https:\/\/vapeenjoy.com\/da\/transportbetingelser\/","title":{"rendered":"transportbetingelser"},"content":{"rendered":"<div data-elementor-type=\"wp-page\" data-elementor-id=\"11\" class=\"elementor elementor-11\">\n\t\t\t\t<div class=\"wd-negative-gap elementor-element elementor-element-69cb6f19 e-flex e-con-boxed e-con e-parent\" data-id=\"69cb6f19\" data-element_type=\"container\">\n\t\t\t\t\t<div class=\"e-con-inner\">\n\t\t\t\t<div class=\"elementor-element elementor-element-51a6e90a color-scheme-inherit text-left elementor-widget elementor-widget-text-editor\" data-id=\"51a6e90a\" data-element_type=\"widget\" data-widget_type=\"text-editor.default\">\n\t\t\t\t\t\t\t\t\t\n<h2>Vapeenjoy transportforhold<\/h2>\n<h2>1. Ordrebehandling og forsendelse<\/h2>\n<ul>\n<li>Ordrer behandles og sendes inden for 1-3 hverdage.<\/li>\n<li>Levering tager typisk 7-15 hverdage.<\/li>\n<li>Bem\u00e6rk venligst, at ordrer ikke afsendes i weekenden.<\/li>\n<\/ul>\n<h2>2. Forsendelsessporing<\/h2>\n<ul>\n<li>N\u00e5r din ordre er afsendt, vil du modtage et sporingsnummer via e-mail.<\/li>\n<li>Du kan spore din forsendelse ved hj\u00e6lp af det angivne sporingsnummer p\u00e5 <a href=\"https:\/\/www.17track.net\/\">17track.net<\/a>.<\/li>\n<li>Sporingsoplysninger kan tage 1-2 dage at opdatere p\u00e5 hjemmesiden.<\/li>\n<\/ul>\n<h2>3. Ordre\u00e6ndringer<\/h2>\n<ul>\n<li>Du kan annullere din ordre eller opdatere leveringsadressen til enhver tid, f\u00f8r ordren afsendes.<\/li>\n<li>N\u00e5r en ordre er afsendt, er refusion eller adresse\u00e6ndringer ikke l\u00e6ngere mulige.<\/li>\n<li>Gratis forsendelse er tilg\u00e6ngelig for ordrer til USA og Australien.<\/li>\n<\/ul>\n<h2>4. Forsendelsesmetoder og -afgifter<\/h2>\n<p>For udvalgte lande tilbyder vi leveret toldbetalt (DDP), hvilket betyder, at du ikke p\u00e5drager dig toldbehandlingsgebyrer. Disse lande og deres tilsvarende forsendelsesmetoder er som f\u00f8lger:<\/p>\n<ul>\n<li><strong>USA<\/strong>: UPS Express (eksklusive Alaska og Hawaii)<\/li>\n<li><strong>Storbritannien<\/strong>: Lokal DPD Express<\/li>\n<li><strong>Europa<\/strong>: UPS Express, DPD Express eller DHL Express<\/li>\n<li><strong>DDP-berettigede europ\u00e6iske lande<\/strong>: Tyskland, Belgien, Luxembourg, Holland, Tjekkiet, Polen, Kroatien, Slovakiet, Slovenien, Finland, Danmark, Sverige, \u00d8strig, Frankrig, Italien, Ungarn, Bulgarien, Litauen, Estland, Letland, Gr\u00e6kenland, Irland, Portugal, Spanien<\/li>\n<\/ul>\n<h2>5. Forsendelsestider efter land<\/h2>\n<p>Nedenfor er forsendelsesmetoderne og estimerede leveringstider for specifikke lande:<\/p>\n<table>\n<thead>\n<tr>\n<th>terr\u00e6n<\/th>\n<th>Forsendelsesmetode<\/th>\n<th>Ansl\u00e5et leveringstid<\/th>\n<\/tr>\n<\/thead>\n<tbody>\n<tr>\n<td>USA<\/td>\n<td>Lokal UPS Ground<\/td>\n<td>10-15 dage<\/td>\n<\/tr>\n<tr>\n<td>Storbritannien<\/td>\n<td>Lokal DPD Express<\/td>\n<td>7-12 dage<\/td>\n<\/tr>\n<tr>\n<td>Tyskland<\/td>\n<td>UPS\/DPD\/DHL Tyskland<\/td>\n<td>8-15 dage<\/td>\n<\/tr>\n<tr>\n<td>Frankrig<\/td>\n<td>UPS\/DPD\/DHL Tyskland<\/td>\n<td>10-15 dage<\/td>\n<\/tr>\n<tr>\n<td>belgisk<\/td>\n<td>UPS\/DPD\/DHL Tyskland<\/td>\n<td>10-15 dage<\/td>\n<\/tr>\n<tr>\n<td>luxembourg<\/td>\n<td>UPS\/DPD\/DHL Tyskland<\/td>\n<td>10-15 dage<\/td>\n<\/tr>\n<tr>\n<td>holland<\/td>\n<td>UPS\/DPD\/DHL Tyskland<\/td>\n<td>10-15 dage<\/td>\n<\/tr>\n<tr>\n<td>Tjekkiet<\/td>\n<td>UPS\/DPD\/DHL Tyskland<\/td>\n<td>10-15 dage<\/td>\n<\/tr>\n<tr>\n<td>polen<\/td>\n<td>UPS\/DPD\/DHL Tyskland<\/td>\n<td>10-15 dage<\/td>\n<\/tr>\n<tr>\n<td>Kroatien<\/td>\n<td>UPS\/DPD\/DHL Tyskland<\/td>\n<td>10-15 dage<\/td>\n<\/tr>\n<tr>\n<td>Slovakiet<\/td>\n<td>UPS\/DPD\/DHL Tyskland<\/td>\n<td>10-15 dage<\/td>\n<\/tr>\n<tr>\n<td>Slovenien<\/td>\n<td>UPS\/DPD\/DHL Tyskland<\/td>\n<td>10-15 dage<\/td>\n<\/tr>\n<tr>\n<td>Finland<\/td>\n<td>UPS\/DPD\/DHL Tyskland<\/td>\n<td>10-15 dage<\/td>\n<\/tr>\n<tr>\n<td>d\u00e6m<\/td>\n<td>UPS\/DPD\/DHL Tyskland<\/td>\n<td>10-15 dage<\/td>\n<\/tr>\n<tr>\n<td>sverige<\/td>\n<td>UPS\/DPD\/DHL Tyskland<\/td>\n<td>10-15 dage<\/td>\n<\/tr>\n<tr>\n<td>\u00d8strig<\/td>\n<td>UPS\/DPD\/DHL Tyskland<\/td>\n<td>10-15 dage<\/td>\n<\/tr>\n<tr>\n<td>Italien<\/td>\n<td>UPS\/DPD\/DHL Tyskland<\/td>\n<td>10-15 dage<\/td>\n<\/tr>\n<tr>\n<td>ungarl<\/td>\n<td>UPS\/DPD\/DHL Tyskland<\/td>\n<td>10-15 dage<\/td>\n<\/tr>\n<tr>\n<td>Litauen<\/td>\n<td>UPS\/DPD\/DHL Tyskland<\/td>\n<td>10-15 dage<\/td>\n<\/tr>\n<tr>\n<td>Estland<\/td>\n<td>UPS\/DPD\/DHL Tyskland<\/td>\n<td>10-15 dage<\/td>\n<\/tr>\n<tr>\n<td>Letland<\/td>\n<td>UPS\/DPD\/DHL Tyskland<\/td>\n<td>10-15 dage<\/td>\n<\/tr>\n<tr>\n<td>Gr\u00e6kenland<\/td>\n<td>UPS\/DPD\/DHL Tyskland<\/td>\n<td>10-15 dage<\/td>\n<\/tr>\n<tr>\n<td>Irland<\/td>\n<td>UPS\/DPD\/DHL Tyskland<\/td>\n<td>10-15 dage<\/td>\n<\/tr>\n<tr>\n<td>portugisisk<\/td>\n<td>UPS\/DPD\/DHL Tyskland<\/td>\n<td>10-15 dage<\/td>\n<\/tr>\n<tr>\n<td>Spanien<\/td>\n<td>UPS\/DPD\/DHL Tyskland<\/td>\n<td>10-15 dage<\/td>\n<\/tr>\n<tr>\n<td>UAE (Dubai)<\/td>\n<td>Dubai dedikeret linje<\/td>\n<td>12-18 dage<\/td>\n<\/tr>\n<tr>\n<td>Sydafrika<\/td>\n<td>Sydafrika dedikeret linje<\/td>\n<td>15-25 dage<\/td>\n<\/tr>\n<tr>\n<td>vietnav<\/td>\n<td>Vietnam dedikeret linje<\/td>\n<td>3-5 dage<\/td>\n<\/tr>\n<tr>\n<td>Vest Malaysia<\/td>\n<td>Malaysia dedikeret linje<\/td>\n<td>4-8 dage<\/td>\n<\/tr>\n<\/tbody>\n<\/table>\n<h2>6. skikke og told<\/h2>\n<ul>\n<li>For lande, der ikke er n\u00e6vnt ovenfor, kan pakker kr\u00e6ve toldbehandling og betaling af g\u00e6ldende told ved ankomsten.<\/li>\n<li>Kontakt venligst din lokale toldmyndighed for at f\u00e5 oplysninger om g\u00e6ldende afgifter.<\/li>\n<li>Toldv\u00e6senet kan ogs\u00e5 kr\u00e6ve en erhvervslicens for at godkende.<\/li>\n<\/ul>\n<p>VapeEnjoy er forpligtet til at levere effektive og gennemsigtige forsendelsestjenester. For sp\u00f8rgsm\u00e5l eller yderligere hj\u00e6lp er du velkommen til at kontakte vores kundesupportteam.<\/p>\n\t\t\t\t\t\t\t\t<\/div>\n\t\t\t\t\t<\/div>\n\t\t\t\t<\/div>\n\t\t\t\t<\/div>","protected":false},"excerpt":{"rendered":"<p>Vapeenjoy Conditions of Transport 1. Order Processing and Shipping Orders are processed and shipped within 1\u20133 business days. Delivery typically<\/p>","protected":false},"author":1,"featured_media":0,"parent":0,"menu_order":0,"comment_status":"closed","ping_status":"closed","template":"","meta":{"footnotes":""},"class_list":["post-11","page","type-page","status-publish","hentry"],"yoast_head":"<!-- This site is optimized with the Yoast SEO plugin v25.7 - https:\/\/yoast.com\/wordpress\/plugins\/seo\/ -->\n<title>VapeEnjoy Conditions of Transport | Shipping Terms &amp; Policies<\/title>\n<meta name=\"description\" content=\"Explore VapeEnjoy&#039;s Conditions of Transport. Learn our shipping terms, delivery policies, and customer duties for a smooth vape experience.\" \/>\n<meta name=\"robots\" content=\"index, follow, max-snippet:-1, max-image-preview:large, max-video-preview:-1\" \/>\n<link rel=\"canonical\" href=\"https:\/\/vapeenjoy.com\/da\/transportbetingelser\/\" \/>\n<meta property=\"og:locale\" content=\"da_DK\" \/>\n<meta property=\"og:type\" content=\"article\" \/>\n<meta property=\"og:title\" content=\"VapeEnjoy Conditions of Transport | Shipping Terms &amp; Policies\" \/>\n<meta property=\"og:description\" content=\"Explore VapeEnjoy&#039;s Conditions of Transport. Learn our shipping terms, delivery policies, and customer duties for a smooth vape experience.\" \/>\n<meta property=\"og:url\" content=\"https:\/\/vapeenjoy.com\/da\/transportbetingelser\/\" \/>\n<meta property=\"og:site_name\" content=\"vapeenjoy\" \/>\n<meta property=\"article:modified_time\" content=\"2025-08-26T08:30:12+00:00\" \/>\n<meta name=\"twitter:card\" content=\"summary_large_image\" \/>\n<meta name=\"twitter:label1\" content=\"Estimeret l\u00e6setid\" \/>\n\t<meta name=\"twitter:data1\" content=\"2 minutter\" \/>\n<script type=\"application\/ld+json\" class=\"yoast-schema-graph\">{\"@context\":\"https:\/\/schema.org\",\"@graph\":[{\"@type\":\"WebPage\",\"@id\":\"https:\/\/vapeenjoy.com\/conditions-of-transport\/\",\"url\":\"https:\/\/vapeenjoy.com\/conditions-of-transport\/\",\"name\":\"VapeEnjoy Conditions of Transport | Shipping Terms & Policies\",\"isPartOf\":{\"@id\":\"https:\/\/vapeenjoy.com\/#website\"},\"datePublished\":\"2025-07-16T06:46:06+00:00\",\"dateModified\":\"2025-08-26T08:30:12+00:00\",\"description\":\"Explore VapeEnjoy's Conditions of Transport. Learn our shipping terms, delivery policies, and customer duties for a smooth vape experience.\",\"breadcrumb\":{\"@id\":\"https:\/\/vapeenjoy.com\/conditions-of-transport\/#breadcrumb\"},\"inLanguage\":\"da-DK\",\"potentialAction\":[{\"@type\":\"ReadAction\",\"target\":[\"https:\/\/vapeenjoy.com\/conditions-of-transport\/\"]}]},{\"@type\":\"BreadcrumbList\",\"@id\":\"https:\/\/vapeenjoy.com\/conditions-of-transport\/#breadcrumb\",\"itemListElement\":[{\"@type\":\"ListItem\",\"position\":1,\"name\":\"Home\",\"item\":\"https:\/\/vapeenjoy.com\/\"},{\"@type\":\"ListItem\",\"position\":2,\"name\":\"Conditions of Transport\"}]},{\"@type\":\"WebSite\",\"@id\":\"https:\/\/vapeenjoy.com\/#website\",\"url\":\"https:\/\/vapeenjoy.com\/\",\"name\":\"vapeenjoy\",\"description\":\"An online store for selling vapes\",\"potentialAction\":[{\"@type\":\"SearchAction\",\"target\":{\"@type\":\"EntryPoint\",\"urlTemplate\":\"https:\/\/vapeenjoy.com\/?s={search_term_string}\"},\"query-input\":{\"@type\":\"PropertyValueSpecification\",\"valueRequired\":true,\"valueName\":\"search_term_string\"}}],\"inLanguage\":\"da-DK\"}]}<\/script>\n<!-- \/ Yoast SEO plugin. -->","yoast_head_json":{"title":"Vapeenjoy transportbetingelser | Forsendelsesbetingelser og politikker","description":"Udforsk Vapeenjoys transportforhold. L\u00e6r vores forsendelsesbetingelser, leveringspolitikker og kundeopgaver for en smidig vape-oplevelse.","robots":{"index":"index","follow":"follow","max-snippet":"max-snippet:-1","max-image-preview":"max-image-preview:large","max-video-preview":"max-video-preview:-1"},"canonical":"https:\/\/vapeenjoy.com\/da\/transportbetingelser\/","og_locale":"da_DK","og_type":"article","og_title":"VapeEnjoy Conditions of Transport | Shipping Terms & Policies","og_description":"Explore VapeEnjoy's Conditions of Transport. Learn our shipping terms, delivery policies, and customer duties for a smooth vape experience.","og_url":"https:\/\/vapeenjoy.com\/da\/transportbetingelser\/","og_site_name":"vapeenjoy","article_modified_time":"2025-08-26T08:30:12+00:00","twitter_card":"summary_large_image","twitter_misc":{"Estimeret l\u00e6setid":"2 minutter"},"schema":{"@context":"https:\/\/schema.org","@graph":[{"@type":"WebPage","@id":"https:\/\/vapeenjoy.com\/conditions-of-transport\/","url":"https:\/\/vapeenjoy.com\/conditions-of-transport\/","name":"Vapeenjoy transportbetingelser | Forsendelsesbetingelser og politikker","isPartOf":{"@id":"https:\/\/vapeenjoy.com\/#website"},"datePublished":"2025-07-16T06:46:06+00:00","dateModified":"2025-08-26T08:30:12+00:00","description":"Udforsk Vapeenjoys transportforhold. L\u00e6r vores forsendelsesbetingelser, leveringspolitikker og kundeopgaver for en smidig vape-oplevelse.","breadcrumb":{"@id":"https:\/\/vapeenjoy.com\/conditions-of-transport\/#breadcrumb"},"inLanguage":"da-DK","potentialAction":[{"@type":"ReadAction","target":["https:\/\/vapeenjoy.com\/conditions-of-transport\/"]}]},{"@type":"BreadcrumbList","@id":"https:\/\/vapeenjoy.com\/conditions-of-transport\/#breadcrumb","itemListElement":[{"@type":"ListItem","position":1,"name":"Home","item":"https:\/\/vapeenjoy.com\/"},{"@type":"ListItem","position":2,"name":"Conditions of Transport"}]},{"@type":"WebSite","@id":"https:\/\/vapeenjoy.com\/#website","url":"https:\/\/vapeenjoy.com\/","name":"VapeenJoy","description":"en online butik til salg af dampe","potentialAction":[{"@type":"SearchAction","target":{"@type":"EntryPoint","urlTemplate":"https:\/\/vapeenjoy.com\/?s={search_term_string}"},"query-input":{"@type":"PropertyValueSpecification","valueRequired":true,"valueName":"search_term_string"}}],"inLanguage":"da-DK"}]}},"_links":{"self":[{"href":"https:\/\/vapeenjoy.com\/da\/wp-json\/wp\/v2\/pages\/11","targetHints":{"allow":["GET"]}}],"collection":[{"href":"https:\/\/vapeenjoy.com\/da\/wp-json\/wp\/v2\/pages"}],"about":[{"href":"https:\/\/vapeenjoy.com\/da\/wp-json\/wp\/v2\/types\/page"}],"author":[{"embeddable":true,"href":"https:\/\/vapeenjoy.com\/da\/wp-json\/wp\/v2\/users\/1"}],"replies":[{"embeddable":true,"href":"https:\/\/vapeenjoy.com\/da\/wp-json\/wp\/v2\/comments?post=11"}],"version-history":[{"count":17,"href":"https:\/\/vapeenjoy.com\/da\/wp-json\/wp\/v2\/pages\/11\/revisions"}],"predecessor-version":[{"id":3138,"href":"https:\/\/vapeenjoy.com\/da\/wp-json\/wp\/v2\/pages\/11\/revisions\/3138"}],"wp:attachment":[{"href":"https:\/\/vapeenjoy.com\/da\/wp-json\/wp\/v2\/media?parent=11"}],"curies":[{"name":"wp","href":"https:\/\/api.w.org\/{rel}","templated":true}]}}