{"id":1506,"date":"2023-04-20T11:46:53","date_gmt":"2023-04-20T11:46:53","guid":{"rendered":"https:\/\/dummy.xtemos.com\/woodmart2\/furniture2-elementor\/?page_id=25"},"modified":"2025-08-14T01:58:34","modified_gmt":"2025-08-14T01:58:34","slug":"age-policy","status":"publish","type":"page","link":"https:\/\/vapeenjoy.com\/da\/alderspolitik\/","title":{"rendered":"Alderspolitik"},"content":{"rendered":"<div data-elementor-type=\"wp-page\" data-elementor-id=\"1506\" class=\"elementor elementor-1506\">\n\t\t\t\t<div class=\"wd-negative-gap elementor-element elementor-element-f16dbad wd-collapsible-content e-flex e-con-boxed e-con e-parent\" data-id=\"f16dbad\" data-element_type=\"container\">\n\t\t\t\t\t<div class=\"e-con-inner\">\n\t\t\t\t<div class=\"elementor-element elementor-element-45edd54 elementor-widget elementor-widget-wd_button\" data-id=\"45edd54\" data-element_type=\"widget\" data-widget_type=\"wd_button.default\">\n\t\t\t\t<div class=\"elementor-widget-container\">\n\t\t\t\t\t\t\t<div class=\"wd-button-wrapper text-left wd-collapsible-button\" >\n\t\t\t<a class=\"btn btn-style-link btn-shape- btn-size-default btn-color-primary btn-icon-pos-right\"  href=\"#\">\n\t\t\t\t<span class=\"wd-btn-text\" data-elementor-setting-key=\"text\">\n\t\t\t\t\tL\u00e6s mere\t\t\t\t<\/span>\n\n\t\t\t\t\t\t\t<\/a>\n\t\t<\/div>\n\t\t\t\t\t\t<\/div>\n\t\t\t\t<\/div>\n\t\t\t\t\t<\/div>\n\t\t\t\t<\/div>\n\t\t<div class=\"wd-negative-gap elementor-element elementor-element-835dab8 e-flex e-con-boxed e-con e-parent\" data-id=\"835dab8\" data-element_type=\"container\">\n\t\t\t\t\t<div class=\"e-con-inner\">\n\t\t\t\t<div class=\"elementor-element elementor-element-fd8112a color-scheme-inherit text-left elementor-widget elementor-widget-text-editor\" data-id=\"fd8112a\" data-element_type=\"widget\" data-widget_type=\"text-editor.default\">\n\t\t\t\t\t\t\t\t\t<h3 dir=\"auto\">Vapeenjoy alderspolitik: Sikring af overholdelse og ansvarlig vapebrug<\/h3><p dir=\"auto\">Hos VapeEnjoy prioriterer vi ansvarlig vapebrug og f\u00f8lger strengt amerikanske regler. Vores robuste alderspolitik garanterer, at kun kvalificerede kunder k\u00f8ber elektroniske cigaretprodukter fra vores platform. Nedenfor beskriver vi vores politikker og procedurer for at sikre overholdelse og forhindre adgang til mindre\u00e5rige.<\/p><h4 dir=\"auto\">lovlig alderskrav for vapebrug<\/h4><p dir=\"auto\">Vapeenjoy kr\u00e6ver, at kunderne skal v\u00e6re mindst 21 \u00e5r gamle for at k\u00f8be elektroniske cigaretprodukter i overensstemmelse med amerikanske f\u00f8derale og statslige regler. Denne aldersbegr\u00e6nsning sikrer, at vi overholder love, der regulerer salg af vapeprodukter.<\/p><h4 dir=\"auto\">strengt forbud mod aldersforfalskning<\/h4><p dir=\"auto\">Forfalskning af aldersoplysninger for at k\u00f8be vape-produkter er ulovligt og har alvorlige juridiske konsekvenser. Derfor h\u00e5ndh\u00e6ver Vapeenjoy aktivt strenge foranstaltninger for at blokere svigagtige k\u00f8b og beskytte vores platforms integritet.<\/p><h4 dir=\"auto\">Ingen k\u00f8b for mindre\u00e5rige<\/h4><p dir=\"auto\">Vapeenjoy forbyder at k\u00f8be vape-produkter til eller p\u00e5 vegne af nogen under 21. S\u00e5danne handlinger overtr\u00e6der vores politik og kan udl\u00f8se juridiske konsekvenser. Vi er fortsat forpligtet til at sikre, at kun kvalificerede kunder f\u00e5r adgang til vores produkter.<\/p><h4 dir=\"auto\">Robust aldersbekr\u00e6ftelsesproces<\/h4><p dir=\"auto\">Vapeenjoy anvender et sikkert, p\u00e5lideligt aldersbekr\u00e6ftelsessystem til at bekr\u00e6fte kundernes berettigelse. Under kassen skal kunder indsende:<\/p><ul dir=\"auto\"><li>Fulde navn<\/li><li>adressere<\/li><li>F\u00f8dselsdato<\/li><li>sidste fire cifre i deres CPR-nummer (SSN)<\/li><\/ul><p dir=\"auto\">Vi krydshenviser disse oplysninger til offentlige registre for at bekr\u00e6fte alderen. Hvis kunderne ikke leverer et SSN, skal de uploade et gyldigt offentligt udstedt ID. Som et resultat sikrer vores system kun personer p\u00e5 21 \u00e5r og \u00e6ldre, der fuldf\u00f8rer k\u00f8b.<\/p><h4 dir=\"auto\">ordreafvisning for manglende overholdelse<\/h4><p dir=\"auto\">VapeEnjoy forbeholder sig retten til at afvise eller annullere ordrer, hvis kunder undlader at freml\u00e6gge gyldig identifikation omg\u00e5ende. Denne politik giver os mulighed for at opretholde strenge aldersbegr\u00e6nsninger og beskytte vores platform mod misbrug.<\/p><h4 dir=\"auto\">forpligtelse til at forhindre unges adgang<\/h4><p dir=\"auto\">Vapeenjoy forhindrer aktivt mindre\u00e5rige adgang til vape-produkter. Vores strenge aldersbekr\u00e6ftelsesproces sikrer, at mindre\u00e5rige ikke kan k\u00f8be elektroniske cigaretter. Derfor er vi p\u00e5 linje med vores mission om at fremme ansvarlig vapebrug.<\/p><h4 dir=\"auto\">ret til at n\u00e6gte service<\/h4><p dir=\"auto\">P\u00e5 grund af kompleksiteten af online vape-salg kan VapeEnjoy n\u00e6gte service til enkeltpersoner. Hvis du mener, at vi uretf\u00e6rdigt har n\u00e6gtet din service, bedes du kontakte vores kundeserviceteam for support. Vi er her for at l\u00f8se dine bekymringer med det samme.<\/p><h4 dir=\"auto\">klar hjemmeside advarsel<\/h4><p dir=\"auto\">Vapeenjoy viser en advarsel p\u00e5 vores hjemmeside, der angiver, at den lovlige vape-alder i USA er 21+. Denne meddelelse sikrer, at alle bes\u00f8gende forst\u00e5r alderskravet, f\u00f8r de fors\u00f8ger at k\u00f8be elektroniske cigaretprodukter.<\/p><h4 dir=\"auto\">Vores forpligtelse til ansvarlig vapebrug<\/h4><p dir=\"auto\">Vapeenjoys alderspolitik sigter mod at:<\/p><ul dir=\"auto\"><li>Overhold amerikanske vape-love<\/li><li>Opmuntre til ansvarlig vape-praksis<\/li><li>blokere mindre\u00e5rige fra at f\u00e5 adgang til aldersbegr\u00e6nsede produkter<\/li><\/ul><p dir=\"auto\">Ved at h\u00e5ndh\u00e6ve disse tiltag skaber vi et sikkert, kompatibelt milj\u00f8 for alle kunder. Derudover opretholder vi de h\u00f8jeste standarder for integritet for at fremme tillid og ansvar i vape-samfundet.<\/p>\t\t\t\t\t\t\t\t<\/div>\n\t\t\t\t\t<\/div>\n\t\t\t\t<\/div>\n\t\t\t\t<\/div>","protected":false},"excerpt":{"rendered":"<p>Read More Vapeenjoy Age Policy: Ensuring Compliance and Responsible Vape Use At Vapeenjoy, we prioritize responsible vape use and strictly<\/p>","protected":false},"author":1,"featured_media":0,"parent":0,"menu_order":0,"comment_status":"closed","ping_status":"closed","template":"","meta":{"footnotes":""},"class_list":["post-1506","page","type-page","status-publish","hentry"],"yoast_head":"<!-- This site is optimized with the Yoast SEO plugin v25.7 - https:\/\/yoast.com\/wordpress\/plugins\/seo\/ -->\n<title>Age Policy - vapeenjoy Vape Age Restriction Policy - Legal Compliance<\/title>\n<meta name=\"description\" content=\"Learn about our vape age policy. We strictly adhere to legal age requirements to ensure compliance and safe shopping. Learn more now!\" \/>\n<meta name=\"robots\" content=\"index, follow, max-snippet:-1, max-image-preview:large, max-video-preview:-1\" \/>\n<link rel=\"canonical\" href=\"https:\/\/vapeenjoy.com\/da\/alderspolitik\/\" \/>\n<meta property=\"og:locale\" content=\"da_DK\" \/>\n<meta property=\"og:type\" content=\"article\" \/>\n<meta property=\"og:title\" content=\"Age Policy - vapeenjoy Vape Age Restriction Policy - Legal Compliance\" \/>\n<meta property=\"og:description\" content=\"Learn about our vape age policy. We strictly adhere to legal age requirements to ensure compliance and safe shopping. Learn more now!\" \/>\n<meta property=\"og:url\" content=\"https:\/\/vapeenjoy.com\/da\/alderspolitik\/\" \/>\n<meta property=\"og:site_name\" content=\"vapeenjoy\" \/>\n<meta property=\"article:modified_time\" content=\"2025-08-14T01:58:34+00:00\" \/>\n<meta name=\"twitter:card\" content=\"summary_large_image\" \/>\n<meta name=\"twitter:label1\" content=\"Estimeret l\u00e6setid\" \/>\n\t<meta name=\"twitter:data1\" content=\"1 minut\" \/>\n<script type=\"application\/ld+json\" class=\"yoast-schema-graph\">{\"@context\":\"https:\/\/schema.org\",\"@graph\":[{\"@type\":\"WebPage\",\"@id\":\"https:\/\/vapeenjoy.com\/age-policy\/\",\"url\":\"https:\/\/vapeenjoy.com\/age-policy\/\",\"name\":\"Age Policy - vapeenjoy Vape Age Restriction Policy - Legal Compliance\",\"isPartOf\":{\"@id\":\"https:\/\/vapeenjoy.com\/#website\"},\"datePublished\":\"2023-04-20T11:46:53+00:00\",\"dateModified\":\"2025-08-14T01:58:34+00:00\",\"description\":\"Learn about our vape age policy. We strictly adhere to legal age requirements to ensure compliance and safe shopping. Learn more now!\",\"breadcrumb\":{\"@id\":\"https:\/\/vapeenjoy.com\/age-policy\/#breadcrumb\"},\"inLanguage\":\"da-DK\",\"potentialAction\":[{\"@type\":\"ReadAction\",\"target\":[\"https:\/\/vapeenjoy.com\/age-policy\/\"]}]},{\"@type\":\"BreadcrumbList\",\"@id\":\"https:\/\/vapeenjoy.com\/age-policy\/#breadcrumb\",\"itemListElement\":[{\"@type\":\"ListItem\",\"position\":1,\"name\":\"Home\",\"item\":\"https:\/\/vapeenjoy.com\/\"},{\"@type\":\"ListItem\",\"position\":2,\"name\":\"Age Policy\"}]},{\"@type\":\"WebSite\",\"@id\":\"https:\/\/vapeenjoy.com\/#website\",\"url\":\"https:\/\/vapeenjoy.com\/\",\"name\":\"vapeenjoy\",\"description\":\"An online store for selling vapes\",\"potentialAction\":[{\"@type\":\"SearchAction\",\"target\":{\"@type\":\"EntryPoint\",\"urlTemplate\":\"https:\/\/vapeenjoy.com\/?s={search_term_string}\"},\"query-input\":{\"@type\":\"PropertyValueSpecification\",\"valueRequired\":true,\"valueName\":\"search_term_string\"}}],\"inLanguage\":\"da-DK\"}]}<\/script>\n<!-- \/ Yoast SEO plugin. -->","yoast_head_json":{"title":"Alderspolitik - Vapeenjoy Vape Age Restriction Policy - Lovlig overholdelse","description":"L\u00e6r om vores vape alderspolitik. Vi overholder n\u00f8je lovlige alderskrav for at sikre overholdelse og sikker shopping. L\u00e6r mere nu!","robots":{"index":"index","follow":"follow","max-snippet":"max-snippet:-1","max-image-preview":"max-image-preview:large","max-video-preview":"max-video-preview:-1"},"canonical":"https:\/\/vapeenjoy.com\/da\/alderspolitik\/","og_locale":"da_DK","og_type":"article","og_title":"Age Policy - vapeenjoy Vape Age Restriction Policy - Legal Compliance","og_description":"Learn about our vape age policy. We strictly adhere to legal age requirements to ensure compliance and safe shopping. Learn more now!","og_url":"https:\/\/vapeenjoy.com\/da\/alderspolitik\/","og_site_name":"vapeenjoy","article_modified_time":"2025-08-14T01:58:34+00:00","twitter_card":"summary_large_image","twitter_misc":{"Estimeret l\u00e6setid":"1 minut"},"schema":{"@context":"https:\/\/schema.org","@graph":[{"@type":"WebPage","@id":"https:\/\/vapeenjoy.com\/age-policy\/","url":"https:\/\/vapeenjoy.com\/age-policy\/","name":"Alderspolitik - Vapeenjoy Vape Age Restriction Policy - Lovlig overholdelse","isPartOf":{"@id":"https:\/\/vapeenjoy.com\/#website"},"datePublished":"2023-04-20T11:46:53+00:00","dateModified":"2025-08-14T01:58:34+00:00","description":"L\u00e6r om vores vape alderspolitik. Vi overholder n\u00f8je lovlige alderskrav for at sikre overholdelse og sikker shopping. L\u00e6r mere nu!","breadcrumb":{"@id":"https:\/\/vapeenjoy.com\/age-policy\/#breadcrumb"},"inLanguage":"da-DK","potentialAction":[{"@type":"ReadAction","target":["https:\/\/vapeenjoy.com\/age-policy\/"]}]},{"@type":"BreadcrumbList","@id":"https:\/\/vapeenjoy.com\/age-policy\/#breadcrumb","itemListElement":[{"@type":"ListItem","position":1,"name":"Home","item":"https:\/\/vapeenjoy.com\/"},{"@type":"ListItem","position":2,"name":"Age Policy"}]},{"@type":"WebSite","@id":"https:\/\/vapeenjoy.com\/#website","url":"https:\/\/vapeenjoy.com\/","name":"VapeenJoy","description":"en online butik til salg af dampe","potentialAction":[{"@type":"SearchAction","target":{"@type":"EntryPoint","urlTemplate":"https:\/\/vapeenjoy.com\/?s={search_term_string}"},"query-input":{"@type":"PropertyValueSpecification","valueRequired":true,"valueName":"search_term_string"}}],"inLanguage":"da-DK"}]}},"_links":{"self":[{"href":"https:\/\/vapeenjoy.com\/da\/wp-json\/wp\/v2\/pages\/1506","targetHints":{"allow":["GET"]}}],"collection":[{"href":"https:\/\/vapeenjoy.com\/da\/wp-json\/wp\/v2\/pages"}],"about":[{"href":"https:\/\/vapeenjoy.com\/da\/wp-json\/wp\/v2\/types\/page"}],"author":[{"embeddable":true,"href":"https:\/\/vapeenjoy.com\/da\/wp-json\/wp\/v2\/users\/1"}],"replies":[{"embeddable":true,"href":"https:\/\/vapeenjoy.com\/da\/wp-json\/wp\/v2\/comments?post=1506"}],"version-history":[{"count":12,"href":"https:\/\/vapeenjoy.com\/da\/wp-json\/wp\/v2\/pages\/1506\/revisions"}],"predecessor-version":[{"id":3139,"href":"https:\/\/vapeenjoy.com\/da\/wp-json\/wp\/v2\/pages\/1506\/revisions\/3139"}],"wp:attachment":[{"href":"https:\/\/vapeenjoy.com\/da\/wp-json\/wp\/v2\/media?parent=1506"}],"curies":[{"name":"wp","href":"https:\/\/api.w.org\/{rel}","templated":true}]}}