{"id":1507,"date":"2023-04-20T11:47:06","date_gmt":"2023-04-20T11:47:06","guid":{"rendered":"https:\/\/dummy.xtemos.com\/woodmart2\/furniture2-elementor\/?page_id=27"},"modified":"2025-08-26T08:27:29","modified_gmt":"2025-08-26T08:27:29","slug":"vapeenjoy-refunds-and-returns","status":"publish","type":"page","link":"https:\/\/vapeenjoy.com\/da\/vapeenjoy-refusioner-og-returneringer\/","title":{"rendered":"Vapeenjoy refusioner og returneringer"},"content":{"rendered":"<div data-elementor-type=\"wp-page\" data-elementor-id=\"1507\" class=\"elementor elementor-1507\">\n\t\t\t\t<div class=\"wd-negative-gap elementor-element elementor-element-f7c809e e-flex e-con-boxed e-con e-parent\" data-id=\"f7c809e\" data-element_type=\"container\">\n\t\t\t\t\t<div class=\"e-con-inner\">\n\t\t\t\t<div class=\"elementor-element elementor-element-6a9ceca color-scheme-inherit text-left elementor-widget elementor-widget-text-editor\" data-id=\"6a9ceca\" data-element_type=\"widget\" data-widget_type=\"text-editor.default\">\n\t\t\t\t\t\t\t\t\t<h2 dir=\"ltr\" data-pm-slice=\"1 1 []\">Vapeenjoy refusions- og returpolitik<\/h2><h2 dir=\"ltr\">returnering af varer<\/h2><p dir=\"ltr\">Du kan returnere u\u00e5bnede, ubrugte og ubeskadigede produkter inden for 7 dage efter modtagelsen. N\u00e5r vi har inspiceret din returnering, udsteder vi omg\u00e5ende en refusion til din oprindelige betalingsmetode. Forvent 3-5 hverdage til behandling, n\u00e5r vi modtager din vare. For hj\u00e6lp, kontakt os p\u00e5 info@vapeenjoy.com. Vi leverer en forsendelsesetiket til din returnering; dog kan forsendelsesomkostninger, som varierer efter vores sk\u00f8n, reducere dit refusionsbel\u00f8b.<\/p><p dir=\"ltr\"><strong>pengeseddel<\/strong>: \u00c5bnede e-v\u00e6sker eller dem med en kn\u00e6kket forsegling kan ikke returneres.<\/p><h2 dir=\"ltr\">Produktgaranti<\/h2><p dir=\"ltr\">P\u00e5 grund af hygiejne og sikkerhedsproblemer accepterer vi ikke returnering af brugte produkter. I stedet sikrer vi, at alle produkter opfylder strenge kvalitetsstandarder inden forsendelse.<\/p><h2 dir=\"ltr\">Udstyrsgaranti<\/h2><p dir=\"ltr\">Vores 7-dages garanti starter ved levering. Efter denne periode, direkte garantikrav til producenten. Denne garanti udelukker slitage, misbrug, utilsigtet skade, ut\u00e6theder eller eksterne komponenter. Du kan v\u00e6lge en engangsbytte eller en refusion til din oprindelige betalingsmetode.<\/p><h2 dir=\"ltr\">engangsprodukter<\/h2><p dir=\"ltr\">Vi vurderer garantier for engangs vape fra sag til sag. For defekte engangsartikler, send en e-mail til info@vapeenjoy.com, og vi refunderer via den originale betalingsmetode. Vi tilbyder ikke ombytninger eller erstatninger for engangsvape.<\/p><h3 dir=\"ltr\">D\u00e6kkede sp\u00f8rgsm\u00e5l<\/h3><ul class=\"tight\" dir=\"ltr\" data-tight=\"true\"><li><p dir=\"ltr\">D\u00f8d ved ankomst<\/p><\/li><li><p dir=\"ltr\">Automatisk affyring<\/p><\/li><li><p dir=\"ltr\">l\u00e6kager ved ankomst<\/p><\/li><\/ul><h3 dir=\"ltr\">Ikke-d\u00e6kkede problemer<\/h3><ul class=\"tight\" dir=\"ltr\" data-tight=\"true\"><li><p dir=\"ltr\">Smagspr\u00e6ferencer<\/p><\/li><li><p dir=\"ltr\">E-cigaret levetid<\/p><\/li><\/ul><h3 dir=\"ltr\">Ikke-d\u00e6kkede varer<\/h3><ul class=\"tight\" dir=\"ltr\" data-tight=\"true\"><li><p dir=\"ltr\">spoler<\/p><\/li><li><p dir=\"ltr\">pods<\/p><\/li><li><p dir=\"ltr\">glas<\/p><\/li><li><p dir=\"ltr\">vandtanke<\/p><\/li><li><p dir=\"ltr\">forst\u00f8ver<\/p><\/li><li><p dir=\"ltr\">e-v\u00e6sker<\/p><\/li><\/ul><h2 dir=\"ltr\">Defekte produkter<\/h2><p dir=\"ltr\">Inden for 14 dage efter k\u00f8bet kan du bytte defekte produkter. Du d\u00e6kker forsendelsesomkostninger for returnering af defekte varer, medmindre produktet ankommer beskadiget.<\/p><h2 dir=\"ltr\">Tabte eller beskadigede genstande<\/h2><p dir=\"ltr\">Anmeld manglende eller beskadigede genstande inden for 48 timer efter modtagelsen. Glasartikler og tilbeh\u00f8r kvalificerer kun til garanti, hvis de er \u00f8delagte ved ankomsten.<\/p><h2 dir=\"ltr\">Ordreannullering<\/h2><p dir=\"ltr\">For at annullere en ordre, send en e-mail til info@vapeenjoy.com med \"Annulleringsanmodning: ordrenummer\" i emnelinjen. Efter forsendelse kan du ikke annullere, men kan afvise pakken eller returnere den for at f\u00e5 refunderet pengene. Vi udsteder refusion via den oprindelige betalingsmetode eller giver en kreditnota, hvis det er n\u00f8dvendigt.<\/p><h2 dir=\"ltr\">Tabte eller stj\u00e5lne pakker<\/h2><p dir=\"ltr\">N\u00e5r leveringen er bekr\u00e6ftet, er Vapeenjoy ikke ansvarlig for tabte eller stj\u00e5lne pakker. indgive krav direkte til transport\u00f8ren.<\/p>\t\t\t\t\t\t\t\t<\/div>\n\t\t\t\t\t<\/div>\n\t\t\t\t<\/div>\n\t\t<div class=\"wd-negative-gap elementor-element elementor-element-3feb352 e-flex e-con-boxed e-con e-parent\" data-id=\"3feb352\" data-element_type=\"container\">\n\t\t\t\t\t<div class=\"e-con-inner\">\n\t\t\t\t<div class=\"elementor-element elementor-element-37c17ae elementor-widget elementor-widget-wd_image_or_svg\" data-id=\"37c17ae\" data-element_type=\"widget\" data-widget_type=\"wd_image_or_svg.default\">\n\t\t\t\t<div class=\"elementor-widget-container\">\n\t\t\t\t\t\n\t\t<div class=\"wd-image text-left\">\n\t\t\t\t\t\t\t\t<img fetchpriority=\"high\" decoding=\"async\" width=\"1300\" height=\"600\" src=\"https:\/\/vapeenjoy.com\/wp-content\/uploads\/2025\/08\/Refunds-and-Returns.png\" class=\"attachment-full size-full\" alt=\"Vapeenjoy refusioner og returneringer\" srcset=\"https:\/\/vapeenjoy.com\/wp-content\/uploads\/2025\/08\/Refunds-and-Returns.png 1300w, https:\/\/vapeenjoy.com\/wp-content\/uploads\/2025\/08\/Refunds-and-Returns-300x138.png 300w, https:\/\/vapeenjoy.com\/wp-content\/uploads\/2025\/08\/Refunds-and-Returns-1024x473.png 1024w, https:\/\/vapeenjoy.com\/wp-content\/uploads\/2025\/08\/Refunds-and-Returns-768x354.png 768w, https:\/\/vapeenjoy.com\/wp-content\/uploads\/2025\/08\/Refunds-and-Returns-1200x554.png 1200w, https:\/\/vapeenjoy.com\/wp-content\/uploads\/2025\/08\/Refunds-and-Returns-150x69.png 150w\" sizes=\"(max-width: 1300px) 100vw, 1300px\" \/>\t\t\t\t\t<\/div>\n\n\t\t\t\t\t\t<\/div>\n\t\t\t\t<\/div>\n\t\t\t\t\t<\/div>\n\t\t\t\t<\/div>\n\t\t\t\t<\/div>","protected":false},"excerpt":{"rendered":"<p>Vapeenjoy Refunds and Returns Policy Return of Goods You can return unopened, unused, and undamaged products within 7 days of<\/p>","protected":false},"author":1,"featured_media":0,"parent":0,"menu_order":0,"comment_status":"closed","ping_status":"closed","template":"","meta":{"footnotes":""},"class_list":["post-1507","page","type-page","status-publish","hentry"],"yoast_head":"<!-- This site is optimized with the Yoast SEO plugin v25.7 - https:\/\/yoast.com\/wordpress\/plugins\/seo\/ -->\n<title>Vapeenjoy Returns and Refunds - Easy Process, Quick Resolutions<\/title>\n<meta name=\"description\" content=\"Vapeenjoy Returns &amp; Refunds: Enjoy a simple process with quick resolutions. Shop vape products confidently!\" \/>\n<meta name=\"robots\" content=\"index, follow, max-snippet:-1, max-image-preview:large, max-video-preview:-1\" \/>\n<link rel=\"canonical\" href=\"https:\/\/vapeenjoy.com\/da\/vapeenjoy-refusioner-og-returneringer\/\" \/>\n<meta property=\"og:locale\" content=\"da_DK\" \/>\n<meta property=\"og:type\" content=\"article\" \/>\n<meta property=\"og:title\" content=\"Vapeenjoy Returns and Refunds - Easy Process, Quick Resolutions\" \/>\n<meta property=\"og:description\" content=\"Vapeenjoy Returns &amp; Refunds: Enjoy a simple process with quick resolutions. Shop vape products confidently!\" \/>\n<meta property=\"og:url\" content=\"https:\/\/vapeenjoy.com\/da\/vapeenjoy-refusioner-og-returneringer\/\" \/>\n<meta property=\"og:site_name\" content=\"vapeenjoy\" \/>\n<meta property=\"article:modified_time\" content=\"2025-08-26T08:27:29+00:00\" \/>\n<meta property=\"og:image\" content=\"https:\/\/vapeenjoy.com\/wp-content\/uploads\/2025\/08\/Refunds-and-Returns.png\" \/>\n<meta name=\"twitter:card\" content=\"summary_large_image\" \/>\n<meta name=\"twitter:label1\" content=\"Estimeret l\u00e6setid\" \/>\n\t<meta name=\"twitter:data1\" content=\"2 minutter\" \/>\n<script type=\"application\/ld+json\" class=\"yoast-schema-graph\">{\"@context\":\"https:\/\/schema.org\",\"@graph\":[{\"@type\":\"WebPage\",\"@id\":\"https:\/\/vapeenjoy.com\/vapeenjoy-refunds-and-returns\/\",\"url\":\"https:\/\/vapeenjoy.com\/vapeenjoy-refunds-and-returns\/\",\"name\":\"Vapeenjoy Returns and Refunds - Easy Process, Quick Resolutions\",\"isPartOf\":{\"@id\":\"https:\/\/vapeenjoy.com\/#website\"},\"primaryImageOfPage\":{\"@id\":\"https:\/\/vapeenjoy.com\/vapeenjoy-refunds-and-returns\/#primaryimage\"},\"image\":{\"@id\":\"https:\/\/vapeenjoy.com\/vapeenjoy-refunds-and-returns\/#primaryimage\"},\"thumbnailUrl\":\"https:\/\/vapeenjoy.com\/wp-content\/uploads\/2025\/08\/Refunds-and-Returns.png\",\"datePublished\":\"2023-04-20T11:47:06+00:00\",\"dateModified\":\"2025-08-26T08:27:29+00:00\",\"description\":\"Vapeenjoy Returns & Refunds: Enjoy a simple process with quick resolutions. Shop vape products confidently!\",\"breadcrumb\":{\"@id\":\"https:\/\/vapeenjoy.com\/vapeenjoy-refunds-and-returns\/#breadcrumb\"},\"inLanguage\":\"da-DK\",\"potentialAction\":[{\"@type\":\"ReadAction\",\"target\":[\"https:\/\/vapeenjoy.com\/vapeenjoy-refunds-and-returns\/\"]}]},{\"@type\":\"ImageObject\",\"inLanguage\":\"da-DK\",\"@id\":\"https:\/\/vapeenjoy.com\/vapeenjoy-refunds-and-returns\/#primaryimage\",\"url\":\"https:\/\/vapeenjoy.com\/wp-content\/uploads\/2025\/08\/Refunds-and-Returns.png\",\"contentUrl\":\"https:\/\/vapeenjoy.com\/wp-content\/uploads\/2025\/08\/Refunds-and-Returns.png\"},{\"@type\":\"BreadcrumbList\",\"@id\":\"https:\/\/vapeenjoy.com\/vapeenjoy-refunds-and-returns\/#breadcrumb\",\"itemListElement\":[{\"@type\":\"ListItem\",\"position\":1,\"name\":\"Home\",\"item\":\"https:\/\/vapeenjoy.com\/\"},{\"@type\":\"ListItem\",\"position\":2,\"name\":\"Vapeenjoy Refunds and Returns\"}]},{\"@type\":\"WebSite\",\"@id\":\"https:\/\/vapeenjoy.com\/#website\",\"url\":\"https:\/\/vapeenjoy.com\/\",\"name\":\"vapeenjoy\",\"description\":\"An online store for selling vapes\",\"potentialAction\":[{\"@type\":\"SearchAction\",\"target\":{\"@type\":\"EntryPoint\",\"urlTemplate\":\"https:\/\/vapeenjoy.com\/?s={search_term_string}\"},\"query-input\":{\"@type\":\"PropertyValueSpecification\",\"valueRequired\":true,\"valueName\":\"search_term_string\"}}],\"inLanguage\":\"da-DK\"}]}<\/script>\n<!-- \/ Yoast SEO plugin. -->","yoast_head_json":{"title":"Vapeenjoy returneringer og refusioner - nem proces, hurtige l\u00f8sninger","description":"Vapeenjoy Returnering og refusion: Nyd en simpel proces med hurtige l\u00f8sninger. Shop vape-produkter med sikkerhed!","robots":{"index":"index","follow":"follow","max-snippet":"max-snippet:-1","max-image-preview":"max-image-preview:large","max-video-preview":"max-video-preview:-1"},"canonical":"https:\/\/vapeenjoy.com\/da\/vapeenjoy-refusioner-og-returneringer\/","og_locale":"da_DK","og_type":"article","og_title":"Vapeenjoy Returns and Refunds - Easy Process, Quick Resolutions","og_description":"Vapeenjoy Returns & Refunds: Enjoy a simple process with quick resolutions. Shop vape products confidently!","og_url":"https:\/\/vapeenjoy.com\/da\/vapeenjoy-refusioner-og-returneringer\/","og_site_name":"vapeenjoy","article_modified_time":"2025-08-26T08:27:29+00:00","og_image":[{"url":"https:\/\/vapeenjoy.com\/wp-content\/uploads\/2025\/08\/Refunds-and-Returns.png","type":"","width":"","height":""}],"twitter_card":"summary_large_image","twitter_misc":{"Estimeret l\u00e6setid":"2 minutter"},"schema":{"@context":"https:\/\/schema.org","@graph":[{"@type":"WebPage","@id":"https:\/\/vapeenjoy.com\/vapeenjoy-refunds-and-returns\/","url":"https:\/\/vapeenjoy.com\/vapeenjoy-refunds-and-returns\/","name":"Vapeenjoy returneringer og refusioner - nem proces, hurtige l\u00f8sninger","isPartOf":{"@id":"https:\/\/vapeenjoy.com\/#website"},"primaryImageOfPage":{"@id":"https:\/\/vapeenjoy.com\/vapeenjoy-refunds-and-returns\/#primaryimage"},"image":{"@id":"https:\/\/vapeenjoy.com\/vapeenjoy-refunds-and-returns\/#primaryimage"},"thumbnailUrl":"https:\/\/vapeenjoy.com\/wp-content\/uploads\/2025\/08\/Refunds-and-Returns.png","datePublished":"2023-04-20T11:47:06+00:00","dateModified":"2025-08-26T08:27:29+00:00","description":"Vapeenjoy Returnering og refusion: Nyd en simpel proces med hurtige l\u00f8sninger. Shop vape-produkter med sikkerhed!","breadcrumb":{"@id":"https:\/\/vapeenjoy.com\/vapeenjoy-refunds-and-returns\/#breadcrumb"},"inLanguage":"da-DK","potentialAction":[{"@type":"ReadAction","target":["https:\/\/vapeenjoy.com\/vapeenjoy-refunds-and-returns\/"]}]},{"@type":"ImageObject","inLanguage":"da-DK","@id":"https:\/\/vapeenjoy.com\/vapeenjoy-refunds-and-returns\/#primaryimage","url":"https:\/\/vapeenjoy.com\/wp-content\/uploads\/2025\/08\/Refunds-and-Returns.png","contentUrl":"https:\/\/vapeenjoy.com\/wp-content\/uploads\/2025\/08\/Refunds-and-Returns.png"},{"@type":"BreadcrumbList","@id":"https:\/\/vapeenjoy.com\/vapeenjoy-refunds-and-returns\/#breadcrumb","itemListElement":[{"@type":"ListItem","position":1,"name":"Home","item":"https:\/\/vapeenjoy.com\/"},{"@type":"ListItem","position":2,"name":"Vapeenjoy Refunds and Returns"}]},{"@type":"WebSite","@id":"https:\/\/vapeenjoy.com\/#website","url":"https:\/\/vapeenjoy.com\/","name":"VapeenJoy","description":"en online butik til salg af dampe","potentialAction":[{"@type":"SearchAction","target":{"@type":"EntryPoint","urlTemplate":"https:\/\/vapeenjoy.com\/?s={search_term_string}"},"query-input":{"@type":"PropertyValueSpecification","valueRequired":true,"valueName":"search_term_string"}}],"inLanguage":"da-DK"}]}},"_links":{"self":[{"href":"https:\/\/vapeenjoy.com\/da\/wp-json\/wp\/v2\/pages\/1507","targetHints":{"allow":["GET"]}}],"collection":[{"href":"https:\/\/vapeenjoy.com\/da\/wp-json\/wp\/v2\/pages"}],"about":[{"href":"https:\/\/vapeenjoy.com\/da\/wp-json\/wp\/v2\/types\/page"}],"author":[{"embeddable":true,"href":"https:\/\/vapeenjoy.com\/da\/wp-json\/wp\/v2\/users\/1"}],"replies":[{"embeddable":true,"href":"https:\/\/vapeenjoy.com\/da\/wp-json\/wp\/v2\/comments?post=1507"}],"version-history":[{"count":23,"href":"https:\/\/vapeenjoy.com\/da\/wp-json\/wp\/v2\/pages\/1507\/revisions"}],"predecessor-version":[{"id":2619,"href":"https:\/\/vapeenjoy.com\/da\/wp-json\/wp\/v2\/pages\/1507\/revisions\/2619"}],"wp:attachment":[{"href":"https:\/\/vapeenjoy.com\/da\/wp-json\/wp\/v2\/media?parent=1507"}],"curies":[{"name":"wp","href":"https:\/\/api.w.org\/{rel}","templated":true}]}}