{"id":1508,"date":"2023-04-20T11:47:20","date_gmt":"2023-04-20T11:47:20","guid":{"rendered":"https:\/\/dummy.xtemos.com\/woodmart2\/furniture2-elementor\/?page_id=29"},"modified":"2025-08-22T09:55:42","modified_gmt":"2025-08-22T09:55:42","slug":"contact-us","status":"publish","type":"page","link":"https:\/\/vapeenjoy.com\/da\/kontakt-os\/","title":{"rendered":"Kontakt os"},"content":{"rendered":"<div data-elementor-type=\"wp-page\" data-elementor-id=\"1508\" class=\"elementor elementor-1508\">\n\t\t\t\t<div class=\"wd-negative-gap elementor-element elementor-element-182218e e-flex e-con-boxed e-con e-parent\" data-id=\"182218e\" data-element_type=\"container\">\n\t\t\t\t\t<div class=\"e-con-inner\">\n\t\t<div class=\"elementor-element elementor-element-c282c84 e-con-full e-flex e-con e-child\" data-id=\"c282c84\" data-element_type=\"container\">\n\t\t\t\t<div class=\"elementor-element elementor-element-6d1e810 wd-width-100 elementor-widget elementor-widget-wd_title\" data-id=\"6d1e810\" data-element_type=\"widget\" data-widget_type=\"wd_title.default\">\n\t\t\t\t<div class=\"elementor-widget-container\">\n\t\t\t\t\t\t\t<div class=\"title-wrapper wd-set-mb reset-last-child wd-title-color-default wd-title-style-default wd-title-size-large text-left\">\n\n\t\t\t\n\t\t\t<div class=\"liner-continer\">\n\t\t\t\t<h4 class=\"woodmart-title-container title wd-fontsize-xxl\">Vapeenjoy kontakt med en ekspert<\/h4> \n\t\t\t\t\t\t\t<\/div>\n\n\t\t\t\t\t<\/div>\n\t\t\t\t\t\t<\/div>\n\t\t\t\t<\/div>\n\t\t\t\t<div class=\"elementor-element elementor-element-74e77af wd-cf7 elementor-widget elementor-widget-wd_contact_form_7\" data-id=\"74e77af\" data-element_type=\"widget\" data-widget_type=\"wd_contact_form_7.default\">\n\t\t\t\t<div class=\"elementor-widget-container\">\n\t\t\t\t\t\n<div class=\"wpcf7 no-js\" id=\"wpcf7-f1503-o1\" lang=\"en-US\" dir=\"ltr\" data-wpcf7-id=\"1503\">\n<div class=\"screen-reader-response\"><p role=\"status\" aria-live=\"polite\" aria-atomic=\"true\"><\/p> <ul><\/ul><\/div>\n<form action=\"\/da\/wp-json\/wp\/v2\/pages\/1508#wpcf7-f1503-o1\" method=\"post\" class=\"wpcf7-form init\" aria-label=\"Contact form\" novalidate=\"novalidate\" data-status=\"init\" data-trp-original-action=\"\/da\/wp-json\/wp\/v2\/pages\/1508#wpcf7-f1503-o1\">\n<fieldset class=\"hidden-fields-container\"><input type=\"hidden\" name=\"_wpcf7\" value=\"1503\" \/><input type=\"hidden\" name=\"_wpcf7_version\" value=\"6.1.1\" \/><input type=\"hidden\" name=\"_wpcf7_locale\" value=\"en_US\" \/><input type=\"hidden\" name=\"_wpcf7_unit_tag\" value=\"wpcf7-f1503-o1\" \/><input type=\"hidden\" name=\"_wpcf7_container_post\" value=\"0\" \/><input type=\"hidden\" name=\"_wpcf7_posted_data_hash\" value=\"\" \/>\n<\/fieldset>\n<div class=\"wd-grid-g\">\n\t<p class=\"wd-col\"><span class=\"wpcf7-form-control-wrap\" data-name=\"Name\"><input size=\"40\" maxlength=\"400\" class=\"wpcf7-form-control wpcf7-text wpcf7-validates-as-required\" aria-required=\"true\" aria-invalid=\"false\" placeholder=\"ry\" value=\"\" type=\"text\" name=\"Name\" \/><\/span>\n\t<\/p>\n\t<p class=\"wd-col\"><span class=\"wpcf7-form-control-wrap\" data-name=\"Email\"><input size=\"40\" maxlength=\"400\" class=\"wpcf7-form-control wpcf7-text wpcf7-validates-as-required\" aria-required=\"true\" aria-invalid=\"false\" placeholder=\"e-mail\" value=\"\" type=\"text\" name=\"Email\" \/><\/span>\n\t<\/p>\n\t<p class=\"wd-col\"><span class=\"wpcf7-form-control-wrap\" data-name=\"your-message\"><textarea cols=\"40\" rows=\"10\" maxlength=\"2000\" class=\"wpcf7-form-control wpcf7-textarea\" aria-invalid=\"false\" placeholder=\"Dit budskab\" name=\"your-message\"><\/textarea><\/span>\n\t<\/p>\n\t<p class=\"wd-col\"><input class=\"wpcf7-form-control wpcf7-submit has-spinner btn btn-color-primary\" type=\"submit\" value=\"Send besked\" \/>\n\t<\/p>\n<\/div><div class=\"wpcf7-response-output\" aria-hidden=\"true\"><\/div>\n<input type=\"hidden\" name=\"trp-form-language\" value=\"da\"\/><\/form>\n<\/div>\n\t\t\t\t<\/div>\n\t\t\t\t<\/div>\n\t\t\t\t<\/div>\n\t\t<div class=\"elementor-element elementor-element-6b3eeb6 e-con-full e-flex e-con e-child\" data-id=\"6b3eeb6\" data-element_type=\"container\">\n\t\t\t\t<div class=\"elementor-element elementor-element-88fb751 wd-width-100 elementor-widget elementor-widget-wd_title\" data-id=\"88fb751\" data-element_type=\"widget\" data-widget_type=\"wd_title.default\">\n\t\t\t\t<div class=\"elementor-widget-container\">\n\t\t\t\t\t\t\t<div class=\"title-wrapper wd-set-mb reset-last-child wd-title-color-default wd-title-style-default wd-title-size-large text-left\">\n\n\t\t\t\n\t\t\t<div class=\"liner-continer\">\n\t\t\t\t<h4 class=\"woodmart-title-container title wd-fontsize-xxl\">Ofte stillede sp\u00f8rgsm\u00e5l<\/h4> \n\t\t\t\t\t\t\t<\/div>\n\n\t\t\t\t\t<\/div>\n\t\t\t\t\t\t<\/div>\n\t\t\t\t<\/div>\n\t\t\t\t<div class=\"elementor-element elementor-element-ca5a946 elementor-widget elementor-widget-wd_accordion\" data-id=\"ca5a946\" data-element_type=\"widget\" data-widget_type=\"wd_accordion.default\">\n\t\t\t\t<div class=\"elementor-widget-container\">\n\t\t\t\t\t\n\t\t<div class=\"wd-accordion wd-style-default wd-border-off wd-titles-left wd-opener-pos-right wd-opener-style-arrow\" data-state=\"all_closed\">\n\t\t\t\t\t\t\t\n\t\t\t\t<div class=\"wd-accordion-item\">\n\t\t\t\t\t<div class=\"wd-accordion-title\" data-accordion-index=\"0\">\n\t\t\t\t\t\t<div class=\"wd-accordion-title-text\">\n\t\t\t\t\t\t\t\t\t\t\t\t\t\t<span>\n\t\t\t\t\t\t\t\tMin ordre er ikke ankommet endnu. Hvor er det?\t\t\t\t\t\t\t<\/span>\n\t\t\t\t\t\t<\/div>\n\t\t\t\t\t\t<span class=\"wd-accordion-opener\"><\/span>\n\t\t\t\t\t<\/div>\n\n\t\t\t\t\t<div class=\"wd-accordion-content wd-entry-content\" data-accordion-index=\"0\">\n\t\t\t\t\t\t\t\t\t\t\t\t\t\n\t\t\t\t\t\t\t<p>Hvis du vil vide, hvor din ordre er, s\u00e5 kontakt os og send os dit ordrenummer. Vi vil give dig logistiksporingsnummeret og l\u00e6re dig, hvordan du tjekker det.<\/p>\n\t\t\t\t\t\t\t\t\t\t\t\t\t\t\t\t\t\t<\/div>\n\t\t\t\t<\/div>\n\t\t\t\t\t\t\t\n\t\t\t\t<div class=\"wd-accordion-item\">\n\t\t\t\t\t<div class=\"wd-accordion-title\" data-accordion-index=\"1\">\n\t\t\t\t\t\t<div class=\"wd-accordion-title-text\">\n\t\t\t\t\t\t\t\t\t\t\t\t\t\t<span>\n\t\t\t\t\t\t\t\tHvad er den omtrentlige leveringstid?\t\t\t\t\t\t\t<\/span>\n\t\t\t\t\t\t<\/div>\n\t\t\t\t\t\t<span class=\"wd-accordion-opener\"><\/span>\n\t\t\t\t\t<\/div>\n\n\t\t\t\t\t<div class=\"wd-accordion-content wd-entry-content\" data-accordion-index=\"1\">\n\t\t\t\t\t\t\t\t\t\t\t\t\t\n\t\t\t\t\t\t\t<p>Vi sender inden for tre hverdage, og transittiden er 7-15 hverdage, afh\u00e6ngig af produktet.<\/p>\n\t\t\t\t\t\t\t\t\t\t\t\t\t\t\t\t\t\t<\/div>\n\t\t\t\t<\/div>\n\t\t\t\t\t\t\t\n\t\t\t\t<div class=\"wd-accordion-item\">\n\t\t\t\t\t<div class=\"wd-accordion-title\" data-accordion-index=\"2\">\n\t\t\t\t\t\t<div class=\"wd-accordion-title-text\">\n\t\t\t\t\t\t\t\t\t\t\t\t\t\t<span>\n\t\t\t\t\t\t\t\tHvad er forsendelsesbetingelserne?\t\t\t\t\t\t\t<\/span>\n\t\t\t\t\t\t<\/div>\n\t\t\t\t\t\t<span class=\"wd-accordion-opener\"><\/span>\n\t\t\t\t\t<\/div>\n\n\t\t\t\t\t<div class=\"wd-accordion-content wd-entry-content\" data-accordion-index=\"2\">\n\t\t\t\t\t\t\t\t\t\t\t\t\t\n\t\t\t\t\t\t\t<div class=\"T4LgNb\"><div class=\"ToWKne\"><div class=\"OlSOob\"><div class=\"ccvoYb\"><div class=\"zXU7Rb\"><div class=\"akczyd\"><div class=\"X4DQ0 zWsGpc\"><div class=\"vLsFwd bX0Okd\"><h2 dir=\"auto\">Forsendelsesoplysninger<\/h2><h3 dir=\"auto\">Gratis og DDP forsendelsesmuligheder<\/h3><p dir=\"auto\">Vapeenjoy tilbyder gratis forsendelse for ordrer i USA og Australien. Derudover leverer vi for udvalgte lande forsendelse af leveringsafgift (DDP). Det betyder, at vi varetager toldbehandling og told, s\u00e5 du ikke beh\u00f8ver at bekymre dig om ekstra gebyrer ved levering.<\/p><h3 dir=\"auto\">Tilg\u00e6ngelige forsendelsesmetoder efter region<\/h3><p dir=\"auto\">Vi samarbejder med betroede transport\u00f8rer for at sikre p\u00e5lidelig levering. Her er en oversigt over vores forsendelsesmetoder:<\/p><ul dir=\"auto\"><li><strong>USA<\/strong>: UPS Express (eksklusive Alaska og Hawaii)<\/li><li><strong>Storbritannien<\/strong>: Lokal DPD Express<\/li><li><strong>Europa<\/strong>: UPS Express, DPD Express eller DHL Express<\/li><li><strong>Andre regioner<\/strong>:<br \/><ul dir=\"auto\"><li>De Forenede Arabiske Emirater (kun Dubai): dedikeret linje<\/li><li>Sydafrika: dedikeret linje<\/li><li>Vietnam: dedikeret linje<\/li><li>West Malaysia (undtagen Kalimantan Island): dedikeret linje<\/li><\/ul><\/li><\/ul><h3 dir=\"auto\">DDP-berettigede europ\u00e6iske lande<\/h3><p dir=\"auto\">For en problemfri oplevelse tilbyder vi DDP-forsendelse til f\u00f8lgende europ\u00e6iske lande: Tyskland, Belgien, Luxembourg, Holland, Tjekkiet, Polen, Kroatien, Slovakiet, Slovenien, Finland, Danmark, Sverige, \u00d8strig, Frankrig, Italien, Ungarn, Bulgarien, Litauen, Estland, Letland, Portug, Gr\u00e6kenland, Portug. I mellemtiden bliver forsendelser til disse lande (undtagen Storbritannien) fortoldet gennem toldv\u00e6senet i Tyskland, f\u00f8r de sendes til deres endelige destinationer.<\/p><h3 dir=\"auto\">Forsendelsestider efter land<\/h3><p dir=\"auto\">For at hj\u00e6lpe dig med at planl\u00e6gge, her er de estimerede leveringstider for hver region:<\/p><ul dir=\"auto\"><li><strong>USA<\/strong>: Lokal UPS Ground, 10-15 dage<\/li><li><strong>Storbritannien<\/strong>: Lokal DPD Express, 7-12 dage<\/li><li><strong>Tyskland<\/strong>: UPS\/DPD\/DHL Tyskland, 8\u201315 dage<\/li><li><strong>Frankrig, Belgien, Luxembourg, Holland, Tjekkiet, Polen, Kroatien, Slovakiet, Slovenien, Finland, Danmark, Sverige, \u00d8strig, Italien, Ungarn, Bulgarien, Litauen, Estland, Letland, Gr\u00e6kenland, Irland, Portugal, Spanien<\/strong>: UPS\/DPD\/DHL Tyskland, 10\u201315 dage<\/li><li><strong>De Forenede Arabiske Emirater (kun Dubai)<\/strong>: dedikeret linje, 12-18 dage<\/li><li><strong>Sydafrika<\/strong>: dedikeret linje, 15-25 dage<\/li><li><strong>vietnav<\/strong>: dedikeret linje, 3-5 dage<\/li><li><strong>Vest Malaysia<\/strong>: dedikeret linje, 4-8 dage<\/li><\/ul><h3 dir=\"auto\">Forsendelse til andre lande<\/h3><p dir=\"auto\">For lande, der ikke er n\u00e6vnt ovenfor, kr\u00e6ves fortoldning og betaling af told ved ankomst til pakken. Desuden anbefaler vi at kontakte din lokale toldmyndighed for specifikke skatteoplysninger. I nogle tilf\u00e6lde kan der ogs\u00e5 kr\u00e6ves en virksomhedslicens.<\/p><hr \/><h3 dir=\"auto\">Noter om \u00e6ndringer<\/h3><ul dir=\"auto\"><li><strong>Underoverskrifter<\/strong>: Tilf\u00f8jede underoverskrifter (f.eks. \"Free og DDP-forsendelsesmuligheder\", \"Tilg\u00e6ngelige forsendelsesmetoder efter region\") for at dele teksten op i mindre, ford\u00f8jelige sektioner, der behandler sp\u00f8rgsm\u00e5let om et afsnit, der overstiger 300 ord.<\/li><li><strong>Overgangsord<\/strong>: inkorporerede overgangsord som \"Yderligere\", \"Yderligere\", \"I mellemtiden\" og \"Ogs\u00e5\" for at \u00f8ge deres brug ud over 17.1%, hvilket forbedrer s\u00e6tningsflowet.<\/li><li><strong>klarhed<\/strong>: Vedligeholdt den oprindelige struktur af forsendelsesmetoder og -tider, mens den forbedrede l\u00e6sbarheden med kortfattede fraseringer og organiserede lister.<\/li><\/ul><p dir=\"auto\">Hvis du har brug for yderligere justeringer eller yderligere SEO-elementer (f.eks. titel, metabeskrivelse), s\u00e5 lad mig det vide!<\/p><\/div><\/div><\/div><\/div><\/div><\/div><\/div><\/div>\n\t\t\t\t\t\t\t\t\t\t\t\t\t\t\t\t\t\t<\/div>\n\t\t\t\t<\/div>\n\t\t\t\t\t\t\t\n\t\t\t\t<div class=\"wd-accordion-item\">\n\t\t\t\t\t<div class=\"wd-accordion-title\" data-accordion-index=\"3\">\n\t\t\t\t\t\t<div class=\"wd-accordion-title-text\">\n\t\t\t\t\t\t\t\t\t\t\t\t\t\t<span>\n\t\t\t\t\t\t\t\tHvordan annullerer eller \u00e6ndrer jeg min ordre?\t\t\t\t\t\t\t<\/span>\n\t\t\t\t\t\t<\/div>\n\t\t\t\t\t\t<span class=\"wd-accordion-opener\"><\/span>\n\t\t\t\t\t<\/div>\n\n\t\t\t\t\t<div class=\"wd-accordion-content wd-entry-content\" data-accordion-index=\"3\">\n\t\t\t\t\t\t\t\t\t\t\t\t\t\n\t\t\t\t\t\t\t<p>Du kan \u00e6ndre din ordre indtil kl. 23:00 PDT - 07:00 GMT den dag, den blev afgivet. For at foretage \u00e6ndringer, kontakt os venligst p\u00e5 [e-mailadresse mangler]. Hvis du har sp\u00f8rgsm\u00e5l eller har brug for hj\u00e6lp, kan du ogs\u00e5 kontakte os via e-mail eller WhatsApp, og vi svarer hurtigt.<\/p>\n\t\t\t\t\t\t\t\t\t\t\t\t\t\t\t\t\t\t<\/div>\n\t\t\t\t<\/div>\n\t\t\t\t\t\t\t\n\t\t\t\t<div class=\"wd-accordion-item\">\n\t\t\t\t\t<div class=\"wd-accordion-title\" data-accordion-index=\"4\">\n\t\t\t\t\t\t<div class=\"wd-accordion-title-text\">\n\t\t\t\t\t\t\t\t\t\t\t\t\t\t<span>\n\t\t\t\t\t\t\t\tHvor lang tid tager det at modtage en refusion?\t\t\t\t\t\t\t<\/span>\n\t\t\t\t\t\t<\/div>\n\t\t\t\t\t\t<span class=\"wd-accordion-opener\"><\/span>\n\t\t\t\t\t<\/div>\n\n\t\t\t\t\t<div class=\"wd-accordion-content wd-entry-content\" data-accordion-index=\"4\">\n\t\t\t\t\t\t\t\t\t\t\t\t\t\n\t\t\t\t\t\t\t<p>Opbevaringstiden er 1 til 5 dage, mens leveringstiden normalt er mellem 7 og 15 dage, afh\u00e6ngigt af produktet.<\/p>\n\t\t\t\t\t\t\t\t\t\t\t\t\t\t\t\t\t\t<\/div>\n\t\t\t\t<\/div>\n\t\t\t\t\t<\/div>\n\t\t\t\t\t\t<\/div>\n\t\t\t\t<\/div>\n\t\t\t\t<\/div>\n\t\t\t\t\t<\/div>\n\t\t\t\t<\/div>\n\t\t<div class=\"elementor-element elementor-element-7c0dcf9 e-con-full e-flex e-con e-parent\" data-id=\"7c0dcf9\" data-element_type=\"container\">\n\t\t\t\t<div class=\"elementor-element elementor-element-952b01f elementor-widget elementor-widget-wd_image_or_svg\" data-id=\"952b01f\" data-element_type=\"widget\" data-widget_type=\"wd_image_or_svg.default\">\n\t\t\t\t<div class=\"elementor-widget-container\">\n\t\t\t\t\t\n\t\t<div class=\"wd-image text-left\">\n\t\t\t\t\t\t\t<a  href=\"https:\/\/vapeenjoy.com\/\" aria-label=\"Image link\">\n\t\t\t\t\t\t\t\t<img decoding=\"async\" width=\"100\" height=\"100\" src=\"https:\/\/vapeenjoy.com\/wp-content\/uploads\/2025\/08\/cropped-\u56fe\u6807-3-100x100.png\" class=\"attachment-100x100 size-100x100\" alt=\"VapeenJoy\" srcset=\"https:\/\/vapeenjoy.com\/wp-content\/uploads\/2025\/08\/cropped-\u56fe\u6807-3-100x100.png 100w, https:\/\/vapeenjoy.com\/wp-content\/uploads\/2025\/08\/cropped-\u56fe\u6807-3-300x300.png 300w, https:\/\/vapeenjoy.com\/wp-content\/uploads\/2025\/08\/cropped-\u56fe\u6807-3-150x150.png 150w, https:\/\/vapeenjoy.com\/wp-content\/uploads\/2025\/08\/cropped-\u56fe\u6807-3-270x270.png 270w, https:\/\/vapeenjoy.com\/wp-content\/uploads\/2025\/08\/cropped-\u56fe\u6807-3-192x192.png 192w, https:\/\/vapeenjoy.com\/wp-content\/uploads\/2025\/08\/cropped-\u56fe\u6807-3-180x180.png 180w, https:\/\/vapeenjoy.com\/wp-content\/uploads\/2025\/08\/cropped-\u56fe\u6807-3-32x32.png 32w, https:\/\/vapeenjoy.com\/wp-content\/uploads\/2025\/08\/cropped-\u56fe\u6807-3-40x40.png 40w, https:\/\/vapeenjoy.com\/wp-content\/uploads\/2025\/08\/cropped-\u56fe\u6807-3-50x50.png 50w, https:\/\/vapeenjoy.com\/wp-content\/uploads\/2025\/08\/cropped-\u56fe\u6807-3-80x80.png 80w, https:\/\/vapeenjoy.com\/wp-content\/uploads\/2025\/08\/cropped-\u56fe\u6807-3-120x120.png 120w, https:\/\/vapeenjoy.com\/wp-content\/uploads\/2025\/08\/cropped-\u56fe\u6807-3.png 512w\" sizes=\"(max-width: 100px) 100vw, 100px\" \/>\t\t\t\t\t\t\t<\/a>\n\t\t\t\t\t<\/div>\n\n\t\t\t\t\t\t<\/div>\n\t\t\t\t<\/div>\n\t\t\t\t<div class=\"elementor-element elementor-element-c7b5561 elementor-widget elementor-widget-wd_image_or_svg\" data-id=\"c7b5561\" data-element_type=\"widget\" data-widget_type=\"wd_image_or_svg.default\">\n\t\t\t\t<div class=\"elementor-widget-container\">\n\t\t\t\t\t\n\t\t<div class=\"wd-image text-center\">\n\t\t\t\t\t\t\t\t<img decoding=\"async\" width=\"100\" height=\"100\" src=\"https:\/\/vapeenjoy.com\/wp-content\/uploads\/2025\/08\/WhatsApp.svg-100x100.png\" class=\"attachment-100x100 size-100x100\" alt=\"Coant us whatsapp\" srcset=\"https:\/\/vapeenjoy.com\/wp-content\/uploads\/2025\/08\/WhatsApp.svg-100x100.png 100w, https:\/\/vapeenjoy.com\/wp-content\/uploads\/2025\/08\/WhatsApp.svg-300x300.png 300w, https:\/\/vapeenjoy.com\/wp-content\/uploads\/2025\/08\/WhatsApp.svg-150x150.png 150w, https:\/\/vapeenjoy.com\/wp-content\/uploads\/2025\/08\/WhatsApp.svg-768x770.png 768w, https:\/\/vapeenjoy.com\/wp-content\/uploads\/2025\/08\/WhatsApp.svg-600x600.png 600w, https:\/\/vapeenjoy.com\/wp-content\/uploads\/2025\/08\/WhatsApp.svg.png 1022w\" sizes=\"(max-width: 100px) 100vw, 100px\" \/>\t\t\t\t\t<\/div>\n\n\t\t\t\t\t\t<\/div>\n\t\t\t\t<\/div>\n\t\t\t\t<div class=\"elementor-element elementor-element-9e1b195 color-scheme-inherit text-left elementor-widget elementor-widget-text-editor\" data-id=\"9e1b195\" data-element_type=\"widget\" data-widget_type=\"text-editor.default\">\n\t\t\t\t\t\t\t\t\t<h3>+(86)13411063106<\/h3>\t\t\t\t\t\t\t\t<\/div>\n\t\t\t\t<div class=\"elementor-element elementor-element-6e3c1ea elementor-widget elementor-widget-wd_image_or_svg\" data-id=\"6e3c1ea\" data-element_type=\"widget\" data-widget_type=\"wd_image_or_svg.default\">\n\t\t\t\t<div class=\"elementor-widget-container\">\n\t\t\t\t\t\n\t\t<div class=\"wd-image text-center\">\n\t\t\t\t\t\t\t\t<img decoding=\"async\" width=\"80\" height=\"80\" src=\"https:\/\/vapeenjoy.com\/wp-content\/uploads\/2025\/08\/Mail-80x80.jpg\" class=\"attachment-80x80 size-80x80\" alt=\"\" srcset=\"https:\/\/vapeenjoy.com\/wp-content\/uploads\/2025\/08\/Mail-80x80.jpg 80w, https:\/\/vapeenjoy.com\/wp-content\/uploads\/2025\/08\/Mail-100x100.jpg 100w, https:\/\/vapeenjoy.com\/wp-content\/uploads\/2025\/08\/Mail.jpg 148w\" sizes=\"(max-width: 80px) 100vw, 80px\" \/>\t\t\t\t\t<\/div>\n\n\t\t\t\t\t\t<\/div>\n\t\t\t\t<\/div>\n\t\t\t\t<div class=\"elementor-element elementor-element-314eae7 color-scheme-inherit text-left elementor-widget elementor-widget-text-editor\" data-id=\"314eae7\" data-element_type=\"widget\" data-widget_type=\"text-editor.default\">\n\t\t\t\t\t\t\t\t\t<h3>info@vapeenjoy.com<\/h3>\t\t\t\t\t\t\t\t<\/div>\n\t\t\t\t<\/div>\n\t\t\t\t<\/div>","protected":false},"excerpt":{"rendered":"<p>Vapeenjoy Contact with an expert Frequently asked questions My order hasn&#8217;t arrived yet. Where is it? If you want to<\/p>","protected":false},"author":1,"featured_media":0,"parent":0,"menu_order":0,"comment_status":"closed","ping_status":"closed","template":"","meta":{"footnotes":""},"class_list":["post-1508","page","type-page","status-publish","hentry"],"yoast_head":"<!-- This site is optimized with the Yoast SEO plugin v25.7 - https:\/\/yoast.com\/wordpress\/plugins\/seo\/ -->\n<title>Contact Vapeenjoy - Get in Touch for Vaping Support &amp; Inquiries<\/title>\n<meta name=\"description\" content=\"Vapeenjoy contact page provides expert support for vaping products and inquiries. Use Vapeenjoy contact for quick, friendly help.\" \/>\n<meta name=\"robots\" content=\"index, follow, max-snippet:-1, max-image-preview:large, max-video-preview:-1\" \/>\n<link rel=\"canonical\" href=\"https:\/\/vapeenjoy.com\/da\/kontakt-os\/\" \/>\n<meta property=\"og:locale\" content=\"da_DK\" \/>\n<meta property=\"og:type\" content=\"article\" \/>\n<meta property=\"og:title\" content=\"Contact Vapeenjoy - Get in Touch for Vaping Support &amp; Inquiries\" \/>\n<meta property=\"og:description\" content=\"Vapeenjoy contact page provides expert support for vaping products and inquiries. Use Vapeenjoy contact for quick, friendly help.\" \/>\n<meta property=\"og:url\" content=\"https:\/\/vapeenjoy.com\/da\/kontakt-os\/\" \/>\n<meta property=\"og:site_name\" content=\"vapeenjoy\" \/>\n<meta property=\"article:modified_time\" content=\"2025-08-22T09:55:42+00:00\" \/>\n<meta property=\"og:image\" content=\"https:\/\/vapeenjoy.com\/wp-content\/uploads\/2025\/08\/WhatsApp.svg-100x100.png\" \/>\n<meta name=\"twitter:card\" content=\"summary_large_image\" \/>\n<meta name=\"twitter:label1\" content=\"Estimeret l\u00e6setid\" \/>\n\t<meta name=\"twitter:data1\" content=\"4 minutter\" \/>\n<script type=\"application\/ld+json\" class=\"yoast-schema-graph\">{\"@context\":\"https:\/\/schema.org\",\"@graph\":[{\"@type\":\"WebPage\",\"@id\":\"https:\/\/vapeenjoy.com\/contact-us\/\",\"url\":\"https:\/\/vapeenjoy.com\/contact-us\/\",\"name\":\"Contact Vapeenjoy - Get in Touch for Vaping Support & Inquiries\",\"isPartOf\":{\"@id\":\"https:\/\/vapeenjoy.com\/#website\"},\"primaryImageOfPage\":{\"@id\":\"https:\/\/vapeenjoy.com\/contact-us\/#primaryimage\"},\"image\":{\"@id\":\"https:\/\/vapeenjoy.com\/contact-us\/#primaryimage\"},\"thumbnailUrl\":\"https:\/\/vapeenjoy.com\/wp-content\/uploads\/2025\/08\/WhatsApp.svg-100x100.png\",\"datePublished\":\"2023-04-20T11:47:20+00:00\",\"dateModified\":\"2025-08-22T09:55:42+00:00\",\"description\":\"Vapeenjoy contact page provides expert support for vaping products and inquiries. Use Vapeenjoy contact for quick, friendly help.\",\"breadcrumb\":{\"@id\":\"https:\/\/vapeenjoy.com\/contact-us\/#breadcrumb\"},\"inLanguage\":\"da-DK\",\"potentialAction\":[{\"@type\":\"ReadAction\",\"target\":[\"https:\/\/vapeenjoy.com\/contact-us\/\"]}]},{\"@type\":\"ImageObject\",\"inLanguage\":\"da-DK\",\"@id\":\"https:\/\/vapeenjoy.com\/contact-us\/#primaryimage\",\"url\":\"https:\/\/vapeenjoy.com\/wp-content\/uploads\/2025\/08\/WhatsApp.svg-100x100.png\",\"contentUrl\":\"https:\/\/vapeenjoy.com\/wp-content\/uploads\/2025\/08\/WhatsApp.svg-100x100.png\"},{\"@type\":\"BreadcrumbList\",\"@id\":\"https:\/\/vapeenjoy.com\/contact-us\/#breadcrumb\",\"itemListElement\":[{\"@type\":\"ListItem\",\"position\":1,\"name\":\"Home\",\"item\":\"https:\/\/vapeenjoy.com\/\"},{\"@type\":\"ListItem\",\"position\":2,\"name\":\"Contact us\"}]},{\"@type\":\"WebSite\",\"@id\":\"https:\/\/vapeenjoy.com\/#website\",\"url\":\"https:\/\/vapeenjoy.com\/\",\"name\":\"vapeenjoy\",\"description\":\"An online store for selling vapes\",\"potentialAction\":[{\"@type\":\"SearchAction\",\"target\":{\"@type\":\"EntryPoint\",\"urlTemplate\":\"https:\/\/vapeenjoy.com\/?s={search_term_string}\"},\"query-input\":{\"@type\":\"PropertyValueSpecification\",\"valueRequired\":true,\"valueName\":\"search_term_string\"}}],\"inLanguage\":\"da-DK\"}]}<\/script>\n<!-- \/ Yoast SEO plugin. -->","yoast_head_json":{"title":"Kontakt Vapeenjoy - Kontakt os for vaping support og foresp\u00f8rgsler","description":"Vapeenjoy kontaktside giver ekspertst\u00f8tte til vapingprodukter og foresp\u00f8rgsler. Brug Vapeenjoy-kontakten for hurtig, venlig hj\u00e6lp.","robots":{"index":"index","follow":"follow","max-snippet":"max-snippet:-1","max-image-preview":"max-image-preview:large","max-video-preview":"max-video-preview:-1"},"canonical":"https:\/\/vapeenjoy.com\/da\/kontakt-os\/","og_locale":"da_DK","og_type":"article","og_title":"Contact Vapeenjoy - Get in Touch for Vaping Support & Inquiries","og_description":"Vapeenjoy contact page provides expert support for vaping products and inquiries. Use Vapeenjoy contact for quick, friendly help.","og_url":"https:\/\/vapeenjoy.com\/da\/kontakt-os\/","og_site_name":"vapeenjoy","article_modified_time":"2025-08-22T09:55:42+00:00","og_image":[{"url":"https:\/\/vapeenjoy.com\/wp-content\/uploads\/2025\/08\/WhatsApp.svg-100x100.png","type":"","width":"","height":""}],"twitter_card":"summary_large_image","twitter_misc":{"Estimeret l\u00e6setid":"4 minutter"},"schema":{"@context":"https:\/\/schema.org","@graph":[{"@type":"WebPage","@id":"https:\/\/vapeenjoy.com\/contact-us\/","url":"https:\/\/vapeenjoy.com\/contact-us\/","name":"Kontakt Vapeenjoy - Kontakt os for vaping support og foresp\u00f8rgsler","isPartOf":{"@id":"https:\/\/vapeenjoy.com\/#website"},"primaryImageOfPage":{"@id":"https:\/\/vapeenjoy.com\/contact-us\/#primaryimage"},"image":{"@id":"https:\/\/vapeenjoy.com\/contact-us\/#primaryimage"},"thumbnailUrl":"https:\/\/vapeenjoy.com\/wp-content\/uploads\/2025\/08\/WhatsApp.svg-100x100.png","datePublished":"2023-04-20T11:47:20+00:00","dateModified":"2025-08-22T09:55:42+00:00","description":"Vapeenjoy kontaktside giver ekspertst\u00f8tte til vapingprodukter og foresp\u00f8rgsler. Brug Vapeenjoy-kontakten for hurtig, venlig hj\u00e6lp.","breadcrumb":{"@id":"https:\/\/vapeenjoy.com\/contact-us\/#breadcrumb"},"inLanguage":"da-DK","potentialAction":[{"@type":"ReadAction","target":["https:\/\/vapeenjoy.com\/contact-us\/"]}]},{"@type":"ImageObject","inLanguage":"da-DK","@id":"https:\/\/vapeenjoy.com\/contact-us\/#primaryimage","url":"https:\/\/vapeenjoy.com\/wp-content\/uploads\/2025\/08\/WhatsApp.svg-100x100.png","contentUrl":"https:\/\/vapeenjoy.com\/wp-content\/uploads\/2025\/08\/WhatsApp.svg-100x100.png"},{"@type":"BreadcrumbList","@id":"https:\/\/vapeenjoy.com\/contact-us\/#breadcrumb","itemListElement":[{"@type":"ListItem","position":1,"name":"Home","item":"https:\/\/vapeenjoy.com\/"},{"@type":"ListItem","position":2,"name":"Contact us"}]},{"@type":"WebSite","@id":"https:\/\/vapeenjoy.com\/#website","url":"https:\/\/vapeenjoy.com\/","name":"VapeenJoy","description":"en online butik til salg af dampe","potentialAction":[{"@type":"SearchAction","target":{"@type":"EntryPoint","urlTemplate":"https:\/\/vapeenjoy.com\/?s={search_term_string}"},"query-input":{"@type":"PropertyValueSpecification","valueRequired":true,"valueName":"search_term_string"}}],"inLanguage":"da-DK"}]}},"_links":{"self":[{"href":"https:\/\/vapeenjoy.com\/da\/wp-json\/wp\/v2\/pages\/1508","targetHints":{"allow":["GET"]}}],"collection":[{"href":"https:\/\/vapeenjoy.com\/da\/wp-json\/wp\/v2\/pages"}],"about":[{"href":"https:\/\/vapeenjoy.com\/da\/wp-json\/wp\/v2\/types\/page"}],"author":[{"embeddable":true,"href":"https:\/\/vapeenjoy.com\/da\/wp-json\/wp\/v2\/users\/1"}],"replies":[{"embeddable":true,"href":"https:\/\/vapeenjoy.com\/da\/wp-json\/wp\/v2\/comments?post=1508"}],"version-history":[{"count":25,"href":"https:\/\/vapeenjoy.com\/da\/wp-json\/wp\/v2\/pages\/1508\/revisions"}],"predecessor-version":[{"id":2580,"href":"https:\/\/vapeenjoy.com\/da\/wp-json\/wp\/v2\/pages\/1508\/revisions\/2580"}],"wp:attachment":[{"href":"https:\/\/vapeenjoy.com\/da\/wp-json\/wp\/v2\/media?parent=1508"}],"curies":[{"name":"wp","href":"https:\/\/api.w.org\/{rel}","templated":true}]}}