{"id":1509,"date":"2023-04-20T11:47:35","date_gmt":"2023-04-20T11:47:35","guid":{"rendered":"https:\/\/dummy.xtemos.com\/woodmart2\/furniture2-elementor\/?page_id=31"},"modified":"2025-08-26T08:27:15","modified_gmt":"2025-08-26T08:27:15","slug":"about-us-vape","status":"publish","type":"page","link":"https:\/\/vapeenjoy.com\/da\/om-os-vape\/","title":{"rendered":"Om os"},"content":{"rendered":"<div data-elementor-type=\"wp-page\" data-elementor-id=\"1509\" class=\"elementor elementor-1509\">\n\t\t\t\t\t\t\t<link rel=\"stylesheet\" id=\"wd-collapsible-content-css\" href=\"https:\/\/vapeenjoy.com\/wp-content\/themes\/woodmart\/css\/parts\/elem-opt-collapsible-content.min.css?ver=8.2.7\" type=\"text\/css\" media=\"all\" \/> \t\t\t<div class=\"wd-negative-gap elementor-element elementor-element-43bbe8e wd-collapsible-content e-flex e-con-boxed e-con e-parent\" data-id=\"43bbe8e\" data-element_type=\"container\">\n\t\t\t\t\t<div class=\"e-con-inner\">\n\t\t\t\t<div class=\"elementor-element elementor-element-cf18f75 elementor-widget elementor-widget-wd_button\" data-id=\"cf18f75\" data-element_type=\"widget\" data-widget_type=\"wd_button.default\">\n\t\t\t\t<div class=\"elementor-widget-container\">\n\t\t\t\t\t\t\t<div class=\"wd-button-wrapper text-left wd-collapsible-button\" >\n\t\t\t<a class=\"btn btn-style-link btn-shape- btn-size-default btn-color-primary btn-icon-pos-right\"  href=\"#\">\n\t\t\t\t<span class=\"wd-btn-text\" data-elementor-setting-key=\"text\">\n\t\t\t\t\tL\u00e6s mere\t\t\t\t<\/span>\n\n\t\t\t\t\t\t\t<\/a>\n\t\t<\/div>\n\t\t\t\t\t\t<\/div>\n\t\t\t\t<\/div>\n\t\t\t\t\t<\/div>\n\t\t\t\t<\/div>\n\t\t<div class=\"wd-negative-gap elementor-element elementor-element-52906c6 e-flex e-con-boxed e-con e-parent\" data-id=\"52906c6\" data-element_type=\"container\">\n\t\t\t\t\t<div class=\"e-con-inner\">\n\t\t\t\t<div class=\"elementor-element elementor-element-233b6b3 color-scheme-inherit text-left elementor-widget elementor-widget-text-editor\" data-id=\"233b6b3\" data-element_type=\"widget\" data-widget_type=\"text-editor.default\">\n\t\t\t\t\t\t\t\t\t<h2 dir=\"ltr\" data-pm-slice=\"1 1 []\">Velkommen til Vapeenjoy<\/h2><p dir=\"ltr\">Siden vores start i 2023 har Vapeenjoy v\u00e6ret drevet af en lidenskabelig vision om at omdefinere vaping-oplevelsen. Grundlagt med en forpligtelse til at l\u00f8fte vapingverdenen, sigter vi efter at skabe en dynamisk, altomfattende online platform i Vapeenjoy Shop, der betjener b\u00e5de nybegyndere og erfarne vapers. Desuden giver vores pulserende f\u00e6llesskab af vape-entusiaster n\u00e6ring til vores mission og inspirerer os til at levere exceptionelle produkter og tjenester.<\/p><h2 dir=\"ltr\">Vores mission<\/h2><p dir=\"ltr\">Hos VapeEnjoy er vores mission ligetil, men alligevel ambiti\u00f8s: at tilbyde premium vape-produkter, et uovertruffent udvalg og en problemfri shoppingoplevelse p\u00e5 <a href=\"https:\/\/vapeenjoy.com\/shop\/\">Vapeenjoy Shop<\/a>. Vi er overbevist om, at vaping ikke kun er et alternativ til rygning - det er en livsstil. Derfor str\u00e6ber vi efter at f\u00f8re denne livsstil ved at levere innovative l\u00f8sninger, kompromisl\u00f8s kvalitet og dedikeret kundesupport. Ved at fremme en kultur af ekspertise, sigter vi efter at forbedre alle aspekter af vaping-rejsen.<\/p><h2 dir=\"ltr\">Vores produkter<\/h2><p dir=\"ltr\">Vores n\u00f8je sammensatte produktsortiment afspejler vores forpligtelse til kvalitet og innovation. Fra banebrydende vapes til en bred vifte af e-v\u00e6sker og tilbeh\u00f8r, hver vare gennemg\u00e5r strenge kvalitetstjek for at sikre enest\u00e5ende ydeevne. Desuden opdaterer vi l\u00f8bende vores beholdning for at inkorporere de seneste trends og fremskridt i vape-industrien. Som f\u00f8lge heraf har vores kunder konsekvent adgang til de mest innovative og p\u00e5lidelige produkter, der er tilg\u00e6ngelige p\u00e5<a href=\"https:\/\/vapeenjoy.com\/shop\/\"> Vapeenjoy Shop<\/a>.<\/p><h2 dir=\"ltr\">Kvalitet og sikkerhed<\/h2><p dir=\"ltr\">Din sikkerhed er vores h\u00f8jeste prioritet. For at sikre dette samarbejder vi udelukkende med betroede producenter og udf\u00f8rer strenge kvalitetsvurderinger. Ved at overholde de nyeste sikkerhedsprotokoller og industristandarder garanterer vi, at hvert produkt, vi tilbyder, er b\u00e5de effektivt og sikkert. Derudover understreger vores forpligtelse til at overskride lovm\u00e6ssige krav vores dedikation til dit velbefindende.<\/p><h2 dir=\"ltr\">Vores samfund<\/h2><p dir=\"ltr\">Vapeenjoy er mere end blot en forhandler - det er et blomstrende f\u00e6llesskab af vape-entusiaster. Gennem vores engagerende blog, aktive sociale medier og lydh\u00f8r kundeservice fremmer vi et milj\u00f8 med videndeling og samarbejde. Vi lytter aktivt til vores f\u00e6llesskabs feedback og pr\u00e6ferencer, hvilket giver os mulighed for at udvikle vores tilbud l\u00f8bende. Derfor opbygger vi st\u00e6rkere forbindelser med vores kunder og skaber et rum, hvor passionen for vaping trives, tilg\u00e6ngelig via <a href=\"https:\/\/vapeenjoy.com\/shop\/\">Vapeenjoy Shop<\/a>.<\/p><h2 dir=\"ltr\">Hvorfor v\u00e6lge Vapeenjoy?<\/h2><ul class=\"tight\" dir=\"ltr\" data-tight=\"true\"><li><p dir=\"ltr\"><strong>ekspertise<\/strong>: Vores teams indg\u00e5ende kendskab til vape-produkter sikrer personlige anbefalinger og ekspertvejledning.<\/p><\/li><li><p dir=\"ltr\"><strong>kvalitetssikring<\/strong>: Hvert produkt i vores lager er underst\u00f8ttet af vores forpligtelse til sikkerhed og ekspertise.<\/p><\/li><li><p dir=\"ltr\"><strong>kundecentreret tilgang<\/strong>: Vi prioriterer enest\u00e5ende kundeservice, hvilket sikrer en j\u00e6vn og tilfredsstillende shoppingoplevelse.<\/p><\/li><li><p dir=\"ltr\"><strong>nyhed<\/strong>: Ved at v\u00e6re p\u00e5 forkant med branchetrends bringer vi dig de nyeste og mest avancerede vapingprodukter.<\/p><\/li><\/ul><h2 dir=\"ltr\">Kontakt os<\/h2><p dir=\"ltr\">For eventuelle foresp\u00f8rgsler eller support er du velkommen til at kontakte os p\u00e5 info@vapeenjoy.com. Vi er her for at hj\u00e6lpe dig hele vejen.<\/p><p dir=\"ltr\">Copyright \u00a9 2024 Vapeenjoy<\/p>\t\t\t\t\t\t\t\t<\/div>\n\t\t\t\t\t<\/div>\n\t\t\t\t<\/div>\n\t\t<div class=\"wd-negative-gap elementor-element elementor-element-a5f99ce e-flex e-con-boxed e-con e-parent\" data-id=\"a5f99ce\" data-element_type=\"container\">\n\t\t\t\t\t<div class=\"e-con-inner\">\n\t\t\t\t<div class=\"elementor-element elementor-element-c7c48f2 elementor-widget elementor-widget-wd_image_or_svg\" data-id=\"c7c48f2\" data-element_type=\"widget\" data-widget_type=\"wd_image_or_svg.default\">\n\t\t\t\t<div class=\"elementor-widget-container\">\n\t\t\t\t\t\n\t\t<div class=\"wd-image text-left\">\n\t\t\t\t\t\t\t\t<img fetchpriority=\"high\" decoding=\"async\" width=\"1210\" height=\"800\" src=\"https:\/\/vapeenjoy.com\/wp-content\/uploads\/2025\/08\/Real-photos.png\" class=\"attachment-full size-full\" alt=\"vape rigtige billeder\" srcset=\"https:\/\/vapeenjoy.com\/wp-content\/uploads\/2025\/08\/Real-photos.png 1210w, https:\/\/vapeenjoy.com\/wp-content\/uploads\/2025\/08\/Real-photos-300x198.png 300w, https:\/\/vapeenjoy.com\/wp-content\/uploads\/2025\/08\/Real-photos-1024x677.png 1024w, https:\/\/vapeenjoy.com\/wp-content\/uploads\/2025\/08\/Real-photos-768x508.png 768w, https:\/\/vapeenjoy.com\/wp-content\/uploads\/2025\/08\/Real-photos-1200x793.png 1200w, https:\/\/vapeenjoy.com\/wp-content\/uploads\/2025\/08\/Real-photos-150x99.png 150w\" sizes=\"(max-width: 1210px) 100vw, 1210px\" \/>\t\t\t\t\t<\/div>\n\n\t\t\t\t\t\t<\/div>\n\t\t\t\t<\/div>\n\t\t\t\t\t<\/div>\n\t\t\t\t<\/div>\n\t\t\t\t<\/div>","protected":false},"excerpt":{"rendered":"<p>Read More Welcome to VapeEnjoy Since our inception in 2023, VapeEnjoy has been driven by a passionate vision to redefine<\/p>","protected":false},"author":1,"featured_media":0,"parent":0,"menu_order":0,"comment_status":"closed","ping_status":"closed","template":"","meta":{"footnotes":""},"class_list":["post-1509","page","type-page","status-publish","hentry"],"yoast_head":"<!-- This site is optimized with the Yoast SEO plugin v25.7 - https:\/\/yoast.com\/wordpress\/plugins\/seo\/ -->\n<title>About us - vapeenjoy Premium Vape Products &amp; Exceptional Service<\/title>\n<meta name=\"description\" content=\"Your trusted supplier of premium vape products, superior quality, and first-class service. Shop now! Explore top-tier vaping excellence.\" \/>\n<meta name=\"robots\" content=\"index, follow, max-snippet:-1, max-image-preview:large, max-video-preview:-1\" \/>\n<link rel=\"canonical\" href=\"https:\/\/vapeenjoy.com\/da\/om-os-vape\/\" \/>\n<meta property=\"og:locale\" content=\"da_DK\" \/>\n<meta property=\"og:type\" content=\"article\" \/>\n<meta property=\"og:title\" content=\"About us - vapeenjoy Premium Vape Products &amp; Exceptional Service\" \/>\n<meta property=\"og:description\" content=\"Your trusted supplier of premium vape products, superior quality, and first-class service. Shop now! Explore top-tier vaping excellence.\" \/>\n<meta property=\"og:url\" content=\"https:\/\/vapeenjoy.com\/da\/om-os-vape\/\" \/>\n<meta property=\"og:site_name\" content=\"vapeenjoy\" \/>\n<meta property=\"article:modified_time\" content=\"2025-08-26T08:27:15+00:00\" \/>\n<meta property=\"og:image\" content=\"https:\/\/vapeenjoy.com\/wp-content\/uploads\/2025\/08\/Real-photos.png\" \/>\n<meta name=\"twitter:card\" content=\"summary_large_image\" \/>\n<meta name=\"twitter:label1\" content=\"Estimeret l\u00e6setid\" \/>\n\t<meta name=\"twitter:data1\" content=\"3 minutter\" \/>\n<script type=\"application\/ld+json\" class=\"yoast-schema-graph\">{\"@context\":\"https:\/\/schema.org\",\"@graph\":[{\"@type\":\"WebPage\",\"@id\":\"https:\/\/vapeenjoy.com\/about-us-vape\/\",\"url\":\"https:\/\/vapeenjoy.com\/about-us-vape\/\",\"name\":\"About us - vapeenjoy Premium Vape Products & Exceptional Service\",\"isPartOf\":{\"@id\":\"https:\/\/vapeenjoy.com\/#website\"},\"primaryImageOfPage\":{\"@id\":\"https:\/\/vapeenjoy.com\/about-us-vape\/#primaryimage\"},\"image\":{\"@id\":\"https:\/\/vapeenjoy.com\/about-us-vape\/#primaryimage\"},\"thumbnailUrl\":\"https:\/\/vapeenjoy.com\/wp-content\/uploads\/2025\/08\/Real-photos.png\",\"datePublished\":\"2023-04-20T11:47:35+00:00\",\"dateModified\":\"2025-08-26T08:27:15+00:00\",\"description\":\"Your trusted supplier of premium vape products, superior quality, and first-class service. Shop now! Explore top-tier vaping excellence.\",\"breadcrumb\":{\"@id\":\"https:\/\/vapeenjoy.com\/about-us-vape\/#breadcrumb\"},\"inLanguage\":\"da-DK\",\"potentialAction\":[{\"@type\":\"ReadAction\",\"target\":[\"https:\/\/vapeenjoy.com\/about-us-vape\/\"]}]},{\"@type\":\"ImageObject\",\"inLanguage\":\"da-DK\",\"@id\":\"https:\/\/vapeenjoy.com\/about-us-vape\/#primaryimage\",\"url\":\"https:\/\/vapeenjoy.com\/wp-content\/uploads\/2025\/08\/Real-photos.png\",\"contentUrl\":\"https:\/\/vapeenjoy.com\/wp-content\/uploads\/2025\/08\/Real-photos.png\"},{\"@type\":\"BreadcrumbList\",\"@id\":\"https:\/\/vapeenjoy.com\/about-us-vape\/#breadcrumb\",\"itemListElement\":[{\"@type\":\"ListItem\",\"position\":1,\"name\":\"Home\",\"item\":\"https:\/\/vapeenjoy.com\/\"},{\"@type\":\"ListItem\",\"position\":2,\"name\":\"About us\"}]},{\"@type\":\"WebSite\",\"@id\":\"https:\/\/vapeenjoy.com\/#website\",\"url\":\"https:\/\/vapeenjoy.com\/\",\"name\":\"vapeenjoy\",\"description\":\"An online store for selling vapes\",\"potentialAction\":[{\"@type\":\"SearchAction\",\"target\":{\"@type\":\"EntryPoint\",\"urlTemplate\":\"https:\/\/vapeenjoy.com\/?s={search_term_string}\"},\"query-input\":{\"@type\":\"PropertyValueSpecification\",\"valueRequired\":true,\"valueName\":\"search_term_string\"}}],\"inLanguage\":\"da-DK\"}]}<\/script>\n<!-- \/ Yoast SEO plugin. -->","yoast_head_json":{"title":"Om os - VapeEnjoy Premium Vape-produkter og enest\u00e5ende service","description":"Din betroede leverand\u00f8r af premium vape-produkter, overlegen kvalitet og f\u00f8rsteklasses service. Shop nu! Udforsk top-tier vaping excellence.","robots":{"index":"index","follow":"follow","max-snippet":"max-snippet:-1","max-image-preview":"max-image-preview:large","max-video-preview":"max-video-preview:-1"},"canonical":"https:\/\/vapeenjoy.com\/da\/om-os-vape\/","og_locale":"da_DK","og_type":"article","og_title":"About us - vapeenjoy Premium Vape Products & Exceptional Service","og_description":"Your trusted supplier of premium vape products, superior quality, and first-class service. Shop now! Explore top-tier vaping excellence.","og_url":"https:\/\/vapeenjoy.com\/da\/om-os-vape\/","og_site_name":"vapeenjoy","article_modified_time":"2025-08-26T08:27:15+00:00","og_image":[{"url":"https:\/\/vapeenjoy.com\/wp-content\/uploads\/2025\/08\/Real-photos.png","type":"","width":"","height":""}],"twitter_card":"summary_large_image","twitter_misc":{"Estimeret l\u00e6setid":"3 minutter"},"schema":{"@context":"https:\/\/schema.org","@graph":[{"@type":"WebPage","@id":"https:\/\/vapeenjoy.com\/about-us-vape\/","url":"https:\/\/vapeenjoy.com\/about-us-vape\/","name":"Om os - VapeEnjoy Premium Vape-produkter og enest\u00e5ende service","isPartOf":{"@id":"https:\/\/vapeenjoy.com\/#website"},"primaryImageOfPage":{"@id":"https:\/\/vapeenjoy.com\/about-us-vape\/#primaryimage"},"image":{"@id":"https:\/\/vapeenjoy.com\/about-us-vape\/#primaryimage"},"thumbnailUrl":"https:\/\/vapeenjoy.com\/wp-content\/uploads\/2025\/08\/Real-photos.png","datePublished":"2023-04-20T11:47:35+00:00","dateModified":"2025-08-26T08:27:15+00:00","description":"Din betroede leverand\u00f8r af premium vape-produkter, overlegen kvalitet og f\u00f8rsteklasses service. Shop nu! Udforsk top-tier vaping excellence.","breadcrumb":{"@id":"https:\/\/vapeenjoy.com\/about-us-vape\/#breadcrumb"},"inLanguage":"da-DK","potentialAction":[{"@type":"ReadAction","target":["https:\/\/vapeenjoy.com\/about-us-vape\/"]}]},{"@type":"ImageObject","inLanguage":"da-DK","@id":"https:\/\/vapeenjoy.com\/about-us-vape\/#primaryimage","url":"https:\/\/vapeenjoy.com\/wp-content\/uploads\/2025\/08\/Real-photos.png","contentUrl":"https:\/\/vapeenjoy.com\/wp-content\/uploads\/2025\/08\/Real-photos.png"},{"@type":"BreadcrumbList","@id":"https:\/\/vapeenjoy.com\/about-us-vape\/#breadcrumb","itemListElement":[{"@type":"ListItem","position":1,"name":"Home","item":"https:\/\/vapeenjoy.com\/"},{"@type":"ListItem","position":2,"name":"About us"}]},{"@type":"WebSite","@id":"https:\/\/vapeenjoy.com\/#website","url":"https:\/\/vapeenjoy.com\/","name":"VapeenJoy","description":"en online butik til salg af dampe","potentialAction":[{"@type":"SearchAction","target":{"@type":"EntryPoint","urlTemplate":"https:\/\/vapeenjoy.com\/?s={search_term_string}"},"query-input":{"@type":"PropertyValueSpecification","valueRequired":true,"valueName":"search_term_string"}}],"inLanguage":"da-DK"}]}},"_links":{"self":[{"href":"https:\/\/vapeenjoy.com\/da\/wp-json\/wp\/v2\/pages\/1509","targetHints":{"allow":["GET"]}}],"collection":[{"href":"https:\/\/vapeenjoy.com\/da\/wp-json\/wp\/v2\/pages"}],"about":[{"href":"https:\/\/vapeenjoy.com\/da\/wp-json\/wp\/v2\/types\/page"}],"author":[{"embeddable":true,"href":"https:\/\/vapeenjoy.com\/da\/wp-json\/wp\/v2\/users\/1"}],"replies":[{"embeddable":true,"href":"https:\/\/vapeenjoy.com\/da\/wp-json\/wp\/v2\/comments?post=1509"}],"version-history":[{"count":45,"href":"https:\/\/vapeenjoy.com\/da\/wp-json\/wp\/v2\/pages\/1509\/revisions"}],"predecessor-version":[{"id":2618,"href":"https:\/\/vapeenjoy.com\/da\/wp-json\/wp\/v2\/pages\/1509\/revisions\/2618"}],"wp:attachment":[{"href":"https:\/\/vapeenjoy.com\/da\/wp-json\/wp\/v2\/media?parent=1509"}],"curies":[{"name":"wp","href":"https:\/\/api.w.org\/{rel}","templated":true}]}}