{"id":1954,"date":"2025-08-11T06:51:29","date_gmt":"2025-08-11T06:51:29","guid":{"rendered":"https:\/\/vapeenjoy.com\/?page_id=1954"},"modified":"2025-08-27T01:27:48","modified_gmt":"2025-08-27T01:27:48","slug":"terms-and-conditions","status":"publish","type":"page","link":"https:\/\/vapeenjoy.com\/da\/vilkar-og-betingelser\/","title":{"rendered":"vilk\u00e5r og betingelser"},"content":{"rendered":"<div data-elementor-type=\"wp-page\" data-elementor-id=\"1954\" class=\"elementor elementor-1954\">\n\t\t\t\t<div class=\"wd-negative-gap elementor-element elementor-element-01061ba e-flex e-con-boxed e-con e-parent\" data-id=\"01061ba\" data-element_type=\"container\">\n\t\t\t\t\t<div class=\"e-con-inner\">\n\t\t\t\t<div class=\"elementor-element elementor-element-a2b554c color-scheme-inherit text-left elementor-widget elementor-widget-text-editor\" data-id=\"a2b554c\" data-element_type=\"widget\" data-widget_type=\"text-editor.default\">\n\t\t\t\t\t\t\t\t\t<h2 dir=\"ltr\" data-pm-slice=\"1 1 []\">Vilk\u00e5r og betingelser for Vapeenjoy.com<\/h2><p dir=\"ltr\">Velkommen til VapeEnjoy.com, din f\u00f8rende destination for engangsvape. Vapeenjoy driver denne hjemmeside og forpligter sig til at levere exceptionelle produkter og tjenester. Ved at g\u00e5 ind p\u00e5 vores hjemmeside accepterer du disse vilk\u00e5r og betingelser, hvor \"vi\", \"os\" og \"vores\" henviser til Vapeenjoy. For en problemfri oplevelse, bedes du gennemg\u00e5 disse vilk\u00e5r omhyggeligt.<\/p><h2 dir=\"ltr\">Brug af vores service<\/h2><p dir=\"ltr\">N\u00e5r du g\u00e5r ind p\u00e5 vores hjemmeside eller foretager et k\u00f8b, engagerer du dig i vores \"service\" og accepterer at f\u00f8lge disse servicevilk\u00e5r. Disse vilk\u00e5r g\u00e6lder derfor for alle brugere, herunder browsere, kunder, leverand\u00f8rer, forhandlere og bidragydere til indhold. Hvis du er uenig i nogen del af disse vilk\u00e5r, bedes du undlade at f\u00e5 adgang til webstedet eller bruge vores tjenester. Ydermere signalerer fortsat brug efter opdateringer din accept af reviderede vilk\u00e5r.<\/p><p dir=\"ltr\">For at pr\u00e6cisere, tjek regelm\u00e6ssigt disse vilk\u00e5r for opdateringer, da vi forbeholder os retten til at \u00e6ndre eller erstatte dem ved at offentligg\u00f8re \u00e6ndringer p\u00e5 hjemmesiden. Navnlig vil alle nye funktioner eller v\u00e6rkt\u00f8jer, der tilf\u00f8jes, ogs\u00e5 falde ind under disse servicevilk\u00e5r. V\u00e6r derfor meget opm\u00e6rksom p\u00e5 \u00a7 19, \"Voldgift og gruppes\u00f8gsm\u00e5l\", som kr\u00e6ver l\u00f8sning af tvister gennem individuel voldgift.<\/p><h2 dir=\"ltr\">Afsnit 1 \u2013 Vilk\u00e5r for onlinebutik<\/h2><p dir=\"ltr\">Ved at acceptere disse vilk\u00e5r for brug bekr\u00e6fter du, at du mindst er myndig i din stat eller provins eller har for\u00e6ldrenes samtykke til, at mindre\u00e5rige kan bruge vores hjemmeside. Derudover m\u00e5 du ikke bruge vores produkter til ulovlige form\u00e5l eller overtr\u00e6de nogen love, s\u00e5som love om ophavsret. Desuden er det strengt forbudt at overf\u00f8re orme, vira eller ondsindet kode. Overtr\u00e6delse af disse vilk\u00e5r vil f\u00f8re til \u00f8jeblikkelig opsigelse af din tjenesteadgang.<\/p><h2 dir=\"ltr\">Afsnit 2 \u2013 Generelle vilk\u00e5r<\/h2><p dir=\"ltr\">Vi kan n\u00e6gte service til enhver til enhver tid uanset \u00e5rsag. Af sikkerhedsm\u00e6ssige \u00e5rsager krypterer vi dit indhold (eksklusive kreditkortoplysninger) under transmissionen. Du m\u00e5 dog ikke misbruge, reproducere eller s\u00e6lge nogen del af tjenesten uden vores udtrykkelige tilladelse. For klarhedens skyld tjener overskrifter i denne aftale kun for nemheds skyld og \u00e6ndrer ikke vilk\u00e5rene.<\/p><h2 dir=\"ltr\">Afsnit 3 \u2013 Informationsn\u00f8jagtighed<\/h2><p dir=\"ltr\">Vi str\u00e6ber efter at give n\u00f8jagtige og rettidige oplysninger p\u00e5 hjemmesiden, men vi kan ikke garantere dens fuldst\u00e6ndighed eller aktualitet. Brug derfor kun materialet til generel reference og undg\u00e5 udelukkende at stole p\u00e5 det til beslutninger. Selvom vi kan inkludere historiske oplysninger, forpligter vi os ikke til at opdatere dem. Derfor b\u00f8r du overv\u00e5ge \u00e6ndringer i hjemmesidens indhold.<\/p><h2 dir=\"ltr\">Afsnit 4 \u2013 Service og pris\u00e6ndringer<\/h2><p dir=\"ltr\">Vi kan \u00e6ndre produktpriser uden varsel. Derudover forbeholder vi os retten til at \u00e6ndre eller afbryde tjenesten eller en del uden forudg\u00e5ende meddelelse. Som f\u00f8lge heraf p\u00e5tager vi os intet ansvar for \u00e6ndringer, pris\u00e6ndringer eller servicesuspensioner.<\/p><h2 dir=\"ltr\">Afsnit 5 \u2013 Produkter og tjenester<\/h2><p dir=\"ltr\">Nogle produkter er muligvis kun tilg\u00e6ngelige online og i begr\u00e6nsede m\u00e6ngder, underlagt vores returpolitik. Selvom vi sigter efter at vise produkter n\u00f8jagtigt, kan farverne variere p\u00e5 tv\u00e6rs af enheder. Desuden kan vi begr\u00e6nse salget efter region, person eller m\u00e6ngde og justere beskrivelser eller priser efter vores sk\u00f8n.<\/p><h2 dir=\"ltr\">Afsnit 6 \u2013 Fakturering og konton\u00f8jagtighed<\/h2><p dir=\"ltr\">Vi kan afvise ordrer eller begr\u00e6nse m\u00e6ngder pr. person eller husstand. For at sikre smidige transaktioner skal du angive n\u00f8jagtige konto- og k\u00f8bsoplysninger og opdatere dem omg\u00e5ende. For flere detaljer, se vores returpolitik.<\/p><h2 dir=\"ltr\">Afsnit 7 \u2013 Valgfrie v\u00e6rkt\u00f8jer<\/h2><p dir=\"ltr\">Vi leverer tredjepartsv\u00e6rkt\u00f8jer \"som de er\" uden garantier. Derfor bruger du disse v\u00e6rkt\u00f8jer p\u00e5 egen risiko. P\u00e5 samme m\u00e5de vil nye tjenester eller funktioner introduceret p\u00e5 webstedet overholde disse vilk\u00e5r.<\/p><h2 dir=\"ltr\">Afsnit 8 \u2013 Tredjepartslinks<\/h2><p dir=\"ltr\">Vores hjemmeside kan indeholde links til tredjepartswebsteder, der ikke er tilknyttet os. Da vi ikke kontrollerer deres indhold eller n\u00f8jagtighed, skal du gennemg\u00e5 deres politikker, f\u00f8r vi deltager i transaktioner. Derudover skal du rapportere eventuelle problemer direkte til tredjeparten.<\/p><h2 dir=\"ltr\">Afsnit 9 \u2013 Brugerkommentarer og feedback<\/h2><p dir=\"ltr\">Du giver os ret til at bruge og distribuere eventuelle kommentarer eller feedback, du giver. I mellemtiden kan vi overv\u00e5ge, redigere eller fjerne indhold, som vi anser for ulovligt eller st\u00f8dende. Det er vigtigt, at dine kommentarer ikke m\u00e5 kr\u00e6nke tredjepartsrettigheder eller indeholde skadeligt indhold.<\/p><h2 dir=\"ltr\">Afsnit 10 \u2013 Personlige data<\/h2><p dir=\"ltr\">Vores privatlivspolitik regulerer indsendelse af personlige data.<\/p><h3 dir=\"ltr\">Afsnit 10.1 \u2013 Cookiepolitik<\/h3><p dir=\"ltr\">Vi bruger cookies til at forbedre din browsingoplevelse og levere personligt indhold. Ved at bruge vores hjemmeside giver du dit samtykke til vores cookiebrug. Desuden kan du til enhver tid administrere cookie-indstillinger.<\/p><h2 dir=\"ltr\">Afsnit 11 \u2013 Fejl og un\u00f8jagtigheder<\/h2><p dir=\"ltr\">Vi kan rette fejl eller un\u00f8jagtigheder i produktbeskrivelser, priser eller tilbud uden varsel. Medmindre det er p\u00e5kr\u00e6vet ved lov, forpligter vi os ikke til at opdatere oplysninger.<\/p><h2 dir=\"ltr\">\u00a7 12 \u2013 Forbudte brug<\/h2><p dir=\"ltr\">Du m\u00e5 ikke bruge hjemmesiden til ulovlige, chikanerende eller ondsindede form\u00e5l. Derfor kan vi opsige tjenester for eventuelle overtr\u00e6delser.<\/p><h2 dir=\"ltr\">Afsnit 13 \u2013 Ansvarsfraskrivelse og ansvar<\/h2><p dir=\"ltr\">Vi garanterer ikke uafbrudt eller fejlfri service. Derfor bruger du tjenesten p\u00e5 egen risiko, og vi er ikke ansvarlige for eventuelle skader.<\/p><h2 dir=\"ltr\">Afsnit 14 \u2013 Erstatning<\/h2><p dir=\"ltr\">Du accepterer at holde os skadesl\u00f8s for krav, der opst\u00e5r som f\u00f8lge af din overtr\u00e6delse af disse vilk\u00e5r.<\/p><h2 dir=\"ltr\">Afsnit 15 \u2013 Adskillelighed<\/h2><p dir=\"ltr\">Hvis en bestemmelse ikke kan h\u00e5ndh\u00e6ves, forbliver de resterende bestemmelser g\u00e6ldende.<\/p><h2 dir=\"ltr\">\u00a7 16 \u2013 Opsigelse<\/h2><p dir=\"ltr\">Forpligtelser f\u00f8r opsigelse forbliver bindende. For at opsige denne aftale skal du til enhver tid underrette os. Omvendt kan vi opsige aftalen uden varsel, hvis du overtr\u00e6der disse vilk\u00e5r.<\/p><h2 dir=\"ltr\">Afsnit 17 \u2013 Afkald<\/h2><p dir=\"ltr\">At give afkald p\u00e5 et vilk\u00e5r giver ikke afkald p\u00e5 fremtidige rettigheder.<\/p><h2 dir=\"ltr\">\u00a7 18 \u2013 Lovgivningen<\/h2><p dir=\"ltr\">Lovene i staten Californien regulerer disse vilk\u00e5r.<\/p><h2 dir=\"ltr\">Afsnit 19 \u2013 Voldgift og fritagelse for gruppes\u00f8gsm\u00e5l<\/h2><p dir=\"ltr\">Du skal l\u00f8se tvister, undtagen dem i domstolen for sm\u00e5 krav, gennem individuel voldgift. Du kan s\u00e5ledes ikke indgive krav som en del af et gruppes\u00f8gsm\u00e5l.<\/p><h2 dir=\"ltr\">\u00a7 20 \u2013 Hele aftalen<\/h2><p dir=\"ltr\">Disse vilk\u00e5r udg\u00f8r hele aftalen mellem dig og os, der erstatter tidligere aftaler. Desuden favoriserer uklarheder i fortolkningen ikke nogen af parterne.<\/p><h2 dir=\"ltr\">Afsnit 21 \u2013 Kontaktoplysninger<\/h2><p dir=\"ltr\">For sp\u00f8rgsm\u00e5l om disse vilk\u00e5r for brug, kontakt os p\u00e5 info@vapeenjoy.com.<\/p><p dir=\"ltr\">Tak fordi du har gennemg\u00e5et vores vilk\u00e5r og betingelser. Vi str\u00e6ber efter at sikre en problemfri og sikker oplevelse p\u00e5 VapeEnjoy.com.<\/p>\t\t\t\t\t\t\t\t<\/div>\n\t\t\t\t\t<\/div>\n\t\t\t\t<\/div>\n\t\t<div class=\"wd-negative-gap elementor-element elementor-element-a291d96 e-flex e-con-boxed e-con e-parent\" data-id=\"a291d96\" data-element_type=\"container\">\n\t\t\t\t\t<div class=\"e-con-inner\">\n\t\t\t\t<div class=\"elementor-element elementor-element-3013edb elementor-widget elementor-widget-wd_image_or_svg\" data-id=\"3013edb\" data-element_type=\"widget\" data-widget_type=\"wd_image_or_svg.default\">\n\t\t\t\t<div class=\"elementor-widget-container\">\n\t\t\t\t\t\n\t\t<div class=\"wd-image text-left\">\n\t\t\t\t\t\t\t\t<img fetchpriority=\"high\" decoding=\"async\" width=\"1300\" height=\"900\" src=\"https:\/\/vapeenjoy.com\/wp-content\/uploads\/2025\/08\/Brand.png\" class=\"attachment-full size-full\" alt=\"Vapeenjoy m\u00e6rke\" srcset=\"https:\/\/vapeenjoy.com\/wp-content\/uploads\/2025\/08\/Brand.png 1300w, https:\/\/vapeenjoy.com\/wp-content\/uploads\/2025\/08\/Brand-300x208.png 300w, https:\/\/vapeenjoy.com\/wp-content\/uploads\/2025\/08\/Brand-1024x709.png 1024w, https:\/\/vapeenjoy.com\/wp-content\/uploads\/2025\/08\/Brand-768x532.png 768w, https:\/\/vapeenjoy.com\/wp-content\/uploads\/2025\/08\/Brand-1200x831.png 1200w, https:\/\/vapeenjoy.com\/wp-content\/uploads\/2025\/08\/Brand-150x104.png 150w\" sizes=\"(max-width: 1300px) 100vw, 1300px\" \/>\t\t\t\t\t<\/div>\n\n\t\t\t\t\t\t<\/div>\n\t\t\t\t<\/div>\n\t\t\t\t\t<\/div>\n\t\t\t\t<\/div>\n\t\t\t\t<\/div>","protected":false},"excerpt":{"rendered":"<p>Terms and Conditions for Vapeenjoy.com Welcome to Vapeenjoy.com, your premier destination for disposable vape. Vapeenjoy operates this website and commits<\/p>","protected":false},"author":1,"featured_media":0,"parent":0,"menu_order":0,"comment_status":"closed","ping_status":"closed","template":"","meta":{"footnotes":""},"class_list":["post-1954","page","type-page","status-publish","hentry"],"yoast_head":"<!-- This site is optimized with the Yoast SEO plugin v25.7 - https:\/\/yoast.com\/wordpress\/plugins\/seo\/ -->\n<title>Vapeenjoy Terms and Conditions - Your Guide to Our Policies<\/title>\n<meta name=\"description\" content=\"Review Vapeenjoy Terms and Conditions for our policies, user responsibilities, and legal guidelines to ensure seamless vaping experience.\" \/>\n<meta name=\"robots\" content=\"index, follow, max-snippet:-1, max-image-preview:large, max-video-preview:-1\" \/>\n<link rel=\"canonical\" href=\"https:\/\/vapeenjoy.com\/da\/vilkar-og-betingelser\/\" \/>\n<meta property=\"og:locale\" content=\"da_DK\" \/>\n<meta property=\"og:type\" content=\"article\" \/>\n<meta property=\"og:title\" content=\"Vapeenjoy Terms and Conditions - Your Guide to Our Policies\" \/>\n<meta property=\"og:description\" content=\"Review Vapeenjoy Terms and Conditions for our policies, user responsibilities, and legal guidelines to ensure seamless vaping experience.\" \/>\n<meta property=\"og:url\" content=\"https:\/\/vapeenjoy.com\/da\/vilkar-og-betingelser\/\" \/>\n<meta property=\"og:site_name\" content=\"vapeenjoy\" \/>\n<meta property=\"article:modified_time\" content=\"2025-08-27T01:27:48+00:00\" \/>\n<meta property=\"og:image\" content=\"https:\/\/vapeenjoy.com\/wp-content\/uploads\/2025\/08\/Brand.png\" \/>\n<meta name=\"twitter:card\" content=\"summary_large_image\" \/>\n<meta name=\"twitter:label1\" content=\"Estimeret l\u00e6setid\" \/>\n\t<meta name=\"twitter:data1\" content=\"5 minutter\" \/>\n<script type=\"application\/ld+json\" class=\"yoast-schema-graph\">{\"@context\":\"https:\/\/schema.org\",\"@graph\":[{\"@type\":\"WebPage\",\"@id\":\"https:\/\/vapeenjoy.com\/terms-and-conditions\/\",\"url\":\"https:\/\/vapeenjoy.com\/terms-and-conditions\/\",\"name\":\"Vapeenjoy Terms and Conditions - Your Guide to Our Policies\",\"isPartOf\":{\"@id\":\"https:\/\/vapeenjoy.com\/#website\"},\"primaryImageOfPage\":{\"@id\":\"https:\/\/vapeenjoy.com\/terms-and-conditions\/#primaryimage\"},\"image\":{\"@id\":\"https:\/\/vapeenjoy.com\/terms-and-conditions\/#primaryimage\"},\"thumbnailUrl\":\"https:\/\/vapeenjoy.com\/wp-content\/uploads\/2025\/08\/Brand.png\",\"datePublished\":\"2025-08-11T06:51:29+00:00\",\"dateModified\":\"2025-08-27T01:27:48+00:00\",\"description\":\"Review Vapeenjoy Terms and Conditions for our policies, user responsibilities, and legal guidelines to ensure seamless vaping experience.\",\"breadcrumb\":{\"@id\":\"https:\/\/vapeenjoy.com\/terms-and-conditions\/#breadcrumb\"},\"inLanguage\":\"da-DK\",\"potentialAction\":[{\"@type\":\"ReadAction\",\"target\":[\"https:\/\/vapeenjoy.com\/terms-and-conditions\/\"]}]},{\"@type\":\"ImageObject\",\"inLanguage\":\"da-DK\",\"@id\":\"https:\/\/vapeenjoy.com\/terms-and-conditions\/#primaryimage\",\"url\":\"https:\/\/vapeenjoy.com\/wp-content\/uploads\/2025\/08\/Brand.png\",\"contentUrl\":\"https:\/\/vapeenjoy.com\/wp-content\/uploads\/2025\/08\/Brand.png\"},{\"@type\":\"BreadcrumbList\",\"@id\":\"https:\/\/vapeenjoy.com\/terms-and-conditions\/#breadcrumb\",\"itemListElement\":[{\"@type\":\"ListItem\",\"position\":1,\"name\":\"Home\",\"item\":\"https:\/\/vapeenjoy.com\/\"},{\"@type\":\"ListItem\",\"position\":2,\"name\":\"terms and Conditions\"}]},{\"@type\":\"WebSite\",\"@id\":\"https:\/\/vapeenjoy.com\/#website\",\"url\":\"https:\/\/vapeenjoy.com\/\",\"name\":\"vapeenjoy\",\"description\":\"An online store for selling vapes\",\"potentialAction\":[{\"@type\":\"SearchAction\",\"target\":{\"@type\":\"EntryPoint\",\"urlTemplate\":\"https:\/\/vapeenjoy.com\/?s={search_term_string}\"},\"query-input\":{\"@type\":\"PropertyValueSpecification\",\"valueRequired\":true,\"valueName\":\"search_term_string\"}}],\"inLanguage\":\"da-DK\"}]}<\/script>\n<!-- \/ Yoast SEO plugin. -->","yoast_head_json":{"title":"Vapeenjoy vilk\u00e5r og betingelser - din guide til vores politikker","description":"Gennemg\u00e5 VapeEnjoy vilk\u00e5r og betingelser for vores politikker, brugeransvar og juridiske retningslinjer for at sikre problemfri vapingoplevelse.","robots":{"index":"index","follow":"follow","max-snippet":"max-snippet:-1","max-image-preview":"max-image-preview:large","max-video-preview":"max-video-preview:-1"},"canonical":"https:\/\/vapeenjoy.com\/da\/vilkar-og-betingelser\/","og_locale":"da_DK","og_type":"article","og_title":"Vapeenjoy Terms and Conditions - Your Guide to Our Policies","og_description":"Review Vapeenjoy Terms and Conditions for our policies, user responsibilities, and legal guidelines to ensure seamless vaping experience.","og_url":"https:\/\/vapeenjoy.com\/da\/vilkar-og-betingelser\/","og_site_name":"vapeenjoy","article_modified_time":"2025-08-27T01:27:48+00:00","og_image":[{"url":"https:\/\/vapeenjoy.com\/wp-content\/uploads\/2025\/08\/Brand.png","type":"","width":"","height":""}],"twitter_card":"summary_large_image","twitter_misc":{"Estimeret l\u00e6setid":"5 minutter"},"schema":{"@context":"https:\/\/schema.org","@graph":[{"@type":"WebPage","@id":"https:\/\/vapeenjoy.com\/terms-and-conditions\/","url":"https:\/\/vapeenjoy.com\/terms-and-conditions\/","name":"Vapeenjoy vilk\u00e5r og betingelser - din guide til vores politikker","isPartOf":{"@id":"https:\/\/vapeenjoy.com\/#website"},"primaryImageOfPage":{"@id":"https:\/\/vapeenjoy.com\/terms-and-conditions\/#primaryimage"},"image":{"@id":"https:\/\/vapeenjoy.com\/terms-and-conditions\/#primaryimage"},"thumbnailUrl":"https:\/\/vapeenjoy.com\/wp-content\/uploads\/2025\/08\/Brand.png","datePublished":"2025-08-11T06:51:29+00:00","dateModified":"2025-08-27T01:27:48+00:00","description":"Gennemg\u00e5 VapeEnjoy vilk\u00e5r og betingelser for vores politikker, brugeransvar og juridiske retningslinjer for at sikre problemfri vapingoplevelse.","breadcrumb":{"@id":"https:\/\/vapeenjoy.com\/terms-and-conditions\/#breadcrumb"},"inLanguage":"da-DK","potentialAction":[{"@type":"ReadAction","target":["https:\/\/vapeenjoy.com\/terms-and-conditions\/"]}]},{"@type":"ImageObject","inLanguage":"da-DK","@id":"https:\/\/vapeenjoy.com\/terms-and-conditions\/#primaryimage","url":"https:\/\/vapeenjoy.com\/wp-content\/uploads\/2025\/08\/Brand.png","contentUrl":"https:\/\/vapeenjoy.com\/wp-content\/uploads\/2025\/08\/Brand.png"},{"@type":"BreadcrumbList","@id":"https:\/\/vapeenjoy.com\/terms-and-conditions\/#breadcrumb","itemListElement":[{"@type":"ListItem","position":1,"name":"Home","item":"https:\/\/vapeenjoy.com\/"},{"@type":"ListItem","position":2,"name":"terms and Conditions"}]},{"@type":"WebSite","@id":"https:\/\/vapeenjoy.com\/#website","url":"https:\/\/vapeenjoy.com\/","name":"VapeenJoy","description":"en online butik til salg af dampe","potentialAction":[{"@type":"SearchAction","target":{"@type":"EntryPoint","urlTemplate":"https:\/\/vapeenjoy.com\/?s={search_term_string}"},"query-input":{"@type":"PropertyValueSpecification","valueRequired":true,"valueName":"search_term_string"}}],"inLanguage":"da-DK"}]}},"_links":{"self":[{"href":"https:\/\/vapeenjoy.com\/da\/wp-json\/wp\/v2\/pages\/1954","targetHints":{"allow":["GET"]}}],"collection":[{"href":"https:\/\/vapeenjoy.com\/da\/wp-json\/wp\/v2\/pages"}],"about":[{"href":"https:\/\/vapeenjoy.com\/da\/wp-json\/wp\/v2\/types\/page"}],"author":[{"embeddable":true,"href":"https:\/\/vapeenjoy.com\/da\/wp-json\/wp\/v2\/users\/1"}],"replies":[{"embeddable":true,"href":"https:\/\/vapeenjoy.com\/da\/wp-json\/wp\/v2\/comments?post=1954"}],"version-history":[{"count":21,"href":"https:\/\/vapeenjoy.com\/da\/wp-json\/wp\/v2\/pages\/1954\/revisions"}],"predecessor-version":[{"id":2628,"href":"https:\/\/vapeenjoy.com\/da\/wp-json\/wp\/v2\/pages\/1954\/revisions\/2628"}],"wp:attachment":[{"href":"https:\/\/vapeenjoy.com\/da\/wp-json\/wp\/v2\/media?parent=1954"}],"curies":[{"name":"wp","href":"https:\/\/api.w.org\/{rel}","templated":true}]}}