{"id":3,"date":"2025-07-15T07:17:12","date_gmt":"2025-07-15T07:17:12","guid":{"rendered":"https:\/\/vapeenjoy.com\/?page_id=3"},"modified":"2025-12-05T01:54:29","modified_gmt":"2025-12-05T01:54:29","slug":"vapeenjoy-privacy-policy","status":"publish","type":"page","link":"https:\/\/vapeenjoy.com\/da\/vapeenjoy-privatlivspolitik\/","title":{"rendered":"Privatlivspolitik"},"content":{"rendered":"<div data-elementor-type=\"wp-page\" data-elementor-id=\"3\" class=\"elementor elementor-3\">\n\t\t\t\t<div class=\"wd-negative-gap elementor-element elementor-element-4be8a2fa e-flex e-con-boxed e-con e-parent\" data-id=\"4be8a2fa\" data-element_type=\"container\">\n\t\t\t\t\t<div class=\"e-con-inner\">\n\t\t\t\t<div class=\"elementor-element elementor-element-4c66531 color-scheme-inherit text-left elementor-widget elementor-widget-text-editor\" data-id=\"4c66531\" data-element_type=\"widget\" data-widget_type=\"text-editor.default\">\n\t\t\t\t\t\t\t\t\t<h2>Privatlivspolitik<\/h2><p>Denne privatlivspolitik forklarer, hvordan Vapeenjoy (herefter ben\u00e6vnt \"webstedet\" eller \"vi\") indsamler, bruger og videregiver dine personlige oplysninger, n\u00e5r du bes\u00f8ger eller foretager k\u00f8b p\u00e5 vores websted.<\/p><h2>kontakte<\/h2><p>Hvis du har sp\u00f8rgsm\u00e5l, har brug for mere information om vores privatlivspraksis eller gerne vil indgive en klage, bedes du kontakte os via e-mail p\u00e5\u00a0palpitate_2004@qq.com\u00a0efter at have l\u00e6st denne politik.<\/p><h2>Indsamling af personlige data<\/h2><p>N\u00e5r du bes\u00f8ger vores hjemmeside, indsamler vi visse oplysninger om din enhed, dine interaktioner med hjemmesiden og detaljer, der er n\u00f8dvendige for at behandle dine k\u00f8b. Hvis du kontakter os for kundeservice, kan vi indsamle yderligere oplysninger. I denne politik omtales alle data vedr\u00f8rende en identificerbar person som \"personlige data\". Nedenfor finder du detaljer om de personlige data, vi indsamler, og hvorfor vi indsamler dem:<\/p><h3>enhedsoplysninger<\/h3><h4>Form\u00e5l:<\/h4><p>At indl\u00e6se hjemmesiden korrekt for dig og udf\u00f8re analyser for at optimere hjemmesiden.<\/p><h4>Kilde:<\/h4><p>Samlet automatisk via cookies, logfiler, web-beacons, tags eller pixels, n\u00e5r du f\u00e5r adgang til vores hjemmeside.<\/p><h4>Personlige data indsamlet:<\/h4><p>Webbrowserversion, IP-adresse, tidszone, cookiedetaljer, sider eller produkter, der vises, s\u00f8getermer og webstedsinteraktion.<\/p><h3>Bestil information<\/h3><h4>Form\u00e5l:<\/h4><p>At levere produkter\/tjenester, behandle betalinger, arrangere forsendelse, udstede fakturaer\/bekr\u00e6ftelser, kommunikere med dig, screene ordrer for risiko\/svig og sende produktrelateret information eller annoncering baseret p\u00e5 dine pr\u00e6ferencer.<\/p><h4>Kilde:<\/h4><p>indsamlet direkte fra dig.<\/p><h4>Personlige data indsamlet:<\/h4><p>navn, faktureringsadresse, leveringsadresse, betalingsoplysninger (inklusive kreditkortnumre, e-mailadresse og telefonnummer.<\/p><h3>Kundeserviceoplysninger<\/h3><h4>Form\u00e5l:<\/h4><p>At optimere brugen af webstedet og yde kundeservice.<\/p><h4>Kilde:<\/h4><p>automatisk afhentes, n\u00e5r du tilg\u00e5r vores hjemmeside.<\/p><h4>Form\u00e5l:<\/h4><p>at yde kundeservice.<\/p><h4>Kilde:<\/h4><p>indsamlet direkte fra dig.<\/p><h2>mindre\u00e5rige<\/h2><p>Vores hjemmeside er ikke beregnet til personer under 21 \u00e5r. Vi indsamler ikke bevidst personlige oplysninger fra b\u00f8rn. Hvis du mener, at dit barn har givet os personlige oplysninger, bedes du kontakte os for at anmode om sletning.<\/p><h2>Videregivelse af personlige data<\/h2><p>Vi deler dine personlige oplysninger med tjenesteudbydere for at hj\u00e6lpe med at levere tjenester og opfylde kontrakter med dig. Dette kan omfatte deling af oplysninger for at overholde love, svare p\u00e5 juridiske anmodninger eller beskytte vores rettigheder.<\/p><h2>adf\u00e6rdsreklame<\/h2><p>Vi bruger dine personlige oplysninger til at m\u00e5lrette mod annoncering eller marketingkommunikation, som vi mener kan v\u00e6re af interesse for dig. Dette omfatter deling af oplysninger med reklamepartnere. Du kan afmelde visse tjenester ved at bruge de angivne links.<\/p><h2>Brug af personlige data<\/h2><p>Vi bruger dine personlige oplysninger til at levere tjenester s\u00e5som produktsalg, betalingsbehandling, ordreopfyldelse og information om nye produkter, tjenester og tilbud.<\/p><h2>lovlig basis<\/h2><p>I henhold til GDPR, hvis du befinder dig i E\u00d8S, behandler vi dine personoplysninger p\u00e5 forskellige juridiske grundlag, der er angivet i forordningen.<\/p><h2>oplagring<\/h2><p>Vi opbevarer dine personlige oplysninger til vores registre, medmindre du anmoder om det at slette dem.<\/p><h2>Automatiseret beslutningstagning<\/h2><p>Vi udf\u00f8rer ikke fuldt automatiserede beslutningsprocesser med juridiske implikationer ved hj\u00e6lp af kundedata.<\/p><h2>Salg af personlige data<\/h2><p>Vores hjemmeside s\u00e6lger personlige oplysninger som defineret af CCPA. Detaljer om de solgte kategorier og fravalgsinstruktioner er tilg\u00e6ngelige.<\/p><h2>Dine rettigheder<\/h2><p>E\u00d8S- og Californiens beboere har ret til at f\u00e5 adgang til, rette, opdatere eller slette deres personlige oplysninger. Instruktioner om, hvordan man ud\u00f8ver disse rettigheder, er givet.<\/p><h2>sm\u00e5kager<\/h2><p>Vi bruger cookies til at forbedre din browsingoplevelse. Du kan styre og administrere cookies gennem dine browserindstillinger.<\/p><h2>M\u00e5 ikke spores<\/h2><p>Vi \u00e6ndrer ikke vores datapraksis som svar p\u00e5 browserens \"ikke spor\"-signaler.<\/p><h2>vekslearbejde<\/h2><p>Vi kan opdatere denne privatlivspolitik fra tid til anden for at afspejle operationelle, juridiske eller lovgivningsm\u00e6ssige \u00e6ndringer.<\/p><h2>klager<\/h2><p>Hvis du har nogen klager, bedes du kontakte os via e-mail eller poste ved hj\u00e6lp af detaljerne under \"Kontakt\".<\/p><p>Tak fordi du l\u00e6ste vores privatlivspolitik p\u00e5\u00a0<a class=\"wpil_keyword_link\" title=\"shopvaper\" href=\"https:\/\/vapeenjoy.com\/\" data-wpil-keyword-link=\"linked\" data-wpil-monitor-id=\"6\">vapeengl\u00e6de.<\/a><\/p>\t\t\t\t\t\t\t\t<\/div>\n\t\t\t\t\t<\/div>\n\t\t\t\t<\/div>\n\t\t<div class=\"wd-negative-gap elementor-element elementor-element-9df7240 e-flex e-con-boxed e-con e-parent\" data-id=\"9df7240\" data-element_type=\"container\">\n\t\t\t\t\t<div class=\"e-con-inner\">\n\t\t\t\t<div class=\"elementor-element elementor-element-8b3b697 elementor-widget elementor-widget-wd_image_or_svg\" data-id=\"8b3b697\" data-element_type=\"widget\" data-widget_type=\"wd_image_or_svg.default\">\n\t\t\t\t<div class=\"elementor-widget-container\">\n\t\t\t\t\t\n\t\t<div class=\"wd-image text-left\">\n\t\t\t\t\t\t\t\t<img fetchpriority=\"high\" decoding=\"async\" width=\"1210\" height=\"800\" src=\"https:\/\/vapeenjoy.com\/wp-content\/uploads\/2025\/08\/Real-photos.png\" class=\"attachment-full size-full\" alt=\"vape rigtige billeder\" srcset=\"https:\/\/vapeenjoy.com\/wp-content\/uploads\/2025\/08\/Real-photos.png 1210w, https:\/\/vapeenjoy.com\/wp-content\/uploads\/2025\/08\/Real-photos-300x198.png 300w, https:\/\/vapeenjoy.com\/wp-content\/uploads\/2025\/08\/Real-photos-1024x677.png 1024w, https:\/\/vapeenjoy.com\/wp-content\/uploads\/2025\/08\/Real-photos-768x508.png 768w, https:\/\/vapeenjoy.com\/wp-content\/uploads\/2025\/08\/Real-photos-1200x793.png 1200w, https:\/\/vapeenjoy.com\/wp-content\/uploads\/2025\/08\/Real-photos-150x99.png 150w\" sizes=\"(max-width: 1210px) 100vw, 1210px\" \/>\t\t\t\t\t<\/div>\n\n\t\t\t\t\t\t<\/div>\n\t\t\t\t<\/div>\n\t\t\t\t\t<\/div>\n\t\t\t\t<\/div>\n\t\t\t\t<\/div>","protected":false},"excerpt":{"rendered":"<p>Privacy Policy This Privacy Policy explains how Vapeenjoy (hereinafter referred to as \u201cthe Site\u201d or \u201cwe\u201d) collects, uses, and discloses<\/p>","protected":false},"author":1,"featured_media":0,"parent":0,"menu_order":0,"comment_status":"closed","ping_status":"open","template":"","meta":{"footnotes":""},"class_list":["post-3","page","type-page","status-publish","hentry"],"yoast_head":"<!-- This site is optimized with the Yoast SEO plugin v25.7 - https:\/\/yoast.com\/wordpress\/plugins\/seo\/ -->\n<title>Privacy Policy on the sale of vape on the vapeenjoy website<\/title>\n<meta name=\"description\" content=\"Learn how we protect your privacy. This privacy policy explains how we use your personal information when you use our vape website.\" \/>\n<meta name=\"robots\" content=\"index, follow, max-snippet:-1, max-image-preview:large, max-video-preview:-1\" \/>\n<link rel=\"canonical\" href=\"https:\/\/vapeenjoy.com\/da\/vapeenjoy-privatlivspolitik\/\" \/>\n<meta property=\"og:locale\" content=\"da_DK\" \/>\n<meta property=\"og:type\" content=\"article\" \/>\n<meta property=\"og:title\" content=\"Privacy Policy on the sale of vape on the vapeenjoy website\" \/>\n<meta property=\"og:description\" content=\"Learn how we protect your privacy. This privacy policy explains how we use your personal information when you use our vape website.\" \/>\n<meta property=\"og:url\" content=\"https:\/\/vapeenjoy.com\/da\/vapeenjoy-privatlivspolitik\/\" \/>\n<meta property=\"og:site_name\" content=\"vapeenjoy\" \/>\n<meta property=\"article:modified_time\" content=\"2025-12-05T01:54:29+00:00\" \/>\n<meta property=\"og:image\" content=\"https:\/\/vapeenjoy.com\/wp-content\/uploads\/2025\/08\/Real-photos.png\" \/>\n<meta name=\"twitter:card\" content=\"summary_large_image\" \/>\n<meta name=\"twitter:label1\" content=\"Estimeret l\u00e6setid\" \/>\n\t<meta name=\"twitter:data1\" content=\"1 minut\" \/>\n<script type=\"application\/ld+json\" class=\"yoast-schema-graph\">{\"@context\":\"https:\/\/schema.org\",\"@graph\":[{\"@type\":\"WebPage\",\"@id\":\"https:\/\/vapeenjoy.com\/vapeenjoy-privacy-policy\/\",\"url\":\"https:\/\/vapeenjoy.com\/vapeenjoy-privacy-policy\/\",\"name\":\"Privacy Policy on the sale of vape on the vapeenjoy website\",\"isPartOf\":{\"@id\":\"https:\/\/vapeenjoy.com\/#website\"},\"primaryImageOfPage\":{\"@id\":\"https:\/\/vapeenjoy.com\/vapeenjoy-privacy-policy\/#primaryimage\"},\"image\":{\"@id\":\"https:\/\/vapeenjoy.com\/vapeenjoy-privacy-policy\/#primaryimage\"},\"thumbnailUrl\":\"https:\/\/vapeenjoy.com\/wp-content\/uploads\/2025\/08\/Real-photos.png\",\"datePublished\":\"2025-07-15T07:17:12+00:00\",\"dateModified\":\"2025-12-05T01:54:29+00:00\",\"description\":\"Learn how we protect your privacy. This privacy policy explains how we use your personal information when you use our vape website.\",\"breadcrumb\":{\"@id\":\"https:\/\/vapeenjoy.com\/vapeenjoy-privacy-policy\/#breadcrumb\"},\"inLanguage\":\"da-DK\",\"potentialAction\":[{\"@type\":\"ReadAction\",\"target\":[\"https:\/\/vapeenjoy.com\/vapeenjoy-privacy-policy\/\"]}]},{\"@type\":\"ImageObject\",\"inLanguage\":\"da-DK\",\"@id\":\"https:\/\/vapeenjoy.com\/vapeenjoy-privacy-policy\/#primaryimage\",\"url\":\"https:\/\/vapeenjoy.com\/wp-content\/uploads\/2025\/08\/Real-photos.png\",\"contentUrl\":\"https:\/\/vapeenjoy.com\/wp-content\/uploads\/2025\/08\/Real-photos.png\"},{\"@type\":\"BreadcrumbList\",\"@id\":\"https:\/\/vapeenjoy.com\/vapeenjoy-privacy-policy\/#breadcrumb\",\"itemListElement\":[{\"@type\":\"ListItem\",\"position\":1,\"name\":\"Home\",\"item\":\"https:\/\/vapeenjoy.com\/\"},{\"@type\":\"ListItem\",\"position\":2,\"name\":\"Privacy Policy\"}]},{\"@type\":\"WebSite\",\"@id\":\"https:\/\/vapeenjoy.com\/#website\",\"url\":\"https:\/\/vapeenjoy.com\/\",\"name\":\"vapeenjoy\",\"description\":\"An online store for selling vapes\",\"potentialAction\":[{\"@type\":\"SearchAction\",\"target\":{\"@type\":\"EntryPoint\",\"urlTemplate\":\"https:\/\/vapeenjoy.com\/?s={search_term_string}\"},\"query-input\":{\"@type\":\"PropertyValueSpecification\",\"valueRequired\":true,\"valueName\":\"search_term_string\"}}],\"inLanguage\":\"da-DK\"}]}<\/script>\n<!-- \/ Yoast SEO plugin. -->","yoast_head_json":{"title":"Privatlivspolitik om salg af vape p\u00e5 VapeEnjoy-webstedet","description":"L\u00e6r, hvordan vi beskytter dit privatliv. Denne privatlivspolitik forklarer, hvordan vi bruger dine personlige oplysninger, n\u00e5r du bruger vores vape-websted.","robots":{"index":"index","follow":"follow","max-snippet":"max-snippet:-1","max-image-preview":"max-image-preview:large","max-video-preview":"max-video-preview:-1"},"canonical":"https:\/\/vapeenjoy.com\/da\/vapeenjoy-privatlivspolitik\/","og_locale":"da_DK","og_type":"article","og_title":"Privacy Policy on the sale of vape on the vapeenjoy website","og_description":"Learn how we protect your privacy. This privacy policy explains how we use your personal information when you use our vape website.","og_url":"https:\/\/vapeenjoy.com\/da\/vapeenjoy-privatlivspolitik\/","og_site_name":"vapeenjoy","article_modified_time":"2025-12-05T01:54:29+00:00","og_image":[{"url":"https:\/\/vapeenjoy.com\/wp-content\/uploads\/2025\/08\/Real-photos.png","type":"","width":"","height":""}],"twitter_card":"summary_large_image","twitter_misc":{"Estimeret l\u00e6setid":"1 minut"},"schema":{"@context":"https:\/\/schema.org","@graph":[{"@type":"WebPage","@id":"https:\/\/vapeenjoy.com\/vapeenjoy-privacy-policy\/","url":"https:\/\/vapeenjoy.com\/vapeenjoy-privacy-policy\/","name":"Privatlivspolitik om salg af vape p\u00e5 VapeEnjoy-webstedet","isPartOf":{"@id":"https:\/\/vapeenjoy.com\/#website"},"primaryImageOfPage":{"@id":"https:\/\/vapeenjoy.com\/vapeenjoy-privacy-policy\/#primaryimage"},"image":{"@id":"https:\/\/vapeenjoy.com\/vapeenjoy-privacy-policy\/#primaryimage"},"thumbnailUrl":"https:\/\/vapeenjoy.com\/wp-content\/uploads\/2025\/08\/Real-photos.png","datePublished":"2025-07-15T07:17:12+00:00","dateModified":"2025-12-05T01:54:29+00:00","description":"L\u00e6r, hvordan vi beskytter dit privatliv. Denne privatlivspolitik forklarer, hvordan vi bruger dine personlige oplysninger, n\u00e5r du bruger vores vape-websted.","breadcrumb":{"@id":"https:\/\/vapeenjoy.com\/vapeenjoy-privacy-policy\/#breadcrumb"},"inLanguage":"da-DK","potentialAction":[{"@type":"ReadAction","target":["https:\/\/vapeenjoy.com\/vapeenjoy-privacy-policy\/"]}]},{"@type":"ImageObject","inLanguage":"da-DK","@id":"https:\/\/vapeenjoy.com\/vapeenjoy-privacy-policy\/#primaryimage","url":"https:\/\/vapeenjoy.com\/wp-content\/uploads\/2025\/08\/Real-photos.png","contentUrl":"https:\/\/vapeenjoy.com\/wp-content\/uploads\/2025\/08\/Real-photos.png"},{"@type":"BreadcrumbList","@id":"https:\/\/vapeenjoy.com\/vapeenjoy-privacy-policy\/#breadcrumb","itemListElement":[{"@type":"ListItem","position":1,"name":"Home","item":"https:\/\/vapeenjoy.com\/"},{"@type":"ListItem","position":2,"name":"Privacy Policy"}]},{"@type":"WebSite","@id":"https:\/\/vapeenjoy.com\/#website","url":"https:\/\/vapeenjoy.com\/","name":"VapeenJoy","description":"en online butik til salg af dampe","potentialAction":[{"@type":"SearchAction","target":{"@type":"EntryPoint","urlTemplate":"https:\/\/vapeenjoy.com\/?s={search_term_string}"},"query-input":{"@type":"PropertyValueSpecification","valueRequired":true,"valueName":"search_term_string"}}],"inLanguage":"da-DK"}]}},"_links":{"self":[{"href":"https:\/\/vapeenjoy.com\/da\/wp-json\/wp\/v2\/pages\/3","targetHints":{"allow":["GET"]}}],"collection":[{"href":"https:\/\/vapeenjoy.com\/da\/wp-json\/wp\/v2\/pages"}],"about":[{"href":"https:\/\/vapeenjoy.com\/da\/wp-json\/wp\/v2\/types\/page"}],"author":[{"embeddable":true,"href":"https:\/\/vapeenjoy.com\/da\/wp-json\/wp\/v2\/users\/1"}],"replies":[{"embeddable":true,"href":"https:\/\/vapeenjoy.com\/da\/wp-json\/wp\/v2\/comments?post=3"}],"version-history":[{"count":14,"href":"https:\/\/vapeenjoy.com\/da\/wp-json\/wp\/v2\/pages\/3\/revisions"}],"predecessor-version":[{"id":3145,"href":"https:\/\/vapeenjoy.com\/da\/wp-json\/wp\/v2\/pages\/3\/revisions\/3145"}],"wp:attachment":[{"href":"https:\/\/vapeenjoy.com\/da\/wp-json\/wp\/v2\/media?parent=3"}],"curies":[{"name":"wp","href":"https:\/\/api.w.org\/{rel}","templated":true}]}}