{"id":173,"date":"2025-07-18T07:42:36","date_gmt":"2025-07-18T07:42:36","guid":{"rendered":"https:\/\/vapeenjoy.com\/?post_type=product&#038;p=173"},"modified":"2025-09-03T07:05:44","modified_gmt":"2025-09-03T07:05:44","slug":"fumot-tornado-25000-puffs-disposable-vape","status":"publish","type":"product","link":"https:\/\/vapeenjoy.com\/da\/vare\/fumot-tornado-25000-puffs-engangsdamp\/","title":{"rendered":"Fumot Tornado 25000 Puffs engangsvape 20ml 2-5% Nikotin Type-C Genopladelig"},"content":{"rendered":"<h2 dir=\"ltr\" data-pm-slice=\"1 3 []\">Fumot Tornado 25000 Puffs engangs vape Produktbeskrivelse<\/h2>\n<p dir=\"ltr\">Fumot, et f\u00f8rende navn i vapingindustrien under Fumot Tech, er bredt anerkendt for sine h\u00f8jkvalitets engangsdampe. Konkret l\u00e6gger m\u00e6rket v\u00e6gt p\u00e5 smagsvariation og langvarig ydeevne. Som f\u00f8lge heraf fremst\u00e5r Fumot Tornado 25000 Puffs engangsvape som en enest\u00e5ende enhed, der tilbyder en imponerende puft\u00e6lling og et slankt, brugervenligt design.<\/p>\n<h2 dir=\"ltr\">design og visuel appel<\/h2>\n<p dir=\"ltr\">Desuden er dens kompakte, cylindriske form prydet med levende gradientfarver og legende alien-kunstv\u00e6rker. Derudover blinker RGB LED-lys med hvert pust, og derved forbedrer enhedens dynamiske visuelle appel, mens de problemfrit komplementerer dens robuste funktionalitet.<\/p>\n<h2 dir=\"ltr\">Produktspecifikationer<\/h2>\n<ul class=\"tight\" dir=\"ltr\" data-tight=\"true\">\n<li>\n<p dir=\"ltr\"><strong>pustende greve<\/strong>: Op til 25.000 \u2013 Sikrer forl\u00e6nget vaping-varighed, hvilket reducerer behovet for hyppige udskiftninger markant og fremmer langvarig nydelse.<\/p>\n<\/li>\n<li>\n<p dir=\"ltr\"><strong>e-v\u00e6skekapacitet<\/strong>: 20 ml \u2013 Forfyldt med nikotinsalt e-v\u00e6ske, hvilket sikrer ensartet smagslevering under hele brugen.<\/p>\n<\/li>\n<li>\n<p dir=\"ltr\"><strong>Nikotinstyrke<\/strong>:\u00a0 2%, 3%, 5% \u2013 tilbyder flere muligheder, og derved tilgodeser forskellige pr\u00e6ferencer, lige fra nikotinfri til st\u00e6rkere hits.<\/p>\n<\/li>\n<li>\n<p dir=\"ltr\"><strong>batteri<\/strong>: 700mAh genopladelig \u2013 Udstyret med et batteri med h\u00f8j kapacitet, som underst\u00f8tter l\u00e6ngerevarende brug og desuden genoplades bekvemt via en Type-C-port.<\/p>\n<\/li>\n<li>\n<p dir=\"ltr\"><strong>spole type<\/strong>: Dual-core dual mesh spole \u2013 Forbedrer smags- og dampproduktionen og leverer dermed rig smag og t\u00e6tte skyer med hvert pust.<\/p>\n<\/li>\n<li>\n<p dir=\"ltr\"><strong>luftstr\u00f8m<\/strong>: Justerbar \u2013 Giver brugerne mulighed for at tilpasse tr\u00e6kintensiteten, og skifter problemfrit fra et stramt mund-til-lunge-pust til en mere \u00e5ben luftstr\u00f8m.<\/p>\n<\/li>\n<li>\n<p dir=\"ltr\"><strong>udstille<\/strong>: 1,77-tommer TFT-sk\u00e6rm \u2013 har en high-definition-sk\u00e6rm, der tydeligt viser batteri- og e-v\u00e6skeniveauer i realtid for ubesv\u00e6ret overv\u00e5gning.<\/p>\n<\/li>\n<li>\n<p dir=\"ltr\"><strong>aktivering<\/strong>: Draw-Activated \u2013 Forenkler driften med en inhale-aktiveret mekanisme, og eliminerer derved behovet for knapper eller komplekse indstillinger.<\/p>\n<\/li>\n<li>\n<p dir=\"ltr\"><strong>tyngde<\/strong>: 130 gram \u2013 let og b\u00e6rbar, hvilket g\u00f8r den ideel til daglig brug.<\/p>\n<\/li>\n<li>\n<p dir=\"ltr\"><strong>opladning<\/strong>: Type-C-port \u2013 Underst\u00f8tter hurtig opladning, hvilket minimerer nedetiden og sikrer, at enheden forbliver klar til brug.<\/p>\n<\/li>\n<li>\n<p dir=\"ltr\"><strong>visuel effekt<\/strong>: RGB LED-lys \u2013 Farverige lys lyser med hvert pust, hvilket yderligere forbedrer enhedens \u00e6stetiske appel.<\/p>\n<\/li>\n<\/ul>\n<h2 dir=\"ltr\">24 smagsmuligheder for hver gane<\/h2>\n<h3 dir=\"ltr\">frugtagtige smage<\/h3>\n<ol class=\"tight\" dir=\"ltr\" data-tight=\"true\">\n<li>\n<p dir=\"ltr\"><strong>bananis<\/strong> \u2013 Cremet banan med en k\u00f8lig, iskold finish, der leverer en glat og forfriskende vape.<\/p>\n<\/li>\n<li>\n<p dir=\"ltr\"><strong>jordb\u00e6r vandmelon<\/strong> \u2013 S\u00f8de jordb\u00e6r blandet med saftig vandmelon, hvilket skaber et forfriskende, frugtagtigt udbrud.<\/p>\n<\/li>\n<li>\n<p dir=\"ltr\"><strong>bl\u00e5b\u00e6r hindb\u00e6r<\/strong> \u2013 S\u00f8de bl\u00e5b\u00e6r parret med syrlige hindb\u00e6r, hvilket resulterer i en levende b\u00e6rblanding.<\/p>\n<\/li>\n<li>\n<p dir=\"ltr\"><strong>saftig fersken is<\/strong> \u2013 Moden fersken med en k\u00f8lende mentolfinish, som derfor byder p\u00e5 et s\u00f8dt og forfriskende hit.<\/p>\n<\/li>\n<li>\n<p dir=\"ltr\"><strong>jordb\u00e6r mango<\/strong> \u2013 S\u00f8de jordb\u00e6r kombineret med tropisk mango, hvilket resulterer i en saftig, eksotisk blanding.<\/p>\n<\/li>\n<li>\n<p dir=\"ltr\"><strong>fersken mango vandmelon<\/strong> \u2013 En tropisk trio af fersken, mango og vandmelon, der derved leverer en s\u00f8d, flerlags smag.<\/p>\n<\/li>\n<li>\n<p dir=\"ltr\"><strong>kiwi passionsfrugt guava<\/strong> \u2013 En tropisk trio af kiwi, passionsfrugt og guava, der dermed skaber en eksotisk, saftig vape.<\/p>\n<\/li>\n<\/ol>\n<h3 dir=\"ltr\">mentol og k\u00f8lende smag<\/h3>\n<ol class=\"tight\" dir=\"ltr\" start=\"8\" data-tight=\"true\">\n<li>\n<p dir=\"ltr\"><strong>Miami Mint<\/strong> \u2013 Spr\u00f8d, forfriskende mynte, som derfor tilbyder en ren og revitaliserende fornemmelse.<\/p>\n<\/li>\n<li>\n<p dir=\"ltr\"><strong>sort is<\/strong> \u2013 Fed bromb\u00e6rnoter med et k\u00f8ligt mentolkick, der derved giver en forfriskende vape.<\/p>\n<\/li>\n<li>\n<p dir=\"ltr\"><strong>vandmelon is<\/strong> \u2013 Saftig vandmelon med en k\u00f8lig mentolud\u00e5nding, og giver dermed en spr\u00f8d og fugtgivende damp.<\/p>\n<\/li>\n<li>\n<p dir=\"ltr\"><strong>bl\u00e5b\u00e6r p\u00e5 is<\/strong> \u2013 saftige bl\u00e5b\u00e6r med en frostklar mentolfinish, som derfor tilbyder en k\u00f8lig, frugtagtig vape.<\/p>\n<\/li>\n<li>\n<p dir=\"ltr\"><strong>jordb\u00e6ris<\/strong> \u2013 Modne jordb\u00e6r med en k\u00f8lende mentolud\u00e5nding, og giver dermed et s\u00f8dt og k\u00f8ligt hit.<\/p>\n<\/li>\n<li>\n<p dir=\"ltr\"><strong>frodig is<\/strong> \u2013 S\u00f8d vandmelon med iskold menthol, der derved giver en forfriskende, spr\u00f8d vape.<\/p>\n<\/li>\n<li>\n<p dir=\"ltr\"><strong>ananas is<\/strong> \u2013 Tropisk ananas med en k\u00f8lig mentolbrise, hvilket resulterer i en syrlig, forfriskende smag.<\/p>\n<\/li>\n<li>\n<p dir=\"ltr\"><strong>Grape Ice<\/strong> \u2013 S\u00f8d drue med et frostklart mentolkick, der derfor leverer en fed, k\u00f8lende vape.<\/p>\n<\/li>\n<\/ol>\n<h3 dir=\"ltr\">slik og s\u00f8de smage<\/h3>\n<ol class=\"tight\" dir=\"ltr\" start=\"16\" data-tight=\"true\">\n<li>\n<p dir=\"ltr\"><strong>hvid gummiis<\/strong> \u2013 S\u00f8d gummislik med et frostvridning, der minder om hvide gummibj\u00f8rne.<\/p>\n<\/li>\n<li>\n<p dir=\"ltr\"><strong>lyser\u00f8d limonade<\/strong> \u2013 S\u00f8d syrlig limonade med b\u00e6rhints, hvilket skaber en sommerlig, frisk vape.<\/p>\n<\/li>\n<li>\n<p dir=\"ltr\"><strong>Tropisk regnbueeksplosion<\/strong> \u2013 En levende blanding af tropiske frugter med sliklignende s\u00f8dme, der derfor tilbyder en farverig smagseksplosion.<\/p>\n<\/li>\n<li>\n<p dir=\"ltr\"><strong>jordb\u00e6r mynte slik<\/strong> \u2013 S\u00f8dt jordb\u00e6r med et mint slik twist, hvilket giver en legende, forfriskende smag.<\/p>\n<\/li>\n<\/ol>\n<h3 dir=\"ltr\">Unikke og dristige smage<\/h3>\n<ol class=\"tight\" dir=\"ltr\" start=\"20\" data-tight=\"true\">\n<li>\n<p dir=\"ltr\"><strong>kirseb\u00e6rbombe<\/strong> \u2013 Fed, saftig kirseb\u00e6r med en syrlig kant, der leverer en rig, frugt-fremad vape.<\/p>\n<\/li>\n<li>\n<p dir=\"ltr\"><strong>vindrue ci<\/strong> \u2013 Tangy citron parret med s\u00f8d drue, hvilket skaber en fed, citrusagtig-frugtagtig blanding.<\/p>\n<\/li>\n<li>\n<p dir=\"ltr\"><strong>Dobbelt \u00e6ble<\/strong> \u2013 Spr\u00f8de gr\u00f8nne og r\u00f8de \u00e6bler, hvilket resulterer i en afbalanceret, frugthavefrisk smag.<\/p>\n<\/li>\n<li>\n<p dir=\"ltr\"><strong>Dr Blue<\/strong> \u2013 En mystisk blanding af bl\u00e5 frugter, der tilbyder en s\u00f8d og let syrlig profil.<\/p>\n<\/li>\n<li>\n<p dir=\"ltr\"><strong>Cherry Cola<\/strong> \u2013 S\u00f8d kirseb\u00e6r og brusende cola, hvilket resulterer i en nostalgisk, sodavandsinspireret smag.<\/p>\n<\/li>\n<\/ol>\n<h2 dir=\"ltr\">Ofte stillede sp\u00f8rgsm\u00e5l (FAQ)<\/h2>\n<ol dir=\"ltr\">\n<li>\n<p dir=\"ltr\"><strong>Hvor l\u00e6nge holder fumot tornado 25000?<\/strong><br \/>\nMed op til 25.000 pust varer det typisk 2-4 uger for moderate vapers eller 1-2 uger for tungere brugere, afh\u00e6ngigt af brugsm\u00f8nstre.<\/p>\n<\/li>\n<li>\n<p dir=\"ltr\"><strong>Kan fumot tornado 25000 genoplades?<\/strong><br \/>\nJa, den har en Type-C-port, der giver brugerne mulighed for at genoplade 700mAh-batteriet og fuldt ud udnytte 20 ml e-v\u00e6ske.<\/p>\n<\/li>\n<li>\n<p dir=\"ltr\"><strong>Er luftstr\u00f8mmen justerbar?<\/strong><br \/>\nFaktisk lader den justerbare luftstr\u00f8m brugere tilpasse tr\u00e6k, og skifter problemfrit fra stram mund-til-lunge til \u00e5ben luftstr\u00f8m.<\/p>\n<\/li>\n<li>\n<p dir=\"ltr\"><strong>Er der nikotinfrie muligheder?<\/strong><br \/>\nEnheden tilbyder nikotinstyrker p\u00e5 2%, 3% og 5%, der henvender sig til forskellige pr\u00e6ferencer.<\/p>\n<\/li>\n<li>\n<p dir=\"ltr\"><strong>Hvordan v\u00e6lger jeg den rigtige smag?<\/strong><br \/>\nTil s\u00f8de trang er frugtagtige muligheder som jordb\u00e6rvandmelon eller kiwi passionsfrugtguava ideelle. Alternativt giver Miami Mint eller Black Ice et forfriskende mentolkick, mens White Gummy Ice tilbyder et legende sliktwist.<\/p>\n<\/li>\n<li>\n<p dir=\"ltr\"><strong>L\u00e6kker enheden?<\/strong><br \/>\nNej, den er designet med et forseglet e-v\u00e6skekammer, hvilket forhindrer ut\u00e6theder for en ren og p\u00e5lidelig vapingoplevelse.<\/p>\n<\/li>\n<li>\n<p dir=\"ltr\"><strong>Hvordan fungerer sk\u00e6rmen?<\/strong><br \/>\nDen 1,77-tommer TFT-sk\u00e6rm viser tydeligt batteri- og e-v\u00e6skeniveauer i realtid, og forenkler derved overv\u00e5gning og genopladningsplanl\u00e6gning.<\/p>\n<\/li>\n<\/ol>\n<p><img fetchpriority=\"high\" decoding=\"async\" class=\"alignnone wp-image-178 size-full\" src=\"https:\/\/vapeenjoy.com\/wp-content\/uploads\/2025\/07\/Movkin-Tornado-25000-Disposable-Flavors.webp\" alt=\"Fumot Tornado 25000 Puffs engangs vape smag\" width=\"966\" height=\"449\" srcset=\"https:\/\/vapeenjoy.com\/wp-content\/uploads\/2025\/07\/Movkin-Tornado-25000-Disposable-Flavors.webp 966w, https:\/\/vapeenjoy.com\/wp-content\/uploads\/2025\/07\/Movkin-Tornado-25000-Disposable-Flavors-150x70.webp 150w, https:\/\/vapeenjoy.com\/wp-content\/uploads\/2025\/07\/Movkin-Tornado-25000-Disposable-Flavors-600x279.webp 600w, https:\/\/vapeenjoy.com\/wp-content\/uploads\/2025\/07\/Movkin-Tornado-25000-Disposable-Flavors-300x139.webp 300w, https:\/\/vapeenjoy.com\/wp-content\/uploads\/2025\/07\/Movkin-Tornado-25000-Disposable-Flavors-768x357.webp 768w\" sizes=\"(max-width: 966px) 100vw, 966px\" \/><\/p>\n<p>&nbsp;<\/p>","protected":false},"excerpt":{"rendered":"<p>RANDM by Fumot Tech pr\u00e6senterer Tornado 25000 Puffs engangsvape, med 25.000 pust, 20 ml e-v\u00e6ske, et 700mAh batteri, dobbelt mesh-spole, justerbar luftstr\u00f8m og en 1,77-tommer TFT-sk\u00e6rm til livlig, smagfuld vaping.<\/p>","protected":false},"featured_media":176,"comment_status":"open","ping_status":"closed","template":"","meta":[],"product_brand":[29],"product_cat":[30],"product_tag":[64,81],"class_list":{"0":"post-173","1":"product","2":"type-product","3":"status-publish","4":"has-post-thumbnail","6":"product_brand-fumot-vape","7":"product_cat-25k-puffs-vape","8":"product_tag-0-5-nicotine","9":"product_tag-20ml","11":"first","12":"instock","13":"sale","14":"shipping-taxable","15":"purchasable","16":"product-type-variable"},"yoast_head":"<!-- This site is optimized with the Yoast SEO plugin v25.7 - https:\/\/yoast.com\/wordpress\/plugins\/seo\/ -->\n<title>Fumot Tornado 25000 Puffs Disposable Vape 20ml 2%-5% Nicotine<\/title>\n<meta name=\"description\" content=\"Fumot Tornado 25000 Puffs Disposable Vape: 20ml e-liquid, 2%-5% nicotine, Type-C rechargeable. Enjoy lasting flavor and touchscreen control. Order now!\" \/>\n<meta name=\"robots\" content=\"index, follow, max-snippet:-1, max-image-preview:large, max-video-preview:-1\" \/>\n<link rel=\"canonical\" href=\"https:\/\/vapeenjoy.com\/da\/vare\/fumot-tornado-25000-puffs-engangsdamp\/\" \/>\n<meta property=\"og:locale\" content=\"da_DK\" \/>\n<meta property=\"og:type\" content=\"article\" \/>\n<meta property=\"og:title\" content=\"Fumot Tornado 25000 Puffs Disposable Vape 20ml 2%-5% Nicotine\" \/>\n<meta property=\"og:description\" content=\"Fumot Tornado 25000 Puffs Disposable Vape: 20ml e-liquid, 2%-5% nicotine, Type-C rechargeable. Enjoy lasting flavor and touchscreen control. Order now!\" \/>\n<meta property=\"og:url\" content=\"https:\/\/vapeenjoy.com\/da\/vare\/fumot-tornado-25000-puffs-engangsdamp\/\" \/>\n<meta property=\"og:site_name\" content=\"vapeenjoy\" \/>\n<meta property=\"article:modified_time\" content=\"2025-09-03T07:05:44+00:00\" \/>\n<meta property=\"og:image\" content=\"https:\/\/vapeenjoy.com\/wp-content\/uploads\/2025\/07\/Fumot-Tornado-25000.png\" \/>\n\t<meta property=\"og:image:width\" content=\"949\" \/>\n\t<meta property=\"og:image:height\" content=\"614\" \/>\n\t<meta property=\"og:image:type\" content=\"image\/png\" \/>\n<meta name=\"twitter:card\" content=\"summary_large_image\" \/>\n<meta name=\"twitter:label1\" content=\"Estimeret l\u00e6setid\" \/>\n\t<meta name=\"twitter:data1\" content=\"5 minutter\" \/>\n<script type=\"application\/ld+json\" class=\"yoast-schema-graph\">{\"@context\":\"https:\/\/schema.org\",\"@graph\":[{\"@type\":\"WebPage\",\"@id\":\"https:\/\/vapeenjoy.com\/product\/fumot-tornado-25000-puffs-disposable-vape\/\",\"url\":\"https:\/\/vapeenjoy.com\/product\/fumot-tornado-25000-puffs-disposable-vape\/\",\"name\":\"Fumot Tornado 25000 Puffs Disposable Vape 20ml 2%-5% Nicotine\",\"isPartOf\":{\"@id\":\"https:\/\/vapeenjoy.com\/#website\"},\"primaryImageOfPage\":{\"@id\":\"https:\/\/vapeenjoy.com\/product\/fumot-tornado-25000-puffs-disposable-vape\/#primaryimage\"},\"image\":{\"@id\":\"https:\/\/vapeenjoy.com\/product\/fumot-tornado-25000-puffs-disposable-vape\/#primaryimage\"},\"thumbnailUrl\":\"https:\/\/vapeenjoy.com\/wp-content\/uploads\/2025\/07\/Fumot-Tornado-25000.png\",\"datePublished\":\"2025-07-18T07:42:36+00:00\",\"dateModified\":\"2025-09-03T07:05:44+00:00\",\"description\":\"Fumot Tornado 25000 Puffs Disposable Vape: 20ml e-liquid, 2%-5% nicotine, Type-C rechargeable. Enjoy lasting flavor and touchscreen control. Order now!\",\"breadcrumb\":{\"@id\":\"https:\/\/vapeenjoy.com\/product\/fumot-tornado-25000-puffs-disposable-vape\/#breadcrumb\"},\"inLanguage\":\"da-DK\",\"potentialAction\":[{\"@type\":\"ReadAction\",\"target\":[\"https:\/\/vapeenjoy.com\/product\/fumot-tornado-25000-puffs-disposable-vape\/\"]}]},{\"@type\":\"ImageObject\",\"inLanguage\":\"da-DK\",\"@id\":\"https:\/\/vapeenjoy.com\/product\/fumot-tornado-25000-puffs-disposable-vape\/#primaryimage\",\"url\":\"https:\/\/vapeenjoy.com\/wp-content\/uploads\/2025\/07\/Fumot-Tornado-25000.png\",\"contentUrl\":\"https:\/\/vapeenjoy.com\/wp-content\/uploads\/2025\/07\/Fumot-Tornado-25000.png\",\"width\":949,\"height\":614},{\"@type\":\"BreadcrumbList\",\"@id\":\"https:\/\/vapeenjoy.com\/product\/fumot-tornado-25000-puffs-disposable-vape\/#breadcrumb\",\"itemListElement\":[{\"@type\":\"ListItem\",\"position\":1,\"name\":\"Home\",\"item\":\"https:\/\/vapeenjoy.com\/\"},{\"@type\":\"ListItem\",\"position\":2,\"name\":\"Shop\",\"item\":\"https:\/\/vapeenjoy.com\/vapeenjoy-shop\/\"},{\"@type\":\"ListItem\",\"position\":3,\"name\":\"Fumot Tornado 25000 Puffs Disposable Vape 20ml 2-5% Nicotine Type-C Rechargeable\"}]},{\"@type\":\"WebSite\",\"@id\":\"https:\/\/vapeenjoy.com\/#website\",\"url\":\"https:\/\/vapeenjoy.com\/\",\"name\":\"vapeenjoy\",\"description\":\"An online store for selling vapes\",\"potentialAction\":[{\"@type\":\"SearchAction\",\"target\":{\"@type\":\"EntryPoint\",\"urlTemplate\":\"https:\/\/vapeenjoy.com\/?s={search_term_string}\"},\"query-input\":{\"@type\":\"PropertyValueSpecification\",\"valueRequired\":true,\"valueName\":\"search_term_string\"}}],\"inLanguage\":\"da-DK\"}]}<\/script>\n<!-- \/ Yoast SEO plugin. -->","yoast_head_json":{"title":"Fumot Tornado 25000 Puffs Disposable Vape 20ml 2%-5% Nikotin","description":"Fumot Tornado 25000 Puffs engangsdamp: 20ml E-v\u00e6ske, 2%-5% Nikotin, Type-C genopladelig. Nyd varig smag og ber\u00f8ringssk\u00e6rmkontrol. Bestil nu!","robots":{"index":"index","follow":"follow","max-snippet":"max-snippet:-1","max-image-preview":"max-image-preview:large","max-video-preview":"max-video-preview:-1"},"canonical":"https:\/\/vapeenjoy.com\/da\/vare\/fumot-tornado-25000-puffs-engangsdamp\/","og_locale":"da_DK","og_type":"article","og_title":"Fumot Tornado 25000 Puffs Disposable Vape 20ml 2%-5% Nicotine","og_description":"Fumot Tornado 25000 Puffs Disposable Vape: 20ml e-liquid, 2%-5% nicotine, Type-C rechargeable. Enjoy lasting flavor and touchscreen control. Order now!","og_url":"https:\/\/vapeenjoy.com\/da\/vare\/fumot-tornado-25000-puffs-engangsdamp\/","og_site_name":"vapeenjoy","article_modified_time":"2025-09-03T07:05:44+00:00","og_image":[{"width":949,"height":614,"url":"https:\/\/vapeenjoy.com\/wp-content\/uploads\/2025\/07\/Fumot-Tornado-25000.png","type":"image\/png"}],"twitter_card":"summary_large_image","twitter_misc":{"Estimeret l\u00e6setid":"5 minutter"},"schema":{"@context":"https:\/\/schema.org","@graph":[{"@type":"WebPage","@id":"https:\/\/vapeenjoy.com\/product\/fumot-tornado-25000-puffs-disposable-vape\/","url":"https:\/\/vapeenjoy.com\/product\/fumot-tornado-25000-puffs-disposable-vape\/","name":"Fumot Tornado 25000 Puffs Disposable Vape 20ml 2%-5% Nikotin","isPartOf":{"@id":"https:\/\/vapeenjoy.com\/#website"},"primaryImageOfPage":{"@id":"https:\/\/vapeenjoy.com\/product\/fumot-tornado-25000-puffs-disposable-vape\/#primaryimage"},"image":{"@id":"https:\/\/vapeenjoy.com\/product\/fumot-tornado-25000-puffs-disposable-vape\/#primaryimage"},"thumbnailUrl":"https:\/\/vapeenjoy.com\/wp-content\/uploads\/2025\/07\/Fumot-Tornado-25000.png","datePublished":"2025-07-18T07:42:36+00:00","dateModified":"2025-09-03T07:05:44+00:00","description":"Fumot Tornado 25000 Puffs engangsdamp: 20ml E-v\u00e6ske, 2%-5% Nikotin, Type-C genopladelig. Nyd varig smag og ber\u00f8ringssk\u00e6rmkontrol. Bestil nu!","breadcrumb":{"@id":"https:\/\/vapeenjoy.com\/product\/fumot-tornado-25000-puffs-disposable-vape\/#breadcrumb"},"inLanguage":"da-DK","potentialAction":[{"@type":"ReadAction","target":["https:\/\/vapeenjoy.com\/product\/fumot-tornado-25000-puffs-disposable-vape\/"]}]},{"@type":"ImageObject","inLanguage":"da-DK","@id":"https:\/\/vapeenjoy.com\/product\/fumot-tornado-25000-puffs-disposable-vape\/#primaryimage","url":"https:\/\/vapeenjoy.com\/wp-content\/uploads\/2025\/07\/Fumot-Tornado-25000.png","contentUrl":"https:\/\/vapeenjoy.com\/wp-content\/uploads\/2025\/07\/Fumot-Tornado-25000.png","width":949,"height":614},{"@type":"BreadcrumbList","@id":"https:\/\/vapeenjoy.com\/product\/fumot-tornado-25000-puffs-disposable-vape\/#breadcrumb","itemListElement":[{"@type":"ListItem","position":1,"name":"Home","item":"https:\/\/vapeenjoy.com\/"},{"@type":"ListItem","position":2,"name":"Shop","item":"https:\/\/vapeenjoy.com\/vapeenjoy-shop\/"},{"@type":"ListItem","position":3,"name":"Fumot Tornado 25000 Puffs Disposable Vape 20ml 2-5% Nicotine Type-C Rechargeable"}]},{"@type":"WebSite","@id":"https:\/\/vapeenjoy.com\/#website","url":"https:\/\/vapeenjoy.com\/","name":"VapeenJoy","description":"en online butik til salg af dampe","potentialAction":[{"@type":"SearchAction","target":{"@type":"EntryPoint","urlTemplate":"https:\/\/vapeenjoy.com\/?s={search_term_string}"},"query-input":{"@type":"PropertyValueSpecification","valueRequired":true,"valueName":"search_term_string"}}],"inLanguage":"da-DK"}]}},"_links":{"self":[{"href":"https:\/\/vapeenjoy.com\/da\/wp-json\/wp\/v2\/product\/173","targetHints":{"allow":["GET"]}}],"collection":[{"href":"https:\/\/vapeenjoy.com\/da\/wp-json\/wp\/v2\/product"}],"about":[{"href":"https:\/\/vapeenjoy.com\/da\/wp-json\/wp\/v2\/types\/product"}],"replies":[{"embeddable":true,"href":"https:\/\/vapeenjoy.com\/da\/wp-json\/wp\/v2\/comments?post=173"}],"version-history":[{"count":4,"href":"https:\/\/vapeenjoy.com\/da\/wp-json\/wp\/v2\/product\/173\/revisions"}],"predecessor-version":[{"id":2674,"href":"https:\/\/vapeenjoy.com\/da\/wp-json\/wp\/v2\/product\/173\/revisions\/2674"}],"wp:featuredmedia":[{"embeddable":true,"href":"https:\/\/vapeenjoy.com\/da\/wp-json\/wp\/v2\/media\/176"}],"wp:attachment":[{"href":"https:\/\/vapeenjoy.com\/da\/wp-json\/wp\/v2\/media?parent=173"}],"wp:term":[{"taxonomy":"product_brand","embeddable":true,"href":"https:\/\/vapeenjoy.com\/da\/wp-json\/wp\/v2\/product_brand?post=173"},{"taxonomy":"product_cat","embeddable":true,"href":"https:\/\/vapeenjoy.com\/da\/wp-json\/wp\/v2\/product_cat?post=173"},{"taxonomy":"product_tag","embeddable":true,"href":"https:\/\/vapeenjoy.com\/da\/wp-json\/wp\/v2\/product_tag?post=173"}],"curies":[{"name":"wp","href":"https:\/\/api.w.org\/{rel}","templated":true}]}}