{"id":196,"date":"2025-07-18T09:49:49","date_gmt":"2025-07-18T09:49:49","guid":{"rendered":"https:\/\/vapeenjoy.com\/?post_type=product&#038;p=196"},"modified":"2025-10-14T07:08:04","modified_gmt":"2025-10-14T07:08:04","slug":"jnr-falcon-x-18000-puffs-disposable-vape","status":"publish","type":"product","link":"https:\/\/vapeenjoy.com\/da\/vare\/jnr-falcon-x-18000-puffs-engangsdamp\/","title":{"rendered":"Jnr Falcon-X 18000 Puffs engangsvape 24ml 2%-5% Nikotin 950mAh batteri"},"content":{"rendered":"<h1 dir=\"auto\">Jnr Falcon-X 18000 Puffs engangsdamp<\/h1>\n<p dir=\"auto\"><strong>Sendes fra Europa Lager<\/strong> \u2013 Hurtig levering og gratis forsendelse p\u00e5 tv\u00e6rs af EU!<\/p>\n<h2 dir=\"auto\">Produktbeskrive<\/h2>\n<p dir=\"auto\">JNR Falcon-X er en engangsdamp, der giver op til 18.000 pust. Det er bygget til vapers, der \u00f8nsker langvarig brug og gode smage. Designet er slankt med en klar krop og seje \u00f8rnem\u00f8nstre. Det f\u00f8les godt at holde, og den farverige LED-sk\u00e6rm viser batteri- og e-v\u00e6skeniveauer i realtid. Det blander stil og lethed perfekt. Bestil nu og f\u00e5 det sendt hurtigt fra vores Europa-lager med gratis levering!<\/p>\n<h2 dir=\"auto\">N\u00f8glespecifikationer<\/h2>\n<ul dir=\"auto\">\n<li><strong>pustende greve<\/strong>: 18.000 pust \u2013 holder l\u00e6nge.<\/li>\n<li><strong>e-likvid<\/strong>: 24 ml i alt, delt i to 12 ml tanke til bedre brug.<\/li>\n<li><strong>batteri<\/strong>: 950mAh, genopladelig med Type-C for konstant kraft.<\/li>\n<li><strong>nikotin<\/strong>: 2% eller 5% muligheder for at passe til dine behov.<\/li>\n<li><strong>spole<\/strong>: Dual mesh (0,6\u03a9) for rigere smag og mere damp.<\/li>\n<li><strong>luftstr\u00f8m<\/strong>: Justerbar, s\u00e5 du kan justere halsen.<\/li>\n<li><strong>udstille<\/strong>: Digital sk\u00e6rm, der tydeligt viser batteri og e-v\u00e6ske.<\/li>\n<li><strong>opladning<\/strong>: Hurtig Type-C opladning \u2013 ingen lange ventetider.<\/li>\n<\/ul>\n<h2 dir=\"auto\">20 smagsvalg<\/h2>\n<ol dir=\"auto\">\n<li><strong>bl\u00e5 razz is<\/strong>: Tarte hindb\u00e6r med k\u00f8lig mentol.<\/li>\n<li><strong>bl\u00e5b\u00e6r hindb\u00e6r<\/strong>: S\u00f8d blanding af b\u00e6r.<\/li>\n<li><strong>Cool mynte<\/strong>: Frisk mynte for en ren fornemmelse.<\/li>\n<li><strong>kiwi vandmelon is<\/strong>: Tangy kiwi, s\u00f8d vandmelon, iskold ende.<\/li>\n<li><strong>Grape Ice<\/strong>: St\u00e6rk drue med k\u00f8lende menthol.<\/li>\n<li><strong>jordb\u00e6r kiwi<\/strong>: Juicy Strawberry og Zesty Kiwi.<\/li>\n<li><strong>jordb\u00e6r vandmelon is<\/strong>: S\u00f8de frugter med frostud\u00e5nding.<\/li>\n<li><strong>vandmelon is<\/strong>: Saftig vandmelon med spr\u00f8d is.<\/li>\n<li><strong>jordb\u00e6ris<\/strong>: Frisk jordb\u00e6r med mentol kick.<\/li>\n<li><strong>Blandede b\u00e6r<\/strong>: s\u00f8d syrlig b\u00e6rblast.<\/li>\n<li><strong>vandmelon tyggegummi<\/strong>: Vandmelon blandet med s\u00f8dt tyggegummi.<\/li>\n<li><strong>sur \u00e6bleis<\/strong>: Tart \u00e6ble med iskoldt hit.<\/li>\n<li><strong>Peach Ice<\/strong>: Juicy Peach med k\u00f8lig menthol.<\/li>\n<li><strong>Gummy Bear<\/strong>: Sjov frugtagtig slikblanding.<\/li>\n<li><strong>B\u00e6r brister<\/strong>: Rige blandede b\u00e6r.<\/li>\n<li><strong>bl\u00e5b\u00e6r hindb\u00e6r kirseb\u00e6r<\/strong>: B\u00e6r-kirseb\u00e6r blanding.<\/li>\n<li><strong>Kirseb\u00e6rb\u00e6r<\/strong>: Dyb kirseb\u00e6r- og b\u00e6rkombination.<\/li>\n<li><strong>jordb\u00e6r banan<\/strong>: Cremet banan med s\u00f8de jordb\u00e6r.<\/li>\n<li><strong>Citron &amp; Lime<\/strong>: saftig citrusudbrud.<\/li>\n<li><strong>bl\u00e5b\u00e6r kiwi<\/strong>: Balanceret bl\u00e5b\u00e6r og syrlig kiwi.<\/li>\n<\/ol>\n<h2 dir=\"auto\">oftere end<\/h2>\n<ol dir=\"auto\">\n<li><strong>Hvor mange pust?<\/strong> Op til 18.000 \u2013 fantastisk til daglig vaping.<\/li>\n<li><strong>Tjek batteri\/e-v\u00e6ske?<\/strong> Den digitale sk\u00e6rm viser den live.<\/li>\n<li><strong>justere styrken?<\/strong> Ja, tweak luftstr\u00f8mmen for halsslag og damp.<\/li>\n<li><strong>V\u00e6lge en smag?<\/strong> Pr\u00f8v jordb\u00e6rkiwi for s\u00f8d eller k\u00f8lig mynte for opfriskning.<\/li>\n<li><strong>nikotinniveauer?<\/strong> 2% eller 5% valg.<\/li>\n<li><strong>Opladningstid?<\/strong> Cirka 1 time med type-C.<\/li>\n<li><strong>forsendelse?<\/strong> Hurtigt fra Europa lager med gratis levering!<\/li>\n<li><strong>Smag forbliver god?<\/strong> Dual mesh spoler holder hver pust rig og konsekvent.<\/li>\n<\/ol>\n<p dir=\"auto\">Denne vape er enkel at bruge og perfekt til alle, der \u00f8nsker langvarig sjov med tonsvis af smagsmuligheder. Nyd hurtig EU-forsendelse fra vores lager!<\/p>\n<p><img fetchpriority=\"high\" decoding=\"async\" class=\"alignnone wp-image-204 size-full\" src=\"https:\/\/vapeenjoy.com\/wp-content\/uploads\/2025\/07\/jnr-falon-x-18000-puffs-Flavor.webp\" alt=\"Jnr Falcon-X 18000 Puffs Disposable Vape 24ml Smags\" width=\"1400\" height=\"1200\" srcset=\"https:\/\/vapeenjoy.com\/wp-content\/uploads\/2025\/07\/jnr-falon-x-18000-puffs-Flavor.webp 1400w, https:\/\/vapeenjoy.com\/wp-content\/uploads\/2025\/07\/jnr-falon-x-18000-puffs-Flavor-150x129.webp 150w, https:\/\/vapeenjoy.com\/wp-content\/uploads\/2025\/07\/jnr-falon-x-18000-puffs-Flavor-1200x1029.webp 1200w, https:\/\/vapeenjoy.com\/wp-content\/uploads\/2025\/07\/jnr-falon-x-18000-puffs-Flavor-300x257.webp 300w, https:\/\/vapeenjoy.com\/wp-content\/uploads\/2025\/07\/jnr-falon-x-18000-puffs-Flavor-1024x878.webp 1024w, https:\/\/vapeenjoy.com\/wp-content\/uploads\/2025\/07\/jnr-falon-x-18000-puffs-Flavor-768x658.webp 768w\" sizes=\"(max-width: 1400px) 100vw, 1400px\" \/><\/p>","protected":false},"excerpt":{"rendered":"<p>JNRs Falcon-X 18000 Puffs engangsvape leverer 18.000 pust med 24 ml e-v\u00e6ske, et 950mAh genopladeligt batteri, dobbelt mesh-spole, justerbar luftstr\u00f8m og digitalt display i et slankt, krystalklart design med \u00f8rnem\u00f8nstre.<\/p>","protected":false},"featured_media":199,"comment_status":"open","ping_status":"closed","template":"","meta":[],"product_brand":[33],"product_cat":[32],"product_tag":[84,80],"class_list":{"0":"post-196","1":"product","2":"type-product","3":"status-publish","4":"has-post-thumbnail","6":"product_brand-jnr-vape","7":"product_cat-18000-puffs-vape","8":"product_tag-2-5-nicotine","9":"product_tag-24ml","11":"first","12":"instock","13":"sale","14":"shipping-taxable","15":"purchasable","16":"product-type-variable"},"yoast_head":"<!-- This site is optimized with the Yoast SEO plugin v25.7 - https:\/\/yoast.com\/wordpress\/plugins\/seo\/ -->\n<title>JNR Falcon-X 18000 Puffs | EU Warehouse, Fast Free Shipping!<\/title>\n<meta name=\"description\" content=\"Get JNR Falcon-X 18000 puffs disposable vape \u2013 fast EU warehouse shipping &amp; FREE delivery! Rechargeable, dual mesh coils. Order now for quick vaping!\" \/>\n<meta name=\"robots\" content=\"index, follow, max-snippet:-1, max-image-preview:large, max-video-preview:-1\" \/>\n<link rel=\"canonical\" href=\"https:\/\/vapeenjoy.com\/da\/vare\/jnr-falcon-x-18000-puffs-engangsdamp\/\" \/>\n<meta property=\"og:locale\" content=\"da_DK\" \/>\n<meta property=\"og:type\" content=\"article\" \/>\n<meta property=\"og:title\" content=\"JNR Falcon-X 18000 Puffs | EU Warehouse, Fast Free Shipping!\" \/>\n<meta property=\"og:description\" content=\"Get JNR Falcon-X 18000 puffs disposable vape \u2013 fast EU warehouse shipping &amp; FREE delivery! Rechargeable, dual mesh coils. Order now for quick vaping!\" \/>\n<meta property=\"og:url\" content=\"https:\/\/vapeenjoy.com\/da\/vare\/jnr-falcon-x-18000-puffs-engangsdamp\/\" \/>\n<meta property=\"og:site_name\" content=\"vapeenjoy\" \/>\n<meta property=\"article:modified_time\" content=\"2025-10-14T07:08:04+00:00\" \/>\n<meta property=\"og:image\" content=\"https:\/\/vapeenjoy.com\/wp-content\/uploads\/2025\/07\/jnr-falon-x-18000-puffs.webp\" \/>\n\t<meta property=\"og:image:width\" content=\"1000\" \/>\n\t<meta property=\"og:image:height\" content=\"1000\" \/>\n\t<meta property=\"og:image:type\" content=\"image\/webp\" \/>\n<meta name=\"twitter:card\" content=\"summary_large_image\" \/>\n<meta name=\"twitter:label1\" content=\"Estimeret l\u00e6setid\" \/>\n\t<meta name=\"twitter:data1\" content=\"3 minutter\" \/>\n<script type=\"application\/ld+json\" class=\"yoast-schema-graph\">{\"@context\":\"https:\/\/schema.org\",\"@graph\":[{\"@type\":\"WebPage\",\"@id\":\"https:\/\/vapeenjoy.com\/product\/jnr-falcon-x-18000-puffs-disposable-vape\/\",\"url\":\"https:\/\/vapeenjoy.com\/product\/jnr-falcon-x-18000-puffs-disposable-vape\/\",\"name\":\"JNR Falcon-X 18000 Puffs | EU Warehouse, Fast Free Shipping!\",\"isPartOf\":{\"@id\":\"https:\/\/vapeenjoy.com\/#website\"},\"primaryImageOfPage\":{\"@id\":\"https:\/\/vapeenjoy.com\/product\/jnr-falcon-x-18000-puffs-disposable-vape\/#primaryimage\"},\"image\":{\"@id\":\"https:\/\/vapeenjoy.com\/product\/jnr-falcon-x-18000-puffs-disposable-vape\/#primaryimage\"},\"thumbnailUrl\":\"https:\/\/vapeenjoy.com\/wp-content\/uploads\/2025\/07\/jnr-falon-x-18000-puffs.webp\",\"datePublished\":\"2025-07-18T09:49:49+00:00\",\"dateModified\":\"2025-10-14T07:08:04+00:00\",\"description\":\"Get JNR Falcon-X 18000 puffs disposable vape \u2013 fast EU warehouse shipping & FREE delivery! Rechargeable, dual mesh coils. Order now for quick vaping!\",\"breadcrumb\":{\"@id\":\"https:\/\/vapeenjoy.com\/product\/jnr-falcon-x-18000-puffs-disposable-vape\/#breadcrumb\"},\"inLanguage\":\"da-DK\",\"potentialAction\":[{\"@type\":\"ReadAction\",\"target\":[\"https:\/\/vapeenjoy.com\/product\/jnr-falcon-x-18000-puffs-disposable-vape\/\"]}]},{\"@type\":\"ImageObject\",\"inLanguage\":\"da-DK\",\"@id\":\"https:\/\/vapeenjoy.com\/product\/jnr-falcon-x-18000-puffs-disposable-vape\/#primaryimage\",\"url\":\"https:\/\/vapeenjoy.com\/wp-content\/uploads\/2025\/07\/jnr-falon-x-18000-puffs.webp\",\"contentUrl\":\"https:\/\/vapeenjoy.com\/wp-content\/uploads\/2025\/07\/jnr-falon-x-18000-puffs.webp\",\"width\":1000,\"height\":1000},{\"@type\":\"BreadcrumbList\",\"@id\":\"https:\/\/vapeenjoy.com\/product\/jnr-falcon-x-18000-puffs-disposable-vape\/#breadcrumb\",\"itemListElement\":[{\"@type\":\"ListItem\",\"position\":1,\"name\":\"Home\",\"item\":\"https:\/\/vapeenjoy.com\/\"},{\"@type\":\"ListItem\",\"position\":2,\"name\":\"Shop\",\"item\":\"https:\/\/vapeenjoy.com\/vapeenjoy-shop\/\"},{\"@type\":\"ListItem\",\"position\":3,\"name\":\"JNR Falcon-X 18000 Puffs Disposable Vape 24ml 2%-5% Nicotine 950mAh Battery\"}]},{\"@type\":\"WebSite\",\"@id\":\"https:\/\/vapeenjoy.com\/#website\",\"url\":\"https:\/\/vapeenjoy.com\/\",\"name\":\"vapeenjoy\",\"description\":\"An online store for selling vapes\",\"potentialAction\":[{\"@type\":\"SearchAction\",\"target\":{\"@type\":\"EntryPoint\",\"urlTemplate\":\"https:\/\/vapeenjoy.com\/?s={search_term_string}\"},\"query-input\":{\"@type\":\"PropertyValueSpecification\",\"valueRequired\":true,\"valueName\":\"search_term_string\"}}],\"inLanguage\":\"da-DK\"}]}<\/script>\n<!-- \/ Yoast SEO plugin. -->","yoast_head_json":{"title":"Jnr Falcon-X 18000 Puffs | EU-lager, hurtig gratis forsendelse!","description":"F\u00e5 Jnr Falcon-X 18000 pust engangsvape \u2013 hurtig EU-lagerforsendelse og gratis levering! Genopladelige, dobbelte mesh-spoler. Bestil nu for hurtig vaping!","robots":{"index":"index","follow":"follow","max-snippet":"max-snippet:-1","max-image-preview":"max-image-preview:large","max-video-preview":"max-video-preview:-1"},"canonical":"https:\/\/vapeenjoy.com\/da\/vare\/jnr-falcon-x-18000-puffs-engangsdamp\/","og_locale":"da_DK","og_type":"article","og_title":"JNR Falcon-X 18000 Puffs | EU Warehouse, Fast Free Shipping!","og_description":"Get JNR Falcon-X 18000 puffs disposable vape \u2013 fast EU warehouse shipping & FREE delivery! Rechargeable, dual mesh coils. Order now for quick vaping!","og_url":"https:\/\/vapeenjoy.com\/da\/vare\/jnr-falcon-x-18000-puffs-engangsdamp\/","og_site_name":"vapeenjoy","article_modified_time":"2025-10-14T07:08:04+00:00","og_image":[{"width":1000,"height":1000,"url":"https:\/\/vapeenjoy.com\/wp-content\/uploads\/2025\/07\/jnr-falon-x-18000-puffs.webp","type":"image\/webp"}],"twitter_card":"summary_large_image","twitter_misc":{"Estimeret l\u00e6setid":"3 minutter"},"schema":{"@context":"https:\/\/schema.org","@graph":[{"@type":"WebPage","@id":"https:\/\/vapeenjoy.com\/product\/jnr-falcon-x-18000-puffs-disposable-vape\/","url":"https:\/\/vapeenjoy.com\/product\/jnr-falcon-x-18000-puffs-disposable-vape\/","name":"Jnr Falcon-X 18000 Puffs | EU-lager, hurtig gratis forsendelse!","isPartOf":{"@id":"https:\/\/vapeenjoy.com\/#website"},"primaryImageOfPage":{"@id":"https:\/\/vapeenjoy.com\/product\/jnr-falcon-x-18000-puffs-disposable-vape\/#primaryimage"},"image":{"@id":"https:\/\/vapeenjoy.com\/product\/jnr-falcon-x-18000-puffs-disposable-vape\/#primaryimage"},"thumbnailUrl":"https:\/\/vapeenjoy.com\/wp-content\/uploads\/2025\/07\/jnr-falon-x-18000-puffs.webp","datePublished":"2025-07-18T09:49:49+00:00","dateModified":"2025-10-14T07:08:04+00:00","description":"F\u00e5 Jnr Falcon-X 18000 pust engangsvape \u2013 hurtig EU-lagerforsendelse og gratis levering! Genopladelige, dobbelte mesh-spoler. Bestil nu for hurtig vaping!","breadcrumb":{"@id":"https:\/\/vapeenjoy.com\/product\/jnr-falcon-x-18000-puffs-disposable-vape\/#breadcrumb"},"inLanguage":"da-DK","potentialAction":[{"@type":"ReadAction","target":["https:\/\/vapeenjoy.com\/product\/jnr-falcon-x-18000-puffs-disposable-vape\/"]}]},{"@type":"ImageObject","inLanguage":"da-DK","@id":"https:\/\/vapeenjoy.com\/product\/jnr-falcon-x-18000-puffs-disposable-vape\/#primaryimage","url":"https:\/\/vapeenjoy.com\/wp-content\/uploads\/2025\/07\/jnr-falon-x-18000-puffs.webp","contentUrl":"https:\/\/vapeenjoy.com\/wp-content\/uploads\/2025\/07\/jnr-falon-x-18000-puffs.webp","width":1000,"height":1000},{"@type":"BreadcrumbList","@id":"https:\/\/vapeenjoy.com\/product\/jnr-falcon-x-18000-puffs-disposable-vape\/#breadcrumb","itemListElement":[{"@type":"ListItem","position":1,"name":"Home","item":"https:\/\/vapeenjoy.com\/"},{"@type":"ListItem","position":2,"name":"Shop","item":"https:\/\/vapeenjoy.com\/vapeenjoy-shop\/"},{"@type":"ListItem","position":3,"name":"JNR Falcon-X 18000 Puffs Disposable Vape 24ml 2%-5% Nicotine 950mAh Battery"}]},{"@type":"WebSite","@id":"https:\/\/vapeenjoy.com\/#website","url":"https:\/\/vapeenjoy.com\/","name":"VapeenJoy","description":"en online butik til salg af dampe","potentialAction":[{"@type":"SearchAction","target":{"@type":"EntryPoint","urlTemplate":"https:\/\/vapeenjoy.com\/?s={search_term_string}"},"query-input":{"@type":"PropertyValueSpecification","valueRequired":true,"valueName":"search_term_string"}}],"inLanguage":"da-DK"}]}},"_links":{"self":[{"href":"https:\/\/vapeenjoy.com\/da\/wp-json\/wp\/v2\/product\/196","targetHints":{"allow":["GET"]}}],"collection":[{"href":"https:\/\/vapeenjoy.com\/da\/wp-json\/wp\/v2\/product"}],"about":[{"href":"https:\/\/vapeenjoy.com\/da\/wp-json\/wp\/v2\/types\/product"}],"replies":[{"embeddable":true,"href":"https:\/\/vapeenjoy.com\/da\/wp-json\/wp\/v2\/comments?post=196"}],"version-history":[{"count":4,"href":"https:\/\/vapeenjoy.com\/da\/wp-json\/wp\/v2\/product\/196\/revisions"}],"predecessor-version":[{"id":3102,"href":"https:\/\/vapeenjoy.com\/da\/wp-json\/wp\/v2\/product\/196\/revisions\/3102"}],"wp:featuredmedia":[{"embeddable":true,"href":"https:\/\/vapeenjoy.com\/da\/wp-json\/wp\/v2\/media\/199"}],"wp:attachment":[{"href":"https:\/\/vapeenjoy.com\/da\/wp-json\/wp\/v2\/media?parent=196"}],"wp:term":[{"taxonomy":"product_brand","embeddable":true,"href":"https:\/\/vapeenjoy.com\/da\/wp-json\/wp\/v2\/product_brand?post=196"},{"taxonomy":"product_cat","embeddable":true,"href":"https:\/\/vapeenjoy.com\/da\/wp-json\/wp\/v2\/product_cat?post=196"},{"taxonomy":"product_tag","embeddable":true,"href":"https:\/\/vapeenjoy.com\/da\/wp-json\/wp\/v2\/product_tag?post=196"}],"curies":[{"name":"wp","href":"https:\/\/api.w.org\/{rel}","templated":true}]}}