{"id":206,"date":"2025-07-18T10:00:26","date_gmt":"2025-07-18T10:00:26","guid":{"rendered":"https:\/\/vapeenjoy.com\/?post_type=product&#038;p=206"},"modified":"2025-08-19T07:23:01","modified_gmt":"2025-08-19T07:23:01","slug":"jnr-falcon-16000-puffs-disposable-vape","status":"publish","type":"product","link":"https:\/\/vapeenjoy.com\/da\/vare\/jnr-falcon-16000-puffs-engangsdamp\/","title":{"rendered":"Jnr Falcon 16000 Puffs engangsdamp 22ml 2%-5% Nikotin Type-C Genopladelig"},"content":{"rendered":"<h2 dir=\"ltr\" data-pm-slice=\"1 1 []\">Jnr Falcon 16000 Puffs engangs vape produktbeskrivelse<\/h2>\n<p dir=\"ltr\">JNR, et veletableret brand i vapingindustrien, leverer konsekvent innovative enheder skr\u00e6ddersyet til forskellige brugerbehov. Specifikt kombinerer JNR Falcon 16000 Puffs engangsvape h\u00f8j kapacitet, enest\u00e5ende smag og brugervenlig bekvemmelighed. Desuden forbedrer dets slanke, krystal-inspirerede design ikke kun den visuelle appel, men giver ogs\u00e5 et behageligt greb, hvilket g\u00f8r det til et fremragende valg til daglig vaping.<\/p>\n<h2 dir=\"ltr\">Jnr Falcon 16000 Puffs engangs vape specifikationer<\/h2>\n<ul class=\"tight\" dir=\"ltr\" data-tight=\"true\">\n<li>\n<p dir=\"ltr\"><strong>pustkapacitet<\/strong>: Tilbyder op til 16.000 pust, hvilket sikrer langvarig brug til b\u00e5de afslappede og hyppige vapers.<\/p>\n<\/li>\n<li>\n<p dir=\"ltr\"><strong>e-v\u00e6skekapacitet<\/strong>: En gener\u00f8s 22 ml tank garanterer forl\u00e6ngede sessioner med ensartet smagslevering.<\/p>\n<\/li>\n<li>\n<p dir=\"ltr\"><strong>batteri<\/strong>: Udstyret med et 850mAh genopladeligt batteri underst\u00f8tter det p\u00e5lideligt enhedens fulde levetid.<\/p>\n<\/li>\n<li>\n<p dir=\"ltr\"><strong>Nikotinstyrke<\/strong>: F\u00e5s i 2% eller 5% muligheder, der henvender sig til pr\u00e6ferencer for et mildt eller st\u00e6rkere halsslag.<\/p>\n<\/li>\n<li>\n<p dir=\"ltr\"><strong>spoleteknologi<\/strong>: Dual mesh spoler giver j\u00e6vn opvarmning, hvilket resulterer i t\u00e6t damp og rig smag.<\/p>\n<\/li>\n<li>\n<p dir=\"ltr\"><strong>opladning<\/strong>: Har Type-C og Lightning-porte til hurtig, alsidig genopladning.<\/p>\n<\/li>\n<li>\n<p dir=\"ltr\"><strong>luftstr\u00f8m<\/strong>: Justerbare indstillinger giver brugerne mulighed for at tilpasse deres tr\u00e6k til optimal smag eller damp.<\/p>\n<\/li>\n<li>\n<p dir=\"ltr\"><strong>modstandskraft<\/strong>: 1-ohm dual mesh-spolen sikrer j\u00e6vn, ensartet ydeevne.<\/p>\n<\/li>\n<\/ul>\n<h2 dir=\"ltr\">Smagsvariation<\/h2>\n<p dir=\"ltr\">Jnr Falcon kan prale af 44 forskellige smagsvarianter for at tilfredsstille enhver gane. For eksempel blander frugtagtige sig <em>jordb\u00e6r vandmelon is<\/em> eller <em>mango passionsfrugt<\/em> levere s\u00f8de og syrlige noter, mens <em>bl\u00e5 razz is<\/em> Giver en forfriskende mentolfinish. Derudover omfatter fremragende muligheder:<\/p>\n<ul class=\"tight\" dir=\"ltr\" data-tight=\"true\">\n<li>\n<p dir=\"ltr\"><em>bromb\u00e6rr\u00f8d hindb\u00e6r<\/em>: En levende blanding af syrlige bromb\u00e6r og s\u00f8de hindb\u00e6r.<\/p>\n<\/li>\n<li>\n<p dir=\"ltr\"><em>grapefrugt limonade is<\/em>: Kombinerer syrlig grapefrugt, forfriskende limonade og k\u00f8lig mentol.<\/p>\n<\/li>\n<li>\n<p dir=\"ltr\"><em>fersken oolong te<\/em>: Blander saftig fersken med subtile, jordagtige oolong te-noter.<\/p>\n<\/li>\n<li>\n<p dir=\"ltr\"><em>vandmelon tyggegummi<\/em>: kombinerer saftig vandmelon med nostalgisk tyggegummi s\u00f8dme.<\/p>\n<\/li>\n<li>\n<p dir=\"ltr\"><em>Cola Ice<\/em>: Tilbyder klassisk cola-smag med et funklende, iskoldt twist.<\/p>\n<\/li>\n<\/ul>\n<h2 dir=\"ltr\">Ofte stillede sp\u00f8rgsm\u00e5l<\/h2>\n<h3 dir=\"ltr\">Hvad er batterilevetiden?<\/h3>\n<p dir=\"ltr\">Det 850mAh genopladelige batteri driver den fulde kapacitet p\u00e5 16.000 puff, hvilket sikrer p\u00e5lidelig ydeevne hele vejen igennem.<\/p>\n<h3 dir=\"ltr\">Hvor lang tid tager opladning?<\/h3>\n<p dir=\"ltr\">Takket v\u00e6re Type-C og Lightning-porte oplades enheden typisk p\u00e5 cirka 30 minutter, afh\u00e6ngigt af opladeren.<\/p>\n<h3 dir=\"ltr\">Hvordan v\u00e6lger jeg en smag?<\/h3>\n<p dir=\"ltr\">Overvej dine smagspr\u00e6ferencer: Frugtblandinger tilbyder s\u00f8de syrlige profiler, hvorimod mentolmuligheder giver et forfriskende hit. Derfor hj\u00e6lper det at pr\u00f8ve forskellige smagsvarianter med at identificere din favorit.<\/p>\n<h3 dir=\"ltr\">Kan jeg justere vaping-stilen?<\/h3>\n<p dir=\"ltr\">Faktisk giver den justerbare luftstr\u00f8msfunktion dig mulighed for at skifte mellem et strammere, smagsfokuseret tr\u00e6k og en l\u00f8sere, skytung vape.<\/p>\n<h3 dir=\"ltr\">Hvilke nikotinstyrker er tilg\u00e6ngelige?<\/h3>\n<p dir=\"ltr\">Du kan v\u00e6lge mellem 2% for en mildere oplevelse eller 5% for et mere intenst halsslag.<\/p>\n<h3 dir=\"ltr\">Hvordan forbedrer dual mesh-spolen vaping?<\/h3>\n<p dir=\"ltr\">Ved at opvarme e-v\u00e6ske j\u00e6vnt producerer den dobbelte mesh-spole t\u00e6ttere dampe og rigere smag sammenlignet med single-coil-systemer.<\/p>\n<h3 dir=\"ltr\">Er den velegnet til tunge vapers?<\/h3>\n<p dir=\"ltr\">Absolut, med sin 16.000 puff kapacitet og 22 ml e-v\u00e6ske tank, er denne enhed ideel til tunge dampe, der s\u00f8ger langtidsholdbar, h\u00f8jtydende vaping.<\/p>\n<p><img fetchpriority=\"high\" decoding=\"async\" class=\"alignnone wp-image-215 size-full\" src=\"https:\/\/vapeenjoy.com\/wp-content\/uploads\/2025\/07\/Falcon-Flavor.jpg\" alt=\"Jnr Falcon 16000 Puffs engangs vape smag\" width=\"1920\" height=\"1787\" srcset=\"https:\/\/vapeenjoy.com\/wp-content\/uploads\/2025\/07\/Falcon-Flavor.jpg 1920w, https:\/\/vapeenjoy.com\/wp-content\/uploads\/2025\/07\/Falcon-Flavor-150x140.jpg 150w, https:\/\/vapeenjoy.com\/wp-content\/uploads\/2025\/07\/Falcon-Flavor-1200x1117.jpg 1200w, https:\/\/vapeenjoy.com\/wp-content\/uploads\/2025\/07\/Falcon-Flavor-300x279.jpg 300w, https:\/\/vapeenjoy.com\/wp-content\/uploads\/2025\/07\/Falcon-Flavor-1024x953.jpg 1024w, https:\/\/vapeenjoy.com\/wp-content\/uploads\/2025\/07\/Falcon-Flavor-768x715.jpg 768w, https:\/\/vapeenjoy.com\/wp-content\/uploads\/2025\/07\/Falcon-Flavor-1536x1430.jpg 1536w\" sizes=\"(max-width: 1920px) 100vw, 1920px\" \/><\/p>","protected":false},"excerpt":{"rendered":"<p>Jnr, et betroet navn inden for vaping, leverer Jnr Falcon 16000 Puffs engangsvape, en enhed med h\u00f8j kapacitet med et slankt, krystal-inspireret design. Med en 22 ml e-v\u00e6ske kapacitet, 850mAh genopladeligt batteri, dobbelte mesh-spoler og 2-5% nikotinstyrker, tilbyder den rige smag og langvarig ydeevne for alle vapers.<\/p>","protected":false},"featured_media":207,"comment_status":"open","ping_status":"closed","template":"","meta":[],"product_brand":[33],"product_cat":[34],"product_tag":[99,98],"class_list":{"0":"post-206","1":"product","2":"type-product","3":"status-publish","4":"has-post-thumbnail","6":"product_brand-jnr-vape","7":"product_cat-16000-puffs-vape","8":"product_tag-2-5-nicotin","9":"product_tag-22ml","11":"first","12":"instock","13":"sale","14":"shipping-taxable","15":"purchasable","16":"product-type-variable"},"yoast_head":"<!-- This site is optimized with the Yoast SEO plugin v25.7 - https:\/\/yoast.com\/wordpress\/plugins\/seo\/ -->\n<title>JNR Falcon 16000 Puffs Disposable Vape 22ml 2%-5% Nicotine<\/title>\n<meta name=\"description\" content=\"JNR Falcon 16000 Puffs Disposable Vape: 22ml, 2%-5% nicotine, Type-C rechargeable. Dual mesh coils, adjustable airflow, 28+ flavors. Shop now!\" \/>\n<meta name=\"robots\" content=\"index, follow, max-snippet:-1, max-image-preview:large, max-video-preview:-1\" \/>\n<link rel=\"canonical\" href=\"https:\/\/vapeenjoy.com\/da\/vare\/jnr-falcon-16000-puffs-engangsdamp\/\" \/>\n<meta property=\"og:locale\" content=\"da_DK\" \/>\n<meta property=\"og:type\" content=\"article\" \/>\n<meta property=\"og:title\" content=\"JNR Falcon 16000 Puffs Disposable Vape 22ml 2%-5% Nicotine\" \/>\n<meta property=\"og:description\" content=\"JNR Falcon 16000 Puffs Disposable Vape: 22ml, 2%-5% nicotine, Type-C rechargeable. Dual mesh coils, adjustable airflow, 28+ flavors. Shop now!\" \/>\n<meta property=\"og:url\" content=\"https:\/\/vapeenjoy.com\/da\/vare\/jnr-falcon-16000-puffs-engangsdamp\/\" \/>\n<meta property=\"og:site_name\" content=\"vapeenjoy\" \/>\n<meta property=\"article:modified_time\" content=\"2025-08-19T07:23:01+00:00\" \/>\n<meta property=\"og:image\" content=\"https:\/\/vapeenjoy.com\/wp-content\/uploads\/2025\/07\/jnr-falon-16000-puffs.webp\" \/>\n\t<meta property=\"og:image:width\" content=\"1080\" \/>\n\t<meta property=\"og:image:height\" content=\"1080\" \/>\n\t<meta property=\"og:image:type\" content=\"image\/webp\" \/>\n<meta name=\"twitter:card\" content=\"summary_large_image\" \/>\n<meta name=\"twitter:label1\" content=\"Estimeret l\u00e6setid\" \/>\n\t<meta name=\"twitter:data1\" content=\"3 minutter\" \/>\n<script type=\"application\/ld+json\" class=\"yoast-schema-graph\">{\"@context\":\"https:\/\/schema.org\",\"@graph\":[{\"@type\":\"WebPage\",\"@id\":\"https:\/\/vapeenjoy.com\/product\/jnr-falcon-16000-puffs-disposable-vape\/\",\"url\":\"https:\/\/vapeenjoy.com\/product\/jnr-falcon-16000-puffs-disposable-vape\/\",\"name\":\"JNR Falcon 16000 Puffs Disposable Vape 22ml 2%-5% Nicotine\",\"isPartOf\":{\"@id\":\"https:\/\/vapeenjoy.com\/#website\"},\"primaryImageOfPage\":{\"@id\":\"https:\/\/vapeenjoy.com\/product\/jnr-falcon-16000-puffs-disposable-vape\/#primaryimage\"},\"image\":{\"@id\":\"https:\/\/vapeenjoy.com\/product\/jnr-falcon-16000-puffs-disposable-vape\/#primaryimage\"},\"thumbnailUrl\":\"https:\/\/vapeenjoy.com\/wp-content\/uploads\/2025\/07\/jnr-falon-16000-puffs.webp\",\"datePublished\":\"2025-07-18T10:00:26+00:00\",\"dateModified\":\"2025-08-19T07:23:01+00:00\",\"description\":\"JNR Falcon 16000 Puffs Disposable Vape: 22ml, 2%-5% nicotine, Type-C rechargeable. Dual mesh coils, adjustable airflow, 28+ flavors. Shop now!\",\"breadcrumb\":{\"@id\":\"https:\/\/vapeenjoy.com\/product\/jnr-falcon-16000-puffs-disposable-vape\/#breadcrumb\"},\"inLanguage\":\"da-DK\",\"potentialAction\":[{\"@type\":\"ReadAction\",\"target\":[\"https:\/\/vapeenjoy.com\/product\/jnr-falcon-16000-puffs-disposable-vape\/\"]}]},{\"@type\":\"ImageObject\",\"inLanguage\":\"da-DK\",\"@id\":\"https:\/\/vapeenjoy.com\/product\/jnr-falcon-16000-puffs-disposable-vape\/#primaryimage\",\"url\":\"https:\/\/vapeenjoy.com\/wp-content\/uploads\/2025\/07\/jnr-falon-16000-puffs.webp\",\"contentUrl\":\"https:\/\/vapeenjoy.com\/wp-content\/uploads\/2025\/07\/jnr-falon-16000-puffs.webp\",\"width\":1080,\"height\":1080},{\"@type\":\"BreadcrumbList\",\"@id\":\"https:\/\/vapeenjoy.com\/product\/jnr-falcon-16000-puffs-disposable-vape\/#breadcrumb\",\"itemListElement\":[{\"@type\":\"ListItem\",\"position\":1,\"name\":\"Home\",\"item\":\"https:\/\/vapeenjoy.com\/\"},{\"@type\":\"ListItem\",\"position\":2,\"name\":\"Shop\",\"item\":\"https:\/\/vapeenjoy.com\/vapeenjoy-shop\/\"},{\"@type\":\"ListItem\",\"position\":3,\"name\":\"JNR Falcon 16000 Puffs Disposable Vape 22ml 2%-5% Nicotine Type-C Rechargeable\"}]},{\"@type\":\"WebSite\",\"@id\":\"https:\/\/vapeenjoy.com\/#website\",\"url\":\"https:\/\/vapeenjoy.com\/\",\"name\":\"vapeenjoy\",\"description\":\"An online store for selling vapes\",\"potentialAction\":[{\"@type\":\"SearchAction\",\"target\":{\"@type\":\"EntryPoint\",\"urlTemplate\":\"https:\/\/vapeenjoy.com\/?s={search_term_string}\"},\"query-input\":{\"@type\":\"PropertyValueSpecification\",\"valueRequired\":true,\"valueName\":\"search_term_string\"}}],\"inLanguage\":\"da-DK\"}]}<\/script>\n<!-- \/ Yoast SEO plugin. -->","yoast_head_json":{"title":"Jnr Falcon 16000 Puffs engangsvape 22ml 2%-5% nikotin","description":"Jnr Falcon 16000 Puffs engangsdamp: 22ml, 2%-5% nikotin, type-c genopladelig. Dual mesh spoler, justerbar luftstr\u00f8m, 28+ smagsvarianter. Shop nu!","robots":{"index":"index","follow":"follow","max-snippet":"max-snippet:-1","max-image-preview":"max-image-preview:large","max-video-preview":"max-video-preview:-1"},"canonical":"https:\/\/vapeenjoy.com\/da\/vare\/jnr-falcon-16000-puffs-engangsdamp\/","og_locale":"da_DK","og_type":"article","og_title":"JNR Falcon 16000 Puffs Disposable Vape 22ml 2%-5% Nicotine","og_description":"JNR Falcon 16000 Puffs Disposable Vape: 22ml, 2%-5% nicotine, Type-C rechargeable. Dual mesh coils, adjustable airflow, 28+ flavors. Shop now!","og_url":"https:\/\/vapeenjoy.com\/da\/vare\/jnr-falcon-16000-puffs-engangsdamp\/","og_site_name":"vapeenjoy","article_modified_time":"2025-08-19T07:23:01+00:00","og_image":[{"width":1080,"height":1080,"url":"https:\/\/vapeenjoy.com\/wp-content\/uploads\/2025\/07\/jnr-falon-16000-puffs.webp","type":"image\/webp"}],"twitter_card":"summary_large_image","twitter_misc":{"Estimeret l\u00e6setid":"3 minutter"},"schema":{"@context":"https:\/\/schema.org","@graph":[{"@type":"WebPage","@id":"https:\/\/vapeenjoy.com\/product\/jnr-falcon-16000-puffs-disposable-vape\/","url":"https:\/\/vapeenjoy.com\/product\/jnr-falcon-16000-puffs-disposable-vape\/","name":"Jnr Falcon 16000 Puffs engangsvape 22ml 2%-5% nikotin","isPartOf":{"@id":"https:\/\/vapeenjoy.com\/#website"},"primaryImageOfPage":{"@id":"https:\/\/vapeenjoy.com\/product\/jnr-falcon-16000-puffs-disposable-vape\/#primaryimage"},"image":{"@id":"https:\/\/vapeenjoy.com\/product\/jnr-falcon-16000-puffs-disposable-vape\/#primaryimage"},"thumbnailUrl":"https:\/\/vapeenjoy.com\/wp-content\/uploads\/2025\/07\/jnr-falon-16000-puffs.webp","datePublished":"2025-07-18T10:00:26+00:00","dateModified":"2025-08-19T07:23:01+00:00","description":"Jnr Falcon 16000 Puffs engangsdamp: 22ml, 2%-5% nikotin, type-c genopladelig. Dual mesh spoler, justerbar luftstr\u00f8m, 28+ smagsvarianter. Shop nu!","breadcrumb":{"@id":"https:\/\/vapeenjoy.com\/product\/jnr-falcon-16000-puffs-disposable-vape\/#breadcrumb"},"inLanguage":"da-DK","potentialAction":[{"@type":"ReadAction","target":["https:\/\/vapeenjoy.com\/product\/jnr-falcon-16000-puffs-disposable-vape\/"]}]},{"@type":"ImageObject","inLanguage":"da-DK","@id":"https:\/\/vapeenjoy.com\/product\/jnr-falcon-16000-puffs-disposable-vape\/#primaryimage","url":"https:\/\/vapeenjoy.com\/wp-content\/uploads\/2025\/07\/jnr-falon-16000-puffs.webp","contentUrl":"https:\/\/vapeenjoy.com\/wp-content\/uploads\/2025\/07\/jnr-falon-16000-puffs.webp","width":1080,"height":1080},{"@type":"BreadcrumbList","@id":"https:\/\/vapeenjoy.com\/product\/jnr-falcon-16000-puffs-disposable-vape\/#breadcrumb","itemListElement":[{"@type":"ListItem","position":1,"name":"Home","item":"https:\/\/vapeenjoy.com\/"},{"@type":"ListItem","position":2,"name":"Shop","item":"https:\/\/vapeenjoy.com\/vapeenjoy-shop\/"},{"@type":"ListItem","position":3,"name":"JNR Falcon 16000 Puffs Disposable Vape 22ml 2%-5% Nicotine Type-C Rechargeable"}]},{"@type":"WebSite","@id":"https:\/\/vapeenjoy.com\/#website","url":"https:\/\/vapeenjoy.com\/","name":"VapeenJoy","description":"en online butik til salg af dampe","potentialAction":[{"@type":"SearchAction","target":{"@type":"EntryPoint","urlTemplate":"https:\/\/vapeenjoy.com\/?s={search_term_string}"},"query-input":{"@type":"PropertyValueSpecification","valueRequired":true,"valueName":"search_term_string"}}],"inLanguage":"da-DK"}]}},"_links":{"self":[{"href":"https:\/\/vapeenjoy.com\/da\/wp-json\/wp\/v2\/product\/206","targetHints":{"allow":["GET"]}}],"collection":[{"href":"https:\/\/vapeenjoy.com\/da\/wp-json\/wp\/v2\/product"}],"about":[{"href":"https:\/\/vapeenjoy.com\/da\/wp-json\/wp\/v2\/types\/product"}],"replies":[{"embeddable":true,"href":"https:\/\/vapeenjoy.com\/da\/wp-json\/wp\/v2\/comments?post=206"}],"version-history":[{"count":2,"href":"https:\/\/vapeenjoy.com\/da\/wp-json\/wp\/v2\/product\/206\/revisions"}],"predecessor-version":[{"id":2377,"href":"https:\/\/vapeenjoy.com\/da\/wp-json\/wp\/v2\/product\/206\/revisions\/2377"}],"wp:featuredmedia":[{"embeddable":true,"href":"https:\/\/vapeenjoy.com\/da\/wp-json\/wp\/v2\/media\/207"}],"wp:attachment":[{"href":"https:\/\/vapeenjoy.com\/da\/wp-json\/wp\/v2\/media?parent=206"}],"wp:term":[{"taxonomy":"product_brand","embeddable":true,"href":"https:\/\/vapeenjoy.com\/da\/wp-json\/wp\/v2\/product_brand?post=206"},{"taxonomy":"product_cat","embeddable":true,"href":"https:\/\/vapeenjoy.com\/da\/wp-json\/wp\/v2\/product_cat?post=206"},{"taxonomy":"product_tag","embeddable":true,"href":"https:\/\/vapeenjoy.com\/da\/wp-json\/wp\/v2\/product_tag?post=206"}],"curies":[{"name":"wp","href":"https:\/\/api.w.org\/{rel}","templated":true}]}}