{"id":2664,"date":"2025-09-03T06:35:14","date_gmt":"2025-09-03T06:35:14","guid":{"rendered":"https:\/\/vapeenjoy.com\/?post_type=product&#038;p=2664"},"modified":"2025-09-08T02:48:44","modified_gmt":"2025-09-08T02:48:44","slug":"uzy-crystal-4-in-1-flavors-100k-puffs-disposable-vape-56ml-e-liquid-0-5-nicotine","status":"publish","type":"product","link":"https:\/\/vapeenjoy.com\/da\/vare\/uzy-crystal-4-in-1-smagsvarianter-100k-puffs-engangsvape-56ml-e-vaeske-0-5-nikotin\/","title":{"rendered":"uzy crystal 4 i 1 smagsvarianter 100k puffs engangsvape 56ml e-v\u00e6ske 0-5% nikotin"},"content":{"rendered":"<h2>uzy crystal 4 i 1 smagsvarianter 100k puffs engangsdamp<\/h2>\n<p>Uzy, et betroet vaping-m\u00e6rke, afsl\u00f8rer Crystal 4 in 1-smag 100K Puffs engangsvape. Dermed sikrer det bekvemmelighed for vapers, der s\u00f8ger variation. Desuden giver dets krystallignende design holdbarhed. Derudover fremviser den gennemsigtige krop levende e-v\u00e6ske. Derfor blander den stil og fungerer problemfrit.<\/p>\n<h3>Produktspecifikationer<\/h3>\n<p>\u2022 <b>Puff Count: 100.000<\/b> \u2013 Leverer 100.000 pust til varig brug.<br \/>\n\u2022 <b>E-v\u00e6ske Kapacitet: 56ml<\/b> \u2013 Indeholder 56 ml, 14 ml pr. smag.<br \/>\n\u2022 <b>Batteri: 850mAh genopladeligt<\/b> \u2013 Inkluderer 850mAh batteri med Type-C opladning.<br \/>\n\u2022 <b>Nikotinstyrke: 0%-5%<\/b> \u2013 Giver 0%, 2%, 3%, 5% nikotin.<br \/>\n\u2022 <b>Spoletype: Quad 1,2\u03a9 Mesh Coils<\/b> \u2013 Fire spoler sikrer fed smag.<br \/>\n\u2022 <b>Opladningsport: Type-C<\/b> \u2013 Underst\u00f8tter hurtig type-C-opladning.<br \/>\n\u2022 <b>Display: Smart LED-sk\u00e6rm<\/b> \u2013 Viser pufftal og batteristatus.<br \/>\n\u2022 <b>Materiale: PC<\/b> \u2013 Bruger let, holdbart polycarbonat.<br \/>\n\u2022 <b>Aktivering: Draw-Activeret<\/b> \u2013 Inhaler-til-damp for enkel betjening.<\/p>\n<h3>frugtagtige og tropiske smagskombinationer<\/h3>\n<p>01. <b>Jordb\u00e6r vandmelon, bl\u00e5 razz is, bl\u00e5b\u00e6r hindb\u00e6r kirseb\u00e6r, brusende kirseb\u00e6ris<\/b> \u2013 Jordb\u00e6r-vandmelon, iskoldt bl\u00e5 razz, b\u00e6r-kirseb\u00e6r og brusende kirseb\u00e6r.<br \/>\n02. <b>Peach Ice, Blueberry Cherry, Energy Drink, Watermelon Litchiee<\/b> \u2013 Cool Peach, Blueberry-Cherry, Bold Energy Drink og Watermelon-Lychee.<br \/>\n05. <b>Blueberry Ice, Mango Peach Abrikos, Kiwi Passion Fruit Guava, White Peach Razz<\/b> \u2013 Afk\u00f8let bl\u00e5b\u00e6r, mango-fersken, kiwi-guava og ferskenagtig razz.<br \/>\n06. <b>Peach mango ananas, bl\u00e5b\u00e6r hindb\u00e6r, citron lime, vandmelon tyggegummi<\/b> \u2013 Fersken-mango, b\u00e6r, citron-lime og vandmelon-boblegum.<br \/>\n09. <b>Vandmelonis, bl\u00e5 razz kirseb\u00e6r, vandmelon sur fersken, passionsfrugt kiwi<\/b> \u2013 Cool vandmelon, bl\u00e5 razz-kirseb\u00e6r, sur vandmelon-fersken og kiwi.<\/p>\n<h3>B\u00e6r og slik-inspirerede smagskombinationer<\/h3>\n<p>03. <b>Bl\u00e5b\u00e6ris, jordb\u00e6rbanan, to \u00e6ble, kegler<\/b> \u2013 Frosty Blueberry, Strawberry-Banana, Crisp Apples og Skittles Candy.<br \/>\n04. <b>Cherry Ice, Grape Ice, Passion Fruit Mango, Love 66<\/b> \u2013 cool kirseb\u00e6r-drue, passionsfrugt-mango og unik k\u00e6rlighed 66.<br \/>\n07. <b>Blandet b\u00e6r, passionsfrugt kiwi lime, traneb\u00e6r drue, jordb\u00e6r kiwi<\/b> \u2013 B\u00e6r, kiwi-lime, traneb\u00e6r-drue og jordb\u00e6r-kiwi.<br \/>\n08. <b>Jordb\u00e6ris, gummibj\u00f8rn, vandmelon dragefrugt, bl\u00e5b\u00e6r kiwi<\/b> \u2013 Iskolde jordb\u00e6r, gummibj\u00f8rn, vandmelon-dragefrugt og bl\u00e5b\u00e6r-kiwi.<br \/>\n10. <b>Strawberry Mango, Mr Blue, Summer Peach Ice, Black Ice<\/b> \u2013 Jordb\u00e6r-mango, Mr Blue, Fresh Peach og Blackberry Ice.<\/p>\n<h3>oftere end<\/h3>\n<p>1. Hvad g\u00f8r Uzy Crystal 4 i 1 unik?<br \/>\nDens quad-smagssystem giver variation. For eksempel overlever det de fleste engangsartikler.<\/p>\n<p>2 . Hvordan ved jeg, hvorn\u00e5r jeg skal genoplade?<br \/>\nLED-sk\u00e6rmen viser batteristatus. Den signalerer s\u00e5ledes Type-C-opladningsbehov.<\/p>\n<p>3. Hvordan skifter jeg smag?<br \/>\nRoter mellem smagskamrene. Derfor er det hurtigt og nemt at skifte.<\/p>\n<p>4. Hvordan v\u00e6lger jeg den rigtige smagskombination?<br \/>\nV\u00e6lg frugtig fersken mango ananas til tropiske noter. Alternativt kan du v\u00e6lge kegler for slik-lignende s\u00f8dme.<\/p>\n<p>5. Er den velegnet til nikotinfri vaping?<br \/>\nJa, det tilbyder 0% nikotin. Derfor er den ideel til brug kun for smag.<\/p>\n<p>6. Hvordan forbedrer quad mesh-spoler vaping?<br \/>\nFire 1,2\u03a9 spoler opvarmes j\u00e6vnt. Som et resultat forbliver smagen fed konsekvent.<\/p>\n<p>7 . Er enheden nem at bruge?<br \/>\nDets draw-aktiverede design forenkler driften. Derfor passer det alle brugere perfekt.<\/p>\n<p><img fetchpriority=\"high\" decoding=\"async\" class=\"alignnone wp-image-2667 size-full\" src=\"https:\/\/vapeenjoy.com\/wp-content\/uploads\/2025\/09\/\u6d77\u62a55-scaled.jpg\" alt=\"uzy crystal 4 i 1 smagsvarianter 100k puffs engangs vape smag\" width=\"1753\" height=\"2560\" srcset=\"https:\/\/vapeenjoy.com\/wp-content\/uploads\/2025\/09\/\u6d77\u62a55-scaled.jpg 1753w, https:\/\/vapeenjoy.com\/wp-content\/uploads\/2025\/09\/\u6d77\u62a55-205x300.jpg 205w, https:\/\/vapeenjoy.com\/wp-content\/uploads\/2025\/09\/\u6d77\u62a55-701x1024.jpg 701w, https:\/\/vapeenjoy.com\/wp-content\/uploads\/2025\/09\/\u6d77\u62a55-768x1122.jpg 768w, https:\/\/vapeenjoy.com\/wp-content\/uploads\/2025\/09\/\u6d77\u62a55-1052x1536.jpg 1052w, https:\/\/vapeenjoy.com\/wp-content\/uploads\/2025\/09\/\u6d77\u62a55-1402x2048.jpg 1402w, https:\/\/vapeenjoy.com\/wp-content\/uploads\/2025\/09\/\u6d77\u62a55-8x12.jpg 8w, https:\/\/vapeenjoy.com\/wp-content\/uploads\/2025\/09\/\u6d77\u62a55-1200x1753.jpg 1200w, https:\/\/vapeenjoy.com\/wp-content\/uploads\/2025\/09\/\u6d77\u62a55-150x219.jpg 150w\" sizes=\"(max-width: 1753px) 100vw, 1753px\" \/><\/p>","protected":false},"excerpt":{"rendered":"<p dir=\"auto\">Oplev Uzy Crystal 4 i 1 varianter 100K Puffs engangsvape med 56 ml e-v\u00e6ske og 0-5% nikotin. Nyd frugtige, tropiske, b\u00e6r- og slik-inspirerede smage i en holdbar, tr\u00e6kaktiveret enhed med en smart LED-sk\u00e6rm. Perfekt til langtidsholdbar, alsidig vaping.<\/p>","protected":false},"featured_media":2672,"comment_status":"open","ping_status":"closed","template":"","meta":[],"product_brand":[38],"product_cat":[36],"product_tag":[217,72],"class_list":{"0":"post-2664","1":"product","2":"type-product","3":"status-publish","4":"has-post-thumbnail","6":"product_brand-uzy-vape","7":"product_cat-100k-puffs-vape","8":"product_tag-4-in-1-flavors","9":"product_tag-56ml","11":"first","12":"instock","13":"sale","14":"shipping-taxable","15":"purchasable","16":"product-type-variable"},"yoast_head":"<!-- This site is optimized with the Yoast SEO plugin v25.7 - https:\/\/yoast.com\/wordpress\/plugins\/seo\/ -->\n<title>UZY Crystal 4 in 1 Flavors 100K Puffs Disposable Vape 56ml<\/title>\n<meta name=\"description\" content=\"Buy now! UZY Crystal 4 in 1 Flavors Disposable Vape, 100K puffs, 56ml e-liquid, 0-5% nicotine. Fruity, berry, candy flavors in a durable device.\" \/>\n<meta name=\"robots\" content=\"index, follow, max-snippet:-1, max-image-preview:large, max-video-preview:-1\" \/>\n<link rel=\"canonical\" href=\"https:\/\/vapeenjoy.com\/da\/vare\/uzy-crystal-4-in-1-smagsvarianter-100k-puffs-engangsvape-56ml-e-vaeske-0-5-nikotin\/\" \/>\n<meta property=\"og:locale\" content=\"da_DK\" \/>\n<meta property=\"og:type\" content=\"article\" \/>\n<meta property=\"og:title\" content=\"UZY Crystal 4 in 1 Flavors 100K Puffs Disposable Vape 56ml\" \/>\n<meta property=\"og:description\" content=\"Buy now! UZY Crystal 4 in 1 Flavors Disposable Vape, 100K puffs, 56ml e-liquid, 0-5% nicotine. Fruity, berry, candy flavors in a durable device.\" \/>\n<meta property=\"og:url\" content=\"https:\/\/vapeenjoy.com\/da\/vare\/uzy-crystal-4-in-1-smagsvarianter-100k-puffs-engangsvape-56ml-e-vaeske-0-5-nikotin\/\" \/>\n<meta property=\"og:site_name\" content=\"vapeenjoy\" \/>\n<meta property=\"article:modified_time\" content=\"2025-09-08T02:48:44+00:00\" \/>\n<meta property=\"og:image\" content=\"https:\/\/vapeenjoy.com\/wp-content\/uploads\/2025\/09\/\u6d77\u62a54-scaled.jpg\" \/>\n\t<meta property=\"og:image:width\" content=\"2291\" \/>\n\t<meta property=\"og:image:height\" content=\"2560\" \/>\n\t<meta property=\"og:image:type\" content=\"image\/jpeg\" \/>\n<meta name=\"twitter:card\" content=\"summary_large_image\" \/>\n<meta name=\"twitter:label1\" content=\"Estimeret l\u00e6setid\" \/>\n\t<meta name=\"twitter:data1\" content=\"3 minutter\" \/>\n<script type=\"application\/ld+json\" class=\"yoast-schema-graph\">{\"@context\":\"https:\/\/schema.org\",\"@graph\":[{\"@type\":\"WebPage\",\"@id\":\"https:\/\/vapeenjoy.com\/product\/uzy-crystal-4-in-1-flavors-100k-puffs-disposable-vape-56ml-e-liquid-0-5-nicotine\/\",\"url\":\"https:\/\/vapeenjoy.com\/product\/uzy-crystal-4-in-1-flavors-100k-puffs-disposable-vape-56ml-e-liquid-0-5-nicotine\/\",\"name\":\"UZY Crystal 4 in 1 Flavors 100K Puffs Disposable Vape 56ml\",\"isPartOf\":{\"@id\":\"https:\/\/vapeenjoy.com\/#website\"},\"primaryImageOfPage\":{\"@id\":\"https:\/\/vapeenjoy.com\/product\/uzy-crystal-4-in-1-flavors-100k-puffs-disposable-vape-56ml-e-liquid-0-5-nicotine\/#primaryimage\"},\"image\":{\"@id\":\"https:\/\/vapeenjoy.com\/product\/uzy-crystal-4-in-1-flavors-100k-puffs-disposable-vape-56ml-e-liquid-0-5-nicotine\/#primaryimage\"},\"thumbnailUrl\":\"https:\/\/vapeenjoy.com\/wp-content\/uploads\/2025\/09\/\u6d77\u62a54-scaled.jpg\",\"datePublished\":\"2025-09-03T06:35:14+00:00\",\"dateModified\":\"2025-09-08T02:48:44+00:00\",\"description\":\"Buy now! UZY Crystal 4 in 1 Flavors Disposable Vape, 100K puffs, 56ml e-liquid, 0-5% nicotine. Fruity, berry, candy flavors in a durable device.\",\"breadcrumb\":{\"@id\":\"https:\/\/vapeenjoy.com\/product\/uzy-crystal-4-in-1-flavors-100k-puffs-disposable-vape-56ml-e-liquid-0-5-nicotine\/#breadcrumb\"},\"inLanguage\":\"da-DK\",\"potentialAction\":[{\"@type\":\"ReadAction\",\"target\":[\"https:\/\/vapeenjoy.com\/product\/uzy-crystal-4-in-1-flavors-100k-puffs-disposable-vape-56ml-e-liquid-0-5-nicotine\/\"]}]},{\"@type\":\"ImageObject\",\"inLanguage\":\"da-DK\",\"@id\":\"https:\/\/vapeenjoy.com\/product\/uzy-crystal-4-in-1-flavors-100k-puffs-disposable-vape-56ml-e-liquid-0-5-nicotine\/#primaryimage\",\"url\":\"https:\/\/vapeenjoy.com\/wp-content\/uploads\/2025\/09\/\u6d77\u62a54-scaled.jpg\",\"contentUrl\":\"https:\/\/vapeenjoy.com\/wp-content\/uploads\/2025\/09\/\u6d77\u62a54-scaled.jpg\",\"width\":2291,\"height\":2560,\"caption\":\"UZY Crystal 4 in 1 Flavors 100K Puffs Disposable Vape 56ml E-liquid 0-5% Nicotine\"},{\"@type\":\"BreadcrumbList\",\"@id\":\"https:\/\/vapeenjoy.com\/product\/uzy-crystal-4-in-1-flavors-100k-puffs-disposable-vape-56ml-e-liquid-0-5-nicotine\/#breadcrumb\",\"itemListElement\":[{\"@type\":\"ListItem\",\"position\":1,\"name\":\"Home\",\"item\":\"https:\/\/vapeenjoy.com\/\"},{\"@type\":\"ListItem\",\"position\":2,\"name\":\"Shop\",\"item\":\"https:\/\/vapeenjoy.com\/vapeenjoy-shop\/\"},{\"@type\":\"ListItem\",\"position\":3,\"name\":\"UZY Crystal 4 in 1 Flavors 100K Puffs Disposable Vape 56ml E-liquid 0-5% Nicotine\"}]},{\"@type\":\"WebSite\",\"@id\":\"https:\/\/vapeenjoy.com\/#website\",\"url\":\"https:\/\/vapeenjoy.com\/\",\"name\":\"vapeenjoy\",\"description\":\"An online store for selling vapes\",\"potentialAction\":[{\"@type\":\"SearchAction\",\"target\":{\"@type\":\"EntryPoint\",\"urlTemplate\":\"https:\/\/vapeenjoy.com\/?s={search_term_string}\"},\"query-input\":{\"@type\":\"PropertyValueSpecification\",\"valueRequired\":true,\"valueName\":\"search_term_string\"}}],\"inLanguage\":\"da-DK\"}]}<\/script>\n<!-- \/ Yoast SEO plugin. -->","yoast_head_json":{"title":"uzy crystal 4 i 1 smagsvarianter 100k puffs engangsvape 56ml","description":"K\u00d8B NU! Uzy Crystal 4 i 1 varianter Engangsvape, 100K pust, 56ml E-v\u00e6ske, 0-5% Nikotin. Frugtagtige, b\u00e6r, slik smag i en holdbar enhed.","robots":{"index":"index","follow":"follow","max-snippet":"max-snippet:-1","max-image-preview":"max-image-preview:large","max-video-preview":"max-video-preview:-1"},"canonical":"https:\/\/vapeenjoy.com\/da\/vare\/uzy-crystal-4-in-1-smagsvarianter-100k-puffs-engangsvape-56ml-e-vaeske-0-5-nikotin\/","og_locale":"da_DK","og_type":"article","og_title":"UZY Crystal 4 in 1 Flavors 100K Puffs Disposable Vape 56ml","og_description":"Buy now! UZY Crystal 4 in 1 Flavors Disposable Vape, 100K puffs, 56ml e-liquid, 0-5% nicotine. Fruity, berry, candy flavors in a durable device.","og_url":"https:\/\/vapeenjoy.com\/da\/vare\/uzy-crystal-4-in-1-smagsvarianter-100k-puffs-engangsvape-56ml-e-vaeske-0-5-nikotin\/","og_site_name":"vapeenjoy","article_modified_time":"2025-09-08T02:48:44+00:00","og_image":[{"width":2291,"height":2560,"url":"https:\/\/vapeenjoy.com\/wp-content\/uploads\/2025\/09\/\u6d77\u62a54-scaled.jpg","type":"image\/jpeg"}],"twitter_card":"summary_large_image","twitter_misc":{"Estimeret l\u00e6setid":"3 minutter"},"schema":{"@context":"https:\/\/schema.org","@graph":[{"@type":"WebPage","@id":"https:\/\/vapeenjoy.com\/product\/uzy-crystal-4-in-1-flavors-100k-puffs-disposable-vape-56ml-e-liquid-0-5-nicotine\/","url":"https:\/\/vapeenjoy.com\/product\/uzy-crystal-4-in-1-flavors-100k-puffs-disposable-vape-56ml-e-liquid-0-5-nicotine\/","name":"uzy crystal 4 i 1 smagsvarianter 100k puffs engangsvape 56ml","isPartOf":{"@id":"https:\/\/vapeenjoy.com\/#website"},"primaryImageOfPage":{"@id":"https:\/\/vapeenjoy.com\/product\/uzy-crystal-4-in-1-flavors-100k-puffs-disposable-vape-56ml-e-liquid-0-5-nicotine\/#primaryimage"},"image":{"@id":"https:\/\/vapeenjoy.com\/product\/uzy-crystal-4-in-1-flavors-100k-puffs-disposable-vape-56ml-e-liquid-0-5-nicotine\/#primaryimage"},"thumbnailUrl":"https:\/\/vapeenjoy.com\/wp-content\/uploads\/2025\/09\/\u6d77\u62a54-scaled.jpg","datePublished":"2025-09-03T06:35:14+00:00","dateModified":"2025-09-08T02:48:44+00:00","description":"K\u00d8B NU! Uzy Crystal 4 i 1 varianter Engangsvape, 100K pust, 56ml E-v\u00e6ske, 0-5% Nikotin. Frugtagtige, b\u00e6r, slik smag i en holdbar enhed.","breadcrumb":{"@id":"https:\/\/vapeenjoy.com\/product\/uzy-crystal-4-in-1-flavors-100k-puffs-disposable-vape-56ml-e-liquid-0-5-nicotine\/#breadcrumb"},"inLanguage":"da-DK","potentialAction":[{"@type":"ReadAction","target":["https:\/\/vapeenjoy.com\/product\/uzy-crystal-4-in-1-flavors-100k-puffs-disposable-vape-56ml-e-liquid-0-5-nicotine\/"]}]},{"@type":"ImageObject","inLanguage":"da-DK","@id":"https:\/\/vapeenjoy.com\/product\/uzy-crystal-4-in-1-flavors-100k-puffs-disposable-vape-56ml-e-liquid-0-5-nicotine\/#primaryimage","url":"https:\/\/vapeenjoy.com\/wp-content\/uploads\/2025\/09\/\u6d77\u62a54-scaled.jpg","contentUrl":"https:\/\/vapeenjoy.com\/wp-content\/uploads\/2025\/09\/\u6d77\u62a54-scaled.jpg","width":2291,"height":2560,"caption":"UZY Crystal 4 in 1 Flavors 100K Puffs Disposable Vape 56ml E-liquid 0-5% Nicotine"},{"@type":"BreadcrumbList","@id":"https:\/\/vapeenjoy.com\/product\/uzy-crystal-4-in-1-flavors-100k-puffs-disposable-vape-56ml-e-liquid-0-5-nicotine\/#breadcrumb","itemListElement":[{"@type":"ListItem","position":1,"name":"Home","item":"https:\/\/vapeenjoy.com\/"},{"@type":"ListItem","position":2,"name":"Shop","item":"https:\/\/vapeenjoy.com\/vapeenjoy-shop\/"},{"@type":"ListItem","position":3,"name":"UZY Crystal 4 in 1 Flavors 100K Puffs Disposable Vape 56ml E-liquid 0-5% Nicotine"}]},{"@type":"WebSite","@id":"https:\/\/vapeenjoy.com\/#website","url":"https:\/\/vapeenjoy.com\/","name":"VapeenJoy","description":"en online butik til salg af dampe","potentialAction":[{"@type":"SearchAction","target":{"@type":"EntryPoint","urlTemplate":"https:\/\/vapeenjoy.com\/?s={search_term_string}"},"query-input":{"@type":"PropertyValueSpecification","valueRequired":true,"valueName":"search_term_string"}}],"inLanguage":"da-DK"}]}},"_links":{"self":[{"href":"https:\/\/vapeenjoy.com\/da\/wp-json\/wp\/v2\/product\/2664","targetHints":{"allow":["GET"]}}],"collection":[{"href":"https:\/\/vapeenjoy.com\/da\/wp-json\/wp\/v2\/product"}],"about":[{"href":"https:\/\/vapeenjoy.com\/da\/wp-json\/wp\/v2\/types\/product"}],"replies":[{"embeddable":true,"href":"https:\/\/vapeenjoy.com\/da\/wp-json\/wp\/v2\/comments?post=2664"}],"version-history":[{"count":1,"href":"https:\/\/vapeenjoy.com\/da\/wp-json\/wp\/v2\/product\/2664\/revisions"}],"predecessor-version":[{"id":2673,"href":"https:\/\/vapeenjoy.com\/da\/wp-json\/wp\/v2\/product\/2664\/revisions\/2673"}],"wp:featuredmedia":[{"embeddable":true,"href":"https:\/\/vapeenjoy.com\/da\/wp-json\/wp\/v2\/media\/2672"}],"wp:attachment":[{"href":"https:\/\/vapeenjoy.com\/da\/wp-json\/wp\/v2\/media?parent=2664"}],"wp:term":[{"taxonomy":"product_brand","embeddable":true,"href":"https:\/\/vapeenjoy.com\/da\/wp-json\/wp\/v2\/product_brand?post=2664"},{"taxonomy":"product_cat","embeddable":true,"href":"https:\/\/vapeenjoy.com\/da\/wp-json\/wp\/v2\/product_cat?post=2664"},{"taxonomy":"product_tag","embeddable":true,"href":"https:\/\/vapeenjoy.com\/da\/wp-json\/wp\/v2\/product_tag?post=2664"}],"curies":[{"name":"wp","href":"https:\/\/api.w.org\/{rel}","templated":true}]}}