{"id":2782,"date":"2025-09-05T03:42:53","date_gmt":"2025-09-05T03:42:53","guid":{"rendered":"https:\/\/vapeenjoy.com\/?post_type=product&#038;p=2782"},"modified":"2025-09-05T03:42:53","modified_gmt":"2025-09-05T03:42:53","slug":"waspe-3-in-1-flavors-60000-60k-puffs-disposable-vape-54ml-0-5-nicotine","status":"publish","type":"product","link":"https:\/\/vapeenjoy.com\/da\/vare\/waspe-3-i-1-varianter-60000-60k-puffs-engangsvape-54ml-0-5-nikotin\/","title":{"rendered":"WASPe 3 i 1 varianter 60000 60K Puffs Disposable Vape 54ml 0-5% Nikotin"},"content":{"rendered":"<h2>WASPe 3-i-1 60000 pust engangsvape Produktbeskrivelse<\/h2>\n<p>Waspe, et h\u00f8jt anset m\u00e6rke inden for vaping, leverer konsekvent p\u00e5lidelige enheder med h\u00f8j kapacitet, der er skr\u00e6ddersyet til forskellige pr\u00e6ferencer. Af denne grund skiller Waspe 3-i-1 60000 pust-enten Vape sig frem med sin bem\u00e6rkelsesv\u00e6rdige 54 ml e-v\u00e6skekapacitet og innovative system med tre smagsvarianter. Derfor sikrer det alsidighed og langvarig nydelse for brugerne. Desuden giver dets ergonomiske trekantede design et behageligt greb, mens den livlige LED-sk\u00e6rm tilbyder realtidsopdateringer om batteri- og e-v\u00e6skeniveauer. Desuden integrerer denne enhed problemfrit praktisk med et slankt, brugervenligt design. Dermed bliver det et glimrende valg for vapers, der s\u00f8ger b\u00e5de bekvemmelighed og kvalitet i en enkelt pakke.<\/p>\n<h3>Produktspecifikationer<\/h3>\n<p>\u25cb <b>Puff Count: 60.000 sug<\/b> \u2013 Leverer op til 60.000 pust til l\u00e6ngerevarende brug.<br \/>\n\u25cb <b>E-v\u00e6ske Kapacitet: 54 ml<\/b> \u2013 Tre 18 ml kamre sikrer varig smagslevering.<br \/>\n\u25cb <b>Nikotinstyrke: 0%, 2%, 5%<\/b> \u2013 Tilpasser forskellige nikotinpr\u00e6ferencer.<br \/>\n\u25cb <b>Batterikapacitet: 650mAh<\/b> \u2013 Genopladelig for p\u00e5lidelig, ensartet kraft.<br \/>\n\u25cb <b>Opladningstype: Type-C<\/b> \u2013 Giver hurtig, effektiv genopladning.<br \/>\n\u25cb <b>Spoletype: Triple 0,9\u03a9 mesh-spoler<\/b> \u2013 Sikrer j\u00e6vn, rig dampproduktion.<br \/>\n\u25cb <b>LED display<\/b> \u2013 Overv\u00e5ger batteri-, e-v\u00e6ske og smagsstatus.<br \/>\n\u25cb <b>Dimensioner: 47mm x 47mm x 116mm<\/b> \u2013 Kompakt, let ved 130g.<\/p>\n<h3>6 frugtagtige og tropiske smagskombinationer<\/h3>\n<p>1. <b>Vandmelon is &amp; jordb\u00e6r kiwi &amp; citron lime<\/b> \u2013 saftig vandmelon, syrlig kiwi, frisk citron-lime.<br \/>\n2. <b>Jordb\u00e6r vandmelon &amp; jordb\u00e6r hindb\u00e6r slik &amp; drueis<\/b> \u2013 S\u00f8de b\u00e6r, sukkerholdigt slik, k\u00f8lig drue.<br \/>\n5. <b>Peach Ice &amp; Pineapple Mango Peach &amp; Cranberry Lemon<\/b> \u2013 Cool Peach, Tropical Mix, Tart Cranberry-Lemon.<br \/>\n6. <b>Red Bull Ice &amp; Strawberry Mango &amp; Strawberry Watermelon Bubblegum<\/b> \u2013 Energigivende, saftig, s\u00f8d tyggegummi.<br \/>\n7. <b>Blandede b\u00e6r &amp; gummibj\u00f8rn og blandet frugt<\/b> \u2013 Livlige b\u00e6r, sej gummiagtig, tropisk medley.<br \/>\n10. <b>Jordb\u00e6r Banan &amp; Ananas Kokos Is &amp; Mango Ice<\/b> \u2013 Cremet, tropisk, iskold mango.<\/p>\n<h3>6 iskolde og unikke smagskombinationer<\/h3>\n<p>3. <b>Blueberry Ice &amp; Black Dragon Ice &amp; Fizzy Cherry Ice<\/b> \u2013 Afk\u00f8let bl\u00e5b\u00e6r, eksotisk dragefrugt, mousserende kirseb\u00e6r.<br \/>\n4. <b>Strawberry Raspberry Cherry &amp; Love 666 &amp; Cherry Candy Ice<\/b> \u2013 Blandede b\u00e6r, modigt mystik, iskold kirseb\u00e6rslik.<br \/>\n8. <b>Triple Melon Ice &amp; Rainbow Candy &amp; Blueberry Candy<\/b> \u2013 Afk\u00f8lede meloner, farverigt slik, s\u00f8dt bl\u00e5b\u00e6r.<br \/>\n9. <b>Grape Ice &amp; Strawberry Candy &amp; Strawberry Raspberry Cherry<\/b> \u2013 Frosty drue, sukkerholdig slik, dristige b\u00e6r.<br \/>\n11. <b>Cherry Cola Ice &amp; Strawberry Cola &amp; Cola Ice<\/b> \u2013 Fizzy Cherry, Sweet Cola, Classic Cool.<br \/>\n12. <b>Bl\u00e5b\u00e6r hindb\u00e6r &amp; bl\u00e5b\u00e6r slik &amp; dobbelt \u00e6bleis<\/b> \u2013 syrlige b\u00e6r, sukkerholdigt candy candy, spr\u00f8dt \u00e6ble.<\/p>\n<h3>Ofte stillede sp\u00f8rgsm\u00e5l<\/h3>\n<p>1. Hvor l\u00e6nge holder enheden?<br \/>\nMed 60.000 pust og 54 ml e-v\u00e6ske afh\u00e6nger varigheden af brugsfrekvensen.<\/p>\n<p>2 . Hvordan skifter jeg smag?<br \/>\nDrej blot mundstykket; LED-displayet viser den aktive smag.<\/p>\n<p>3. Hvorfor bruge triple mesh spoler?<br \/>\nTre 0,9\u03a9 spoler garanterer glat, smagfuld damp for hver pust.<\/p>\n<p>4. Hvordan overv\u00e5ger jeg batteriets levetid?<br \/>\nLED-displayet sporer l\u00f8bende batteriniveauer, hvilket signalerer genopladningsbehov.<\/p>\n<p>5. Hvordan v\u00e6lger jeg den rigtige smagskombination?<br \/>\nV\u00e6lg frugtagtige blandinger som blandede b\u00e6r for s\u00f8dme, iskolde muligheder som drueis for k\u00f8lighed eller unikke blandinger som kirseb\u00e6rcola-is for dristighed.<\/p>\n<p>6. Er nikotinniveauer egnede for alle?<br \/>\nFaktisk henvender 0%, 2% og 5% muligheder sig til nikotinfrie eller st\u00e6rkere pr\u00e6ferencer.<\/p>\n<p>7 . Hvordan hj\u00e6lper LED-displayet?<br \/>\nDet viser tydeligt batteri, e-v\u00e6ske og smagsstatus for ubesv\u00e6ret kontrol.<\/p>\n<p><img fetchpriority=\"high\" decoding=\"async\" class=\"alignnone size-full wp-image-2785\" src=\"https:\/\/vapeenjoy.com\/wp-content\/uploads\/2025\/09\/\u573a\u666f07.jpg\" alt=\"WASPe 3-i-1 60000 pust engangs vape smag\" width=\"1827\" height=\"1959\" srcset=\"https:\/\/vapeenjoy.com\/wp-content\/uploads\/2025\/09\/\u573a\u666f07.jpg 1827w, https:\/\/vapeenjoy.com\/wp-content\/uploads\/2025\/09\/\u573a\u666f07-280x300.jpg 280w, https:\/\/vapeenjoy.com\/wp-content\/uploads\/2025\/09\/\u573a\u666f07-955x1024.jpg 955w, https:\/\/vapeenjoy.com\/wp-content\/uploads\/2025\/09\/\u573a\u666f07-768x823.jpg 768w, https:\/\/vapeenjoy.com\/wp-content\/uploads\/2025\/09\/\u573a\u666f07-1433x1536.jpg 1433w, https:\/\/vapeenjoy.com\/wp-content\/uploads\/2025\/09\/\u573a\u666f07-11x12.jpg 11w, https:\/\/vapeenjoy.com\/wp-content\/uploads\/2025\/09\/\u573a\u666f07-1200x1287.jpg 1200w, https:\/\/vapeenjoy.com\/wp-content\/uploads\/2025\/09\/\u573a\u666f07-150x161.jpg 150w\" sizes=\"(max-width: 1827px) 100vw, 1827px\" \/><\/p>","protected":false},"excerpt":{"rendered":"<p dir=\"ltr\" data-pm-slice=\"1 1 []\">Waspe, et betroet vaping-m\u00e6rke, pr\u00e6senterer 3-i-1 60000 pust engangsvape med 54 ml e-v\u00e6ske, tre-smagssystem, 650mAh batteri, Type-C opladning, triple 0,9\u03a9 mesh spoler og LED-sk\u00e6rm for varig ydeevne og bekvemmelighed.<\/p>","protected":false},"featured_media":2786,"comment_status":"open","ping_status":"closed","template":"","meta":[],"product_brand":[41],"product_cat":[19],"product_tag":[64,79],"class_list":{"0":"post-2782","1":"product","2":"type-product","3":"status-publish","4":"has-post-thumbnail","6":"product_brand-waspe-vape","7":"product_cat-60000-puffs-vape","8":"product_tag-0-5-nicotine","9":"product_tag-54ml","11":"first","12":"instock","13":"sale","14":"shipping-taxable","15":"purchasable","16":"product-type-variable"},"yoast_head":"<!-- This site is optimized with the Yoast SEO plugin v25.7 - https:\/\/yoast.com\/wordpress\/plugins\/seo\/ -->\n<title>WASPE 3 in 1 Flavors 60000 60K Puffs Disposable Vape 54ML<\/title>\n<meta name=\"description\" content=\"WASPE 3-in-1 Flavors 60000 Puffs Disposable Vape offers 54ml e-liquid, three flavors, 650mAh battery, Type-C charging, mesh coils, and LED display. Buy now!\" \/>\n<meta name=\"robots\" content=\"index, follow, max-snippet:-1, max-image-preview:large, max-video-preview:-1\" \/>\n<link rel=\"canonical\" href=\"https:\/\/vapeenjoy.com\/da\/vare\/waspe-3-i-1-varianter-60000-60k-puffs-engangsvape-54ml-0-5-nikotin\/\" \/>\n<meta property=\"og:locale\" content=\"da_DK\" \/>\n<meta property=\"og:type\" content=\"article\" \/>\n<meta property=\"og:title\" content=\"WASPE 3 in 1 Flavors 60000 60K Puffs Disposable Vape 54ML\" \/>\n<meta property=\"og:description\" content=\"WASPE 3-in-1 Flavors 60000 Puffs Disposable Vape offers 54ml e-liquid, three flavors, 650mAh battery, Type-C charging, mesh coils, and LED display. Buy now!\" \/>\n<meta property=\"og:url\" content=\"https:\/\/vapeenjoy.com\/da\/vare\/waspe-3-i-1-varianter-60000-60k-puffs-engangsvape-54ml-0-5-nikotin\/\" \/>\n<meta property=\"og:site_name\" content=\"vapeenjoy\" \/>\n<meta property=\"og:image\" content=\"https:\/\/vapeenjoy.com\/wp-content\/uploads\/2025\/09\/\u573a\u666f030000.jpg\" \/>\n\t<meta property=\"og:image:width\" content=\"1500\" \/>\n\t<meta property=\"og:image:height\" content=\"1500\" \/>\n\t<meta property=\"og:image:type\" content=\"image\/jpeg\" \/>\n<meta name=\"twitter:card\" content=\"summary_large_image\" \/>\n<meta name=\"twitter:label1\" content=\"Estimeret l\u00e6setid\" \/>\n\t<meta name=\"twitter:data1\" content=\"3 minutter\" \/>\n<script type=\"application\/ld+json\" class=\"yoast-schema-graph\">{\"@context\":\"https:\/\/schema.org\",\"@graph\":[{\"@type\":\"WebPage\",\"@id\":\"https:\/\/vapeenjoy.com\/product\/waspe-3-in-1-flavors-60000-60k-puffs-disposable-vape-54ml-0-5-nicotine\/\",\"url\":\"https:\/\/vapeenjoy.com\/product\/waspe-3-in-1-flavors-60000-60k-puffs-disposable-vape-54ml-0-5-nicotine\/\",\"name\":\"WASPE 3 in 1 Flavors 60000 60K Puffs Disposable Vape 54ML\",\"isPartOf\":{\"@id\":\"https:\/\/vapeenjoy.com\/#website\"},\"primaryImageOfPage\":{\"@id\":\"https:\/\/vapeenjoy.com\/product\/waspe-3-in-1-flavors-60000-60k-puffs-disposable-vape-54ml-0-5-nicotine\/#primaryimage\"},\"image\":{\"@id\":\"https:\/\/vapeenjoy.com\/product\/waspe-3-in-1-flavors-60000-60k-puffs-disposable-vape-54ml-0-5-nicotine\/#primaryimage\"},\"thumbnailUrl\":\"https:\/\/vapeenjoy.com\/wp-content\/uploads\/2025\/09\/\u573a\u666f030000.jpg\",\"datePublished\":\"2025-09-05T03:42:53+00:00\",\"description\":\"WASPE 3-in-1 Flavors 60000 Puffs Disposable Vape offers 54ml e-liquid, three flavors, 650mAh battery, Type-C charging, mesh coils, and LED display. Buy now!\",\"breadcrumb\":{\"@id\":\"https:\/\/vapeenjoy.com\/product\/waspe-3-in-1-flavors-60000-60k-puffs-disposable-vape-54ml-0-5-nicotine\/#breadcrumb\"},\"inLanguage\":\"da-DK\",\"potentialAction\":[{\"@type\":\"ReadAction\",\"target\":[\"https:\/\/vapeenjoy.com\/product\/waspe-3-in-1-flavors-60000-60k-puffs-disposable-vape-54ml-0-5-nicotine\/\"]}]},{\"@type\":\"ImageObject\",\"inLanguage\":\"da-DK\",\"@id\":\"https:\/\/vapeenjoy.com\/product\/waspe-3-in-1-flavors-60000-60k-puffs-disposable-vape-54ml-0-5-nicotine\/#primaryimage\",\"url\":\"https:\/\/vapeenjoy.com\/wp-content\/uploads\/2025\/09\/\u573a\u666f030000.jpg\",\"contentUrl\":\"https:\/\/vapeenjoy.com\/wp-content\/uploads\/2025\/09\/\u573a\u666f030000.jpg\",\"width\":1500,\"height\":1500,\"caption\":\"WASPE 3-in-1 60000 Puffs Disposable Vape\"},{\"@type\":\"BreadcrumbList\",\"@id\":\"https:\/\/vapeenjoy.com\/product\/waspe-3-in-1-flavors-60000-60k-puffs-disposable-vape-54ml-0-5-nicotine\/#breadcrumb\",\"itemListElement\":[{\"@type\":\"ListItem\",\"position\":1,\"name\":\"Home\",\"item\":\"https:\/\/vapeenjoy.com\/\"},{\"@type\":\"ListItem\",\"position\":2,\"name\":\"Shop\",\"item\":\"https:\/\/vapeenjoy.com\/vapeenjoy-shop\/\"},{\"@type\":\"ListItem\",\"position\":3,\"name\":\"WASPE 3 in 1 Flavors 60000 60K Puffs Disposable Vape 54ML 0-5% Nicotine\"}]},{\"@type\":\"WebSite\",\"@id\":\"https:\/\/vapeenjoy.com\/#website\",\"url\":\"https:\/\/vapeenjoy.com\/\",\"name\":\"vapeenjoy\",\"description\":\"An online store for selling vapes\",\"potentialAction\":[{\"@type\":\"SearchAction\",\"target\":{\"@type\":\"EntryPoint\",\"urlTemplate\":\"https:\/\/vapeenjoy.com\/?s={search_term_string}\"},\"query-input\":{\"@type\":\"PropertyValueSpecification\",\"valueRequired\":true,\"valueName\":\"search_term_string\"}}],\"inLanguage\":\"da-DK\"}]}<\/script>\n<!-- \/ Yoast SEO plugin. -->","yoast_head_json":{"title":"WASPe 3 i 1 varianter 60000 60k pust engangsvape 54ml","description":"Waspe 3-i-1 Flavors 60000 Puffs Disposable Vape tilbyder 54 ml e-v\u00e6ske, tre varianter, 650mAh batteri, Type-C opladning, mesh-spoler og LED-sk\u00e6rm. K\u00d8B NU!","robots":{"index":"index","follow":"follow","max-snippet":"max-snippet:-1","max-image-preview":"max-image-preview:large","max-video-preview":"max-video-preview:-1"},"canonical":"https:\/\/vapeenjoy.com\/da\/vare\/waspe-3-i-1-varianter-60000-60k-puffs-engangsvape-54ml-0-5-nikotin\/","og_locale":"da_DK","og_type":"article","og_title":"WASPE 3 in 1 Flavors 60000 60K Puffs Disposable Vape 54ML","og_description":"WASPE 3-in-1 Flavors 60000 Puffs Disposable Vape offers 54ml e-liquid, three flavors, 650mAh battery, Type-C charging, mesh coils, and LED display. Buy now!","og_url":"https:\/\/vapeenjoy.com\/da\/vare\/waspe-3-i-1-varianter-60000-60k-puffs-engangsvape-54ml-0-5-nikotin\/","og_site_name":"vapeenjoy","og_image":[{"width":1500,"height":1500,"url":"https:\/\/vapeenjoy.com\/wp-content\/uploads\/2025\/09\/\u573a\u666f030000.jpg","type":"image\/jpeg"}],"twitter_card":"summary_large_image","twitter_misc":{"Estimeret l\u00e6setid":"3 minutter"},"schema":{"@context":"https:\/\/schema.org","@graph":[{"@type":"WebPage","@id":"https:\/\/vapeenjoy.com\/product\/waspe-3-in-1-flavors-60000-60k-puffs-disposable-vape-54ml-0-5-nicotine\/","url":"https:\/\/vapeenjoy.com\/product\/waspe-3-in-1-flavors-60000-60k-puffs-disposable-vape-54ml-0-5-nicotine\/","name":"WASPe 3 i 1 varianter 60000 60k pust engangsvape 54ml","isPartOf":{"@id":"https:\/\/vapeenjoy.com\/#website"},"primaryImageOfPage":{"@id":"https:\/\/vapeenjoy.com\/product\/waspe-3-in-1-flavors-60000-60k-puffs-disposable-vape-54ml-0-5-nicotine\/#primaryimage"},"image":{"@id":"https:\/\/vapeenjoy.com\/product\/waspe-3-in-1-flavors-60000-60k-puffs-disposable-vape-54ml-0-5-nicotine\/#primaryimage"},"thumbnailUrl":"https:\/\/vapeenjoy.com\/wp-content\/uploads\/2025\/09\/\u573a\u666f030000.jpg","datePublished":"2025-09-05T03:42:53+00:00","description":"Waspe 3-i-1 Flavors 60000 Puffs Disposable Vape tilbyder 54 ml e-v\u00e6ske, tre varianter, 650mAh batteri, Type-C opladning, mesh-spoler og LED-sk\u00e6rm. K\u00d8B NU!","breadcrumb":{"@id":"https:\/\/vapeenjoy.com\/product\/waspe-3-in-1-flavors-60000-60k-puffs-disposable-vape-54ml-0-5-nicotine\/#breadcrumb"},"inLanguage":"da-DK","potentialAction":[{"@type":"ReadAction","target":["https:\/\/vapeenjoy.com\/product\/waspe-3-in-1-flavors-60000-60k-puffs-disposable-vape-54ml-0-5-nicotine\/"]}]},{"@type":"ImageObject","inLanguage":"da-DK","@id":"https:\/\/vapeenjoy.com\/product\/waspe-3-in-1-flavors-60000-60k-puffs-disposable-vape-54ml-0-5-nicotine\/#primaryimage","url":"https:\/\/vapeenjoy.com\/wp-content\/uploads\/2025\/09\/\u573a\u666f030000.jpg","contentUrl":"https:\/\/vapeenjoy.com\/wp-content\/uploads\/2025\/09\/\u573a\u666f030000.jpg","width":1500,"height":1500,"caption":"WASPE 3-in-1 60000 Puffs Disposable Vape"},{"@type":"BreadcrumbList","@id":"https:\/\/vapeenjoy.com\/product\/waspe-3-in-1-flavors-60000-60k-puffs-disposable-vape-54ml-0-5-nicotine\/#breadcrumb","itemListElement":[{"@type":"ListItem","position":1,"name":"Home","item":"https:\/\/vapeenjoy.com\/"},{"@type":"ListItem","position":2,"name":"Shop","item":"https:\/\/vapeenjoy.com\/vapeenjoy-shop\/"},{"@type":"ListItem","position":3,"name":"WASPE 3 in 1 Flavors 60000 60K Puffs Disposable Vape 54ML 0-5% Nicotine"}]},{"@type":"WebSite","@id":"https:\/\/vapeenjoy.com\/#website","url":"https:\/\/vapeenjoy.com\/","name":"VapeenJoy","description":"en online butik til salg af dampe","potentialAction":[{"@type":"SearchAction","target":{"@type":"EntryPoint","urlTemplate":"https:\/\/vapeenjoy.com\/?s={search_term_string}"},"query-input":{"@type":"PropertyValueSpecification","valueRequired":true,"valueName":"search_term_string"}}],"inLanguage":"da-DK"}]}},"_links":{"self":[{"href":"https:\/\/vapeenjoy.com\/da\/wp-json\/wp\/v2\/product\/2782","targetHints":{"allow":["GET"]}}],"collection":[{"href":"https:\/\/vapeenjoy.com\/da\/wp-json\/wp\/v2\/product"}],"about":[{"href":"https:\/\/vapeenjoy.com\/da\/wp-json\/wp\/v2\/types\/product"}],"replies":[{"embeddable":true,"href":"https:\/\/vapeenjoy.com\/da\/wp-json\/wp\/v2\/comments?post=2782"}],"version-history":[{"count":1,"href":"https:\/\/vapeenjoy.com\/da\/wp-json\/wp\/v2\/product\/2782\/revisions"}],"predecessor-version":[{"id":2790,"href":"https:\/\/vapeenjoy.com\/da\/wp-json\/wp\/v2\/product\/2782\/revisions\/2790"}],"wp:featuredmedia":[{"embeddable":true,"href":"https:\/\/vapeenjoy.com\/da\/wp-json\/wp\/v2\/media\/2786"}],"wp:attachment":[{"href":"https:\/\/vapeenjoy.com\/da\/wp-json\/wp\/v2\/media?parent=2782"}],"wp:term":[{"taxonomy":"product_brand","embeddable":true,"href":"https:\/\/vapeenjoy.com\/da\/wp-json\/wp\/v2\/product_brand?post=2782"},{"taxonomy":"product_cat","embeddable":true,"href":"https:\/\/vapeenjoy.com\/da\/wp-json\/wp\/v2\/product_cat?post=2782"},{"taxonomy":"product_tag","embeddable":true,"href":"https:\/\/vapeenjoy.com\/da\/wp-json\/wp\/v2\/product_tag?post=2782"}],"curies":[{"name":"wp","href":"https:\/\/api.w.org\/{rel}","templated":true}]}}