{"id":2929,"date":"2025-09-15T09:09:10","date_gmt":"2025-09-15T09:09:10","guid":{"rendered":"https:\/\/vapeenjoy.com\/?post_type=product&#038;p=2929"},"modified":"2025-10-23T03:42:55","modified_gmt":"2025-10-23T03:42:55","slug":"airmez-fox-80000-80k-puffs-2-in-1-flavors-disposable-vape-30ml-2-nicotine","status":"publish","type":"product","link":"https:\/\/vapeenjoy.com\/da\/vare\/airmez-fox-80000-80k-puffs-2-in-1-flavors-disposable-vape-30ml-2-nicotin\/","title":{"rendered":"Airmez Fox 80000 80K Puffs 2 In 1 Flavors Disposable Vape 30ml 2% Nikotin"},"content":{"rendered":"<h2>Airmez Fox 80000 80K Puffs 2 In 1 Flavors Disposable Vape 30Ml<\/h2>\n<p>Airmez er et velrenommeret m\u00e6rke kendt for at levere innovative og p\u00e5lidelige vapingprodukter. Airmez Fox 80000 2 i 1 smags-engangsvape tilbyder en unik kombination af bekvemmelighed og langvarig ydeevne. Med et slankt design er denne enhed kompakt, men alligevel kraftfuld, hvilket g\u00f8r den ideel til brug p\u00e5 farten. Dens ergonomiske bygning og rene \u00e6stetik sikrer komfort og brugervenlighed, mens den store 30 ml e-v\u00e6ske kapacitet giver en udvidet vapingoplevelse.<\/p>\n<h3>Produktspecifikationer<\/h3>\n<p>\u2611 <span style=\"font-weight: bold;\">15mL*2 af e-v\u00e6ske<\/span> \u2013 Dobbelte flydende pods til l\u00e6ngere brug<br \/>\n\u2611 <span style=\"font-weight: bold;\">mesh spole<\/span> \u2013 Sikrer optimal smagsproduktion<br \/>\n\u2611 <span style=\"font-weight: bold;\">Type-C port<\/span> \u2013 Hurtig opladningsevne<br \/>\n\u2611 <span style=\"font-weight: bold;\">650mAh<\/span> \u2013 Giver rigelig kraft til 80k pust<\/p>\n<h3>smagsstoffer<\/h3>\n<p>Med et udvalg af 10 forskellige smagsvarianter tilbyder Airmez Fox 80000 en r\u00e6kke muligheder for at im\u00f8dekomme forskellige pr\u00e6ferencer. Nedenfor er de tilg\u00e6ngelige smagsvarianter:<\/p>\n<ul>\n<li><span style=\"font-weight: bold;\">1. jordb\u00e6r vandmelon<\/span>, jordb\u00e6r hindb\u00e6r<\/li>\n<li><span style=\"font-weight: bold;\">2 Blue Razz Lemonade<\/span>, bl\u00e5 razz<\/li>\n<li><span style=\"font-weight: bold;\">3. Bl\u00e5b\u00e6r p\u00e5 is<\/span>, bl\u00e5b\u00e6r hindb\u00e6r<\/li>\n<li><span style=\"font-weight: bold;\">4. Jordb\u00e6r kiwi<\/span>, jordb\u00e6ris<\/li>\n<li><span style=\"font-weight: bold;\">5. Vandmelonis<\/span>, hindb\u00e6r vandmelon<\/li>\n<li><span style=\"font-weight: bold;\">6. B\u00e6r limonade<\/span>, citronlime<\/li>\n<li><span style=\"font-weight: bold;\">7 tropisk frugt<\/span>, k\u00e6rlighed 66<\/li>\n<li><span style=\"font-weight: bold;\">8. Peach Ice<\/span>, mango fersken<\/li>\n<li><span style=\"font-weight: bold;\">9. Blandede b\u00e6r<\/span>, Dr Blue<\/li>\n<li><span style=\"font-weight: bold;\">10. Grape Ice<\/span>, sort is<\/li>\n<\/ul>\n<h3>oftere end<\/h3>\n<h4>1. Hvor l\u00e6nge holder Airmez Fox 80000?<\/h4>\n<p>Enheden giver op til 80.000 pust, hvilket giver en langvarig vaping-oplevelse.<\/p>\n<h4>2 . Hvordan oplader jeg Airmez Fox 80000?<\/h4>\n<p>Du skal blot bruge Type-C-porten til hurtig og effektiv opladning. En fuldt opladet enhed kan vare i flere vaping-sessioner.<\/p>\n<h4>3. Er enheden genopfyldelig?<\/h4>\n<p>Nej, Airmez Fox 80000 er en engangsvape, hvilket betyder, at n\u00e5r e-v\u00e6sken er brugt op, kan du bortskaffe enheden og erstatte den med en ny.<\/p>\n<h4>4. Hvordan v\u00e6lger jeg den rigtige smag?<\/h4>\n<p>Den rigtige smag afh\u00e6nger af din personlige smag. Hvis du kan lide frugtige, forfriskende smage, s\u00e5 pr\u00f8v <span style=\"font-weight: bold;\">jordb\u00e6r vandmelon<\/span> eller <span style=\"font-weight: bold;\">B\u00e6r limonade<\/span>. Hvis du foretr\u00e6kker iskolde fornemmelser, muligheder som f.eks <span style=\"font-weight: bold;\">bl\u00e5b\u00e6r p\u00e5 is<\/span> eller <span style=\"font-weight: bold;\">Grape Ice<\/span> M\u00e5ske den bedste pasform.<\/p>\n<h4>5. Har Airmez Fox 80000 nikotin?<\/h4>\n<p>Ja, den indeholder nikotin. Tjek venligst emballagen for den n\u00f8jagtige nikotinkoncentration.<\/p>\n<h4>6. Hvordan skal jeg gemme enheden?<\/h4>\n<p>For at sikre produktets levetid skal du opbevare det p\u00e5 et k\u00f8ligt og t\u00f8rt sted, v\u00e6k fra direkte sollys eller ekstreme temperaturer.<\/p>\n<h4>7 Hvad er forskellen mellem smagene?<\/h4>\n<p>Hver smag tilbyder en unik kombination af frugtagtig, syrlig eller iskold smag. For eksempel <span style=\"font-weight: bold;\">tropisk frugt<\/span> kombinerer en blanding af eksotiske smage, mens <span style=\"font-weight: bold;\">Peach Ice<\/span> Giver en glat ferskensmag med en k\u00f8lig finish.<\/p>\n<p><img fetchpriority=\"high\" decoding=\"async\" class=\"alignnone size-full wp-image-2937\" src=\"https:\/\/vapeenjoy.com\/wp-content\/uploads\/2025\/09\/Airmez-Fox-80000-Puffs-2-IN-1-Flavors-Disposable-Vape-Flavors.avif\" alt=\"Airmez Fox 80000 Puffs 2 i 1 smagsvarianter Engangs vape smag\" width=\"1240\" height=\"1754\" srcset=\"https:\/\/vapeenjoy.com\/wp-content\/uploads\/2025\/09\/Airmez-Fox-80000-Puffs-2-IN-1-Flavors-Disposable-Vape-Flavors.avif 1240w, https:\/\/vapeenjoy.com\/wp-content\/uploads\/2025\/09\/Airmez-Fox-80000-Puffs-2-IN-1-Flavors-Disposable-Vape-Flavors-212x300.avif 212w, https:\/\/vapeenjoy.com\/wp-content\/uploads\/2025\/09\/Airmez-Fox-80000-Puffs-2-IN-1-Flavors-Disposable-Vape-Flavors-724x1024.avif 724w, https:\/\/vapeenjoy.com\/wp-content\/uploads\/2025\/09\/Airmez-Fox-80000-Puffs-2-IN-1-Flavors-Disposable-Vape-Flavors-768x1086.avif 768w, https:\/\/vapeenjoy.com\/wp-content\/uploads\/2025\/09\/Airmez-Fox-80000-Puffs-2-IN-1-Flavors-Disposable-Vape-Flavors-1086x1536.avif 1086w, https:\/\/vapeenjoy.com\/wp-content\/uploads\/2025\/09\/Airmez-Fox-80000-Puffs-2-IN-1-Flavors-Disposable-Vape-Flavors-8x12.avif 8w, https:\/\/vapeenjoy.com\/wp-content\/uploads\/2025\/09\/Airmez-Fox-80000-Puffs-2-IN-1-Flavors-Disposable-Vape-Flavors-1200x1697.avif 1200w, https:\/\/vapeenjoy.com\/wp-content\/uploads\/2025\/09\/Airmez-Fox-80000-Puffs-2-IN-1-Flavors-Disposable-Vape-Flavors-150x212.avif 150w\" sizes=\"(max-width: 1240px) 100vw, 1240px\" \/><\/p>","protected":false},"excerpt":{"rendered":"<p>Airmez er et velrenommeret m\u00e6rke kendt for sine p\u00e5lidelige og h\u00f8jtydende vapingprodukter. Fox 80000 2 in 1 varianter engangsvape tilbyder 80K pust og en 30 ml e-v\u00e6ske kapacitet. Den har en mesh-spole for forbedret smag, en Type-C-port til hurtig opladning og et 650mAh batteri til l\u00e6ngere tids brug, hvilket g\u00f8r det til det perfekte valg til vapers, der s\u00f8ger bekvemmelighed og holdbarhed.<\/p>","protected":false},"featured_media":2936,"comment_status":"open","ping_status":"closed","template":"","meta":[],"product_brand":[229],"product_cat":[17],"product_tag":[85,70],"class_list":{"0":"post-2929","1":"product","2":"type-product","3":"status-publish","4":"has-post-thumbnail","6":"product_brand-airmez","7":"product_cat-80000-puffs-vape","8":"product_tag-2-nicotine","9":"product_tag-30ml","11":"first","12":"instock","13":"sale","14":"shipping-taxable","15":"purchasable","16":"product-type-variable"},"yoast_head":"<!-- This site is optimized with the Yoast SEO plugin v25.7 - https:\/\/yoast.com\/wordpress\/plugins\/seo\/ -->\n<title>Airmez FOX 80000 Puffs 2 IN 1 Flavors Disposable Vape<\/title>\n<meta name=\"description\" content=\"Airmez FOX 80000 Disposable Vape offers 80K puffs, 30ML e-liquid, mesh coil, Type-C charging, and a 650mAh battery for lasting performance.\" \/>\n<meta name=\"robots\" content=\"index, follow, max-snippet:-1, max-image-preview:large, max-video-preview:-1\" \/>\n<link rel=\"canonical\" href=\"https:\/\/vapeenjoy.com\/da\/vare\/airmez-fox-80000-80k-puffs-2-in-1-flavors-disposable-vape-30ml-2-nicotin\/\" \/>\n<meta property=\"og:locale\" content=\"da_DK\" \/>\n<meta property=\"og:type\" content=\"article\" \/>\n<meta property=\"og:title\" content=\"Airmez FOX 80000 Puffs 2 IN 1 Flavors Disposable Vape\" \/>\n<meta property=\"og:description\" content=\"Airmez FOX 80000 Disposable Vape offers 80K puffs, 30ML e-liquid, mesh coil, Type-C charging, and a 650mAh battery for lasting performance.\" \/>\n<meta property=\"og:url\" content=\"https:\/\/vapeenjoy.com\/da\/vare\/airmez-fox-80000-80k-puffs-2-in-1-flavors-disposable-vape-30ml-2-nicotin\/\" \/>\n<meta property=\"og:site_name\" content=\"vapeenjoy\" \/>\n<meta property=\"article:modified_time\" content=\"2025-10-23T03:42:55+00:00\" \/>\n<meta property=\"og:image\" content=\"https:\/\/vapeenjoy.com\/wp-content\/uploads\/2025\/09\/vapeenjoy-airmez-2-in-1-80000-puffs.avif\" \/>\n\t<meta property=\"og:image:width\" content=\"2480\" \/>\n\t<meta property=\"og:image:height\" content=\"2480\" \/>\n\t<meta property=\"og:image:type\" content=\"image\/webp\" \/>\n<meta name=\"twitter:card\" content=\"summary_large_image\" \/>\n<meta name=\"twitter:label1\" content=\"Estimeret l\u00e6setid\" \/>\n\t<meta name=\"twitter:data1\" content=\"3 minutter\" \/>\n<script type=\"application\/ld+json\" class=\"yoast-schema-graph\">{\"@context\":\"https:\/\/schema.org\",\"@graph\":[{\"@type\":\"WebPage\",\"@id\":\"https:\/\/vapeenjoy.com\/product\/airmez-fox-80000-80k-puffs-2-in-1-flavors-disposable-vape-30ml-2-nicotine\/\",\"url\":\"https:\/\/vapeenjoy.com\/product\/airmez-fox-80000-80k-puffs-2-in-1-flavors-disposable-vape-30ml-2-nicotine\/\",\"name\":\"Airmez FOX 80000 Puffs 2 IN 1 Flavors Disposable Vape\",\"isPartOf\":{\"@id\":\"https:\/\/vapeenjoy.com\/#website\"},\"primaryImageOfPage\":{\"@id\":\"https:\/\/vapeenjoy.com\/product\/airmez-fox-80000-80k-puffs-2-in-1-flavors-disposable-vape-30ml-2-nicotine\/#primaryimage\"},\"image\":{\"@id\":\"https:\/\/vapeenjoy.com\/product\/airmez-fox-80000-80k-puffs-2-in-1-flavors-disposable-vape-30ml-2-nicotine\/#primaryimage\"},\"thumbnailUrl\":\"https:\/\/vapeenjoy.com\/wp-content\/uploads\/2025\/09\/vapeenjoy-airmez-2-in-1-80000-puffs.avif\",\"datePublished\":\"2025-09-15T09:09:10+00:00\",\"dateModified\":\"2025-10-23T03:42:55+00:00\",\"description\":\"Airmez FOX 80000 Disposable Vape offers 80K puffs, 30ML e-liquid, mesh coil, Type-C charging, and a 650mAh battery for lasting performance.\",\"breadcrumb\":{\"@id\":\"https:\/\/vapeenjoy.com\/product\/airmez-fox-80000-80k-puffs-2-in-1-flavors-disposable-vape-30ml-2-nicotine\/#breadcrumb\"},\"inLanguage\":\"da-DK\",\"potentialAction\":[{\"@type\":\"ReadAction\",\"target\":[\"https:\/\/vapeenjoy.com\/product\/airmez-fox-80000-80k-puffs-2-in-1-flavors-disposable-vape-30ml-2-nicotine\/\"]}]},{\"@type\":\"ImageObject\",\"inLanguage\":\"da-DK\",\"@id\":\"https:\/\/vapeenjoy.com\/product\/airmez-fox-80000-80k-puffs-2-in-1-flavors-disposable-vape-30ml-2-nicotine\/#primaryimage\",\"url\":\"https:\/\/vapeenjoy.com\/wp-content\/uploads\/2025\/09\/vapeenjoy-airmez-2-in-1-80000-puffs.avif\",\"contentUrl\":\"https:\/\/vapeenjoy.com\/wp-content\/uploads\/2025\/09\/vapeenjoy-airmez-2-in-1-80000-puffs.avif\",\"width\":2480,\"height\":2480,\"caption\":\"vapeenjoy airmez 2-in-1 80000 puffs Disposable vape\"},{\"@type\":\"BreadcrumbList\",\"@id\":\"https:\/\/vapeenjoy.com\/product\/airmez-fox-80000-80k-puffs-2-in-1-flavors-disposable-vape-30ml-2-nicotine\/#breadcrumb\",\"itemListElement\":[{\"@type\":\"ListItem\",\"position\":1,\"name\":\"Home\",\"item\":\"https:\/\/vapeenjoy.com\/\"},{\"@type\":\"ListItem\",\"position\":2,\"name\":\"Shop\",\"item\":\"https:\/\/vapeenjoy.com\/vapeenjoy-shop\/\"},{\"@type\":\"ListItem\",\"position\":3,\"name\":\"Airmez Fox 80000 80K Puffs 2 IN 1 Flavors Disposable Vape 30ML 2% Nicotine\"}]},{\"@type\":\"WebSite\",\"@id\":\"https:\/\/vapeenjoy.com\/#website\",\"url\":\"https:\/\/vapeenjoy.com\/\",\"name\":\"vapeenjoy\",\"description\":\"An online store for selling vapes\",\"potentialAction\":[{\"@type\":\"SearchAction\",\"target\":{\"@type\":\"EntryPoint\",\"urlTemplate\":\"https:\/\/vapeenjoy.com\/?s={search_term_string}\"},\"query-input\":{\"@type\":\"PropertyValueSpecification\",\"valueRequired\":true,\"valueName\":\"search_term_string\"}}],\"inLanguage\":\"da-DK\"}]}<\/script>\n<!-- \/ Yoast SEO plugin. -->","yoast_head_json":{"title":"Airmez Fox 80000 Puffs 2 i 1 smags-engangsvape","description":"Airmez Fox 80000 engangsvape tilbyder 80K pust, 30 ml e-v\u00e6ske, mesh-spole, Type-C-opladning og et 650mAh batteri for varig ydeevne.","robots":{"index":"index","follow":"follow","max-snippet":"max-snippet:-1","max-image-preview":"max-image-preview:large","max-video-preview":"max-video-preview:-1"},"canonical":"https:\/\/vapeenjoy.com\/da\/vare\/airmez-fox-80000-80k-puffs-2-in-1-flavors-disposable-vape-30ml-2-nicotin\/","og_locale":"da_DK","og_type":"article","og_title":"Airmez FOX 80000 Puffs 2 IN 1 Flavors Disposable Vape","og_description":"Airmez FOX 80000 Disposable Vape offers 80K puffs, 30ML e-liquid, mesh coil, Type-C charging, and a 650mAh battery for lasting performance.","og_url":"https:\/\/vapeenjoy.com\/da\/vare\/airmez-fox-80000-80k-puffs-2-in-1-flavors-disposable-vape-30ml-2-nicotin\/","og_site_name":"vapeenjoy","article_modified_time":"2025-10-23T03:42:55+00:00","og_image":[{"width":2480,"height":2480,"url":"https:\/\/vapeenjoy.com\/wp-content\/uploads\/2025\/09\/vapeenjoy-airmez-2-in-1-80000-puffs.avif","type":"image\/webp"}],"twitter_card":"summary_large_image","twitter_misc":{"Estimeret l\u00e6setid":"3 minutter"},"schema":{"@context":"https:\/\/schema.org","@graph":[{"@type":"WebPage","@id":"https:\/\/vapeenjoy.com\/product\/airmez-fox-80000-80k-puffs-2-in-1-flavors-disposable-vape-30ml-2-nicotine\/","url":"https:\/\/vapeenjoy.com\/product\/airmez-fox-80000-80k-puffs-2-in-1-flavors-disposable-vape-30ml-2-nicotine\/","name":"Airmez Fox 80000 Puffs 2 i 1 smags-engangsvape","isPartOf":{"@id":"https:\/\/vapeenjoy.com\/#website"},"primaryImageOfPage":{"@id":"https:\/\/vapeenjoy.com\/product\/airmez-fox-80000-80k-puffs-2-in-1-flavors-disposable-vape-30ml-2-nicotine\/#primaryimage"},"image":{"@id":"https:\/\/vapeenjoy.com\/product\/airmez-fox-80000-80k-puffs-2-in-1-flavors-disposable-vape-30ml-2-nicotine\/#primaryimage"},"thumbnailUrl":"https:\/\/vapeenjoy.com\/wp-content\/uploads\/2025\/09\/vapeenjoy-airmez-2-in-1-80000-puffs.avif","datePublished":"2025-09-15T09:09:10+00:00","dateModified":"2025-10-23T03:42:55+00:00","description":"Airmez Fox 80000 engangsvape tilbyder 80K pust, 30 ml e-v\u00e6ske, mesh-spole, Type-C-opladning og et 650mAh batteri for varig ydeevne.","breadcrumb":{"@id":"https:\/\/vapeenjoy.com\/product\/airmez-fox-80000-80k-puffs-2-in-1-flavors-disposable-vape-30ml-2-nicotine\/#breadcrumb"},"inLanguage":"da-DK","potentialAction":[{"@type":"ReadAction","target":["https:\/\/vapeenjoy.com\/product\/airmez-fox-80000-80k-puffs-2-in-1-flavors-disposable-vape-30ml-2-nicotine\/"]}]},{"@type":"ImageObject","inLanguage":"da-DK","@id":"https:\/\/vapeenjoy.com\/product\/airmez-fox-80000-80k-puffs-2-in-1-flavors-disposable-vape-30ml-2-nicotine\/#primaryimage","url":"https:\/\/vapeenjoy.com\/wp-content\/uploads\/2025\/09\/vapeenjoy-airmez-2-in-1-80000-puffs.avif","contentUrl":"https:\/\/vapeenjoy.com\/wp-content\/uploads\/2025\/09\/vapeenjoy-airmez-2-in-1-80000-puffs.avif","width":2480,"height":2480,"caption":"vapeenjoy airmez 2-in-1 80000 puffs Disposable vape"},{"@type":"BreadcrumbList","@id":"https:\/\/vapeenjoy.com\/product\/airmez-fox-80000-80k-puffs-2-in-1-flavors-disposable-vape-30ml-2-nicotine\/#breadcrumb","itemListElement":[{"@type":"ListItem","position":1,"name":"Home","item":"https:\/\/vapeenjoy.com\/"},{"@type":"ListItem","position":2,"name":"Shop","item":"https:\/\/vapeenjoy.com\/vapeenjoy-shop\/"},{"@type":"ListItem","position":3,"name":"Airmez Fox 80000 80K Puffs 2 IN 1 Flavors Disposable Vape 30ML 2% Nicotine"}]},{"@type":"WebSite","@id":"https:\/\/vapeenjoy.com\/#website","url":"https:\/\/vapeenjoy.com\/","name":"VapeenJoy","description":"en online butik til salg af dampe","potentialAction":[{"@type":"SearchAction","target":{"@type":"EntryPoint","urlTemplate":"https:\/\/vapeenjoy.com\/?s={search_term_string}"},"query-input":{"@type":"PropertyValueSpecification","valueRequired":true,"valueName":"search_term_string"}}],"inLanguage":"da-DK"}]}},"_links":{"self":[{"href":"https:\/\/vapeenjoy.com\/da\/wp-json\/wp\/v2\/product\/2929","targetHints":{"allow":["GET"]}}],"collection":[{"href":"https:\/\/vapeenjoy.com\/da\/wp-json\/wp\/v2\/product"}],"about":[{"href":"https:\/\/vapeenjoy.com\/da\/wp-json\/wp\/v2\/types\/product"}],"replies":[{"embeddable":true,"href":"https:\/\/vapeenjoy.com\/da\/wp-json\/wp\/v2\/comments?post=2929"}],"version-history":[{"count":3,"href":"https:\/\/vapeenjoy.com\/da\/wp-json\/wp\/v2\/product\/2929\/revisions"}],"predecessor-version":[{"id":3120,"href":"https:\/\/vapeenjoy.com\/da\/wp-json\/wp\/v2\/product\/2929\/revisions\/3120"}],"wp:featuredmedia":[{"embeddable":true,"href":"https:\/\/vapeenjoy.com\/da\/wp-json\/wp\/v2\/media\/2936"}],"wp:attachment":[{"href":"https:\/\/vapeenjoy.com\/da\/wp-json\/wp\/v2\/media?parent=2929"}],"wp:term":[{"taxonomy":"product_brand","embeddable":true,"href":"https:\/\/vapeenjoy.com\/da\/wp-json\/wp\/v2\/product_brand?post=2929"},{"taxonomy":"product_cat","embeddable":true,"href":"https:\/\/vapeenjoy.com\/da\/wp-json\/wp\/v2\/product_cat?post=2929"},{"taxonomy":"product_tag","embeddable":true,"href":"https:\/\/vapeenjoy.com\/da\/wp-json\/wp\/v2\/product_tag?post=2929"}],"curies":[{"name":"wp","href":"https:\/\/api.w.org\/{rel}","templated":true}]}}