{"id":3060,"date":"2025-09-29T08:16:24","date_gmt":"2025-09-29T08:16:24","guid":{"rendered":"https:\/\/vapeenjoy.com\/?post_type=product&#038;p=3060"},"modified":"2026-01-17T03:19:59","modified_gmt":"2026-01-17T03:19:59","slug":"fihp-120k-puffs-disposable-vape-6-in-1-flavors-2-5-nicotine-64ml-e-liquid","status":"publish","type":"product","link":"https:\/\/vapeenjoy.com\/da\/vare\/fihp-120k-puffs-engangsvape-6-i-1-smagsvarianter-2-5-nikotin-64ml-e-vaeske\/","title":{"rendered":"FIHP 120K Big Puff Disposable Vape Engros 6 i 1 Smag 2% 5% Nikotin 64ML E-Liquid"},"content":{"rendered":"<h2>FIHP 120K Puffs Disposable Vape 6-i-1 Flavors 2% \/ 5% Nikotin<\/h2>\n<p>FIHP er et betroet vape-m\u00e6rke, der tilbyder h\u00f8jkvalitets engangsvapes til alle typer brugere. Denne 120K pust engangsvape giver op til 120.000 pust, s\u00e5 den holder l\u00e6nge. Dens kompakte design passer nemt i lommen, perfekt til brug p\u00e5 farten. Tilg\u00e6ngelig i 2% og 5% nikotin, kan du v\u00e6lge din foretrukne styrke. Uanset om du er nybegynder eller erfaren vaper, er denne enhed nem at bruge uden genopfyldning eller komplicerede indstillinger.<\/p>\n<h3>Produktfunktioner<\/h3>\n<p>\u2013 **puster**: 120.000 \u2013 **Nikotinstyrke* *: 2% \/ 5% \u2013 **Smagskapacitet* *: 6 SMAG \u2013 **BATTERI**: 650mAh \u2013 **Nicotintype**: Saltnikotin \u2013 **Design* *: Engangs, ingen genopfyldning p\u00e5kr\u00e6vet \u2013 **St\u00f8rrelse* *: Kompakt og b\u00e6rbar \u2013 **Farvemuligheder* *: flere farver, der matcher din stil<\/p>\n<h3>Smagssamling<\/h3>\n<p>Denne vape tilbyder 6 sp\u00e6ndende smagss\u00e6t, der passer til forskellig smag:<\/p>\n<p>01: Vandmelonis \/ Red Bull \/ Strawberry Kiwi \/ Bl\u00e5b\u00e6ris \/ Citronlime \/ Jordb\u00e6r Vandmelon<\/p>\n<p>02: Jordb\u00e6rbanan \/ Dobbelt \u00e6ble \/ Hindb\u00e6rvandmelon \/ sur mango ananas \/ tropisk frugt \/ citronfersken<\/p>\n<p>03: ananas kokos \/ bl\u00e5 razz \/ blandede b\u00e6r \/ mango fersken \/ bl\u00e5b\u00e6r hindb\u00e6r \/ jordb\u00e6r vanilje cola<\/p>\n<p>04: Peach Berry \/ Triple Melon \/ Grape Ice \/ Black Dragon Ice \/ Fizzy Cherry Ice \/ Gummy Bear<\/p>\n<p>05: Rainbow Candy \/ Cherry Cola Ice \/ Love 666 \/ Mango Ice \/ Blueberry Candy Candy \/ Peach Ice<\/p>\n<p>06: Aloe Lychee Ice \/ Pink Lemon \/ Glacier Ice \/ Pine Needle Mint \/ Solb\u00e6ris \/ Vandmelon Citron<\/p>\n<h3>oftere end<\/h3>\n<p>1. Hvordan v\u00e6lger jeg den rigtige nikotinstyrke?<\/p>\n<p>V\u00e6lg 2% for en lettere oplevelse.<\/p>\n<p>V\u00e6lg 5% for et st\u00e6rkere hit.<\/p>\n<p>2 . Hvor l\u00e6nge holder FIHP 120k engangsdampen?<\/p>\n<p>Op til 120.000 pust, meget l\u00e6ngere end de fleste engangsdampe.<\/p>\n<p>3. Kan jeg fylde den op igen?<\/p>\n<p>ingen . Dette er en engangsvape. Udskift den med en ny, n\u00e5r du er f\u00e6rdig.<\/p>\n<p>4. Er den velegnet til begyndere?<\/p>\n<p>JA! bare ind\u00e5nd for at bruge. Ingen komplicerede indstillinger eller genopfyldninger n\u00f8dvendige.<\/p>\n<p>5. Kan jeg \u00e6ndre nikotinstyrken efter k\u00f8b?<\/p>\n<p>ingen . V\u00e6lg 2% eller 5% ved k\u00f8b.<\/p>\n<p>6. Hvordan skal jeg skille mig af med det?<\/p>\n<p>F\u00f8lg reglerne for bortskaffelse af lokale e-affald. Mange steder har genbrugsprogrammer til engangsdampe.<\/p>\n<p>7 . Hvordan finder jeg den bedste smag til mig?<\/p>\n<p>Start med popul\u00e6re smagsvarianter som jordb\u00e6rbanan eller vandmelonis. Udforsk derefter andre s\u00e6t for at finde din favorit.<\/p>\n<p><img fetchpriority=\"high\" decoding=\"async\" class=\"alignnone wp-image-3064 size-full\" src=\"https:\/\/vapeenjoy.com\/wp-content\/uploads\/2025\/09\/Y76-10011.avif\" alt=\"FIHP 120K Puffs Disposable Vape 6 In 1 Flavours 2% 5% Nikotinsmagsliste\" width=\"1200\" height=\"1700\" srcset=\"https:\/\/vapeenjoy.com\/wp-content\/uploads\/2025\/09\/Y76-10011.avif 1200w, https:\/\/vapeenjoy.com\/wp-content\/uploads\/2025\/09\/Y76-10011-212x300.avif 212w, https:\/\/vapeenjoy.com\/wp-content\/uploads\/2025\/09\/Y76-10011-723x1024.avif 723w, https:\/\/vapeenjoy.com\/wp-content\/uploads\/2025\/09\/Y76-10011-768x1088.avif 768w, https:\/\/vapeenjoy.com\/wp-content\/uploads\/2025\/09\/Y76-10011-1084x1536.avif 1084w, https:\/\/vapeenjoy.com\/wp-content\/uploads\/2025\/09\/Y76-10011-8x12.avif 8w, https:\/\/vapeenjoy.com\/wp-content\/uploads\/2025\/09\/Y76-10011-150x213.avif 150w\" sizes=\"(max-width: 1200px) 100vw, 1200px\" \/><\/p>","protected":false},"excerpt":{"rendered":"<p>FIHP tilbyder premium engangsdampe med 120.000 puffs, tilg\u00e6ngelig i 2% og 5% nikotinstyrker. Med et slankt design, 6 unikke smagsvarianter og et 650mAh batteri giver denne enhed en j\u00e6vn, bekvem og langvarig vapingoplevelse.<\/p>","protected":false},"featured_media":3067,"comment_status":"open","ping_status":"closed","template":"","meta":[],"product_brand":[234],"product_cat":[218],"product_tag":[84,235,236],"class_list":{"0":"post-3060","1":"product","2":"type-product","3":"status-publish","4":"has-post-thumbnail","6":"product_brand-fihp","7":"product_cat-120k-puffs","8":"product_tag-2-5-nicotine","9":"product_tag-6-in-1-flavors","10":"product_tag-64ml","12":"first","13":"instock","14":"sale","15":"shipping-taxable","16":"purchasable","17":"product-type-variable"},"yoast_head":"<!-- This site is optimized with the Yoast SEO plugin v25.7 - https:\/\/yoast.com\/wordpress\/plugins\/seo\/ -->\n<title>FIHP 120K Big Puff Disposable Vape Wholesale 6 IN 1 Flavors 2% 5% Nicotine 64ML E-Liquid - vapeenjoy<\/title>\n<meta name=\"description\" content=\"Enjoy up to 120,000 puffs with the FIHP Disposable Vape, available in 2% and 5% nicotine strengths. Compact, sleek, and hassle-free.\" \/>\n<meta name=\"robots\" content=\"index, follow, max-snippet:-1, max-image-preview:large, max-video-preview:-1\" \/>\n<link rel=\"canonical\" href=\"https:\/\/vapeenjoy.com\/da\/vare\/fihp-120k-puffs-engangsvape-6-i-1-smagsvarianter-2-5-nikotin-64ml-e-vaeske\/\" \/>\n<meta property=\"og:locale\" content=\"da_DK\" \/>\n<meta property=\"og:type\" content=\"article\" \/>\n<meta property=\"og:title\" content=\"FIHP 120K Big Puff Disposable Vape Wholesale 6 IN 1 Flavors 2% 5% Nicotine 64ML E-Liquid - vapeenjoy\" \/>\n<meta property=\"og:description\" content=\"Enjoy up to 120,000 puffs with the FIHP Disposable Vape, available in 2% and 5% nicotine strengths. Compact, sleek, and hassle-free.\" \/>\n<meta property=\"og:url\" content=\"https:\/\/vapeenjoy.com\/da\/vare\/fihp-120k-puffs-engangsvape-6-i-1-smagsvarianter-2-5-nikotin-64ml-e-vaeske\/\" \/>\n<meta property=\"og:site_name\" content=\"vapeenjoy\" \/>\n<meta property=\"article:modified_time\" content=\"2026-01-17T03:19:59+00:00\" \/>\n<meta property=\"og:image\" content=\"https:\/\/vapeenjoy.com\/wp-content\/uploads\/2025\/09\/Y76-10004.avif\" \/>\n\t<meta property=\"og:image:width\" content=\"1500\" \/>\n\t<meta property=\"og:image:height\" content=\"1500\" \/>\n\t<meta property=\"og:image:type\" content=\"image\/jpeg\" \/>\n<meta name=\"twitter:card\" content=\"summary_large_image\" \/>\n<meta name=\"twitter:label1\" content=\"Estimeret l\u00e6setid\" \/>\n\t<meta name=\"twitter:data1\" content=\"3 minutter\" \/>\n<script type=\"application\/ld+json\" class=\"yoast-schema-graph\">{\"@context\":\"https:\/\/schema.org\",\"@graph\":[{\"@type\":\"WebPage\",\"@id\":\"https:\/\/vapeenjoy.com\/product\/fihp-120k-puffs-disposable-vape-6-in-1-flavors-2-5-nicotine-64ml-e-liquid\/\",\"url\":\"https:\/\/vapeenjoy.com\/product\/fihp-120k-puffs-disposable-vape-6-in-1-flavors-2-5-nicotine-64ml-e-liquid\/\",\"name\":\"FIHP 120K Big Puff Disposable Vape Wholesale 6 IN 1 Flavors 2% 5% Nicotine 64ML E-Liquid - vapeenjoy\",\"isPartOf\":{\"@id\":\"https:\/\/vapeenjoy.com\/#website\"},\"primaryImageOfPage\":{\"@id\":\"https:\/\/vapeenjoy.com\/product\/fihp-120k-puffs-disposable-vape-6-in-1-flavors-2-5-nicotine-64ml-e-liquid\/#primaryimage\"},\"image\":{\"@id\":\"https:\/\/vapeenjoy.com\/product\/fihp-120k-puffs-disposable-vape-6-in-1-flavors-2-5-nicotine-64ml-e-liquid\/#primaryimage\"},\"thumbnailUrl\":\"https:\/\/vapeenjoy.com\/wp-content\/uploads\/2025\/09\/Y76-10004.avif\",\"datePublished\":\"2025-09-29T08:16:24+00:00\",\"dateModified\":\"2026-01-17T03:19:59+00:00\",\"description\":\"Enjoy up to 120,000 puffs with the FIHP Disposable Vape, available in 2% and 5% nicotine strengths. Compact, sleek, and hassle-free.\",\"breadcrumb\":{\"@id\":\"https:\/\/vapeenjoy.com\/product\/fihp-120k-puffs-disposable-vape-6-in-1-flavors-2-5-nicotine-64ml-e-liquid\/#breadcrumb\"},\"inLanguage\":\"da-DK\",\"potentialAction\":[{\"@type\":\"ReadAction\",\"target\":[\"https:\/\/vapeenjoy.com\/product\/fihp-120k-puffs-disposable-vape-6-in-1-flavors-2-5-nicotine-64ml-e-liquid\/\"]}]},{\"@type\":\"ImageObject\",\"inLanguage\":\"da-DK\",\"@id\":\"https:\/\/vapeenjoy.com\/product\/fihp-120k-puffs-disposable-vape-6-in-1-flavors-2-5-nicotine-64ml-e-liquid\/#primaryimage\",\"url\":\"https:\/\/vapeenjoy.com\/wp-content\/uploads\/2025\/09\/Y76-10004.avif\",\"contentUrl\":\"https:\/\/vapeenjoy.com\/wp-content\/uploads\/2025\/09\/Y76-10004.avif\",\"width\":1500,\"height\":1500,\"caption\":\"FIHP 120K Puffs Disposable Vape 6 IN 1 Flavors 2% 5% Nicotine\"},{\"@type\":\"BreadcrumbList\",\"@id\":\"https:\/\/vapeenjoy.com\/product\/fihp-120k-puffs-disposable-vape-6-in-1-flavors-2-5-nicotine-64ml-e-liquid\/#breadcrumb\",\"itemListElement\":[{\"@type\":\"ListItem\",\"position\":1,\"name\":\"Home\",\"item\":\"https:\/\/vapeenjoy.com\/\"},{\"@type\":\"ListItem\",\"position\":2,\"name\":\"Shop\",\"item\":\"https:\/\/vapeenjoy.com\/vapeenjoy-shop\/\"},{\"@type\":\"ListItem\",\"position\":3,\"name\":\"FIHP 120K Big Puff Disposable Vape Wholesale 6 IN 1 Flavors 2% 5% Nicotine 64ML E-Liquid\"}]},{\"@type\":\"WebSite\",\"@id\":\"https:\/\/vapeenjoy.com\/#website\",\"url\":\"https:\/\/vapeenjoy.com\/\",\"name\":\"vapeenjoy\",\"description\":\"An online store for selling vapes\",\"potentialAction\":[{\"@type\":\"SearchAction\",\"target\":{\"@type\":\"EntryPoint\",\"urlTemplate\":\"https:\/\/vapeenjoy.com\/?s={search_term_string}\"},\"query-input\":{\"@type\":\"PropertyValueSpecification\",\"valueRequired\":true,\"valueName\":\"search_term_string\"}}],\"inLanguage\":\"da-DK\"}]}<\/script>\n<!-- \/ Yoast SEO plugin. -->","yoast_head_json":{"title":"FIHP 120K Big Puff Disposable Vape Engros 6 i 1 Smag 2% 5% Nikotin 64ML E-Liquid - Vapeenjoy","description":"Nyd op til 120.000 pust med FIHP engangs vape, tilg\u00e6ngelig i 2% og 5% nikotinstyrker. Kompakt, slank og problemfri.","robots":{"index":"index","follow":"follow","max-snippet":"max-snippet:-1","max-image-preview":"max-image-preview:large","max-video-preview":"max-video-preview:-1"},"canonical":"https:\/\/vapeenjoy.com\/da\/vare\/fihp-120k-puffs-engangsvape-6-i-1-smagsvarianter-2-5-nikotin-64ml-e-vaeske\/","og_locale":"da_DK","og_type":"article","og_title":"FIHP 120K Big Puff Disposable Vape Wholesale 6 IN 1 Flavors 2% 5% Nicotine 64ML E-Liquid - vapeenjoy","og_description":"Enjoy up to 120,000 puffs with the FIHP Disposable Vape, available in 2% and 5% nicotine strengths. Compact, sleek, and hassle-free.","og_url":"https:\/\/vapeenjoy.com\/da\/vare\/fihp-120k-puffs-engangsvape-6-i-1-smagsvarianter-2-5-nikotin-64ml-e-vaeske\/","og_site_name":"vapeenjoy","article_modified_time":"2026-01-17T03:19:59+00:00","og_image":[{"width":1500,"height":1500,"url":"https:\/\/vapeenjoy.com\/wp-content\/uploads\/2025\/09\/Y76-10004.avif","type":"image\/jpeg"}],"twitter_card":"summary_large_image","twitter_misc":{"Estimeret l\u00e6setid":"3 minutter"},"schema":{"@context":"https:\/\/schema.org","@graph":[{"@type":"WebPage","@id":"https:\/\/vapeenjoy.com\/product\/fihp-120k-puffs-disposable-vape-6-in-1-flavors-2-5-nicotine-64ml-e-liquid\/","url":"https:\/\/vapeenjoy.com\/product\/fihp-120k-puffs-disposable-vape-6-in-1-flavors-2-5-nicotine-64ml-e-liquid\/","name":"FIHP 120K Big Puff Disposable Vape Engros 6 i 1 Smag 2% 5% Nikotin 64ML E-Liquid - Vapeenjoy","isPartOf":{"@id":"https:\/\/vapeenjoy.com\/#website"},"primaryImageOfPage":{"@id":"https:\/\/vapeenjoy.com\/product\/fihp-120k-puffs-disposable-vape-6-in-1-flavors-2-5-nicotine-64ml-e-liquid\/#primaryimage"},"image":{"@id":"https:\/\/vapeenjoy.com\/product\/fihp-120k-puffs-disposable-vape-6-in-1-flavors-2-5-nicotine-64ml-e-liquid\/#primaryimage"},"thumbnailUrl":"https:\/\/vapeenjoy.com\/wp-content\/uploads\/2025\/09\/Y76-10004.avif","datePublished":"2025-09-29T08:16:24+00:00","dateModified":"2026-01-17T03:19:59+00:00","description":"Nyd op til 120.000 pust med FIHP engangs vape, tilg\u00e6ngelig i 2% og 5% nikotinstyrker. Kompakt, slank og problemfri.","breadcrumb":{"@id":"https:\/\/vapeenjoy.com\/product\/fihp-120k-puffs-disposable-vape-6-in-1-flavors-2-5-nicotine-64ml-e-liquid\/#breadcrumb"},"inLanguage":"da-DK","potentialAction":[{"@type":"ReadAction","target":["https:\/\/vapeenjoy.com\/product\/fihp-120k-puffs-disposable-vape-6-in-1-flavors-2-5-nicotine-64ml-e-liquid\/"]}]},{"@type":"ImageObject","inLanguage":"da-DK","@id":"https:\/\/vapeenjoy.com\/product\/fihp-120k-puffs-disposable-vape-6-in-1-flavors-2-5-nicotine-64ml-e-liquid\/#primaryimage","url":"https:\/\/vapeenjoy.com\/wp-content\/uploads\/2025\/09\/Y76-10004.avif","contentUrl":"https:\/\/vapeenjoy.com\/wp-content\/uploads\/2025\/09\/Y76-10004.avif","width":1500,"height":1500,"caption":"FIHP 120K Puffs Disposable Vape 6 IN 1 Flavors 2% 5% Nicotine"},{"@type":"BreadcrumbList","@id":"https:\/\/vapeenjoy.com\/product\/fihp-120k-puffs-disposable-vape-6-in-1-flavors-2-5-nicotine-64ml-e-liquid\/#breadcrumb","itemListElement":[{"@type":"ListItem","position":1,"name":"Home","item":"https:\/\/vapeenjoy.com\/"},{"@type":"ListItem","position":2,"name":"Shop","item":"https:\/\/vapeenjoy.com\/vapeenjoy-shop\/"},{"@type":"ListItem","position":3,"name":"FIHP 120K Big Puff Disposable Vape Wholesale 6 IN 1 Flavors 2% 5% Nicotine 64ML E-Liquid"}]},{"@type":"WebSite","@id":"https:\/\/vapeenjoy.com\/#website","url":"https:\/\/vapeenjoy.com\/","name":"VapeenJoy","description":"en online butik til salg af dampe","potentialAction":[{"@type":"SearchAction","target":{"@type":"EntryPoint","urlTemplate":"https:\/\/vapeenjoy.com\/?s={search_term_string}"},"query-input":{"@type":"PropertyValueSpecification","valueRequired":true,"valueName":"search_term_string"}}],"inLanguage":"da-DK"}]}},"_links":{"self":[{"href":"https:\/\/vapeenjoy.com\/da\/wp-json\/wp\/v2\/product\/3060","targetHints":{"allow":["GET"]}}],"collection":[{"href":"https:\/\/vapeenjoy.com\/da\/wp-json\/wp\/v2\/product"}],"about":[{"href":"https:\/\/vapeenjoy.com\/da\/wp-json\/wp\/v2\/types\/product"}],"replies":[{"embeddable":true,"href":"https:\/\/vapeenjoy.com\/da\/wp-json\/wp\/v2\/comments?post=3060"}],"version-history":[{"count":4,"href":"https:\/\/vapeenjoy.com\/da\/wp-json\/wp\/v2\/product\/3060\/revisions"}],"predecessor-version":[{"id":3195,"href":"https:\/\/vapeenjoy.com\/da\/wp-json\/wp\/v2\/product\/3060\/revisions\/3195"}],"wp:featuredmedia":[{"embeddable":true,"href":"https:\/\/vapeenjoy.com\/da\/wp-json\/wp\/v2\/media\/3067"}],"wp:attachment":[{"href":"https:\/\/vapeenjoy.com\/da\/wp-json\/wp\/v2\/media?parent=3060"}],"wp:term":[{"taxonomy":"product_brand","embeddable":true,"href":"https:\/\/vapeenjoy.com\/da\/wp-json\/wp\/v2\/product_brand?post=3060"},{"taxonomy":"product_cat","embeddable":true,"href":"https:\/\/vapeenjoy.com\/da\/wp-json\/wp\/v2\/product_cat?post=3060"},{"taxonomy":"product_tag","embeddable":true,"href":"https:\/\/vapeenjoy.com\/da\/wp-json\/wp\/v2\/product_tag?post=3060"}],"curies":[{"name":"wp","href":"https:\/\/api.w.org\/{rel}","templated":true}]}}