{"id":317,"date":"2025-07-21T08:37:00","date_gmt":"2025-07-21T08:37:00","guid":{"rendered":"https:\/\/vapeenjoy.com\/?post_type=product&#038;p=317"},"modified":"2025-08-18T08:08:56","modified_gmt":"2025-08-18T08:08:56","slug":"uzy-triple-flavors-60000-puffs-disposable-vape-54ml-0-5-nicotine-led-display","status":"publish","type":"product","link":"https:\/\/vapeenjoy.com\/da\/vare\/uzy-triple-flavours-60000-pust-engangsvape-54ml-0-5-nikotin-led-display\/","title":{"rendered":"uzy triple flavours 60000 pust engangsvape 54ml 0-5% nikotin LED display"},"content":{"rendered":"<h2>uzy triple flavors 60000 pust engangs vape produktbeskrivelse<\/h2>\n<p dir=\"ltr\" data-pm-slice=\"1 3 []\"><strong>uzy triple flavors 60000 pust engangs vape produktbeskrivelse<\/strong><br \/>\nUzy, et m\u00e6rke med fokus p\u00e5 innovativ vaping, leverer de tredobbelte smags- 60000 pust engangsvape til smagsentusiaster. Desuden sikrer dets kompakte design, parret med en smart LED-sk\u00e6rm, b\u00e6rbarhed og funktionalitet. Derfor tilbyder denne h\u00f8jkapacitetsenhed problemfri smagsskift, hvilket g\u00f8r den ideel til daglig brug.<\/p>\n<h2 dir=\"ltr\"><strong>uzy triple flavors 60000 pust engangs vape specifikationer<\/strong><\/h2>\n<ul class=\"tight\" dir=\"ltr\" data-tight=\"true\">\n<li>\n<p dir=\"ltr\"><strong>Pustkapacitet:<\/strong> 60.000 pust \u2013 Giver l\u00e6ngere brug uden hyppige udskiftninger.<\/p>\n<\/li>\n<li>\n<p dir=\"ltr\"><strong>E-v\u00e6skekapacitet:<\/strong> 54 ml \u2013 Har tre 18 ml smagstanke til variation.<\/p>\n<\/li>\n<li>\n<p dir=\"ltr\"><strong>Batterikapacitet:<\/strong> 850mAh \u2013 Genopladelig for ensartet, langvarig ydeevne.<\/p>\n<\/li>\n<li>\n<p dir=\"ltr\"><strong>Opladningsport:<\/strong> Type-C \u2013 muligg\u00f8r hurtig genopladning for nemheds skyld.<\/p>\n<\/li>\n<li>\n<p dir=\"ltr\"><strong>spolesystem:<\/strong> Triple 0,9\u03a9 mesh-spoler \u2013 Forbedrer smag og dampkvalitet.<\/p>\n<\/li>\n<li>\n<p dir=\"ltr\"><strong>Nikotinstyrke:<\/strong> 0%, 2%, 3%, 5% \u2013 Henvender sig til forskellige pr\u00e6ferencer.<\/p>\n<\/li>\n<li>\n<p dir=\"ltr\"><strong>display:<\/strong> Smart LED \u2013 viser batteri- og e-v\u00e6skeniveauer i realtid.<\/p>\n<\/li>\n<li>\n<p dir=\"ltr\"><strong>luftstr\u00f8m:<\/strong> Justerbar \u2013 Tilpasser Draw til en skr\u00e6ddersyet oplevelse.<\/p>\n<\/li>\n<li>\n<p dir=\"ltr\"><strong>Dimensioner:<\/strong> 47 mm x 47 mm x 116 mm \u2013 let og b\u00e6rbar.<\/p>\n<\/li>\n<\/ul>\n<h2 dir=\"ltr\"><strong>10 smagskombinationer<\/strong><\/h2>\n<ol class=\"tight\" dir=\"ltr\" data-tight=\"true\">\n<li>\n<p dir=\"ltr\">BL\u00c5B\u00c6R HINDB\u00c6R \/ JORDB\u00c6R kiwi \/ citronlime - syrlig, s\u00f8d og frisk blanding.<\/p>\n<\/li>\n<li>\n<p dir=\"ltr\">Kiwi passionsfrugt guava \/ bl\u00e5b\u00e6ris \/ fersken mango \u2013 tropisk, k\u00f8let og saftig.<\/p>\n<\/li>\n<li>\n<p dir=\"ltr\">Jordb\u00e6r vandmelon \/ Cola is \/ kirseb\u00e6r Cola \u2013 forfriskende, spr\u00f8d og fed.<\/p>\n<\/li>\n<li>\n<p dir=\"ltr\">Fersken is \/ jordb\u00e6r hindb\u00e6r kirseb\u00e6ris \/ to \u00e6bleis - k\u00f8ligt og frugtigt.<\/p>\n<\/li>\n<li>\n<p dir=\"ltr\">Grape Ice \/ Love 666 (Passion Fruit Melon) \/ Strawberry Red Bull \u2013 Iskolde og energigivende.<\/p>\n<\/li>\n<li>\n<p dir=\"ltr\">Mr Blue \/ Gummy Bear \/ Red Bull Ice \u2013 Mystisk, s\u00f8d og k\u00f8let.<\/p>\n<\/li>\n<li>\n<p dir=\"ltr\">Peach Mango Pineapple \/ Blue Razz Ice \/ Raspberry Watermelon \u2013 tropisk og syrlig.<\/p>\n<\/li>\n<li>\n<p dir=\"ltr\">Vandmelonis \/ Triple Melon Ice \/ Strawberry Banan \u2013 k\u00f8lig og cremet.<\/p>\n<\/li>\n<li>\n<p dir=\"ltr\">Summer Peach Ice \/ Strawberry Ice \/ Blue Razz Ice \u2013 Frosty og levende.<\/p>\n<\/li>\n<li>\n<p dir=\"ltr\">Cherry Ice \/ Blandede b\u00e6r \/ Black Dragon Ice \u2013 Iskolde og fed b\u00e6rblanding.<\/p>\n<\/li>\n<\/ol>\n<h2 dir=\"ltr\"><strong>oftere end<\/strong><\/h2>\n<ol class=\"tight\" dir=\"ltr\" data-tight=\"true\">\n<li>\n<p dir=\"ltr\"><strong>Hvad er uzy triple flavors 60000 puffs vape?<\/strong><br \/>\nDenne engangsvape byder p\u00e5 60.000 pust, tre omskiftelige smagsvarianter og et 850mAh batteri med en LED-sk\u00e6rm.<\/p>\n<\/li>\n<li>\n<p dir=\"ltr\"><strong>Hvordan skifter jeg smag?<\/strong><br \/>\nDu skal blot rotere mellem tre smagstanke for s\u00f8ml\u00f8s skift.<\/p>\n<\/li>\n<li>\n<p dir=\"ltr\"><strong>Hvordan v\u00e6lger jeg en smagskombination?<\/strong><br \/>\nFor eksempel kan frugtelskere foretr\u00e6kke kiwi passionsfrugt-guava, mens cola-is passer til dem, der \u00f8nsker et spr\u00f8dt twist.<\/p>\n<\/li>\n<li>\n<p dir=\"ltr\"><strong>Er batteriet genopladeligt?<\/strong><br \/>\nJa, 850mAh batteriet genoplades via Type-C p\u00e5 under en time.<\/p>\n<\/li>\n<li>\n<p dir=\"ltr\"><strong>Hvilke nikotinstyrker er tilg\u00e6ngelige?<\/strong><br \/>\nMulighederne omfatter 0%, 2%, 3% og 5% for varieret intensitet.<\/p>\n<\/li>\n<li>\n<p dir=\"ltr\"><strong>Hvordan fungerer LED-displayet?<\/strong><br \/>\nDen viser batteri- og e-v\u00e6skeniveauer i realtid for nem overv\u00e5gning.<\/p>\n<\/li>\n<li>\n<p dir=\"ltr\"><strong>Kan jeg justere vapingintensiteten?<\/strong><br \/>\nFaktisk tillader justerbar luftstr\u00f8m tilpasning fra sn\u00e6vre til luftige tr\u00e6k.<\/p>\n<\/li>\n<\/ol>\n<p><img fetchpriority=\"high\" decoding=\"async\" class=\"alignnone wp-image-326 size-full\" src=\"https:\/\/vapeenjoy.com\/wp-content\/uploads\/2025\/07\/UZY-Triple-Flavor-60000-60K-Puffs-1-scaled.webp\" alt=\"uzy tredobbelt smag 60000 pust engangs vape smag\" width=\"2560\" height=\"2560\" srcset=\"https:\/\/vapeenjoy.com\/wp-content\/uploads\/2025\/07\/UZY-Triple-Flavor-60000-60K-Puffs-1-scaled.webp 2560w, https:\/\/vapeenjoy.com\/wp-content\/uploads\/2025\/07\/UZY-Triple-Flavor-60000-60K-Puffs-1-scaled-600x600.webp 600w, https:\/\/vapeenjoy.com\/wp-content\/uploads\/2025\/07\/UZY-Triple-Flavor-60000-60K-Puffs-1-150x150.webp 150w, https:\/\/vapeenjoy.com\/wp-content\/uploads\/2025\/07\/UZY-Triple-Flavor-60000-60K-Puffs-1-scaled-1200x1200.webp 1200w, https:\/\/vapeenjoy.com\/wp-content\/uploads\/2025\/07\/UZY-Triple-Flavor-60000-60K-Puffs-1-300x300.webp 300w, https:\/\/vapeenjoy.com\/wp-content\/uploads\/2025\/07\/UZY-Triple-Flavor-60000-60K-Puffs-1-1024x1024.webp 1024w, https:\/\/vapeenjoy.com\/wp-content\/uploads\/2025\/07\/UZY-Triple-Flavor-60000-60K-Puffs-1-768x768.webp 768w, https:\/\/vapeenjoy.com\/wp-content\/uploads\/2025\/07\/UZY-Triple-Flavor-60000-60K-Puffs-1-1536x1536.webp 1536w, https:\/\/vapeenjoy.com\/wp-content\/uploads\/2025\/07\/UZY-Triple-Flavor-60000-60K-Puffs-1-2048x2048.webp 2048w\" sizes=\"(max-width: 2560px) 100vw, 2560px\" \/><\/p>","protected":false},"excerpt":{"rendered":"<p>Uzy's Triple Flavors 60000 Puffs Disposable Vape tilbyder 60.000 Puffs, 54 ml e-v\u00e6ske i tre smagstanke og et 850mAh genopladeligt batteri. Med tredobbelte 0,9\u03a9 mesh-spoler, justerbar luftstr\u00f8m og en smart LED-sk\u00e6rm leverer den forskellige smagsvarianter i et kompakt design.<\/p>","protected":false},"featured_media":316,"comment_status":"open","ping_status":"closed","template":"","meta":[],"product_brand":[38],"product_cat":[19],"product_tag":[64,79,95],"class_list":{"0":"post-317","1":"product","2":"type-product","3":"status-publish","4":"has-post-thumbnail","6":"product_brand-uzy-vape","7":"product_cat-60000-puffs-vape","8":"product_tag-0-5-nicotine","9":"product_tag-54ml","10":"product_tag-triple-flavors","12":"first","13":"instock","14":"sale","15":"shipping-taxable","16":"purchasable","17":"product-type-variable"},"yoast_head":"<!-- This site is optimized with the Yoast SEO plugin v25.7 - https:\/\/yoast.com\/wordpress\/plugins\/seo\/ -->\n<title>UZY Triple Flavors 60000 Puffs Disposable Vape 54ml e-liquid<\/title>\n<meta name=\"description\" content=\"Shop UZY Triple Flavors 60000 Puffs Disposable Vape, 54ml, 0-5% nicotine, LED display. Enjoy 3 flavors, triple mesh coil, 850mAh battery.\" \/>\n<meta name=\"robots\" content=\"index, follow, max-snippet:-1, max-image-preview:large, max-video-preview:-1\" \/>\n<link rel=\"canonical\" href=\"https:\/\/vapeenjoy.com\/da\/vare\/uzy-triple-flavours-60000-pust-engangsvape-54ml-0-5-nikotin-led-display\/\" \/>\n<meta property=\"og:locale\" content=\"da_DK\" \/>\n<meta property=\"og:type\" content=\"article\" \/>\n<meta property=\"og:title\" content=\"UZY Triple Flavors 60000 Puffs Disposable Vape 54ml e-liquid\" \/>\n<meta property=\"og:description\" content=\"Shop UZY Triple Flavors 60000 Puffs Disposable Vape, 54ml, 0-5% nicotine, LED display. Enjoy 3 flavors, triple mesh coil, 850mAh battery.\" \/>\n<meta property=\"og:url\" content=\"https:\/\/vapeenjoy.com\/da\/vare\/uzy-triple-flavours-60000-pust-engangsvape-54ml-0-5-nikotin-led-display\/\" \/>\n<meta property=\"og:site_name\" content=\"vapeenjoy\" \/>\n<meta property=\"article:modified_time\" content=\"2025-08-18T08:08:56+00:00\" \/>\n<meta property=\"og:image\" content=\"https:\/\/vapeenjoy.com\/wp-content\/uploads\/2025\/07\/uzy-triple-flavor-60000-puffs-scaled.webp\" \/>\n\t<meta property=\"og:image:width\" content=\"2560\" \/>\n\t<meta property=\"og:image:height\" content=\"2560\" \/>\n\t<meta property=\"og:image:type\" content=\"image\/webp\" \/>\n<meta name=\"twitter:card\" content=\"summary_large_image\" \/>\n<meta name=\"twitter:label1\" content=\"Estimeret l\u00e6setid\" \/>\n\t<meta name=\"twitter:data1\" content=\"3 minutter\" \/>\n<script type=\"application\/ld+json\" class=\"yoast-schema-graph\">{\"@context\":\"https:\/\/schema.org\",\"@graph\":[{\"@type\":\"WebPage\",\"@id\":\"https:\/\/vapeenjoy.com\/product\/uzy-triple-flavors-60000-puffs-disposable-vape-54ml-0-5-nicotine-led-display\/\",\"url\":\"https:\/\/vapeenjoy.com\/product\/uzy-triple-flavors-60000-puffs-disposable-vape-54ml-0-5-nicotine-led-display\/\",\"name\":\"UZY Triple Flavors 60000 Puffs Disposable Vape 54ml e-liquid\",\"isPartOf\":{\"@id\":\"https:\/\/vapeenjoy.com\/#website\"},\"primaryImageOfPage\":{\"@id\":\"https:\/\/vapeenjoy.com\/product\/uzy-triple-flavors-60000-puffs-disposable-vape-54ml-0-5-nicotine-led-display\/#primaryimage\"},\"image\":{\"@id\":\"https:\/\/vapeenjoy.com\/product\/uzy-triple-flavors-60000-puffs-disposable-vape-54ml-0-5-nicotine-led-display\/#primaryimage\"},\"thumbnailUrl\":\"https:\/\/vapeenjoy.com\/wp-content\/uploads\/2025\/07\/uzy-triple-flavor-60000-puffs-scaled.webp\",\"datePublished\":\"2025-07-21T08:37:00+00:00\",\"dateModified\":\"2025-08-18T08:08:56+00:00\",\"description\":\"Shop UZY Triple Flavors 60000 Puffs Disposable Vape, 54ml, 0-5% nicotine, LED display. Enjoy 3 flavors, triple mesh coil, 850mAh battery.\",\"breadcrumb\":{\"@id\":\"https:\/\/vapeenjoy.com\/product\/uzy-triple-flavors-60000-puffs-disposable-vape-54ml-0-5-nicotine-led-display\/#breadcrumb\"},\"inLanguage\":\"da-DK\",\"potentialAction\":[{\"@type\":\"ReadAction\",\"target\":[\"https:\/\/vapeenjoy.com\/product\/uzy-triple-flavors-60000-puffs-disposable-vape-54ml-0-5-nicotine-led-display\/\"]}]},{\"@type\":\"ImageObject\",\"inLanguage\":\"da-DK\",\"@id\":\"https:\/\/vapeenjoy.com\/product\/uzy-triple-flavors-60000-puffs-disposable-vape-54ml-0-5-nicotine-led-display\/#primaryimage\",\"url\":\"https:\/\/vapeenjoy.com\/wp-content\/uploads\/2025\/07\/uzy-triple-flavor-60000-puffs-scaled.webp\",\"contentUrl\":\"https:\/\/vapeenjoy.com\/wp-content\/uploads\/2025\/07\/uzy-triple-flavor-60000-puffs-scaled.webp\",\"width\":2560,\"height\":2560},{\"@type\":\"BreadcrumbList\",\"@id\":\"https:\/\/vapeenjoy.com\/product\/uzy-triple-flavors-60000-puffs-disposable-vape-54ml-0-5-nicotine-led-display\/#breadcrumb\",\"itemListElement\":[{\"@type\":\"ListItem\",\"position\":1,\"name\":\"Home\",\"item\":\"https:\/\/vapeenjoy.com\/\"},{\"@type\":\"ListItem\",\"position\":2,\"name\":\"Shop\",\"item\":\"https:\/\/vapeenjoy.com\/vapeenjoy-shop\/\"},{\"@type\":\"ListItem\",\"position\":3,\"name\":\"UZY Triple Flavors 60000 Puffs Disposable Vape 54ml 0-5% Nicotine LED Display\"}]},{\"@type\":\"WebSite\",\"@id\":\"https:\/\/vapeenjoy.com\/#website\",\"url\":\"https:\/\/vapeenjoy.com\/\",\"name\":\"vapeenjoy\",\"description\":\"An online store for selling vapes\",\"potentialAction\":[{\"@type\":\"SearchAction\",\"target\":{\"@type\":\"EntryPoint\",\"urlTemplate\":\"https:\/\/vapeenjoy.com\/?s={search_term_string}\"},\"query-input\":{\"@type\":\"PropertyValueSpecification\",\"valueRequired\":true,\"valueName\":\"search_term_string\"}}],\"inLanguage\":\"da-DK\"}]}<\/script>\n<!-- \/ Yoast SEO plugin. -->","yoast_head_json":{"title":"uzy triple flavours 60000 pust engangsvape 54ml e-v\u00e6ske","description":"Shop uzy triple flavours 60000 pust engangsvape, 54ml, 0-5% nikotin, LED display. Nyd 3 smagsvarianter, triple mesh coil, 850mAh batteri.","robots":{"index":"index","follow":"follow","max-snippet":"max-snippet:-1","max-image-preview":"max-image-preview:large","max-video-preview":"max-video-preview:-1"},"canonical":"https:\/\/vapeenjoy.com\/da\/vare\/uzy-triple-flavours-60000-pust-engangsvape-54ml-0-5-nikotin-led-display\/","og_locale":"da_DK","og_type":"article","og_title":"UZY Triple Flavors 60000 Puffs Disposable Vape 54ml e-liquid","og_description":"Shop UZY Triple Flavors 60000 Puffs Disposable Vape, 54ml, 0-5% nicotine, LED display. Enjoy 3 flavors, triple mesh coil, 850mAh battery.","og_url":"https:\/\/vapeenjoy.com\/da\/vare\/uzy-triple-flavours-60000-pust-engangsvape-54ml-0-5-nikotin-led-display\/","og_site_name":"vapeenjoy","article_modified_time":"2025-08-18T08:08:56+00:00","og_image":[{"width":2560,"height":2560,"url":"https:\/\/vapeenjoy.com\/wp-content\/uploads\/2025\/07\/uzy-triple-flavor-60000-puffs-scaled.webp","type":"image\/webp"}],"twitter_card":"summary_large_image","twitter_misc":{"Estimeret l\u00e6setid":"3 minutter"},"schema":{"@context":"https:\/\/schema.org","@graph":[{"@type":"WebPage","@id":"https:\/\/vapeenjoy.com\/product\/uzy-triple-flavors-60000-puffs-disposable-vape-54ml-0-5-nicotine-led-display\/","url":"https:\/\/vapeenjoy.com\/product\/uzy-triple-flavors-60000-puffs-disposable-vape-54ml-0-5-nicotine-led-display\/","name":"uzy triple flavours 60000 pust engangsvape 54ml e-v\u00e6ske","isPartOf":{"@id":"https:\/\/vapeenjoy.com\/#website"},"primaryImageOfPage":{"@id":"https:\/\/vapeenjoy.com\/product\/uzy-triple-flavors-60000-puffs-disposable-vape-54ml-0-5-nicotine-led-display\/#primaryimage"},"image":{"@id":"https:\/\/vapeenjoy.com\/product\/uzy-triple-flavors-60000-puffs-disposable-vape-54ml-0-5-nicotine-led-display\/#primaryimage"},"thumbnailUrl":"https:\/\/vapeenjoy.com\/wp-content\/uploads\/2025\/07\/uzy-triple-flavor-60000-puffs-scaled.webp","datePublished":"2025-07-21T08:37:00+00:00","dateModified":"2025-08-18T08:08:56+00:00","description":"Shop uzy triple flavours 60000 pust engangsvape, 54ml, 0-5% nikotin, LED display. Nyd 3 smagsvarianter, triple mesh coil, 850mAh batteri.","breadcrumb":{"@id":"https:\/\/vapeenjoy.com\/product\/uzy-triple-flavors-60000-puffs-disposable-vape-54ml-0-5-nicotine-led-display\/#breadcrumb"},"inLanguage":"da-DK","potentialAction":[{"@type":"ReadAction","target":["https:\/\/vapeenjoy.com\/product\/uzy-triple-flavors-60000-puffs-disposable-vape-54ml-0-5-nicotine-led-display\/"]}]},{"@type":"ImageObject","inLanguage":"da-DK","@id":"https:\/\/vapeenjoy.com\/product\/uzy-triple-flavors-60000-puffs-disposable-vape-54ml-0-5-nicotine-led-display\/#primaryimage","url":"https:\/\/vapeenjoy.com\/wp-content\/uploads\/2025\/07\/uzy-triple-flavor-60000-puffs-scaled.webp","contentUrl":"https:\/\/vapeenjoy.com\/wp-content\/uploads\/2025\/07\/uzy-triple-flavor-60000-puffs-scaled.webp","width":2560,"height":2560},{"@type":"BreadcrumbList","@id":"https:\/\/vapeenjoy.com\/product\/uzy-triple-flavors-60000-puffs-disposable-vape-54ml-0-5-nicotine-led-display\/#breadcrumb","itemListElement":[{"@type":"ListItem","position":1,"name":"Home","item":"https:\/\/vapeenjoy.com\/"},{"@type":"ListItem","position":2,"name":"Shop","item":"https:\/\/vapeenjoy.com\/vapeenjoy-shop\/"},{"@type":"ListItem","position":3,"name":"UZY Triple Flavors 60000 Puffs Disposable Vape 54ml 0-5% Nicotine LED Display"}]},{"@type":"WebSite","@id":"https:\/\/vapeenjoy.com\/#website","url":"https:\/\/vapeenjoy.com\/","name":"VapeenJoy","description":"en online butik til salg af dampe","potentialAction":[{"@type":"SearchAction","target":{"@type":"EntryPoint","urlTemplate":"https:\/\/vapeenjoy.com\/?s={search_term_string}"},"query-input":{"@type":"PropertyValueSpecification","valueRequired":true,"valueName":"search_term_string"}}],"inLanguage":"da-DK"}]}},"_links":{"self":[{"href":"https:\/\/vapeenjoy.com\/da\/wp-json\/wp\/v2\/product\/317","targetHints":{"allow":["GET"]}}],"collection":[{"href":"https:\/\/vapeenjoy.com\/da\/wp-json\/wp\/v2\/product"}],"about":[{"href":"https:\/\/vapeenjoy.com\/da\/wp-json\/wp\/v2\/types\/product"}],"replies":[{"embeddable":true,"href":"https:\/\/vapeenjoy.com\/da\/wp-json\/wp\/v2\/comments?post=317"}],"version-history":[{"count":4,"href":"https:\/\/vapeenjoy.com\/da\/wp-json\/wp\/v2\/product\/317\/revisions"}],"predecessor-version":[{"id":2295,"href":"https:\/\/vapeenjoy.com\/da\/wp-json\/wp\/v2\/product\/317\/revisions\/2295"}],"wp:featuredmedia":[{"embeddable":true,"href":"https:\/\/vapeenjoy.com\/da\/wp-json\/wp\/v2\/media\/316"}],"wp:attachment":[{"href":"https:\/\/vapeenjoy.com\/da\/wp-json\/wp\/v2\/media?parent=317"}],"wp:term":[{"taxonomy":"product_brand","embeddable":true,"href":"https:\/\/vapeenjoy.com\/da\/wp-json\/wp\/v2\/product_brand?post=317"},{"taxonomy":"product_cat","embeddable":true,"href":"https:\/\/vapeenjoy.com\/da\/wp-json\/wp\/v2\/product_cat?post=317"},{"taxonomy":"product_tag","embeddable":true,"href":"https:\/\/vapeenjoy.com\/da\/wp-json\/wp\/v2\/product_tag?post=317"}],"curies":[{"name":"wp","href":"https:\/\/api.w.org\/{rel}","templated":true}]}}