{"id":389,"date":"2025-07-22T06:44:24","date_gmt":"2025-07-22T06:44:24","guid":{"rendered":"https:\/\/vapeenjoy.com\/?post_type=product&#038;p=389"},"modified":"2025-09-11T08:27:23","modified_gmt":"2025-09-11T08:27:23","slug":"waspe-fihp-30000-puffs-disposable-vape-28ml-0-5-nicotine-led-display","status":"publish","type":"product","link":"https:\/\/vapeenjoy.com\/da\/vare\/waspe-fihp-30000-puffs-engangsvape-28ml-0-5-nikotin-led-display\/","title":{"rendered":"WASPe FIHP 30000 PUFFS Engangsvape 28ml 0-5% Nikotin LED-sk\u00e6rm"},"content":{"rendered":"<h2 dir=\"ltr\" data-pm-slice=\"1 3 []\">WASPe FIHP 30000 PUFFS Engangs vape Produktbeskrivelse<\/h2>\n<p dir=\"ltr\">Waspe leverer konsekvent innovative vaping-l\u00f8sninger med p\u00e5lidelig ydeevne. For eksempel tilbyder Waspe FIHP 30000 Puffs engangsvape en us\u00e6dvanlig langtidsholdbar og smagfuld oplevelse. Desuden sikrer dets kompakte design, med et glat ydre og en LED-sk\u00e6rm, ubesv\u00e6ret overv\u00e5gning og b\u00e6rbarhed. Derfor er denne enhed ideel til daglig brug. Udforsk mere p\u00e5 Vape Enjoy.<\/p>\n<h2 dir=\"ltr\">WAPE FIHP 30000 PUFFS ENGANGSVAPE SPECIFIKATIONER<\/h2>\n<ul class=\"tight\" dir=\"ltr\" data-tight=\"true\">\n<li>\n<p dir=\"ltr\"><strong>pustende greve<\/strong>: Op til 30.000 pust i almindelig tilstand eller 15.000 i pulstilstand, hvilket sikrer l\u00e6ngere brug.<\/p>\n<\/li>\n<li>\n<p dir=\"ltr\"><strong>e-v\u00e6skekapacitet<\/strong>: 28 ml, giver langvarig dampning uden hyppige genopfyldninger.<\/p>\n<\/li>\n<li>\n<p dir=\"ltr\"><strong>batteri<\/strong>: 850mAh, genopladelig via Type-C, hvilket tillader hurtige opstart.<\/p>\n<\/li>\n<li>\n<p dir=\"ltr\"><strong>Nikotinstyrker<\/strong>: 0%, 2% eller 5%, der henvender sig til forskellige pr\u00e6ferencer.<\/p>\n<\/li>\n<li>\n<p dir=\"ltr\"><strong>spole type<\/strong>: Dual mesh (1,0\u03a9 + 1,0\u03a9), der leverer ensartet smag og damp.<\/p>\n<\/li>\n<li>\n<p dir=\"ltr\"><strong>luftstr\u00f8m<\/strong>: Justerbar med fire niveauer, hvilket muligg\u00f8r tilpasset tr\u00e6kmodstand.<\/p>\n<\/li>\n<li>\n<p dir=\"ltr\"><strong>opladningsport<\/strong>: Type-C, tilbyder hurtig og effektiv opladning.<\/p>\n<\/li>\n<li>\n<p dir=\"ltr\"><strong>udstille<\/strong>: LED, der leverer opdateringer af batteri- og pustt\u00e6lling i realtid.<\/p>\n<\/li>\n<li>\n<p dir=\"ltr\"><strong>tyngde<\/strong>: 120g, hvilket g\u00f8r den let og b\u00e6rbar.<\/p>\n<\/li>\n<li>\n<p dir=\"ltr\"><strong>m\u00e5l<\/strong>: 61 x 31 x 115 mm, hvilket sikrer behagelig h\u00e5ndtering.<\/p>\n<\/li>\n<\/ul>\n<h2 dir=\"ltr\">16 smagsmuligheder<\/h2>\n<ol class=\"tight\" dir=\"ltr\" data-tight=\"true\">\n<li>\n<p dir=\"ltr\"><strong>jordb\u00e6r mango<\/strong>: Kombinerer s\u00f8de jordb\u00e6r og tropisk mango for en saftig smag.<\/p>\n<\/li>\n<li>\n<p dir=\"ltr\"><strong>Blandet b\u00e6r<\/strong>: Blander s\u00f8de og syrlige b\u00e6r for en levende smag.<\/p>\n<\/li>\n<li>\n<p dir=\"ltr\"><strong>vandmelon is<\/strong>: Parrer saftig vandmelon med en k\u00f8lig mentolfinish.<\/p>\n<\/li>\n<li>\n<p dir=\"ltr\"><strong>jordb\u00e6r vandmelon<\/strong>: kombinerer s\u00f8de jordb\u00e6r med saftig vandmelon.<\/p>\n<\/li>\n<li>\n<p dir=\"ltr\"><strong>jordb\u00e6r r\u00f8d tyr<\/strong>: Infunderer jordb\u00e6r med et energidrik-inspireret pift.<\/p>\n<\/li>\n<li>\n<p dir=\"ltr\"><strong>kiwi passionsfrugt guava<\/strong>: Blander syrlig kiwi, passionsfrugt og guava.<\/p>\n<\/li>\n<li>\n<p dir=\"ltr\"><strong>Grape Ice<\/strong>: Kombinerer s\u00f8d drue med et forfriskende mentol-touch.<\/p>\n<\/li>\n<li>\n<p dir=\"ltr\"><strong>Dobbelt \u00e6bleis<\/strong>: Har spr\u00f8de \u00e6bler med et k\u00f8ligt mentolkick.<\/p>\n<\/li>\n<li>\n<p dir=\"ltr\"><strong>bl\u00e5b\u00e6r hindb\u00e6r<\/strong>: Blander saftige bl\u00e5b\u00e6r med syrlige hindb\u00e6r.<\/p>\n<\/li>\n<li>\n<p dir=\"ltr\"><strong>vandmelon mango fersken<\/strong>: fusionerer vandmelon, mango og fersken for en s\u00f8d smag.<\/p>\n<\/li>\n<li>\n<p dir=\"ltr\"><strong>bl\u00e5b\u00e6ris<\/strong>: Tilbyder s\u00f8de bl\u00e5b\u00e6r med en frostklar finish.<\/p>\n<\/li>\n<li>\n<p dir=\"ltr\"><strong>fersken b\u00e6r<\/strong>: Kombinerer modne ferskner med diverse b\u00e6r.<\/p>\n<\/li>\n<li>\n<p dir=\"ltr\"><strong>jordb\u00e6r kiwi<\/strong>: Par s\u00f8de jordb\u00e6r med syrlig kiwi.<\/p>\n<\/li>\n<li>\n<p dir=\"ltr\"><strong>kirseb\u00e6ris<\/strong>: Leverer dristige kirseb\u00e6r med en spr\u00f8d mentoleffekt.<\/p>\n<\/li>\n<li>\n<p dir=\"ltr\"><strong>jordb\u00e6r hindb\u00e6r kirseb\u00e6r<\/strong>: Blander jordb\u00e6r, hindb\u00e6r og kirseb\u00e6r.<\/p>\n<\/li>\n<li>\n<p dir=\"ltr\"><strong>vandmelon tyggegummi<\/strong>: Giver en nostalgisk vandmelon tyggegummi smag.<\/p>\n<\/li>\n<\/ol>\n<h2 dir=\"ltr\">Ofte stillede sp\u00f8rgsm\u00e5l (FAQ)<\/h2>\n<ol class=\"tight\" dir=\"ltr\" data-tight=\"true\">\n<li>\n<p dir=\"ltr\"><strong>Hvad g\u00f8r waspe fihp unik?<\/strong><br \/>\nDens h\u00f8je puftal, dobbelte mesh-spoler, justerbare luftstr\u00f8m og LED-sk\u00e6rm giver en meget tilpasselig oplevelse.<\/p>\n<\/li>\n<li>\n<p dir=\"ltr\"><strong>Er det genopladeligt?<\/strong><br \/>\nFaktisk underst\u00f8tter 850mAh batteriet hurtig Type-C-opladning for nemheds skyld.<\/p>\n<\/li>\n<li>\n<p dir=\"ltr\"><strong>Er nikotinfrie muligheder tilg\u00e6ngelige?<\/strong><br \/>\nAbsolut, du kan v\u00e6lge mellem 0%, 2% eller 5% nikotinstyrker.<\/p>\n<\/li>\n<li>\n<p dir=\"ltr\"><strong>Hvordan v\u00e6lger man en smag?<\/strong><br \/>\nPr\u00f8v for eksempel jordb\u00e6rmango eller kiwi passionsfrugt guava for frugtagtige profiler. Alternativt giver Watermelon Ice et forfriskende kick, mens Strawberry Red Bull giver et modigt twist.<\/p>\n<\/li>\n<li>\n<p dir=\"ltr\"><strong>Hvordan fungerer justerbar luftstr\u00f8m?<\/strong><br \/>\nDu skal blot justere mellem fire niveauer for at opn\u00e5 en strammere eller l\u00f8sere ind\u00e5nding.<\/p>\n<\/li>\n<li>\n<p dir=\"ltr\"><strong>Hvad er dual mesh spoler?<\/strong><br \/>\nDisse spoler sikrer j\u00e6vn opvarmning og forbedrer derved smagens konsistens.<\/p>\n<\/li>\n<li>\n<p dir=\"ltr\"><strong>Hvor l\u00e6nge holder batteriet?<\/strong><br \/>\n850mAh batteriet underst\u00f8tter l\u00e6ngere tids brug, og desuden sikrer Type-C opladning hurtige genopladninger. L\u00e6r mere p\u00e5 Vape Enjoy.<\/p>\n<\/li>\n<\/ol>\n<p><img fetchpriority=\"high\" decoding=\"async\" class=\"alignnone wp-image-392 size-full\" src=\"https:\/\/vapeenjoy.com\/wp-content\/uploads\/2025\/07\/flavor_list.jpg\" alt=\"waspe fihp 30000 pust engangs vape smag\" width=\"2200\" height=\"1224\" srcset=\"https:\/\/vapeenjoy.com\/wp-content\/uploads\/2025\/07\/flavor_list.jpg 2200w, https:\/\/vapeenjoy.com\/wp-content\/uploads\/2025\/07\/flavor_list-150x83.jpg 150w, https:\/\/vapeenjoy.com\/wp-content\/uploads\/2025\/07\/flavor_list-1200x668.jpg 1200w, https:\/\/vapeenjoy.com\/wp-content\/uploads\/2025\/07\/flavor_list-300x167.jpg 300w, https:\/\/vapeenjoy.com\/wp-content\/uploads\/2025\/07\/flavor_list-1024x570.jpg 1024w, https:\/\/vapeenjoy.com\/wp-content\/uploads\/2025\/07\/flavor_list-768x427.jpg 768w, https:\/\/vapeenjoy.com\/wp-content\/uploads\/2025\/07\/flavor_list-1536x855.jpg 1536w, https:\/\/vapeenjoy.com\/wp-content\/uploads\/2025\/07\/flavor_list-2048x1139.jpg 2048w\" sizes=\"(max-width: 2200px) 100vw, 2200px\" \/><\/p>","protected":false},"excerpt":{"rendered":"<p>Waspe leverer innovative vapingl\u00f8sninger med kvalitet og bekvemmelighed. Waspe FIHP 30000 pust engangsvape tilbyder op til 30.000 pust, en 28 ml e-v\u00e6ske kapacitet og et 850mAh genopladeligt batteri. Med dobbelte mesh-spoler, justerbar luftstr\u00f8m og 16 livlige smagsvarianter sikrer den en langvarig, tilpasselig vaping-oplevelse.<\/p>","protected":false},"featured_media":393,"comment_status":"open","ping_status":"closed","template":"","meta":[],"product_brand":[41],"product_cat":[31],"product_tag":[64,68],"class_list":{"0":"post-389","1":"product","2":"type-product","3":"status-publish","4":"has-post-thumbnail","6":"product_brand-waspe-vape","7":"product_cat-30000-puffs-vape","8":"product_tag-0-5-nicotine","9":"product_tag-28ml","11":"first","12":"outofstock","13":"sale","14":"shipping-taxable","15":"purchasable","16":"product-type-variable"},"yoast_head":"<!-- This site is optimized with the Yoast SEO plugin v25.7 - https:\/\/yoast.com\/wordpress\/plugins\/seo\/ -->\n<title>WASPE FIHP 30000 Puffs Disposable Vape 28ml 0-5% Nicotine<\/title>\n<meta name=\"description\" content=\"WASPE FIHP 30000 Puffs Disposable Vape: 28ml e-liquid, 0-5% nicotine, dual mesh coils, LED display. Long-lasting, flavorful vaping. Shop now!\" \/>\n<meta name=\"robots\" content=\"index, follow, max-snippet:-1, max-image-preview:large, max-video-preview:-1\" \/>\n<link rel=\"canonical\" href=\"https:\/\/vapeenjoy.com\/da\/vare\/waspe-fihp-30000-puffs-engangsvape-28ml-0-5-nikotin-led-display\/\" \/>\n<meta property=\"og:locale\" content=\"da_DK\" \/>\n<meta property=\"og:type\" content=\"article\" \/>\n<meta property=\"og:title\" content=\"WASPE FIHP 30000 Puffs Disposable Vape 28ml 0-5% Nicotine\" \/>\n<meta property=\"og:description\" content=\"WASPE FIHP 30000 Puffs Disposable Vape: 28ml e-liquid, 0-5% nicotine, dual mesh coils, LED display. Long-lasting, flavorful vaping. Shop now!\" \/>\n<meta property=\"og:url\" content=\"https:\/\/vapeenjoy.com\/da\/vare\/waspe-fihp-30000-puffs-engangsvape-28ml-0-5-nikotin-led-display\/\" \/>\n<meta property=\"og:site_name\" content=\"vapeenjoy\" \/>\n<meta property=\"article:modified_time\" content=\"2025-09-11T08:27:23+00:00\" \/>\n<meta property=\"og:image\" content=\"https:\/\/vapeenjoy.com\/wp-content\/uploads\/2025\/07\/\u573a\u666f\u56fe04.jpg\" \/>\n\t<meta property=\"og:image:width\" content=\"1120\" \/>\n\t<meta property=\"og:image:height\" content=\"1120\" \/>\n\t<meta property=\"og:image:type\" content=\"image\/jpeg\" \/>\n<meta name=\"twitter:card\" content=\"summary_large_image\" \/>\n<meta name=\"twitter:label1\" content=\"Estimeret l\u00e6setid\" \/>\n\t<meta name=\"twitter:data1\" content=\"3 minutter\" \/>\n<script type=\"application\/ld+json\" class=\"yoast-schema-graph\">{\"@context\":\"https:\/\/schema.org\",\"@graph\":[{\"@type\":\"WebPage\",\"@id\":\"https:\/\/vapeenjoy.com\/product\/waspe-fihp-30000-puffs-disposable-vape-28ml-0-5-nicotine-led-display\/\",\"url\":\"https:\/\/vapeenjoy.com\/product\/waspe-fihp-30000-puffs-disposable-vape-28ml-0-5-nicotine-led-display\/\",\"name\":\"WASPE FIHP 30000 Puffs Disposable Vape 28ml 0-5% Nicotine\",\"isPartOf\":{\"@id\":\"https:\/\/vapeenjoy.com\/#website\"},\"primaryImageOfPage\":{\"@id\":\"https:\/\/vapeenjoy.com\/product\/waspe-fihp-30000-puffs-disposable-vape-28ml-0-5-nicotine-led-display\/#primaryimage\"},\"image\":{\"@id\":\"https:\/\/vapeenjoy.com\/product\/waspe-fihp-30000-puffs-disposable-vape-28ml-0-5-nicotine-led-display\/#primaryimage\"},\"thumbnailUrl\":\"https:\/\/vapeenjoy.com\/wp-content\/uploads\/2025\/07\/\u573a\u666f\u56fe04.jpg\",\"datePublished\":\"2025-07-22T06:44:24+00:00\",\"dateModified\":\"2025-09-11T08:27:23+00:00\",\"description\":\"WASPE FIHP 30000 Puffs Disposable Vape: 28ml e-liquid, 0-5% nicotine, dual mesh coils, LED display. Long-lasting, flavorful vaping. Shop now!\",\"breadcrumb\":{\"@id\":\"https:\/\/vapeenjoy.com\/product\/waspe-fihp-30000-puffs-disposable-vape-28ml-0-5-nicotine-led-display\/#breadcrumb\"},\"inLanguage\":\"da-DK\",\"potentialAction\":[{\"@type\":\"ReadAction\",\"target\":[\"https:\/\/vapeenjoy.com\/product\/waspe-fihp-30000-puffs-disposable-vape-28ml-0-5-nicotine-led-display\/\"]}]},{\"@type\":\"ImageObject\",\"inLanguage\":\"da-DK\",\"@id\":\"https:\/\/vapeenjoy.com\/product\/waspe-fihp-30000-puffs-disposable-vape-28ml-0-5-nicotine-led-display\/#primaryimage\",\"url\":\"https:\/\/vapeenjoy.com\/wp-content\/uploads\/2025\/07\/\u573a\u666f\u56fe04.jpg\",\"contentUrl\":\"https:\/\/vapeenjoy.com\/wp-content\/uploads\/2025\/07\/\u573a\u666f\u56fe04.jpg\",\"width\":1120,\"height\":1120},{\"@type\":\"BreadcrumbList\",\"@id\":\"https:\/\/vapeenjoy.com\/product\/waspe-fihp-30000-puffs-disposable-vape-28ml-0-5-nicotine-led-display\/#breadcrumb\",\"itemListElement\":[{\"@type\":\"ListItem\",\"position\":1,\"name\":\"Home\",\"item\":\"https:\/\/vapeenjoy.com\/\"},{\"@type\":\"ListItem\",\"position\":2,\"name\":\"Shop\",\"item\":\"https:\/\/vapeenjoy.com\/vapeenjoy-shop\/\"},{\"@type\":\"ListItem\",\"position\":3,\"name\":\"WASPE FIHP 30000 Puffs Disposable Vape 28ml 0-5% Nicotine LED Display\"}]},{\"@type\":\"WebSite\",\"@id\":\"https:\/\/vapeenjoy.com\/#website\",\"url\":\"https:\/\/vapeenjoy.com\/\",\"name\":\"vapeenjoy\",\"description\":\"An online store for selling vapes\",\"potentialAction\":[{\"@type\":\"SearchAction\",\"target\":{\"@type\":\"EntryPoint\",\"urlTemplate\":\"https:\/\/vapeenjoy.com\/?s={search_term_string}\"},\"query-input\":{\"@type\":\"PropertyValueSpecification\",\"valueRequired\":true,\"valueName\":\"search_term_string\"}}],\"inLanguage\":\"da-DK\"}]}<\/script>\n<!-- \/ Yoast SEO plugin. -->","yoast_head_json":{"title":"WASPe FIHP 30000 PUFFS ENGANGSVAPER 28ml 0-5% Nikotin","description":"WASPE FIHP 30000 PUFFS ENGANGSVAPER: 28ml E-Liquid, 0-5% Nikotin, Dual Mesh Coils, LED-display. Langvarig, smagfuld vaping. Shop nu!","robots":{"index":"index","follow":"follow","max-snippet":"max-snippet:-1","max-image-preview":"max-image-preview:large","max-video-preview":"max-video-preview:-1"},"canonical":"https:\/\/vapeenjoy.com\/da\/vare\/waspe-fihp-30000-puffs-engangsvape-28ml-0-5-nikotin-led-display\/","og_locale":"da_DK","og_type":"article","og_title":"WASPE FIHP 30000 Puffs Disposable Vape 28ml 0-5% Nicotine","og_description":"WASPE FIHP 30000 Puffs Disposable Vape: 28ml e-liquid, 0-5% nicotine, dual mesh coils, LED display. Long-lasting, flavorful vaping. Shop now!","og_url":"https:\/\/vapeenjoy.com\/da\/vare\/waspe-fihp-30000-puffs-engangsvape-28ml-0-5-nikotin-led-display\/","og_site_name":"vapeenjoy","article_modified_time":"2025-09-11T08:27:23+00:00","og_image":[{"width":1120,"height":1120,"url":"https:\/\/vapeenjoy.com\/wp-content\/uploads\/2025\/07\/\u573a\u666f\u56fe04.jpg","type":"image\/jpeg"}],"twitter_card":"summary_large_image","twitter_misc":{"Estimeret l\u00e6setid":"3 minutter"},"schema":{"@context":"https:\/\/schema.org","@graph":[{"@type":"WebPage","@id":"https:\/\/vapeenjoy.com\/product\/waspe-fihp-30000-puffs-disposable-vape-28ml-0-5-nicotine-led-display\/","url":"https:\/\/vapeenjoy.com\/product\/waspe-fihp-30000-puffs-disposable-vape-28ml-0-5-nicotine-led-display\/","name":"WASPe FIHP 30000 PUFFS ENGANGSVAPER 28ml 0-5% Nikotin","isPartOf":{"@id":"https:\/\/vapeenjoy.com\/#website"},"primaryImageOfPage":{"@id":"https:\/\/vapeenjoy.com\/product\/waspe-fihp-30000-puffs-disposable-vape-28ml-0-5-nicotine-led-display\/#primaryimage"},"image":{"@id":"https:\/\/vapeenjoy.com\/product\/waspe-fihp-30000-puffs-disposable-vape-28ml-0-5-nicotine-led-display\/#primaryimage"},"thumbnailUrl":"https:\/\/vapeenjoy.com\/wp-content\/uploads\/2025\/07\/\u573a\u666f\u56fe04.jpg","datePublished":"2025-07-22T06:44:24+00:00","dateModified":"2025-09-11T08:27:23+00:00","description":"WASPE FIHP 30000 PUFFS ENGANGSVAPER: 28ml E-Liquid, 0-5% Nikotin, Dual Mesh Coils, LED-display. Langvarig, smagfuld vaping. Shop nu!","breadcrumb":{"@id":"https:\/\/vapeenjoy.com\/product\/waspe-fihp-30000-puffs-disposable-vape-28ml-0-5-nicotine-led-display\/#breadcrumb"},"inLanguage":"da-DK","potentialAction":[{"@type":"ReadAction","target":["https:\/\/vapeenjoy.com\/product\/waspe-fihp-30000-puffs-disposable-vape-28ml-0-5-nicotine-led-display\/"]}]},{"@type":"ImageObject","inLanguage":"da-DK","@id":"https:\/\/vapeenjoy.com\/product\/waspe-fihp-30000-puffs-disposable-vape-28ml-0-5-nicotine-led-display\/#primaryimage","url":"https:\/\/vapeenjoy.com\/wp-content\/uploads\/2025\/07\/\u573a\u666f\u56fe04.jpg","contentUrl":"https:\/\/vapeenjoy.com\/wp-content\/uploads\/2025\/07\/\u573a\u666f\u56fe04.jpg","width":1120,"height":1120},{"@type":"BreadcrumbList","@id":"https:\/\/vapeenjoy.com\/product\/waspe-fihp-30000-puffs-disposable-vape-28ml-0-5-nicotine-led-display\/#breadcrumb","itemListElement":[{"@type":"ListItem","position":1,"name":"Home","item":"https:\/\/vapeenjoy.com\/"},{"@type":"ListItem","position":2,"name":"Shop","item":"https:\/\/vapeenjoy.com\/vapeenjoy-shop\/"},{"@type":"ListItem","position":3,"name":"WASPE FIHP 30000 Puffs Disposable Vape 28ml 0-5% Nicotine LED Display"}]},{"@type":"WebSite","@id":"https:\/\/vapeenjoy.com\/#website","url":"https:\/\/vapeenjoy.com\/","name":"VapeenJoy","description":"en online butik til salg af dampe","potentialAction":[{"@type":"SearchAction","target":{"@type":"EntryPoint","urlTemplate":"https:\/\/vapeenjoy.com\/?s={search_term_string}"},"query-input":{"@type":"PropertyValueSpecification","valueRequired":true,"valueName":"search_term_string"}}],"inLanguage":"da-DK"}]}},"_links":{"self":[{"href":"https:\/\/vapeenjoy.com\/da\/wp-json\/wp\/v2\/product\/389","targetHints":{"allow":["GET"]}}],"collection":[{"href":"https:\/\/vapeenjoy.com\/da\/wp-json\/wp\/v2\/product"}],"about":[{"href":"https:\/\/vapeenjoy.com\/da\/wp-json\/wp\/v2\/types\/product"}],"replies":[{"embeddable":true,"href":"https:\/\/vapeenjoy.com\/da\/wp-json\/wp\/v2\/comments?post=389"}],"version-history":[{"count":3,"href":"https:\/\/vapeenjoy.com\/da\/wp-json\/wp\/v2\/product\/389\/revisions"}],"predecessor-version":[{"id":2358,"href":"https:\/\/vapeenjoy.com\/da\/wp-json\/wp\/v2\/product\/389\/revisions\/2358"}],"wp:featuredmedia":[{"embeddable":true,"href":"https:\/\/vapeenjoy.com\/da\/wp-json\/wp\/v2\/media\/393"}],"wp:attachment":[{"href":"https:\/\/vapeenjoy.com\/da\/wp-json\/wp\/v2\/media?parent=389"}],"wp:term":[{"taxonomy":"product_brand","embeddable":true,"href":"https:\/\/vapeenjoy.com\/da\/wp-json\/wp\/v2\/product_brand?post=389"},{"taxonomy":"product_cat","embeddable":true,"href":"https:\/\/vapeenjoy.com\/da\/wp-json\/wp\/v2\/product_cat?post=389"},{"taxonomy":"product_tag","embeddable":true,"href":"https:\/\/vapeenjoy.com\/da\/wp-json\/wp\/v2\/product_tag?post=389"}],"curies":[{"name":"wp","href":"https:\/\/api.w.org\/{rel}","templated":true}]}}