{"id":422,"date":"2025-07-22T09:00:00","date_gmt":"2025-07-22T09:00:00","guid":{"rendered":"https:\/\/vapeenjoy.com\/?post_type=product&#038;p=422"},"modified":"2025-08-19T02:02:21","modified_gmt":"2025-08-19T02:02:21","slug":"vapme-crown-bar-18000-puffs-pro-max-disposable-vape-25ml-0-5-nicotine","status":"publish","type":"product","link":"https:\/\/vapeenjoy.com\/da\/vare\/vapme-crown-bar-18000-puffs-pro-max-disposable-vape-25ml-0-5-nicotin\/","title":{"rendered":"Vapme Crown Bar 18000 Puffs Pro Max Disposable Vape 25ml 0-5% Nikotin Type-C Genopladning"},"content":{"rendered":"<h2 dir=\"ltr\" data-pm-slice=\"1 3 []\">vapme crown bar 18000 puffs pro max engangs vape beskrivelse<\/h2>\n<p dir=\"ltr\">VAPME, et brand med fokus p\u00e5 kvalitetsvaping-enheder, prioriterer brugertilfredshed. <em>For eksempel<\/em>, VAPME Crown Bar 18000 Puffs Pro Max Disposable Vape leverer langvarig ydeevne og rige smag. <em>desuden<\/em>, dens slanke l\u00e6derfinish sikrer et f\u00f8rsteklasses look og behageligt greb. <em>s\u00e5ledes<\/em>, det kombinerer stil og praktisk til daglig brug.<\/p>\n<h2 dir=\"ltr\">vapme crown bar 18000 puffs engangs vape specifikationer<\/h2>\n<ul class=\"tight\" dir=\"ltr\" data-tight=\"true\">\n<li>\n<p dir=\"ltr\"><strong>pustende greve<\/strong>: Op til 18000 pust, hvilket sikrer l\u00e6ngere brug.<\/p>\n<\/li>\n<li>\n<p dir=\"ltr\"><strong>batteri<\/strong>: 850mAh, genopladelig via Type-C for p\u00e5lidelig ydeevne.<\/p>\n<\/li>\n<li>\n<p dir=\"ltr\"><strong>e-likvid<\/strong>: 25 ml forfyldt, tilbyder rigelige vaping-sessioner.<\/p>\n<\/li>\n<li>\n<p dir=\"ltr\"><strong>Nikotinstyrke<\/strong>: 0%, 2%, 3%, 5% muligheder for at matche pr\u00e6ferencer.<\/p>\n<\/li>\n<li>\n<p dir=\"ltr\"><strong>spole<\/strong>: 0,6 ohm mesh spole for glat smag og damp.<\/p>\n<\/li>\n<li>\n<p dir=\"ltr\"><strong>Vaping stil<\/strong>: Direkte-til-Lung (DTL) til robuste skyer.<\/p>\n<\/li>\n<li>\n<p dir=\"ltr\"><strong>udstille<\/strong>: Smart Screen viser batteri- og e-v\u00e6skeniveauer.<\/p>\n<\/li>\n<li>\n<p dir=\"ltr\"><strong>luftstr\u00f8m<\/strong>: Justerbar til en tilpasset lodtr\u00e6kning.<\/p>\n<\/li>\n<\/ul>\n<h2 dir=\"ltr\">12 smagsmuligheder<\/h2>\n<ol class=\"tight\" dir=\"ltr\" data-tight=\"true\">\n<li>\n<p dir=\"ltr\"><strong>frodig is<\/strong>: Vandmelon med mentol for en forfriskende vape.<\/p>\n<\/li>\n<li>\n<p dir=\"ltr\"><strong>B\u00e6ris<\/strong>: Blandede b\u00e6r med et k\u00f8ligt mentol twist.<\/p>\n<\/li>\n<li>\n<p dir=\"ltr\"><strong>bl\u00e5b\u00e6rgummi<\/strong>: Bubblegum med saftige bl\u00e5b\u00e6r, nostalgisk og frugtagtig.<\/p>\n<\/li>\n<li>\n<p dir=\"ltr\"><strong>Cherry Fiesta<\/strong>: S\u00f8de kirseb\u00e6r med en festlig frugtblanding.<\/p>\n<\/li>\n<li>\n<p dir=\"ltr\"><strong>vindrue slag<\/strong>: Fed drue med en punchy finish.<\/p>\n<\/li>\n<li>\n<p dir=\"ltr\"><strong>jordb\u00e6r vandmelon<\/strong>: Saftige jordb\u00e6r og spr\u00f8d vandmelon.<\/p>\n<\/li>\n<li>\n<p dir=\"ltr\"><strong>mango fryser<\/strong>: Tropisk mango med k\u00f8lende mentol.<\/p>\n<\/li>\n<li>\n<p dir=\"ltr\"><strong>jordb\u00e6r punch<\/strong>: Tangy jordb\u00e6r med en fed finish.<\/p>\n<\/li>\n<li>\n<p dir=\"ltr\"><strong>s\u00f8d passionsfrugt<\/strong>: Eksotisk passionsfrugt, s\u00f8d og syrlig.<\/p>\n<\/li>\n<li>\n<p dir=\"ltr\"><strong>bl\u00e5b\u00e6r hindb\u00e6r<\/strong>: syrlige hindb\u00e6r og s\u00f8de bl\u00e5b\u00e6r.<\/p>\n<\/li>\n<li>\n<p dir=\"ltr\"><strong>To \u00e6ble<\/strong>: Spr\u00f8d, forfriskende dobbelt \u00e6blesmag.<\/p>\n<\/li>\n<li>\n<p dir=\"ltr\"><strong>K\u00e6rlighed 66<\/strong>: Romantisk frugtblanding til en overb\u00e6rende vape.<\/p>\n<\/li>\n<\/ol>\n<h2 dir=\"ltr\">Ofte stillede sp\u00f8rgsm\u00e5l<\/h2>\n<ol dir=\"ltr\">\n<li>\n<p dir=\"ltr\"><strong>Hvad er VAPME Crown Bar 18000 Pro Max designet til?<\/strong><br \/>\n<em>konkret<\/em>, det er lavet til brugere, der s\u00f8ger en engangsvape med h\u00f8j kapacitet. <em>derover<\/em>, den tilbyder rig smag og robuste skyer, ideel til DTL-vaping.<\/p>\n<\/li>\n<li>\n<p dir=\"ltr\"><strong>Hvordan v\u00e6lger jeg den rigtige nikotinstyrke?<\/strong><br \/>\n<em>For eksempel<\/em>, v\u00e6lg 0% for nikotinfri, 2% eller 3% for moderat eller 5% for et st\u00e6rkere hit, baseret p\u00e5 din pr\u00e6ference.<\/p>\n<\/li>\n<li>\n<p dir=\"ltr\"><strong>Hvordan kan jeg v\u00e6lge en smag, der passer til mig?<\/strong><br \/>\n<em>f\u00f8rst<\/em>, overvej frugtige muligheder som jordb\u00e6rvandmelon for s\u00f8dme. <em>alternativ<\/em>, v\u00e6lg mentolsmag som frodig is for en k\u00f8lende effekt. <em>til sidst<\/em>, pr\u00f8v unikke blandinger som Love 66 for en tydelig smag.<\/p>\n<\/li>\n<li>\n<p dir=\"ltr\"><strong>Hvordan fungerer den justerbare luftstr\u00f8m?<\/strong><br \/>\n<em>is\u00e6r<\/em>, skub luftstr\u00f8msmekanismen for at justere tr\u00e6kmodstanden. <em>s\u00e5ledes<\/em>, kan du skr\u00e6ddersy ind\u00e5ndingen til din smag.<\/p>\n<\/li>\n<li>\n<p dir=\"ltr\"><strong>Hvor l\u00e6nge holder batteriet, og hvordan genoplades jeg det?<\/strong><br \/>\n<em>typisk<\/em>, 850mAh batteriet holder dage, afh\u00e6ngigt af brug. <em>desuden<\/em>, genoplad via Type-C-porten for hurtig opladning.<\/p>\n<\/li>\n<li>\n<p dir=\"ltr\"><strong>Hvad viser den smarte sk\u00e6rm?<\/strong><br \/>\n<em>konkret<\/em>, det viser batteri- og e-v\u00e6skeniveauer i realtid, hvilket g\u00f8r overv\u00e5gningen let.<\/p>\n<\/li>\n<li>\n<p dir=\"ltr\"><strong>Er den velegnet til tunge vapers?<\/strong><br \/>\n<em>virkelig<\/em>, med 18000 pust, 25 ml e-v\u00e6ske og et genopladeligt batteri, er det perfekt til hyppige vapers.<\/p>\n<\/li>\n<\/ol>\n<p><img fetchpriority=\"high\" decoding=\"async\" class=\"alignnone wp-image-439 size-full\" src=\"https:\/\/vapeenjoy.com\/wp-content\/uploads\/2025\/07\/\u5fae\u4fe1\u56fe\u7247_20240321174024.jpg\" alt=\"vapme crown bar 18000 puffs pro max engangs vape smag\" width=\"1754\" height=\"2480\" srcset=\"https:\/\/vapeenjoy.com\/wp-content\/uploads\/2025\/07\/\u5fae\u4fe1\u56fe\u7247_20240321174024.jpg 1754w, https:\/\/vapeenjoy.com\/wp-content\/uploads\/2025\/07\/\u5fae\u4fe1\u56fe\u7247_20240321174024-600x848.jpg 600w, https:\/\/vapeenjoy.com\/wp-content\/uploads\/2025\/07\/\u5fae\u4fe1\u56fe\u7247_20240321174024-212x300.jpg 212w, https:\/\/vapeenjoy.com\/wp-content\/uploads\/2025\/07\/\u5fae\u4fe1\u56fe\u7247_20240321174024-724x1024.jpg 724w, https:\/\/vapeenjoy.com\/wp-content\/uploads\/2025\/07\/\u5fae\u4fe1\u56fe\u7247_20240321174024-768x1086.jpg 768w, https:\/\/vapeenjoy.com\/wp-content\/uploads\/2025\/07\/\u5fae\u4fe1\u56fe\u7247_20240321174024-1086x1536.jpg 1086w, https:\/\/vapeenjoy.com\/wp-content\/uploads\/2025\/07\/\u5fae\u4fe1\u56fe\u7247_20240321174024-1448x2048.jpg 1448w\" sizes=\"(max-width: 1754px) 100vw, 1754px\" \/><\/p>\n<p>&nbsp;<\/p>","protected":false},"excerpt":{"rendered":"<p dir=\"auto\">VAPME, et m\u00e6rke, der er forpligtet til kvalitetsvaping, pr\u00e6senterer Crown Bar 18000 Puffs Pro Max Disposable Vape. Denne enhed leverer op til 18000 pust med en 25 ml e-v\u00e6ske kapacitet, 850mAh genopladeligt batteri og justerbar luftstr\u00f8m. Med en 0,6 ohm mesh-spole og smart sk\u00e6rm tilbyder den rige smag og robuste skyer i et slankt design.<\/p>","protected":false},"featured_media":437,"comment_status":"open","ping_status":"closed","template":"","meta":[],"product_brand":[207],"product_cat":[32],"product_tag":[64,69],"class_list":{"0":"post-422","1":"product","2":"type-product","3":"status-publish","4":"has-post-thumbnail","6":"product_brand-vapme-vape","7":"product_cat-18000-puffs-vape","8":"product_tag-0-5-nicotine","9":"product_tag-25ml","11":"first","12":"instock","13":"sale","14":"shipping-taxable","15":"purchasable","16":"product-type-variable"},"yoast_head":"<!-- This site is optimized with the Yoast SEO plugin v25.7 - https:\/\/yoast.com\/wordpress\/plugins\/seo\/ -->\n<title>VAPME Crown Bar 18000 Puffs Pro Max Disposable Vape 25ml<\/title>\n<meta name=\"description\" content=\"VAPME Crown Bar 18000 Puffs Disposable Vape offers 25ml e-liquid, 0-5% nicotine, and Type-C charging for a premium vaping experience. Shop now!\" \/>\n<meta name=\"robots\" content=\"index, follow, max-snippet:-1, max-image-preview:large, max-video-preview:-1\" \/>\n<link rel=\"canonical\" href=\"https:\/\/vapeenjoy.com\/da\/vare\/vapme-crown-bar-18000-puffs-pro-max-disposable-vape-25ml-0-5-nicotin\/\" \/>\n<meta property=\"og:locale\" content=\"da_DK\" \/>\n<meta property=\"og:type\" content=\"article\" \/>\n<meta property=\"og:title\" content=\"VAPME Crown Bar 18000 Puffs Pro Max Disposable Vape 25ml\" \/>\n<meta property=\"og:description\" content=\"VAPME Crown Bar 18000 Puffs Disposable Vape offers 25ml e-liquid, 0-5% nicotine, and Type-C charging for a premium vaping experience. Shop now!\" \/>\n<meta property=\"og:url\" content=\"https:\/\/vapeenjoy.com\/da\/vare\/vapme-crown-bar-18000-puffs-pro-max-disposable-vape-25ml-0-5-nicotin\/\" \/>\n<meta property=\"og:site_name\" content=\"vapeenjoy\" \/>\n<meta property=\"article:modified_time\" content=\"2025-08-19T02:02:21+00:00\" \/>\n<meta property=\"og:image\" content=\"https:\/\/vapeenjoy.com\/wp-content\/uploads\/2025\/07\/\u5fae\u4fe1\u56fe\u7247_20240321174010-scaled.png\" \/>\n\t<meta property=\"og:image:width\" content=\"1810\" \/>\n\t<meta property=\"og:image:height\" content=\"2560\" \/>\n\t<meta property=\"og:image:type\" content=\"image\/png\" \/>\n<meta name=\"twitter:card\" content=\"summary_large_image\" \/>\n<meta name=\"twitter:label1\" content=\"Estimeret l\u00e6setid\" \/>\n\t<meta name=\"twitter:data1\" content=\"3 minutter\" \/>\n<script type=\"application\/ld+json\" class=\"yoast-schema-graph\">{\"@context\":\"https:\/\/schema.org\",\"@graph\":[{\"@type\":\"WebPage\",\"@id\":\"https:\/\/vapeenjoy.com\/product\/vapme-crown-bar-18000-puffs-pro-max-disposable-vape-25ml-0-5-nicotine\/\",\"url\":\"https:\/\/vapeenjoy.com\/product\/vapme-crown-bar-18000-puffs-pro-max-disposable-vape-25ml-0-5-nicotine\/\",\"name\":\"VAPME Crown Bar 18000 Puffs Pro Max Disposable Vape 25ml\",\"isPartOf\":{\"@id\":\"https:\/\/vapeenjoy.com\/#website\"},\"primaryImageOfPage\":{\"@id\":\"https:\/\/vapeenjoy.com\/product\/vapme-crown-bar-18000-puffs-pro-max-disposable-vape-25ml-0-5-nicotine\/#primaryimage\"},\"image\":{\"@id\":\"https:\/\/vapeenjoy.com\/product\/vapme-crown-bar-18000-puffs-pro-max-disposable-vape-25ml-0-5-nicotine\/#primaryimage\"},\"thumbnailUrl\":\"https:\/\/vapeenjoy.com\/wp-content\/uploads\/2025\/07\/\u5fae\u4fe1\u56fe\u7247_20240321174010-scaled.png\",\"datePublished\":\"2025-07-22T09:00:00+00:00\",\"dateModified\":\"2025-08-19T02:02:21+00:00\",\"description\":\"VAPME Crown Bar 18000 Puffs Disposable Vape offers 25ml e-liquid, 0-5% nicotine, and Type-C charging for a premium vaping experience. Shop now!\",\"breadcrumb\":{\"@id\":\"https:\/\/vapeenjoy.com\/product\/vapme-crown-bar-18000-puffs-pro-max-disposable-vape-25ml-0-5-nicotine\/#breadcrumb\"},\"inLanguage\":\"da-DK\",\"potentialAction\":[{\"@type\":\"ReadAction\",\"target\":[\"https:\/\/vapeenjoy.com\/product\/vapme-crown-bar-18000-puffs-pro-max-disposable-vape-25ml-0-5-nicotine\/\"]}]},{\"@type\":\"ImageObject\",\"inLanguage\":\"da-DK\",\"@id\":\"https:\/\/vapeenjoy.com\/product\/vapme-crown-bar-18000-puffs-pro-max-disposable-vape-25ml-0-5-nicotine\/#primaryimage\",\"url\":\"https:\/\/vapeenjoy.com\/wp-content\/uploads\/2025\/07\/\u5fae\u4fe1\u56fe\u7247_20240321174010-scaled.png\",\"contentUrl\":\"https:\/\/vapeenjoy.com\/wp-content\/uploads\/2025\/07\/\u5fae\u4fe1\u56fe\u7247_20240321174010-scaled.png\",\"width\":1810,\"height\":2560},{\"@type\":\"BreadcrumbList\",\"@id\":\"https:\/\/vapeenjoy.com\/product\/vapme-crown-bar-18000-puffs-pro-max-disposable-vape-25ml-0-5-nicotine\/#breadcrumb\",\"itemListElement\":[{\"@type\":\"ListItem\",\"position\":1,\"name\":\"Home\",\"item\":\"https:\/\/vapeenjoy.com\/\"},{\"@type\":\"ListItem\",\"position\":2,\"name\":\"Shop\",\"item\":\"https:\/\/vapeenjoy.com\/vapeenjoy-shop\/\"},{\"@type\":\"ListItem\",\"position\":3,\"name\":\"VAPME Crown Bar 18000 Puffs Pro Max Disposable Vape 25ml 0-5% Nicotine Type-C Recharge\"}]},{\"@type\":\"WebSite\",\"@id\":\"https:\/\/vapeenjoy.com\/#website\",\"url\":\"https:\/\/vapeenjoy.com\/\",\"name\":\"vapeenjoy\",\"description\":\"An online store for selling vapes\",\"potentialAction\":[{\"@type\":\"SearchAction\",\"target\":{\"@type\":\"EntryPoint\",\"urlTemplate\":\"https:\/\/vapeenjoy.com\/?s={search_term_string}\"},\"query-input\":{\"@type\":\"PropertyValueSpecification\",\"valueRequired\":true,\"valueName\":\"search_term_string\"}}],\"inLanguage\":\"da-DK\"}]}<\/script>\n<!-- \/ Yoast SEO plugin. -->","yoast_head_json":{"title":"Vapme Crown Bar 18000 Puffs Pro Max Disposable Vape 25ml","description":"VAPME Crown Bar 18000 Puffs Disposable Vape tilbyder 25 ml e-v\u00e6ske, 0-5% nikotin og Type-C opladning for en premium vapingoplevelse. Shop nu!","robots":{"index":"index","follow":"follow","max-snippet":"max-snippet:-1","max-image-preview":"max-image-preview:large","max-video-preview":"max-video-preview:-1"},"canonical":"https:\/\/vapeenjoy.com\/da\/vare\/vapme-crown-bar-18000-puffs-pro-max-disposable-vape-25ml-0-5-nicotin\/","og_locale":"da_DK","og_type":"article","og_title":"VAPME Crown Bar 18000 Puffs Pro Max Disposable Vape 25ml","og_description":"VAPME Crown Bar 18000 Puffs Disposable Vape offers 25ml e-liquid, 0-5% nicotine, and Type-C charging for a premium vaping experience. Shop now!","og_url":"https:\/\/vapeenjoy.com\/da\/vare\/vapme-crown-bar-18000-puffs-pro-max-disposable-vape-25ml-0-5-nicotin\/","og_site_name":"vapeenjoy","article_modified_time":"2025-08-19T02:02:21+00:00","og_image":[{"width":1810,"height":2560,"url":"https:\/\/vapeenjoy.com\/wp-content\/uploads\/2025\/07\/\u5fae\u4fe1\u56fe\u7247_20240321174010-scaled.png","type":"image\/png"}],"twitter_card":"summary_large_image","twitter_misc":{"Estimeret l\u00e6setid":"3 minutter"},"schema":{"@context":"https:\/\/schema.org","@graph":[{"@type":"WebPage","@id":"https:\/\/vapeenjoy.com\/product\/vapme-crown-bar-18000-puffs-pro-max-disposable-vape-25ml-0-5-nicotine\/","url":"https:\/\/vapeenjoy.com\/product\/vapme-crown-bar-18000-puffs-pro-max-disposable-vape-25ml-0-5-nicotine\/","name":"Vapme Crown Bar 18000 Puffs Pro Max Disposable Vape 25ml","isPartOf":{"@id":"https:\/\/vapeenjoy.com\/#website"},"primaryImageOfPage":{"@id":"https:\/\/vapeenjoy.com\/product\/vapme-crown-bar-18000-puffs-pro-max-disposable-vape-25ml-0-5-nicotine\/#primaryimage"},"image":{"@id":"https:\/\/vapeenjoy.com\/product\/vapme-crown-bar-18000-puffs-pro-max-disposable-vape-25ml-0-5-nicotine\/#primaryimage"},"thumbnailUrl":"https:\/\/vapeenjoy.com\/wp-content\/uploads\/2025\/07\/\u5fae\u4fe1\u56fe\u7247_20240321174010-scaled.png","datePublished":"2025-07-22T09:00:00+00:00","dateModified":"2025-08-19T02:02:21+00:00","description":"VAPME Crown Bar 18000 Puffs Disposable Vape tilbyder 25 ml e-v\u00e6ske, 0-5% nikotin og Type-C opladning for en premium vapingoplevelse. Shop nu!","breadcrumb":{"@id":"https:\/\/vapeenjoy.com\/product\/vapme-crown-bar-18000-puffs-pro-max-disposable-vape-25ml-0-5-nicotine\/#breadcrumb"},"inLanguage":"da-DK","potentialAction":[{"@type":"ReadAction","target":["https:\/\/vapeenjoy.com\/product\/vapme-crown-bar-18000-puffs-pro-max-disposable-vape-25ml-0-5-nicotine\/"]}]},{"@type":"ImageObject","inLanguage":"da-DK","@id":"https:\/\/vapeenjoy.com\/product\/vapme-crown-bar-18000-puffs-pro-max-disposable-vape-25ml-0-5-nicotine\/#primaryimage","url":"https:\/\/vapeenjoy.com\/wp-content\/uploads\/2025\/07\/\u5fae\u4fe1\u56fe\u7247_20240321174010-scaled.png","contentUrl":"https:\/\/vapeenjoy.com\/wp-content\/uploads\/2025\/07\/\u5fae\u4fe1\u56fe\u7247_20240321174010-scaled.png","width":1810,"height":2560},{"@type":"BreadcrumbList","@id":"https:\/\/vapeenjoy.com\/product\/vapme-crown-bar-18000-puffs-pro-max-disposable-vape-25ml-0-5-nicotine\/#breadcrumb","itemListElement":[{"@type":"ListItem","position":1,"name":"Home","item":"https:\/\/vapeenjoy.com\/"},{"@type":"ListItem","position":2,"name":"Shop","item":"https:\/\/vapeenjoy.com\/vapeenjoy-shop\/"},{"@type":"ListItem","position":3,"name":"VAPME Crown Bar 18000 Puffs Pro Max Disposable Vape 25ml 0-5% Nicotine Type-C Recharge"}]},{"@type":"WebSite","@id":"https:\/\/vapeenjoy.com\/#website","url":"https:\/\/vapeenjoy.com\/","name":"VapeenJoy","description":"en online butik til salg af dampe","potentialAction":[{"@type":"SearchAction","target":{"@type":"EntryPoint","urlTemplate":"https:\/\/vapeenjoy.com\/?s={search_term_string}"},"query-input":{"@type":"PropertyValueSpecification","valueRequired":true,"valueName":"search_term_string"}}],"inLanguage":"da-DK"}]}},"_links":{"self":[{"href":"https:\/\/vapeenjoy.com\/da\/wp-json\/wp\/v2\/product\/422","targetHints":{"allow":["GET"]}}],"collection":[{"href":"https:\/\/vapeenjoy.com\/da\/wp-json\/wp\/v2\/product"}],"about":[{"href":"https:\/\/vapeenjoy.com\/da\/wp-json\/wp\/v2\/types\/product"}],"replies":[{"embeddable":true,"href":"https:\/\/vapeenjoy.com\/da\/wp-json\/wp\/v2\/comments?post=422"}],"version-history":[{"count":3,"href":"https:\/\/vapeenjoy.com\/da\/wp-json\/wp\/v2\/product\/422\/revisions"}],"predecessor-version":[{"id":438,"href":"https:\/\/vapeenjoy.com\/da\/wp-json\/wp\/v2\/product\/422\/revisions\/438"}],"wp:featuredmedia":[{"embeddable":true,"href":"https:\/\/vapeenjoy.com\/da\/wp-json\/wp\/v2\/media\/437"}],"wp:attachment":[{"href":"https:\/\/vapeenjoy.com\/da\/wp-json\/wp\/v2\/media?parent=422"}],"wp:term":[{"taxonomy":"product_brand","embeddable":true,"href":"https:\/\/vapeenjoy.com\/da\/wp-json\/wp\/v2\/product_brand?post=422"},{"taxonomy":"product_cat","embeddable":true,"href":"https:\/\/vapeenjoy.com\/da\/wp-json\/wp\/v2\/product_cat?post=422"},{"taxonomy":"product_tag","embeddable":true,"href":"https:\/\/vapeenjoy.com\/da\/wp-json\/wp\/v2\/product_tag?post=422"}],"curies":[{"name":"wp","href":"https:\/\/api.w.org\/{rel}","templated":true}]}}