{"id":473,"date":"2025-07-23T03:42:48","date_gmt":"2025-07-23T03:42:48","guid":{"rendered":"https:\/\/vapeenjoy.com\/?post_type=product&#038;p=473"},"modified":"2025-08-18T10:00:28","modified_gmt":"2025-08-18T10:00:28","slug":"zooy-zero-45000-puffs-adjustable-nicotine-and-ice-disposable-vape","status":"publish","type":"product","link":"https:\/\/vapeenjoy.com\/da\/vare\/zooy-zero-45000-puffs-justerbar-nikotin-og-ice-disposable-vape\/","title":{"rendered":"Zooy Zero 45000 Puffs Justerbar Nikotin og Ice Disposable Vape 35ml Smart LED-sk\u00e6rm"},"content":{"rendered":"<h2 dir=\"ltr\" data-pm-slice=\"1 1 []\">Zooy Zero 45000 Puffs engangs vape produktbeskrivelse<\/h2>\n<p dir=\"ltr\">Zooy, en ber\u00f8mt vaping-innovator fra Shenzhen, Kina, leverer konsekvent h\u00f8jkvalitets, tilpasselige engangsdampe. For eksempel udm\u00e6rker Zooy Zero 45000 Puffs engangsvape sig med sin bem\u00e6rkelsesv\u00e6rdige pustkapacitet og banebrydende funktioner. Specifikt komplementerer dens slanke, blanke plastikskal, der f\u00e5s i livlige farver, hver smag perfekt. Derudover sikrer det kompakte design, kombineret med en smart LED-touchscreen, ubesv\u00e6ret overv\u00e5gning og en personlig vaping-oplevelse.<\/p>\n<h2>Zooy Zero 45000 Puffs Disposable Vape Specifikationer<\/h2>\n<ul class=\"tight\" dir=\"ltr\" data-tight=\"true\">\n<li>\n<p dir=\"ltr\"><strong>pustende greve<\/strong>: op til 45.000 pust, hvilket giver langtidsbrug uden hyppige udskiftninger.<\/p>\n<\/li>\n<li>\n<p dir=\"ltr\"><strong>e-v\u00e6skekapacitet<\/strong>: 35 ml, fyldt med for at sikre ensartet smagslevering.<\/p>\n<\/li>\n<li>\n<p dir=\"ltr\"><strong>Nikotinstyrke<\/strong>: Justerbar ved 2%, 3% eller 5%, og dermed tilgodeser forskellige pr\u00e6ferencer.<\/p>\n<\/li>\n<li>\n<p dir=\"ltr\"><strong>batterikapacitet<\/strong>: 1000mAh, genopladelig, s\u00e5 den underst\u00f8tter l\u00e6ngere brug.<\/p>\n<\/li>\n<li>\n<p dir=\"ltr\"><strong>Opladningstype<\/strong>: Type-C, hvilket muligg\u00f8r hurtig og bekvem opladning.<\/p>\n<\/li>\n<li>\n<p dir=\"ltr\"><strong>spole type<\/strong>: Dual mesh spole (0,6\u03a9 + 1,5\u03a9), som balancerer t\u00e6t damp og glat smag.<\/p>\n<\/li>\n<li>\n<p dir=\"ltr\"><strong>luftstr\u00f8m<\/strong>: Justerbar, hvilket giver mulighed for stramme MTL eller luftige DTL-tr\u00e6k.<\/p>\n<\/li>\n<li>\n<p dir=\"ltr\"><strong>Nic &amp; Ice Control<\/strong>: Justerbar, og tilbyder derfor personlig nikotin og k\u00f8leintensitet.<\/p>\n<\/li>\n<li>\n<p dir=\"ltr\"><strong>udstille<\/strong>: Smart LED-ber\u00f8ringssk\u00e6rm, der viser puff-tal, batteri- og e-v\u00e6skeniveauer i realtid.<\/p>\n<\/li>\n<\/ul>\n<h2 dir=\"ltr\">10 premium smagsmuligheder<\/h2>\n<ol class=\"tight\" dir=\"ltr\" data-tight=\"true\">\n<li>\n<p dir=\"ltr\"><strong>vandmelon is<\/strong>: Juicy vandmelon med en forfriskende iskold finish, perfekt til en cool vape.<\/p>\n<\/li>\n<li>\n<p dir=\"ltr\"><strong>bl\u00e5b\u00e6ris<\/strong>: S\u00f8de bl\u00e5b\u00e6r parret med en mentolbrise, hvilket skaber en spr\u00f8d oplevelse.<\/p>\n<\/li>\n<li>\n<p dir=\"ltr\"><strong>jordb\u00e6r vandmelon<\/strong>: Modne jordb\u00e6r blandet med spr\u00f8d vandmelon for en levende blanding.<\/p>\n<\/li>\n<li>\n<p dir=\"ltr\"><strong>Citron Cola<\/strong>: frisk citron smeltet sammen med brusende cola, der tilbyder en fed, unik smag.<\/p>\n<\/li>\n<li>\n<p dir=\"ltr\"><strong>jordb\u00e6r kiwi<\/strong>: Tangy kiwi kombineret med s\u00f8de jordb\u00e6r, hvilket resulterer i et afbalanceret frugthit.<\/p>\n<\/li>\n<li>\n<p dir=\"ltr\"><strong>drue \u00e6ble<\/strong>: Juicy Grape m\u00f8der Crisp Apple, der leverer en fed, frugtig fusion.<\/p>\n<\/li>\n<li>\n<p dir=\"ltr\"><strong>jordb\u00e6r orange pop<\/strong>: S\u00f8de jordb\u00e6r og syrlig appelsin med et sodavandsdrejning, der giver et brusende kick.<\/p>\n<\/li>\n<li>\n<p dir=\"ltr\"><strong>bl\u00e5 razz is<\/strong>: Syrtebl\u00e5 hindb\u00e6r med et mentolkick, ideel til en k\u00f8lig vape.<\/p>\n<\/li>\n<li>\n<p dir=\"ltr\"><strong>bl\u00e5b\u00e6r vandmelon<\/strong>: S\u00f8de bl\u00e5b\u00e6r blandet med saftig vandmelon for en harmonisk blanding.<\/p>\n<\/li>\n<li>\n<p dir=\"ltr\"><strong>mango passion guava<\/strong>: Tropisk mango, passionsfrugt og guava, hvilket skaber en eksotisk smagsprofil.<\/p>\n<\/li>\n<\/ol>\n<h2 dir=\"ltr\">Ofte stillede sp\u00f8rgsm\u00e5l<\/h2>\n<h3 dir=\"ltr\">1. Hvordan fungerer NIC &amp; ICE-kontrollen?<\/h3>\n<p dir=\"ltr\">NIC &amp; ICE-kontrollen giver dig mulighed for at justere nikotinniveauet (2%, 3% eller 5%) og k\u00f8leintensiteten via touchsk\u00e6rmen og derved sikre en tilpasset vaping-oplevelse.<\/p>\n<h3 dir=\"ltr\">2. Hvad er fordelen ved den dobbelte mesh-spole?<\/h3>\n<p dir=\"ltr\">Den dobbelte mesh-spole (0,6\u03a9 + 1,5\u03a9) \u00f8ger smags- og dampproduktionen. Konkret udm\u00e6rker 0,6\u03a9-spolen sig ved at skabe skyer, mens 1,5\u03a9-spolen sikrer en j\u00e6vn smag.<\/p>\n<h3 dir=\"ltr\">3. Hvordan ved jeg, hvorn\u00e5r jeg skal genoplade eller udskifte?<\/h3>\n<p dir=\"ltr\">Smart LED-touchscreen viser batteri- og e-v\u00e6skeniveauer, hvilket advarer dig, n\u00e5r genopladning eller udskiftning er n\u00f8dvendig.<\/p>\n<h3 dir=\"ltr\">4. Kan jeg skifte mellem MTL og DTL vaping?<\/h3>\n<p dir=\"ltr\">Ja, den justerbare luftstr\u00f8m giver dig mulighed for at skifte mellem stramme MTL og l\u00f8sere DTL-tr\u00e6k, hvilket passer til din pr\u00e6ference.<\/p>\n<h3 dir=\"ltr\">5. Hvordan v\u00e6lger jeg den rigtige smag?<\/h3>\n<p dir=\"ltr\">For eksempel, v\u00e6lg frugtige blandinger som jordb\u00e6r kiwi for s\u00f8dme, iskolde muligheder som bl\u00e5 razz is for et cool hit, eller dristige smage som citron cola for en unik oplevelse.<\/p>\n<h3 dir=\"ltr\">6. Er Type-C-kablet inkluderet?<\/h3>\n<p dir=\"ltr\">Nej, men enheden underst\u00f8tter standard Type-C-kabler, som giver mulighed for hurtig opladning.<\/p>\n<h3 dir=\"ltr\">7 . Hvor holdbart er Zooy Zero 45000 Puffs engangsvape?<\/h3>\n<p dir=\"ltr\">Dens robuste plastikskal og 1000mAh batteri sikrer langvarig ydeevne, forudsat at du opretholder ordentlig pleje.<\/p>\n<p><img fetchpriority=\"high\" decoding=\"async\" class=\"alignnone wp-image-481 size-full\" src=\"https:\/\/vapeenjoy.com\/wp-content\/uploads\/2025\/07\/faeee059c862089b25634094e0bf7a3.jpg\" alt=\"Zooy Zero 45000 Puffs justerbare nikotin- og is-engangsvape-smag\" width=\"800\" height=\"800\" srcset=\"https:\/\/vapeenjoy.com\/wp-content\/uploads\/2025\/07\/faeee059c862089b25634094e0bf7a3.jpg 800w, https:\/\/vapeenjoy.com\/wp-content\/uploads\/2025\/07\/faeee059c862089b25634094e0bf7a3-300x300.jpg 300w, https:\/\/vapeenjoy.com\/wp-content\/uploads\/2025\/07\/faeee059c862089b25634094e0bf7a3-600x600.jpg 600w, https:\/\/vapeenjoy.com\/wp-content\/uploads\/2025\/07\/faeee059c862089b25634094e0bf7a3-150x150.jpg 150w, https:\/\/vapeenjoy.com\/wp-content\/uploads\/2025\/07\/faeee059c862089b25634094e0bf7a3-768x768.jpg 768w\" sizes=\"(max-width: 800px) 100vw, 800px\" \/><\/p>","protected":false},"excerpt":{"rendered":"<p>Zooy, en f\u00f8rende vaping-innovator fra Shenzhen, Kina, pr\u00e6senterer Zooy Zero 45000 pust-vape. Denne enhed med h\u00f8j kapacitet tilbyder op til 45.000 pust, en 35 ml e-v\u00e6ske kapacitet, justerbar nikotin (2%, 3%, 5%) og en dobbelt mesh-spole for rig smag. Med et 1000mAh batteri, Type-C-opladning og en smart LED-touchscreen leverer den en tilpasselig og langvarig vaping-session.<\/p>","protected":false},"featured_media":483,"comment_status":"open","ping_status":"closed","template":"","meta":[],"product_brand":[46],"product_cat":[45],"product_tag":[86,78],"class_list":{"0":"post-473","1":"product","2":"type-product","3":"status-publish","4":"has-post-thumbnail","6":"product_brand-zooy-vape","7":"product_cat-45000-puffs-vape","8":"product_tag-35ml","9":"product_tag-adjustable-nicotine-and-ice","11":"first","12":"instock","13":"sale","14":"shipping-taxable","15":"purchasable","16":"product-type-variable"},"yoast_head":"<!-- This site is optimized with the Yoast SEO plugin v25.7 - https:\/\/yoast.com\/wordpress\/plugins\/seo\/ -->\n<title>ZOOY ZERO 45000 Puffs Adjustable Nicotine and Ice Vape<\/title>\n<meta name=\"description\" content=\"ZOOY ZERO 45000 Puffs Disposable Vape with 35ml e-liquid, adjustable nicotine, and LED display. Dual mesh coils, 10 flavors. Shop now!\" \/>\n<meta name=\"robots\" content=\"index, follow, max-snippet:-1, max-image-preview:large, max-video-preview:-1\" \/>\n<link rel=\"canonical\" href=\"https:\/\/vapeenjoy.com\/da\/vare\/zooy-zero-45000-puffs-justerbar-nikotin-og-ice-disposable-vape\/\" \/>\n<meta property=\"og:locale\" content=\"da_DK\" \/>\n<meta property=\"og:type\" content=\"article\" \/>\n<meta property=\"og:title\" content=\"ZOOY ZERO 45000 Puffs Adjustable Nicotine and Ice Vape\" \/>\n<meta property=\"og:description\" content=\"ZOOY ZERO 45000 Puffs Disposable Vape with 35ml e-liquid, adjustable nicotine, and LED display. Dual mesh coils, 10 flavors. Shop now!\" \/>\n<meta property=\"og:url\" content=\"https:\/\/vapeenjoy.com\/da\/vare\/zooy-zero-45000-puffs-justerbar-nikotin-og-ice-disposable-vape\/\" \/>\n<meta property=\"og:site_name\" content=\"vapeenjoy\" \/>\n<meta property=\"article:modified_time\" content=\"2025-08-18T10:00:28+00:00\" \/>\n<meta property=\"og:image\" content=\"https:\/\/vapeenjoy.com\/wp-content\/uploads\/2025\/07\/24h-vape-zooy-zero-45000-45k-puffs-main-picture.webp\" \/>\n\t<meta property=\"og:image:width\" content=\"800\" \/>\n\t<meta property=\"og:image:height\" content=\"800\" \/>\n\t<meta property=\"og:image:type\" content=\"image\/webp\" \/>\n<meta name=\"twitter:card\" content=\"summary_large_image\" \/>\n<meta name=\"twitter:label1\" content=\"Estimeret l\u00e6setid\" \/>\n\t<meta name=\"twitter:data1\" content=\"3 minutter\" \/>\n<script type=\"application\/ld+json\" class=\"yoast-schema-graph\">{\"@context\":\"https:\/\/schema.org\",\"@graph\":[{\"@type\":\"WebPage\",\"@id\":\"https:\/\/vapeenjoy.com\/product\/zooy-zero-45000-puffs-adjustable-nicotine-and-ice-disposable-vape\/\",\"url\":\"https:\/\/vapeenjoy.com\/product\/zooy-zero-45000-puffs-adjustable-nicotine-and-ice-disposable-vape\/\",\"name\":\"ZOOY ZERO 45000 Puffs Adjustable Nicotine and Ice Vape\",\"isPartOf\":{\"@id\":\"https:\/\/vapeenjoy.com\/#website\"},\"primaryImageOfPage\":{\"@id\":\"https:\/\/vapeenjoy.com\/product\/zooy-zero-45000-puffs-adjustable-nicotine-and-ice-disposable-vape\/#primaryimage\"},\"image\":{\"@id\":\"https:\/\/vapeenjoy.com\/product\/zooy-zero-45000-puffs-adjustable-nicotine-and-ice-disposable-vape\/#primaryimage\"},\"thumbnailUrl\":\"https:\/\/vapeenjoy.com\/wp-content\/uploads\/2025\/07\/24h-vape-zooy-zero-45000-45k-puffs-main-picture.webp\",\"datePublished\":\"2025-07-23T03:42:48+00:00\",\"dateModified\":\"2025-08-18T10:00:28+00:00\",\"description\":\"ZOOY ZERO 45000 Puffs Disposable Vape with 35ml e-liquid, adjustable nicotine, and LED display. Dual mesh coils, 10 flavors. Shop now!\",\"breadcrumb\":{\"@id\":\"https:\/\/vapeenjoy.com\/product\/zooy-zero-45000-puffs-adjustable-nicotine-and-ice-disposable-vape\/#breadcrumb\"},\"inLanguage\":\"da-DK\",\"potentialAction\":[{\"@type\":\"ReadAction\",\"target\":[\"https:\/\/vapeenjoy.com\/product\/zooy-zero-45000-puffs-adjustable-nicotine-and-ice-disposable-vape\/\"]}]},{\"@type\":\"ImageObject\",\"inLanguage\":\"da-DK\",\"@id\":\"https:\/\/vapeenjoy.com\/product\/zooy-zero-45000-puffs-adjustable-nicotine-and-ice-disposable-vape\/#primaryimage\",\"url\":\"https:\/\/vapeenjoy.com\/wp-content\/uploads\/2025\/07\/24h-vape-zooy-zero-45000-45k-puffs-main-picture.webp\",\"contentUrl\":\"https:\/\/vapeenjoy.com\/wp-content\/uploads\/2025\/07\/24h-vape-zooy-zero-45000-45k-puffs-main-picture.webp\",\"width\":800,\"height\":800,\"caption\":\"zooy-zero-45000-45k-puffs\"},{\"@type\":\"BreadcrumbList\",\"@id\":\"https:\/\/vapeenjoy.com\/product\/zooy-zero-45000-puffs-adjustable-nicotine-and-ice-disposable-vape\/#breadcrumb\",\"itemListElement\":[{\"@type\":\"ListItem\",\"position\":1,\"name\":\"Home\",\"item\":\"https:\/\/vapeenjoy.com\/\"},{\"@type\":\"ListItem\",\"position\":2,\"name\":\"Shop\",\"item\":\"https:\/\/vapeenjoy.com\/vapeenjoy-shop\/\"},{\"@type\":\"ListItem\",\"position\":3,\"name\":\"ZOOY ZERO 45000 Puffs Adjustable Nicotine and Ice Disposable Vape 35ml Smart LED Display\"}]},{\"@type\":\"WebSite\",\"@id\":\"https:\/\/vapeenjoy.com\/#website\",\"url\":\"https:\/\/vapeenjoy.com\/\",\"name\":\"vapeenjoy\",\"description\":\"An online store for selling vapes\",\"potentialAction\":[{\"@type\":\"SearchAction\",\"target\":{\"@type\":\"EntryPoint\",\"urlTemplate\":\"https:\/\/vapeenjoy.com\/?s={search_term_string}\"},\"query-input\":{\"@type\":\"PropertyValueSpecification\",\"valueRequired\":true,\"valueName\":\"search_term_string\"}}],\"inLanguage\":\"da-DK\"}]}<\/script>\n<!-- \/ Yoast SEO plugin. -->","yoast_head_json":{"title":"zooy zero 45000 puffs justerbar nikotin og is vape","description":"Zooy Zero 45000 Puffs engangsvape med 35 ml e-v\u00e6ske, justerbar nikotin og LED-display. Dual mesh spoler, 10 smagsvarianter. Shop nu!","robots":{"index":"index","follow":"follow","max-snippet":"max-snippet:-1","max-image-preview":"max-image-preview:large","max-video-preview":"max-video-preview:-1"},"canonical":"https:\/\/vapeenjoy.com\/da\/vare\/zooy-zero-45000-puffs-justerbar-nikotin-og-ice-disposable-vape\/","og_locale":"da_DK","og_type":"article","og_title":"ZOOY ZERO 45000 Puffs Adjustable Nicotine and Ice Vape","og_description":"ZOOY ZERO 45000 Puffs Disposable Vape with 35ml e-liquid, adjustable nicotine, and LED display. Dual mesh coils, 10 flavors. Shop now!","og_url":"https:\/\/vapeenjoy.com\/da\/vare\/zooy-zero-45000-puffs-justerbar-nikotin-og-ice-disposable-vape\/","og_site_name":"vapeenjoy","article_modified_time":"2025-08-18T10:00:28+00:00","og_image":[{"width":800,"height":800,"url":"https:\/\/vapeenjoy.com\/wp-content\/uploads\/2025\/07\/24h-vape-zooy-zero-45000-45k-puffs-main-picture.webp","type":"image\/webp"}],"twitter_card":"summary_large_image","twitter_misc":{"Estimeret l\u00e6setid":"3 minutter"},"schema":{"@context":"https:\/\/schema.org","@graph":[{"@type":"WebPage","@id":"https:\/\/vapeenjoy.com\/product\/zooy-zero-45000-puffs-adjustable-nicotine-and-ice-disposable-vape\/","url":"https:\/\/vapeenjoy.com\/product\/zooy-zero-45000-puffs-adjustable-nicotine-and-ice-disposable-vape\/","name":"zooy zero 45000 puffs justerbar nikotin og is vape","isPartOf":{"@id":"https:\/\/vapeenjoy.com\/#website"},"primaryImageOfPage":{"@id":"https:\/\/vapeenjoy.com\/product\/zooy-zero-45000-puffs-adjustable-nicotine-and-ice-disposable-vape\/#primaryimage"},"image":{"@id":"https:\/\/vapeenjoy.com\/product\/zooy-zero-45000-puffs-adjustable-nicotine-and-ice-disposable-vape\/#primaryimage"},"thumbnailUrl":"https:\/\/vapeenjoy.com\/wp-content\/uploads\/2025\/07\/24h-vape-zooy-zero-45000-45k-puffs-main-picture.webp","datePublished":"2025-07-23T03:42:48+00:00","dateModified":"2025-08-18T10:00:28+00:00","description":"Zooy Zero 45000 Puffs engangsvape med 35 ml e-v\u00e6ske, justerbar nikotin og LED-display. Dual mesh spoler, 10 smagsvarianter. Shop nu!","breadcrumb":{"@id":"https:\/\/vapeenjoy.com\/product\/zooy-zero-45000-puffs-adjustable-nicotine-and-ice-disposable-vape\/#breadcrumb"},"inLanguage":"da-DK","potentialAction":[{"@type":"ReadAction","target":["https:\/\/vapeenjoy.com\/product\/zooy-zero-45000-puffs-adjustable-nicotine-and-ice-disposable-vape\/"]}]},{"@type":"ImageObject","inLanguage":"da-DK","@id":"https:\/\/vapeenjoy.com\/product\/zooy-zero-45000-puffs-adjustable-nicotine-and-ice-disposable-vape\/#primaryimage","url":"https:\/\/vapeenjoy.com\/wp-content\/uploads\/2025\/07\/24h-vape-zooy-zero-45000-45k-puffs-main-picture.webp","contentUrl":"https:\/\/vapeenjoy.com\/wp-content\/uploads\/2025\/07\/24h-vape-zooy-zero-45000-45k-puffs-main-picture.webp","width":800,"height":800,"caption":"zooy-zero-45000-45k-puffs"},{"@type":"BreadcrumbList","@id":"https:\/\/vapeenjoy.com\/product\/zooy-zero-45000-puffs-adjustable-nicotine-and-ice-disposable-vape\/#breadcrumb","itemListElement":[{"@type":"ListItem","position":1,"name":"Home","item":"https:\/\/vapeenjoy.com\/"},{"@type":"ListItem","position":2,"name":"Shop","item":"https:\/\/vapeenjoy.com\/vapeenjoy-shop\/"},{"@type":"ListItem","position":3,"name":"ZOOY ZERO 45000 Puffs Adjustable Nicotine and Ice Disposable Vape 35ml Smart LED Display"}]},{"@type":"WebSite","@id":"https:\/\/vapeenjoy.com\/#website","url":"https:\/\/vapeenjoy.com\/","name":"VapeenJoy","description":"en online butik til salg af dampe","potentialAction":[{"@type":"SearchAction","target":{"@type":"EntryPoint","urlTemplate":"https:\/\/vapeenjoy.com\/?s={search_term_string}"},"query-input":{"@type":"PropertyValueSpecification","valueRequired":true,"valueName":"search_term_string"}}],"inLanguage":"da-DK"}]}},"_links":{"self":[{"href":"https:\/\/vapeenjoy.com\/da\/wp-json\/wp\/v2\/product\/473","targetHints":{"allow":["GET"]}}],"collection":[{"href":"https:\/\/vapeenjoy.com\/da\/wp-json\/wp\/v2\/product"}],"about":[{"href":"https:\/\/vapeenjoy.com\/da\/wp-json\/wp\/v2\/types\/product"}],"replies":[{"embeddable":true,"href":"https:\/\/vapeenjoy.com\/da\/wp-json\/wp\/v2\/comments?post=473"}],"version-history":[{"count":4,"href":"https:\/\/vapeenjoy.com\/da\/wp-json\/wp\/v2\/product\/473\/revisions"}],"predecessor-version":[{"id":2348,"href":"https:\/\/vapeenjoy.com\/da\/wp-json\/wp\/v2\/product\/473\/revisions\/2348"}],"wp:featuredmedia":[{"embeddable":true,"href":"https:\/\/vapeenjoy.com\/da\/wp-json\/wp\/v2\/media\/483"}],"wp:attachment":[{"href":"https:\/\/vapeenjoy.com\/da\/wp-json\/wp\/v2\/media?parent=473"}],"wp:term":[{"taxonomy":"product_brand","embeddable":true,"href":"https:\/\/vapeenjoy.com\/da\/wp-json\/wp\/v2\/product_brand?post=473"},{"taxonomy":"product_cat","embeddable":true,"href":"https:\/\/vapeenjoy.com\/da\/wp-json\/wp\/v2\/product_cat?post=473"},{"taxonomy":"product_tag","embeddable":true,"href":"https:\/\/vapeenjoy.com\/da\/wp-json\/wp\/v2\/product_tag?post=473"}],"curies":[{"name":"wp","href":"https:\/\/api.w.org\/{rel}","templated":true}]}}