{"id":484,"date":"2025-07-23T06:44:09","date_gmt":"2025-07-23T06:44:09","guid":{"rendered":"https:\/\/vapeenjoy.com\/?post_type=product&#038;p=484"},"modified":"2025-08-18T09:45:52","modified_gmt":"2025-08-18T09:45:52","slug":"zooy-firzen-35000-puffs-adjustable-nicotine-and-ice-disposable-vape","status":"publish","type":"product","link":"https:\/\/vapeenjoy.com\/da\/vare\/zooy-firzen-35000-pust-justerbar-nikotin-og-is-engangs-vape\/","title":{"rendered":"Zooy Firzen 35000 Puffs Justerbar Nikotin og Is engangsvape 30ml"},"content":{"rendered":"<h2 dir=\"ltr\" data-pm-slice=\"1 3 []\">Zooy Firzen 35000 Puffs engangs vape produktbeskrivelse<\/h2>\n<p dir=\"ltr\">Zooy, et betroet navn inden for engangsvaping, leverer konsekvent p\u00e5lidelige og smagfulde enheder. <strong>For eksempel<\/strong>, Zooy Firzen 35000 Puffs justerbare nikotin- og is-engangsvape, udformet med kvalitet og innovation, tilbyder et imponerende pust. <strong>desuden<\/strong>, dens tilpassede funktioner sikrer en skr\u00e6ddersyet vaping-session. <strong>desuden<\/strong>, Det slanke, rektangul\u00e6re design med et glat, afrundet greb forbedrer komforten og b\u00e6rbarheden. <strong>desuden<\/strong>, et levende trefarvet LGB-lys tilf\u00f8jer dynamisk visuel flair, <strong>\u00f8jeblik<\/strong> Et minimalistisk logo n\u00e6r gr\u00e6nsefladen og modelnavnet p\u00e5 siden opretholder en ren, moderne \u00e6stetik.<\/p>\n<h2 dir=\"ltr\">zooy firzen 35000 puffs engangs vape specifikationer<\/h2>\n<ul class=\"tight\" dir=\"ltr\" data-tight=\"true\">\n<li>\n<p dir=\"ltr\"><strong>pustende greve<\/strong>: op til 35.000 pust \u2013 <strong>f\u00f8lgelig<\/strong>, Det giver langvarig brug, hvilket reducerer hyppige udskiftninger.<\/p>\n<\/li>\n<li>\n<p dir=\"ltr\"><strong>e-v\u00e6skekapacitet<\/strong>: 30 ml \u2013 Forfyldt med rigelig e-v\u00e6ske, <strong>s\u00e5ledes<\/strong> St\u00f8tte til udvidede vaping-sessioner.<\/p>\n<\/li>\n<li>\n<p dir=\"ltr\"><strong>Nikotinstyrke<\/strong>: 0%, 2%, 5% \u2013 justerbare optioner, <strong>hvilken<\/strong> Passer til forskellige pr\u00e6ferencer, fra milde til st\u00e6rke hits.<\/p>\n<\/li>\n<li>\n<p dir=\"ltr\"><strong>batterikapacitet<\/strong>: 650mAh genopladelig \u2013 <strong>Som et resultat<\/strong>, det underst\u00f8tter langvarig brug med hurtig genopladning.<\/p>\n<\/li>\n<li>\n<p dir=\"ltr\"><strong>Opladningstype<\/strong>: Type-C \u2013 <strong>derfor<\/strong>, Det muligg\u00f8r hurtig, praktisk opladning med en moderne port.<\/p>\n<\/li>\n<li>\n<p dir=\"ltr\"><strong>spole type<\/strong>: 1,0+1,0 dobbelt mesh-spole \u2013 <strong>det betyder<\/strong> Det leverer ensartet smag og j\u00e6vn dampproduktion.<\/p>\n<\/li>\n<li>\n<p dir=\"ltr\"><strong>nikotin og iskontrol<\/strong>: Tre justerbare niveauer \u2013 <strong>Med andre ord<\/strong>, brugere kan tilpasse nikotinstyrke og k\u00f8lende fornemmelse.<\/p>\n<\/li>\n<li>\n<p dir=\"ltr\"><strong>luftstr\u00f8m<\/strong>: justerbar \u2013 <strong>deraf<\/strong>, det giver mulighed for at finjustere lodtr\u00e6kningen for en personlig vaping-f\u00f8lelse.<\/p>\n<\/li>\n<li>\n<p dir=\"ltr\"><strong>aktivering<\/strong>: draw-aktiveret \u2013 <strong>Kort sagt<\/strong>, den bruger en inhale-to-vape-mekanisme, ingen knapper n\u00f8dvendige.<\/p>\n<\/li>\n<li>\n<p dir=\"ltr\"><strong>udstille<\/strong>: LED-indikator \u2013 <strong>konkret<\/strong>, den viser nikotin- og isindstillinger med r\u00f8de (lavt), gr\u00f8nne (mellemstore) og bl\u00e5 (h\u00f8je) lys.<\/p>\n<\/li>\n<\/ul>\n<h2 dir=\"ltr\">10 smagsmuligheder<\/h2>\n<ol class=\"tight\" dir=\"ltr\" data-tight=\"true\">\n<li>\n<p dir=\"ltr\"><strong>vandmelon is<\/strong>: et forfriskende udbrud af saftig vandmelon, <strong>Sammen med<\/strong> En k\u00f8lig, iskold finish.<\/p>\n<\/li>\n<li>\n<p dir=\"ltr\"><strong>Aloe drue<\/strong>: Glat aloe blandet med s\u00f8d, syrlig drue, <strong>som skaber<\/strong> et unikt twist.<\/p>\n<\/li>\n<li>\n<p dir=\"ltr\"><strong>jordb\u00e6r banan<\/strong>: Cremet banan parret med moden jordb\u00e6r, <strong>resulterende i<\/strong> En glat, frugtig blanding.<\/p>\n<\/li>\n<li>\n<p dir=\"ltr\"><strong>jordb\u00e6r hindb\u00e6r kiwi<\/strong>: en livlig trio af syrlige hindb\u00e6r, s\u00f8de jordb\u00e6r og tropisk kiwi, <strong>S\u00e5ledes tilbud<\/strong> en dynamisk smag.<\/p>\n<\/li>\n<li>\n<p dir=\"ltr\"><strong>bl\u00e5b\u00e6r hindb\u00e6r limonade<\/strong>: frisk limonade tilsat s\u00f8de bl\u00e5b\u00e6r og syrlige hindb\u00e6r, <strong>At lave det<\/strong> et forfriskende valg.<\/p>\n<\/li>\n<li>\n<p dir=\"ltr\"><strong>ananas kokosn\u00f8d<\/strong>: Tropical Pineapple m\u00f8der cremet kokosn\u00f8d, <strong>f\u00f8lgelig<\/strong> Leverer en strand-inspireret blanding.<\/p>\n<\/li>\n<li>\n<p dir=\"ltr\"><strong>mentol<\/strong>: spr\u00f8d og k\u00f8lig mentol, <strong>Som giver<\/strong> En ren, forfriskende fornemmelse.<\/p>\n<\/li>\n<li>\n<p dir=\"ltr\"><strong>jordb\u00e6r vandmelon<\/strong>: saftig vandmelon kombineret med s\u00f8de jordb\u00e6r, <strong>deraf<\/strong> skabe en afbalanceret frugtsmag.<\/p>\n<\/li>\n<li>\n<p dir=\"ltr\"><strong>Blandet b\u00e6r<\/strong>: en blanding af modne b\u00e6r, <strong>ofring<\/strong> En fed, s\u00f8d og let syrlig smag.<\/p>\n<\/li>\n<li>\n<p dir=\"ltr\"><strong>bromb\u00e6r traneb\u00e6r<\/strong>: Rig bromb\u00e6r med syrlig traneb\u00e6r, <strong>resulterende i<\/strong> En dyb, frugtig profil.<\/p>\n<\/li>\n<\/ol>\n<h2 dir=\"ltr\">Ofte stillede sp\u00f8rgsm\u00e5l<\/h2>\n<ol dir=\"ltr\">\n<li>\n<p dir=\"ltr\"><strong>Hvordan justerer jeg nikotin- og isniveauerne p\u00e5 Zooy Firzen 35000?<\/strong><br \/>\nDobbeltklik p\u00e5 enheden for at g\u00e5 gennem lavt (r\u00f8dt lys), medium (gr\u00f8nt lys) og h\u00f8jt (bl\u00e5t lys) indstillinger, <strong>derved<\/strong> justering af b\u00e5de nikotin og k\u00f8leintensitet.<\/p>\n<\/li>\n<li>\n<p dir=\"ltr\"><strong>Hvad er fordelen ved den dobbelte mesh-spole i denne vape?<\/strong><br \/>\nden dobbelte mesh-spole sikrer j\u00e6vn opvarmning, <strong>som resulterer i<\/strong> Rige smag og glattere damp med hvert pust.<\/p>\n<\/li>\n<li>\n<p dir=\"ltr\"><strong>Hvor l\u00e6nge holder batteriet, f\u00f8r det skal genoplades?<\/strong><br \/>\n650mAh batteriet underst\u00f8tter forl\u00e6nget brug, <strong>typisk<\/strong> varer flere dage afh\u00e6ngigt af vaping frekvens, <strong>samt<\/strong> Hurtig type-C genopladning holder den klar.<\/p>\n<\/li>\n<li>\n<p dir=\"ltr\"><strong>Hvordan kan jeg v\u00e6lge den rigtige smag til mig?<\/strong><br \/>\n<strong>f\u00f8r<\/strong>, overvej dine smagspr\u00e6ferencer: <strong>For eksempel<\/strong>, v\u00e6lg frugtige muligheder som vandmelonis eller jordb\u00e6rbanan for s\u00f8de profiler, mentol for en k\u00f8lig fornemmelse eller blandet b\u00e6r for en fed, varieret smag. <strong>derp\u00e5<\/strong>, test forskellige smagsvarianter for at finde din favorit.<\/p>\n<\/li>\n<li>\n<p dir=\"ltr\"><strong>Er Zooy Firzen 35000 velegnet til mund-til-lunge vaping?<\/strong><br \/>\n<strong>virkelig<\/strong>, dens design og justerbare luftstr\u00f8m g\u00f8r den ideel til en traditionel mund-til-lunge vaping-stil.<\/p>\n<\/li>\n<li>\n<p dir=\"ltr\"><strong>Hvordan ved jeg, hvorn\u00e5r jeg skal genoplade enheden?<\/strong><br \/>\nLED-indikatoren signalerer lavt batteri, <strong>samt<\/strong> Type-C-porten tillader hurtig genopladning, <strong>s\u00e5ledes<\/strong> holder dig dampende.<\/p>\n<\/li>\n<li>\n<p dir=\"ltr\"><strong>Kan jeg justere luftstr\u00f8mmen til et strammere eller l\u00f8sere tr\u00e6k?<\/strong><br \/>\n<strong>fuldst\u00e6ndig<\/strong>, den justerbare luftstr\u00f8m lader dig tilpasse lodtr\u00e6kningen, <strong>hvorvidt<\/strong> Du foretr\u00e6kker en stram eller luftig modstand.<\/p>\n<\/li>\n<\/ol>\n<p>&nbsp;<\/p>\n<p><img fetchpriority=\"high\" decoding=\"async\" class=\"alignnone wp-image-487 size-full\" src=\"https:\/\/vapeenjoy.com\/wp-content\/uploads\/2025\/07\/11-1.jpg\" alt=\"Zooy Firzen 35000 pust justerbar nikotin og is engangs vape smag\" width=\"800\" height=\"800\" srcset=\"https:\/\/vapeenjoy.com\/wp-content\/uploads\/2025\/07\/11-1.jpg 800w, https:\/\/vapeenjoy.com\/wp-content\/uploads\/2025\/07\/11-1-300x300.jpg 300w, https:\/\/vapeenjoy.com\/wp-content\/uploads\/2025\/07\/11-1-600x600.jpg 600w, https:\/\/vapeenjoy.com\/wp-content\/uploads\/2025\/07\/11-1-150x150.jpg 150w, https:\/\/vapeenjoy.com\/wp-content\/uploads\/2025\/07\/11-1-768x768.jpg 768w\" sizes=\"(max-width: 800px) 100vw, 800px\" \/><\/p>","protected":false},"excerpt":{"rendered":"<p>Zooy, et betroet navn inden for vaping, pr\u00e6senterer Firzen 35000 pust engangsvape. Denne slanke enhed tilbyder op til 35.000 pust, 30 ml e-v\u00e6ske, justerbart 0%,2%,5% nikotin og et 650mAh genopladeligt batteri. Med dobbelte mesh-spoler, tilpasselig luftstr\u00f8m og nikotin- og iskontrol i tre niveauer leverer den en skr\u00e6ddersyet vapingoplevelse med levende smag.<\/p>","protected":false},"featured_media":493,"comment_status":"open","ping_status":"closed","template":"","meta":[],"product_brand":[46],"product_cat":[47],"product_tag":[70,78],"class_list":{"0":"post-484","1":"product","2":"type-product","3":"status-publish","4":"has-post-thumbnail","6":"product_brand-zooy-vape","7":"product_cat-35000-puffs-vape","8":"product_tag-30ml","9":"product_tag-adjustable-nicotine-and-ice","11":"first","12":"instock","13":"sale","14":"shipping-taxable","15":"purchasable","16":"product-type-variable"},"yoast_head":"<!-- This site is optimized with the Yoast SEO plugin v25.7 - https:\/\/yoast.com\/wordpress\/plugins\/seo\/ -->\n<title>ZOOY FIRZEN 35K Puffs Adjustable Nicotine Disposable Vape<\/title>\n<meta name=\"description\" content=\"ZOOY FIRZEN 35000 Puffs Disposable Vape with adjustable nicotine and 30ml e-liquid. Long-lasting, icy vape with dual mesh coils. Shop now!\" \/>\n<meta name=\"robots\" content=\"index, follow, max-snippet:-1, max-image-preview:large, max-video-preview:-1\" \/>\n<link rel=\"canonical\" href=\"https:\/\/vapeenjoy.com\/da\/vare\/zooy-firzen-35000-pust-justerbar-nikotin-og-is-engangs-vape\/\" \/>\n<meta property=\"og:locale\" content=\"da_DK\" \/>\n<meta property=\"og:type\" content=\"article\" \/>\n<meta property=\"og:title\" content=\"ZOOY FIRZEN 35K Puffs Adjustable Nicotine Disposable Vape\" \/>\n<meta property=\"og:description\" content=\"ZOOY FIRZEN 35000 Puffs Disposable Vape with adjustable nicotine and 30ml e-liquid. Long-lasting, icy vape with dual mesh coils. Shop now!\" \/>\n<meta property=\"og:url\" content=\"https:\/\/vapeenjoy.com\/da\/vare\/zooy-firzen-35000-pust-justerbar-nikotin-og-is-engangs-vape\/\" \/>\n<meta property=\"og:site_name\" content=\"vapeenjoy\" \/>\n<meta property=\"article:modified_time\" content=\"2025-08-18T09:45:52+00:00\" \/>\n<meta property=\"og:image\" content=\"https:\/\/vapeenjoy.com\/wp-content\/uploads\/2025\/07\/240920.747.jpg\" \/>\n\t<meta property=\"og:image:width\" content=\"800\" \/>\n\t<meta property=\"og:image:height\" content=\"800\" \/>\n\t<meta property=\"og:image:type\" content=\"image\/jpeg\" \/>\n<meta name=\"twitter:card\" content=\"summary_large_image\" \/>\n<meta name=\"twitter:label1\" content=\"Estimeret l\u00e6setid\" \/>\n\t<meta name=\"twitter:data1\" content=\"4 minutter\" \/>\n<script type=\"application\/ld+json\" class=\"yoast-schema-graph\">{\"@context\":\"https:\/\/schema.org\",\"@graph\":[{\"@type\":\"WebPage\",\"@id\":\"https:\/\/vapeenjoy.com\/product\/zooy-firzen-35000-puffs-adjustable-nicotine-and-ice-disposable-vape\/\",\"url\":\"https:\/\/vapeenjoy.com\/product\/zooy-firzen-35000-puffs-adjustable-nicotine-and-ice-disposable-vape\/\",\"name\":\"ZOOY FIRZEN 35K Puffs Adjustable Nicotine Disposable Vape\",\"isPartOf\":{\"@id\":\"https:\/\/vapeenjoy.com\/#website\"},\"primaryImageOfPage\":{\"@id\":\"https:\/\/vapeenjoy.com\/product\/zooy-firzen-35000-puffs-adjustable-nicotine-and-ice-disposable-vape\/#primaryimage\"},\"image\":{\"@id\":\"https:\/\/vapeenjoy.com\/product\/zooy-firzen-35000-puffs-adjustable-nicotine-and-ice-disposable-vape\/#primaryimage\"},\"thumbnailUrl\":\"https:\/\/vapeenjoy.com\/wp-content\/uploads\/2025\/07\/240920.747.jpg\",\"datePublished\":\"2025-07-23T06:44:09+00:00\",\"dateModified\":\"2025-08-18T09:45:52+00:00\",\"description\":\"ZOOY FIRZEN 35000 Puffs Disposable Vape with adjustable nicotine and 30ml e-liquid. Long-lasting, icy vape with dual mesh coils. Shop now!\",\"breadcrumb\":{\"@id\":\"https:\/\/vapeenjoy.com\/product\/zooy-firzen-35000-puffs-adjustable-nicotine-and-ice-disposable-vape\/#breadcrumb\"},\"inLanguage\":\"da-DK\",\"potentialAction\":[{\"@type\":\"ReadAction\",\"target\":[\"https:\/\/vapeenjoy.com\/product\/zooy-firzen-35000-puffs-adjustable-nicotine-and-ice-disposable-vape\/\"]}]},{\"@type\":\"ImageObject\",\"inLanguage\":\"da-DK\",\"@id\":\"https:\/\/vapeenjoy.com\/product\/zooy-firzen-35000-puffs-adjustable-nicotine-and-ice-disposable-vape\/#primaryimage\",\"url\":\"https:\/\/vapeenjoy.com\/wp-content\/uploads\/2025\/07\/240920.747.jpg\",\"contentUrl\":\"https:\/\/vapeenjoy.com\/wp-content\/uploads\/2025\/07\/240920.747.jpg\",\"width\":800,\"height\":800},{\"@type\":\"BreadcrumbList\",\"@id\":\"https:\/\/vapeenjoy.com\/product\/zooy-firzen-35000-puffs-adjustable-nicotine-and-ice-disposable-vape\/#breadcrumb\",\"itemListElement\":[{\"@type\":\"ListItem\",\"position\":1,\"name\":\"Home\",\"item\":\"https:\/\/vapeenjoy.com\/\"},{\"@type\":\"ListItem\",\"position\":2,\"name\":\"Shop\",\"item\":\"https:\/\/vapeenjoy.com\/vapeenjoy-shop\/\"},{\"@type\":\"ListItem\",\"position\":3,\"name\":\"ZOOY FIRZEN 35000 Puffs Adjustable Nicotine and Ice Disposable Vape 30ml\"}]},{\"@type\":\"WebSite\",\"@id\":\"https:\/\/vapeenjoy.com\/#website\",\"url\":\"https:\/\/vapeenjoy.com\/\",\"name\":\"vapeenjoy\",\"description\":\"An online store for selling vapes\",\"potentialAction\":[{\"@type\":\"SearchAction\",\"target\":{\"@type\":\"EntryPoint\",\"urlTemplate\":\"https:\/\/vapeenjoy.com\/?s={search_term_string}\"},\"query-input\":{\"@type\":\"PropertyValueSpecification\",\"valueRequired\":true,\"valueName\":\"search_term_string\"}}],\"inLanguage\":\"da-DK\"}]}<\/script>\n<!-- \/ Yoast SEO plugin. -->","yoast_head_json":{"title":"zooy firzen 35k puffs justerbar nikotin engangs vape","description":"Zooy Firzen 35000 Puffs engangsvape med justerbar nikotin og 30 ml e-v\u00e6ske. Langtidsholdbar, iskold vape med dobbelte mesh-spoler. Shop nu!","robots":{"index":"index","follow":"follow","max-snippet":"max-snippet:-1","max-image-preview":"max-image-preview:large","max-video-preview":"max-video-preview:-1"},"canonical":"https:\/\/vapeenjoy.com\/da\/vare\/zooy-firzen-35000-pust-justerbar-nikotin-og-is-engangs-vape\/","og_locale":"da_DK","og_type":"article","og_title":"ZOOY FIRZEN 35K Puffs Adjustable Nicotine Disposable Vape","og_description":"ZOOY FIRZEN 35000 Puffs Disposable Vape with adjustable nicotine and 30ml e-liquid. Long-lasting, icy vape with dual mesh coils. Shop now!","og_url":"https:\/\/vapeenjoy.com\/da\/vare\/zooy-firzen-35000-pust-justerbar-nikotin-og-is-engangs-vape\/","og_site_name":"vapeenjoy","article_modified_time":"2025-08-18T09:45:52+00:00","og_image":[{"width":800,"height":800,"url":"https:\/\/vapeenjoy.com\/wp-content\/uploads\/2025\/07\/240920.747.jpg","type":"image\/jpeg"}],"twitter_card":"summary_large_image","twitter_misc":{"Estimeret l\u00e6setid":"4 minutter"},"schema":{"@context":"https:\/\/schema.org","@graph":[{"@type":"WebPage","@id":"https:\/\/vapeenjoy.com\/product\/zooy-firzen-35000-puffs-adjustable-nicotine-and-ice-disposable-vape\/","url":"https:\/\/vapeenjoy.com\/product\/zooy-firzen-35000-puffs-adjustable-nicotine-and-ice-disposable-vape\/","name":"zooy firzen 35k puffs justerbar nikotin engangs vape","isPartOf":{"@id":"https:\/\/vapeenjoy.com\/#website"},"primaryImageOfPage":{"@id":"https:\/\/vapeenjoy.com\/product\/zooy-firzen-35000-puffs-adjustable-nicotine-and-ice-disposable-vape\/#primaryimage"},"image":{"@id":"https:\/\/vapeenjoy.com\/product\/zooy-firzen-35000-puffs-adjustable-nicotine-and-ice-disposable-vape\/#primaryimage"},"thumbnailUrl":"https:\/\/vapeenjoy.com\/wp-content\/uploads\/2025\/07\/240920.747.jpg","datePublished":"2025-07-23T06:44:09+00:00","dateModified":"2025-08-18T09:45:52+00:00","description":"Zooy Firzen 35000 Puffs engangsvape med justerbar nikotin og 30 ml e-v\u00e6ske. Langtidsholdbar, iskold vape med dobbelte mesh-spoler. Shop nu!","breadcrumb":{"@id":"https:\/\/vapeenjoy.com\/product\/zooy-firzen-35000-puffs-adjustable-nicotine-and-ice-disposable-vape\/#breadcrumb"},"inLanguage":"da-DK","potentialAction":[{"@type":"ReadAction","target":["https:\/\/vapeenjoy.com\/product\/zooy-firzen-35000-puffs-adjustable-nicotine-and-ice-disposable-vape\/"]}]},{"@type":"ImageObject","inLanguage":"da-DK","@id":"https:\/\/vapeenjoy.com\/product\/zooy-firzen-35000-puffs-adjustable-nicotine-and-ice-disposable-vape\/#primaryimage","url":"https:\/\/vapeenjoy.com\/wp-content\/uploads\/2025\/07\/240920.747.jpg","contentUrl":"https:\/\/vapeenjoy.com\/wp-content\/uploads\/2025\/07\/240920.747.jpg","width":800,"height":800},{"@type":"BreadcrumbList","@id":"https:\/\/vapeenjoy.com\/product\/zooy-firzen-35000-puffs-adjustable-nicotine-and-ice-disposable-vape\/#breadcrumb","itemListElement":[{"@type":"ListItem","position":1,"name":"Home","item":"https:\/\/vapeenjoy.com\/"},{"@type":"ListItem","position":2,"name":"Shop","item":"https:\/\/vapeenjoy.com\/vapeenjoy-shop\/"},{"@type":"ListItem","position":3,"name":"ZOOY FIRZEN 35000 Puffs Adjustable Nicotine and Ice Disposable Vape 30ml"}]},{"@type":"WebSite","@id":"https:\/\/vapeenjoy.com\/#website","url":"https:\/\/vapeenjoy.com\/","name":"VapeenJoy","description":"en online butik til salg af dampe","potentialAction":[{"@type":"SearchAction","target":{"@type":"EntryPoint","urlTemplate":"https:\/\/vapeenjoy.com\/?s={search_term_string}"},"query-input":{"@type":"PropertyValueSpecification","valueRequired":true,"valueName":"search_term_string"}}],"inLanguage":"da-DK"}]}},"_links":{"self":[{"href":"https:\/\/vapeenjoy.com\/da\/wp-json\/wp\/v2\/product\/484","targetHints":{"allow":["GET"]}}],"collection":[{"href":"https:\/\/vapeenjoy.com\/da\/wp-json\/wp\/v2\/product"}],"about":[{"href":"https:\/\/vapeenjoy.com\/da\/wp-json\/wp\/v2\/types\/product"}],"replies":[{"embeddable":true,"href":"https:\/\/vapeenjoy.com\/da\/wp-json\/wp\/v2\/comments?post=484"}],"version-history":[{"count":3,"href":"https:\/\/vapeenjoy.com\/da\/wp-json\/wp\/v2\/product\/484\/revisions"}],"predecessor-version":[{"id":2345,"href":"https:\/\/vapeenjoy.com\/da\/wp-json\/wp\/v2\/product\/484\/revisions\/2345"}],"wp:featuredmedia":[{"embeddable":true,"href":"https:\/\/vapeenjoy.com\/da\/wp-json\/wp\/v2\/media\/493"}],"wp:attachment":[{"href":"https:\/\/vapeenjoy.com\/da\/wp-json\/wp\/v2\/media?parent=484"}],"wp:term":[{"taxonomy":"product_brand","embeddable":true,"href":"https:\/\/vapeenjoy.com\/da\/wp-json\/wp\/v2\/product_brand?post=484"},{"taxonomy":"product_cat","embeddable":true,"href":"https:\/\/vapeenjoy.com\/da\/wp-json\/wp\/v2\/product_cat?post=484"},{"taxonomy":"product_tag","embeddable":true,"href":"https:\/\/vapeenjoy.com\/da\/wp-json\/wp\/v2\/product_tag?post=484"}],"curies":[{"name":"wp","href":"https:\/\/api.w.org\/{rel}","templated":true}]}}