{"id":494,"date":"2025-07-23T08:52:44","date_gmt":"2025-07-23T08:52:44","guid":{"rendered":"https:\/\/vapeenjoy.com\/?post_type=product&#038;p=494"},"modified":"2025-08-18T09:33:25","modified_gmt":"2025-08-18T09:33:25","slug":"vozol-gear-shisha-25000-puffs-disposable-vape","status":"publish","type":"product","link":"https:\/\/vapeenjoy.com\/da\/vare\/vozol-gear-shisha-25000-puffs-engangs-vape\/","title":{"rendered":"Vozol Gear Shisha 25000 Puffs Engangsvape 25ml 5% Nikotin Type-C Genopladning"},"content":{"rendered":"<h2 dir=\"ltr\" data-pm-slice=\"1 1 []\">Vozol Gear Shisha 25000 Puffs Engangsvape Produktbeskrivelse<\/h2>\n<p dir=\"ltr\">Vozol, et kendt brand inden for vaping-innovation, laver enheder med h\u00f8j kapacitet til entusiaster, der s\u00f8ger kvalitet og bekvemmelighed. Derfor skiller Vozol Gear Shisha 25000 Puffs engangsvape sig ud med sit imponerende pusttal og avancerede funktioner. Desuden blander dets mellem\u00f8stlige inspirerede design, der byder p\u00e5 en kompakt form og en levende 2,1-tommer farvesk\u00e6rm, kulturel \u00e6stetik med moderne funktionalitet, hvilket sikrer en visuelt tiltalende og brugervenlig oplevelse.<\/p>\n<h3 dir=\"ltr\">Vozol Gear Shisha 25000 Puffs engangs vape specifikationer<\/h3>\n<p dir=\"ltr\">Vozol Gear Shisha tilbyder bem\u00e6rkelsesv\u00e6rdige funktioner for en tilfredsstillende vape. For eksempel:<\/p>\n<ul class=\"tight\" dir=\"ltr\" data-tight=\"true\">\n<li>\n<p dir=\"ltr\"><strong>pustende greve<\/strong>: Op til 25.000 pust i Eco-tilstand eller 18.000 i str\u00f8mtilstand, hvilket giver udvidet brug.<\/p>\n<\/li>\n<li>\n<p dir=\"ltr\"><strong>e-v\u00e6skekapacitet<\/strong>: 25 ml forfyldt, hvilket sikrer ensartet smag over tusindvis af pust.<\/p>\n<\/li>\n<li>\n<p dir=\"ltr\"><strong>batteri<\/strong>: 1000mAh genopladeligt batteri med hurtig USB Type-C opladning.<\/p>\n<\/li>\n<li>\n<p dir=\"ltr\"><strong>Nikotinstyrke<\/strong>: Tilg\u00e6ngelig i 3mg eller 5mg for et afbalanceret halsslag.<\/p>\n<\/li>\n<li>\n<p dir=\"ltr\"><strong>spole type<\/strong>: Dual mesh spoler for forbedret smag og t\u00e6t damp.<\/p>\n<\/li>\n<li>\n<p dir=\"ltr\"><strong>Vaping-tilstande<\/strong>: Eco og Power modes til skr\u00e6ddersyede sessioner.<\/p>\n<\/li>\n<li>\n<p dir=\"ltr\"><strong>luftstr\u00f8m<\/strong>: Justerbar for tilpasset tr\u00e6kmodstand.<\/p>\n<\/li>\n<li>\n<p dir=\"ltr\"><strong>udstille<\/strong>: 2,1-tommer farvesk\u00e6rm, der viser batteri, pufftal og tilstand.<\/p>\n<\/li>\n<li>\n<p dir=\"ltr\"><strong>Lydinteraktion<\/strong>: Shisha-inspirerede boblende lyde for en unik oplevelse.<\/p>\n<\/li>\n<li>\n<p dir=\"ltr\"><strong>opladningsport<\/strong>: USB Type-C til hurtig genopladning.<\/p>\n<\/li>\n<\/ul>\n<h3 dir=\"ltr\">30 smagsmuligheder<\/h3>\n<p dir=\"ltr\">Med 30 forskellige smagsvarianter er der noget for enhver smag. Her er nogle h\u00f8jdepunkter:<\/p>\n<ul class=\"tight\" dir=\"ltr\" data-tight=\"true\">\n<li>\n<p dir=\"ltr\"><strong>B\u00e6ris<\/strong>: Blandede b\u00e6r med en k\u00f8lig mentolfinish.<\/p>\n<\/li>\n<li>\n<p dir=\"ltr\"><strong>bl\u00e5 razz is<\/strong>: Tangy Blue Raspberry med en frostud\u00e5nding.<\/p>\n<\/li>\n<li>\n<p dir=\"ltr\"><strong>Mango fersken<\/strong>: Glat mango og saftig ferskenblanding.<\/p>\n<\/li>\n<li>\n<p dir=\"ltr\"><strong>vandmelon mynte<\/strong>: S\u00f8d vandmelon med et forfriskende mint twist.<\/p>\n<\/li>\n<li>\n<p dir=\"ltr\"><strong>K\u00e6rlighed 777<\/strong>: Tropiske frugter med en s\u00f8d, mystisk tone. Udforsk alle 30 varianter hos Vape Nyd for at finde dit perfekte match.<\/p>\n<\/li>\n<\/ul>\n<h3 dir=\"ltr\">Ofte stillede sp\u00f8rgsm\u00e5l<\/h3>\n<h4 dir=\"ltr\">Hvor mange pust giver det?<\/h4>\n<p dir=\"ltr\">Enheden leverer op til 25.000 pust i Eco-tilstand eller 18.000 i str\u00f8mtilstand, afh\u00e6ngigt af dine pr\u00e6ferencer.<\/p>\n<h4 dir=\"ltr\">Er batteriet genopladeligt?<\/h4>\n<p dir=\"ltr\">Ja, den har et 1000mAh batteri med USB Type-C til hurtig opladning.<\/p>\n<h4 dir=\"ltr\">Kan jeg justere luftstr\u00f8mmen?<\/h4>\n<p dir=\"ltr\">Faktisk lader justerbar luftstr\u00f8m dig tilpasse tr\u00e6kmodstanden.<\/p>\n<h4 dir=\"ltr\">Hvordan v\u00e6lger jeg en smag?<\/h4>\n<p dir=\"ltr\">Med 30 muligheder, frugtagtige smage som Mango Peach Suit Sweet Preferences, mens iskolde som Lemon Mint tilbyder forfriskning. Bes\u00f8g Vape Nyd for at udforske.<\/p>\n<h4 dir=\"ltr\">Hvad er lydinteraktionen?<\/h4>\n<p dir=\"ltr\">Shisha-inspirerede boblende lyde forbedrer hver enkelt pusts sanseoplevelse.<\/p>\n<h4 dir=\"ltr\">Er den velegnet til DTL vaping?<\/h4>\n<p dir=\"ltr\">Absolut, dobbelte mesh-spoler og justerbar luftstr\u00f8m sikrer j\u00e6vn, t\u00e6t damp til direkte-til-lunge-vaping.<\/p>\n<h4 dir=\"ltr\">Kan den genopfyldes?<\/h4>\n<p dir=\"ltr\">Nej, det er en engangsdamp designet til bekvemmelighed og b\u00f8r bortskaffes ansvarligt efter brug.<\/p>\n<h3 dir=\"ltr\">Hvorfor v\u00e6lge Vozol Gear Shisha?<\/h3>\n<p dir=\"ltr\">Sammenfattende kombinerer Vozol Gear Shisha 25000 h\u00f8j pustkapacitet, avancerede funktioner og et unikt design. Derfor, uanset om du prioriterer smag, lang levetid eller stil, leverer denne vape. K\u00f8b din i dag hos Vape Nyd og l\u00f8ft din vapingoplevelse!<\/p>\n<p><img decoding=\"async\" class=\"alignnone wp-image-504 size-full\" src=\"https:\/\/vapeenjoy.com\/wp-content\/uploads\/2025\/07\/Vozol-Gear-Shish-25000-Puffs-Banner.avif\" alt=\"Vozol Gear Shisha 25000 Puffs engangs vape smag\" \/><\/p>","protected":false},"excerpt":{"rendered":"<p>Vozol, et betroet navn inden for vaping-innovation, pr\u00e6senterer Gear Shisha 25000 Puffs engangsvape. Denne enhed med h\u00f8j kapacitet tilbyder op til 25.000 pust, en 25 ml e-v\u00e6skekapacitet og et 1000mAh genopladeligt batteri. Med dobbelte mesh-spoler, justerbar luftstr\u00f8m og en 2,1-tommer farvesk\u00e6rm leverer den rige smag og bekvemmelighed i et slankt, shisha-inspireret design.<\/p>","protected":false},"featured_media":496,"comment_status":"open","ping_status":"closed","template":"","meta":[],"product_brand":[48],"product_cat":[30],"product_tag":[69,62],"class_list":{"0":"post-494","1":"product","2":"type-product","3":"status-publish","4":"has-post-thumbnail","6":"product_brand-vozol-vape","7":"product_cat-25k-puffs-vape","8":"product_tag-25ml","9":"product_tag-5-nicotine","11":"first","12":"instock","13":"sale","14":"shipping-taxable","15":"purchasable","16":"product-type-variable"},"yoast_head":"<!-- This site is optimized with the Yoast SEO plugin v25.7 - https:\/\/yoast.com\/wordpress\/plugins\/seo\/ -->\n<title>Vozol Gear Shisha 25000 Puffs Disposable Vape 25ml 5% Nicotine<\/title>\n<meta name=\"description\" content=\"Vozol Gear Shisha 25000 Puffs Disposable Vape: 25ml, 5% nicotine, Type-C charging, dual mesh coils, adjustable airflow, 21 flavors. Buy now!\" \/>\n<meta name=\"robots\" content=\"index, follow, max-snippet:-1, max-image-preview:large, max-video-preview:-1\" \/>\n<link rel=\"canonical\" href=\"https:\/\/vapeenjoy.com\/da\/vare\/vozol-gear-shisha-25000-puffs-engangs-vape\/\" \/>\n<meta property=\"og:locale\" content=\"da_DK\" \/>\n<meta property=\"og:type\" content=\"article\" \/>\n<meta property=\"og:title\" content=\"Vozol Gear Shisha 25000 Puffs Disposable Vape 25ml 5% Nicotine\" \/>\n<meta property=\"og:description\" content=\"Vozol Gear Shisha 25000 Puffs Disposable Vape: 25ml, 5% nicotine, Type-C charging, dual mesh coils, adjustable airflow, 21 flavors. Buy now!\" \/>\n<meta property=\"og:url\" content=\"https:\/\/vapeenjoy.com\/da\/vare\/vozol-gear-shisha-25000-puffs-engangs-vape\/\" \/>\n<meta property=\"og:site_name\" content=\"vapeenjoy\" \/>\n<meta property=\"article:modified_time\" content=\"2025-08-18T09:33:25+00:00\" \/>\n<meta name=\"twitter:card\" content=\"summary_large_image\" \/>\n<meta name=\"twitter:label1\" content=\"Estimeret l\u00e6setid\" \/>\n\t<meta name=\"twitter:data1\" content=\"3 minutter\" \/>\n<script type=\"application\/ld+json\" class=\"yoast-schema-graph\">{\"@context\":\"https:\/\/schema.org\",\"@graph\":[{\"@type\":\"WebPage\",\"@id\":\"https:\/\/vapeenjoy.com\/product\/vozol-gear-shisha-25000-puffs-disposable-vape\/\",\"url\":\"https:\/\/vapeenjoy.com\/product\/vozol-gear-shisha-25000-puffs-disposable-vape\/\",\"name\":\"Vozol Gear Shisha 25000 Puffs Disposable Vape 25ml 5% Nicotine\",\"isPartOf\":{\"@id\":\"https:\/\/vapeenjoy.com\/#website\"},\"primaryImageOfPage\":{\"@id\":\"https:\/\/vapeenjoy.com\/product\/vozol-gear-shisha-25000-puffs-disposable-vape\/#primaryimage\"},\"image\":{\"@id\":\"https:\/\/vapeenjoy.com\/product\/vozol-gear-shisha-25000-puffs-disposable-vape\/#primaryimage\"},\"thumbnailUrl\":\"https:\/\/vapeenjoy.com\/wp-content\/uploads\/2025\/07\/vozol-gear-shisha-25000.avif\",\"datePublished\":\"2025-07-23T08:52:44+00:00\",\"dateModified\":\"2025-08-18T09:33:25+00:00\",\"description\":\"Vozol Gear Shisha 25000 Puffs Disposable Vape: 25ml, 5% nicotine, Type-C charging, dual mesh coils, adjustable airflow, 21 flavors. Buy now!\",\"breadcrumb\":{\"@id\":\"https:\/\/vapeenjoy.com\/product\/vozol-gear-shisha-25000-puffs-disposable-vape\/#breadcrumb\"},\"inLanguage\":\"da-DK\",\"potentialAction\":[{\"@type\":\"ReadAction\",\"target\":[\"https:\/\/vapeenjoy.com\/product\/vozol-gear-shisha-25000-puffs-disposable-vape\/\"]}]},{\"@type\":\"ImageObject\",\"inLanguage\":\"da-DK\",\"@id\":\"https:\/\/vapeenjoy.com\/product\/vozol-gear-shisha-25000-puffs-disposable-vape\/#primaryimage\",\"url\":\"https:\/\/vapeenjoy.com\/wp-content\/uploads\/2025\/07\/vozol-gear-shisha-25000.avif\",\"contentUrl\":\"https:\/\/vapeenjoy.com\/wp-content\/uploads\/2025\/07\/vozol-gear-shisha-25000.avif\",\"width\":1000,\"height\":1000},{\"@type\":\"BreadcrumbList\",\"@id\":\"https:\/\/vapeenjoy.com\/product\/vozol-gear-shisha-25000-puffs-disposable-vape\/#breadcrumb\",\"itemListElement\":[{\"@type\":\"ListItem\",\"position\":1,\"name\":\"Home\",\"item\":\"https:\/\/vapeenjoy.com\/\"},{\"@type\":\"ListItem\",\"position\":2,\"name\":\"Shop\",\"item\":\"https:\/\/vapeenjoy.com\/vapeenjoy-shop\/\"},{\"@type\":\"ListItem\",\"position\":3,\"name\":\"Vozol Gear Shisha 25000 Puffs Disposable Vape 25ml 5% Nicotine Type-C Recharge\"}]},{\"@type\":\"WebSite\",\"@id\":\"https:\/\/vapeenjoy.com\/#website\",\"url\":\"https:\/\/vapeenjoy.com\/\",\"name\":\"vapeenjoy\",\"description\":\"An online store for selling vapes\",\"potentialAction\":[{\"@type\":\"SearchAction\",\"target\":{\"@type\":\"EntryPoint\",\"urlTemplate\":\"https:\/\/vapeenjoy.com\/?s={search_term_string}\"},\"query-input\":{\"@type\":\"PropertyValueSpecification\",\"valueRequired\":true,\"valueName\":\"search_term_string\"}}],\"inLanguage\":\"da-DK\"}]}<\/script>\n<!-- \/ Yoast SEO plugin. -->","yoast_head_json":{"title":"Vozol Gear Shisha 25000 Puffs Engangsvape 25ml 5% Nikotin","description":"Vozol Gear Shisha 25000 Puffs Engangsvape: 25ml, 5% Nikotin, Type-C opladning, dobbelte mesh-spoler, justerbar luftstr\u00f8m, 21 smagsvarianter. K\u00d8B NU!","robots":{"index":"index","follow":"follow","max-snippet":"max-snippet:-1","max-image-preview":"max-image-preview:large","max-video-preview":"max-video-preview:-1"},"canonical":"https:\/\/vapeenjoy.com\/da\/vare\/vozol-gear-shisha-25000-puffs-engangs-vape\/","og_locale":"da_DK","og_type":"article","og_title":"Vozol Gear Shisha 25000 Puffs Disposable Vape 25ml 5% Nicotine","og_description":"Vozol Gear Shisha 25000 Puffs Disposable Vape: 25ml, 5% nicotine, Type-C charging, dual mesh coils, adjustable airflow, 21 flavors. Buy now!","og_url":"https:\/\/vapeenjoy.com\/da\/vare\/vozol-gear-shisha-25000-puffs-engangs-vape\/","og_site_name":"vapeenjoy","article_modified_time":"2025-08-18T09:33:25+00:00","twitter_card":"summary_large_image","twitter_misc":{"Estimeret l\u00e6setid":"3 minutter"},"schema":{"@context":"https:\/\/schema.org","@graph":[{"@type":"WebPage","@id":"https:\/\/vapeenjoy.com\/product\/vozol-gear-shisha-25000-puffs-disposable-vape\/","url":"https:\/\/vapeenjoy.com\/product\/vozol-gear-shisha-25000-puffs-disposable-vape\/","name":"Vozol Gear Shisha 25000 Puffs Engangsvape 25ml 5% Nikotin","isPartOf":{"@id":"https:\/\/vapeenjoy.com\/#website"},"primaryImageOfPage":{"@id":"https:\/\/vapeenjoy.com\/product\/vozol-gear-shisha-25000-puffs-disposable-vape\/#primaryimage"},"image":{"@id":"https:\/\/vapeenjoy.com\/product\/vozol-gear-shisha-25000-puffs-disposable-vape\/#primaryimage"},"thumbnailUrl":"https:\/\/vapeenjoy.com\/wp-content\/uploads\/2025\/07\/vozol-gear-shisha-25000.avif","datePublished":"2025-07-23T08:52:44+00:00","dateModified":"2025-08-18T09:33:25+00:00","description":"Vozol Gear Shisha 25000 Puffs Engangsvape: 25ml, 5% Nikotin, Type-C opladning, dobbelte mesh-spoler, justerbar luftstr\u00f8m, 21 smagsvarianter. K\u00d8B NU!","breadcrumb":{"@id":"https:\/\/vapeenjoy.com\/product\/vozol-gear-shisha-25000-puffs-disposable-vape\/#breadcrumb"},"inLanguage":"da-DK","potentialAction":[{"@type":"ReadAction","target":["https:\/\/vapeenjoy.com\/product\/vozol-gear-shisha-25000-puffs-disposable-vape\/"]}]},{"@type":"ImageObject","inLanguage":"da-DK","@id":"https:\/\/vapeenjoy.com\/product\/vozol-gear-shisha-25000-puffs-disposable-vape\/#primaryimage","url":"https:\/\/vapeenjoy.com\/wp-content\/uploads\/2025\/07\/vozol-gear-shisha-25000.avif","contentUrl":"https:\/\/vapeenjoy.com\/wp-content\/uploads\/2025\/07\/vozol-gear-shisha-25000.avif","width":1000,"height":1000},{"@type":"BreadcrumbList","@id":"https:\/\/vapeenjoy.com\/product\/vozol-gear-shisha-25000-puffs-disposable-vape\/#breadcrumb","itemListElement":[{"@type":"ListItem","position":1,"name":"Home","item":"https:\/\/vapeenjoy.com\/"},{"@type":"ListItem","position":2,"name":"Shop","item":"https:\/\/vapeenjoy.com\/vapeenjoy-shop\/"},{"@type":"ListItem","position":3,"name":"Vozol Gear Shisha 25000 Puffs Disposable Vape 25ml 5% Nicotine Type-C Recharge"}]},{"@type":"WebSite","@id":"https:\/\/vapeenjoy.com\/#website","url":"https:\/\/vapeenjoy.com\/","name":"VapeenJoy","description":"en online butik til salg af dampe","potentialAction":[{"@type":"SearchAction","target":{"@type":"EntryPoint","urlTemplate":"https:\/\/vapeenjoy.com\/?s={search_term_string}"},"query-input":{"@type":"PropertyValueSpecification","valueRequired":true,"valueName":"search_term_string"}}],"inLanguage":"da-DK"}]}},"_links":{"self":[{"href":"https:\/\/vapeenjoy.com\/da\/wp-json\/wp\/v2\/product\/494","targetHints":{"allow":["GET"]}}],"collection":[{"href":"https:\/\/vapeenjoy.com\/da\/wp-json\/wp\/v2\/product"}],"about":[{"href":"https:\/\/vapeenjoy.com\/da\/wp-json\/wp\/v2\/types\/product"}],"replies":[{"embeddable":true,"href":"https:\/\/vapeenjoy.com\/da\/wp-json\/wp\/v2\/comments?post=494"}],"version-history":[{"count":3,"href":"https:\/\/vapeenjoy.com\/da\/wp-json\/wp\/v2\/product\/494\/revisions"}],"predecessor-version":[{"id":2344,"href":"https:\/\/vapeenjoy.com\/da\/wp-json\/wp\/v2\/product\/494\/revisions\/2344"}],"wp:featuredmedia":[{"embeddable":true,"href":"https:\/\/vapeenjoy.com\/da\/wp-json\/wp\/v2\/media\/496"}],"wp:attachment":[{"href":"https:\/\/vapeenjoy.com\/da\/wp-json\/wp\/v2\/media?parent=494"}],"wp:term":[{"taxonomy":"product_brand","embeddable":true,"href":"https:\/\/vapeenjoy.com\/da\/wp-json\/wp\/v2\/product_brand?post=494"},{"taxonomy":"product_cat","embeddable":true,"href":"https:\/\/vapeenjoy.com\/da\/wp-json\/wp\/v2\/product_cat?post=494"},{"taxonomy":"product_tag","embeddable":true,"href":"https:\/\/vapeenjoy.com\/da\/wp-json\/wp\/v2\/product_tag?post=494"}],"curies":[{"name":"wp","href":"https:\/\/api.w.org\/{rel}","templated":true}]}}