{"id":64,"date":"2025-07-16T06:57:52","date_gmt":"2025-07-16T06:57:52","guid":{"rendered":"https:\/\/vapeenjoy.com\/?post_type=product&#038;p=64"},"modified":"2025-08-18T08:10:30","modified_gmt":"2025-08-18T08:10:30","slug":"bang-leader-80k-puffs-3-in-1-flavor-vape","status":"publish","type":"product","link":"https:\/\/vapeenjoy.com\/da\/vare\/bang-leader-80k-puffs-3-in-1-flavor-vape\/","title":{"rendered":"Bang Leader 80K Puffs 3-i-1 Flavors Disposable Vape 78ml 0-5% Nikotin Type-C Genopladelig"},"content":{"rendered":"<h2>Bang Leader 80K Puffs engangs vape produktbeskrivelse<\/h2>\n<p dir=\"ltr\" data-pm-slice=\"1 3 []\">Bang Leader, et betroet vaping-m\u00e6rke, leverer konsekvent smagfulde, p\u00e5lidelige enheder. For eksempel tilbyder Bang Leader 80K Puffs engangsvape op til 80.000 pust, hvilket sikrer langvarig brug. Desuden tillader dets innovative tre-smagssystem problemfri skift mellem smag. Derfor sikrer dens slanke, b\u00e6rbare design med en glat finish komfort og bekvemmelighed for hele dagen vaping.<\/p>\n<h2 dir=\"ltr\">Bang Leader 80K Puffs Disposable Vape Specifikationer<\/h2>\n<ul class=\"tight\" dir=\"ltr\" data-tight=\"true\">\n<li>\n<p dir=\"ltr\"><strong>pustende greve<\/strong>: Op til 80.000 pust, perfekt til tunge vapers.<\/p>\n<\/li>\n<li>\n<p dir=\"ltr\"><strong>e-v\u00e6skekapacitet<\/strong>: 78 ml (3 x 26 ml pods) for tre unikke smagsvarianter.<\/p>\n<\/li>\n<li>\n<p dir=\"ltr\"><strong>batteri<\/strong>: 850mAh genopladelig for p\u00e5lidelig ydeevne.<\/p>\n<\/li>\n<li>\n<p dir=\"ltr\"><strong>spole<\/strong>: 1,0\u03a9 dobbelt mesh spole for glat, smagfuld damp.<\/p>\n<\/li>\n<li>\n<p dir=\"ltr\"><strong>opladning<\/strong>: Type-C port til hurtig genopladning.<\/p>\n<\/li>\n<li>\n<p dir=\"ltr\"><strong>Nikotinstyrker<\/strong>: 0%, 2%, 3%, 5% for forskellige pr\u00e6ferencer.<\/p>\n<\/li>\n<li>\n<p dir=\"ltr\"><strong>smagssystem<\/strong>: Tredobbelt smagsskift via en v\u00e6lger.<\/p>\n<\/li>\n<li>\n<p dir=\"ltr\"><strong>emballere<\/strong>: 10 stykker pr. pakke til personlig eller engrosbrug.<\/p>\n<\/li>\n<\/ul>\n<h2 dir=\"ltr\">Smagskombinationer<\/h2>\n<p dir=\"ltr\">Udforsk 12 unikke muligheder med tre smagsvarianter:<\/p>\n<ol class=\"tight\" dir=\"ltr\" data-tight=\"true\">\n<li>\n<p dir=\"ltr\">Vandmelon is \/ jordb\u00e6r mango \/ banan<\/p>\n<\/li>\n<li>\n<p dir=\"ltr\">hindb\u00e6r mojito fersken is \/ jordb\u00e6r vandmelon \/ kiwi passion frugt guava<\/p>\n<\/li>\n<li>\n<p dir=\"ltr\">Jordb\u00e6r vandmelon \/ drueis \/ regnbue slik<\/p>\n<\/li>\n<li>\n<p dir=\"ltr\">Cola Ice \/ Blueberry Raspberry \/ Peach Mango Watermelon<\/p>\n<\/li>\n<li>\n<p dir=\"ltr\">Bl\u00e5b\u00e6r vandmelon \/ jordb\u00e6r mango \/ solb\u00e6r<\/p>\n<\/li>\n<li>\n<p dir=\"ltr\">Blueberry Ice \/ Black Dragon Ice \/ Mango Peach<\/p>\n<\/li>\n<li>\n<p dir=\"ltr\">Bl\u00e5b\u00e6ris \/ jordb\u00e6rbanan \/ blandede b\u00e6r<\/p>\n<\/li>\n<li>\n<p dir=\"ltr\">Red Bull \/ Blueberry Watermelon \/ \u00c6blep\u00e6re<\/p>\n<\/li>\n<li>\n<p dir=\"ltr\">Red Bull \/ Watermelon Bubblegum Candy \/ Strawberry Ice Cream<\/p>\n<\/li>\n<li>\n<p dir=\"ltr\">Strawberry Kiwi \/ Peach Ice \/ Cherry Cola<\/p>\n<\/li>\n<li>\n<p dir=\"ltr\">Kiwi Passion \/ Lychee Ice \/ Mango Peach Pine<\/p>\n<\/li>\n<li>\n<p dir=\"ltr\">Avocado is \/ citron lime \/ vandmelon hindb\u00e6r<\/p>\n<\/li>\n<\/ol>\n<h2 dir=\"ltr\">Ofte stillede sp\u00f8rgsm\u00e5l<\/h2>\n<ol class=\"tight\" dir=\"ltr\" data-tight=\"true\">\n<li>\n<p dir=\"ltr\"><strong>Hvad g\u00f8r denne vape unik?<\/strong><br \/>\nNavnlig tilbyder dens triple-smag system og h\u00f8je puff count uovertruffen variation.<\/p>\n<\/li>\n<li>\n<p dir=\"ltr\"><strong>Hvordan skifter jeg smag?<\/strong><br \/>\nSkub blot v\u00e6lgeren for at skifte mellem tre fyldte pods.<\/p>\n<\/li>\n<li>\n<p dir=\"ltr\"><strong>Hvordan v\u00e6lger jeg en smag?<\/strong><br \/>\nFor eksempel frugtagtige blandinger som jordb\u00e6r vandmelon jakkes\u00e6t s\u00f8de pr\u00e6ferencer, mens Red Bull tilbyder fed smag.<\/p>\n<\/li>\n<li>\n<p dir=\"ltr\"><strong>Er det genopladeligt?<\/strong><br \/>\nFaktisk har den et 850mAh batteri med Type-C opladning.<\/p>\n<\/li>\n<li>\n<p dir=\"ltr\"><strong>Hvilke nikotinmuligheder er tilg\u00e6ngelige?<\/strong><br \/>\nV\u00e6lg mellem 0%, 2%, 3% eller 5% nikotinstyrker.<\/p>\n<\/li>\n<li>\n<p dir=\"ltr\"><strong>Hvor l\u00e6nge varer det?<\/strong><br \/>\nMed op til 80.000 pust holder det baseret p\u00e5 brug.<\/p>\n<\/li>\n<li>\n<p dir=\"ltr\"><strong>Kan pods genopfyldes?<\/strong><br \/>\nNej, 26 ml pods er forfyldte og kan ikke genopfyldes.<\/p>\n<\/li>\n<\/ol>\n<p dir=\"ltr\" data-pm-slice=\"1 3 []\"><img fetchpriority=\"high\" decoding=\"async\" class=\"alignnone wp-image-79 size-full\" src=\"https:\/\/vapeenjoy.com\/wp-content\/uploads\/2025\/07\/Bang-Leader-80K.jpg\" alt=\"Bang Leader 80K Puffs 3-i-1 smagsvarianter Engangs vape smag \" width=\"1279\" height=\"2279\" srcset=\"https:\/\/vapeenjoy.com\/wp-content\/uploads\/2025\/07\/Bang-Leader-80K.jpg 1279w, https:\/\/vapeenjoy.com\/wp-content\/uploads\/2025\/07\/Bang-Leader-80K-150x267.jpg 150w, https:\/\/vapeenjoy.com\/wp-content\/uploads\/2025\/07\/Bang-Leader-80K-1200x2138.jpg 1200w, https:\/\/vapeenjoy.com\/wp-content\/uploads\/2025\/07\/Bang-Leader-80K-168x300.jpg 168w, https:\/\/vapeenjoy.com\/wp-content\/uploads\/2025\/07\/Bang-Leader-80K-575x1024.jpg 575w, https:\/\/vapeenjoy.com\/wp-content\/uploads\/2025\/07\/Bang-Leader-80K-768x1368.jpg 768w, https:\/\/vapeenjoy.com\/wp-content\/uploads\/2025\/07\/Bang-Leader-80K-862x1536.jpg 862w, https:\/\/vapeenjoy.com\/wp-content\/uploads\/2025\/07\/Bang-Leader-80K-1149x2048.jpg 1149w\" sizes=\"(max-width: 1279px) 100vw, 1279px\" \/><\/p>","protected":false},"excerpt":{"rendered":"<p>Bang Leader, et top vaping-m\u00e6rke, introducerer 80K Puffs engangsvape med op til 80.000 pust, et 3-i-1 smagsskiftesystem, 78 ml e-v\u00e6ske i tre 26 ml pods, et 850mAh batteri og 12 smagskombinationer for p\u00e5lidelig ydeevne.<\/p>","protected":false},"featured_media":82,"comment_status":"open","ping_status":"closed","template":"","meta":[],"product_brand":[16],"product_cat":[17],"product_tag":[64,73,93],"class_list":{"0":"post-64","1":"product","2":"type-product","3":"status-publish","4":"has-post-thumbnail","6":"product_brand-bang-vape","7":"product_cat-80000-puffs-vape","8":"product_tag-0-5-nicotine","9":"product_tag-3-in-1-flavors","10":"product_tag-78ml","12":"first","13":"instock","14":"sale","15":"shipping-taxable","16":"purchasable","17":"product-type-variable"},"yoast_head":"<!-- This site is optimized with the Yoast SEO plugin v25.7 - https:\/\/yoast.com\/wordpress\/plugins\/seo\/ -->\n<title>Bang Leader 80K Puffs 3-in-1 Flavors Disposable Vape 78mL<\/title>\n<meta name=\"description\" content=\"Bang Leader 80K Puffs Disposable Vape: 3-in-1 flavors, 78mL, 0-5% nicotine, Type-C rechargeable. Shop now for bold, long-lasting vaping!\" \/>\n<meta name=\"robots\" content=\"index, follow, max-snippet:-1, max-image-preview:large, max-video-preview:-1\" \/>\n<link rel=\"canonical\" href=\"https:\/\/vapeenjoy.com\/da\/vare\/bang-leader-80k-puffs-3-in-1-flavor-vape\/\" \/>\n<meta property=\"og:locale\" content=\"da_DK\" \/>\n<meta property=\"og:type\" content=\"article\" \/>\n<meta property=\"og:title\" content=\"Bang Leader 80K Puffs 3-in-1 Flavors Disposable Vape 78mL\" \/>\n<meta property=\"og:description\" content=\"Bang Leader 80K Puffs Disposable Vape: 3-in-1 flavors, 78mL, 0-5% nicotine, Type-C rechargeable. Shop now for bold, long-lasting vaping!\" \/>\n<meta property=\"og:url\" content=\"https:\/\/vapeenjoy.com\/da\/vare\/bang-leader-80k-puffs-3-in-1-flavor-vape\/\" \/>\n<meta property=\"og:site_name\" content=\"vapeenjoy\" \/>\n<meta property=\"article:modified_time\" content=\"2025-08-18T08:10:30+00:00\" \/>\n<meta property=\"og:image\" content=\"https:\/\/vapeenjoy.com\/wp-content\/uploads\/2025\/07\/\u5fae\u4fe1\u56fe\u7247_20250516145017.jpg\" \/>\n\t<meta property=\"og:image:width\" content=\"800\" \/>\n\t<meta property=\"og:image:height\" content=\"800\" \/>\n\t<meta property=\"og:image:type\" content=\"image\/jpeg\" \/>\n<meta name=\"twitter:card\" content=\"summary_large_image\" \/>\n<meta name=\"twitter:label1\" content=\"Estimeret l\u00e6setid\" \/>\n\t<meta name=\"twitter:data1\" content=\"2 minutter\" \/>\n<script type=\"application\/ld+json\" class=\"yoast-schema-graph\">{\"@context\":\"https:\/\/schema.org\",\"@graph\":[{\"@type\":\"WebPage\",\"@id\":\"https:\/\/vapeenjoy.com\/product\/bang-leader-80k-puffs-3-in-1-flavor-vape\/\",\"url\":\"https:\/\/vapeenjoy.com\/product\/bang-leader-80k-puffs-3-in-1-flavor-vape\/\",\"name\":\"Bang Leader 80K Puffs 3-in-1 Flavors Disposable Vape 78mL\",\"isPartOf\":{\"@id\":\"https:\/\/vapeenjoy.com\/#website\"},\"primaryImageOfPage\":{\"@id\":\"https:\/\/vapeenjoy.com\/product\/bang-leader-80k-puffs-3-in-1-flavor-vape\/#primaryimage\"},\"image\":{\"@id\":\"https:\/\/vapeenjoy.com\/product\/bang-leader-80k-puffs-3-in-1-flavor-vape\/#primaryimage\"},\"thumbnailUrl\":\"https:\/\/vapeenjoy.com\/wp-content\/uploads\/2025\/07\/\u5fae\u4fe1\u56fe\u7247_20250516145017.jpg\",\"datePublished\":\"2025-07-16T06:57:52+00:00\",\"dateModified\":\"2025-08-18T08:10:30+00:00\",\"description\":\"Bang Leader 80K Puffs Disposable Vape: 3-in-1 flavors, 78mL, 0-5% nicotine, Type-C rechargeable. Shop now for bold, long-lasting vaping!\",\"breadcrumb\":{\"@id\":\"https:\/\/vapeenjoy.com\/product\/bang-leader-80k-puffs-3-in-1-flavor-vape\/#breadcrumb\"},\"inLanguage\":\"da-DK\",\"potentialAction\":[{\"@type\":\"ReadAction\",\"target\":[\"https:\/\/vapeenjoy.com\/product\/bang-leader-80k-puffs-3-in-1-flavor-vape\/\"]}]},{\"@type\":\"ImageObject\",\"inLanguage\":\"da-DK\",\"@id\":\"https:\/\/vapeenjoy.com\/product\/bang-leader-80k-puffs-3-in-1-flavor-vape\/#primaryimage\",\"url\":\"https:\/\/vapeenjoy.com\/wp-content\/uploads\/2025\/07\/\u5fae\u4fe1\u56fe\u7247_20250516145017.jpg\",\"contentUrl\":\"https:\/\/vapeenjoy.com\/wp-content\/uploads\/2025\/07\/\u5fae\u4fe1\u56fe\u7247_20250516145017.jpg\",\"width\":800,\"height\":800},{\"@type\":\"BreadcrumbList\",\"@id\":\"https:\/\/vapeenjoy.com\/product\/bang-leader-80k-puffs-3-in-1-flavor-vape\/#breadcrumb\",\"itemListElement\":[{\"@type\":\"ListItem\",\"position\":1,\"name\":\"Home\",\"item\":\"https:\/\/vapeenjoy.com\/\"},{\"@type\":\"ListItem\",\"position\":2,\"name\":\"Shop\",\"item\":\"https:\/\/vapeenjoy.com\/vapeenjoy-shop\/\"},{\"@type\":\"ListItem\",\"position\":3,\"name\":\"Bang Leader 80K Puffs 3-in-1 Flavors Disposable Vape 78mL 0-5% Nicotine Type-C Rechargeable\"}]},{\"@type\":\"WebSite\",\"@id\":\"https:\/\/vapeenjoy.com\/#website\",\"url\":\"https:\/\/vapeenjoy.com\/\",\"name\":\"vapeenjoy\",\"description\":\"An online store for selling vapes\",\"potentialAction\":[{\"@type\":\"SearchAction\",\"target\":{\"@type\":\"EntryPoint\",\"urlTemplate\":\"https:\/\/vapeenjoy.com\/?s={search_term_string}\"},\"query-input\":{\"@type\":\"PropertyValueSpecification\",\"valueRequired\":true,\"valueName\":\"search_term_string\"}}],\"inLanguage\":\"da-DK\"}]}<\/script>\n<!-- \/ Yoast SEO plugin. -->","yoast_head_json":{"title":"Bang Leader 80K Puffs 3-i-1 Flavors Disposable Vape 78ml","description":"BANG Leader 80K Puffs engangsvape: 3-i-1 smag, 78 ml, 0-5% nikotin, Type-C genopladelig. K\u00f8b nu for fed, langvarig vaping!","robots":{"index":"index","follow":"follow","max-snippet":"max-snippet:-1","max-image-preview":"max-image-preview:large","max-video-preview":"max-video-preview:-1"},"canonical":"https:\/\/vapeenjoy.com\/da\/vare\/bang-leader-80k-puffs-3-in-1-flavor-vape\/","og_locale":"da_DK","og_type":"article","og_title":"Bang Leader 80K Puffs 3-in-1 Flavors Disposable Vape 78mL","og_description":"Bang Leader 80K Puffs Disposable Vape: 3-in-1 flavors, 78mL, 0-5% nicotine, Type-C rechargeable. Shop now for bold, long-lasting vaping!","og_url":"https:\/\/vapeenjoy.com\/da\/vare\/bang-leader-80k-puffs-3-in-1-flavor-vape\/","og_site_name":"vapeenjoy","article_modified_time":"2025-08-18T08:10:30+00:00","og_image":[{"width":800,"height":800,"url":"https:\/\/vapeenjoy.com\/wp-content\/uploads\/2025\/07\/\u5fae\u4fe1\u56fe\u7247_20250516145017.jpg","type":"image\/jpeg"}],"twitter_card":"summary_large_image","twitter_misc":{"Estimeret l\u00e6setid":"2 minutter"},"schema":{"@context":"https:\/\/schema.org","@graph":[{"@type":"WebPage","@id":"https:\/\/vapeenjoy.com\/product\/bang-leader-80k-puffs-3-in-1-flavor-vape\/","url":"https:\/\/vapeenjoy.com\/product\/bang-leader-80k-puffs-3-in-1-flavor-vape\/","name":"Bang Leader 80K Puffs 3-i-1 Flavors Disposable Vape 78ml","isPartOf":{"@id":"https:\/\/vapeenjoy.com\/#website"},"primaryImageOfPage":{"@id":"https:\/\/vapeenjoy.com\/product\/bang-leader-80k-puffs-3-in-1-flavor-vape\/#primaryimage"},"image":{"@id":"https:\/\/vapeenjoy.com\/product\/bang-leader-80k-puffs-3-in-1-flavor-vape\/#primaryimage"},"thumbnailUrl":"https:\/\/vapeenjoy.com\/wp-content\/uploads\/2025\/07\/\u5fae\u4fe1\u56fe\u7247_20250516145017.jpg","datePublished":"2025-07-16T06:57:52+00:00","dateModified":"2025-08-18T08:10:30+00:00","description":"BANG Leader 80K Puffs engangsvape: 3-i-1 smag, 78 ml, 0-5% nikotin, Type-C genopladelig. K\u00f8b nu for fed, langvarig vaping!","breadcrumb":{"@id":"https:\/\/vapeenjoy.com\/product\/bang-leader-80k-puffs-3-in-1-flavor-vape\/#breadcrumb"},"inLanguage":"da-DK","potentialAction":[{"@type":"ReadAction","target":["https:\/\/vapeenjoy.com\/product\/bang-leader-80k-puffs-3-in-1-flavor-vape\/"]}]},{"@type":"ImageObject","inLanguage":"da-DK","@id":"https:\/\/vapeenjoy.com\/product\/bang-leader-80k-puffs-3-in-1-flavor-vape\/#primaryimage","url":"https:\/\/vapeenjoy.com\/wp-content\/uploads\/2025\/07\/\u5fae\u4fe1\u56fe\u7247_20250516145017.jpg","contentUrl":"https:\/\/vapeenjoy.com\/wp-content\/uploads\/2025\/07\/\u5fae\u4fe1\u56fe\u7247_20250516145017.jpg","width":800,"height":800},{"@type":"BreadcrumbList","@id":"https:\/\/vapeenjoy.com\/product\/bang-leader-80k-puffs-3-in-1-flavor-vape\/#breadcrumb","itemListElement":[{"@type":"ListItem","position":1,"name":"Home","item":"https:\/\/vapeenjoy.com\/"},{"@type":"ListItem","position":2,"name":"Shop","item":"https:\/\/vapeenjoy.com\/vapeenjoy-shop\/"},{"@type":"ListItem","position":3,"name":"Bang Leader 80K Puffs 3-in-1 Flavors Disposable Vape 78mL 0-5% Nicotine Type-C Rechargeable"}]},{"@type":"WebSite","@id":"https:\/\/vapeenjoy.com\/#website","url":"https:\/\/vapeenjoy.com\/","name":"VapeenJoy","description":"en online butik til salg af dampe","potentialAction":[{"@type":"SearchAction","target":{"@type":"EntryPoint","urlTemplate":"https:\/\/vapeenjoy.com\/?s={search_term_string}"},"query-input":{"@type":"PropertyValueSpecification","valueRequired":true,"valueName":"search_term_string"}}],"inLanguage":"da-DK"}]}},"_links":{"self":[{"href":"https:\/\/vapeenjoy.com\/da\/wp-json\/wp\/v2\/product\/64","targetHints":{"allow":["GET"]}}],"collection":[{"href":"https:\/\/vapeenjoy.com\/da\/wp-json\/wp\/v2\/product"}],"about":[{"href":"https:\/\/vapeenjoy.com\/da\/wp-json\/wp\/v2\/types\/product"}],"replies":[{"embeddable":true,"href":"https:\/\/vapeenjoy.com\/da\/wp-json\/wp\/v2\/comments?post=64"}],"version-history":[{"count":4,"href":"https:\/\/vapeenjoy.com\/da\/wp-json\/wp\/v2\/product\/64\/revisions"}],"predecessor-version":[{"id":2330,"href":"https:\/\/vapeenjoy.com\/da\/wp-json\/wp\/v2\/product\/64\/revisions\/2330"}],"wp:featuredmedia":[{"embeddable":true,"href":"https:\/\/vapeenjoy.com\/da\/wp-json\/wp\/v2\/media\/82"}],"wp:attachment":[{"href":"https:\/\/vapeenjoy.com\/da\/wp-json\/wp\/v2\/media?parent=64"}],"wp:term":[{"taxonomy":"product_brand","embeddable":true,"href":"https:\/\/vapeenjoy.com\/da\/wp-json\/wp\/v2\/product_brand?post=64"},{"taxonomy":"product_cat","embeddable":true,"href":"https:\/\/vapeenjoy.com\/da\/wp-json\/wp\/v2\/product_cat?post=64"},{"taxonomy":"product_tag","embeddable":true,"href":"https:\/\/vapeenjoy.com\/da\/wp-json\/wp\/v2\/product_tag?post=64"}],"curies":[{"name":"wp","href":"https:\/\/api.w.org\/{rel}","templated":true}]}}