{"id":650,"date":"2025-07-26T03:39:40","date_gmt":"2025-07-26T03:39:40","guid":{"rendered":"https:\/\/vapeenjoy.com\/?post_type=product&#038;p=650"},"modified":"2025-08-18T08:07:39","modified_gmt":"2025-08-18T08:07:39","slug":"bang-blaze-40k-puffs","status":"publish","type":"product","link":"https:\/\/vapeenjoy.com\/da\/vare\/bang-blaze-40k-puffs\/","title":{"rendered":"Bang Blaze 40K Puffs Double Taste Disposable Vape 40ml 0-5% Nikotin"},"content":{"rendered":"<h2 dir=\"auto\">Bang Blaze 40K Puffs Double Taste Disposable Vape Ultimate Flavor and Convenience<\/h2>\n<p dir=\"auto\">overgang til en overlegen vapingoplevelse, den <strong>Bang Blaze 40k puffs dobbeltsmag engangsdamp<\/strong> Fra Bang, en betroet brancheleder, tilbyder uovertruffen bekvemmelighed og variation. Specifikt leverer denne innovative enhed en imponerende <strong>40.000 sug<\/strong> og har et unikt system med to smagsvarianter, der giver brugerne mulighed for ubesv\u00e6ret at skifte mellem to forskellige smage. Desuden sikrer dets slanke, ergonomiske design b\u00e6rbarhed og komfort, hvilket g\u00f8r den ideel til b\u00e5de erfarne vapers og nytilkomne. Derfor giver Bang Blaze en langvarig, smagfuld rejse i en enkelt, kompakt enhed.<\/p>\n<p dir=\"auto\">Bes\u00f8g denne spilskiftende vape <a href=\"https:\/\/vapeenjoy.com\/\" target=\"_blank\" rel=\"noopener noreferrer nofollow\">Vape nyde<\/a> Og l\u00f8ft din vapingoplevelse i dag!<\/p>\n<h2 dir=\"auto\">N\u00f8glefunktioner i Bang Blaze 40K engangsdamp<\/h2>\n<p dir=\"auto\">For dem, der s\u00f8ger ydeevne og alsidighed, skiller Bang Blaze 40K sig ud med sine banebrydende specifikationer:<\/p>\n<ul dir=\"auto\">\n<li><strong>pustkapacitet<\/strong>: op til <strong>40.000 sug<\/strong> (ca. 20.000 pr. smag), hvilket sikrer ugers uafbrudt brug.<\/li>\n<li><strong>e-v\u00e6skekapacitet<\/strong>: 40 ml i alt (20 ml pr. smagsbeholder), fyldt med for l\u00e6ngere nydelse.<\/li>\n<li><strong>batteri<\/strong>: 650mAh genopladelig med <strong>Type-C hurtigopladning<\/strong>, fuldt genopladet p\u00e5 45-60 minutter.<\/li>\n<li><strong>spole<\/strong>: Dual mesh spole (1,2\u03a9), der leverer glat damp og rig, ensartet smag.<\/li>\n<li><strong>Nikotinstyrker<\/strong>: Tilg\u00e6ngelig i 0%, 2%, 3% og 5%, der henvender sig til forskellige pr\u00e6ferencer.<\/li>\n<li><strong>smagssystem<\/strong>: Slidekontakt med dobbelt smag, hvilket muligg\u00f8r \u00f8jeblikkelige smagsovergange.<\/li>\n<li><strong>designe<\/strong>: Ergonomisk og b\u00e6rbar, perfekt til vaping p\u00e5 farten.<\/li>\n<\/ul>\n<p dir=\"auto\">Klar til at opleve disse i\u00f8jnefaldende funktioner? I s\u00e5 fald, tjek Bang Blaze 40k kl <a href=\"https:\/\/vapeenjoy.com\/\" target=\"_blank\" rel=\"noopener noreferrer nofollow\">Vape nyde<\/a> For et f\u00f8rsteklasses udvalg af engangsdampe.<\/p>\n<h2 dir=\"auto\">20 unikke kombinationer med to smagsvarianter<\/h2>\n<p dir=\"auto\">Hvad mere er, tilbyder Bang Blaze 40k <strong>20 sp\u00e6ndende kombinationer med to smagsvarianter<\/strong>, designet til at tilfredsstille enhver gane. For eksempel giver dual-flavor skydekontakten dig problemfrit veksle mellem to varianter, hvilket skaber en dynamisk vaping-oplevelse. Her er nogle popul\u00e6re muligheder:<\/p>\n<ol dir=\"auto\">\n<li><strong>vandmelon \/ jordb\u00e6r vandmelon<\/strong>: Juicy Watermelon blander sig problemfrit med s\u00f8d jordb\u00e6rmelon.<\/li>\n<li><strong>Bl\u00e5b\u00e6ris \/ Bl\u00e5b\u00e6r hindb\u00e6r<\/strong>: Afk\u00f8lede bl\u00e5b\u00e6r kombineres med et syrligt hindb\u00e6rudbrud.<\/li>\n<li><strong>Mango Ice \/ Strawberry Mango<\/strong>: Cool mango passer perfekt til en tropisk jordb\u00e6r-mango blanding.<\/li>\n<li><strong>ananas is \/ ananas kokosn\u00f8d<\/strong>: Iskolde ananas smelter sammen med cremet, tropisk kokosn\u00f8d.<\/li>\n<li><strong>Cherry \/ Cherry Coke<\/strong>: Fed kirseb\u00e6r m\u00f8der kirseb\u00e6rcolaens brusende s\u00f8dme.<\/li>\n<li><strong>mynte \/ bl\u00e5b\u00e6r mynte<\/strong>: Frisk mynte komplementerer en k\u00f8lig, forfriskende bl\u00e5b\u00e6r-mynte-fusion.<\/li>\n<li><strong>Sort drageis \/ r\u00f8d tyr<\/strong>: Iskolde sorte dragefrugter blander sig med den energigivende smag af Red Bull.<\/li>\n<li><strong>Citronromantik \/ Californien Cherry<\/strong>: Zesty citron parrer smukt med s\u00f8de californiske kirseb\u00e6r.<\/li>\n<\/ol>\n<p dir=\"auto\">Bes\u00f8g for at opdage alle 20 smagskombinationer <a href=\"https:\/\/vapeenjoy.com\/\" target=\"_blank\" rel=\"noopener noreferrer nofollow\">Vape nyde<\/a> Og find dit perfekte match!<\/p>\n<h2 dir=\"auto\">Hvorfor v\u00e6lge Bang Blaze 40k?<\/h2>\n<p dir=\"auto\">Ud over sine imponerende specifikationer tilbyder Bang Blaze 40k <strong>H\u00f8jt pustantal<\/strong>, <strong>Dual-smag alsidighed<\/strong>, og en <strong>genopladeligt batteri<\/strong>, hvilket g\u00f8r det til et topvalg for vapers, der s\u00f8ger v\u00e6rdi og variation. Ydermere sikrer den dobbelte mesh-spole ensartede, smagfulde hits med hvert pust. P\u00e5 samme m\u00e5de minimerer Type-C hurtigopladningen nedetid, s\u00e5 du hurtigt kan komme tilbage til vaping. Uanset om du foretr\u00e6kker frugtige, iskolde eller slik-inspirerede smagsvarianter, leverer denne enhed en personlig oplevelse.<\/p>\n<p dir=\"auto\">For en premium vaping-l\u00f8sning, udforsk Bang Blaze 40K kl <a href=\"https:\/\/vapeenjoy.com\/\" target=\"_blank\" rel=\"noopener noreferrer nofollow\">Vape nyde<\/a> i dag.<\/p>\n<h2 dir=\"auto\">Ofte stillede sp\u00f8rgsm\u00e5l<\/h2>\n<h3 dir=\"auto\">1. Hvor mange pust giver bang blaze 40k?<\/h3>\n<p dir=\"auto\">Kort sagt, enheden tilbyder op til <strong>40.000 sug<\/strong>, med cirka 20.000 pust pr. smagsbeholder, hvilket sikrer langvarig brug.<\/p>\n<h3 dir=\"auto\">2. Hvad er skydekontakten med to smagsvarianter?<\/h3>\n<p dir=\"auto\">I det v\u00e6sentlige giver skydekontakten dig mulighed for \u00f8jeblikkeligt at skifte mellem to forskellige smagsvarianter i \u00e9n enhed, og tilbyder uovertruffen variation uden at have brug for flere dampe.<\/p>\n<h3 dir=\"auto\">3. Er bang blaze 40k genopladeligt?<\/h3>\n<p dir=\"auto\">Absolut, den har en <strong>650mAh batteri<\/strong> sammen <strong>Type-C hurtigopladning<\/strong>, fuldt genopladet p\u00e5 omkring 45-60 minutter.<\/p>\n<h3 dir=\"auto\">4. Hvordan v\u00e6lger jeg den rigtige smag?<\/h3>\n<p dir=\"auto\">Til at begynde med, overvej dine smagspr\u00e6ferencer: frugtige muligheder som <strong>vandmelon<\/strong> eller <strong>Mango is<\/strong> passer til dem, der nyder s\u00f8de noter, mens <strong>m\u00f8nt<\/strong> eller <strong>bl\u00e5b\u00e6ris<\/strong> Tilbyd en k\u00f8ligere fornemmelse. For eksempel kan du pr\u00f8ve en dual-flavor combo p\u00e5 <a href=\"https:\/\/vapeenjoy.com\/\" target=\"_blank\" rel=\"noopener noreferrer nofollow\">Vape nyde<\/a> at udforske begge profiler.<\/p>\n<h3 dir=\"auto\">5. Hvilke nikotinstyrker er tilg\u00e6ngelige?<\/h3>\n<p dir=\"auto\">Faktisk kommer enheden ind <strong>0%, 2%, 3% og 5%<\/strong> Nikotinstyrker, der henvender sig til en bred vifte af pr\u00e6ferencer.<\/p>\n<h3 dir=\"auto\">6. Hvordan forbedrer dual mesh-spolen vaping?<\/h3>\n<p dir=\"auto\">specifikt <strong>1,2\u03a9 dobbelt mesh spole<\/strong> Sikrer j\u00e6vn dampproduktion og rig, ensartet smag ved hver tr\u00e6kning.<\/p>\n<h3 dir=\"auto\">7 . Kan Bang Blaze 40k genopfyldes?<\/h3>\n<p dir=\"auto\">Desv\u00e6rre, nej, det er en engangsvape. N\u00e5r 40 ml e-v\u00e6ske (20 ml pr. smag) er opbrugt, skal du bortskaffe den ansvarligt.<\/p>\n<h2 dir=\"auto\">F\u00e5 din Bang Blaze 40K i dag<\/h2>\n<p><img fetchpriority=\"high\" decoding=\"async\" class=\"alignnone wp-image-653 size-full\" src=\"https:\/\/vapeenjoy.com\/wp-content\/uploads\/2025\/07\/Bang-Blaze-40K-Puffs-Double-Taste-Disposable-Vape-Flavor.jpg\" alt=\"\" width=\"1080\" height=\"1426\" srcset=\"https:\/\/vapeenjoy.com\/wp-content\/uploads\/2025\/07\/Bang-Blaze-40K-Puffs-Double-Taste-Disposable-Vape-Flavor.jpg 1080w, https:\/\/vapeenjoy.com\/wp-content\/uploads\/2025\/07\/Bang-Blaze-40K-Puffs-Double-Taste-Disposable-Vape-Flavor-600x792.jpg 600w, https:\/\/vapeenjoy.com\/wp-content\/uploads\/2025\/07\/Bang-Blaze-40K-Puffs-Double-Taste-Disposable-Vape-Flavor-227x300.jpg 227w, https:\/\/vapeenjoy.com\/wp-content\/uploads\/2025\/07\/Bang-Blaze-40K-Puffs-Double-Taste-Disposable-Vape-Flavor-776x1024.jpg 776w, https:\/\/vapeenjoy.com\/wp-content\/uploads\/2025\/07\/Bang-Blaze-40K-Puffs-Double-Taste-Disposable-Vape-Flavor-768x1014.jpg 768w\" sizes=\"(max-width: 1080px) 100vw, 1080px\" \/><\/p>","protected":false},"excerpt":{"rendered":"<p dir=\"auto\">Bang, et betroet navn inden for vaping, pr\u00e6senterer Bang Blaze 40k pusten Double Tas Endvape. Denne innovative enhed tilbyder op til 40.000 pust med en 40 ml e-v\u00e6skekapacitet med to smagsvarianter, hvilket tillader problemfri smagsskift. Med et 650mAh genopladeligt batteri, Type-C hurtigopladning og dobbelt mesh-spole, leverer den ensartet, rig damp i et slankt, b\u00e6rbart design.<\/p>","protected":false},"featured_media":660,"comment_status":"open","ping_status":"closed","template":"","meta":[],"product_brand":[16],"product_cat":[23],"product_tag":[64,77],"class_list":{"0":"post-650","1":"product","2":"type-product","3":"status-publish","4":"has-post-thumbnail","6":"product_brand-bang-vape","7":"product_cat-40000-puffs-vape","8":"product_tag-0-5-nicotine","9":"product_tag-40ml","11":"first","12":"instock","13":"sale","14":"shipping-taxable","15":"purchasable","16":"product-type-variable"},"yoast_head":"<!-- This site is optimized with the Yoast SEO plugin v25.7 - https:\/\/yoast.com\/wordpress\/plugins\/seo\/ -->\n<title>Bang Blaze 40K Puffs Double Taste Disposable Vape 40ml e-liquid<\/title>\n<meta name=\"description\" content=\"Bang Blaze 40K Puffs Disposable Vape: 40mL, 0-5% nicotine, 32 dual flavors, 650mAh battery, Type-C charging. Shop now for a bold vaping experience!\" \/>\n<meta name=\"robots\" content=\"index, follow, max-snippet:-1, max-image-preview:large, max-video-preview:-1\" \/>\n<link rel=\"canonical\" href=\"https:\/\/vapeenjoy.com\/da\/vare\/bang-blaze-40k-puffs\/\" \/>\n<meta property=\"og:locale\" content=\"da_DK\" \/>\n<meta property=\"og:type\" content=\"article\" \/>\n<meta property=\"og:title\" content=\"Bang Blaze 40K Puffs Double Taste Disposable Vape 40ml e-liquid\" \/>\n<meta property=\"og:description\" content=\"Bang Blaze 40K Puffs Disposable Vape: 40mL, 0-5% nicotine, 32 dual flavors, 650mAh battery, Type-C charging. Shop now for a bold vaping experience!\" \/>\n<meta property=\"og:url\" content=\"https:\/\/vapeenjoy.com\/da\/vare\/bang-blaze-40k-puffs\/\" \/>\n<meta property=\"og:site_name\" content=\"vapeenjoy\" \/>\n<meta property=\"article:modified_time\" content=\"2025-08-18T08:07:39+00:00\" \/>\n<meta property=\"og:image\" content=\"https:\/\/vapeenjoy.com\/wp-content\/uploads\/2025\/07\/bang-blaze-40k-40000-puffs-tropical-fruits-triple-watermelon.webp\" \/>\n\t<meta property=\"og:image:width\" content=\"1920\" \/>\n\t<meta property=\"og:image:height\" content=\"1920\" \/>\n\t<meta property=\"og:image:type\" content=\"image\/webp\" \/>\n<meta name=\"twitter:card\" content=\"summary_large_image\" \/>\n<meta name=\"twitter:label1\" content=\"Estimeret l\u00e6setid\" \/>\n\t<meta name=\"twitter:data1\" content=\"4 minutter\" \/>\n<script type=\"application\/ld+json\" class=\"yoast-schema-graph\">{\"@context\":\"https:\/\/schema.org\",\"@graph\":[{\"@type\":\"WebPage\",\"@id\":\"https:\/\/vapeenjoy.com\/product\/bang-blaze-40k-puffs\/\",\"url\":\"https:\/\/vapeenjoy.com\/product\/bang-blaze-40k-puffs\/\",\"name\":\"Bang Blaze 40K Puffs Double Taste Disposable Vape 40ml e-liquid\",\"isPartOf\":{\"@id\":\"https:\/\/vapeenjoy.com\/#website\"},\"primaryImageOfPage\":{\"@id\":\"https:\/\/vapeenjoy.com\/product\/bang-blaze-40k-puffs\/#primaryimage\"},\"image\":{\"@id\":\"https:\/\/vapeenjoy.com\/product\/bang-blaze-40k-puffs\/#primaryimage\"},\"thumbnailUrl\":\"https:\/\/vapeenjoy.com\/wp-content\/uploads\/2025\/07\/bang-blaze-40k-40000-puffs-tropical-fruits-triple-watermelon.webp\",\"datePublished\":\"2025-07-26T03:39:40+00:00\",\"dateModified\":\"2025-08-18T08:07:39+00:00\",\"description\":\"Bang Blaze 40K Puffs Disposable Vape: 40mL, 0-5% nicotine, 32 dual flavors, 650mAh battery, Type-C charging. Shop now for a bold vaping experience!\",\"breadcrumb\":{\"@id\":\"https:\/\/vapeenjoy.com\/product\/bang-blaze-40k-puffs\/#breadcrumb\"},\"inLanguage\":\"da-DK\",\"potentialAction\":[{\"@type\":\"ReadAction\",\"target\":[\"https:\/\/vapeenjoy.com\/product\/bang-blaze-40k-puffs\/\"]}]},{\"@type\":\"ImageObject\",\"inLanguage\":\"da-DK\",\"@id\":\"https:\/\/vapeenjoy.com\/product\/bang-blaze-40k-puffs\/#primaryimage\",\"url\":\"https:\/\/vapeenjoy.com\/wp-content\/uploads\/2025\/07\/bang-blaze-40k-40000-puffs-tropical-fruits-triple-watermelon.webp\",\"contentUrl\":\"https:\/\/vapeenjoy.com\/wp-content\/uploads\/2025\/07\/bang-blaze-40k-40000-puffs-tropical-fruits-triple-watermelon.webp\",\"width\":1920,\"height\":1920},{\"@type\":\"BreadcrumbList\",\"@id\":\"https:\/\/vapeenjoy.com\/product\/bang-blaze-40k-puffs\/#breadcrumb\",\"itemListElement\":[{\"@type\":\"ListItem\",\"position\":1,\"name\":\"Home\",\"item\":\"https:\/\/vapeenjoy.com\/\"},{\"@type\":\"ListItem\",\"position\":2,\"name\":\"Shop\",\"item\":\"https:\/\/vapeenjoy.com\/vapeenjoy-shop\/\"},{\"@type\":\"ListItem\",\"position\":3,\"name\":\"Bang Blaze 40K Puffs Double Taste Disposable Vape 40ml 0-5% Nicotine\"}]},{\"@type\":\"WebSite\",\"@id\":\"https:\/\/vapeenjoy.com\/#website\",\"url\":\"https:\/\/vapeenjoy.com\/\",\"name\":\"vapeenjoy\",\"description\":\"An online store for selling vapes\",\"potentialAction\":[{\"@type\":\"SearchAction\",\"target\":{\"@type\":\"EntryPoint\",\"urlTemplate\":\"https:\/\/vapeenjoy.com\/?s={search_term_string}\"},\"query-input\":{\"@type\":\"PropertyValueSpecification\",\"valueRequired\":true,\"valueName\":\"search_term_string\"}}],\"inLanguage\":\"da-DK\"}]}<\/script>\n<!-- \/ Yoast SEO plugin. -->","yoast_head_json":{"title":"Bang Blaze 40K Puffs Double Taste Disposable Vape 40ml E-Liquid","description":"Bang Blaze 40K Puffs Engangsdamp: 40ml, 0-5% Nikotin, 32 Dual Flavors, 650mAh batteri, Type-C opladning. K\u00f8b nu for en fed vapingoplevelse!","robots":{"index":"index","follow":"follow","max-snippet":"max-snippet:-1","max-image-preview":"max-image-preview:large","max-video-preview":"max-video-preview:-1"},"canonical":"https:\/\/vapeenjoy.com\/da\/vare\/bang-blaze-40k-puffs\/","og_locale":"da_DK","og_type":"article","og_title":"Bang Blaze 40K Puffs Double Taste Disposable Vape 40ml e-liquid","og_description":"Bang Blaze 40K Puffs Disposable Vape: 40mL, 0-5% nicotine, 32 dual flavors, 650mAh battery, Type-C charging. Shop now for a bold vaping experience!","og_url":"https:\/\/vapeenjoy.com\/da\/vare\/bang-blaze-40k-puffs\/","og_site_name":"vapeenjoy","article_modified_time":"2025-08-18T08:07:39+00:00","og_image":[{"width":1920,"height":1920,"url":"https:\/\/vapeenjoy.com\/wp-content\/uploads\/2025\/07\/bang-blaze-40k-40000-puffs-tropical-fruits-triple-watermelon.webp","type":"image\/webp"}],"twitter_card":"summary_large_image","twitter_misc":{"Estimeret l\u00e6setid":"4 minutter"},"schema":{"@context":"https:\/\/schema.org","@graph":[{"@type":"WebPage","@id":"https:\/\/vapeenjoy.com\/product\/bang-blaze-40k-puffs\/","url":"https:\/\/vapeenjoy.com\/product\/bang-blaze-40k-puffs\/","name":"Bang Blaze 40K Puffs Double Taste Disposable Vape 40ml E-Liquid","isPartOf":{"@id":"https:\/\/vapeenjoy.com\/#website"},"primaryImageOfPage":{"@id":"https:\/\/vapeenjoy.com\/product\/bang-blaze-40k-puffs\/#primaryimage"},"image":{"@id":"https:\/\/vapeenjoy.com\/product\/bang-blaze-40k-puffs\/#primaryimage"},"thumbnailUrl":"https:\/\/vapeenjoy.com\/wp-content\/uploads\/2025\/07\/bang-blaze-40k-40000-puffs-tropical-fruits-triple-watermelon.webp","datePublished":"2025-07-26T03:39:40+00:00","dateModified":"2025-08-18T08:07:39+00:00","description":"Bang Blaze 40K Puffs Engangsdamp: 40ml, 0-5% Nikotin, 32 Dual Flavors, 650mAh batteri, Type-C opladning. K\u00f8b nu for en fed vapingoplevelse!","breadcrumb":{"@id":"https:\/\/vapeenjoy.com\/product\/bang-blaze-40k-puffs\/#breadcrumb"},"inLanguage":"da-DK","potentialAction":[{"@type":"ReadAction","target":["https:\/\/vapeenjoy.com\/product\/bang-blaze-40k-puffs\/"]}]},{"@type":"ImageObject","inLanguage":"da-DK","@id":"https:\/\/vapeenjoy.com\/product\/bang-blaze-40k-puffs\/#primaryimage","url":"https:\/\/vapeenjoy.com\/wp-content\/uploads\/2025\/07\/bang-blaze-40k-40000-puffs-tropical-fruits-triple-watermelon.webp","contentUrl":"https:\/\/vapeenjoy.com\/wp-content\/uploads\/2025\/07\/bang-blaze-40k-40000-puffs-tropical-fruits-triple-watermelon.webp","width":1920,"height":1920},{"@type":"BreadcrumbList","@id":"https:\/\/vapeenjoy.com\/product\/bang-blaze-40k-puffs\/#breadcrumb","itemListElement":[{"@type":"ListItem","position":1,"name":"Home","item":"https:\/\/vapeenjoy.com\/"},{"@type":"ListItem","position":2,"name":"Shop","item":"https:\/\/vapeenjoy.com\/vapeenjoy-shop\/"},{"@type":"ListItem","position":3,"name":"Bang Blaze 40K Puffs Double Taste Disposable Vape 40ml 0-5% Nicotine"}]},{"@type":"WebSite","@id":"https:\/\/vapeenjoy.com\/#website","url":"https:\/\/vapeenjoy.com\/","name":"VapeenJoy","description":"en online butik til salg af dampe","potentialAction":[{"@type":"SearchAction","target":{"@type":"EntryPoint","urlTemplate":"https:\/\/vapeenjoy.com\/?s={search_term_string}"},"query-input":{"@type":"PropertyValueSpecification","valueRequired":true,"valueName":"search_term_string"}}],"inLanguage":"da-DK"}]}},"_links":{"self":[{"href":"https:\/\/vapeenjoy.com\/da\/wp-json\/wp\/v2\/product\/650","targetHints":{"allow":["GET"]}}],"collection":[{"href":"https:\/\/vapeenjoy.com\/da\/wp-json\/wp\/v2\/product"}],"about":[{"href":"https:\/\/vapeenjoy.com\/da\/wp-json\/wp\/v2\/types\/product"}],"replies":[{"embeddable":true,"href":"https:\/\/vapeenjoy.com\/da\/wp-json\/wp\/v2\/comments?post=650"}],"version-history":[{"count":4,"href":"https:\/\/vapeenjoy.com\/da\/wp-json\/wp\/v2\/product\/650\/revisions"}],"predecessor-version":[{"id":2317,"href":"https:\/\/vapeenjoy.com\/da\/wp-json\/wp\/v2\/product\/650\/revisions\/2317"}],"wp:featuredmedia":[{"embeddable":true,"href":"https:\/\/vapeenjoy.com\/da\/wp-json\/wp\/v2\/media\/660"}],"wp:attachment":[{"href":"https:\/\/vapeenjoy.com\/da\/wp-json\/wp\/v2\/media?parent=650"}],"wp:term":[{"taxonomy":"product_brand","embeddable":true,"href":"https:\/\/vapeenjoy.com\/da\/wp-json\/wp\/v2\/product_brand?post=650"},{"taxonomy":"product_cat","embeddable":true,"href":"https:\/\/vapeenjoy.com\/da\/wp-json\/wp\/v2\/product_cat?post=650"},{"taxonomy":"product_tag","embeddable":true,"href":"https:\/\/vapeenjoy.com\/da\/wp-json\/wp\/v2\/product_tag?post=650"}],"curies":[{"name":"wp","href":"https:\/\/api.w.org\/{rel}","templated":true}]}}