{"id":84,"date":"2025-07-17T01:53:19","date_gmt":"2025-07-17T01:53:19","guid":{"rendered":"https:\/\/vapeenjoy.com\/?post_type=product&#038;p=84"},"modified":"2025-09-17T04:01:54","modified_gmt":"2025-09-17T04:01:54","slug":"bang-king-triple-75k-puffs-3-in-1-flavor-vape-45ml-0-5-nicotine-type-c-rechargeable","status":"publish","type":"product","link":"https:\/\/vapeenjoy.com\/da\/vare\/bang-king-triple-75k-puffs-3-in-1-flavor-vape-45ml-0-5-nikotin-type-c-genopladelig\/","title":{"rendered":"BANG King Triple 75K Puffs 3-i-1 Flavors Disposable Vape 45ml 0-5% Nikotin Type-C Genopladelig"},"content":{"rendered":"<h2 dir=\"ltr\" data-pm-slice=\"1 3 []\">Revideret produktbeskrivelse for bang king triple 75k puffs engangsvape<\/h2>\n<p dir=\"ltr\">Bang King, et betroet navn inden for vaping, leverer kvalitet og innovation. Bang King Triple 75K Puffs Disposable Vape tilbyder en praktisk l\u00f8sning med h\u00f8j kapacitet. Dens slanke design inkluderer glatte kanter, en levende finish og et LED-display til overv\u00e5gning i realtid. Desuden er den ergonomisk og visuelt tiltalende, hvilket g\u00f8r den ideel til daglig brug.<\/p>\n<h2 dir=\"ltr\">Bang King Triple 75K Puffs Disposable Vape Specifikationer<\/h2>\n<ul class=\"tight\" dir=\"ltr\" data-tight=\"true\">\n<li>\n<p dir=\"ltr\"><strong>pustende greve<\/strong>: Op til 75.000 pust til l\u00e6ngerevarende brug.<\/p>\n<\/li>\n<li>\n<p dir=\"ltr\"><strong>e-likvid<\/strong>: 45 ml p\u00e5 tv\u00e6rs af tre 15 ml pods.<\/p>\n<\/li>\n<li>\n<p dir=\"ltr\"><strong>batteri<\/strong>: 650mAh, genopladelig via Type-C.<\/p>\n<\/li>\n<li>\n<p dir=\"ltr\"><strong>nikotin<\/strong>: 0%, 2%, 3% eller 5% muligheder.<\/p>\n<\/li>\n<li>\n<p dir=\"ltr\"><strong>spole<\/strong>: Triple mesh for rig smag og damp.<\/p>\n<\/li>\n<li>\n<p dir=\"ltr\"><strong>smagsstoffer<\/strong>: 3-i-1 justerbart system til variation.<\/p>\n<\/li>\n<li>\n<p dir=\"ltr\"><strong>aktivering<\/strong>: Auto-tegning for nem, knapfri brug.<\/p>\n<\/li>\n<li>\n<p dir=\"ltr\"><strong>udstille<\/strong>: LED viser batteri- og e-v\u00e6skeniveauer.<\/p>\n<\/li>\n<li>\n<p dir=\"ltr\"><strong>opladning<\/strong>: Type-C til hurtig genopladning.<\/p>\n<\/li>\n<\/ul>\n<h2 dir=\"ltr\">Smagskombinationer<\/h2>\n<p dir=\"ltr\">Udforsk 16 unikke smagstrioer:<\/p>\n<ol class=\"tight\" dir=\"ltr\" data-tight=\"true\">\n<li>\n<p dir=\"ltr\">Vandmelon \/ Red Bull \/ Strawberry Kiwi<\/p>\n<\/li>\n<li>\n<p dir=\"ltr\">Citronlime \/ Jordb\u00e6r Vandmelon \/ Bl\u00e5b\u00e6ris<\/p>\n<\/li>\n<li>\n<p dir=\"ltr\">Jordb\u00e6r Banan \/ Hindb\u00e6r Vandmelon \/ Pink Lemonade<\/p>\n<\/li>\n<li>\n<p dir=\"ltr\">Blue Razz Cherry \/ Cool Mint \/ Peach Mango<\/p>\n<\/li>\n<li>\n<p dir=\"ltr\">Tropisk frugt \/ jordb\u00e6r vandmelon \/ citron fersken<\/p>\n<\/li>\n<li>\n<p dir=\"ltr\">ananas kokos \/ jordb\u00e6r banan \/ bl\u00e5 razz<\/p>\n<\/li>\n<li>\n<p dir=\"ltr\">Strawberry Watermelon \/ Triple Melon \/ Strawberry Ice<\/p>\n<\/li>\n<li>\n<p dir=\"ltr\">Blandet frugt \/ Mango fersken \/ drueis<\/p>\n<\/li>\n<li>\n<p dir=\"ltr\">Strawberry Vanilla Coke \/ Peach Ice \/ Black Dragon Ice<\/p>\n<\/li>\n<li>\n<p dir=\"ltr\">Lush Ice \/ Kiwi Passion Fruit Guava \/ Strawberry Mango<\/p>\n<\/li>\n<li>\n<p dir=\"ltr\">Strawberry Watermelon \/ Watermelon \/ Blue Razz<\/p>\n<\/li>\n<li>\n<p dir=\"ltr\">B\u00e6r limonade \/ jordb\u00e6r red bull \/ jordb\u00e6r pomp<\/p>\n<\/li>\n<li>\n<p dir=\"ltr\">Dobbelt \u00e6ble \/ frugtig fusion \/ ananas<\/p>\n<\/li>\n<li>\n<p dir=\"ltr\">Cola Ice \/ Mr Blue \/ Cherry Cola<\/p>\n<\/li>\n<li>\n<p dir=\"ltr\">Strawberry Donut \/ Banana Ice \/ Love 66<\/p>\n<\/li>\n<li>\n<p dir=\"ltr\">Ice Tea Lemon Ice \/ Mango On Ice \/ Lychee Ice<\/p>\n<\/li>\n<\/ol>\n<h2 dir=\"ltr\">Ofte stillede sp\u00f8rgsm\u00e5l<\/h2>\n<ol dir=\"ltr\">\n<li>\n<p dir=\"ltr\"><strong>Hvordan skifter jeg smag?<\/strong><br \/>\nSkub smagsv\u00e6lgeren for at v\u00e6lge en pod. Derfor forbliver smag rene uden at blande sig.<\/p>\n<\/li>\n<li>\n<p dir=\"ltr\"><strong>Hvorfor bruge en triple mesh-spole?<\/strong><br \/>\nSpolen forst\u00e6rker smag og damp, hvilket sikrer en j\u00e6vn, rig oplevelse.<\/p>\n<\/li>\n<li>\n<p dir=\"ltr\"><strong>Hvorn\u00e5r skal jeg genoplade?<\/strong><br \/>\nLED-displayet viser batteriniveauer, der advarer dig om at genoplade via Type-C.<\/p>\n<\/li>\n<li>\n<p dir=\"ltr\"><strong>Hvordan v\u00e6lger jeg en smag?<\/strong><br \/>\nFor s\u00f8de noter, pr\u00f8v jordb\u00e6rvandmelon. Til forfriskning skal du v\u00e6lge Cool Mint. Alternativt tilbyder jordb\u00e6rvaniljekoks en unik smag.<\/p>\n<\/li>\n<li>\n<p dir=\"ltr\"><strong>Er det velegnet til ikke-nikotinbrugere?<\/strong><br \/>\nJa, 0% nikotinmuligheden passer til nikotinfri vaping.<\/p>\n<\/li>\n<li>\n<p dir=\"ltr\"><strong>Hvor l\u00e6nge holder en pod?<\/strong><br \/>\nHver 15 ml pod leverer omkring 25.000 pust, afh\u00e6ngigt af brug.<\/p>\n<\/li>\n<li>\n<p dir=\"ltr\"><strong>Kan jeg vape under opladning?<\/strong><br \/>\nFor en sikkerheds skyld skal du undg\u00e5 at bruge enheden under opladning for at opretholde batteriets ydeevne.<\/p>\n<\/li>\n<\/ol>\n<p>&nbsp;<\/p>\n<p><img fetchpriority=\"high\" decoding=\"async\" class=\"alignnone wp-image-90 size-full\" src=\"https:\/\/vapeenjoy.com\/wp-content\/uploads\/2025\/07\/WPS\u56fe\u72471-\u62f7\u8d1d-2.png\" alt=\"Bang King Triple 75K Puffs 3-i-1 smagsvarianter Engangs vape smag \" width=\"1080\" height=\"720\" srcset=\"https:\/\/vapeenjoy.com\/wp-content\/uploads\/2025\/07\/WPS\u56fe\u72471-\u62f7\u8d1d-2.png 1080w, https:\/\/vapeenjoy.com\/wp-content\/uploads\/2025\/07\/WPS\u56fe\u72471-\u62f7\u8d1d-2-150x100.png 150w, https:\/\/vapeenjoy.com\/wp-content\/uploads\/2025\/07\/WPS\u56fe\u72471-\u62f7\u8d1d-2-600x400.png 600w, https:\/\/vapeenjoy.com\/wp-content\/uploads\/2025\/07\/WPS\u56fe\u72471-\u62f7\u8d1d-2-300x200.png 300w, https:\/\/vapeenjoy.com\/wp-content\/uploads\/2025\/07\/WPS\u56fe\u72471-\u62f7\u8d1d-2-1024x683.png 1024w, https:\/\/vapeenjoy.com\/wp-content\/uploads\/2025\/07\/WPS\u56fe\u72471-\u62f7\u8d1d-2-768x512.png 768w\" sizes=\"(max-width: 1080px) 100vw, 1080px\" \/><\/p>","protected":false},"excerpt":{"rendered":"<p>Bang King, en leder inden for vaping, pr\u00e6senterer Triple 75K Puffs engangsvape. Nyd 75.000 pust, 45 ml e-v\u00e6ske med tre 15 ml pods, et 650mAh genopladeligt batteri og triple mesh spole for dristige smag. Skift mellem 16 smagskombinationer med lethed.<\/p>","protected":false},"featured_media":89,"comment_status":"open","ping_status":"closed","template":"","meta":[],"product_brand":[16],"product_cat":[20],"product_tag":[64,73,94],"class_list":{"0":"post-84","1":"product","2":"type-product","3":"status-publish","4":"has-post-thumbnail","6":"product_brand-bang-vape","7":"product_cat-75k-puffs-vape","8":"product_tag-0-5-nicotine","9":"product_tag-3-in-1-flavors","10":"product_tag-45ml","12":"first","13":"outofstock","14":"sale","15":"shipping-taxable","16":"purchasable","17":"product-type-variable"},"yoast_head":"<!-- This site is optimized with the Yoast SEO plugin v25.7 - https:\/\/yoast.com\/wordpress\/plugins\/seo\/ -->\n<title>Bang King Triple 75K Puffs 3-in-1 Flavors Disposable Vape 45ml<\/title>\n<meta name=\"description\" content=\"Get the Bang King Triple 75K Puffs Disposable Vape with 45mL e-liquid, 0-5% nicotine, and Type-C charging. Enjoy 3-in-1 flavors. Buy now!\" \/>\n<meta name=\"robots\" content=\"index, follow, max-snippet:-1, max-image-preview:large, max-video-preview:-1\" \/>\n<link rel=\"canonical\" href=\"https:\/\/vapeenjoy.com\/da\/vare\/bang-king-triple-75k-puffs-3-in-1-flavor-vape-45ml-0-5-nikotin-type-c-genopladelig\/\" \/>\n<meta property=\"og:locale\" content=\"da_DK\" \/>\n<meta property=\"og:type\" content=\"article\" \/>\n<meta property=\"og:title\" content=\"Bang King Triple 75K Puffs 3-in-1 Flavors Disposable Vape 45ml\" \/>\n<meta property=\"og:description\" content=\"Get the Bang King Triple 75K Puffs Disposable Vape with 45mL e-liquid, 0-5% nicotine, and Type-C charging. Enjoy 3-in-1 flavors. Buy now!\" \/>\n<meta property=\"og:url\" content=\"https:\/\/vapeenjoy.com\/da\/vare\/bang-king-triple-75k-puffs-3-in-1-flavor-vape-45ml-0-5-nikotin-type-c-genopladelig\/\" \/>\n<meta property=\"og:site_name\" content=\"vapeenjoy\" \/>\n<meta property=\"article:modified_time\" content=\"2025-09-17T04:01:54+00:00\" \/>\n<meta property=\"og:image\" content=\"https:\/\/vapeenjoy.com\/wp-content\/uploads\/2025\/07\/\u4e3b\u56fe.png\" \/>\n\t<meta property=\"og:image:width\" content=\"800\" \/>\n\t<meta property=\"og:image:height\" content=\"800\" \/>\n\t<meta property=\"og:image:type\" content=\"image\/png\" \/>\n<meta name=\"twitter:card\" content=\"summary_large_image\" \/>\n<meta name=\"twitter:label1\" content=\"Estimeret l\u00e6setid\" \/>\n\t<meta name=\"twitter:data1\" content=\"3 minutter\" \/>\n<script type=\"application\/ld+json\" class=\"yoast-schema-graph\">{\"@context\":\"https:\/\/schema.org\",\"@graph\":[{\"@type\":\"WebPage\",\"@id\":\"https:\/\/vapeenjoy.com\/product\/bang-king-triple-75k-puffs-3-in-1-flavor-vape-45ml-0-5-nicotine-type-c-rechargeable\/\",\"url\":\"https:\/\/vapeenjoy.com\/product\/bang-king-triple-75k-puffs-3-in-1-flavor-vape-45ml-0-5-nicotine-type-c-rechargeable\/\",\"name\":\"Bang King Triple 75K Puffs 3-in-1 Flavors Disposable Vape 45ml\",\"isPartOf\":{\"@id\":\"https:\/\/vapeenjoy.com\/#website\"},\"primaryImageOfPage\":{\"@id\":\"https:\/\/vapeenjoy.com\/product\/bang-king-triple-75k-puffs-3-in-1-flavor-vape-45ml-0-5-nicotine-type-c-rechargeable\/#primaryimage\"},\"image\":{\"@id\":\"https:\/\/vapeenjoy.com\/product\/bang-king-triple-75k-puffs-3-in-1-flavor-vape-45ml-0-5-nicotine-type-c-rechargeable\/#primaryimage\"},\"thumbnailUrl\":\"https:\/\/vapeenjoy.com\/wp-content\/uploads\/2025\/07\/\u4e3b\u56fe.png\",\"datePublished\":\"2025-07-17T01:53:19+00:00\",\"dateModified\":\"2025-09-17T04:01:54+00:00\",\"description\":\"Get the Bang King Triple 75K Puffs Disposable Vape with 45mL e-liquid, 0-5% nicotine, and Type-C charging. Enjoy 3-in-1 flavors. Buy now!\",\"breadcrumb\":{\"@id\":\"https:\/\/vapeenjoy.com\/product\/bang-king-triple-75k-puffs-3-in-1-flavor-vape-45ml-0-5-nicotine-type-c-rechargeable\/#breadcrumb\"},\"inLanguage\":\"da-DK\",\"potentialAction\":[{\"@type\":\"ReadAction\",\"target\":[\"https:\/\/vapeenjoy.com\/product\/bang-king-triple-75k-puffs-3-in-1-flavor-vape-45ml-0-5-nicotine-type-c-rechargeable\/\"]}]},{\"@type\":\"ImageObject\",\"inLanguage\":\"da-DK\",\"@id\":\"https:\/\/vapeenjoy.com\/product\/bang-king-triple-75k-puffs-3-in-1-flavor-vape-45ml-0-5-nicotine-type-c-rechargeable\/#primaryimage\",\"url\":\"https:\/\/vapeenjoy.com\/wp-content\/uploads\/2025\/07\/\u4e3b\u56fe.png\",\"contentUrl\":\"https:\/\/vapeenjoy.com\/wp-content\/uploads\/2025\/07\/\u4e3b\u56fe.png\",\"width\":800,\"height\":800},{\"@type\":\"BreadcrumbList\",\"@id\":\"https:\/\/vapeenjoy.com\/product\/bang-king-triple-75k-puffs-3-in-1-flavor-vape-45ml-0-5-nicotine-type-c-rechargeable\/#breadcrumb\",\"itemListElement\":[{\"@type\":\"ListItem\",\"position\":1,\"name\":\"Home\",\"item\":\"https:\/\/vapeenjoy.com\/\"},{\"@type\":\"ListItem\",\"position\":2,\"name\":\"Shop\",\"item\":\"https:\/\/vapeenjoy.com\/vapeenjoy-shop\/\"},{\"@type\":\"ListItem\",\"position\":3,\"name\":\"Bang King Triple 75K Puffs 3-in-1 Flavors Disposable Vape 45ml 0-5% Nicotine Type-C Rechargeable\"}]},{\"@type\":\"WebSite\",\"@id\":\"https:\/\/vapeenjoy.com\/#website\",\"url\":\"https:\/\/vapeenjoy.com\/\",\"name\":\"vapeenjoy\",\"description\":\"An online store for selling vapes\",\"potentialAction\":[{\"@type\":\"SearchAction\",\"target\":{\"@type\":\"EntryPoint\",\"urlTemplate\":\"https:\/\/vapeenjoy.com\/?s={search_term_string}\"},\"query-input\":{\"@type\":\"PropertyValueSpecification\",\"valueRequired\":true,\"valueName\":\"search_term_string\"}}],\"inLanguage\":\"da-DK\"}]}<\/script>\n<!-- \/ Yoast SEO plugin. -->","yoast_head_json":{"title":"Bang King Triple 75K Puffs 3-i-1 Flavors Disposable Vape 45ml","description":"F\u00e5 Bang King Triple 75K Puffs engangsvape med 45 ml e-v\u00e6ske, 0-5% nikotin og Type-C opladning. Nyd 3-i-1 smag. K\u00d8B NU!","robots":{"index":"index","follow":"follow","max-snippet":"max-snippet:-1","max-image-preview":"max-image-preview:large","max-video-preview":"max-video-preview:-1"},"canonical":"https:\/\/vapeenjoy.com\/da\/vare\/bang-king-triple-75k-puffs-3-in-1-flavor-vape-45ml-0-5-nikotin-type-c-genopladelig\/","og_locale":"da_DK","og_type":"article","og_title":"Bang King Triple 75K Puffs 3-in-1 Flavors Disposable Vape 45ml","og_description":"Get the Bang King Triple 75K Puffs Disposable Vape with 45mL e-liquid, 0-5% nicotine, and Type-C charging. Enjoy 3-in-1 flavors. Buy now!","og_url":"https:\/\/vapeenjoy.com\/da\/vare\/bang-king-triple-75k-puffs-3-in-1-flavor-vape-45ml-0-5-nikotin-type-c-genopladelig\/","og_site_name":"vapeenjoy","article_modified_time":"2025-09-17T04:01:54+00:00","og_image":[{"width":800,"height":800,"url":"https:\/\/vapeenjoy.com\/wp-content\/uploads\/2025\/07\/\u4e3b\u56fe.png","type":"image\/png"}],"twitter_card":"summary_large_image","twitter_misc":{"Estimeret l\u00e6setid":"3 minutter"},"schema":{"@context":"https:\/\/schema.org","@graph":[{"@type":"WebPage","@id":"https:\/\/vapeenjoy.com\/product\/bang-king-triple-75k-puffs-3-in-1-flavor-vape-45ml-0-5-nicotine-type-c-rechargeable\/","url":"https:\/\/vapeenjoy.com\/product\/bang-king-triple-75k-puffs-3-in-1-flavor-vape-45ml-0-5-nicotine-type-c-rechargeable\/","name":"Bang King Triple 75K Puffs 3-i-1 Flavors Disposable Vape 45ml","isPartOf":{"@id":"https:\/\/vapeenjoy.com\/#website"},"primaryImageOfPage":{"@id":"https:\/\/vapeenjoy.com\/product\/bang-king-triple-75k-puffs-3-in-1-flavor-vape-45ml-0-5-nicotine-type-c-rechargeable\/#primaryimage"},"image":{"@id":"https:\/\/vapeenjoy.com\/product\/bang-king-triple-75k-puffs-3-in-1-flavor-vape-45ml-0-5-nicotine-type-c-rechargeable\/#primaryimage"},"thumbnailUrl":"https:\/\/vapeenjoy.com\/wp-content\/uploads\/2025\/07\/\u4e3b\u56fe.png","datePublished":"2025-07-17T01:53:19+00:00","dateModified":"2025-09-17T04:01:54+00:00","description":"F\u00e5 Bang King Triple 75K Puffs engangsvape med 45 ml e-v\u00e6ske, 0-5% nikotin og Type-C opladning. Nyd 3-i-1 smag. K\u00d8B NU!","breadcrumb":{"@id":"https:\/\/vapeenjoy.com\/product\/bang-king-triple-75k-puffs-3-in-1-flavor-vape-45ml-0-5-nicotine-type-c-rechargeable\/#breadcrumb"},"inLanguage":"da-DK","potentialAction":[{"@type":"ReadAction","target":["https:\/\/vapeenjoy.com\/product\/bang-king-triple-75k-puffs-3-in-1-flavor-vape-45ml-0-5-nicotine-type-c-rechargeable\/"]}]},{"@type":"ImageObject","inLanguage":"da-DK","@id":"https:\/\/vapeenjoy.com\/product\/bang-king-triple-75k-puffs-3-in-1-flavor-vape-45ml-0-5-nicotine-type-c-rechargeable\/#primaryimage","url":"https:\/\/vapeenjoy.com\/wp-content\/uploads\/2025\/07\/\u4e3b\u56fe.png","contentUrl":"https:\/\/vapeenjoy.com\/wp-content\/uploads\/2025\/07\/\u4e3b\u56fe.png","width":800,"height":800},{"@type":"BreadcrumbList","@id":"https:\/\/vapeenjoy.com\/product\/bang-king-triple-75k-puffs-3-in-1-flavor-vape-45ml-0-5-nicotine-type-c-rechargeable\/#breadcrumb","itemListElement":[{"@type":"ListItem","position":1,"name":"Home","item":"https:\/\/vapeenjoy.com\/"},{"@type":"ListItem","position":2,"name":"Shop","item":"https:\/\/vapeenjoy.com\/vapeenjoy-shop\/"},{"@type":"ListItem","position":3,"name":"Bang King Triple 75K Puffs 3-in-1 Flavors Disposable Vape 45ml 0-5% Nicotine Type-C Rechargeable"}]},{"@type":"WebSite","@id":"https:\/\/vapeenjoy.com\/#website","url":"https:\/\/vapeenjoy.com\/","name":"VapeenJoy","description":"en online butik til salg af dampe","potentialAction":[{"@type":"SearchAction","target":{"@type":"EntryPoint","urlTemplate":"https:\/\/vapeenjoy.com\/?s={search_term_string}"},"query-input":{"@type":"PropertyValueSpecification","valueRequired":true,"valueName":"search_term_string"}}],"inLanguage":"da-DK"}]}},"_links":{"self":[{"href":"https:\/\/vapeenjoy.com\/da\/wp-json\/wp\/v2\/product\/84","targetHints":{"allow":["GET"]}}],"collection":[{"href":"https:\/\/vapeenjoy.com\/da\/wp-json\/wp\/v2\/product"}],"about":[{"href":"https:\/\/vapeenjoy.com\/da\/wp-json\/wp\/v2\/types\/product"}],"replies":[{"embeddable":true,"href":"https:\/\/vapeenjoy.com\/da\/wp-json\/wp\/v2\/comments?post=84"}],"version-history":[{"count":4,"href":"https:\/\/vapeenjoy.com\/da\/wp-json\/wp\/v2\/product\/84\/revisions"}],"predecessor-version":[{"id":2329,"href":"https:\/\/vapeenjoy.com\/da\/wp-json\/wp\/v2\/product\/84\/revisions\/2329"}],"wp:featuredmedia":[{"embeddable":true,"href":"https:\/\/vapeenjoy.com\/da\/wp-json\/wp\/v2\/media\/89"}],"wp:attachment":[{"href":"https:\/\/vapeenjoy.com\/da\/wp-json\/wp\/v2\/media?parent=84"}],"wp:term":[{"taxonomy":"product_brand","embeddable":true,"href":"https:\/\/vapeenjoy.com\/da\/wp-json\/wp\/v2\/product_brand?post=84"},{"taxonomy":"product_cat","embeddable":true,"href":"https:\/\/vapeenjoy.com\/da\/wp-json\/wp\/v2\/product_cat?post=84"},{"taxonomy":"product_tag","embeddable":true,"href":"https:\/\/vapeenjoy.com\/da\/wp-json\/wp\/v2\/product_tag?post=84"}],"curies":[{"name":"wp","href":"https:\/\/api.w.org\/{rel}","templated":true}]}}