{"id":11,"date":"2025-07-16T06:46:06","date_gmt":"2025-07-16T06:46:06","guid":{"rendered":"https:\/\/vapeenjoy.com\/?page_id=11"},"modified":"2025-08-26T08:30:12","modified_gmt":"2025-08-26T08:30:12","slug":"conditions-of-transport","status":"publish","type":"page","link":"https:\/\/vapeenjoy.com\/de\/transportbedingungen\/","title":{"rendered":"Transportbedingungen"},"content":{"rendered":"<div data-elementor-type=\"wp-page\" data-elementor-id=\"11\" class=\"elementor elementor-11\">\n\t\t\t\t<div class=\"wd-negative-gap elementor-element elementor-element-69cb6f19 e-flex e-con-boxed e-con e-parent\" data-id=\"69cb6f19\" data-element_type=\"container\">\n\t\t\t\t\t<div class=\"e-con-inner\">\n\t\t\t\t<div class=\"elementor-element elementor-element-51a6e90a color-scheme-inherit text-left elementor-widget elementor-widget-text-editor\" data-id=\"51a6e90a\" data-element_type=\"widget\" data-widget_type=\"text-editor.default\">\n\t\t\t\t\t\t\t\t\t\n<h2>Vapeenjoy Transportbedingungen<\/h2>\n<h2>1. Auftragsabwicklung und Versand<\/h2>\n<ul>\n<li>Bestellungen werden innerhalb von 1\u20133 Werktagen bearbeitet und versendet.<\/li>\n<li>Die Lieferung dauert in der Regel 7\u201315 Werktage.<\/li>\n<li>Bitte beachten Sie, dass Bestellungen nicht am Wochenende versandt werden.<\/li>\n<\/ul>\n<h2>2. Sendungsverfolgung<\/h2>\n<ul>\n<li>Sobald Ihre Bestellung versandt wurde, erhalten Sie eine Sendungsnummer per E-Mail.<\/li>\n<li>Sie k\u00f6nnen Ihre Sendung mit der angegebenen Tracking-Nummer auf verfolgen <a href=\"https:\/\/www.17track.net\/\">17track.net<\/a>.<\/li>\n<li>Die Aktualisierung der Tracking-Informationen kann 1\u20132 Tage dauern.<\/li>\n<\/ul>\n<h2>3. Bestellungs\u00e4nderungen<\/h2>\n<ul>\n<li>Sie k\u00f6nnen Ihre Bestellung jederzeit stornieren oder die Lieferadresse aktualisieren, bevor die Bestellung versandt wird.<\/li>\n<li>Nach Versand einer Bestellung sind R\u00fcckerstattungen oder Adress\u00e4nderungen nicht mehr m\u00f6glich.<\/li>\n<li>F\u00fcr Bestellungen in die USA und Australien ist kostenloser Versand m\u00f6glich.<\/li>\n<\/ul>\n<h2>4. Versandarten und -pflichten<\/h2>\n<p>F\u00fcr ausgew\u00e4hlte L\u00e4nder bieten wir Versandkosten (DDP) an, was bedeutet, dass Sie keine Zollgeb\u00fchren anfallen. Diese L\u00e4nder und ihre entsprechenden Versandmethoden sind wie folgt:<\/p>\n<ul>\n<li><strong>USA<\/strong>: UPS Express (ohne Alaska und Hawaii)<\/li>\n<li><strong>Vereinigtes K\u00f6nigreich<\/strong>: Lokaler DPD-Express<\/li>\n<li><strong>Europa<\/strong>: UPS Express, DPD Express oder DHL Express<\/li>\n<li><strong>DDP-f\u00e4hige europ\u00e4ische L\u00e4nder<\/strong>: Deutschland, Belgien, Luxemburg, Niederlande, Tschechien, Polen, Kroatien, Slowakei, Finnland, D\u00e4nemark, Schweden, \u00d6sterreich, Frankreich, Italien, Ungarn, Bulgarien, Litauen, Estland, Lettland, Griechenland, Irland, Portugal, Spanien<\/li>\n<\/ul>\n<h2>5. Versandzeiten nach Land<\/h2>\n<p>Nachfolgend sind die Versandmethoden und die voraussichtlichen Lieferzeiten f\u00fcr bestimmte L\u00e4nder aufgef\u00fchrt:<\/p>\n<table>\n<thead>\n<tr>\n<th>Land<\/th>\n<th>Versandart<\/th>\n<th>Voraussichtliche Lieferzeit<\/th>\n<\/tr>\n<\/thead>\n<tbody>\n<tr>\n<td>USA<\/td>\n<td>Lokale UPS-Boden<\/td>\n<td>10\u201315 Tage<\/td>\n<\/tr>\n<tr>\n<td>Vereinigtes K\u00f6nigreich<\/td>\n<td>Lokaler DPD-Express<\/td>\n<td>7\u201312 Tage<\/td>\n<\/tr>\n<tr>\n<td>Deutschland<\/td>\n<td>UPS\/DPD\/DHL Deutschland<\/td>\n<td>8\u201315 Tage<\/td>\n<\/tr>\n<tr>\n<td>Frankreich<\/td>\n<td>UPS\/DPD\/DHL Deutschland<\/td>\n<td>10\u201315 Tage<\/td>\n<\/tr>\n<tr>\n<td>Belgien<\/td>\n<td>UPS\/DPD\/DHL Deutschland<\/td>\n<td>10\u201315 Tage<\/td>\n<\/tr>\n<tr>\n<td>Luxemburg<\/td>\n<td>UPS\/DPD\/DHL Deutschland<\/td>\n<td>10\u201315 Tage<\/td>\n<\/tr>\n<tr>\n<td>Niederlande<\/td>\n<td>UPS\/DPD\/DHL Deutschland<\/td>\n<td>10\u201315 Tage<\/td>\n<\/tr>\n<tr>\n<td>Tschechien<\/td>\n<td>UPS\/DPD\/DHL Deutschland<\/td>\n<td>10\u201315 Tage<\/td>\n<\/tr>\n<tr>\n<td>Polen<\/td>\n<td>UPS\/DPD\/DHL Deutschland<\/td>\n<td>10\u201315 Tage<\/td>\n<\/tr>\n<tr>\n<td>Kroatien<\/td>\n<td>UPS\/DPD\/DHL Deutschland<\/td>\n<td>10\u201315 Tage<\/td>\n<\/tr>\n<tr>\n<td>Slowakei<\/td>\n<td>UPS\/DPD\/DHL Deutschland<\/td>\n<td>10\u201315 Tage<\/td>\n<\/tr>\n<tr>\n<td>Slowenien<\/td>\n<td>UPS\/DPD\/DHL Deutschland<\/td>\n<td>10\u201315 Tage<\/td>\n<\/tr>\n<tr>\n<td>Finnland<\/td>\n<td>UPS\/DPD\/DHL Deutschland<\/td>\n<td>10\u201315 Tage<\/td>\n<\/tr>\n<tr>\n<td>D\u00e4nemark<\/td>\n<td>UPS\/DPD\/DHL Deutschland<\/td>\n<td>10\u201315 Tage<\/td>\n<\/tr>\n<tr>\n<td>Schweden<\/td>\n<td>UPS\/DPD\/DHL Deutschland<\/td>\n<td>10\u201315 Tage<\/td>\n<\/tr>\n<tr>\n<td>\u00d6sterreich<\/td>\n<td>UPS\/DPD\/DHL Deutschland<\/td>\n<td>10\u201315 Tage<\/td>\n<\/tr>\n<tr>\n<td>Italien<\/td>\n<td>UPS\/DPD\/DHL Deutschland<\/td>\n<td>10\u201315 Tage<\/td>\n<\/tr>\n<tr>\n<td>Ungarn<\/td>\n<td>UPS\/DPD\/DHL Deutschland<\/td>\n<td>10\u201315 Tage<\/td>\n<\/tr>\n<tr>\n<td>Litauen<\/td>\n<td>UPS\/DPD\/DHL Deutschland<\/td>\n<td>10\u201315 Tage<\/td>\n<\/tr>\n<tr>\n<td>Estland<\/td>\n<td>UPS\/DPD\/DHL Deutschland<\/td>\n<td>10\u201315 Tage<\/td>\n<\/tr>\n<tr>\n<td>Lettland<\/td>\n<td>UPS\/DPD\/DHL Deutschland<\/td>\n<td>10\u201315 Tage<\/td>\n<\/tr>\n<tr>\n<td>Griechenland<\/td>\n<td>UPS\/DPD\/DHL Deutschland<\/td>\n<td>10\u201315 Tage<\/td>\n<\/tr>\n<tr>\n<td>Irland<\/td>\n<td>UPS\/DPD\/DHL Deutschland<\/td>\n<td>10\u201315 Tage<\/td>\n<\/tr>\n<tr>\n<td>Portugal<\/td>\n<td>UPS\/DPD\/DHL Deutschland<\/td>\n<td>10\u201315 Tage<\/td>\n<\/tr>\n<tr>\n<td>Spanien<\/td>\n<td>UPS\/DPD\/DHL Deutschland<\/td>\n<td>10\u201315 Tage<\/td>\n<\/tr>\n<tr>\n<td>Vereinigte Arabische Emirate (Dubai)<\/td>\n<td>Dedizierte Linie in Dubai<\/td>\n<td>12\u201318 Tage<\/td>\n<\/tr>\n<tr>\n<td>S\u00fcdafrika<\/td>\n<td>S\u00fcdafrika dedizierte Linie<\/td>\n<td>15\u201325 Tage<\/td>\n<\/tr>\n<tr>\n<td>Vietnam<\/td>\n<td>Vietnam dedizierte<\/td>\n<td>3\u20135 Tage<\/td>\n<\/tr>\n<tr>\n<td>West-Malaysia<\/td>\n<td>Malaysia dedizierte Linie<\/td>\n<td>4\u20138 Tage<\/td>\n<\/tr>\n<\/tbody>\n<\/table>\n<h2>6. Zoll und Zoll<\/h2>\n<ul>\n<li>F\u00fcr L\u00e4nder, die oben nicht aufgef\u00fchrt sind, k\u00f6nnen bei der Ankunft die Zollabfertigung und die Zahlung der anwendbaren Z\u00f6lle bei der Ankunft erforderlich sein.<\/li>\n<li>Bitte wenden Sie sich an Ihre \u00f6rtliche Zollbeh\u00f6rde, um Informationen zu den anwendbaren Steuern zu erhalten.<\/li>\n<li>Der Zoll kann auch eine Gewerbelizenz f\u00fcr die Freigabe erfordern.<\/li>\n<\/ul>\n<p>Vapeenjoy hat sich verpflichtet, effiziente und transparente Versanddienstleistungen zu erbringen. Bei Fragen oder weiteren Unterst\u00fctzung wenden Sie sich bitte an unser Kundensupport-Team.<\/p>\n\t\t\t\t\t\t\t\t<\/div>\n\t\t\t\t\t<\/div>\n\t\t\t\t<\/div>\n\t\t\t\t<\/div>","protected":false},"excerpt":{"rendered":"<p>Vapeenjoy Conditions of Transport 1. Order Processing and Shipping Orders are processed and shipped within 1\u20133 business days. Delivery typically<\/p>","protected":false},"author":1,"featured_media":0,"parent":0,"menu_order":0,"comment_status":"closed","ping_status":"closed","template":"","meta":{"footnotes":""},"class_list":["post-11","page","type-page","status-publish","hentry"],"yoast_head":"<!-- This site is optimized with the Yoast SEO plugin v25.7 - https:\/\/yoast.com\/wordpress\/plugins\/seo\/ -->\n<title>VapeEnjoy Conditions of Transport | Shipping Terms &amp; Policies<\/title>\n<meta name=\"description\" content=\"Explore VapeEnjoy&#039;s Conditions of Transport. Learn our shipping terms, delivery policies, and customer duties for a smooth vape experience.\" \/>\n<meta name=\"robots\" content=\"index, follow, max-snippet:-1, max-image-preview:large, max-video-preview:-1\" \/>\n<link rel=\"canonical\" href=\"https:\/\/vapeenjoy.com\/de\/transportbedingungen\/\" \/>\n<meta property=\"og:locale\" content=\"de_DE\" \/>\n<meta property=\"og:type\" content=\"article\" \/>\n<meta property=\"og:title\" content=\"VapeEnjoy Conditions of Transport | Shipping Terms &amp; Policies\" \/>\n<meta property=\"og:description\" content=\"Explore VapeEnjoy&#039;s Conditions of Transport. Learn our shipping terms, delivery policies, and customer duties for a smooth vape experience.\" \/>\n<meta property=\"og:url\" content=\"https:\/\/vapeenjoy.com\/de\/transportbedingungen\/\" \/>\n<meta property=\"og:site_name\" content=\"vapeenjoy\" \/>\n<meta property=\"article:modified_time\" content=\"2025-08-26T08:30:12+00:00\" \/>\n<meta name=\"twitter:card\" content=\"summary_large_image\" \/>\n<meta name=\"twitter:label1\" content=\"Gesch\u00e4tzte Lesezeit\" \/>\n\t<meta name=\"twitter:data1\" content=\"2\u00a0Minuten\" \/>\n<script type=\"application\/ld+json\" class=\"yoast-schema-graph\">{\"@context\":\"https:\/\/schema.org\",\"@graph\":[{\"@type\":\"WebPage\",\"@id\":\"https:\/\/vapeenjoy.com\/conditions-of-transport\/\",\"url\":\"https:\/\/vapeenjoy.com\/conditions-of-transport\/\",\"name\":\"VapeEnjoy Conditions of Transport | Shipping Terms & Policies\",\"isPartOf\":{\"@id\":\"https:\/\/vapeenjoy.com\/#website\"},\"datePublished\":\"2025-07-16T06:46:06+00:00\",\"dateModified\":\"2025-08-26T08:30:12+00:00\",\"description\":\"Explore VapeEnjoy's Conditions of Transport. Learn our shipping terms, delivery policies, and customer duties for a smooth vape experience.\",\"breadcrumb\":{\"@id\":\"https:\/\/vapeenjoy.com\/conditions-of-transport\/#breadcrumb\"},\"inLanguage\":\"de\",\"potentialAction\":[{\"@type\":\"ReadAction\",\"target\":[\"https:\/\/vapeenjoy.com\/conditions-of-transport\/\"]}]},{\"@type\":\"BreadcrumbList\",\"@id\":\"https:\/\/vapeenjoy.com\/conditions-of-transport\/#breadcrumb\",\"itemListElement\":[{\"@type\":\"ListItem\",\"position\":1,\"name\":\"Home\",\"item\":\"https:\/\/vapeenjoy.com\/\"},{\"@type\":\"ListItem\",\"position\":2,\"name\":\"Conditions of Transport\"}]},{\"@type\":\"WebSite\",\"@id\":\"https:\/\/vapeenjoy.com\/#website\",\"url\":\"https:\/\/vapeenjoy.com\/\",\"name\":\"vapeenjoy\",\"description\":\"An online store for selling vapes\",\"potentialAction\":[{\"@type\":\"SearchAction\",\"target\":{\"@type\":\"EntryPoint\",\"urlTemplate\":\"https:\/\/vapeenjoy.com\/?s={search_term_string}\"},\"query-input\":{\"@type\":\"PropertyValueSpecification\",\"valueRequired\":true,\"valueName\":\"search_term_string\"}}],\"inLanguage\":\"de\"}]}<\/script>\n<!-- \/ Yoast SEO plugin. -->","yoast_head_json":{"title":"Vapeenjoy Transportbedingungen | Versandbedingungen","description":"Entdecken Sie die Transportbedingungen von Vapeenjoy. Erfahren Sie unsere Versandbedingungen, Lieferrichtlinien und Kundenpflichten f\u00fcr ein reibungsloses Vape-Erlebnis.","robots":{"index":"index","follow":"follow","max-snippet":"max-snippet:-1","max-image-preview":"max-image-preview:large","max-video-preview":"max-video-preview:-1"},"canonical":"https:\/\/vapeenjoy.com\/de\/transportbedingungen\/","og_locale":"de_DE","og_type":"article","og_title":"VapeEnjoy Conditions of Transport | Shipping Terms & Policies","og_description":"Explore VapeEnjoy's Conditions of Transport. Learn our shipping terms, delivery policies, and customer duties for a smooth vape experience.","og_url":"https:\/\/vapeenjoy.com\/de\/transportbedingungen\/","og_site_name":"vapeenjoy","article_modified_time":"2025-08-26T08:30:12+00:00","twitter_card":"summary_large_image","twitter_misc":{"Gesch\u00e4tzte Lesezeit":"2\u00a0Minuten"},"schema":{"@context":"https:\/\/schema.org","@graph":[{"@type":"WebPage","@id":"https:\/\/vapeenjoy.com\/conditions-of-transport\/","url":"https:\/\/vapeenjoy.com\/conditions-of-transport\/","name":"Vapeenjoy Transportbedingungen | Versandbedingungen","isPartOf":{"@id":"https:\/\/vapeenjoy.com\/#website"},"datePublished":"2025-07-16T06:46:06+00:00","dateModified":"2025-08-26T08:30:12+00:00","description":"Entdecken Sie die Transportbedingungen von Vapeenjoy. Erfahren Sie unsere Versandbedingungen, Lieferrichtlinien und Kundenpflichten f\u00fcr ein reibungsloses Vape-Erlebnis.","breadcrumb":{"@id":"https:\/\/vapeenjoy.com\/conditions-of-transport\/#breadcrumb"},"inLanguage":"de","potentialAction":[{"@type":"ReadAction","target":["https:\/\/vapeenjoy.com\/conditions-of-transport\/"]}]},{"@type":"BreadcrumbList","@id":"https:\/\/vapeenjoy.com\/conditions-of-transport\/#breadcrumb","itemListElement":[{"@type":"ListItem","position":1,"name":"Home","item":"https:\/\/vapeenjoy.com\/"},{"@type":"ListItem","position":2,"name":"Conditions of Transport"}]},{"@type":"WebSite","@id":"https:\/\/vapeenjoy.com\/#website","url":"https:\/\/vapeenjoy.com\/","name":"Vapeenfreude","description":"Ein Online-Shop f\u00fcr den Verkauf von Vapes","potentialAction":[{"@type":"SearchAction","target":{"@type":"EntryPoint","urlTemplate":"https:\/\/vapeenjoy.com\/?s={search_term_string}"},"query-input":{"@type":"PropertyValueSpecification","valueRequired":true,"valueName":"search_term_string"}}],"inLanguage":"de"}]}},"_links":{"self":[{"href":"https:\/\/vapeenjoy.com\/de\/wp-json\/wp\/v2\/pages\/11","targetHints":{"allow":["GET"]}}],"collection":[{"href":"https:\/\/vapeenjoy.com\/de\/wp-json\/wp\/v2\/pages"}],"about":[{"href":"https:\/\/vapeenjoy.com\/de\/wp-json\/wp\/v2\/types\/page"}],"author":[{"embeddable":true,"href":"https:\/\/vapeenjoy.com\/de\/wp-json\/wp\/v2\/users\/1"}],"replies":[{"embeddable":true,"href":"https:\/\/vapeenjoy.com\/de\/wp-json\/wp\/v2\/comments?post=11"}],"version-history":[{"count":17,"href":"https:\/\/vapeenjoy.com\/de\/wp-json\/wp\/v2\/pages\/11\/revisions"}],"predecessor-version":[{"id":3138,"href":"https:\/\/vapeenjoy.com\/de\/wp-json\/wp\/v2\/pages\/11\/revisions\/3138"}],"wp:attachment":[{"href":"https:\/\/vapeenjoy.com\/de\/wp-json\/wp\/v2\/media?parent=11"}],"curies":[{"name":"WP","href":"https:\/\/api.w.org\/{rel}","templated":true}]}}