{"id":1507,"date":"2023-04-20T11:47:06","date_gmt":"2023-04-20T11:47:06","guid":{"rendered":"https:\/\/dummy.xtemos.com\/woodmart2\/furniture2-elementor\/?page_id=27"},"modified":"2025-08-26T08:27:29","modified_gmt":"2025-08-26T08:27:29","slug":"vapeenjoy-refunds-and-returns","status":"publish","type":"page","link":"https:\/\/vapeenjoy.com\/de\/vapeenjoy-ruckerstattungen-und-rucksendungen\/","title":{"rendered":"Vapeenjoy R\u00fcckerstattungen und R\u00fccksendungen"},"content":{"rendered":"<div data-elementor-type=\"wp-page\" data-elementor-id=\"1507\" class=\"elementor elementor-1507\">\n\t\t\t\t<div class=\"wd-negative-gap elementor-element elementor-element-f7c809e e-flex e-con-boxed e-con e-parent\" data-id=\"f7c809e\" data-element_type=\"container\">\n\t\t\t\t\t<div class=\"e-con-inner\">\n\t\t\t\t<div class=\"elementor-element elementor-element-6a9ceca color-scheme-inherit text-left elementor-widget elementor-widget-text-editor\" data-id=\"6a9ceca\" data-element_type=\"widget\" data-widget_type=\"text-editor.default\">\n\t\t\t\t\t\t\t\t\t<h2 dir=\"ltr\" data-pm-slice=\"1 1 []\">Vapeenjoy R\u00fcckerstattungs- und R\u00fcckgaberichtlinien<\/h2><h2 dir=\"ltr\">R\u00fcckgabe von Waren<\/h2><p dir=\"ltr\">Sie k\u00f6nnen unge\u00f6ffnete, unbenutzte und unbesch\u00e4digte Produkte innerhalb von 7 Tagen nach Erhalt zur\u00fcckgeben. Nachdem wir Ihre R\u00fccksendung \u00fcberpr\u00fcft haben, erstatten wir umgehend eine R\u00fcckerstattung f\u00fcr Ihre urspr\u00fcngliche Zahlungsmethode. Erwarten Sie 3-5 Werktage f\u00fcr die Verarbeitung, sobald wir Ihren Artikel erhalten haben. F\u00fcr Hilfe kontaktieren Sie uns unter info@vapeenjoy.com. Wir stellen Ihnen ein Versandetikett f\u00fcr Ihre R\u00fccksendung zur Verf\u00fcgung, die nach unserem Ermessen variierenden Versandkosten k\u00f6nnen jedoch Ihren R\u00fcckerstattungsbetrag verringern.<\/p><p dir=\"ltr\"><strong>notieren<\/strong>: Ge\u00f6ffnete E-Liquids oder solche mit gebrochenem Siegel sind nicht zur\u00fcckfahrbar.<\/p><h2 dir=\"ltr\">Produktgarantie<\/h2><p dir=\"ltr\">Aus Hygiene- und Sicherheitsbedenken akzeptieren wir keine R\u00fccksendungen von gebrauchten Produkten. Stattdessen stellen wir sicher, dass alle Produkte vor dem Versand strenge Qualit\u00e4tsstandards erf\u00fcllen.<\/p><h2 dir=\"ltr\">Ger\u00e4tegarantie<\/h2><p dir=\"ltr\">Unsere 7-t\u00e4gige Garantie beginnt bei Lieferung. Nach dieser Frist beantragt die direkte Gew\u00e4hrleistung den Hersteller. Diese Garantie schlie\u00dft Verschlei\u00df, Missbrauch, versehentliche Sch\u00e4den, Undichtigkeiten oder externe Komponenten aus. Sie k\u00f6nnen einen einmaligen Umtausch oder eine R\u00fcckerstattung f\u00fcr Ihre urspr\u00fcngliche Zahlungsmethode w\u00e4hlen.<\/p><h2 dir=\"ltr\">Einwegprodukte<\/h2><p dir=\"ltr\">Wir bewerten Garantien f\u00fcr Einweg-Vape von Fall zu Fall. Bei defekten Einwegartikeln senden Sie eine E-Mail an info@vapeenjoy.com und wir erstatten \u00fcber die urspr\u00fcngliche Zahlungsmethode. Wir bieten keinen Umtausch oder Ersatz f\u00fcr Einweg-Vape an.<\/p><h3 dir=\"ltr\">Abgedeckte Themen<\/h3><ul class=\"tight\" dir=\"ltr\" data-tight=\"true\"><li><p dir=\"ltr\">Tot bei der Ankunft<\/p><\/li><li><p dir=\"ltr\">Automatisches Feuern<\/p><\/li><li><p dir=\"ltr\">Lecks bei der Ankunft<\/p><\/li><\/ul><h3 dir=\"ltr\">Nicht abgedeckte Probleme<\/h3><ul class=\"tight\" dir=\"ltr\" data-tight=\"true\"><li><p dir=\"ltr\">Geschmackspr\u00e4ferenzen<\/p><\/li><li><p dir=\"ltr\">Lebensdauer der E-Zigarette<\/p><\/li><\/ul><h3 dir=\"ltr\">Nicht abgedeckte Artikel<\/h3><ul class=\"tight\" dir=\"ltr\" data-tight=\"true\"><li><p dir=\"ltr\">Spulen<\/p><\/li><li><p dir=\"ltr\">Pods<\/p><\/li><li><p dir=\"ltr\">Glas<\/p><\/li><li><p dir=\"ltr\">Wassertanks<\/p><\/li><li><p dir=\"ltr\">Zerst\u00e4uber<\/p><\/li><li><p dir=\"ltr\">E-Liquids<\/p><\/li><\/ul><h2 dir=\"ltr\">Defekte Produkte<\/h2><p dir=\"ltr\">Innerhalb von 14 Tagen nach dem Kauf k\u00f6nnen Sie defekte Produkte tauschen. Sie \u00fcbernehmen die Versandkosten f\u00fcr die R\u00fccksendung defekter Artikel, es sei denn, das Produkt kommt besch\u00e4digt an.<\/p><h2 dir=\"ltr\">verlorene oder besch\u00e4digte Gegenst\u00e4nde<\/h2><p dir=\"ltr\">Melden Sie fehlende oder besch\u00e4digte Artikel innerhalb von 48 Stunden nach Erhalt. Glasteile und Zubeh\u00f6r sind nur bei der Ankunft kaputt berechtigt.<\/p><h2 dir=\"ltr\">Stornierung der Bestellung<\/h2><p dir=\"ltr\">Um eine Bestellung zu stornieren, senden Sie eine E-Mail mit \"Antragsaufforderung: Bestellnummer\" in der Betreffzeile. Nach dem Versand k\u00f6nnen Sie nicht stornieren, k\u00f6nnen das Paket jedoch ablehnen oder gegen eine R\u00fcckerstattung zur\u00fcckgeben. Wir erstatten R\u00fcckerstattungen \u00fcber die urspr\u00fcngliche Zahlungsmethode oder stellen gegebenenfalls eine Gutschrift mit.<\/p><h2 dir=\"ltr\">Verlorene oder gestohlene Pakete<\/h2><p dir=\"ltr\">Sobald die Lieferung best\u00e4tigt ist, haftet Vapeenjoy nicht f\u00fcr verlorene oder gestohlene Pakete. Anspr\u00fcche direkt beim Spediteur.<\/p>\t\t\t\t\t\t\t\t<\/div>\n\t\t\t\t\t<\/div>\n\t\t\t\t<\/div>\n\t\t<div class=\"wd-negative-gap elementor-element elementor-element-3feb352 e-flex e-con-boxed e-con e-parent\" data-id=\"3feb352\" data-element_type=\"container\">\n\t\t\t\t\t<div class=\"e-con-inner\">\n\t\t\t\t<div class=\"elementor-element elementor-element-37c17ae elementor-widget elementor-widget-wd_image_or_svg\" data-id=\"37c17ae\" data-element_type=\"widget\" data-widget_type=\"wd_image_or_svg.default\">\n\t\t\t\t<div class=\"elementor-widget-container\">\n\t\t\t\t\t\n\t\t<div class=\"wd-image text-left\">\n\t\t\t\t\t\t\t\t<img fetchpriority=\"high\" decoding=\"async\" width=\"1300\" height=\"600\" src=\"https:\/\/vapeenjoy.com\/wp-content\/uploads\/2025\/08\/Refunds-and-Returns.png\" class=\"attachment-full size-full\" alt=\"Vapeenjoy R\u00fcckerstattungen und R\u00fccksendungen\" srcset=\"https:\/\/vapeenjoy.com\/wp-content\/uploads\/2025\/08\/Refunds-and-Returns.png 1300w, https:\/\/vapeenjoy.com\/wp-content\/uploads\/2025\/08\/Refunds-and-Returns-300x138.png 300w, https:\/\/vapeenjoy.com\/wp-content\/uploads\/2025\/08\/Refunds-and-Returns-1024x473.png 1024w, https:\/\/vapeenjoy.com\/wp-content\/uploads\/2025\/08\/Refunds-and-Returns-768x354.png 768w, https:\/\/vapeenjoy.com\/wp-content\/uploads\/2025\/08\/Refunds-and-Returns-1200x554.png 1200w, https:\/\/vapeenjoy.com\/wp-content\/uploads\/2025\/08\/Refunds-and-Returns-150x69.png 150w\" sizes=\"(max-width: 1300px) 100vw, 1300px\" \/>\t\t\t\t\t<\/div>\n\n\t\t\t\t\t\t<\/div>\n\t\t\t\t<\/div>\n\t\t\t\t\t<\/div>\n\t\t\t\t<\/div>\n\t\t\t\t<\/div>","protected":false},"excerpt":{"rendered":"<p>Vapeenjoy Refunds and Returns Policy Return of Goods You can return unopened, unused, and undamaged products within 7 days of<\/p>","protected":false},"author":1,"featured_media":0,"parent":0,"menu_order":0,"comment_status":"closed","ping_status":"closed","template":"","meta":{"footnotes":""},"class_list":["post-1507","page","type-page","status-publish","hentry"],"yoast_head":"<!-- This site is optimized with the Yoast SEO plugin v25.7 - https:\/\/yoast.com\/wordpress\/plugins\/seo\/ -->\n<title>Vapeenjoy Returns and Refunds - Easy Process, Quick Resolutions<\/title>\n<meta name=\"description\" content=\"Vapeenjoy Returns &amp; Refunds: Enjoy a simple process with quick resolutions. Shop vape products confidently!\" \/>\n<meta name=\"robots\" content=\"index, follow, max-snippet:-1, max-image-preview:large, max-video-preview:-1\" \/>\n<link rel=\"canonical\" href=\"https:\/\/vapeenjoy.com\/de\/vapeenjoy-ruckerstattungen-und-rucksendungen\/\" \/>\n<meta property=\"og:locale\" content=\"de_DE\" \/>\n<meta property=\"og:type\" content=\"article\" \/>\n<meta property=\"og:title\" content=\"Vapeenjoy Returns and Refunds - Easy Process, Quick Resolutions\" \/>\n<meta property=\"og:description\" content=\"Vapeenjoy Returns &amp; Refunds: Enjoy a simple process with quick resolutions. Shop vape products confidently!\" \/>\n<meta property=\"og:url\" content=\"https:\/\/vapeenjoy.com\/de\/vapeenjoy-ruckerstattungen-und-rucksendungen\/\" \/>\n<meta property=\"og:site_name\" content=\"vapeenjoy\" \/>\n<meta property=\"article:modified_time\" content=\"2025-08-26T08:27:29+00:00\" \/>\n<meta property=\"og:image\" content=\"https:\/\/vapeenjoy.com\/wp-content\/uploads\/2025\/08\/Refunds-and-Returns.png\" \/>\n<meta name=\"twitter:card\" content=\"summary_large_image\" \/>\n<meta name=\"twitter:label1\" content=\"Gesch\u00e4tzte Lesezeit\" \/>\n\t<meta name=\"twitter:data1\" content=\"2\u00a0Minuten\" \/>\n<script type=\"application\/ld+json\" class=\"yoast-schema-graph\">{\"@context\":\"https:\/\/schema.org\",\"@graph\":[{\"@type\":\"WebPage\",\"@id\":\"https:\/\/vapeenjoy.com\/vapeenjoy-refunds-and-returns\/\",\"url\":\"https:\/\/vapeenjoy.com\/vapeenjoy-refunds-and-returns\/\",\"name\":\"Vapeenjoy Returns and Refunds - Easy Process, Quick Resolutions\",\"isPartOf\":{\"@id\":\"https:\/\/vapeenjoy.com\/#website\"},\"primaryImageOfPage\":{\"@id\":\"https:\/\/vapeenjoy.com\/vapeenjoy-refunds-and-returns\/#primaryimage\"},\"image\":{\"@id\":\"https:\/\/vapeenjoy.com\/vapeenjoy-refunds-and-returns\/#primaryimage\"},\"thumbnailUrl\":\"https:\/\/vapeenjoy.com\/wp-content\/uploads\/2025\/08\/Refunds-and-Returns.png\",\"datePublished\":\"2023-04-20T11:47:06+00:00\",\"dateModified\":\"2025-08-26T08:27:29+00:00\",\"description\":\"Vapeenjoy Returns & Refunds: Enjoy a simple process with quick resolutions. Shop vape products confidently!\",\"breadcrumb\":{\"@id\":\"https:\/\/vapeenjoy.com\/vapeenjoy-refunds-and-returns\/#breadcrumb\"},\"inLanguage\":\"de\",\"potentialAction\":[{\"@type\":\"ReadAction\",\"target\":[\"https:\/\/vapeenjoy.com\/vapeenjoy-refunds-and-returns\/\"]}]},{\"@type\":\"ImageObject\",\"inLanguage\":\"de\",\"@id\":\"https:\/\/vapeenjoy.com\/vapeenjoy-refunds-and-returns\/#primaryimage\",\"url\":\"https:\/\/vapeenjoy.com\/wp-content\/uploads\/2025\/08\/Refunds-and-Returns.png\",\"contentUrl\":\"https:\/\/vapeenjoy.com\/wp-content\/uploads\/2025\/08\/Refunds-and-Returns.png\"},{\"@type\":\"BreadcrumbList\",\"@id\":\"https:\/\/vapeenjoy.com\/vapeenjoy-refunds-and-returns\/#breadcrumb\",\"itemListElement\":[{\"@type\":\"ListItem\",\"position\":1,\"name\":\"Home\",\"item\":\"https:\/\/vapeenjoy.com\/\"},{\"@type\":\"ListItem\",\"position\":2,\"name\":\"Vapeenjoy Refunds and Returns\"}]},{\"@type\":\"WebSite\",\"@id\":\"https:\/\/vapeenjoy.com\/#website\",\"url\":\"https:\/\/vapeenjoy.com\/\",\"name\":\"vapeenjoy\",\"description\":\"An online store for selling vapes\",\"potentialAction\":[{\"@type\":\"SearchAction\",\"target\":{\"@type\":\"EntryPoint\",\"urlTemplate\":\"https:\/\/vapeenjoy.com\/?s={search_term_string}\"},\"query-input\":{\"@type\":\"PropertyValueSpecification\",\"valueRequired\":true,\"valueName\":\"search_term_string\"}}],\"inLanguage\":\"de\"}]}<\/script>\n<!-- \/ Yoast SEO plugin. -->","yoast_head_json":{"title":"Retouren und R\u00fcckerstattungen von Vapeenjoy - Einfacher Prozess, schnelle L\u00f6sung","description":"Vapeenjoy Retouren und R\u00fcckerstattungen: Genie\u00dfen Sie einen einfachen Prozess mit schnellen Aufl\u00f6sungen. Kaufen Sie Vape-Produkte selbstbewusst!","robots":{"index":"index","follow":"follow","max-snippet":"max-snippet:-1","max-image-preview":"max-image-preview:large","max-video-preview":"max-video-preview:-1"},"canonical":"https:\/\/vapeenjoy.com\/de\/vapeenjoy-ruckerstattungen-und-rucksendungen\/","og_locale":"de_DE","og_type":"article","og_title":"Vapeenjoy Returns and Refunds - Easy Process, Quick Resolutions","og_description":"Vapeenjoy Returns & Refunds: Enjoy a simple process with quick resolutions. Shop vape products confidently!","og_url":"https:\/\/vapeenjoy.com\/de\/vapeenjoy-ruckerstattungen-und-rucksendungen\/","og_site_name":"vapeenjoy","article_modified_time":"2025-08-26T08:27:29+00:00","og_image":[{"url":"https:\/\/vapeenjoy.com\/wp-content\/uploads\/2025\/08\/Refunds-and-Returns.png","type":"","width":"","height":""}],"twitter_card":"summary_large_image","twitter_misc":{"Gesch\u00e4tzte Lesezeit":"2\u00a0Minuten"},"schema":{"@context":"https:\/\/schema.org","@graph":[{"@type":"WebPage","@id":"https:\/\/vapeenjoy.com\/vapeenjoy-refunds-and-returns\/","url":"https:\/\/vapeenjoy.com\/vapeenjoy-refunds-and-returns\/","name":"Retouren und R\u00fcckerstattungen von Vapeenjoy - Einfacher Prozess, schnelle L\u00f6sung","isPartOf":{"@id":"https:\/\/vapeenjoy.com\/#website"},"primaryImageOfPage":{"@id":"https:\/\/vapeenjoy.com\/vapeenjoy-refunds-and-returns\/#primaryimage"},"image":{"@id":"https:\/\/vapeenjoy.com\/vapeenjoy-refunds-and-returns\/#primaryimage"},"thumbnailUrl":"https:\/\/vapeenjoy.com\/wp-content\/uploads\/2025\/08\/Refunds-and-Returns.png","datePublished":"2023-04-20T11:47:06+00:00","dateModified":"2025-08-26T08:27:29+00:00","description":"Vapeenjoy Retouren und R\u00fcckerstattungen: Genie\u00dfen Sie einen einfachen Prozess mit schnellen Aufl\u00f6sungen. Kaufen Sie Vape-Produkte selbstbewusst!","breadcrumb":{"@id":"https:\/\/vapeenjoy.com\/vapeenjoy-refunds-and-returns\/#breadcrumb"},"inLanguage":"de","potentialAction":[{"@type":"ReadAction","target":["https:\/\/vapeenjoy.com\/vapeenjoy-refunds-and-returns\/"]}]},{"@type":"ImageObject","inLanguage":"de","@id":"https:\/\/vapeenjoy.com\/vapeenjoy-refunds-and-returns\/#primaryimage","url":"https:\/\/vapeenjoy.com\/wp-content\/uploads\/2025\/08\/Refunds-and-Returns.png","contentUrl":"https:\/\/vapeenjoy.com\/wp-content\/uploads\/2025\/08\/Refunds-and-Returns.png"},{"@type":"BreadcrumbList","@id":"https:\/\/vapeenjoy.com\/vapeenjoy-refunds-and-returns\/#breadcrumb","itemListElement":[{"@type":"ListItem","position":1,"name":"Home","item":"https:\/\/vapeenjoy.com\/"},{"@type":"ListItem","position":2,"name":"Vapeenjoy Refunds and Returns"}]},{"@type":"WebSite","@id":"https:\/\/vapeenjoy.com\/#website","url":"https:\/\/vapeenjoy.com\/","name":"Vapeenfreude","description":"Ein Online-Shop f\u00fcr den Verkauf von Vapes","potentialAction":[{"@type":"SearchAction","target":{"@type":"EntryPoint","urlTemplate":"https:\/\/vapeenjoy.com\/?s={search_term_string}"},"query-input":{"@type":"PropertyValueSpecification","valueRequired":true,"valueName":"search_term_string"}}],"inLanguage":"de"}]}},"_links":{"self":[{"href":"https:\/\/vapeenjoy.com\/de\/wp-json\/wp\/v2\/pages\/1507","targetHints":{"allow":["GET"]}}],"collection":[{"href":"https:\/\/vapeenjoy.com\/de\/wp-json\/wp\/v2\/pages"}],"about":[{"href":"https:\/\/vapeenjoy.com\/de\/wp-json\/wp\/v2\/types\/page"}],"author":[{"embeddable":true,"href":"https:\/\/vapeenjoy.com\/de\/wp-json\/wp\/v2\/users\/1"}],"replies":[{"embeddable":true,"href":"https:\/\/vapeenjoy.com\/de\/wp-json\/wp\/v2\/comments?post=1507"}],"version-history":[{"count":23,"href":"https:\/\/vapeenjoy.com\/de\/wp-json\/wp\/v2\/pages\/1507\/revisions"}],"predecessor-version":[{"id":2619,"href":"https:\/\/vapeenjoy.com\/de\/wp-json\/wp\/v2\/pages\/1507\/revisions\/2619"}],"wp:attachment":[{"href":"https:\/\/vapeenjoy.com\/de\/wp-json\/wp\/v2\/media?parent=1507"}],"curies":[{"name":"WP","href":"https:\/\/api.w.org\/{rel}","templated":true}]}}