{"id":1508,"date":"2023-04-20T11:47:20","date_gmt":"2023-04-20T11:47:20","guid":{"rendered":"https:\/\/dummy.xtemos.com\/woodmart2\/furniture2-elementor\/?page_id=29"},"modified":"2025-08-22T09:55:42","modified_gmt":"2025-08-22T09:55:42","slug":"contact-us","status":"publish","type":"page","link":"https:\/\/vapeenjoy.com\/de\/kontaktieren-sie-uns\/","title":{"rendered":"Kontaktieren Sie uns"},"content":{"rendered":"<div data-elementor-type=\"wp-page\" data-elementor-id=\"1508\" class=\"elementor elementor-1508\">\n\t\t\t\t<div class=\"wd-negative-gap elementor-element elementor-element-182218e e-flex e-con-boxed e-con e-parent\" data-id=\"182218e\" data-element_type=\"container\">\n\t\t\t\t\t<div class=\"e-con-inner\">\n\t\t<div class=\"elementor-element elementor-element-c282c84 e-con-full e-flex e-con e-child\" data-id=\"c282c84\" data-element_type=\"container\">\n\t\t\t\t<div class=\"elementor-element elementor-element-6d1e810 wd-width-100 elementor-widget elementor-widget-wd_title\" data-id=\"6d1e810\" data-element_type=\"widget\" data-widget_type=\"wd_title.default\">\n\t\t\t\t<div class=\"elementor-widget-container\">\n\t\t\t\t\t\t\t<div class=\"title-wrapper wd-set-mb reset-last-child wd-title-color-default wd-title-style-default wd-title-size-large text-left\">\n\n\t\t\t\n\t\t\t<div class=\"liner-continer\">\n\t\t\t\t<h4 class=\"woodmart-title-container title wd-fontsize-xxl\">Vapeenjoy Kontakt mit einem Experten<\/h4> \n\t\t\t\t\t\t\t<\/div>\n\n\t\t\t\t\t<\/div>\n\t\t\t\t\t\t<\/div>\n\t\t\t\t<\/div>\n\t\t\t\t<div class=\"elementor-element elementor-element-74e77af wd-cf7 elementor-widget elementor-widget-wd_contact_form_7\" data-id=\"74e77af\" data-element_type=\"widget\" data-widget_type=\"wd_contact_form_7.default\">\n\t\t\t\t<div class=\"elementor-widget-container\">\n\t\t\t\t\t\n<div class=\"wpcf7 no-js\" id=\"wpcf7-f1503-o1\" lang=\"en-US\" dir=\"ltr\" data-wpcf7-id=\"1503\">\n<div class=\"screen-reader-response\"><p role=\"status\" aria-live=\"polite\" aria-atomic=\"true\"><\/p> <ul><\/ul><\/div>\n<form action=\"\/de\/wp-json\/wp\/v2\/pages\/1508#wpcf7-f1503-o1\" method=\"post\" class=\"wpcf7-form init\" aria-label=\"Contact form\" novalidate=\"novalidate\" data-status=\"init\" data-trp-original-action=\"\/de\/wp-json\/wp\/v2\/pages\/1508#wpcf7-f1503-o1\">\n<fieldset class=\"hidden-fields-container\"><input type=\"hidden\" name=\"_wpcf7\" value=\"1503\" \/><input type=\"hidden\" name=\"_wpcf7_version\" value=\"6.1.1\" \/><input type=\"hidden\" name=\"_wpcf7_locale\" value=\"en_US\" \/><input type=\"hidden\" name=\"_wpcf7_unit_tag\" value=\"wpcf7-f1503-o1\" \/><input type=\"hidden\" name=\"_wpcf7_container_post\" value=\"0\" \/><input type=\"hidden\" name=\"_wpcf7_posted_data_hash\" value=\"\" \/>\n<\/fieldset>\n<div class=\"wd-grid-g\">\n\t<p class=\"wd-col\"><span class=\"wpcf7-form-control-wrap\" data-name=\"Name\"><input size=\"40\" maxlength=\"400\" class=\"wpcf7-form-control wpcf7-text wpcf7-validates-as-required\" aria-required=\"true\" aria-invalid=\"false\" placeholder=\"hei\u00dfen\" value=\"\" type=\"text\" name=\"Name\" \/><\/span>\n\t<\/p>\n\t<p class=\"wd-col\"><span class=\"wpcf7-form-control-wrap\" data-name=\"Email\"><input size=\"40\" maxlength=\"400\" class=\"wpcf7-form-control wpcf7-text wpcf7-validates-as-required\" aria-required=\"true\" aria-invalid=\"false\" placeholder=\"E-Mail\" value=\"\" type=\"text\" name=\"Email\" \/><\/span>\n\t<\/p>\n\t<p class=\"wd-col\"><span class=\"wpcf7-form-control-wrap\" data-name=\"your-message\"><textarea cols=\"40\" rows=\"10\" maxlength=\"2000\" class=\"wpcf7-form-control wpcf7-textarea\" aria-invalid=\"false\" placeholder=\"Ihre Nachricht\" name=\"your-message\"><\/textarea><\/span>\n\t<\/p>\n\t<p class=\"wd-col\"><input class=\"wpcf7-form-control wpcf7-submit has-spinner btn btn-color-primary\" type=\"submit\" value=\"Nachricht senden\" \/>\n\t<\/p>\n<\/div><div class=\"wpcf7-response-output\" aria-hidden=\"true\"><\/div>\n<input type=\"hidden\" name=\"trp-form-language\" value=\"de\"\/><\/form>\n<\/div>\n\t\t\t\t<\/div>\n\t\t\t\t<\/div>\n\t\t\t\t<\/div>\n\t\t<div class=\"elementor-element elementor-element-6b3eeb6 e-con-full e-flex e-con e-child\" data-id=\"6b3eeb6\" data-element_type=\"container\">\n\t\t\t\t<div class=\"elementor-element elementor-element-88fb751 wd-width-100 elementor-widget elementor-widget-wd_title\" data-id=\"88fb751\" data-element_type=\"widget\" data-widget_type=\"wd_title.default\">\n\t\t\t\t<div class=\"elementor-widget-container\">\n\t\t\t\t\t\t\t<div class=\"title-wrapper wd-set-mb reset-last-child wd-title-color-default wd-title-style-default wd-title-size-large text-left\">\n\n\t\t\t\n\t\t\t<div class=\"liner-continer\">\n\t\t\t\t<h4 class=\"woodmart-title-container title wd-fontsize-xxl\">H\u00e4ufig gestellte Fragen<\/h4> \n\t\t\t\t\t\t\t<\/div>\n\n\t\t\t\t\t<\/div>\n\t\t\t\t\t\t<\/div>\n\t\t\t\t<\/div>\n\t\t\t\t<div class=\"elementor-element elementor-element-ca5a946 elementor-widget elementor-widget-wd_accordion\" data-id=\"ca5a946\" data-element_type=\"widget\" data-widget_type=\"wd_accordion.default\">\n\t\t\t\t<div class=\"elementor-widget-container\">\n\t\t\t\t\t\n\t\t<div class=\"wd-accordion wd-style-default wd-border-off wd-titles-left wd-opener-pos-right wd-opener-style-arrow\" data-state=\"all_closed\">\n\t\t\t\t\t\t\t\n\t\t\t\t<div class=\"wd-accordion-item\">\n\t\t\t\t\t<div class=\"wd-accordion-title\" data-accordion-index=\"0\">\n\t\t\t\t\t\t<div class=\"wd-accordion-title-text\">\n\t\t\t\t\t\t\t\t\t\t\t\t\t\t<span>\n\t\t\t\t\t\t\t\tMeine Bestellung ist noch nicht angekommen. Wo ist es?\t\t\t\t\t\t\t<\/span>\n\t\t\t\t\t\t<\/div>\n\t\t\t\t\t\t<span class=\"wd-accordion-opener\"><\/span>\n\t\t\t\t\t<\/div>\n\n\t\t\t\t\t<div class=\"wd-accordion-content wd-entry-content\" data-accordion-index=\"0\">\n\t\t\t\t\t\t\t\t\t\t\t\t\t\n\t\t\t\t\t\t\t<p>Wenn Sie wissen m\u00f6chten, wo sich Ihre Bestellung befindet, kontaktieren Sie uns bitte und senden Sie uns Ihre Bestellnummer. Wir geben Ihnen die Logistik-Tracking-Nummer und bringen Ihnen bei, wie Sie diese \u00fcberpr\u00fcfen.<\/p>\n\t\t\t\t\t\t\t\t\t\t\t\t\t\t\t\t\t\t<\/div>\n\t\t\t\t<\/div>\n\t\t\t\t\t\t\t\n\t\t\t\t<div class=\"wd-accordion-item\">\n\t\t\t\t\t<div class=\"wd-accordion-title\" data-accordion-index=\"1\">\n\t\t\t\t\t\t<div class=\"wd-accordion-title-text\">\n\t\t\t\t\t\t\t\t\t\t\t\t\t\t<span>\n\t\t\t\t\t\t\t\tWas ist die ungef\u00e4hre Lieferzeit?\t\t\t\t\t\t\t<\/span>\n\t\t\t\t\t\t<\/div>\n\t\t\t\t\t\t<span class=\"wd-accordion-opener\"><\/span>\n\t\t\t\t\t<\/div>\n\n\t\t\t\t\t<div class=\"wd-accordion-content wd-entry-content\" data-accordion-index=\"1\">\n\t\t\t\t\t\t\t\t\t\t\t\t\t\n\t\t\t\t\t\t\t<p>Wir versenden innerhalb von drei Werktagen und die Transitzeit betr\u00e4gt 7-15 Werktage, abh\u00e4ngig vom Produkt.<\/p>\n\t\t\t\t\t\t\t\t\t\t\t\t\t\t\t\t\t\t<\/div>\n\t\t\t\t<\/div>\n\t\t\t\t\t\t\t\n\t\t\t\t<div class=\"wd-accordion-item\">\n\t\t\t\t\t<div class=\"wd-accordion-title\" data-accordion-index=\"2\">\n\t\t\t\t\t\t<div class=\"wd-accordion-title-text\">\n\t\t\t\t\t\t\t\t\t\t\t\t\t\t<span>\n\t\t\t\t\t\t\t\tWas sind die Versandbedingungen?\t\t\t\t\t\t\t<\/span>\n\t\t\t\t\t\t<\/div>\n\t\t\t\t\t\t<span class=\"wd-accordion-opener\"><\/span>\n\t\t\t\t\t<\/div>\n\n\t\t\t\t\t<div class=\"wd-accordion-content wd-entry-content\" data-accordion-index=\"2\">\n\t\t\t\t\t\t\t\t\t\t\t\t\t\n\t\t\t\t\t\t\t<div class=\"T4LgNb\"><div class=\"ToWKne\"><div class=\"OlSOob\"><div class=\"ccvoYb\"><div class=\"zXU7Rb\"><div class=\"akczyd\"><div class=\"X4DQ0 zWsGpc\"><div class=\"vLsFwd bX0Okd\"><h2 dir=\"auto\">Versandinformationen<\/h2><h3 dir=\"auto\">Kostenlose und DDP-Versandoptionen<\/h3><p dir=\"auto\">Vapeenjoy bietet kostenlosen Versand f\u00fcr Bestellungen innerhalb der USA und Australiens an. Zus\u00e4tzlich bieten wir f\u00fcr ausgew\u00e4hlte L\u00e4nder Versandkostenpflichtige (DDP) Versand. Dies bedeutet, dass wir die Zollabfertigung und die Zollabgaben \u00fcbernehmen, sodass Sie sich bei der Lieferung keine zus\u00e4tzlichen Geb\u00fchren Sorgen machen m\u00fcssen.<\/p><h3 dir=\"auto\">Verf\u00fcgbare Versandmethoden nach Region<\/h3><p dir=\"auto\">Wir arbeiten mit vertrauensw\u00fcrdigen Spediteuren zusammen, um eine zuverl\u00e4ssige Lieferung zu gew\u00e4hrleisten. Hier eine Aufschl\u00fcsselung unserer Versandmethoden:<\/p><ul dir=\"auto\"><li><strong>USA<\/strong>: UPS Express (ohne Alaska und Hawaii)<\/li><li><strong>Vereinigtes K\u00f6nigreich<\/strong>: Lokaler DPD-Express<\/li><li><strong>Europa<\/strong>: UPS Express, DPD Express oder DHL Express<\/li><li><strong>Andere Regionen<\/strong>:<br \/><ul dir=\"auto\"><li>Vereinigte Arabische Emirate (nur Dubai): Dedizierte Linie<\/li><li>S\u00fcdafrika: dedizierte Linie<\/li><li>Vietnam: Dedizierte Linie<\/li><li>West-Malaysia (ohne Insel Kalimantan): dedizierte Linie<\/li><\/ul><\/li><\/ul><h3 dir=\"auto\">DDP-f\u00e4hige europ\u00e4ische L\u00e4nder<\/h3><p dir=\"auto\">F\u00fcr eine nahtlose Erfahrung bieten wir DDP-Versand in den folgenden europ\u00e4ischen L\u00e4ndern an: Deutschland, Belgien, Luxemburg, Niederlande, Tschechien, Polen, Kroatien, Slowakei, Finnland, D\u00e4nemark, Schweden, \u00d6sterreich, Frankreich, Italien, Ungarn, Bulgarien, Litauen, Estland, Lettland, Griechenland, Irland, Portugal und Spanien. Inzwischen werden die Sendungen in diese L\u00e4nder (mit Ausnahme des Vereinigten K\u00f6nigreichs) in Deutschland vor dem Versand an ihre endg\u00fcltigen Bestimmungsorte abgegeben.<\/p><h3 dir=\"auto\">Lieferzeiten nach Land<\/h3><p dir=\"auto\">Um Ihnen bei der Planung zu helfen, sind hier die gesch\u00e4tzten Lieferzeiten f\u00fcr jede Region:<\/p><ul dir=\"auto\"><li><strong>USA<\/strong>: Lokale UPS-Boden, 10\u201315 Tage<\/li><li><strong>Vereinigtes K\u00f6nigreich<\/strong>: Lokaler DPD-Express, 7\u201312 Tage<\/li><li><strong>Deutschland<\/strong>: UPS\/DPD\/DHL Deutschland, 8\u201315 Tage<\/li><li><strong>Frankreich, Belgien, Luxemburg, Niederlande, Tschechien, Polen, Kroatien, Slowakei, Finnland, D\u00e4nemark, Schweden, \u00d6sterreich, Italien, Ungarn, Bulgarien, Estland, Lettland, Griechenland, Irland, Portugal, Spanien<\/strong>: UPS\/DPD\/DHL Deutschland, 10\u201315 Tage<\/li><li><strong>Vereinigte Arabische Emirate (nur Dubai)<\/strong>: Dedizierte Linie, 12\u201318 Tage<\/li><li><strong>S\u00fcdafrika<\/strong>: Dedizierte Linie, 15\u201325 Tage<\/li><li><strong>Vietnam<\/strong>: Dedizierte Linie, 3\u20135 Tage<\/li><li><strong>West-Malaysia<\/strong>: Dedizierte Linie, 4\u20138 Tage<\/li><\/ul><h3 dir=\"auto\">Versand in andere L\u00e4nder<\/h3><p dir=\"auto\">F\u00fcr L\u00e4nder, die nicht oben aufgef\u00fchrt sind, sind bei der Ankunft der Pakete die Zollabfertigung und die Zahlung von Z\u00f6lle erforderlich. Dar\u00fcber hinaus empfehlen wir, sich an Ihre \u00f6rtliche Zollbeh\u00f6rde zu wenden, um spezifische Steuerdetails zu erhalten. In einigen F\u00e4llen kann auch eine Gewerbeberechtigung erforderlich sein.<\/p><hr \/><h3 dir=\"auto\">Hinweise zu \u00c4nderungen<\/h3><ul dir=\"auto\"><li><strong>Unter\u00fcberschriften<\/strong>: Hinzugef\u00fcgte Unter\u00fcberschriften (z. B. \"Kosten- und DDP-Versandoptionen\", \"Verf\u00fcgbare Versandmethoden nach Region\"), um den Text in kleinere, verdauliche Abschnitte aufzuteilen und das Problem eines Abschnitts mit mehr als 300 W\u00f6rtern zu l\u00f6sen.<\/li><li><strong>\u00dcbergangsw\u00f6rter<\/strong>: Eingebundene \u00dcbergangsw\u00f6rter wie \"zus\u00e4tzlich\", \"weiterhin\", \"in der Zwischenzeit\" und \"auch\", um ihre Verwendung \u00fcber 17,11 tp3t hinaus zu erh\u00f6hen und den Satzfluss zu verbessern.<\/li><li><strong>Klarheit<\/strong>: Beibehalten der urspr\u00fcnglichen Struktur der Versandmethoden und -zeiten bei gleichzeitiger Verbesserung der Lesbarkeit durch pr\u00e4gnante Phrasierung und organisierte Listen.<\/li><\/ul><p dir=\"auto\">Wenn Sie weitere Verfeinerungen oder zus\u00e4tzliche SEO-Elemente (z. B. Titel, Meta-Beschreibung) ben\u00f6tigen, lassen Sie es mich bitte wissen!<\/p><\/div><\/div><\/div><\/div><\/div><\/div><\/div><\/div>\n\t\t\t\t\t\t\t\t\t\t\t\t\t\t\t\t\t\t<\/div>\n\t\t\t\t<\/div>\n\t\t\t\t\t\t\t\n\t\t\t\t<div class=\"wd-accordion-item\">\n\t\t\t\t\t<div class=\"wd-accordion-title\" data-accordion-index=\"3\">\n\t\t\t\t\t\t<div class=\"wd-accordion-title-text\">\n\t\t\t\t\t\t\t\t\t\t\t\t\t\t<span>\n\t\t\t\t\t\t\t\tWie storniere oder \u00e4ndere ich meine Bestellung?\t\t\t\t\t\t\t<\/span>\n\t\t\t\t\t\t<\/div>\n\t\t\t\t\t\t<span class=\"wd-accordion-opener\"><\/span>\n\t\t\t\t\t<\/div>\n\n\t\t\t\t\t<div class=\"wd-accordion-content wd-entry-content\" data-accordion-index=\"3\">\n\t\t\t\t\t\t\t\t\t\t\t\t\t\n\t\t\t\t\t\t\t<p>Sie k\u00f6nnen Ihre Bestellung bis 23:00 Uhr PDT - 07:00 GMT am Tag der Aufstellung \u00e4ndern. Um \u00c4nderungen vorzunehmen, kontaktieren Sie uns bitte unter [E-Mail-Adresse fehlt]. Wenn Sie Fragen haben oder Hilfe ben\u00f6tigen, k\u00f6nnen Sie uns auch per E-Mail oder WhatsApp kontaktieren und wir werden umgehend antworten.<\/p>\n\t\t\t\t\t\t\t\t\t\t\t\t\t\t\t\t\t\t<\/div>\n\t\t\t\t<\/div>\n\t\t\t\t\t\t\t\n\t\t\t\t<div class=\"wd-accordion-item\">\n\t\t\t\t\t<div class=\"wd-accordion-title\" data-accordion-index=\"4\">\n\t\t\t\t\t\t<div class=\"wd-accordion-title-text\">\n\t\t\t\t\t\t\t\t\t\t\t\t\t\t<span>\n\t\t\t\t\t\t\t\tWie lange dauert es, bis eine R\u00fcckerstattung erfolgt?\t\t\t\t\t\t\t<\/span>\n\t\t\t\t\t\t<\/div>\n\t\t\t\t\t\t<span class=\"wd-accordion-opener\"><\/span>\n\t\t\t\t\t<\/div>\n\n\t\t\t\t\t<div class=\"wd-accordion-content wd-entry-content\" data-accordion-index=\"4\">\n\t\t\t\t\t\t\t\t\t\t\t\t\t\n\t\t\t\t\t\t\t<p>Die Lagerzeit betr\u00e4gt 1 bis 5 Tage, w\u00e4hrend die Lieferzeit je nach Produkt normalerweise zwischen 7 und 15 Tagen liegt.<\/p>\n\t\t\t\t\t\t\t\t\t\t\t\t\t\t\t\t\t\t<\/div>\n\t\t\t\t<\/div>\n\t\t\t\t\t<\/div>\n\t\t\t\t\t\t<\/div>\n\t\t\t\t<\/div>\n\t\t\t\t<\/div>\n\t\t\t\t\t<\/div>\n\t\t\t\t<\/div>\n\t\t<div class=\"elementor-element elementor-element-7c0dcf9 e-con-full e-flex e-con e-parent\" data-id=\"7c0dcf9\" data-element_type=\"container\">\n\t\t\t\t<div class=\"elementor-element elementor-element-952b01f elementor-widget elementor-widget-wd_image_or_svg\" data-id=\"952b01f\" data-element_type=\"widget\" data-widget_type=\"wd_image_or_svg.default\">\n\t\t\t\t<div class=\"elementor-widget-container\">\n\t\t\t\t\t\n\t\t<div class=\"wd-image text-left\">\n\t\t\t\t\t\t\t<a  href=\"https:\/\/vapeenjoy.com\/\" aria-label=\"Image link\">\n\t\t\t\t\t\t\t\t<img decoding=\"async\" width=\"100\" height=\"100\" src=\"https:\/\/vapeenjoy.com\/wp-content\/uploads\/2025\/08\/cropped-\u56fe\u6807-3-100x100.png\" class=\"attachment-100x100 size-100x100\" alt=\"Vapeenfreude\" srcset=\"https:\/\/vapeenjoy.com\/wp-content\/uploads\/2025\/08\/cropped-\u56fe\u6807-3-100x100.png 100w, https:\/\/vapeenjoy.com\/wp-content\/uploads\/2025\/08\/cropped-\u56fe\u6807-3-300x300.png 300w, https:\/\/vapeenjoy.com\/wp-content\/uploads\/2025\/08\/cropped-\u56fe\u6807-3-150x150.png 150w, https:\/\/vapeenjoy.com\/wp-content\/uploads\/2025\/08\/cropped-\u56fe\u6807-3-270x270.png 270w, https:\/\/vapeenjoy.com\/wp-content\/uploads\/2025\/08\/cropped-\u56fe\u6807-3-192x192.png 192w, https:\/\/vapeenjoy.com\/wp-content\/uploads\/2025\/08\/cropped-\u56fe\u6807-3-180x180.png 180w, https:\/\/vapeenjoy.com\/wp-content\/uploads\/2025\/08\/cropped-\u56fe\u6807-3-32x32.png 32w, https:\/\/vapeenjoy.com\/wp-content\/uploads\/2025\/08\/cropped-\u56fe\u6807-3-40x40.png 40w, https:\/\/vapeenjoy.com\/wp-content\/uploads\/2025\/08\/cropped-\u56fe\u6807-3-50x50.png 50w, https:\/\/vapeenjoy.com\/wp-content\/uploads\/2025\/08\/cropped-\u56fe\u6807-3-80x80.png 80w, https:\/\/vapeenjoy.com\/wp-content\/uploads\/2025\/08\/cropped-\u56fe\u6807-3-120x120.png 120w, https:\/\/vapeenjoy.com\/wp-content\/uploads\/2025\/08\/cropped-\u56fe\u6807-3.png 512w\" sizes=\"(max-width: 100px) 100vw, 100px\" \/>\t\t\t\t\t\t\t<\/a>\n\t\t\t\t\t<\/div>\n\n\t\t\t\t\t\t<\/div>\n\t\t\t\t<\/div>\n\t\t\t\t<div class=\"elementor-element elementor-element-c7b5561 elementor-widget elementor-widget-wd_image_or_svg\" data-id=\"c7b5561\" data-element_type=\"widget\" data-widget_type=\"wd_image_or_svg.default\">\n\t\t\t\t<div class=\"elementor-widget-container\">\n\t\t\t\t\t\n\t\t<div class=\"wd-image text-center\">\n\t\t\t\t\t\t\t\t<img decoding=\"async\" width=\"100\" height=\"100\" src=\"https:\/\/vapeenjoy.com\/wp-content\/uploads\/2025\/08\/WhatsApp.svg-100x100.png\" class=\"attachment-100x100 size-100x100\" alt=\"cotact uns WhatsApp\" srcset=\"https:\/\/vapeenjoy.com\/wp-content\/uploads\/2025\/08\/WhatsApp.svg-100x100.png 100w, https:\/\/vapeenjoy.com\/wp-content\/uploads\/2025\/08\/WhatsApp.svg-300x300.png 300w, https:\/\/vapeenjoy.com\/wp-content\/uploads\/2025\/08\/WhatsApp.svg-150x150.png 150w, https:\/\/vapeenjoy.com\/wp-content\/uploads\/2025\/08\/WhatsApp.svg-768x770.png 768w, https:\/\/vapeenjoy.com\/wp-content\/uploads\/2025\/08\/WhatsApp.svg-600x600.png 600w, https:\/\/vapeenjoy.com\/wp-content\/uploads\/2025\/08\/WhatsApp.svg.png 1022w\" sizes=\"(max-width: 100px) 100vw, 100px\" \/>\t\t\t\t\t<\/div>\n\n\t\t\t\t\t\t<\/div>\n\t\t\t\t<\/div>\n\t\t\t\t<div class=\"elementor-element elementor-element-9e1b195 color-scheme-inherit text-left elementor-widget elementor-widget-text-editor\" data-id=\"9e1b195\" data-element_type=\"widget\" data-widget_type=\"text-editor.default\">\n\t\t\t\t\t\t\t\t\t<h3>+(86)13411063106<\/h3>\t\t\t\t\t\t\t\t<\/div>\n\t\t\t\t<div class=\"elementor-element elementor-element-6e3c1ea elementor-widget elementor-widget-wd_image_or_svg\" data-id=\"6e3c1ea\" data-element_type=\"widget\" data-widget_type=\"wd_image_or_svg.default\">\n\t\t\t\t<div class=\"elementor-widget-container\">\n\t\t\t\t\t\n\t\t<div class=\"wd-image text-center\">\n\t\t\t\t\t\t\t\t<img decoding=\"async\" width=\"80\" height=\"80\" src=\"https:\/\/vapeenjoy.com\/wp-content\/uploads\/2025\/08\/Mail-80x80.jpg\" class=\"attachment-80x80 size-80x80\" alt=\"\" srcset=\"https:\/\/vapeenjoy.com\/wp-content\/uploads\/2025\/08\/Mail-80x80.jpg 80w, https:\/\/vapeenjoy.com\/wp-content\/uploads\/2025\/08\/Mail-100x100.jpg 100w, https:\/\/vapeenjoy.com\/wp-content\/uploads\/2025\/08\/Mail.jpg 148w\" sizes=\"(max-width: 80px) 100vw, 80px\" \/>\t\t\t\t\t<\/div>\n\n\t\t\t\t\t\t<\/div>\n\t\t\t\t<\/div>\n\t\t\t\t<div class=\"elementor-element elementor-element-314eae7 color-scheme-inherit text-left elementor-widget elementor-widget-text-editor\" data-id=\"314eae7\" data-element_type=\"widget\" data-widget_type=\"text-editor.default\">\n\t\t\t\t\t\t\t\t\t<h3>info@vapeenjoy.com<\/h3>\t\t\t\t\t\t\t\t<\/div>\n\t\t\t\t<\/div>\n\t\t\t\t<\/div>","protected":false},"excerpt":{"rendered":"<p>Vapeenjoy Contact with an expert Frequently asked questions My order hasn&#8217;t arrived yet. Where is it? If you want to<\/p>","protected":false},"author":1,"featured_media":0,"parent":0,"menu_order":0,"comment_status":"closed","ping_status":"closed","template":"","meta":{"footnotes":""},"class_list":["post-1508","page","type-page","status-publish","hentry"],"yoast_head":"<!-- This site is optimized with the Yoast SEO plugin v25.7 - https:\/\/yoast.com\/wordpress\/plugins\/seo\/ -->\n<title>Contact Vapeenjoy - Get in Touch for Vaping Support &amp; Inquiries<\/title>\n<meta name=\"description\" content=\"Vapeenjoy contact page provides expert support for vaping products and inquiries. Use Vapeenjoy contact for quick, friendly help.\" \/>\n<meta name=\"robots\" content=\"index, follow, max-snippet:-1, max-image-preview:large, max-video-preview:-1\" \/>\n<link rel=\"canonical\" href=\"https:\/\/vapeenjoy.com\/de\/kontaktieren-sie-uns\/\" \/>\n<meta property=\"og:locale\" content=\"de_DE\" \/>\n<meta property=\"og:type\" content=\"article\" \/>\n<meta property=\"og:title\" content=\"Contact Vapeenjoy - Get in Touch for Vaping Support &amp; Inquiries\" \/>\n<meta property=\"og:description\" content=\"Vapeenjoy contact page provides expert support for vaping products and inquiries. Use Vapeenjoy contact for quick, friendly help.\" \/>\n<meta property=\"og:url\" content=\"https:\/\/vapeenjoy.com\/de\/kontaktieren-sie-uns\/\" \/>\n<meta property=\"og:site_name\" content=\"vapeenjoy\" \/>\n<meta property=\"article:modified_time\" content=\"2025-08-22T09:55:42+00:00\" \/>\n<meta property=\"og:image\" content=\"https:\/\/vapeenjoy.com\/wp-content\/uploads\/2025\/08\/WhatsApp.svg-100x100.png\" \/>\n<meta name=\"twitter:card\" content=\"summary_large_image\" \/>\n<meta name=\"twitter:label1\" content=\"Gesch\u00e4tzte Lesezeit\" \/>\n\t<meta name=\"twitter:data1\" content=\"4\u00a0Minuten\" \/>\n<script type=\"application\/ld+json\" class=\"yoast-schema-graph\">{\"@context\":\"https:\/\/schema.org\",\"@graph\":[{\"@type\":\"WebPage\",\"@id\":\"https:\/\/vapeenjoy.com\/contact-us\/\",\"url\":\"https:\/\/vapeenjoy.com\/contact-us\/\",\"name\":\"Contact Vapeenjoy - Get in Touch for Vaping Support & Inquiries\",\"isPartOf\":{\"@id\":\"https:\/\/vapeenjoy.com\/#website\"},\"primaryImageOfPage\":{\"@id\":\"https:\/\/vapeenjoy.com\/contact-us\/#primaryimage\"},\"image\":{\"@id\":\"https:\/\/vapeenjoy.com\/contact-us\/#primaryimage\"},\"thumbnailUrl\":\"https:\/\/vapeenjoy.com\/wp-content\/uploads\/2025\/08\/WhatsApp.svg-100x100.png\",\"datePublished\":\"2023-04-20T11:47:20+00:00\",\"dateModified\":\"2025-08-22T09:55:42+00:00\",\"description\":\"Vapeenjoy contact page provides expert support for vaping products and inquiries. Use Vapeenjoy contact for quick, friendly help.\",\"breadcrumb\":{\"@id\":\"https:\/\/vapeenjoy.com\/contact-us\/#breadcrumb\"},\"inLanguage\":\"de\",\"potentialAction\":[{\"@type\":\"ReadAction\",\"target\":[\"https:\/\/vapeenjoy.com\/contact-us\/\"]}]},{\"@type\":\"ImageObject\",\"inLanguage\":\"de\",\"@id\":\"https:\/\/vapeenjoy.com\/contact-us\/#primaryimage\",\"url\":\"https:\/\/vapeenjoy.com\/wp-content\/uploads\/2025\/08\/WhatsApp.svg-100x100.png\",\"contentUrl\":\"https:\/\/vapeenjoy.com\/wp-content\/uploads\/2025\/08\/WhatsApp.svg-100x100.png\"},{\"@type\":\"BreadcrumbList\",\"@id\":\"https:\/\/vapeenjoy.com\/contact-us\/#breadcrumb\",\"itemListElement\":[{\"@type\":\"ListItem\",\"position\":1,\"name\":\"Home\",\"item\":\"https:\/\/vapeenjoy.com\/\"},{\"@type\":\"ListItem\",\"position\":2,\"name\":\"Contact us\"}]},{\"@type\":\"WebSite\",\"@id\":\"https:\/\/vapeenjoy.com\/#website\",\"url\":\"https:\/\/vapeenjoy.com\/\",\"name\":\"vapeenjoy\",\"description\":\"An online store for selling vapes\",\"potentialAction\":[{\"@type\":\"SearchAction\",\"target\":{\"@type\":\"EntryPoint\",\"urlTemplate\":\"https:\/\/vapeenjoy.com\/?s={search_term_string}\"},\"query-input\":{\"@type\":\"PropertyValueSpecification\",\"valueRequired\":true,\"valueName\":\"search_term_string\"}}],\"inLanguage\":\"de\"}]}<\/script>\n<!-- \/ Yoast SEO plugin. -->","yoast_head_json":{"title":"Kontaktieren Sie Vapeenjoy - Kontaktieren Sie uns f\u00fcr Vaping-Support und Anfragen","description":"Vapeenjoy-Kontaktseite bietet fachkundige Unterst\u00fctzung f\u00fcr Vaping-Produkte und Anfragen. Verwenden Sie Vapeenjoy-Kontakt f\u00fcr schnelle, freundliche Hilfe.","robots":{"index":"index","follow":"follow","max-snippet":"max-snippet:-1","max-image-preview":"max-image-preview:large","max-video-preview":"max-video-preview:-1"},"canonical":"https:\/\/vapeenjoy.com\/de\/kontaktieren-sie-uns\/","og_locale":"de_DE","og_type":"article","og_title":"Contact Vapeenjoy - Get in Touch for Vaping Support & Inquiries","og_description":"Vapeenjoy contact page provides expert support for vaping products and inquiries. Use Vapeenjoy contact for quick, friendly help.","og_url":"https:\/\/vapeenjoy.com\/de\/kontaktieren-sie-uns\/","og_site_name":"vapeenjoy","article_modified_time":"2025-08-22T09:55:42+00:00","og_image":[{"url":"https:\/\/vapeenjoy.com\/wp-content\/uploads\/2025\/08\/WhatsApp.svg-100x100.png","type":"","width":"","height":""}],"twitter_card":"summary_large_image","twitter_misc":{"Gesch\u00e4tzte Lesezeit":"4\u00a0Minuten"},"schema":{"@context":"https:\/\/schema.org","@graph":[{"@type":"WebPage","@id":"https:\/\/vapeenjoy.com\/contact-us\/","url":"https:\/\/vapeenjoy.com\/contact-us\/","name":"Kontaktieren Sie Vapeenjoy - Kontaktieren Sie uns f\u00fcr Vaping-Support und Anfragen","isPartOf":{"@id":"https:\/\/vapeenjoy.com\/#website"},"primaryImageOfPage":{"@id":"https:\/\/vapeenjoy.com\/contact-us\/#primaryimage"},"image":{"@id":"https:\/\/vapeenjoy.com\/contact-us\/#primaryimage"},"thumbnailUrl":"https:\/\/vapeenjoy.com\/wp-content\/uploads\/2025\/08\/WhatsApp.svg-100x100.png","datePublished":"2023-04-20T11:47:20+00:00","dateModified":"2025-08-22T09:55:42+00:00","description":"Vapeenjoy-Kontaktseite bietet fachkundige Unterst\u00fctzung f\u00fcr Vaping-Produkte und Anfragen. Verwenden Sie Vapeenjoy-Kontakt f\u00fcr schnelle, freundliche Hilfe.","breadcrumb":{"@id":"https:\/\/vapeenjoy.com\/contact-us\/#breadcrumb"},"inLanguage":"de","potentialAction":[{"@type":"ReadAction","target":["https:\/\/vapeenjoy.com\/contact-us\/"]}]},{"@type":"ImageObject","inLanguage":"de","@id":"https:\/\/vapeenjoy.com\/contact-us\/#primaryimage","url":"https:\/\/vapeenjoy.com\/wp-content\/uploads\/2025\/08\/WhatsApp.svg-100x100.png","contentUrl":"https:\/\/vapeenjoy.com\/wp-content\/uploads\/2025\/08\/WhatsApp.svg-100x100.png"},{"@type":"BreadcrumbList","@id":"https:\/\/vapeenjoy.com\/contact-us\/#breadcrumb","itemListElement":[{"@type":"ListItem","position":1,"name":"Home","item":"https:\/\/vapeenjoy.com\/"},{"@type":"ListItem","position":2,"name":"Contact us"}]},{"@type":"WebSite","@id":"https:\/\/vapeenjoy.com\/#website","url":"https:\/\/vapeenjoy.com\/","name":"Vapeenfreude","description":"Ein Online-Shop f\u00fcr den Verkauf von Vapes","potentialAction":[{"@type":"SearchAction","target":{"@type":"EntryPoint","urlTemplate":"https:\/\/vapeenjoy.com\/?s={search_term_string}"},"query-input":{"@type":"PropertyValueSpecification","valueRequired":true,"valueName":"search_term_string"}}],"inLanguage":"de"}]}},"_links":{"self":[{"href":"https:\/\/vapeenjoy.com\/de\/wp-json\/wp\/v2\/pages\/1508","targetHints":{"allow":["GET"]}}],"collection":[{"href":"https:\/\/vapeenjoy.com\/de\/wp-json\/wp\/v2\/pages"}],"about":[{"href":"https:\/\/vapeenjoy.com\/de\/wp-json\/wp\/v2\/types\/page"}],"author":[{"embeddable":true,"href":"https:\/\/vapeenjoy.com\/de\/wp-json\/wp\/v2\/users\/1"}],"replies":[{"embeddable":true,"href":"https:\/\/vapeenjoy.com\/de\/wp-json\/wp\/v2\/comments?post=1508"}],"version-history":[{"count":25,"href":"https:\/\/vapeenjoy.com\/de\/wp-json\/wp\/v2\/pages\/1508\/revisions"}],"predecessor-version":[{"id":2580,"href":"https:\/\/vapeenjoy.com\/de\/wp-json\/wp\/v2\/pages\/1508\/revisions\/2580"}],"wp:attachment":[{"href":"https:\/\/vapeenjoy.com\/de\/wp-json\/wp\/v2\/media?parent=1508"}],"curies":[{"name":"WP","href":"https:\/\/api.w.org\/{rel}","templated":true}]}}