{"id":1509,"date":"2023-04-20T11:47:35","date_gmt":"2023-04-20T11:47:35","guid":{"rendered":"https:\/\/dummy.xtemos.com\/woodmart2\/furniture2-elementor\/?page_id=31"},"modified":"2025-08-26T08:27:15","modified_gmt":"2025-08-26T08:27:15","slug":"about-us-vape","status":"publish","type":"page","link":"https:\/\/vapeenjoy.com\/de\/uber-uns-vape\/","title":{"rendered":"\u00dcber uns"},"content":{"rendered":"<div data-elementor-type=\"wp-page\" data-elementor-id=\"1509\" class=\"elementor elementor-1509\">\n\t\t\t\t\t\t\t<link rel=\"stylesheet\" id=\"wd-collapsible-content-css\" href=\"https:\/\/vapeenjoy.com\/wp-content\/themes\/woodmart\/css\/parts\/elem-opt-collapsible-content.min.css?ver=8.2.7\" type=\"text\/css\" media=\"all\" \/> \t\t\t<div class=\"wd-negative-gap elementor-element elementor-element-43bbe8e wd-collapsible-content e-flex e-con-boxed e-con e-parent\" data-id=\"43bbe8e\" data-element_type=\"container\">\n\t\t\t\t\t<div class=\"e-con-inner\">\n\t\t\t\t<div class=\"elementor-element elementor-element-cf18f75 elementor-widget elementor-widget-wd_button\" data-id=\"cf18f75\" data-element_type=\"widget\" data-widget_type=\"wd_button.default\">\n\t\t\t\t<div class=\"elementor-widget-container\">\n\t\t\t\t\t\t\t<div class=\"wd-button-wrapper text-left wd-collapsible-button\" >\n\t\t\t<a class=\"btn btn-style-link btn-shape- btn-size-default btn-color-primary btn-icon-pos-right\"  href=\"#\">\n\t\t\t\t<span class=\"wd-btn-text\" data-elementor-setting-key=\"text\">\n\t\t\t\t\tLesen Sie mehr\t\t\t\t<\/span>\n\n\t\t\t\t\t\t\t<\/a>\n\t\t<\/div>\n\t\t\t\t\t\t<\/div>\n\t\t\t\t<\/div>\n\t\t\t\t\t<\/div>\n\t\t\t\t<\/div>\n\t\t<div class=\"wd-negative-gap elementor-element elementor-element-52906c6 e-flex e-con-boxed e-con e-parent\" data-id=\"52906c6\" data-element_type=\"container\">\n\t\t\t\t\t<div class=\"e-con-inner\">\n\t\t\t\t<div class=\"elementor-element elementor-element-233b6b3 color-scheme-inherit text-left elementor-widget elementor-widget-text-editor\" data-id=\"233b6b3\" data-element_type=\"widget\" data-widget_type=\"text-editor.default\">\n\t\t\t\t\t\t\t\t\t<h2 dir=\"ltr\" data-pm-slice=\"1 1 []\">Willkommen bei Vapeenjoy<\/h2><p dir=\"ltr\">Seit unserer Gr\u00fcndung im Jahr 2023 ist Vapeenjoy von einer leidenschaftlichen Vision getrieben, um das Dampferlebnis neu zu definieren. Mit der Verpflichtung zur Erweiterung der Welt des Dampfens bem\u00fchen wir uns, eine dynamische, umfassende Online-Plattform im Vapeenjoy Shop zu schaffen, die sowohl Anf\u00e4nger als auch erfahrene Dampfer bedient. Dar\u00fcber hinaus treibt unsere pulsierende Gemeinschaft von Vape-Enthusiasten unsere Mission an und inspiriert uns, au\u00dfergew\u00f6hnliche Produkte und Dienstleistungen zu liefern.<\/p><h2 dir=\"ltr\">Unsere Mission<\/h2><p dir=\"ltr\">Unsere Mission bei Vapeenjoy ist unkompliziert und doch ehrgeizig: Premium-Vape-Produkte anzubieten, eine beispiellose Auswahl und ein nahtloses Einkaufserlebnis bei <a href=\"https:\/\/vapeenjoy.com\/shop\/\">Vapeenjoy Shop<\/a>drohen Wir sind fest davon \u00fcberzeugt, dass Vaping nicht nur eine Alternative zum Rauchen ist, sondern ein Lebensstil. Folglich streben wir diesen Lebensstil an, indem wir innovative L\u00f6sungen, kompromisslose Qualit\u00e4t und engagierte Kundenbetreuung bieten. Durch die F\u00f6rderung einer Exzellenzkultur wollen wir jeden Aspekt der Vaping-Reise verbessern.<\/p><h2 dir=\"ltr\">Unsere Produkte<\/h2><p dir=\"ltr\">Unsere sorgf\u00e4ltig kuratierte Produktpalette spiegelt unser Engagement f\u00fcr Qualit\u00e4t und Innovation wider. Von modernsten Dampfvaps bis hin zu einer Vielzahl von E-Liquids und Zubeh\u00f6r wird jeder Artikel strengen Qualit\u00e4tspr\u00fcfungen unterzogen, um eine au\u00dfergew\u00f6hnliche Leistung zu gew\u00e4hrleisten. Dar\u00fcber hinaus aktualisieren wir unser Inventar kontinuierlich, um die neuesten Trends und Fortschritte in der Vape-Branche zu integrieren. Dadurch haben unsere Kunden konsequent Zugang zu den innovativsten und zuverl\u00e4ssigsten Produkten, die auf<a href=\"https:\/\/vapeenjoy.com\/shop\/\"> Vapeenjoy Shop<\/a>.<\/p><h2 dir=\"ltr\">Qualit\u00e4t und Sicherheit<\/h2><p dir=\"ltr\">Ihre Sicherheit steht an oberster Stelle. Um dies zu gew\u00e4hrleisten, arbeiten wir ausschlie\u00dflich mit vertrauensw\u00fcrdigen Herstellern zusammen und f\u00fchren strenge Qualit\u00e4tsbewertungen durch. Durch die Einhaltung der neuesten Sicherheitsprotokolle und Industriestandards garantieren wir, dass jedes von uns angebotene Produkt sowohl effektiv als auch sicher ist. Dar\u00fcber hinaus unterstreicht unser Engagement f\u00fcr \u00fcbergeordnete regulatorische Anforderungen unser Engagement f\u00fcr Ihr Wohlbefinden.<\/p><h2 dir=\"ltr\">Unsere Gemeinschaft<\/h2><p dir=\"ltr\">Vapeenjoy ist mehr als nur ein Einzelh\u00e4ndler - es ist eine bl\u00fchende Community von Vape-Enthusiasten. Durch unseren ansprechenden Blog, die aktive Pr\u00e4senz in sozialen Medien und den reaktionsschnellen Kundenservice f\u00f6rdern wir ein Umfeld des Wissensaustauschs und der Zusammenarbeit. Wir h\u00f6ren aktiv auf das Feedback und die Vorlieben unserer Community und erm\u00f6glichen es uns, unsere Angebote kontinuierlich weiterzuentwickeln. Folglich bauen wir engere Verbindungen zu unseren Kunden auf und schaffen einen Raum, in dem die Leidenschaft f\u00fcr Dampf gedeiht, \u00fcber die <a href=\"https:\/\/vapeenjoy.com\/shop\/\">Vapeenjoy Shop<\/a>.<\/p><h2 dir=\"ltr\">Warum Vapeenjoy w\u00e4hlen?<\/h2><ul class=\"tight\" dir=\"ltr\" data-tight=\"true\"><li><p dir=\"ltr\"><strong>Sachkenntnis<\/strong>: Das fundierte Wissen unseres Teams \u00fcber Vape-Produkte sorgt f\u00fcr pers\u00f6nliche Empfehlungen und fachkundige Anleitung.<\/p><\/li><li><p dir=\"ltr\"><strong>Qualit\u00e4tssicherung<\/strong>: Jedes Produkt in unserem Inventar wird durch unser Engagement f\u00fcr Sicherheit und Exzellenz unterst\u00fctzt.<\/p><\/li><li><p dir=\"ltr\"><strong>Kundenzentriertes Vorgehen<\/strong>: Wir priorisieren den au\u00dfergew\u00f6hnlichen Kundenservice und sorgen f\u00fcr ein reibungsloses und zufriedenstellendes Einkaufserlebnis.<\/p><\/li><li><p dir=\"ltr\"><strong>Neuerung<\/strong>: Indem wir den Branchentrends immer einen Schritt voraus sind, bringen wir Ihnen die neuesten und fortschrittlichsten Vaping-Produkte.<\/p><\/li><\/ul><h2 dir=\"ltr\">Kontaktieren Sie uns<\/h2><p dir=\"ltr\">F\u00fcr Anfragen oder Support wenden Sie sich bitte an info@vapeenjoy.com. Wir sind hier, um Ihnen bei jedem Schritt zu helfen.<\/p><p dir=\"ltr\">\u00a9 2024 copyright \u00a9 2024<\/p>\t\t\t\t\t\t\t\t<\/div>\n\t\t\t\t\t<\/div>\n\t\t\t\t<\/div>\n\t\t<div class=\"wd-negative-gap elementor-element elementor-element-a5f99ce e-flex e-con-boxed e-con e-parent\" data-id=\"a5f99ce\" data-element_type=\"container\">\n\t\t\t\t\t<div class=\"e-con-inner\">\n\t\t\t\t<div class=\"elementor-element elementor-element-c7c48f2 elementor-widget elementor-widget-wd_image_or_svg\" data-id=\"c7c48f2\" data-element_type=\"widget\" data-widget_type=\"wd_image_or_svg.default\">\n\t\t\t\t<div class=\"elementor-widget-container\">\n\t\t\t\t\t\n\t\t<div class=\"wd-image text-left\">\n\t\t\t\t\t\t\t\t<img fetchpriority=\"high\" decoding=\"async\" width=\"1210\" height=\"800\" src=\"https:\/\/vapeenjoy.com\/wp-content\/uploads\/2025\/08\/Real-photos.png\" class=\"attachment-full size-full\" alt=\"vape echte Fotos\" srcset=\"https:\/\/vapeenjoy.com\/wp-content\/uploads\/2025\/08\/Real-photos.png 1210w, https:\/\/vapeenjoy.com\/wp-content\/uploads\/2025\/08\/Real-photos-300x198.png 300w, https:\/\/vapeenjoy.com\/wp-content\/uploads\/2025\/08\/Real-photos-1024x677.png 1024w, https:\/\/vapeenjoy.com\/wp-content\/uploads\/2025\/08\/Real-photos-768x508.png 768w, https:\/\/vapeenjoy.com\/wp-content\/uploads\/2025\/08\/Real-photos-1200x793.png 1200w, https:\/\/vapeenjoy.com\/wp-content\/uploads\/2025\/08\/Real-photos-150x99.png 150w\" sizes=\"(max-width: 1210px) 100vw, 1210px\" \/>\t\t\t\t\t<\/div>\n\n\t\t\t\t\t\t<\/div>\n\t\t\t\t<\/div>\n\t\t\t\t\t<\/div>\n\t\t\t\t<\/div>\n\t\t\t\t<\/div>","protected":false},"excerpt":{"rendered":"<p>Read More Welcome to VapeEnjoy Since our inception in 2023, VapeEnjoy has been driven by a passionate vision to redefine<\/p>","protected":false},"author":1,"featured_media":0,"parent":0,"menu_order":0,"comment_status":"closed","ping_status":"closed","template":"","meta":{"footnotes":""},"class_list":["post-1509","page","type-page","status-publish","hentry"],"yoast_head":"<!-- This site is optimized with the Yoast SEO plugin v25.7 - https:\/\/yoast.com\/wordpress\/plugins\/seo\/ -->\n<title>About us - vapeenjoy Premium Vape Products &amp; Exceptional Service<\/title>\n<meta name=\"description\" content=\"Your trusted supplier of premium vape products, superior quality, and first-class service. Shop now! Explore top-tier vaping excellence.\" \/>\n<meta name=\"robots\" content=\"index, follow, max-snippet:-1, max-image-preview:large, max-video-preview:-1\" \/>\n<link rel=\"canonical\" href=\"https:\/\/vapeenjoy.com\/de\/uber-uns-vape\/\" \/>\n<meta property=\"og:locale\" content=\"de_DE\" \/>\n<meta property=\"og:type\" content=\"article\" \/>\n<meta property=\"og:title\" content=\"About us - vapeenjoy Premium Vape Products &amp; Exceptional Service\" \/>\n<meta property=\"og:description\" content=\"Your trusted supplier of premium vape products, superior quality, and first-class service. Shop now! Explore top-tier vaping excellence.\" \/>\n<meta property=\"og:url\" content=\"https:\/\/vapeenjoy.com\/de\/uber-uns-vape\/\" \/>\n<meta property=\"og:site_name\" content=\"vapeenjoy\" \/>\n<meta property=\"article:modified_time\" content=\"2025-08-26T08:27:15+00:00\" \/>\n<meta property=\"og:image\" content=\"https:\/\/vapeenjoy.com\/wp-content\/uploads\/2025\/08\/Real-photos.png\" \/>\n<meta name=\"twitter:card\" content=\"summary_large_image\" \/>\n<meta name=\"twitter:label1\" content=\"Gesch\u00e4tzte Lesezeit\" \/>\n\t<meta name=\"twitter:data1\" content=\"3\u00a0Minuten\" \/>\n<script type=\"application\/ld+json\" class=\"yoast-schema-graph\">{\"@context\":\"https:\/\/schema.org\",\"@graph\":[{\"@type\":\"WebPage\",\"@id\":\"https:\/\/vapeenjoy.com\/about-us-vape\/\",\"url\":\"https:\/\/vapeenjoy.com\/about-us-vape\/\",\"name\":\"About us - vapeenjoy Premium Vape Products & Exceptional Service\",\"isPartOf\":{\"@id\":\"https:\/\/vapeenjoy.com\/#website\"},\"primaryImageOfPage\":{\"@id\":\"https:\/\/vapeenjoy.com\/about-us-vape\/#primaryimage\"},\"image\":{\"@id\":\"https:\/\/vapeenjoy.com\/about-us-vape\/#primaryimage\"},\"thumbnailUrl\":\"https:\/\/vapeenjoy.com\/wp-content\/uploads\/2025\/08\/Real-photos.png\",\"datePublished\":\"2023-04-20T11:47:35+00:00\",\"dateModified\":\"2025-08-26T08:27:15+00:00\",\"description\":\"Your trusted supplier of premium vape products, superior quality, and first-class service. Shop now! Explore top-tier vaping excellence.\",\"breadcrumb\":{\"@id\":\"https:\/\/vapeenjoy.com\/about-us-vape\/#breadcrumb\"},\"inLanguage\":\"de\",\"potentialAction\":[{\"@type\":\"ReadAction\",\"target\":[\"https:\/\/vapeenjoy.com\/about-us-vape\/\"]}]},{\"@type\":\"ImageObject\",\"inLanguage\":\"de\",\"@id\":\"https:\/\/vapeenjoy.com\/about-us-vape\/#primaryimage\",\"url\":\"https:\/\/vapeenjoy.com\/wp-content\/uploads\/2025\/08\/Real-photos.png\",\"contentUrl\":\"https:\/\/vapeenjoy.com\/wp-content\/uploads\/2025\/08\/Real-photos.png\"},{\"@type\":\"BreadcrumbList\",\"@id\":\"https:\/\/vapeenjoy.com\/about-us-vape\/#breadcrumb\",\"itemListElement\":[{\"@type\":\"ListItem\",\"position\":1,\"name\":\"Home\",\"item\":\"https:\/\/vapeenjoy.com\/\"},{\"@type\":\"ListItem\",\"position\":2,\"name\":\"About us\"}]},{\"@type\":\"WebSite\",\"@id\":\"https:\/\/vapeenjoy.com\/#website\",\"url\":\"https:\/\/vapeenjoy.com\/\",\"name\":\"vapeenjoy\",\"description\":\"An online store for selling vapes\",\"potentialAction\":[{\"@type\":\"SearchAction\",\"target\":{\"@type\":\"EntryPoint\",\"urlTemplate\":\"https:\/\/vapeenjoy.com\/?s={search_term_string}\"},\"query-input\":{\"@type\":\"PropertyValueSpecification\",\"valueRequired\":true,\"valueName\":\"search_term_string\"}}],\"inLanguage\":\"de\"}]}<\/script>\n<!-- \/ Yoast SEO plugin. -->","yoast_head_json":{"title":"\u00dcber uns - Vapeenjoy Premium Vape Produkte &amp; au\u00dfergew\u00f6hnlicher Service","description":"Ihr vertrauensw\u00fcrdiger Anbieter von Premium-Vape-Produkten, erstklassiger Qualit\u00e4t und erstklassigem Service. Jetzt einkaufen! Entdecken Sie erstklassige Dampfleistungen.","robots":{"index":"index","follow":"follow","max-snippet":"max-snippet:-1","max-image-preview":"max-image-preview:large","max-video-preview":"max-video-preview:-1"},"canonical":"https:\/\/vapeenjoy.com\/de\/uber-uns-vape\/","og_locale":"de_DE","og_type":"article","og_title":"About us - vapeenjoy Premium Vape Products & Exceptional Service","og_description":"Your trusted supplier of premium vape products, superior quality, and first-class service. Shop now! Explore top-tier vaping excellence.","og_url":"https:\/\/vapeenjoy.com\/de\/uber-uns-vape\/","og_site_name":"vapeenjoy","article_modified_time":"2025-08-26T08:27:15+00:00","og_image":[{"url":"https:\/\/vapeenjoy.com\/wp-content\/uploads\/2025\/08\/Real-photos.png","type":"","width":"","height":""}],"twitter_card":"summary_large_image","twitter_misc":{"Gesch\u00e4tzte Lesezeit":"3\u00a0Minuten"},"schema":{"@context":"https:\/\/schema.org","@graph":[{"@type":"WebPage","@id":"https:\/\/vapeenjoy.com\/about-us-vape\/","url":"https:\/\/vapeenjoy.com\/about-us-vape\/","name":"\u00dcber uns - Vapeenjoy Premium Vape Produkte &amp; au\u00dfergew\u00f6hnlicher Service","isPartOf":{"@id":"https:\/\/vapeenjoy.com\/#website"},"primaryImageOfPage":{"@id":"https:\/\/vapeenjoy.com\/about-us-vape\/#primaryimage"},"image":{"@id":"https:\/\/vapeenjoy.com\/about-us-vape\/#primaryimage"},"thumbnailUrl":"https:\/\/vapeenjoy.com\/wp-content\/uploads\/2025\/08\/Real-photos.png","datePublished":"2023-04-20T11:47:35+00:00","dateModified":"2025-08-26T08:27:15+00:00","description":"Ihr vertrauensw\u00fcrdiger Anbieter von Premium-Vape-Produkten, erstklassiger Qualit\u00e4t und erstklassigem Service. Jetzt einkaufen! Entdecken Sie erstklassige Dampfleistungen.","breadcrumb":{"@id":"https:\/\/vapeenjoy.com\/about-us-vape\/#breadcrumb"},"inLanguage":"de","potentialAction":[{"@type":"ReadAction","target":["https:\/\/vapeenjoy.com\/about-us-vape\/"]}]},{"@type":"ImageObject","inLanguage":"de","@id":"https:\/\/vapeenjoy.com\/about-us-vape\/#primaryimage","url":"https:\/\/vapeenjoy.com\/wp-content\/uploads\/2025\/08\/Real-photos.png","contentUrl":"https:\/\/vapeenjoy.com\/wp-content\/uploads\/2025\/08\/Real-photos.png"},{"@type":"BreadcrumbList","@id":"https:\/\/vapeenjoy.com\/about-us-vape\/#breadcrumb","itemListElement":[{"@type":"ListItem","position":1,"name":"Home","item":"https:\/\/vapeenjoy.com\/"},{"@type":"ListItem","position":2,"name":"About us"}]},{"@type":"WebSite","@id":"https:\/\/vapeenjoy.com\/#website","url":"https:\/\/vapeenjoy.com\/","name":"Vapeenfreude","description":"Ein Online-Shop f\u00fcr den Verkauf von Vapes","potentialAction":[{"@type":"SearchAction","target":{"@type":"EntryPoint","urlTemplate":"https:\/\/vapeenjoy.com\/?s={search_term_string}"},"query-input":{"@type":"PropertyValueSpecification","valueRequired":true,"valueName":"search_term_string"}}],"inLanguage":"de"}]}},"_links":{"self":[{"href":"https:\/\/vapeenjoy.com\/de\/wp-json\/wp\/v2\/pages\/1509","targetHints":{"allow":["GET"]}}],"collection":[{"href":"https:\/\/vapeenjoy.com\/de\/wp-json\/wp\/v2\/pages"}],"about":[{"href":"https:\/\/vapeenjoy.com\/de\/wp-json\/wp\/v2\/types\/page"}],"author":[{"embeddable":true,"href":"https:\/\/vapeenjoy.com\/de\/wp-json\/wp\/v2\/users\/1"}],"replies":[{"embeddable":true,"href":"https:\/\/vapeenjoy.com\/de\/wp-json\/wp\/v2\/comments?post=1509"}],"version-history":[{"count":45,"href":"https:\/\/vapeenjoy.com\/de\/wp-json\/wp\/v2\/pages\/1509\/revisions"}],"predecessor-version":[{"id":2618,"href":"https:\/\/vapeenjoy.com\/de\/wp-json\/wp\/v2\/pages\/1509\/revisions\/2618"}],"wp:attachment":[{"href":"https:\/\/vapeenjoy.com\/de\/wp-json\/wp\/v2\/media?parent=1509"}],"curies":[{"name":"WP","href":"https:\/\/api.w.org\/{rel}","templated":true}]}}