{"id":1954,"date":"2025-08-11T06:51:29","date_gmt":"2025-08-11T06:51:29","guid":{"rendered":"https:\/\/vapeenjoy.com\/?page_id=1954"},"modified":"2025-08-27T01:27:48","modified_gmt":"2025-08-27T01:27:48","slug":"terms-and-conditions","status":"publish","type":"page","link":"https:\/\/vapeenjoy.com\/de\/geschaftsbedingungen\/","title":{"rendered":"Gesch\u00e4ftsbedingungen"},"content":{"rendered":"<div data-elementor-type=\"wp-page\" data-elementor-id=\"1954\" class=\"elementor elementor-1954\">\n\t\t\t\t<div class=\"wd-negative-gap elementor-element elementor-element-01061ba e-flex e-con-boxed e-con e-parent\" data-id=\"01061ba\" data-element_type=\"container\">\n\t\t\t\t\t<div class=\"e-con-inner\">\n\t\t\t\t<div class=\"elementor-element elementor-element-a2b554c color-scheme-inherit text-left elementor-widget elementor-widget-text-editor\" data-id=\"a2b554c\" data-element_type=\"widget\" data-widget_type=\"text-editor.default\">\n\t\t\t\t\t\t\t\t\t<h2 dir=\"ltr\" data-pm-slice=\"1 1 []\">Gesch\u00e4ftsbedingungen f\u00fcr vapeenjoy.com<\/h2><p dir=\"ltr\">Willkommen bei Vapeenjoy.com, Ihrem f\u00fchrenden Ziel f\u00fcr Einweg-Vape. Vapeenjoy betreibt diese Website und verpflichtet sich, au\u00dfergew\u00f6hnliche Produkte und Dienstleistungen zu liefern. Durch den Zugriff auf unsere Website stimmen Sie diesen Allgemeinen Gesch\u00e4ftsbedingungen zu, in denen \u201ewir\u201c, \u201euns\u201c und \u201eunser\u201c Vapeenjoy verweisen. F\u00fcr ein nahtloses Erlebnis lesen Sie diese Bedingungen bitte sorgf\u00e4ltig.<\/p><h2 dir=\"ltr\">Verwenden unseres Dienstes<\/h2><p dir=\"ltr\">Wenn Sie auf unsere Website zugreifen oder einen Kauf t\u00e4tigen, besch\u00e4ftigen Sie sich mit unserem \u201eService\u201c und erkl\u00e4ren sich damit einverstanden, diese Nutzungsbedingungen zu befolgen. Folglich gelten diese Bedingungen f\u00fcr alle Nutzer, einschlie\u00dflich Browser, Kunden, Lieferanten, H\u00e4ndler und Inhaltsbeitr\u00e4ge. Wenn Sie mit einem Teil dieser Bedingungen nicht einverstanden sind, verzichten Sie bitte auf den Zugriff auf die Website oder die Nutzung unserer Dienste. Dar\u00fcber hinaus signalisiert die weitere Verwendung nach Updates Ihre Akzeptanz \u00fcberarbeiteter Bedingungen.<\/p><p dir=\"ltr\">Zur Verdeutlichung \u00fcberpr\u00fcfen Sie diese Bedingungen regelm\u00e4\u00dfig auf Aktualisierungen, da wir uns das Recht vorbehalten, sie durch Ver\u00f6ffentlichung von \u00c4nderungen auf der Website zu \u00e4ndern oder zu ersetzen. Insbesondere werden alle hinzugef\u00fcgten neuen Funktionen oder Tools unter diese Nutzungsbedingungen fallen. Achten Sie daher genau auf Abschnitt 19, \u201eVerzicht auf Schiedsgerichtsbarkeit und Sammelklage\u201c, der die Beilegung von Streitigkeiten durch individuelle Schiedsgerichtsbarkeit erfordert.<\/p><h2 dir=\"ltr\">Abschnitt 1 \u2013 Bedingungen des Online-Shops<\/h2><p dir=\"ltr\">Durch die Annahme dieser Nutzungsbedingungen best\u00e4tigen Sie, dass Sie in Ihrem Bundesstaat oder Ihrer Provinz mindestens das Alter der Mehrheit sind oder dass Minderj\u00e4hrige die Nutzung unserer Website durch die Eltern einwilligen. Dar\u00fcber hinaus d\u00fcrfen Sie unsere Produkte nicht f\u00fcr illegale Zwecke verwenden oder gegen Gesetze wie Urheberrechtsgesetze versto\u00dfen. Dar\u00fcber hinaus ist die \u00dcbertragung von W\u00fcrmern, Viren oder b\u00f6sartigen Codes strengstens untersagt. Verst\u00f6\u00dfe gegen diese Bedingungen f\u00fchren zur sofortigen Beendigung Ihres Servicezugriffs.<\/p><h2 dir=\"ltr\">ABSCHNITT 2 \u2013 ALLGEMEINE B<\/h2><p dir=\"ltr\">Wir k\u00f6nnen jederzeit aus irgendeinem Grund den Service f\u00fcr jeden verweigern. Aus Sicherheitsgr\u00fcnden verschl\u00fcsseln wir Ihre Inhalte (ohne Kreditkarteninformationen) w\u00e4hrend der \u00dcbertragung. Sie d\u00fcrfen jedoch keinen Teil des Dienstes ohne unsere ausdr\u00fcckliche Zustimmung missbrauchen, vervielf\u00e4ltigen oder verkaufen. Der \u00dcbersichtlichkeit halber dienen die \u00dcberschriften in dieser Vereinbarung nur der Bequemlichkeit und \u00e4ndern die Bedingungen nicht.<\/p><h2 dir=\"ltr\">Abschnitt 3 \u2013 Informationsgenauigkeit<\/h2><p dir=\"ltr\">Wir bem\u00fchen uns, auf der Website genaue und zeitnahe Informationen bereitzustellen, k\u00f6nnen jedoch deren Vollst\u00e4ndigkeit oder Aktualit\u00e4t nicht garantieren. Verwenden Sie das Material daher nur als allgemeine Referenz und vermeiden Sie es, sich bei Entscheidungen ausschlie\u00dflich darauf zu verlassen. Obwohl wir m\u00f6glicherweise historische Informationen enthalten, verpflichten wir uns nicht, diese zu aktualisieren. Daher sollten Sie \u00c4nderungen am Inhalt der Website \u00fcberwachen.<\/p><h2 dir=\"ltr\">4. Abschnitt \u2013 Service- und Preis\u00e4nderungen<\/h2><p dir=\"ltr\">Wir k\u00f6nnen die Produktpreise ohne Vorank\u00fcndigung \u00e4ndern. Dar\u00fcber hinaus behalten wir uns das Recht vor, den Service oder Teile ohne vorherige Ank\u00fcndigung zu \u00e4ndern oder einzustellen. Dadurch \u00fcbernehmen wir keine Haftung f\u00fcr \u00c4nderungen, Preis\u00e4nderungen oder Leistungsaussetzungen.<\/p><h2 dir=\"ltr\">Abschnitt 5 \u2013 Produkte und Dienstleistungen<\/h2><p dir=\"ltr\">Einige Produkte sind m\u00f6glicherweise nur online und in begrenzten Mengen erh\u00e4ltlich, sofern unsere R\u00fcckgabebedingungen vorliegen. Obwohl wir Produkte genau anzeigen wollen, k\u00f6nnen die Farben zwischen den Ger\u00e4ten variieren. Dar\u00fcber hinaus k\u00f6nnen wir den Umsatz nach Region, Person oder Menge begrenzen und Beschreibungen oder Preise nach unserem Ermessen anpassen.<\/p><h2 dir=\"ltr\">Abschnitt 6 \u2013 Rechnungs- und Kontogenauigkeit<\/h2><p dir=\"ltr\">Wir k\u00f6nnen Bestellungen ablehnen oder Mengen pro Person oder Haushalt begrenzen. Um reibungslose Transaktionen zu gew\u00e4hrleisten, m\u00fcssen Sie genaue Konto- und Kaufinformationen bereitstellen und umgehend aktualisieren. Weitere Informationen finden Sie in unserem R\u00fcckgaberecht.<\/p><h2 dir=\"ltr\">Abschnitt 7 \u2013 Optionale Werkzeuge<\/h2><p dir=\"ltr\">Wir bieten Tools von Drittanbietern ohne Gew\u00e4hrleistung an. Daher verwenden Sie diese Tools auf eigenes Risiko. Ebenso werden neue auf der Website eingef\u00fchrte Dienste oder Funktionen diese Bedingungen einhalten.<\/p><h2 dir=\"ltr\">8. Abschnitt \u2013 Links von Drittanbietern<\/h2><p dir=\"ltr\">Unsere Website kann Links zu nicht mit uns verbundenen Websites enthalten. Da wir deren Inhalt oder Genauigkeit nicht kontrollieren, \u00fcberpr\u00fcfen Sie deren Richtlinien, bevor Sie Transaktionen t\u00e4tigen. Melden Sie alle Probleme direkt an den Dritten.<\/p><h2 dir=\"ltr\">Abschnitt 9 \u2013 Kommentare und Feedback von Benutzern<\/h2><p dir=\"ltr\">Sie gew\u00e4hren uns das Recht, Kommentare oder Feedback zu verwenden und weiterzugeben. In der Zwischenzeit k\u00f6nnen wir Inhalte \u00fcberwachen, bearbeiten oder entfernen, die wir f\u00fcr illegal oder beleidigend halten. Wichtig ist, dass Ihre Kommentare nicht gegen Rechte Dritter versto\u00dfen oder sch\u00e4dliche Inhalte enthalten.<\/p><h2 dir=\"ltr\">\u00a7 10 \u2013 Personenbezogene Daten<\/h2><p dir=\"ltr\">Unsere Datenschutzrichtlinie regelt die \u00dcbermittlung personenbezogener Daten.<\/p><h3 dir=\"ltr\">Abschnitt 10.1 \u2013 Cookie-Richtlinie<\/h3><p dir=\"ltr\">Wir verwenden Cookies, um Ihr Surferlebnis zu verbessern und personalisierte Inhalte bereitzustellen. Durch die Nutzung unserer Website stimmen Sie unserer Cookie-Nutzung zu. Dar\u00fcber hinaus k\u00f6nnen Sie die Cookie-Einstellungen jederzeit verwalten.<\/p><h2 dir=\"ltr\">\u00a7 11 \u2013 Fehler und Ungenauigkeiten<\/h2><p dir=\"ltr\">Wir k\u00f6nnen Fehler oder Ungenauigkeiten in Produktbeschreibungen, Preisen oder Angeboten ohne Vorank\u00fcndigung korrigieren. Sofern gesetzlich vorgeschrieben, verpflichten wir uns nicht zur Aktualisierung der Informationen.<\/p><h2 dir=\"ltr\">\u00a7 12 \u2013 Verbotene Nutzung<\/h2><p dir=\"ltr\">Sie d\u00fcrfen die Website nicht f\u00fcr illegale, bel\u00e4stigende oder b\u00f6swillige Zwecke nutzen. Folglich k\u00f6nnen wir die Dienste f\u00fcr etwaige Verst\u00f6\u00dfe k\u00fcndigen.<\/p><h2 dir=\"ltr\">\u00a7 13 \u2013 Haftungsausschluss und Haftung<\/h2><p dir=\"ltr\">Wir garantieren keinen ununterbrochenen oder fehlerfreien Service. Daher nutzen Sie den Service auf eigene Gefahr und wir haften nicht f\u00fcr Sch\u00e4den.<\/p><h2 dir=\"ltr\">\u00a7 14 \u2013 Entsch\u00e4digung<\/h2><p dir=\"ltr\">Sie erkl\u00e4ren sich damit einverstanden, uns f\u00fcr Anspr\u00fcche zu entsch\u00e4digen, die sich aus Ihrer Verletzung dieser Bedingungen ergeben.<\/p><h2 dir=\"ltr\">Abschnitt 15 \u2013 Salvatorische<\/h2><p dir=\"ltr\">Ist eine Bestimmung nicht durchsetzbar, bleiben die \u00fcbrigen Bestimmungen wirksam.<\/p><h2 dir=\"ltr\">\u00a7 16 \u2013 K\u00fcndigung<\/h2><p dir=\"ltr\">Verpflichtungen vor der K\u00fcndigung bleiben verbindlich. Um diese Vereinbarung zu k\u00fcndigen, benachrichtigen Sie uns jederzeit. Umgekehrt k\u00f6nnen wir den Vertrag ohne vorherige Ank\u00fcndigung k\u00fcndigen, wenn Sie gegen diese Bedingungen versto\u00dfen.<\/p><h2 dir=\"ltr\">Abschnitt 17 \u2013 Verzicht<\/h2><p dir=\"ltr\">Auf einen Begriff verzichten auf zuk\u00fcnftige Rechte nicht.<\/p><h2 dir=\"ltr\">\u00a7 18 \u2013 Rechtsvorschriften<\/h2><p dir=\"ltr\">Die Gesetze des Staates Kalifornien regeln diese Bedingungen.<\/p><h2 dir=\"ltr\">\u00a7 19 \u2013 Schieds- und Sammelklageverzicht<\/h2><p dir=\"ltr\">Sie m\u00fcssen Streitigkeiten, au\u00dfer denen vor einem Gericht f\u00fcr geringf\u00fcgige Forderungen, durch Einzelschiedsgerichtsbarkeit beilegen. Somit k\u00f6nnen Sie keine Anspr\u00fcche als Teil einer Sammelklage einreichen.<\/p><h2 dir=\"ltr\">\u00a7 20 \u2013 Gesamtvereinbarung<\/h2><p dir=\"ltr\">Diese Bedingungen bilden die gesamte Vereinbarung zwischen Ihnen und uns, die vorherige Vereinbarungen ersetzen. Dar\u00fcber hinaus beg\u00fcnstigen keine Zweideutigkeiten bei der Auslegung keine der Parteien.<\/p><h2 dir=\"ltr\">ABSCHNITT 21 \u2013 Kontaktinformationen<\/h2><p dir=\"ltr\">Bei Fragen zu diesen Nutzungsbedingungen kontaktieren Sie uns unter info@vapeenjoy.com.<\/p><p dir=\"ltr\">Vielen Dank f\u00fcr die \u00dcberpr\u00fcfung unserer Allgemeinen Gesch\u00e4ftsbedingungen. Wir bem\u00fchen uns, ein nahtloses und sicheres Erlebnis auf vapeenjoy.com zu gew\u00e4hrleisten.<\/p>\t\t\t\t\t\t\t\t<\/div>\n\t\t\t\t\t<\/div>\n\t\t\t\t<\/div>\n\t\t<div class=\"wd-negative-gap elementor-element elementor-element-a291d96 e-flex e-con-boxed e-con e-parent\" data-id=\"a291d96\" data-element_type=\"container\">\n\t\t\t\t\t<div class=\"e-con-inner\">\n\t\t\t\t<div class=\"elementor-element elementor-element-3013edb elementor-widget elementor-widget-wd_image_or_svg\" data-id=\"3013edb\" data-element_type=\"widget\" data-widget_type=\"wd_image_or_svg.default\">\n\t\t\t\t<div class=\"elementor-widget-container\">\n\t\t\t\t\t\n\t\t<div class=\"wd-image text-left\">\n\t\t\t\t\t\t\t\t<img fetchpriority=\"high\" decoding=\"async\" width=\"1300\" height=\"900\" src=\"https:\/\/vapeenjoy.com\/wp-content\/uploads\/2025\/08\/Brand.png\" class=\"attachment-full size-full\" alt=\"Vapeenjoy Marke\" srcset=\"https:\/\/vapeenjoy.com\/wp-content\/uploads\/2025\/08\/Brand.png 1300w, https:\/\/vapeenjoy.com\/wp-content\/uploads\/2025\/08\/Brand-300x208.png 300w, https:\/\/vapeenjoy.com\/wp-content\/uploads\/2025\/08\/Brand-1024x709.png 1024w, https:\/\/vapeenjoy.com\/wp-content\/uploads\/2025\/08\/Brand-768x532.png 768w, https:\/\/vapeenjoy.com\/wp-content\/uploads\/2025\/08\/Brand-1200x831.png 1200w, https:\/\/vapeenjoy.com\/wp-content\/uploads\/2025\/08\/Brand-150x104.png 150w\" sizes=\"(max-width: 1300px) 100vw, 1300px\" \/>\t\t\t\t\t<\/div>\n\n\t\t\t\t\t\t<\/div>\n\t\t\t\t<\/div>\n\t\t\t\t\t<\/div>\n\t\t\t\t<\/div>\n\t\t\t\t<\/div>","protected":false},"excerpt":{"rendered":"<p>Terms and Conditions for Vapeenjoy.com Welcome to Vapeenjoy.com, your premier destination for disposable vape. Vapeenjoy operates this website and commits<\/p>","protected":false},"author":1,"featured_media":0,"parent":0,"menu_order":0,"comment_status":"closed","ping_status":"closed","template":"","meta":{"footnotes":""},"class_list":["post-1954","page","type-page","status-publish","hentry"],"yoast_head":"<!-- This site is optimized with the Yoast SEO plugin v25.7 - https:\/\/yoast.com\/wordpress\/plugins\/seo\/ -->\n<title>Vapeenjoy Terms and Conditions - Your Guide to Our Policies<\/title>\n<meta name=\"description\" content=\"Review Vapeenjoy Terms and Conditions for our policies, user responsibilities, and legal guidelines to ensure seamless vaping experience.\" \/>\n<meta name=\"robots\" content=\"index, follow, max-snippet:-1, max-image-preview:large, max-video-preview:-1\" \/>\n<link rel=\"canonical\" href=\"https:\/\/vapeenjoy.com\/de\/geschaftsbedingungen\/\" \/>\n<meta property=\"og:locale\" content=\"de_DE\" \/>\n<meta property=\"og:type\" content=\"article\" \/>\n<meta property=\"og:title\" content=\"Vapeenjoy Terms and Conditions - Your Guide to Our Policies\" \/>\n<meta property=\"og:description\" content=\"Review Vapeenjoy Terms and Conditions for our policies, user responsibilities, and legal guidelines to ensure seamless vaping experience.\" \/>\n<meta property=\"og:url\" content=\"https:\/\/vapeenjoy.com\/de\/geschaftsbedingungen\/\" \/>\n<meta property=\"og:site_name\" content=\"vapeenjoy\" \/>\n<meta property=\"article:modified_time\" content=\"2025-08-27T01:27:48+00:00\" \/>\n<meta property=\"og:image\" content=\"https:\/\/vapeenjoy.com\/wp-content\/uploads\/2025\/08\/Brand.png\" \/>\n<meta name=\"twitter:card\" content=\"summary_large_image\" \/>\n<meta name=\"twitter:label1\" content=\"Gesch\u00e4tzte Lesezeit\" \/>\n\t<meta name=\"twitter:data1\" content=\"5\u00a0Minuten\" \/>\n<script type=\"application\/ld+json\" class=\"yoast-schema-graph\">{\"@context\":\"https:\/\/schema.org\",\"@graph\":[{\"@type\":\"WebPage\",\"@id\":\"https:\/\/vapeenjoy.com\/terms-and-conditions\/\",\"url\":\"https:\/\/vapeenjoy.com\/terms-and-conditions\/\",\"name\":\"Vapeenjoy Terms and Conditions - Your Guide to Our Policies\",\"isPartOf\":{\"@id\":\"https:\/\/vapeenjoy.com\/#website\"},\"primaryImageOfPage\":{\"@id\":\"https:\/\/vapeenjoy.com\/terms-and-conditions\/#primaryimage\"},\"image\":{\"@id\":\"https:\/\/vapeenjoy.com\/terms-and-conditions\/#primaryimage\"},\"thumbnailUrl\":\"https:\/\/vapeenjoy.com\/wp-content\/uploads\/2025\/08\/Brand.png\",\"datePublished\":\"2025-08-11T06:51:29+00:00\",\"dateModified\":\"2025-08-27T01:27:48+00:00\",\"description\":\"Review Vapeenjoy Terms and Conditions for our policies, user responsibilities, and legal guidelines to ensure seamless vaping experience.\",\"breadcrumb\":{\"@id\":\"https:\/\/vapeenjoy.com\/terms-and-conditions\/#breadcrumb\"},\"inLanguage\":\"de\",\"potentialAction\":[{\"@type\":\"ReadAction\",\"target\":[\"https:\/\/vapeenjoy.com\/terms-and-conditions\/\"]}]},{\"@type\":\"ImageObject\",\"inLanguage\":\"de\",\"@id\":\"https:\/\/vapeenjoy.com\/terms-and-conditions\/#primaryimage\",\"url\":\"https:\/\/vapeenjoy.com\/wp-content\/uploads\/2025\/08\/Brand.png\",\"contentUrl\":\"https:\/\/vapeenjoy.com\/wp-content\/uploads\/2025\/08\/Brand.png\"},{\"@type\":\"BreadcrumbList\",\"@id\":\"https:\/\/vapeenjoy.com\/terms-and-conditions\/#breadcrumb\",\"itemListElement\":[{\"@type\":\"ListItem\",\"position\":1,\"name\":\"Home\",\"item\":\"https:\/\/vapeenjoy.com\/\"},{\"@type\":\"ListItem\",\"position\":2,\"name\":\"terms and Conditions\"}]},{\"@type\":\"WebSite\",\"@id\":\"https:\/\/vapeenjoy.com\/#website\",\"url\":\"https:\/\/vapeenjoy.com\/\",\"name\":\"vapeenjoy\",\"description\":\"An online store for selling vapes\",\"potentialAction\":[{\"@type\":\"SearchAction\",\"target\":{\"@type\":\"EntryPoint\",\"urlTemplate\":\"https:\/\/vapeenjoy.com\/?s={search_term_string}\"},\"query-input\":{\"@type\":\"PropertyValueSpecification\",\"valueRequired\":true,\"valueName\":\"search_term_string\"}}],\"inLanguage\":\"de\"}]}<\/script>\n<!-- \/ Yoast SEO plugin. -->","yoast_head_json":{"title":"Vapeenjoy-Nutzungsbedingungen - Ihr Leitfaden f\u00fcr unsere Richtlinien","description":"\u00dcberpr\u00fcfen Sie die Gesch\u00e4ftsbedingungen f\u00fcr unsere Richtlinien, Benutzerverantwortung und gesetzlichen Richtlinien, um eine nahtlose Vaping-Erfahrung zu gew\u00e4hrleisten.","robots":{"index":"index","follow":"follow","max-snippet":"max-snippet:-1","max-image-preview":"max-image-preview:large","max-video-preview":"max-video-preview:-1"},"canonical":"https:\/\/vapeenjoy.com\/de\/geschaftsbedingungen\/","og_locale":"de_DE","og_type":"article","og_title":"Vapeenjoy Terms and Conditions - Your Guide to Our Policies","og_description":"Review Vapeenjoy Terms and Conditions for our policies, user responsibilities, and legal guidelines to ensure seamless vaping experience.","og_url":"https:\/\/vapeenjoy.com\/de\/geschaftsbedingungen\/","og_site_name":"vapeenjoy","article_modified_time":"2025-08-27T01:27:48+00:00","og_image":[{"url":"https:\/\/vapeenjoy.com\/wp-content\/uploads\/2025\/08\/Brand.png","type":"","width":"","height":""}],"twitter_card":"summary_large_image","twitter_misc":{"Gesch\u00e4tzte Lesezeit":"5\u00a0Minuten"},"schema":{"@context":"https:\/\/schema.org","@graph":[{"@type":"WebPage","@id":"https:\/\/vapeenjoy.com\/terms-and-conditions\/","url":"https:\/\/vapeenjoy.com\/terms-and-conditions\/","name":"Vapeenjoy-Nutzungsbedingungen - Ihr Leitfaden f\u00fcr unsere Richtlinien","isPartOf":{"@id":"https:\/\/vapeenjoy.com\/#website"},"primaryImageOfPage":{"@id":"https:\/\/vapeenjoy.com\/terms-and-conditions\/#primaryimage"},"image":{"@id":"https:\/\/vapeenjoy.com\/terms-and-conditions\/#primaryimage"},"thumbnailUrl":"https:\/\/vapeenjoy.com\/wp-content\/uploads\/2025\/08\/Brand.png","datePublished":"2025-08-11T06:51:29+00:00","dateModified":"2025-08-27T01:27:48+00:00","description":"\u00dcberpr\u00fcfen Sie die Gesch\u00e4ftsbedingungen f\u00fcr unsere Richtlinien, Benutzerverantwortung und gesetzlichen Richtlinien, um eine nahtlose Vaping-Erfahrung zu gew\u00e4hrleisten.","breadcrumb":{"@id":"https:\/\/vapeenjoy.com\/terms-and-conditions\/#breadcrumb"},"inLanguage":"de","potentialAction":[{"@type":"ReadAction","target":["https:\/\/vapeenjoy.com\/terms-and-conditions\/"]}]},{"@type":"ImageObject","inLanguage":"de","@id":"https:\/\/vapeenjoy.com\/terms-and-conditions\/#primaryimage","url":"https:\/\/vapeenjoy.com\/wp-content\/uploads\/2025\/08\/Brand.png","contentUrl":"https:\/\/vapeenjoy.com\/wp-content\/uploads\/2025\/08\/Brand.png"},{"@type":"BreadcrumbList","@id":"https:\/\/vapeenjoy.com\/terms-and-conditions\/#breadcrumb","itemListElement":[{"@type":"ListItem","position":1,"name":"Home","item":"https:\/\/vapeenjoy.com\/"},{"@type":"ListItem","position":2,"name":"terms and Conditions"}]},{"@type":"WebSite","@id":"https:\/\/vapeenjoy.com\/#website","url":"https:\/\/vapeenjoy.com\/","name":"Vapeenfreude","description":"Ein Online-Shop f\u00fcr den Verkauf von Vapes","potentialAction":[{"@type":"SearchAction","target":{"@type":"EntryPoint","urlTemplate":"https:\/\/vapeenjoy.com\/?s={search_term_string}"},"query-input":{"@type":"PropertyValueSpecification","valueRequired":true,"valueName":"search_term_string"}}],"inLanguage":"de"}]}},"_links":{"self":[{"href":"https:\/\/vapeenjoy.com\/de\/wp-json\/wp\/v2\/pages\/1954","targetHints":{"allow":["GET"]}}],"collection":[{"href":"https:\/\/vapeenjoy.com\/de\/wp-json\/wp\/v2\/pages"}],"about":[{"href":"https:\/\/vapeenjoy.com\/de\/wp-json\/wp\/v2\/types\/page"}],"author":[{"embeddable":true,"href":"https:\/\/vapeenjoy.com\/de\/wp-json\/wp\/v2\/users\/1"}],"replies":[{"embeddable":true,"href":"https:\/\/vapeenjoy.com\/de\/wp-json\/wp\/v2\/comments?post=1954"}],"version-history":[{"count":21,"href":"https:\/\/vapeenjoy.com\/de\/wp-json\/wp\/v2\/pages\/1954\/revisions"}],"predecessor-version":[{"id":2628,"href":"https:\/\/vapeenjoy.com\/de\/wp-json\/wp\/v2\/pages\/1954\/revisions\/2628"}],"wp:attachment":[{"href":"https:\/\/vapeenjoy.com\/de\/wp-json\/wp\/v2\/media?parent=1954"}],"curies":[{"name":"WP","href":"https:\/\/api.w.org\/{rel}","templated":true}]}}