{"id":1961,"date":"2025-08-11T06:57:48","date_gmt":"2025-08-11T06:57:48","guid":{"rendered":"https:\/\/vapeenjoy.com\/?page_id=1961"},"modified":"2025-08-26T08:27:47","modified_gmt":"2025-08-26T08:27:47","slug":"vapeenjoy-faq","status":"publish","type":"page","link":"https:\/\/vapeenjoy.com\/de\/vapeenjoy-faq\/","title":{"rendered":"Vapeenjoy FAQ"},"content":{"rendered":"<div data-elementor-type=\"wp-page\" data-elementor-id=\"1961\" class=\"elementor elementor-1961\">\n\t\t\t\t<div class=\"wd-negative-gap elementor-element elementor-element-df5092f e-flex e-con-boxed e-con e-parent\" data-id=\"df5092f\" data-element_type=\"container\">\n\t\t\t\t\t<div class=\"e-con-inner\">\n\t\t\t\t<div class=\"elementor-element elementor-element-5e21ddc color-scheme-inherit text-left elementor-widget elementor-widget-text-editor\" data-id=\"5e21ddc\" data-element_type=\"widget\" data-widget_type=\"text-editor.default\">\n\t\t\t\t\t\t\t\t\t<h2>Vapeenjoy FAQ<\/h2>\t\t\t\t\t\t\t\t<\/div>\n\t\t\t\t<div class=\"elementor-element elementor-element-cec4ba3 elementor-widget elementor-widget-wd_accordion\" data-id=\"cec4ba3\" data-element_type=\"widget\" data-widget_type=\"wd_accordion.default\">\n\t\t\t\t<div class=\"elementor-widget-container\">\n\t\t\t\t\t\n\t\t<div class=\"wd-accordion wd-style-default wd-border-off wd-titles-left wd-opener-pos-right wd-opener-style-arrow\" data-state=\"all_closed\">\n\t\t\t\t\t\t\t\n\t\t\t\t<div class=\"wd-accordion-item\">\n\t\t\t\t\t<div class=\"wd-accordion-title\" data-accordion-index=\"0\">\n\t\t\t\t\t\t<div class=\"wd-accordion-title-text\">\n\t\t\t\t\t\t\t\t\t\t\t\t\t\t<span>\n\t\t\t\t\t\t\t\tWelche Zahlungsmethoden werden akzeptiert?\t\t\t\t\t\t\t<\/span>\n\t\t\t\t\t\t<\/div>\n\t\t\t\t\t\t<span class=\"wd-accordion-opener\"><\/span>\n\t\t\t\t\t<\/div>\n\n\t\t\t\t\t<div class=\"wd-accordion-content wd-entry-content\" data-accordion-index=\"0\">\n\t\t\t\t\t\t\t\t\t\t\t\t\t\n\t\t\t\t\t\t\t<p>Wir akzeptieren eine Vielzahl von Zahlungsmethoden, einschlie\u00dflich Kreditkarten, Debitkarten, Kryptow\u00e4hrungen und mehr. Die verf\u00fcgbaren Zahlungsmethoden finden Sie auf der Checkout-Seite.<\/p>\n\t\t\t\t\t\t\t\t\t\t\t\t\t\t\t\t\t\t<\/div>\n\t\t\t\t<\/div>\n\t\t\t\t\t\t\t\n\t\t\t\t<div class=\"wd-accordion-item\">\n\t\t\t\t\t<div class=\"wd-accordion-title\" data-accordion-index=\"1\">\n\t\t\t\t\t\t<div class=\"wd-accordion-title-text\">\n\t\t\t\t\t\t\t\t\t\t\t\t\t\t<span>\n\t\t\t\t\t\t\t\tBieten Sie eine Nachnahmeoption an?\t\t\t\t\t\t\t<\/span>\n\t\t\t\t\t\t<\/div>\n\t\t\t\t\t\t<span class=\"wd-accordion-opener\"><\/span>\n\t\t\t\t\t<\/div>\n\n\t\t\t\t\t<div class=\"wd-accordion-content wd-entry-content\" data-accordion-index=\"1\">\n\t\t\t\t\t\t\t\t\t\t\t\t\t\n\t\t\t\t\t\t\t<p>Wir bieten keine Nachnahme an. Sie m\u00fcssen eine Online-Zahlungsmethode verwenden, um zu kaufen.<\/p>\n\t\t\t\t\t\t\t\t\t\t\t\t\t\t\t\t\t\t<\/div>\n\t\t\t\t<\/div>\n\t\t\t\t\t\t\t\n\t\t\t\t<div class=\"wd-accordion-item\">\n\t\t\t\t\t<div class=\"wd-accordion-title\" data-accordion-index=\"2\">\n\t\t\t\t\t\t<div class=\"wd-accordion-title-text\">\n\t\t\t\t\t\t\t\t\t\t\t\t\t\t<span>\n\t\t\t\t\t\t\t\tSind Zahlungen auf Ihrer Website sicher?\t\t\t\t\t\t\t<\/span>\n\t\t\t\t\t\t<\/div>\n\t\t\t\t\t\t<span class=\"wd-accordion-opener\"><\/span>\n\t\t\t\t\t<\/div>\n\n\t\t\t\t\t<div class=\"wd-accordion-content wd-entry-content\" data-accordion-index=\"2\">\n\t\t\t\t\t\t\t\t\t\t\t\t\t\n\t\t\t\t\t\t\t<div class=\"T4LgNb\"><div class=\"ToWKne\"><div class=\"OlSOob\"><div class=\"ccvoYb\"><div class=\"zXU7Rb\"><div class=\"akczyd\"><div class=\"X4DQ0 zWsGpc\"><div class=\"vLsFwd bX0Okd\"><p>Ja, wir implementieren verschiedene Sicherheitsma\u00dfnahmen, wie Verschl\u00fcsselung und PCI-konforme Zahlungsabwicklung. Unsere Website ist McAfee Secure Certified und Google Safe Browsing f\u00fcr zus\u00e4tzliche Sicherheit zertifiziert.<\/p><\/div><\/div><\/div><\/div><\/div><\/div><\/div><\/div>\n\t\t\t\t\t\t\t\t\t\t\t\t\t\t\t\t\t\t<\/div>\n\t\t\t\t<\/div>\n\t\t\t\t\t\t\t\n\t\t\t\t<div class=\"wd-accordion-item\">\n\t\t\t\t\t<div class=\"wd-accordion-title\" data-accordion-index=\"3\">\n\t\t\t\t\t\t<div class=\"wd-accordion-title-text\">\n\t\t\t\t\t\t\t\t\t\t\t\t\t\t<span>\n\t\t\t\t\t\t\t\tWie kann ich nach Abschluss der Zahlung auf meine Bestellhistorie zugreifen?\t\t\t\t\t\t\t<\/span>\n\t\t\t\t\t\t<\/div>\n\t\t\t\t\t\t<span class=\"wd-accordion-opener\"><\/span>\n\t\t\t\t\t<\/div>\n\n\t\t\t\t\t<div class=\"wd-accordion-content wd-entry-content\" data-accordion-index=\"3\">\n\t\t\t\t\t\t\t\t\t\t\t\t\t\n\t\t\t\t\t\t\t<p>Um Ihre Bestellhistorie nach der Zahlung zu \u00fcberpr\u00fcfen, melden Sie sich in Ihrem Konto an und gehen Sie auf die Seite \"Mein Konto\". Im Abschnitt \"Bestellverlauf\" k\u00f6nnen Sie Zahlungsdetails und den Status fr\u00fcherer Bestellungen einsehen.<\/p>\n\t\t\t\t\t\t\t\t\t\t\t\t\t\t\t\t\t\t<\/div>\n\t\t\t\t<\/div>\n\t\t\t\t\t\t\t\n\t\t\t\t<div class=\"wd-accordion-item\">\n\t\t\t\t\t<div class=\"wd-accordion-title\" data-accordion-index=\"4\">\n\t\t\t\t\t\t<div class=\"wd-accordion-title-text\">\n\t\t\t\t\t\t\t\t\t\t\t\t\t\t<span>\n\t\t\t\t\t\t\t\tKann ich an der Kasse einen Rabattcode oder eine Geschenkkarte verwenden?\t\t\t\t\t\t\t<\/span>\n\t\t\t\t\t\t<\/div>\n\t\t\t\t\t\t<span class=\"wd-accordion-opener\"><\/span>\n\t\t\t\t\t<\/div>\n\n\t\t\t\t\t<div class=\"wd-accordion-content wd-entry-content\" data-accordion-index=\"4\">\n\t\t\t\t\t\t\t\t\t\t\t\t\t\n\t\t\t\t\t\t\t<p>Ja, Sie k\u00f6nnen auf der Checkout-Seite einen Rabattcode oder eine Geschenkkartendetails eingeben, um den Rabatt zu erhalten.<\/p>\n\t\t\t\t\t\t\t\t\t\t\t\t\t\t\t\t\t\t<\/div>\n\t\t\t\t<\/div>\n\t\t\t\t\t\t\t\n\t\t\t\t<div class=\"wd-accordion-item\">\n\t\t\t\t\t<div class=\"wd-accordion-title\" data-accordion-index=\"5\">\n\t\t\t\t\t\t<div class=\"wd-accordion-title-text\">\n\t\t\t\t\t\t\t\t\t\t\t\t\t\t<span>\n\t\t\t\t\t\t\t\tWas ist ein Einweg-Vape?\t\t\t\t\t\t\t<\/span>\n\t\t\t\t\t\t<\/div>\n\t\t\t\t\t\t<span class=\"wd-accordion-opener\"><\/span>\n\t\t\t\t\t<\/div>\n\n\t\t\t\t\t<div class=\"wd-accordion-content wd-entry-content\" data-accordion-index=\"5\">\n\t\t\t\t\t\t\t\t\t\t\t\t\t\n\t\t\t\t\t\t\t<p dir=\"auto\">Ein Einweg-Vape, auch bekannt als Einweg-Vape, ist ein kompaktes, gebrauchsfertiges Dampfger\u00e4t. Es wird mit E-Liquid vorgef\u00fcllt und verf\u00fcgt \u00fcber einen eingebauten Akku. Sobald das E-Liquid ersch\u00f6pft ist oder der Akku leer ist, wird das Ger\u00e4t entsorgt. Es ist ideal f\u00fcr Anf\u00e4nger oder Dampfer, die eine praktische, tragbare Dampfl\u00f6sung suchen.<\/p>\n\t\t\t\t\t\t\t\t\t\t\t\t\t\t\t\t\t\t<\/div>\n\t\t\t\t<\/div>\n\t\t\t\t\t\t\t\n\t\t\t\t<div class=\"wd-accordion-item\">\n\t\t\t\t\t<div class=\"wd-accordion-title\" data-accordion-index=\"6\">\n\t\t\t\t\t\t<div class=\"wd-accordion-title-text\">\n\t\t\t\t\t\t\t\t\t\t\t\t\t\t<span>\n\t\t\t\t\t\t\t\tWarum bei Vapeenjoy kaufen?\t\t\t\t\t\t\t<\/span>\n\t\t\t\t\t\t<\/div>\n\t\t\t\t\t\t<span class=\"wd-accordion-opener\"><\/span>\n\t\t\t\t\t<\/div>\n\n\t\t\t\t\t<div class=\"wd-accordion-content wd-entry-content\" data-accordion-index=\"6\">\n\t\t\t\t\t\t\t\t\t\t\t\t\t\n\t\t\t\t\t\t\t<p dir=\"auto\">Bei Vapeenjoy priorisieren wir Ihre Vaping-Erfahrung:<\/p><ul dir=\"auto\"><li><strong>Breite Auswahl<\/strong>: Top-Marken wie Elf Bar, Jnr und Al Fakher.<\/li><li><strong>Schneller Versand<\/strong>: Bestellungen, die vor 15 Uhr eingehen, werden normalerweise am selben Tag versendet.<\/li><li><strong>Kostenlose Lieferung<\/strong>: Bei Bestellungen \u00fcber 50 \u20ac.<\/li><li><strong>Sichere Zahlungen<\/strong>: Paypal, Klarna, Kreditkarten und mehr.<\/li><li><strong>Engagierte Unterst\u00fctzung<\/strong>: Unser Team ist per E-Mail, Telefon oder Live-Chat verf\u00fcgbar.<\/li><li><strong>Vertrauensw\u00fcrdige Qualit\u00e4t<\/strong>: Authentische Produkte von zuverl\u00e4ssigen Herstellern.<\/li><\/ul>\n\t\t\t\t\t\t\t\t\t\t\t\t\t\t\t\t\t\t<\/div>\n\t\t\t\t<\/div>\n\t\t\t\t\t<\/div>\n\t\t\t\t\t\t<\/div>\n\t\t\t\t<\/div>\n\t\t\t\t\t<\/div>\n\t\t\t\t<\/div>\n\t\t<div class=\"wd-negative-gap elementor-element elementor-element-abfd9b9 e-flex e-con-boxed e-con e-parent\" data-id=\"abfd9b9\" data-element_type=\"container\">\n\t\t\t\t\t<div class=\"e-con-inner\">\n\t\t\t\t<div class=\"elementor-element elementor-element-1c16a1c elementor-widget elementor-widget-wd_image_or_svg\" data-id=\"1c16a1c\" data-element_type=\"widget\" data-widget_type=\"wd_image_or_svg.default\">\n\t\t\t\t<div class=\"elementor-widget-container\">\n\t\t\t\t\t\n\t\t<div class=\"wd-image text-left\">\n\t\t\t\t\t\t\t<a  href=\"https:\/\/vapeenjoy.com\/\" aria-label=\"Image link\">\n\t\t\t\t\t\t\t\t<img decoding=\"async\" width=\"100\" height=\"100\" src=\"https:\/\/vapeenjoy.com\/wp-content\/uploads\/2025\/08\/cropped-\u56fe\u6807-3-100x100.png\" class=\"attachment-100x100 size-100x100\" alt=\"Vapeenfreude\" srcset=\"https:\/\/vapeenjoy.com\/wp-content\/uploads\/2025\/08\/cropped-\u56fe\u6807-3-100x100.png 100w, https:\/\/vapeenjoy.com\/wp-content\/uploads\/2025\/08\/cropped-\u56fe\u6807-3-300x300.png 300w, https:\/\/vapeenjoy.com\/wp-content\/uploads\/2025\/08\/cropped-\u56fe\u6807-3-150x150.png 150w, https:\/\/vapeenjoy.com\/wp-content\/uploads\/2025\/08\/cropped-\u56fe\u6807-3-270x270.png 270w, https:\/\/vapeenjoy.com\/wp-content\/uploads\/2025\/08\/cropped-\u56fe\u6807-3-192x192.png 192w, https:\/\/vapeenjoy.com\/wp-content\/uploads\/2025\/08\/cropped-\u56fe\u6807-3-180x180.png 180w, https:\/\/vapeenjoy.com\/wp-content\/uploads\/2025\/08\/cropped-\u56fe\u6807-3-32x32.png 32w, https:\/\/vapeenjoy.com\/wp-content\/uploads\/2025\/08\/cropped-\u56fe\u6807-3-40x40.png 40w, https:\/\/vapeenjoy.com\/wp-content\/uploads\/2025\/08\/cropped-\u56fe\u6807-3-50x50.png 50w, https:\/\/vapeenjoy.com\/wp-content\/uploads\/2025\/08\/cropped-\u56fe\u6807-3-80x80.png 80w, https:\/\/vapeenjoy.com\/wp-content\/uploads\/2025\/08\/cropped-\u56fe\u6807-3-120x120.png 120w, https:\/\/vapeenjoy.com\/wp-content\/uploads\/2025\/08\/cropped-\u56fe\u6807-3.png 512w\" sizes=\"(max-width: 100px) 100vw, 100px\" \/>\t\t\t\t\t\t\t<\/a>\n\t\t\t\t\t<\/div>\n\n\t\t\t\t\t\t<\/div>\n\t\t\t\t<\/div>\n\t\t\t\t<div class=\"elementor-element elementor-element-13c7053 color-scheme-inherit text-left elementor-widget elementor-widget-text-editor\" data-id=\"13c7053\" data-element_type=\"widget\" data-widget_type=\"text-editor.default\">\n\t\t\t\t\t\t\t\t\t<h3>Bei weiteren Fragen z\u00f6gern Sie bitte <a class=\"contact-btn\" href=\"https:\/\/vapeenjoy.com\/contact-us\/\">Kontaktieren Sie uns<\/a>\u00a0per E-Mail oder WhatsApp.<\/h3>\t\t\t\t\t\t\t\t<\/div>\n\t\t\t\t\t<\/div>\n\t\t\t\t<\/div>\n\t\t\t\t<\/div>","protected":false},"excerpt":{"rendered":"<p>Vapeenjoy FAQ What payment methods are accepted? We accept a variety of payment methods, including credit cards, debit cards, cryptocurrencies,<\/p>","protected":false},"author":1,"featured_media":0,"parent":0,"menu_order":0,"comment_status":"closed","ping_status":"closed","template":"","meta":{"footnotes":""},"class_list":["post-1961","page","type-page","status-publish","hentry"],"yoast_head":"<!-- This site is optimized with the Yoast SEO plugin v25.7 - https:\/\/yoast.com\/wordpress\/plugins\/seo\/ -->\n<title>Vapeenjoy FAQ - Vape Usage &amp; Buying Guide | Vapeenjoy<\/title>\n<meta name=\"description\" content=\"Answers to your Vapeenjoy Vape questions! Get usage tips and buying advice on our Vapeenjoy FAQ page for a better vaping experience.\" \/>\n<meta name=\"robots\" content=\"index, follow, max-snippet:-1, max-image-preview:large, max-video-preview:-1\" \/>\n<link rel=\"canonical\" href=\"https:\/\/vapeenjoy.com\/de\/vapeenjoy-faq\/\" \/>\n<meta property=\"og:locale\" content=\"de_DE\" \/>\n<meta property=\"og:type\" content=\"article\" \/>\n<meta property=\"og:title\" content=\"Vapeenjoy FAQ - Vape Usage &amp; Buying Guide | Vapeenjoy\" \/>\n<meta property=\"og:description\" content=\"Answers to your Vapeenjoy Vape questions! Get usage tips and buying advice on our Vapeenjoy FAQ page for a better vaping experience.\" \/>\n<meta property=\"og:url\" content=\"https:\/\/vapeenjoy.com\/de\/vapeenjoy-faq\/\" \/>\n<meta property=\"og:site_name\" content=\"vapeenjoy\" \/>\n<meta property=\"article:modified_time\" content=\"2025-08-26T08:27:47+00:00\" \/>\n<meta name=\"twitter:card\" content=\"summary_large_image\" \/>\n<meta name=\"twitter:label1\" content=\"Gesch\u00e4tzte Lesezeit\" \/>\n\t<meta name=\"twitter:data1\" content=\"2\u00a0Minuten\" \/>\n<script type=\"application\/ld+json\" class=\"yoast-schema-graph\">{\"@context\":\"https:\/\/schema.org\",\"@graph\":[{\"@type\":\"WebPage\",\"@id\":\"https:\/\/vapeenjoy.com\/vapeenjoy-faq\/\",\"url\":\"https:\/\/vapeenjoy.com\/vapeenjoy-faq\/\",\"name\":\"Vapeenjoy FAQ - Vape Usage & Buying Guide | Vapeenjoy\",\"isPartOf\":{\"@id\":\"https:\/\/vapeenjoy.com\/#website\"},\"datePublished\":\"2025-08-11T06:57:48+00:00\",\"dateModified\":\"2025-08-26T08:27:47+00:00\",\"description\":\"Answers to your Vapeenjoy Vape questions! Get usage tips and buying advice on our Vapeenjoy FAQ page for a better vaping experience.\",\"breadcrumb\":{\"@id\":\"https:\/\/vapeenjoy.com\/vapeenjoy-faq\/#breadcrumb\"},\"inLanguage\":\"de\",\"potentialAction\":[{\"@type\":\"ReadAction\",\"target\":[\"https:\/\/vapeenjoy.com\/vapeenjoy-faq\/\"]}]},{\"@type\":\"BreadcrumbList\",\"@id\":\"https:\/\/vapeenjoy.com\/vapeenjoy-faq\/#breadcrumb\",\"itemListElement\":[{\"@type\":\"ListItem\",\"position\":1,\"name\":\"Home\",\"item\":\"https:\/\/vapeenjoy.com\/\"},{\"@type\":\"ListItem\",\"position\":2,\"name\":\"Vapeenjoy FAQ\"}]},{\"@type\":\"WebSite\",\"@id\":\"https:\/\/vapeenjoy.com\/#website\",\"url\":\"https:\/\/vapeenjoy.com\/\",\"name\":\"vapeenjoy\",\"description\":\"An online store for selling vapes\",\"potentialAction\":[{\"@type\":\"SearchAction\",\"target\":{\"@type\":\"EntryPoint\",\"urlTemplate\":\"https:\/\/vapeenjoy.com\/?s={search_term_string}\"},\"query-input\":{\"@type\":\"PropertyValueSpecification\",\"valueRequired\":true,\"valueName\":\"search_term_string\"}}],\"inLanguage\":\"de\"}]}<\/script>\n<!-- \/ Yoast SEO plugin. -->","yoast_head_json":{"title":"Vapeenjoy FAQ - Vape Usage &amp; Buying Guide | Vapeenjoy","description":"Antworten auf Ihre Vapeenjoy Vape-Fragen! Erhalten Sie Tipps zur Nutzung und Kaufberatung auf unserer Vapeenjoy-FAQ-Seite f\u00fcr ein besseres Dampferlebnis.","robots":{"index":"index","follow":"follow","max-snippet":"max-snippet:-1","max-image-preview":"max-image-preview:large","max-video-preview":"max-video-preview:-1"},"canonical":"https:\/\/vapeenjoy.com\/de\/vapeenjoy-faq\/","og_locale":"de_DE","og_type":"article","og_title":"Vapeenjoy FAQ - Vape Usage & Buying Guide | Vapeenjoy","og_description":"Answers to your Vapeenjoy Vape questions! Get usage tips and buying advice on our Vapeenjoy FAQ page for a better vaping experience.","og_url":"https:\/\/vapeenjoy.com\/de\/vapeenjoy-faq\/","og_site_name":"vapeenjoy","article_modified_time":"2025-08-26T08:27:47+00:00","twitter_card":"summary_large_image","twitter_misc":{"Gesch\u00e4tzte Lesezeit":"2\u00a0Minuten"},"schema":{"@context":"https:\/\/schema.org","@graph":[{"@type":"WebPage","@id":"https:\/\/vapeenjoy.com\/vapeenjoy-faq\/","url":"https:\/\/vapeenjoy.com\/vapeenjoy-faq\/","name":"Vapeenjoy FAQ - Vape Usage &amp; Buying Guide | Vapeenjoy","isPartOf":{"@id":"https:\/\/vapeenjoy.com\/#website"},"datePublished":"2025-08-11T06:57:48+00:00","dateModified":"2025-08-26T08:27:47+00:00","description":"Antworten auf Ihre Vapeenjoy Vape-Fragen! Erhalten Sie Tipps zur Nutzung und Kaufberatung auf unserer Vapeenjoy-FAQ-Seite f\u00fcr ein besseres Dampferlebnis.","breadcrumb":{"@id":"https:\/\/vapeenjoy.com\/vapeenjoy-faq\/#breadcrumb"},"inLanguage":"de","potentialAction":[{"@type":"ReadAction","target":["https:\/\/vapeenjoy.com\/vapeenjoy-faq\/"]}]},{"@type":"BreadcrumbList","@id":"https:\/\/vapeenjoy.com\/vapeenjoy-faq\/#breadcrumb","itemListElement":[{"@type":"ListItem","position":1,"name":"Home","item":"https:\/\/vapeenjoy.com\/"},{"@type":"ListItem","position":2,"name":"Vapeenjoy FAQ"}]},{"@type":"WebSite","@id":"https:\/\/vapeenjoy.com\/#website","url":"https:\/\/vapeenjoy.com\/","name":"Vapeenfreude","description":"Ein Online-Shop f\u00fcr den Verkauf von Vapes","potentialAction":[{"@type":"SearchAction","target":{"@type":"EntryPoint","urlTemplate":"https:\/\/vapeenjoy.com\/?s={search_term_string}"},"query-input":{"@type":"PropertyValueSpecification","valueRequired":true,"valueName":"search_term_string"}}],"inLanguage":"de"}]}},"_links":{"self":[{"href":"https:\/\/vapeenjoy.com\/de\/wp-json\/wp\/v2\/pages\/1961","targetHints":{"allow":["GET"]}}],"collection":[{"href":"https:\/\/vapeenjoy.com\/de\/wp-json\/wp\/v2\/pages"}],"about":[{"href":"https:\/\/vapeenjoy.com\/de\/wp-json\/wp\/v2\/types\/page"}],"author":[{"embeddable":true,"href":"https:\/\/vapeenjoy.com\/de\/wp-json\/wp\/v2\/users\/1"}],"replies":[{"embeddable":true,"href":"https:\/\/vapeenjoy.com\/de\/wp-json\/wp\/v2\/comments?post=1961"}],"version-history":[{"count":28,"href":"https:\/\/vapeenjoy.com\/de\/wp-json\/wp\/v2\/pages\/1961\/revisions"}],"predecessor-version":[{"id":2620,"href":"https:\/\/vapeenjoy.com\/de\/wp-json\/wp\/v2\/pages\/1961\/revisions\/2620"}],"wp:attachment":[{"href":"https:\/\/vapeenjoy.com\/de\/wp-json\/wp\/v2\/media?parent=1961"}],"curies":[{"name":"WP","href":"https:\/\/api.w.org\/{rel}","templated":true}]}}