{"id":3,"date":"2025-07-15T07:17:12","date_gmt":"2025-07-15T07:17:12","guid":{"rendered":"https:\/\/vapeenjoy.com\/?page_id=3"},"modified":"2025-12-05T01:54:29","modified_gmt":"2025-12-05T01:54:29","slug":"vapeenjoy-privacy-policy","status":"publish","type":"page","link":"https:\/\/vapeenjoy.com\/de\/vapeenjoy-datenschutzrichtlinie\/","title":{"rendered":"Datenschutzerkl\u00e4rung"},"content":{"rendered":"<div data-elementor-type=\"wp-page\" data-elementor-id=\"3\" class=\"elementor elementor-3\">\n\t\t\t\t<div class=\"wd-negative-gap elementor-element elementor-element-4be8a2fa e-flex e-con-boxed e-con e-parent\" data-id=\"4be8a2fa\" data-element_type=\"container\">\n\t\t\t\t\t<div class=\"e-con-inner\">\n\t\t\t\t<div class=\"elementor-element elementor-element-4c66531 color-scheme-inherit text-left elementor-widget elementor-widget-text-editor\" data-id=\"4c66531\" data-element_type=\"widget\" data-widget_type=\"text-editor.default\">\n\t\t\t\t\t\t\t\t\t<h2>Datenschutzerkl\u00e4rung<\/h2><p>Diese Datenschutzrichtlinie erkl\u00e4rt, wie Vapeenjoy (im Folgenden als \u201edie Website\u201c oder \u201ewir\u201c bezeichnet) Ihre pers\u00f6nlichen Daten sammelt, verwendet und offenlegt, wenn Sie auf unserer Website Eink\u00e4ufe t\u00e4tigen oder t\u00e4tigen.<\/p><h2>in Verbindung stehen<\/h2><p>Wenn Sie Fragen haben, weitere Informationen zu unseren Datenschutzpraktiken ben\u00f6tigen oder eine Beschwerde einreichen m\u00f6chten, kontaktieren Sie uns bitte per E-Mail unter palpitate_2004@qq.com, nachdem Sie diese Richtlinie gelesen haben.<\/p><h2>Erhebung personenbezogener Daten<\/h2><p>Wenn Sie unsere Website besuchen, sammeln wir bestimmte Informationen \u00fcber Ihr Ger\u00e4t, Ihre Interaktionen mit der Website und Details, die f\u00fcr die Verarbeitung Ihrer Eink\u00e4ufe erforderlich sind. Wenn Sie uns f\u00fcr den Kundenservice kontaktieren, k\u00f6nnen wir zus\u00e4tzliche Informationen sammeln. In dieser Richtlinie werden alle Daten, die sich auf eine identifizierbare Person beziehen, als \u201epersonenbezogene Daten\u201c bezeichnet. Nachfolgend finden Sie Details zu den von uns erhobenen personenbezogenen Daten und warum wir sie sammeln:<\/p><h3>Ger\u00e4teinformationen<\/h3><h4>Zweck:<\/h4><p>die Website f\u00fcr Sie richtig zu laden und Analysen zur Optimierung der Website durchzuf\u00fchren.<\/p><h4>Quelle:<\/h4><p>automatisch \u00fcber Cookies, Log-Dateien, Web-Beacons, Tags oder Pixel beim Aufrufen unserer Website gesammelt.<\/p><h4>Erhebung personenbezogener Daten:<\/h4><p>Webbrowser-Version, IP-Adresse, Zeitzone, Cookie-Details, angezeigte Seiten oder Produkte, Suchbegriffe und Interaktion der Website.<\/p><h3>Bestellinformationen<\/h3><h4>Zweck:<\/h4><p>Um Produkte\/Dienstleistungen zu verarbeiten, Zahlungen zu verarbeiten, Versand zu veranlassen, Rechnungen\/Best\u00e4tigungen zu erstellen, mit Ihnen zu kommunizieren, Bestellungen f\u00fcr Risiko\/Betrug zu screenen und produktbezogene Informationen oder Werbung basierend auf Ihren Pr\u00e4ferenzen zu senden.<\/p><h4>Quelle:<\/h4><p>direkt von Ihnen gesammelt.<\/p><h4>Erhebung personenbezogener Daten:<\/h4><p>Name, Rechnungsadresse, Lieferadresse, Zahlungsdetails (einschlie\u00dflich Kreditkartennummern), E-Mail-Adresse und Telefonnummer.<\/p><h3>Kundendienstinformationen<\/h3><h4>Zweck:<\/h4><p>zur Optimierung der Website-Nutzung und zur Bereitstellung von Kundenservice.<\/p><h4>Quelle:<\/h4><p>automatisch beim Aufruf unserer Website erhoben.<\/p><h4>Zweck:<\/h4><p>Kundenservice zu bieten.<\/p><h4>Quelle:<\/h4><p>direkt von Ihnen gesammelt.<\/p><h2>Minderj\u00e4hrige<\/h2><p>Unsere Website ist nicht f\u00fcr Personen unter 21 Jahren bestimmt. Wir sammeln wissentlich keine pers\u00f6nlichen Daten von Kindern. Wenn Sie glauben, dass Ihr Kind uns personenbezogene Daten zur Verf\u00fcgung gestellt hat, kontaktieren Sie uns bitte, um die L\u00f6schung zu beantragen.<\/p><h2>Weitergabe personenbezogener Daten<\/h2><p>Wir geben Ihre pers\u00f6nlichen Daten an Dienstleister weiter, um Ihnen bei der Erbringung von Dienstleistungen und der Erf\u00fcllung von Vertr\u00e4gen mit Ihnen zu helfen. Dies kann den Austausch von Informationen umfassen, um Gesetze einzuhalten, auf rechtliche Anfragen zu reagieren oder unsere Rechte zu sch\u00fctzen.<\/p><h2>Verhaltenswerbung<\/h2><p>Wir verwenden Ihre pers\u00f6nlichen Daten, um Werbung oder Marketingmitteilungen zu zielen, von denen wir glauben, dass sie f\u00fcr Sie von Interesse sein k\u00f6nnten. Dazu geh\u00f6rt, Informationen mit Werbepartnern zu teilen. \u00dcber die bereitgestellten Links k\u00f6nnen Sie sich von bestimmten Diensten abmelden.<\/p><h2>Verwendung personenbezogener Daten<\/h2><p>Wir verwenden Ihre pers\u00f6nlichen Daten, um Dienstleistungen wie Produktverk\u00e4ufe, Zahlungsabwicklung, Auftragserf\u00fcllung und Informationen zu neuen Produkten, Dienstleistungen und Angeboten bereitzustellen.<\/p><h2>Rechtsgrundlage<\/h2><p>Wenn Sie sich im EWR befinden, verarbeiten wir Ihre personenbezogenen Daten nach der DSGVO auf verschiedenen in der Verordnung festgelegten Rechtsgrundlagen.<\/p><h2>Speicherung<\/h2><p>Wir speichern Ihre pers\u00f6nlichen Daten f\u00fcr unsere Unterlagen, es sei denn, Sie beantragen dessen L\u00f6schung.<\/p><h2>Automatisierte Entscheidungsfindung<\/h2><p>Wir f\u00fchren keine vollautomatischen Entscheidungsprozesse mit rechtlichen Auswirkungen durch Kundendaten durch.<\/p><h2>Verkauf personenbezogener Daten<\/h2><p>Unsere Website verkauft personenbezogene Daten gem\u00e4\u00df der Definition des CCPA. Details zu den verkauften Kategorien und die Opt-Out-Anleitung sind verf\u00fcgbar.<\/p><h2>Deine Rechte<\/h2><p>Einwohner von EWR und Kalifornien haben das Recht, auf ihre pers\u00f6nlichen Daten zuzugreifen, sie zu korrigieren, zu aktualisieren oder zu l\u00f6schen. Anweisungen zur Aus\u00fcbung dieser Rechte werden gegeben.<\/p><h2>Kekse<\/h2><p>Wir verwenden Cookies, um Ihr Surferlebnis zu verbessern. Sie k\u00f6nnen Cookies \u00fcber Ihre Browsereinstellungen steuern und verwalten.<\/p><h2>Nicht verfolgen<\/h2><p>Wir \u00e4ndern unsere Datenpraktiken nicht als Reaktion auf \"Do Not Track\" -Signale des Browsers.<\/p><h2>Umbau<\/h2><p>Wir k\u00f6nnen diese Datenschutzrichtlinie von Zeit zu Zeit aktualisieren, um betriebliche, rechtliche oder beh\u00f6rdliche \u00c4nderungen widerzuspiegeln.<\/p><h2>Beschwerden<\/h2><p>Bei Beschwerden kontaktieren Sie uns bitte per E-Mail oder Post unter \u201eKontakt\u201c.<\/p><p>Vielen Dank f\u00fcr das Lesen unserer Datenschutzrichtlinie unter\u00a0<a class=\"wpil_keyword_link\" title=\"Schaufensterbrust\" href=\"https:\/\/vapeenjoy.com\/\" data-wpil-keyword-link=\"linked\" data-wpil-monitor-id=\"6\">Vapeenjoy.<\/a><\/p>\t\t\t\t\t\t\t\t<\/div>\n\t\t\t\t\t<\/div>\n\t\t\t\t<\/div>\n\t\t<div class=\"wd-negative-gap elementor-element elementor-element-9df7240 e-flex e-con-boxed e-con e-parent\" data-id=\"9df7240\" data-element_type=\"container\">\n\t\t\t\t\t<div class=\"e-con-inner\">\n\t\t\t\t<div class=\"elementor-element elementor-element-8b3b697 elementor-widget elementor-widget-wd_image_or_svg\" data-id=\"8b3b697\" data-element_type=\"widget\" data-widget_type=\"wd_image_or_svg.default\">\n\t\t\t\t<div class=\"elementor-widget-container\">\n\t\t\t\t\t\n\t\t<div class=\"wd-image text-left\">\n\t\t\t\t\t\t\t\t<img fetchpriority=\"high\" decoding=\"async\" width=\"1210\" height=\"800\" src=\"https:\/\/vapeenjoy.com\/wp-content\/uploads\/2025\/08\/Real-photos.png\" class=\"attachment-full size-full\" alt=\"vape echte Fotos\" srcset=\"https:\/\/vapeenjoy.com\/wp-content\/uploads\/2025\/08\/Real-photos.png 1210w, https:\/\/vapeenjoy.com\/wp-content\/uploads\/2025\/08\/Real-photos-300x198.png 300w, https:\/\/vapeenjoy.com\/wp-content\/uploads\/2025\/08\/Real-photos-1024x677.png 1024w, https:\/\/vapeenjoy.com\/wp-content\/uploads\/2025\/08\/Real-photos-768x508.png 768w, https:\/\/vapeenjoy.com\/wp-content\/uploads\/2025\/08\/Real-photos-1200x793.png 1200w, https:\/\/vapeenjoy.com\/wp-content\/uploads\/2025\/08\/Real-photos-150x99.png 150w\" sizes=\"(max-width: 1210px) 100vw, 1210px\" \/>\t\t\t\t\t<\/div>\n\n\t\t\t\t\t\t<\/div>\n\t\t\t\t<\/div>\n\t\t\t\t\t<\/div>\n\t\t\t\t<\/div>\n\t\t\t\t<\/div>","protected":false},"excerpt":{"rendered":"<p>Privacy Policy This Privacy Policy explains how Vapeenjoy (hereinafter referred to as \u201cthe Site\u201d or \u201cwe\u201d) collects, uses, and discloses<\/p>","protected":false},"author":1,"featured_media":0,"parent":0,"menu_order":0,"comment_status":"closed","ping_status":"open","template":"","meta":{"footnotes":""},"class_list":["post-3","page","type-page","status-publish","hentry"],"yoast_head":"<!-- This site is optimized with the Yoast SEO plugin v25.7 - https:\/\/yoast.com\/wordpress\/plugins\/seo\/ -->\n<title>Privacy Policy on the sale of vape on the vapeenjoy website<\/title>\n<meta name=\"description\" content=\"Learn how we protect your privacy. This privacy policy explains how we use your personal information when you use our vape website.\" \/>\n<meta name=\"robots\" content=\"index, follow, max-snippet:-1, max-image-preview:large, max-video-preview:-1\" \/>\n<link rel=\"canonical\" href=\"https:\/\/vapeenjoy.com\/de\/vapeenjoy-datenschutzrichtlinie\/\" \/>\n<meta property=\"og:locale\" content=\"de_DE\" \/>\n<meta property=\"og:type\" content=\"article\" \/>\n<meta property=\"og:title\" content=\"Privacy Policy on the sale of vape on the vapeenjoy website\" \/>\n<meta property=\"og:description\" content=\"Learn how we protect your privacy. This privacy policy explains how we use your personal information when you use our vape website.\" \/>\n<meta property=\"og:url\" content=\"https:\/\/vapeenjoy.com\/de\/vapeenjoy-datenschutzrichtlinie\/\" \/>\n<meta property=\"og:site_name\" content=\"vapeenjoy\" \/>\n<meta property=\"article:modified_time\" content=\"2025-12-05T01:54:29+00:00\" \/>\n<meta property=\"og:image\" content=\"https:\/\/vapeenjoy.com\/wp-content\/uploads\/2025\/08\/Real-photos.png\" \/>\n<meta name=\"twitter:card\" content=\"summary_large_image\" \/>\n<meta name=\"twitter:label1\" content=\"Gesch\u00e4tzte Lesezeit\" \/>\n\t<meta name=\"twitter:data1\" content=\"1\u00a0Minute\" \/>\n<script type=\"application\/ld+json\" class=\"yoast-schema-graph\">{\"@context\":\"https:\/\/schema.org\",\"@graph\":[{\"@type\":\"WebPage\",\"@id\":\"https:\/\/vapeenjoy.com\/vapeenjoy-privacy-policy\/\",\"url\":\"https:\/\/vapeenjoy.com\/vapeenjoy-privacy-policy\/\",\"name\":\"Privacy Policy on the sale of vape on the vapeenjoy website\",\"isPartOf\":{\"@id\":\"https:\/\/vapeenjoy.com\/#website\"},\"primaryImageOfPage\":{\"@id\":\"https:\/\/vapeenjoy.com\/vapeenjoy-privacy-policy\/#primaryimage\"},\"image\":{\"@id\":\"https:\/\/vapeenjoy.com\/vapeenjoy-privacy-policy\/#primaryimage\"},\"thumbnailUrl\":\"https:\/\/vapeenjoy.com\/wp-content\/uploads\/2025\/08\/Real-photos.png\",\"datePublished\":\"2025-07-15T07:17:12+00:00\",\"dateModified\":\"2025-12-05T01:54:29+00:00\",\"description\":\"Learn how we protect your privacy. This privacy policy explains how we use your personal information when you use our vape website.\",\"breadcrumb\":{\"@id\":\"https:\/\/vapeenjoy.com\/vapeenjoy-privacy-policy\/#breadcrumb\"},\"inLanguage\":\"de\",\"potentialAction\":[{\"@type\":\"ReadAction\",\"target\":[\"https:\/\/vapeenjoy.com\/vapeenjoy-privacy-policy\/\"]}]},{\"@type\":\"ImageObject\",\"inLanguage\":\"de\",\"@id\":\"https:\/\/vapeenjoy.com\/vapeenjoy-privacy-policy\/#primaryimage\",\"url\":\"https:\/\/vapeenjoy.com\/wp-content\/uploads\/2025\/08\/Real-photos.png\",\"contentUrl\":\"https:\/\/vapeenjoy.com\/wp-content\/uploads\/2025\/08\/Real-photos.png\"},{\"@type\":\"BreadcrumbList\",\"@id\":\"https:\/\/vapeenjoy.com\/vapeenjoy-privacy-policy\/#breadcrumb\",\"itemListElement\":[{\"@type\":\"ListItem\",\"position\":1,\"name\":\"Home\",\"item\":\"https:\/\/vapeenjoy.com\/\"},{\"@type\":\"ListItem\",\"position\":2,\"name\":\"Privacy Policy\"}]},{\"@type\":\"WebSite\",\"@id\":\"https:\/\/vapeenjoy.com\/#website\",\"url\":\"https:\/\/vapeenjoy.com\/\",\"name\":\"vapeenjoy\",\"description\":\"An online store for selling vapes\",\"potentialAction\":[{\"@type\":\"SearchAction\",\"target\":{\"@type\":\"EntryPoint\",\"urlTemplate\":\"https:\/\/vapeenjoy.com\/?s={search_term_string}\"},\"query-input\":{\"@type\":\"PropertyValueSpecification\",\"valueRequired\":true,\"valueName\":\"search_term_string\"}}],\"inLanguage\":\"de\"}]}<\/script>\n<!-- \/ Yoast SEO plugin. -->","yoast_head_json":{"title":"Datenschutzerkl\u00e4rung zum Verkauf von Vape auf der Vapeenjoy-Website","description":"Erfahren Sie, wie wir Ihre Privatsph\u00e4re sch\u00fctzen. Diese Datenschutzerkl\u00e4rung erkl\u00e4rt, wie wir Ihre pers\u00f6nlichen Daten verwenden, wenn Sie unsere VAPe-Website nutzen.","robots":{"index":"index","follow":"follow","max-snippet":"max-snippet:-1","max-image-preview":"max-image-preview:large","max-video-preview":"max-video-preview:-1"},"canonical":"https:\/\/vapeenjoy.com\/de\/vapeenjoy-datenschutzrichtlinie\/","og_locale":"de_DE","og_type":"article","og_title":"Privacy Policy on the sale of vape on the vapeenjoy website","og_description":"Learn how we protect your privacy. This privacy policy explains how we use your personal information when you use our vape website.","og_url":"https:\/\/vapeenjoy.com\/de\/vapeenjoy-datenschutzrichtlinie\/","og_site_name":"vapeenjoy","article_modified_time":"2025-12-05T01:54:29+00:00","og_image":[{"url":"https:\/\/vapeenjoy.com\/wp-content\/uploads\/2025\/08\/Real-photos.png","type":"","width":"","height":""}],"twitter_card":"summary_large_image","twitter_misc":{"Gesch\u00e4tzte Lesezeit":"1\u00a0Minute"},"schema":{"@context":"https:\/\/schema.org","@graph":[{"@type":"WebPage","@id":"https:\/\/vapeenjoy.com\/vapeenjoy-privacy-policy\/","url":"https:\/\/vapeenjoy.com\/vapeenjoy-privacy-policy\/","name":"Datenschutzerkl\u00e4rung zum Verkauf von Vape auf der Vapeenjoy-Website","isPartOf":{"@id":"https:\/\/vapeenjoy.com\/#website"},"primaryImageOfPage":{"@id":"https:\/\/vapeenjoy.com\/vapeenjoy-privacy-policy\/#primaryimage"},"image":{"@id":"https:\/\/vapeenjoy.com\/vapeenjoy-privacy-policy\/#primaryimage"},"thumbnailUrl":"https:\/\/vapeenjoy.com\/wp-content\/uploads\/2025\/08\/Real-photos.png","datePublished":"2025-07-15T07:17:12+00:00","dateModified":"2025-12-05T01:54:29+00:00","description":"Erfahren Sie, wie wir Ihre Privatsph\u00e4re sch\u00fctzen. Diese Datenschutzerkl\u00e4rung erkl\u00e4rt, wie wir Ihre pers\u00f6nlichen Daten verwenden, wenn Sie unsere VAPe-Website nutzen.","breadcrumb":{"@id":"https:\/\/vapeenjoy.com\/vapeenjoy-privacy-policy\/#breadcrumb"},"inLanguage":"de","potentialAction":[{"@type":"ReadAction","target":["https:\/\/vapeenjoy.com\/vapeenjoy-privacy-policy\/"]}]},{"@type":"ImageObject","inLanguage":"de","@id":"https:\/\/vapeenjoy.com\/vapeenjoy-privacy-policy\/#primaryimage","url":"https:\/\/vapeenjoy.com\/wp-content\/uploads\/2025\/08\/Real-photos.png","contentUrl":"https:\/\/vapeenjoy.com\/wp-content\/uploads\/2025\/08\/Real-photos.png"},{"@type":"BreadcrumbList","@id":"https:\/\/vapeenjoy.com\/vapeenjoy-privacy-policy\/#breadcrumb","itemListElement":[{"@type":"ListItem","position":1,"name":"Home","item":"https:\/\/vapeenjoy.com\/"},{"@type":"ListItem","position":2,"name":"Privacy Policy"}]},{"@type":"WebSite","@id":"https:\/\/vapeenjoy.com\/#website","url":"https:\/\/vapeenjoy.com\/","name":"Vapeenfreude","description":"Ein Online-Shop f\u00fcr den Verkauf von Vapes","potentialAction":[{"@type":"SearchAction","target":{"@type":"EntryPoint","urlTemplate":"https:\/\/vapeenjoy.com\/?s={search_term_string}"},"query-input":{"@type":"PropertyValueSpecification","valueRequired":true,"valueName":"search_term_string"}}],"inLanguage":"de"}]}},"_links":{"self":[{"href":"https:\/\/vapeenjoy.com\/de\/wp-json\/wp\/v2\/pages\/3","targetHints":{"allow":["GET"]}}],"collection":[{"href":"https:\/\/vapeenjoy.com\/de\/wp-json\/wp\/v2\/pages"}],"about":[{"href":"https:\/\/vapeenjoy.com\/de\/wp-json\/wp\/v2\/types\/page"}],"author":[{"embeddable":true,"href":"https:\/\/vapeenjoy.com\/de\/wp-json\/wp\/v2\/users\/1"}],"replies":[{"embeddable":true,"href":"https:\/\/vapeenjoy.com\/de\/wp-json\/wp\/v2\/comments?post=3"}],"version-history":[{"count":14,"href":"https:\/\/vapeenjoy.com\/de\/wp-json\/wp\/v2\/pages\/3\/revisions"}],"predecessor-version":[{"id":3145,"href":"https:\/\/vapeenjoy.com\/de\/wp-json\/wp\/v2\/pages\/3\/revisions\/3145"}],"wp:attachment":[{"href":"https:\/\/vapeenjoy.com\/de\/wp-json\/wp\/v2\/media?parent=3"}],"curies":[{"name":"WP","href":"https:\/\/api.w.org\/{rel}","templated":true}]}}