{"id":104,"date":"2025-07-17T07:05:52","date_gmt":"2025-07-17T07:05:52","guid":{"rendered":"https:\/\/vapeenjoy.com\/?post_type=product&#038;p=104"},"modified":"2026-01-17T03:23:12","modified_gmt":"2026-01-17T03:23:12","slug":"bang-king-city-50k-puffs-disposable-vape","status":"publish","type":"product","link":"https:\/\/vapeenjoy.com\/de\/produkt\/bang-king-city-50k-puffs-einweg-vape\/","title":{"rendered":"Bang King City 50k Puffs Einweg Vape Gro\u00dfhandel 45ml 2%-5% Nikotin Typ-C wiederaufladbar"},"content":{"rendered":"<h2>Bang King City 50k Puffs Einweg Vape Beschreibung<\/h2>\n<p>Der 50k-Einwegvape von Bang King City kombiniert Stil, Kraft und langlebige Leistung. Dieser Vape wurde von der vertrauensw\u00fcrdigen Marke Bang King hergestellt und ist perfekt f\u00fcr alle, die ein zuverl\u00e4ssiges und benutzerfreundliches Ger\u00e4t w\u00fcnschen. Das schlanke Design f\u00fchlt sich angenehm an und der Akku h\u00e4lt den ganzen Tag am Laufen. Mit gro\u00dfem Dampf und gro\u00dfartigen Aromen ist es sowohl f\u00fcr Anf\u00e4nger als auch f\u00fcr erfahrene Benutzer gemacht.<\/p>\n<h2>Bang King 50k Puffs Einweg Vape Spezifikationen<\/h2>\n<ul class=\"tight\" data-tight=\"true\">\n<li><strong>Puff-Z\u00e4hlung:<\/strong> Bis zu 50.000 Z\u00fcge f\u00fcr den langlebigen Einsatz.<\/li>\n<li><strong>E-Liquid-Kapazit\u00e4t:<\/strong> 45ml vorgef\u00fcllt f\u00fcr problemloses Dampfen.<\/li>\n<li><strong>Nikotinst\u00e4rke:<\/strong> Erh\u00e4ltlich in den Optionen 2%, 3% oder 5%.<\/li>\n<li><strong>Batteriekapazit\u00e4t:<\/strong> 650mAh Akku f\u00fcr gleichbleibende Leistung.<\/li>\n<li><strong>Ladeart:<\/strong> Typ-C-Schnellladung f\u00fcr schnelle Aufladungen.<\/li>\n<li><strong>Spulentyp:<\/strong> 1,0 \u03a9 Mesh Coil liefert glattes und reichhaltiges Aroma.<\/li>\n<li><strong>Luftstrom:<\/strong> Mit dem einstellbaren Luftstrom k\u00f6nnen Sie Ihren Draw steuern.<\/li>\n<li><strong>Anzeigen:<\/strong> Der LCD-Bildschirm zeigt den Akku- und E-Liquid-Pegel in Echtzeit an.<\/li>\n<\/ul>\n<h2>12 Geschmacksoptionen<\/h2>\n<ol class=\"tight\" data-tight=\"true\">\n<li><strong>Blaues Razz-Eis:<\/strong> S\u00fc\u00dfe und spritzige blaue Himbeere mit einem k\u00fchlen Abgang.<\/li>\n<li><strong>Erdbeer-Wassermelone:<\/strong> Saftige Mischung aus Erdbeeren und Wassermelone.<\/li>\n<li><strong>Wassermeloneneis:<\/strong> S\u00fc\u00dfe Wassermelone mit einer erfrischenden K\u00e4lte.<\/li>\n<li><strong>Erdbeer-Banane:<\/strong> Glatte Mischung aus reifen Erdbeeren und Bananen.<\/li>\n<li><strong>Tropische Fr\u00fcchte:<\/strong> Eine Mischung aus exotischen tropischen Fr\u00fcchten.<\/li>\n<li><strong>Dreifachbeere:<\/strong> Ein Schuss von Heidelbeere, Himbeere und Brombeere.<\/li>\n<li><strong>Saftiges Pfirsicheis:<\/strong> S\u00fc\u00dfer Pfirsichgeschmack mit einer minzig k\u00fchlen Note.<\/li>\n<li><strong>Erdbeerkiwi:<\/strong> Eine perfekte Kombination aus Erdbeere und Kiwi.<\/li>\n<li><strong>Pfirsich-Mango-Wassermelone:<\/strong> S\u00fc\u00dfe tropische Mischung aus Pfirsich, Mango und Wassermelone.<\/li>\n<li><strong>Kiwi-Passionsfrucht-Guave:<\/strong> W\u00fcrzige und tropische Fruchtfusion.<\/li>\n<li><strong>Traubeneis:<\/strong> S\u00fc\u00dfe Traube mit eisiger Wendung.<\/li>\n<li><strong>Herr Blau:<\/strong> Gemischte Beeren mit einem glatten, k\u00fchlen Abgang.<\/li>\n<\/ol>\n<h2>H\u00e4ufig gestellte Fragen<\/h2>\n<ol class=\"tight\" data-tight=\"true\">\n<li><strong>Wie viele Puffs bietet es an?<\/strong> Rund 50.000 Z\u00fcge pro Ger\u00e4t.<\/li>\n<li><strong>Ist es wiederaufladbar?<\/strong> Ja, es wird mit einem 650-mAh-Akku und Typ-C-Ladeanschluss geliefert.<\/li>\n<li><strong>Welche Nikotinwerte sind verf\u00fcgbar?<\/strong> W\u00e4hlen Sie aus 2%, 3% oder 5% Nikotinst\u00e4rke.<\/li>\n<li><strong>Wie kann ich Batterie- und E-Liquid-Levels \u00fcberpr\u00fcfen?<\/strong> Der LCD-Bildschirm zeigt beides in Echtzeit an.<\/li>\n<li><strong>Kann ich den Luftstrom einstellen?<\/strong> Ja, es enth\u00e4lt einstellbare Luftstr\u00f6mung f\u00fcr Ihre bevorzugte Auslosung.<\/li>\n<li><strong>Welchen Geschmack soll ich zuerst probieren?<\/strong> Wenn Sie etwas S\u00fc\u00dfes m\u00f6gen, probieren Sie Erdbeerwassermelone. F\u00fcr einen k\u00fchlen und frischen Geschmack gehen Sie mit blauem Razz-Eis.<\/li>\n<li><strong>Welche Spule verwendet es?<\/strong> Es verwendet eine 1,0 \u03a9 Mesh-Spule f\u00fcr reichhaltiges Aroma und glatten Dampf.<\/li>\n<\/ol>\n<p><img fetchpriority=\"high\" decoding=\"async\" class=\"alignnone wp-image-110 size-full\" src=\"https:\/\/vapeenjoy.com\/wp-content\/uploads\/2025\/07\/BangKingCity50000PuffsFlavor-1.png\" alt=\"Bang King City 50k Puffs Einwegvape-Aromen\" width=\"800\" height=\"996\" srcset=\"https:\/\/vapeenjoy.com\/wp-content\/uploads\/2025\/07\/BangKingCity50000PuffsFlavor-1.png 800w, https:\/\/vapeenjoy.com\/wp-content\/uploads\/2025\/07\/BangKingCity50000PuffsFlavor-1-150x187.png 150w, https:\/\/vapeenjoy.com\/wp-content\/uploads\/2025\/07\/BangKingCity50000PuffsFlavor-1-600x747.png 600w, https:\/\/vapeenjoy.com\/wp-content\/uploads\/2025\/07\/BangKingCity50000PuffsFlavor-1-241x300.png 241w, https:\/\/vapeenjoy.com\/wp-content\/uploads\/2025\/07\/BangKingCity50000PuffsFlavor-1-768x956.png 768w\" sizes=\"(max-width: 800px) 100vw, 800px\" \/><\/p>","protected":false},"excerpt":{"rendered":"<p dir=\"auto\">Bang King, ein f\u00fchrender Anbieter von Vaping-Innovationen, stellt den 50k-Einwegvape der Stadt vor. Mit einer Kapazit\u00e4t von 45 ml E-Fl\u00fcssigkeit, bis zu 50.000 Z\u00fcgen, 2-51 TP3T Nikotinst\u00e4rken, einem 650-mAh-Akku, Typ-C-Ladebetrieb und einstellbarem Luftstrom bietet es eine dauerhafte Leistung in einem eleganten Design.<\/p>","protected":false},"featured_media":107,"comment_status":"open","ping_status":"closed","template":"","meta":[],"product_brand":[16],"product_cat":[21],"product_tag":[84,94],"class_list":{"0":"post-104","1":"product","2":"type-product","3":"status-publish","4":"has-post-thumbnail","6":"product_brand-bang-vape","7":"product_cat-50000-puffs-vape","8":"product_tag-2-5-nicotine","9":"product_tag-45ml","11":"first","12":"instock","13":"sale","14":"shipping-taxable","15":"purchasable","16":"product-type-variable"},"yoast_head":"<!-- This site is optimized with the Yoast SEO plugin v25.7 - https:\/\/yoast.com\/wordpress\/plugins\/seo\/ -->\n<title>Bang King City 50K Puffs Disposable Vape 45ml 2%-5% Nicotine<\/title>\n<meta name=\"description\" content=\"Bang King City 50K Puffs Disposable Vape: 45ml e-liquid, 2-5% nicotine, Type-C rechargeable. Long-lasting flavor, up to 50,000 puffs. Order now!\" \/>\n<meta name=\"robots\" content=\"index, follow, max-snippet:-1, max-image-preview:large, max-video-preview:-1\" \/>\n<link rel=\"canonical\" href=\"https:\/\/vapeenjoy.com\/de\/produkt\/bang-king-city-50k-puffs-einweg-vape\/\" \/>\n<meta property=\"og:locale\" content=\"de_DE\" \/>\n<meta property=\"og:type\" content=\"article\" \/>\n<meta property=\"og:title\" content=\"Bang King City 50K Puffs Disposable Vape 45ml 2%-5% Nicotine\" \/>\n<meta property=\"og:description\" content=\"Bang King City 50K Puffs Disposable Vape: 45ml e-liquid, 2-5% nicotine, Type-C rechargeable. Long-lasting flavor, up to 50,000 puffs. Order now!\" \/>\n<meta property=\"og:url\" content=\"https:\/\/vapeenjoy.com\/de\/produkt\/bang-king-city-50k-puffs-einweg-vape\/\" \/>\n<meta property=\"og:site_name\" content=\"vapeenjoy\" \/>\n<meta property=\"article:modified_time\" content=\"2026-01-17T03:23:12+00:00\" \/>\n<meta property=\"og:image\" content=\"https:\/\/vapeenjoy.com\/wp-content\/uploads\/2025\/07\/BangKingCity50000Puffs.webp\" \/>\n\t<meta property=\"og:image:width\" content=\"800\" \/>\n\t<meta property=\"og:image:height\" content=\"800\" \/>\n\t<meta property=\"og:image:type\" content=\"image\/webp\" \/>\n<meta name=\"twitter:card\" content=\"summary_large_image\" \/>\n<meta name=\"twitter:label1\" content=\"Gesch\u00e4tzte Lesezeit\" \/>\n\t<meta name=\"twitter:data1\" content=\"3\u00a0Minuten\" \/>\n<script type=\"application\/ld+json\" class=\"yoast-schema-graph\">{\"@context\":\"https:\/\/schema.org\",\"@graph\":[{\"@type\":\"WebPage\",\"@id\":\"https:\/\/vapeenjoy.com\/product\/bang-king-city-50k-puffs-disposable-vape\/\",\"url\":\"https:\/\/vapeenjoy.com\/product\/bang-king-city-50k-puffs-disposable-vape\/\",\"name\":\"Bang King City 50K Puffs Disposable Vape 45ml 2%-5% Nicotine\",\"isPartOf\":{\"@id\":\"https:\/\/vapeenjoy.com\/#website\"},\"primaryImageOfPage\":{\"@id\":\"https:\/\/vapeenjoy.com\/product\/bang-king-city-50k-puffs-disposable-vape\/#primaryimage\"},\"image\":{\"@id\":\"https:\/\/vapeenjoy.com\/product\/bang-king-city-50k-puffs-disposable-vape\/#primaryimage\"},\"thumbnailUrl\":\"https:\/\/vapeenjoy.com\/wp-content\/uploads\/2025\/07\/BangKingCity50000Puffs.webp\",\"datePublished\":\"2025-07-17T07:05:52+00:00\",\"dateModified\":\"2026-01-17T03:23:12+00:00\",\"description\":\"Bang King City 50K Puffs Disposable Vape: 45ml e-liquid, 2-5% nicotine, Type-C rechargeable. Long-lasting flavor, up to 50,000 puffs. Order now!\",\"breadcrumb\":{\"@id\":\"https:\/\/vapeenjoy.com\/product\/bang-king-city-50k-puffs-disposable-vape\/#breadcrumb\"},\"inLanguage\":\"de\",\"potentialAction\":[{\"@type\":\"ReadAction\",\"target\":[\"https:\/\/vapeenjoy.com\/product\/bang-king-city-50k-puffs-disposable-vape\/\"]}]},{\"@type\":\"ImageObject\",\"inLanguage\":\"de\",\"@id\":\"https:\/\/vapeenjoy.com\/product\/bang-king-city-50k-puffs-disposable-vape\/#primaryimage\",\"url\":\"https:\/\/vapeenjoy.com\/wp-content\/uploads\/2025\/07\/BangKingCity50000Puffs.webp\",\"contentUrl\":\"https:\/\/vapeenjoy.com\/wp-content\/uploads\/2025\/07\/BangKingCity50000Puffs.webp\",\"width\":800,\"height\":800},{\"@type\":\"BreadcrumbList\",\"@id\":\"https:\/\/vapeenjoy.com\/product\/bang-king-city-50k-puffs-disposable-vape\/#breadcrumb\",\"itemListElement\":[{\"@type\":\"ListItem\",\"position\":1,\"name\":\"Home\",\"item\":\"https:\/\/vapeenjoy.com\/\"},{\"@type\":\"ListItem\",\"position\":2,\"name\":\"Shop\",\"item\":\"https:\/\/vapeenjoy.com\/vapeenjoy-shop\/\"},{\"@type\":\"ListItem\",\"position\":3,\"name\":\"Bang King City 50K Puffs Disposable Vape Wholesale 45ml 2%-5% Nicotine Type-C Rechargeable\"}]},{\"@type\":\"WebSite\",\"@id\":\"https:\/\/vapeenjoy.com\/#website\",\"url\":\"https:\/\/vapeenjoy.com\/\",\"name\":\"vapeenjoy\",\"description\":\"An online store for selling vapes\",\"potentialAction\":[{\"@type\":\"SearchAction\",\"target\":{\"@type\":\"EntryPoint\",\"urlTemplate\":\"https:\/\/vapeenjoy.com\/?s={search_term_string}\"},\"query-input\":{\"@type\":\"PropertyValueSpecification\",\"valueRequired\":true,\"valueName\":\"search_term_string\"}}],\"inLanguage\":\"de\"}]}<\/script>\n<!-- \/ Yoast SEO plugin. -->","yoast_head_json":{"title":"Bang King City 50k Puffs Einweg Vape 45ml 2%-5% Nikotin","description":"Bang King City 50k Einwegvape: 45ml E-Liquid, 2-5% Nikotin, wiederaufladbar. Langlebiger Geschmack, bis zu 50.000 Puffs. Jetzt bestellen!","robots":{"index":"index","follow":"follow","max-snippet":"max-snippet:-1","max-image-preview":"max-image-preview:large","max-video-preview":"max-video-preview:-1"},"canonical":"https:\/\/vapeenjoy.com\/de\/produkt\/bang-king-city-50k-puffs-einweg-vape\/","og_locale":"de_DE","og_type":"article","og_title":"Bang King City 50K Puffs Disposable Vape 45ml 2%-5% Nicotine","og_description":"Bang King City 50K Puffs Disposable Vape: 45ml e-liquid, 2-5% nicotine, Type-C rechargeable. Long-lasting flavor, up to 50,000 puffs. Order now!","og_url":"https:\/\/vapeenjoy.com\/de\/produkt\/bang-king-city-50k-puffs-einweg-vape\/","og_site_name":"vapeenjoy","article_modified_time":"2026-01-17T03:23:12+00:00","og_image":[{"width":800,"height":800,"url":"https:\/\/vapeenjoy.com\/wp-content\/uploads\/2025\/07\/BangKingCity50000Puffs.webp","type":"image\/webp"}],"twitter_card":"summary_large_image","twitter_misc":{"Gesch\u00e4tzte Lesezeit":"3\u00a0Minuten"},"schema":{"@context":"https:\/\/schema.org","@graph":[{"@type":"WebPage","@id":"https:\/\/vapeenjoy.com\/product\/bang-king-city-50k-puffs-disposable-vape\/","url":"https:\/\/vapeenjoy.com\/product\/bang-king-city-50k-puffs-disposable-vape\/","name":"Bang King City 50k Puffs Einweg Vape 45ml 2%-5% Nikotin","isPartOf":{"@id":"https:\/\/vapeenjoy.com\/#website"},"primaryImageOfPage":{"@id":"https:\/\/vapeenjoy.com\/product\/bang-king-city-50k-puffs-disposable-vape\/#primaryimage"},"image":{"@id":"https:\/\/vapeenjoy.com\/product\/bang-king-city-50k-puffs-disposable-vape\/#primaryimage"},"thumbnailUrl":"https:\/\/vapeenjoy.com\/wp-content\/uploads\/2025\/07\/BangKingCity50000Puffs.webp","datePublished":"2025-07-17T07:05:52+00:00","dateModified":"2026-01-17T03:23:12+00:00","description":"Bang King City 50k Einwegvape: 45ml E-Liquid, 2-5% Nikotin, wiederaufladbar. Langlebiger Geschmack, bis zu 50.000 Puffs. Jetzt bestellen!","breadcrumb":{"@id":"https:\/\/vapeenjoy.com\/product\/bang-king-city-50k-puffs-disposable-vape\/#breadcrumb"},"inLanguage":"de","potentialAction":[{"@type":"ReadAction","target":["https:\/\/vapeenjoy.com\/product\/bang-king-city-50k-puffs-disposable-vape\/"]}]},{"@type":"ImageObject","inLanguage":"de","@id":"https:\/\/vapeenjoy.com\/product\/bang-king-city-50k-puffs-disposable-vape\/#primaryimage","url":"https:\/\/vapeenjoy.com\/wp-content\/uploads\/2025\/07\/BangKingCity50000Puffs.webp","contentUrl":"https:\/\/vapeenjoy.com\/wp-content\/uploads\/2025\/07\/BangKingCity50000Puffs.webp","width":800,"height":800},{"@type":"BreadcrumbList","@id":"https:\/\/vapeenjoy.com\/product\/bang-king-city-50k-puffs-disposable-vape\/#breadcrumb","itemListElement":[{"@type":"ListItem","position":1,"name":"Home","item":"https:\/\/vapeenjoy.com\/"},{"@type":"ListItem","position":2,"name":"Shop","item":"https:\/\/vapeenjoy.com\/vapeenjoy-shop\/"},{"@type":"ListItem","position":3,"name":"Bang King City 50K Puffs Disposable Vape Wholesale 45ml 2%-5% Nicotine Type-C Rechargeable"}]},{"@type":"WebSite","@id":"https:\/\/vapeenjoy.com\/#website","url":"https:\/\/vapeenjoy.com\/","name":"Vapeenfreude","description":"Ein Online-Shop f\u00fcr den Verkauf von Vapes","potentialAction":[{"@type":"SearchAction","target":{"@type":"EntryPoint","urlTemplate":"https:\/\/vapeenjoy.com\/?s={search_term_string}"},"query-input":{"@type":"PropertyValueSpecification","valueRequired":true,"valueName":"search_term_string"}}],"inLanguage":"de"}]}},"_links":{"self":[{"href":"https:\/\/vapeenjoy.com\/de\/wp-json\/wp\/v2\/product\/104","targetHints":{"allow":["GET"]}}],"collection":[{"href":"https:\/\/vapeenjoy.com\/de\/wp-json\/wp\/v2\/product"}],"about":[{"href":"https:\/\/vapeenjoy.com\/de\/wp-json\/wp\/v2\/types\/product"}],"replies":[{"embeddable":true,"href":"https:\/\/vapeenjoy.com\/de\/wp-json\/wp\/v2\/comments?post=104"}],"version-history":[{"count":4,"href":"https:\/\/vapeenjoy.com\/de\/wp-json\/wp\/v2\/product\/104\/revisions"}],"predecessor-version":[{"id":3200,"href":"https:\/\/vapeenjoy.com\/de\/wp-json\/wp\/v2\/product\/104\/revisions\/3200"}],"wp:featuredmedia":[{"embeddable":true,"href":"https:\/\/vapeenjoy.com\/de\/wp-json\/wp\/v2\/media\/107"}],"wp:attachment":[{"href":"https:\/\/vapeenjoy.com\/de\/wp-json\/wp\/v2\/media?parent=104"}],"wp:term":[{"taxonomy":"product_brand","embeddable":true,"href":"https:\/\/vapeenjoy.com\/de\/wp-json\/wp\/v2\/product_brand?post=104"},{"taxonomy":"product_cat","embeddable":true,"href":"https:\/\/vapeenjoy.com\/de\/wp-json\/wp\/v2\/product_cat?post=104"},{"taxonomy":"product_tag","embeddable":true,"href":"https:\/\/vapeenjoy.com\/de\/wp-json\/wp\/v2\/product_tag?post=104"}],"curies":[{"name":"WP","href":"https:\/\/api.w.org\/{rel}","templated":true}]}}