{"id":128,"date":"2025-07-17T10:07:57","date_gmt":"2025-07-17T10:07:57","guid":{"rendered":"https:\/\/vapeenjoy.com\/?post_type=product&#038;p=128"},"modified":"2026-01-17T03:24:13","modified_gmt":"2026-01-17T03:24:13","slug":"bang-de-60k-puffs-3-in-1-disposable-vape","status":"publish","type":"product","link":"https:\/\/vapeenjoy.com\/de\/produkt\/bang-de-60k-puffs-3-in-1-einwegvape\/","title":{"rendered":"Bang De 60k Puffs 3-in-1-Aromen Einweg Vape 60ml 0-5% Nikotin 850mAh Akku"},"content":{"rendered":"<h2>Bang De 60k Puffs 3-in-1-Aromen Einweg-Vape Beschreibung<\/h2>\n<p dir=\"ltr\">BangVapes, eine vertrauensw\u00fcrdige Marke, liefert konsequent geschmackvolle Ger\u00e4te f\u00fcr unterschiedliche Geschm\u00e4cker. Somit bietet der Bang de 60k Puffs 3-in-1-Einwegvape eine praktische, langlebige Option. Dar\u00fcber hinaus sorgt das schlanke 140g-Design f\u00fcr Tragbarkeit und einen komfortablen Griff.<\/p>\n<h2>Bang De 60k Puffs Einweg Vape Spezifikationen<\/h2>\n<ul class=\"tight\" dir=\"ltr\" data-tight=\"true\">\n<li>\n<p dir=\"ltr\"><strong>Puffkapazit\u00e4t<\/strong>: 60.000 Z\u00fcge, ideal f\u00fcr l\u00e4ngeren Gebrauch.<\/p>\n<\/li>\n<li>\n<p dir=\"ltr\"><strong>E-Liquid-Kapazit\u00e4t<\/strong>: 60 ml Nikotinsalz, aufgeteilt auf drei Geschmackskammern.<\/p>\n<\/li>\n<li>\n<p dir=\"ltr\"><strong>Nikotinst\u00e4rke<\/strong>: 0%, 2%, 3% oder 5%, so k\u00f6nnen Benutzer frei w\u00e4hlen.<\/p>\n<\/li>\n<li>\n<p dir=\"ltr\"><strong>Batterie<\/strong>: 850mAh, wiederaufladbar \u00fcber Typ-C f\u00fcr Effizienz.<\/p>\n<\/li>\n<li>\n<p dir=\"ltr\"><strong>Spulentyp<\/strong>: Dual Mesh Coils, die Geschmack und Dampf verbessern.<\/p>\n<\/li>\n<li>\n<p dir=\"ltr\"><strong>Aufschluss<\/strong>: Typ-C-Port, der schnelles Aufladen erm\u00f6glicht.<\/p>\n<\/li>\n<li>\n<p dir=\"ltr\"><strong>Geschmackssystem<\/strong>: 3-in-1 (A, B, A + B), die einfache Geschmacksschalter erm\u00f6glicht.<\/p>\n<\/li>\n<li>\n<p dir=\"ltr\"><strong>anzeigen<\/strong>: Smart LED, die deutlich Akku- und Puffanzahl zeigt.<\/p>\n<\/li>\n<li>\n<p dir=\"ltr\"><strong>Inhalationsstil<\/strong>: gezogen, um eine einfache Bedienung zu gew\u00e4hrleisten.<\/p>\n<\/li>\n<\/ul>\n<h2>12 Premium-Geschmackskombinationen<\/h2>\n<ol class=\"tight\" dir=\"ltr\" data-tight=\"true\">\n<li>\n<p dir=\"ltr\"><strong>Wassermelone Eis \/ Blaubeerminze<\/strong>: Saftige Wassermelone mit eisigen Noten, gemischt mit Blaubeere und Minze.<\/p>\n<\/li>\n<li>\n<p dir=\"ltr\"><strong>Wassermelone Eis \/ Blaubeerkirsche<\/strong>: K\u00fchle Wassermelone, gepaart mit Blaubeere und herben Kirschen.<\/p>\n<\/li>\n<li>\n<p dir=\"ltr\"><strong>Blaubeereis \/ Pfirsich Mango Wassermelone<\/strong>: Eisige Blaubeere, gemischt mit Pfirsich, Mango und Wassermelone.<\/p>\n<\/li>\n<li>\n<p dir=\"ltr\"><strong>Blaubeereis \/ Pfirsicheis<\/strong>: Cool Heidelbeere, kombiniert mit Pfirsich und Menthol.<\/p>\n<\/li>\n<li>\n<p dir=\"ltr\"><strong>Blaubeerhimbeere \/ gemischte Beere<\/strong>: Blaubeere und Himbeere, verschmolzen mit gemischten Beeren.<\/p>\n<\/li>\n<li>\n<p dir=\"ltr\"><strong>Blaubeer-Himbeer-\/Traubeneis<\/strong>: Heidelbeere und Himbeere, verst\u00e4rkt durch eisige Trauben.<\/p>\n<\/li>\n<li>\n<p dir=\"ltr\"><strong>Red Bull \/ Erdbeer-Banane<\/strong>: Bold Red Bull, verschmolzen mit Erdbeere und Banane.<\/p>\n<\/li>\n<li>\n<p dir=\"ltr\"><strong>Red Bull \/ Blaubeerwassermelone<\/strong>: Red Bull, infundiert mit Blaubeere und Wassermelone.<\/p>\n<\/li>\n<li>\n<p dir=\"ltr\"><strong>Erdbeer-Mango \/ Wassermelone-Blasen-Gummi<\/strong>: Erdbeere und Mango, gepaart mit Wassermelonen-Blasen-Kaugummi.<\/p>\n<\/li>\n<li>\n<p dir=\"ltr\"><strong>Erdbeer-Mango \/ Erdbeerkiwi<\/strong>: Erdbeere und Mango, gemischt mit Kiwi.<\/p>\n<\/li>\n<li>\n<p dir=\"ltr\"><strong>Erdbeer-Wassermelone \/ Schwarzes Drachen-Eis<\/strong>: Erdbeere und Wassermelone, gemischt mit eisiger schwarzer Drachenfrucht.<\/p>\n<\/li>\n<li>\n<p dir=\"ltr\"><strong>Erdbeer-Wassermelone \/ Kiwi Passionsfrucht Guave<\/strong>: Erdbeere und Wassermelone, verschmolzen mit Kiwi, Passionsfrucht und Guave.<\/p>\n<\/li>\n<\/ol>\n<h2>H\u00e4ufig gestellte Fragen<\/h2>\n<ol class=\"tight\" dir=\"ltr\" data-tight=\"true\">\n<li>\n<p dir=\"ltr\"><strong>Wie wechsele ich die Aromen?<\/strong><br \/>\nSchieben Sie einfach den Mechanismus, um Flavor A, B oder A + B auszuw\u00e4hlen.<\/p>\n<\/li>\n<li>\n<p dir=\"ltr\"><strong>Ist es wiederaufladbar?<\/strong><br \/>\nTats\u00e4chlich l\u00e4dt der 850-mAh-Akku in 60-90 Minuten \u00fcber Typ-C auf.<\/p>\n<\/li>\n<li>\n<p dir=\"ltr\"><strong>Kann ich das E-Liquid nachf\u00fcllen?<\/strong><br \/>\nNein, es ist ein nicht nachf\u00fcllbarer Einweg-Vape aus Gr\u00fcnden der Bequemlichkeit.<\/p>\n<\/li>\n<li>\n<p dir=\"ltr\"><strong>Wie \u00fcberpr\u00fcfe ich die Batterie- oder Puffanzahl?<\/strong><br \/>\nPraktischerweise zeigt der LED-Bildschirm Batterie- und Puffdaten an.<\/p>\n<\/li>\n<li>\n<p dir=\"ltr\"><strong>Welche Nikotinst\u00e4rken sind verf\u00fcgbar?<\/strong><br \/>\nW\u00e4hlen Sie insbesondere aus 0%, 2%, 3% oder 5%.<\/p>\n<\/li>\n<li>\n<p dir=\"ltr\"><strong>Wie w\u00e4hle ich einen Geschmack aus?<\/strong><br \/>\nProbieren Sie zum Beispiel fruchtige Mischungen wie Erdbeerwassermelone. Alternativ w\u00e4hlen Sie mutige Aromen wie Red Bull. Experimentieren Sie au\u00dferdem mit den Modi A, B oder A + B.<\/p>\n<\/li>\n<\/ol>\n<p><img fetchpriority=\"high\" decoding=\"async\" class=\"alignnone wp-image-132 size-full\" style=\"color: #333333; font-size: 16px;\" src=\"https:\/\/vapeenjoy.com\/wp-content\/uploads\/2025\/07\/bang-de-60k-e1756194308575.jpg\" alt=\"Bang De 60k Puffs 3-in-1-Einwegvape-Aromen\" width=\"1200\" height=\"1420\" srcset=\"https:\/\/vapeenjoy.com\/wp-content\/uploads\/2025\/07\/bang-de-60k-e1756194308575.jpg 1200w, https:\/\/vapeenjoy.com\/wp-content\/uploads\/2025\/07\/bang-de-60k-e1756194308575-150x178.jpg 150w, https:\/\/vapeenjoy.com\/wp-content\/uploads\/2025\/07\/bang-de-60k-e1756194308575-254x300.jpg 254w, https:\/\/vapeenjoy.com\/wp-content\/uploads\/2025\/07\/bang-de-60k-e1756194308575-865x1024.jpg 865w, https:\/\/vapeenjoy.com\/wp-content\/uploads\/2025\/07\/bang-de-60k-e1756194308575-768x909.jpg 768w, https:\/\/vapeenjoy.com\/wp-content\/uploads\/2025\/07\/bang-de-60k-e1756194308575-10x12.jpg 10w\" sizes=\"(max-width: 1200px) 100vw, 1200px\" \/><\/p>","protected":false},"excerpt":{"rendered":"<p dir=\"ltr\" data-pm-slice=\"1 1 []\">BangVapes liefert zuverl\u00e4ssige Dampfl\u00f6sungen mit dem Bang de 60k Puffs 3-in-1-Einweg-Vape. Dieses schlanke Ger\u00e4t bietet 60.000 Z\u00fcge, 60 ml E-Liquid, 0-5% Nikotinoptionen, einen 850-mAh-Akku und ein 3-in-1-Aromasystem f\u00fcr einen anpassbaren, langlebigen Dampf.<\/p>","protected":false},"featured_media":131,"comment_status":"open","ping_status":"closed","template":"","meta":[],"product_brand":[16],"product_cat":[19],"product_tag":[64,63],"class_list":{"0":"post-128","1":"product","2":"type-product","3":"status-publish","4":"has-post-thumbnail","6":"product_brand-bang-vape","7":"product_cat-60000-puffs-vape","8":"product_tag-0-5-nicotine","9":"product_tag-60ml","11":"first","12":"instock","13":"sale","14":"shipping-taxable","15":"purchasable","16":"product-type-variable"},"yoast_head":"<!-- This site is optimized with the Yoast SEO plugin v25.7 - https:\/\/yoast.com\/wordpress\/plugins\/seo\/ -->\n<title>Bang De 60K Puffs 3-in-1 Disposable Vape 60ml 0-5% Nicotine<\/title>\n<meta name=\"description\" content=\"Bang De 60K Puffs 3-in-1 Disposable Vape: 60ml e-liquid, 0-5% nicotine, 850mAh battery. Triple flavors, dual coils, LED display. Shop now!\" \/>\n<meta name=\"robots\" content=\"index, follow, max-snippet:-1, max-image-preview:large, max-video-preview:-1\" \/>\n<link rel=\"canonical\" href=\"https:\/\/vapeenjoy.com\/de\/produkt\/bang-de-60k-puffs-3-in-1-einwegvape\/\" \/>\n<meta property=\"og:locale\" content=\"de_DE\" \/>\n<meta property=\"og:type\" content=\"article\" \/>\n<meta property=\"og:title\" content=\"Bang De 60K Puffs 3-in-1 Disposable Vape 60ml 0-5% Nicotine\" \/>\n<meta property=\"og:description\" content=\"Bang De 60K Puffs 3-in-1 Disposable Vape: 60ml e-liquid, 0-5% nicotine, 850mAh battery. Triple flavors, dual coils, LED display. Shop now!\" \/>\n<meta property=\"og:url\" content=\"https:\/\/vapeenjoy.com\/de\/produkt\/bang-de-60k-puffs-3-in-1-einwegvape\/\" \/>\n<meta property=\"og:site_name\" content=\"vapeenjoy\" \/>\n<meta property=\"article:modified_time\" content=\"2026-01-17T03:24:13+00:00\" \/>\n<meta property=\"og:image\" content=\"https:\/\/vapeenjoy.com\/wp-content\/uploads\/2025\/07\/bang-de-60k-puffs.jpg\" \/>\n\t<meta property=\"og:image:width\" content=\"1000\" \/>\n\t<meta property=\"og:image:height\" content=\"1000\" \/>\n\t<meta property=\"og:image:type\" content=\"image\/jpeg\" \/>\n<meta name=\"twitter:card\" content=\"summary_large_image\" \/>\n<meta name=\"twitter:label1\" content=\"Gesch\u00e4tzte Lesezeit\" \/>\n\t<meta name=\"twitter:data1\" content=\"3\u00a0Minuten\" \/>\n<script type=\"application\/ld+json\" class=\"yoast-schema-graph\">{\"@context\":\"https:\/\/schema.org\",\"@graph\":[{\"@type\":\"WebPage\",\"@id\":\"https:\/\/vapeenjoy.com\/product\/bang-de-60k-puffs-3-in-1-disposable-vape\/\",\"url\":\"https:\/\/vapeenjoy.com\/product\/bang-de-60k-puffs-3-in-1-disposable-vape\/\",\"name\":\"Bang De 60K Puffs 3-in-1 Disposable Vape 60ml 0-5% Nicotine\",\"isPartOf\":{\"@id\":\"https:\/\/vapeenjoy.com\/#website\"},\"primaryImageOfPage\":{\"@id\":\"https:\/\/vapeenjoy.com\/product\/bang-de-60k-puffs-3-in-1-disposable-vape\/#primaryimage\"},\"image\":{\"@id\":\"https:\/\/vapeenjoy.com\/product\/bang-de-60k-puffs-3-in-1-disposable-vape\/#primaryimage\"},\"thumbnailUrl\":\"https:\/\/vapeenjoy.com\/wp-content\/uploads\/2025\/07\/bang-de-60k-puffs.jpg\",\"datePublished\":\"2025-07-17T10:07:57+00:00\",\"dateModified\":\"2026-01-17T03:24:13+00:00\",\"description\":\"Bang De 60K Puffs 3-in-1 Disposable Vape: 60ml e-liquid, 0-5% nicotine, 850mAh battery. Triple flavors, dual coils, LED display. Shop now!\",\"breadcrumb\":{\"@id\":\"https:\/\/vapeenjoy.com\/product\/bang-de-60k-puffs-3-in-1-disposable-vape\/#breadcrumb\"},\"inLanguage\":\"de\",\"potentialAction\":[{\"@type\":\"ReadAction\",\"target\":[\"https:\/\/vapeenjoy.com\/product\/bang-de-60k-puffs-3-in-1-disposable-vape\/\"]}]},{\"@type\":\"ImageObject\",\"inLanguage\":\"de\",\"@id\":\"https:\/\/vapeenjoy.com\/product\/bang-de-60k-puffs-3-in-1-disposable-vape\/#primaryimage\",\"url\":\"https:\/\/vapeenjoy.com\/wp-content\/uploads\/2025\/07\/bang-de-60k-puffs.jpg\",\"contentUrl\":\"https:\/\/vapeenjoy.com\/wp-content\/uploads\/2025\/07\/bang-de-60k-puffs.jpg\",\"width\":1000,\"height\":1000},{\"@type\":\"BreadcrumbList\",\"@id\":\"https:\/\/vapeenjoy.com\/product\/bang-de-60k-puffs-3-in-1-disposable-vape\/#breadcrumb\",\"itemListElement\":[{\"@type\":\"ListItem\",\"position\":1,\"name\":\"Home\",\"item\":\"https:\/\/vapeenjoy.com\/\"},{\"@type\":\"ListItem\",\"position\":2,\"name\":\"Shop\",\"item\":\"https:\/\/vapeenjoy.com\/vapeenjoy-shop\/\"},{\"@type\":\"ListItem\",\"position\":3,\"name\":\"Bang De 60K Puffs 3-in-1 Flavors Disposable Vape 60ml 0-5% Nicotine 850mAh battery\"}]},{\"@type\":\"WebSite\",\"@id\":\"https:\/\/vapeenjoy.com\/#website\",\"url\":\"https:\/\/vapeenjoy.com\/\",\"name\":\"vapeenjoy\",\"description\":\"An online store for selling vapes\",\"potentialAction\":[{\"@type\":\"SearchAction\",\"target\":{\"@type\":\"EntryPoint\",\"urlTemplate\":\"https:\/\/vapeenjoy.com\/?s={search_term_string}\"},\"query-input\":{\"@type\":\"PropertyValueSpecification\",\"valueRequired\":true,\"valueName\":\"search_term_string\"}}],\"inLanguage\":\"de\"}]}<\/script>\n<!-- \/ Yoast SEO plugin. -->","yoast_head_json":{"title":"Bang De 60k Puffs 3-in-1 Einweg Vape 60ml 0-5% Nikotin","description":"Bang De 60k Puffs 3-in-1-Einwegvape: 60ml E-Liquid, 0-5% Nikotin, 850mAh Akku. Dreifache Geschmacksrichtungen, Doppelspulen, LED-Display. Jetzt einkaufen!","robots":{"index":"index","follow":"follow","max-snippet":"max-snippet:-1","max-image-preview":"max-image-preview:large","max-video-preview":"max-video-preview:-1"},"canonical":"https:\/\/vapeenjoy.com\/de\/produkt\/bang-de-60k-puffs-3-in-1-einwegvape\/","og_locale":"de_DE","og_type":"article","og_title":"Bang De 60K Puffs 3-in-1 Disposable Vape 60ml 0-5% Nicotine","og_description":"Bang De 60K Puffs 3-in-1 Disposable Vape: 60ml e-liquid, 0-5% nicotine, 850mAh battery. Triple flavors, dual coils, LED display. Shop now!","og_url":"https:\/\/vapeenjoy.com\/de\/produkt\/bang-de-60k-puffs-3-in-1-einwegvape\/","og_site_name":"vapeenjoy","article_modified_time":"2026-01-17T03:24:13+00:00","og_image":[{"width":1000,"height":1000,"url":"https:\/\/vapeenjoy.com\/wp-content\/uploads\/2025\/07\/bang-de-60k-puffs.jpg","type":"image\/jpeg"}],"twitter_card":"summary_large_image","twitter_misc":{"Gesch\u00e4tzte Lesezeit":"3\u00a0Minuten"},"schema":{"@context":"https:\/\/schema.org","@graph":[{"@type":"WebPage","@id":"https:\/\/vapeenjoy.com\/product\/bang-de-60k-puffs-3-in-1-disposable-vape\/","url":"https:\/\/vapeenjoy.com\/product\/bang-de-60k-puffs-3-in-1-disposable-vape\/","name":"Bang De 60k Puffs 3-in-1 Einweg Vape 60ml 0-5% Nikotin","isPartOf":{"@id":"https:\/\/vapeenjoy.com\/#website"},"primaryImageOfPage":{"@id":"https:\/\/vapeenjoy.com\/product\/bang-de-60k-puffs-3-in-1-disposable-vape\/#primaryimage"},"image":{"@id":"https:\/\/vapeenjoy.com\/product\/bang-de-60k-puffs-3-in-1-disposable-vape\/#primaryimage"},"thumbnailUrl":"https:\/\/vapeenjoy.com\/wp-content\/uploads\/2025\/07\/bang-de-60k-puffs.jpg","datePublished":"2025-07-17T10:07:57+00:00","dateModified":"2026-01-17T03:24:13+00:00","description":"Bang De 60k Puffs 3-in-1-Einwegvape: 60ml E-Liquid, 0-5% Nikotin, 850mAh Akku. Dreifache Geschmacksrichtungen, Doppelspulen, LED-Display. Jetzt einkaufen!","breadcrumb":{"@id":"https:\/\/vapeenjoy.com\/product\/bang-de-60k-puffs-3-in-1-disposable-vape\/#breadcrumb"},"inLanguage":"de","potentialAction":[{"@type":"ReadAction","target":["https:\/\/vapeenjoy.com\/product\/bang-de-60k-puffs-3-in-1-disposable-vape\/"]}]},{"@type":"ImageObject","inLanguage":"de","@id":"https:\/\/vapeenjoy.com\/product\/bang-de-60k-puffs-3-in-1-disposable-vape\/#primaryimage","url":"https:\/\/vapeenjoy.com\/wp-content\/uploads\/2025\/07\/bang-de-60k-puffs.jpg","contentUrl":"https:\/\/vapeenjoy.com\/wp-content\/uploads\/2025\/07\/bang-de-60k-puffs.jpg","width":1000,"height":1000},{"@type":"BreadcrumbList","@id":"https:\/\/vapeenjoy.com\/product\/bang-de-60k-puffs-3-in-1-disposable-vape\/#breadcrumb","itemListElement":[{"@type":"ListItem","position":1,"name":"Home","item":"https:\/\/vapeenjoy.com\/"},{"@type":"ListItem","position":2,"name":"Shop","item":"https:\/\/vapeenjoy.com\/vapeenjoy-shop\/"},{"@type":"ListItem","position":3,"name":"Bang De 60K Puffs 3-in-1 Flavors Disposable Vape 60ml 0-5% Nicotine 850mAh battery"}]},{"@type":"WebSite","@id":"https:\/\/vapeenjoy.com\/#website","url":"https:\/\/vapeenjoy.com\/","name":"Vapeenfreude","description":"Ein Online-Shop f\u00fcr den Verkauf von Vapes","potentialAction":[{"@type":"SearchAction","target":{"@type":"EntryPoint","urlTemplate":"https:\/\/vapeenjoy.com\/?s={search_term_string}"},"query-input":{"@type":"PropertyValueSpecification","valueRequired":true,"valueName":"search_term_string"}}],"inLanguage":"de"}]}},"_links":{"self":[{"href":"https:\/\/vapeenjoy.com\/de\/wp-json\/wp\/v2\/product\/128","targetHints":{"allow":["GET"]}}],"collection":[{"href":"https:\/\/vapeenjoy.com\/de\/wp-json\/wp\/v2\/product"}],"about":[{"href":"https:\/\/vapeenjoy.com\/de\/wp-json\/wp\/v2\/types\/product"}],"replies":[{"embeddable":true,"href":"https:\/\/vapeenjoy.com\/de\/wp-json\/wp\/v2\/comments?post=128"}],"version-history":[{"count":5,"href":"https:\/\/vapeenjoy.com\/de\/wp-json\/wp\/v2\/product\/128\/revisions"}],"predecessor-version":[{"id":133,"href":"https:\/\/vapeenjoy.com\/de\/wp-json\/wp\/v2\/product\/128\/revisions\/133"}],"wp:featuredmedia":[{"embeddable":true,"href":"https:\/\/vapeenjoy.com\/de\/wp-json\/wp\/v2\/media\/131"}],"wp:attachment":[{"href":"https:\/\/vapeenjoy.com\/de\/wp-json\/wp\/v2\/media?parent=128"}],"wp:term":[{"taxonomy":"product_brand","embeddable":true,"href":"https:\/\/vapeenjoy.com\/de\/wp-json\/wp\/v2\/product_brand?post=128"},{"taxonomy":"product_cat","embeddable":true,"href":"https:\/\/vapeenjoy.com\/de\/wp-json\/wp\/v2\/product_cat?post=128"},{"taxonomy":"product_tag","embeddable":true,"href":"https:\/\/vapeenjoy.com\/de\/wp-json\/wp\/v2\/product_tag?post=128"}],"curies":[{"name":"WP","href":"https:\/\/api.w.org\/{rel}","templated":true}]}}