{"id":216,"date":"2025-07-19T02:01:02","date_gmt":"2025-07-19T02:01:02","guid":{"rendered":"https:\/\/vapeenjoy.com\/?post_type=product&#038;p=216"},"modified":"2025-08-19T07:11:43","modified_gmt":"2025-08-19T07:11:43","slug":"jnr-alien-10000-10k-puffs-disposable-vape","status":"publish","type":"product","link":"https:\/\/vapeenjoy.com\/de\/produkt\/jnr-alien-10000-10k-puffs-einweg-vape\/","title":{"rendered":"Jnr Alien 10000 10k Puffs Einweg Vape 20ml 2% 5% Nikotin adiusTable Luftstrom"},"content":{"rendered":"<h2 dir=\"ltr\" data-pm-slice=\"1 1 []\">Jnr Alien 10000 Puffs Einweg Vape Beschreibung<\/h2>\n<p dir=\"ltr\">Jnr, eine Marke, die f\u00fcr innovative Vaping-L\u00f6sungen bekannt ist, bietet Komfort und Zufriedenheit. Insbesondere bietet der JNR Alien 10000 Puffs Einweg Vape bis zu 10.000 Puffs f\u00fcr den erweiterten Einsatz. Dar\u00fcber hinaus sorgt das elegante Design mit lebhaften RGB-LED-Leuchten und einer Grafik mit Alien-Themen f\u00fcr Tragbarkeit und optische Attraktivit\u00e4t.<\/p>\n<p dir=\"ltr\">Dar\u00fcber hinaus enth\u00e4lt dieser Vape einen vorgef\u00fcllten 20-ml-Liquidtank und einen wiederaufladbaren 850-mAh-Akku. Benutzer, die Zuverl\u00e4ssigkeit und reichhaltiges Flair suchen, werden dieses Ger\u00e4t zum Beispiel ideal finden. Die Edelstahlkonstruktion sorgt f\u00fcr Langlebigkeit und ist damit eine Premium-Wahl.<\/p>\n<h2 dir=\"ltr\">Jnr Alien 10000 Puffs Einweg-Vape-Spezifikationen<\/h2>\n<p dir=\"ltr\">Der JNR Alien 10000 Puffs Einwegvape bietet beeindruckende Eigenschaften:<\/p>\n<ul class=\"tight\" dir=\"ltr\" data-tight=\"true\">\n<li>\n<p dir=\"ltr\"><strong>Puffanzahl<\/strong>: Bis zu 10.000 Z\u00fcge, wodurch der Bedarf an h\u00e4ufigem Austausch verringert wird.<\/p>\n<\/li>\n<li>\n<p dir=\"ltr\"><strong>E-Liquid-Kapazit\u00e4t<\/strong>: 20 ml hochwertiges E-Liquid f\u00fcr langlebige Sitzungen.<\/p>\n<\/li>\n<li>\n<p dir=\"ltr\"><strong>Batterie<\/strong>: 850mAh, wiederaufladbar \u00fcber Typ-C f\u00fcr schnelles, bequemes Aufladen.<\/p>\n<\/li>\n<li>\n<p dir=\"ltr\"><strong>sich wickeln<\/strong>: 1,2\u03a9 Mesh-Spule f\u00fcr glattes, konsistentes Aroma.<\/p>\n<\/li>\n<li>\n<p dir=\"ltr\"><strong>Nikotinst\u00e4rken<\/strong>: 2% oder 5%, die unterschiedlichen Pr\u00e4ferenzen gerecht wird.<\/p>\n<\/li>\n<li>\n<p dir=\"ltr\"><strong>subst<\/strong>: Edelstahl f\u00fcr ein robustes, hochwertiges Gef\u00fchl.<\/p>\n<\/li>\n<li>\n<p dir=\"ltr\"><strong>RGB-LED-Leuchten<\/strong>: Lebendige Lichter verbessern die \u00c4sthetik des Ger\u00e4ts w\u00e4hrend des Gebrauchs.<\/p>\n<\/li>\n<\/ul>\n<h2 dir=\"ltr\">43 Geschmacksoptionen<\/h2>\n<p dir=\"ltr\">Mit 43 verschiedenen Geschmacksrichtungen ist f\u00fcr jeden etwas dabei. Fruchtige Mischungen wie Kiwi Passionsfrucht Guave oder Pfirsich Mango Ananas bieten eine tropische Flucht. Alternativ bieten Minty-Optionen wie Cool Mint einen erfrischenden Dampf. Nachfolgend einige Highlights:<\/p>\n<ul class=\"tight\" dir=\"ltr\" data-tight=\"true\">\n<li>\n<p dir=\"ltr\"><strong>Schwarzes Dracheneis<\/strong>: S\u00fc\u00dfe schwarze Johannisbeere und Drachenfrucht mit einem k\u00fchlen Abgang.<\/p>\n<\/li>\n<li>\n<p dir=\"ltr\"><strong>Blaue Razz-Kirsche<\/strong>: spritzige blaue Himbeere gepaart mit s\u00fc\u00dfer Kirsche.<\/p>\n<\/li>\n<li>\n<p dir=\"ltr\"><strong>Erdbeerkiwi<\/strong>: Ausgewogene s\u00fc\u00dfe Erdbeeren und herbe Kiwi.<\/p>\n<\/li>\n<li>\n<p dir=\"ltr\"><strong>Wassermeloneneis<\/strong>: Knusprige Wassermelone mit einem Menthol-Kick.<\/p>\n<\/li>\n<li>\n<p dir=\"ltr\"><strong>Gummib\u00e4rchen<\/strong>: z\u00e4her, s\u00fc\u00dfer S\u00fc\u00dfigkeitengeschmack.<\/p>\n<\/li>\n<\/ul>\n<p dir=\"ltr\">Dar\u00fcber hinaus bieten Aromen wie Erdbeer-Pinacolada und Wassermelonen-Lychee einzigartige Wendungen. Folglich k\u00f6nnen Benutzer ein Variet\u00e9-Paket erkunden, um ihren Favoriten zu finden.<\/p>\n<h2 dir=\"ltr\">H\u00e4ufig gestellte Fragen<\/h2>\n<h3 dir=\"ltr\">Wie lange h\u00e4lt der Jnr Alien 10000?<\/h3>\n<p dir=\"ltr\">Es bietet bis zu 10.000 Puffs, die je nach Verwendungsdauer Wochen dauern.<\/p>\n<h3 dir=\"ltr\">Ist es wiederaufladbar?<\/h3>\n<p dir=\"ltr\">Ja, der 850-mAh-Akku wird \u00fcber einen Typ-C-Anschluss aufgeladen.<\/p>\n<h3 dir=\"ltr\">Welche Nikotinst\u00e4rken sind verf\u00fcgbar?<\/h3>\n<p dir=\"ltr\">W\u00e4hlen Sie zwischen 2% oder 5% Nikotin f\u00fcr ein ma\u00dfgeschneidertes Erlebnis.<\/p>\n<h3 dir=\"ltr\">Wie w\u00e4hle ich den richtigen Geschmack aus?<\/h3>\n<p dir=\"ltr\">Probieren Sie zum Beispiel fruchtige Aromen wie gemischte Beeren f\u00fcr S\u00fc\u00dfe oder k\u00fchle Minze f\u00fcr Frische. Ein Variet\u00e9-Paket hilft bei der Entdeckung von Pr\u00e4ferenzen.<\/p>\n<h3 dir=\"ltr\">Kann es nachgef\u00fcllt werden?<\/h3>\n<p dir=\"ltr\">Nein, der 20-ml-Liquid-Tank ist f\u00fcr den Einmalgebrauch vorgef\u00fcllt.<\/p>\n<h3 dir=\"ltr\">Was ist der Zweck von RGB-LED-Leuchten?<\/h3>\n<p dir=\"ltr\">Die Lichter leuchten bei jedem Zug und verbessern die optische Attraktivit\u00e4t des Ger\u00e4ts.<\/p>\n<p><img decoding=\"async\" class=\"alignnone wp-image-225 size-full\" src=\"https:\/\/vapeenjoy.com\/wp-content\/uploads\/2025\/07\/JNR-Alien-10000-Puffs.avif\" alt=\"Jnr Alien 10000 10k Puffs Einwegvape-Aromen\" \/><\/p>","protected":false},"excerpt":{"rendered":"<p>Jnr, eine Marke, die sich auf innovatives Dampfen konzentriert, stellt den JNR Alien 10000 Puffs Einweg-Vape vor. Mit bis zu 10.000 Z\u00fcgen bietet es eine 20-ml-E-Fl\u00fcssigkeitskapazit\u00e4t, einen 850-mAh-Akku und eine 1,2-\u03a9-Mesh-Spule. Mit 2% und 5% Nikotinoptionen und leuchtenden RGB-LED-Leuchten.<\/p>","protected":false},"featured_media":217,"comment_status":"open","ping_status":"closed","template":"","meta":[],"product_brand":[33],"product_cat":[35],"product_tag":[84,81],"class_list":{"0":"post-216","1":"product","2":"type-product","3":"status-publish","4":"has-post-thumbnail","6":"product_brand-jnr-vape","7":"product_cat-10000-puffs-vape","8":"product_tag-2-5-nicotine","9":"product_tag-20ml","11":"first","12":"instock","13":"sale","14":"shipping-taxable","15":"purchasable","16":"product-type-variable"},"yoast_head":"<!-- This site is optimized with the Yoast SEO plugin v25.7 - https:\/\/yoast.com\/wordpress\/plugins\/seo\/ -->\n<title>JNR Alien 10000 10k Puffs Disposable Vape 20ml 2% 5% Nicotine<\/title>\n<meta name=\"description\" content=\"JNR Alien 10000 Puffs Disposable Vape: 20ml e-liquid, 2%\/5% nicotine, adjustable airflow, 43 flavors, 850mAh battery. Shop now for premium vaping!\" \/>\n<meta name=\"robots\" content=\"index, follow, max-snippet:-1, max-image-preview:large, max-video-preview:-1\" \/>\n<link rel=\"canonical\" href=\"https:\/\/vapeenjoy.com\/de\/produkt\/jnr-alien-10000-10k-puffs-einweg-vape\/\" \/>\n<meta property=\"og:locale\" content=\"de_DE\" \/>\n<meta property=\"og:type\" content=\"article\" \/>\n<meta property=\"og:title\" content=\"JNR Alien 10000 10k Puffs Disposable Vape 20ml 2% 5% Nicotine\" \/>\n<meta property=\"og:description\" content=\"JNR Alien 10000 Puffs Disposable Vape: 20ml e-liquid, 2%\/5% nicotine, adjustable airflow, 43 flavors, 850mAh battery. Shop now for premium vaping!\" \/>\n<meta property=\"og:url\" content=\"https:\/\/vapeenjoy.com\/de\/produkt\/jnr-alien-10000-10k-puffs-einweg-vape\/\" \/>\n<meta property=\"og:site_name\" content=\"vapeenjoy\" \/>\n<meta property=\"article:modified_time\" content=\"2025-08-19T07:11:43+00:00\" \/>\n<meta property=\"og:image\" content=\"https:\/\/vapeenjoy.com\/wp-content\/uploads\/2025\/07\/JNR-Alien-10000-Puffs-Adiustable-Airflow-10k-02.webp\" \/>\n\t<meta property=\"og:image:width\" content=\"800\" \/>\n\t<meta property=\"og:image:height\" content=\"800\" \/>\n\t<meta property=\"og:image:type\" content=\"image\/webp\" \/>\n<meta name=\"twitter:card\" content=\"summary_large_image\" \/>\n<meta name=\"twitter:label1\" content=\"Gesch\u00e4tzte Lesezeit\" \/>\n\t<meta name=\"twitter:data1\" content=\"3\u00a0Minuten\" \/>\n<script type=\"application\/ld+json\" class=\"yoast-schema-graph\">{\"@context\":\"https:\/\/schema.org\",\"@graph\":[{\"@type\":\"WebPage\",\"@id\":\"https:\/\/vapeenjoy.com\/product\/jnr-alien-10000-10k-puffs-disposable-vape\/\",\"url\":\"https:\/\/vapeenjoy.com\/product\/jnr-alien-10000-10k-puffs-disposable-vape\/\",\"name\":\"JNR Alien 10000 10k Puffs Disposable Vape 20ml 2% 5% Nicotine\",\"isPartOf\":{\"@id\":\"https:\/\/vapeenjoy.com\/#website\"},\"primaryImageOfPage\":{\"@id\":\"https:\/\/vapeenjoy.com\/product\/jnr-alien-10000-10k-puffs-disposable-vape\/#primaryimage\"},\"image\":{\"@id\":\"https:\/\/vapeenjoy.com\/product\/jnr-alien-10000-10k-puffs-disposable-vape\/#primaryimage\"},\"thumbnailUrl\":\"https:\/\/vapeenjoy.com\/wp-content\/uploads\/2025\/07\/JNR-Alien-10000-Puffs-Adiustable-Airflow-10k-02.webp\",\"datePublished\":\"2025-07-19T02:01:02+00:00\",\"dateModified\":\"2025-08-19T07:11:43+00:00\",\"description\":\"JNR Alien 10000 Puffs Disposable Vape: 20ml e-liquid, 2%\/5% nicotine, adjustable airflow, 43 flavors, 850mAh battery. Shop now for premium vaping!\",\"breadcrumb\":{\"@id\":\"https:\/\/vapeenjoy.com\/product\/jnr-alien-10000-10k-puffs-disposable-vape\/#breadcrumb\"},\"inLanguage\":\"de\",\"potentialAction\":[{\"@type\":\"ReadAction\",\"target\":[\"https:\/\/vapeenjoy.com\/product\/jnr-alien-10000-10k-puffs-disposable-vape\/\"]}]},{\"@type\":\"ImageObject\",\"inLanguage\":\"de\",\"@id\":\"https:\/\/vapeenjoy.com\/product\/jnr-alien-10000-10k-puffs-disposable-vape\/#primaryimage\",\"url\":\"https:\/\/vapeenjoy.com\/wp-content\/uploads\/2025\/07\/JNR-Alien-10000-Puffs-Adiustable-Airflow-10k-02.webp\",\"contentUrl\":\"https:\/\/vapeenjoy.com\/wp-content\/uploads\/2025\/07\/JNR-Alien-10000-Puffs-Adiustable-Airflow-10k-02.webp\",\"width\":800,\"height\":800},{\"@type\":\"BreadcrumbList\",\"@id\":\"https:\/\/vapeenjoy.com\/product\/jnr-alien-10000-10k-puffs-disposable-vape\/#breadcrumb\",\"itemListElement\":[{\"@type\":\"ListItem\",\"position\":1,\"name\":\"Home\",\"item\":\"https:\/\/vapeenjoy.com\/\"},{\"@type\":\"ListItem\",\"position\":2,\"name\":\"Shop\",\"item\":\"https:\/\/vapeenjoy.com\/vapeenjoy-shop\/\"},{\"@type\":\"ListItem\",\"position\":3,\"name\":\"JNR Alien 10000 10k Puffs Disposable Vape 20ml 2% 5% Nicotine Adiustable Airflow\"}]},{\"@type\":\"WebSite\",\"@id\":\"https:\/\/vapeenjoy.com\/#website\",\"url\":\"https:\/\/vapeenjoy.com\/\",\"name\":\"vapeenjoy\",\"description\":\"An online store for selling vapes\",\"potentialAction\":[{\"@type\":\"SearchAction\",\"target\":{\"@type\":\"EntryPoint\",\"urlTemplate\":\"https:\/\/vapeenjoy.com\/?s={search_term_string}\"},\"query-input\":{\"@type\":\"PropertyValueSpecification\",\"valueRequired\":true,\"valueName\":\"search_term_string\"}}],\"inLanguage\":\"de\"}]}<\/script>\n<!-- \/ Yoast SEO plugin. -->","yoast_head_json":{"title":"Jnr Alien 10000 10k Puffs Einweg Vape 20ml 2% 5% Nikotin","description":"Jnr Alien 10000 Puffs Einwegvape: 20ml E-Liquid, 2%\/5% Nikotin, einstellbarer Luftstrom, 43 Aromen, 850mAh Akku. Jetzt Premium-Vaping kaufen!","robots":{"index":"index","follow":"follow","max-snippet":"max-snippet:-1","max-image-preview":"max-image-preview:large","max-video-preview":"max-video-preview:-1"},"canonical":"https:\/\/vapeenjoy.com\/de\/produkt\/jnr-alien-10000-10k-puffs-einweg-vape\/","og_locale":"de_DE","og_type":"article","og_title":"JNR Alien 10000 10k Puffs Disposable Vape 20ml 2% 5% Nicotine","og_description":"JNR Alien 10000 Puffs Disposable Vape: 20ml e-liquid, 2%\/5% nicotine, adjustable airflow, 43 flavors, 850mAh battery. Shop now for premium vaping!","og_url":"https:\/\/vapeenjoy.com\/de\/produkt\/jnr-alien-10000-10k-puffs-einweg-vape\/","og_site_name":"vapeenjoy","article_modified_time":"2025-08-19T07:11:43+00:00","og_image":[{"width":800,"height":800,"url":"https:\/\/vapeenjoy.com\/wp-content\/uploads\/2025\/07\/JNR-Alien-10000-Puffs-Adiustable-Airflow-10k-02.webp","type":"image\/webp"}],"twitter_card":"summary_large_image","twitter_misc":{"Gesch\u00e4tzte Lesezeit":"3\u00a0Minuten"},"schema":{"@context":"https:\/\/schema.org","@graph":[{"@type":"WebPage","@id":"https:\/\/vapeenjoy.com\/product\/jnr-alien-10000-10k-puffs-disposable-vape\/","url":"https:\/\/vapeenjoy.com\/product\/jnr-alien-10000-10k-puffs-disposable-vape\/","name":"Jnr Alien 10000 10k Puffs Einweg Vape 20ml 2% 5% Nikotin","isPartOf":{"@id":"https:\/\/vapeenjoy.com\/#website"},"primaryImageOfPage":{"@id":"https:\/\/vapeenjoy.com\/product\/jnr-alien-10000-10k-puffs-disposable-vape\/#primaryimage"},"image":{"@id":"https:\/\/vapeenjoy.com\/product\/jnr-alien-10000-10k-puffs-disposable-vape\/#primaryimage"},"thumbnailUrl":"https:\/\/vapeenjoy.com\/wp-content\/uploads\/2025\/07\/JNR-Alien-10000-Puffs-Adiustable-Airflow-10k-02.webp","datePublished":"2025-07-19T02:01:02+00:00","dateModified":"2025-08-19T07:11:43+00:00","description":"Jnr Alien 10000 Puffs Einwegvape: 20ml E-Liquid, 2%\/5% Nikotin, einstellbarer Luftstrom, 43 Aromen, 850mAh Akku. Jetzt Premium-Vaping kaufen!","breadcrumb":{"@id":"https:\/\/vapeenjoy.com\/product\/jnr-alien-10000-10k-puffs-disposable-vape\/#breadcrumb"},"inLanguage":"de","potentialAction":[{"@type":"ReadAction","target":["https:\/\/vapeenjoy.com\/product\/jnr-alien-10000-10k-puffs-disposable-vape\/"]}]},{"@type":"ImageObject","inLanguage":"de","@id":"https:\/\/vapeenjoy.com\/product\/jnr-alien-10000-10k-puffs-disposable-vape\/#primaryimage","url":"https:\/\/vapeenjoy.com\/wp-content\/uploads\/2025\/07\/JNR-Alien-10000-Puffs-Adiustable-Airflow-10k-02.webp","contentUrl":"https:\/\/vapeenjoy.com\/wp-content\/uploads\/2025\/07\/JNR-Alien-10000-Puffs-Adiustable-Airflow-10k-02.webp","width":800,"height":800},{"@type":"BreadcrumbList","@id":"https:\/\/vapeenjoy.com\/product\/jnr-alien-10000-10k-puffs-disposable-vape\/#breadcrumb","itemListElement":[{"@type":"ListItem","position":1,"name":"Home","item":"https:\/\/vapeenjoy.com\/"},{"@type":"ListItem","position":2,"name":"Shop","item":"https:\/\/vapeenjoy.com\/vapeenjoy-shop\/"},{"@type":"ListItem","position":3,"name":"JNR Alien 10000 10k Puffs Disposable Vape 20ml 2% 5% Nicotine Adiustable Airflow"}]},{"@type":"WebSite","@id":"https:\/\/vapeenjoy.com\/#website","url":"https:\/\/vapeenjoy.com\/","name":"Vapeenfreude","description":"Ein Online-Shop f\u00fcr den Verkauf von Vapes","potentialAction":[{"@type":"SearchAction","target":{"@type":"EntryPoint","urlTemplate":"https:\/\/vapeenjoy.com\/?s={search_term_string}"},"query-input":{"@type":"PropertyValueSpecification","valueRequired":true,"valueName":"search_term_string"}}],"inLanguage":"de"}]}},"_links":{"self":[{"href":"https:\/\/vapeenjoy.com\/de\/wp-json\/wp\/v2\/product\/216","targetHints":{"allow":["GET"]}}],"collection":[{"href":"https:\/\/vapeenjoy.com\/de\/wp-json\/wp\/v2\/product"}],"about":[{"href":"https:\/\/vapeenjoy.com\/de\/wp-json\/wp\/v2\/types\/product"}],"replies":[{"embeddable":true,"href":"https:\/\/vapeenjoy.com\/de\/wp-json\/wp\/v2\/comments?post=216"}],"version-history":[{"count":2,"href":"https:\/\/vapeenjoy.com\/de\/wp-json\/wp\/v2\/product\/216\/revisions"}],"predecessor-version":[{"id":784,"href":"https:\/\/vapeenjoy.com\/de\/wp-json\/wp\/v2\/product\/216\/revisions\/784"}],"wp:featuredmedia":[{"embeddable":true,"href":"https:\/\/vapeenjoy.com\/de\/wp-json\/wp\/v2\/media\/217"}],"wp:attachment":[{"href":"https:\/\/vapeenjoy.com\/de\/wp-json\/wp\/v2\/media?parent=216"}],"wp:term":[{"taxonomy":"product_brand","embeddable":true,"href":"https:\/\/vapeenjoy.com\/de\/wp-json\/wp\/v2\/product_brand?post=216"},{"taxonomy":"product_cat","embeddable":true,"href":"https:\/\/vapeenjoy.com\/de\/wp-json\/wp\/v2\/product_cat?post=216"},{"taxonomy":"product_tag","embeddable":true,"href":"https:\/\/vapeenjoy.com\/de\/wp-json\/wp\/v2\/product_tag?post=216"}],"curies":[{"name":"WP","href":"https:\/\/api.w.org\/{rel}","templated":true}]}}