{"id":2685,"date":"2025-09-04T03:28:27","date_gmt":"2025-09-04T03:28:27","guid":{"rendered":"https:\/\/vapeenjoy.com\/?post_type=product&#038;p=2685"},"modified":"2025-09-04T03:28:27","modified_gmt":"2025-09-04T03:28:27","slug":"bang-king-crystal-30000-puffs","status":"publish","type":"product","link":"https:\/\/vapeenjoy.com\/de\/produkt\/bang-king-crystal-30000-puffs\/","title":{"rendered":"Bang King Crystal 30000 Puffs 30K Einweg Vape 25ml E-Liquid 2%-5% Nikotin"},"content":{"rendered":"<h2>Bang King Crystal 30000 Puffs Einweg Vape Sleek Design und langlebige Verwendung<\/h2>\n<p>Bang King, eine etablierte Marke in der Dampfindustrie, ist weithin f\u00fcr seine Ger\u00e4te mit hoher Kapazit\u00e4t bekannt, die auf die unterschiedlichen Bed\u00fcrfnisse der Benutzer zugeschnitten sind. Der Bang King Crystal 30000 Puffs Einwegvape liefert beispielsweise eine beeindruckende Puffzahl und eine betr\u00e4chtliche E-Liquid-Kapazit\u00e4t. Dar\u00fcber hinaus ist das schlanke, kristallinspirierte Design nicht nur optisch ansprechend, sondern auch angenehm zu halten. Dar\u00fcber hinaus sorgt die Leichtbauweise f\u00fcr Tragbarkeit und ist somit bequem f\u00fcr den ganzen Tag dampfend.<\/p>\n<h2>Wichtige Spezifikationen und Merkmale<\/h2>\n<p>\u2022 <b>Puff-Anzahl: 30.000<\/b> \u2013 Bietet bis zu 30.000 Z\u00fcge und sorgt so f\u00fcr l\u00e4ngere Nutzung ohne h\u00e4ufigen Austausch.<br \/>\n\u2022 <b>E-Liquid-Kapazit\u00e4t: 25 ml<\/b> \u2013 Kommt mit einem 25-ml-F\u00fcllbeh\u00e4lter, der somit erweiterte Vaping-Sitzungen unterst\u00fctzt.<br \/>\n\u2022 <b>Nikotinst\u00e4rke: 2%-5%<\/b> \u2013 Bietet 2%, 3% oder 5% Nikotin-Spiegel, so dass die unterschiedlichen Benutzerpr\u00e4ferenzen ber\u00fccksichtigt werden.<\/p>\n<p>\u2022 <b>Batteriekapazit\u00e4t: 650mAh<\/b> \u2013 Ausgestattet mit einem zuverl\u00e4ssigen 650-mAh-Akku, der eine gleichbleibende Leistung gew\u00e4hrleistet.<br \/>\n\u2022 <b>Ladetyp: Typ-C<\/b> \u2013 Mit einem schnellen Typ-C-Ladevorgang, wodurch die Ausfallzeiten zwischen den Sitzungen minimiert werden.<br \/>\n\u2022 <b>Spulentyp: 1,0 \u03a9 Maschenspule<\/b> \u2013 Verwendet fortschrittliche Mesh-Spulen-Technologie, die zu glatten und geschmackvollen Dampf f\u00fchrt.<br \/>\n\u2022 <b>Luftstrom: einstellbar<\/b> \u2013 Erm\u00f6glicht Benutzern die Anpassung der Draw-Intensit\u00e4t und bietet somit ein personalisiertes Vaping-Erlebnis.<\/p>\n<h2>10 einzigartige Aromen f\u00fcr jede Pr\u00e4ferenz<\/h2>\n<p>1. <b>Dreifaches Beere Eis<\/b> \u2013 Kombiniert Mischbeeren mit einem k\u00fchlen Menthol-Finish und liefert so einen erfrischenden, fruchtigen Geschmack.<br \/>\n2. <b>Pfirsicheis<\/b> \u2013 Vermischt saftigen Pfirsich mit einer knusprigen, eisigen Note und schafft so einen ausgewogenen, erfrischenden Dampf.<br \/>\n3. <b>Pfirsich-Mango<\/b> \u2013 Vermischt reife Pfirsiche und Mangos und bieten so einen s\u00fc\u00dfen, tropischen Geschmack.<br \/>\n4. <b>Doppelapfel<\/b> \u2013 Mischt knusprige gr\u00fcne und s\u00fc\u00dfe rote \u00c4pfel, was zu einem reichen, fruchtigen Profil f\u00fchrt.<br \/>\n5. <b>Erdbeerkiwi<\/b> \u2013 Kombiniert s\u00fc\u00dfe Erdbeeren mit spritzigem Kiwi und erzeugt so einen pikanten, herrlichen Geschmack.<\/p>\n<p>6. <b>Aloe-Traube<\/b> \u2013 Kombiniert beruhigende Aloe und saftige Trauben und sorgen so f\u00fcr einen glatten, einzigartigen Geschmack.<br \/>\n7. <b>tropische Frucht<\/b> - Bietet ein lebendiges Medley aus exotischen Fr\u00fcchten, das so einen saftigen Ausbruch mit jeder Luft bietet.<br \/>\n8. <b>Erdbeerbanane<\/b> \u2013 Vermischt cremige Banane mit reifen Erdbeeren und erzeugt so einen s\u00fc\u00dfen, glatten Dampf.<br \/>\n9. <b>Kiwi-Passionsfrucht-Guave<\/b> - Mit spritziger Kiwi, s\u00fc\u00dfer Passionsfrucht und saftiger Guave, die einen k\u00fchnen Geschmack bietet.<br \/>\n10. <b>Schwarzes Dracheneis<\/b> \u2013 Liefert dunkle Fr\u00fcchte mit einem Menthol-Kick, der zu einem erfrischenden, einzigartigen Geschmack f\u00fchrt.<\/p>\n<h2>H\u00e4ufig gestellte Fragen<\/h2>\n<p>1. <b>Was ist die Puffzahl?<\/b><br \/>\nDas Ger\u00e4t bietet bis zu 30.000 Z\u00fcge und sorgt so f\u00fcr eine langlebige Nutzung f\u00fcr erweiterte Sitzungen.<\/p>\n<p>2. <b>Welche Nikotinst\u00e4rken sind verf\u00fcgbar?<\/b><br \/>\nSie k\u00f6nnen zwischen 2%, 3% oder 5% Nikotinwerten w\u00e4hlen, wodurch Sie Ihren W\u00fcnschen entsprechen.<\/p>\n<p>3. <b>Wann sollte ich das Ger\u00e4t aufladen?<\/b><br \/>\nDer 650-mAh-Akku unterst\u00fctzt den erweiterten Einsatz, und der Typ-C-Aufladen sorgt f\u00fcr schnelle Aufladungen und reduziert so die Stillstandszeit.<\/p>\n<p>4. <b>Kann ich den Luftstrom einstellen?<\/b><br \/>\nJa, der einstellbare Luftstrom erm\u00f6glicht die Anpassung der Zugintensit\u00e4t und verbessert so die Personalisierung.<\/p>\n<p>5. <b>Wie w\u00e4hle ich den richtigen Geschmack aus?<\/b><br \/>\nF\u00fcr fruchtige Profile, Erdbeerkiwi oder tropische Fr\u00fcchte, alternativ f\u00fcr einen k\u00fchlen Abgang, w\u00e4hle Triple Berry Ice oder Black Dragon Ice. Das Probieren von Geschmacksrichtungen hilft daher, Ihren Favoriten zu identifizieren.<\/p>\n<p>6. <b>Warum ist die Mesh-Spule von Vorteil?<\/b><br \/>\nDie 1,0 \u03a9 Mesh Coil sorgt f\u00fcr gleichm\u00e4\u00dfiges Erhitzen und liefert so einen gleichm\u00e4\u00dfigen, geschmackvollen Dampf.<\/p>\n<p>7. <b>Ist dieser Vape f\u00fcr schwere Benutzer geeignet?<\/b><br \/>\nMit seiner hohen Puffanzahl und der gro\u00dfen E-Liquid-Kapazit\u00e4t ist es ideal f\u00fcr h\u00e4ufige Dampfer und erf\u00fcllt so ihre Bed\u00fcrfnisse effektiv.<\/p>\n<p><img fetchpriority=\"high\" decoding=\"async\" class=\"alignnone size-full wp-image-2686\" src=\"https:\/\/vapeenjoy.com\/wp-content\/uploads\/2025\/09\/3-1.jpg\" alt=\"Bang King Crystal 30000 Puffs 30K Einweg Vape 25ml E-Liquid Aromen\" width=\"2500\" height=\"1406\" srcset=\"https:\/\/vapeenjoy.com\/wp-content\/uploads\/2025\/09\/3-1.jpg 2500w, https:\/\/vapeenjoy.com\/wp-content\/uploads\/2025\/09\/3-1-300x169.jpg 300w, https:\/\/vapeenjoy.com\/wp-content\/uploads\/2025\/09\/3-1-1024x576.jpg 1024w, https:\/\/vapeenjoy.com\/wp-content\/uploads\/2025\/09\/3-1-768x432.jpg 768w, https:\/\/vapeenjoy.com\/wp-content\/uploads\/2025\/09\/3-1-1536x864.jpg 1536w, https:\/\/vapeenjoy.com\/wp-content\/uploads\/2025\/09\/3-1-2048x1152.jpg 2048w, https:\/\/vapeenjoy.com\/wp-content\/uploads\/2025\/09\/3-1-18x10.jpg 18w, https:\/\/vapeenjoy.com\/wp-content\/uploads\/2025\/09\/3-1-1200x675.jpg 1200w, https:\/\/vapeenjoy.com\/wp-content\/uploads\/2025\/09\/3-1-150x84.jpg 150w\" sizes=\"(max-width: 2500px) 100vw, 2500px\" \/><\/p>","protected":false},"excerpt":{"rendered":"<p dir=\"auto\">Bang King, ein vertrauensw\u00fcrdiger Name im Dampfen, liefert zuverl\u00e4ssige Ger\u00e4te mit hoher Kapazit\u00e4t f\u00fcr verschiedene Pr\u00e4ferenzen. Der Bang King Crystal 30000 Puffs Einwegvape bietet bis zu 30.000 Puffs, eine 25-ml-E-Fl\u00fcssigkeitskapazit\u00e4t und 2%-5% Nikotinst\u00e4rken. Mit einem 650-mAh-Akku, Typ-C-Ladeger\u00e4t und einstellbarem Luftstrom sorgt dieses elegante Ger\u00e4t f\u00fcr lang anhaltendes, geschmackvolles Dampfen.<\/p>","protected":false},"featured_media":2689,"comment_status":"open","ping_status":"closed","template":"","meta":[],"product_brand":[16],"product_cat":[31],"product_tag":[99,69],"class_list":{"0":"post-2685","1":"product","2":"type-product","3":"status-publish","4":"has-post-thumbnail","6":"product_brand-bang-vape","7":"product_cat-30000-puffs-vape","8":"product_tag-2-5-nicotin","9":"product_tag-25ml","11":"first","12":"instock","13":"sale","14":"shipping-taxable","15":"purchasable","16":"product-type-variable"},"yoast_head":"<!-- This site is optimized with the Yoast SEO plugin v25.7 - https:\/\/yoast.com\/wordpress\/plugins\/seo\/ -->\n<title>Bang King Crystal 30000 Puffs 30K Disposable Vape 25ml E-liquid<\/title>\n<meta name=\"description\" content=\"Bang King Crystal 30000 Puffs Vape: 25ml e-liquid, 2%-5% nicotine, 650mAh battery, Type-C charging, adjustable airflow. Buy now for lasting flavor!\" \/>\n<meta name=\"robots\" content=\"index, follow, max-snippet:-1, max-image-preview:large, max-video-preview:-1\" \/>\n<link rel=\"canonical\" href=\"https:\/\/vapeenjoy.com\/de\/produkt\/bang-king-crystal-30000-puffs\/\" \/>\n<meta property=\"og:locale\" content=\"de_DE\" \/>\n<meta property=\"og:type\" content=\"article\" \/>\n<meta property=\"og:title\" content=\"Bang King Crystal 30000 Puffs 30K Disposable Vape 25ml E-liquid\" \/>\n<meta property=\"og:description\" content=\"Bang King Crystal 30000 Puffs Vape: 25ml e-liquid, 2%-5% nicotine, 650mAh battery, Type-C charging, adjustable airflow. Buy now for lasting flavor!\" \/>\n<meta property=\"og:url\" content=\"https:\/\/vapeenjoy.com\/de\/produkt\/bang-king-crystal-30000-puffs\/\" \/>\n<meta property=\"og:site_name\" content=\"vapeenjoy\" \/>\n<meta property=\"og:image\" content=\"https:\/\/vapeenjoy.com\/wp-content\/uploads\/2025\/09\/2-1-scaled.jpg\" \/>\n\t<meta property=\"og:image:width\" content=\"2560\" \/>\n\t<meta property=\"og:image:height\" content=\"1341\" \/>\n\t<meta property=\"og:image:type\" content=\"image\/jpeg\" \/>\n<meta name=\"twitter:card\" content=\"summary_large_image\" \/>\n<meta name=\"twitter:label1\" content=\"Gesch\u00e4tzte Lesezeit\" \/>\n\t<meta name=\"twitter:data1\" content=\"3\u00a0Minuten\" \/>\n<script type=\"application\/ld+json\" class=\"yoast-schema-graph\">{\"@context\":\"https:\/\/schema.org\",\"@graph\":[{\"@type\":\"WebPage\",\"@id\":\"https:\/\/vapeenjoy.com\/product\/bang-king-crystal-30000-puffs\/\",\"url\":\"https:\/\/vapeenjoy.com\/product\/bang-king-crystal-30000-puffs\/\",\"name\":\"Bang King Crystal 30000 Puffs 30K Disposable Vape 25ml E-liquid\",\"isPartOf\":{\"@id\":\"https:\/\/vapeenjoy.com\/#website\"},\"primaryImageOfPage\":{\"@id\":\"https:\/\/vapeenjoy.com\/product\/bang-king-crystal-30000-puffs\/#primaryimage\"},\"image\":{\"@id\":\"https:\/\/vapeenjoy.com\/product\/bang-king-crystal-30000-puffs\/#primaryimage\"},\"thumbnailUrl\":\"https:\/\/vapeenjoy.com\/wp-content\/uploads\/2025\/09\/2-1-scaled.jpg\",\"datePublished\":\"2025-09-04T03:28:27+00:00\",\"description\":\"Bang King Crystal 30000 Puffs Vape: 25ml e-liquid, 2%-5% nicotine, 650mAh battery, Type-C charging, adjustable airflow. Buy now for lasting flavor!\",\"breadcrumb\":{\"@id\":\"https:\/\/vapeenjoy.com\/product\/bang-king-crystal-30000-puffs\/#breadcrumb\"},\"inLanguage\":\"de\",\"potentialAction\":[{\"@type\":\"ReadAction\",\"target\":[\"https:\/\/vapeenjoy.com\/product\/bang-king-crystal-30000-puffs\/\"]}]},{\"@type\":\"ImageObject\",\"inLanguage\":\"de\",\"@id\":\"https:\/\/vapeenjoy.com\/product\/bang-king-crystal-30000-puffs\/#primaryimage\",\"url\":\"https:\/\/vapeenjoy.com\/wp-content\/uploads\/2025\/09\/2-1-scaled.jpg\",\"contentUrl\":\"https:\/\/vapeenjoy.com\/wp-content\/uploads\/2025\/09\/2-1-scaled.jpg\",\"width\":2560,\"height\":1341,\"caption\":\"Bang King Crystal 30000 Puffs 30K Disposable Vape\"},{\"@type\":\"BreadcrumbList\",\"@id\":\"https:\/\/vapeenjoy.com\/product\/bang-king-crystal-30000-puffs\/#breadcrumb\",\"itemListElement\":[{\"@type\":\"ListItem\",\"position\":1,\"name\":\"Home\",\"item\":\"https:\/\/vapeenjoy.com\/\"},{\"@type\":\"ListItem\",\"position\":2,\"name\":\"Shop\",\"item\":\"https:\/\/vapeenjoy.com\/vapeenjoy-shop\/\"},{\"@type\":\"ListItem\",\"position\":3,\"name\":\"Bang King Crystal 30000 Puffs 30K Disposable Vape 25ml E-liquid 2%-5% Nicotine\"}]},{\"@type\":\"WebSite\",\"@id\":\"https:\/\/vapeenjoy.com\/#website\",\"url\":\"https:\/\/vapeenjoy.com\/\",\"name\":\"vapeenjoy\",\"description\":\"An online store for selling vapes\",\"potentialAction\":[{\"@type\":\"SearchAction\",\"target\":{\"@type\":\"EntryPoint\",\"urlTemplate\":\"https:\/\/vapeenjoy.com\/?s={search_term_string}\"},\"query-input\":{\"@type\":\"PropertyValueSpecification\",\"valueRequired\":true,\"valueName\":\"search_term_string\"}}],\"inLanguage\":\"de\"}]}<\/script>\n<!-- \/ Yoast SEO plugin. -->","yoast_head_json":{"title":"Bang King Crystal 30000 Puffs 30K Einweg Vape 25ml E-Liquid","description":"Bang King Crystal 30000 Puffs Vape: 25ml E-Liquid, 2%-5% Nikotin, 650mAh Akku, Typ-C-Ladeger\u00e4t, einstellbarer Luftstrom. Jetzt f\u00fcr dauerhaften Geschmack kaufen!","robots":{"index":"index","follow":"follow","max-snippet":"max-snippet:-1","max-image-preview":"max-image-preview:large","max-video-preview":"max-video-preview:-1"},"canonical":"https:\/\/vapeenjoy.com\/de\/produkt\/bang-king-crystal-30000-puffs\/","og_locale":"de_DE","og_type":"article","og_title":"Bang King Crystal 30000 Puffs 30K Disposable Vape 25ml E-liquid","og_description":"Bang King Crystal 30000 Puffs Vape: 25ml e-liquid, 2%-5% nicotine, 650mAh battery, Type-C charging, adjustable airflow. Buy now for lasting flavor!","og_url":"https:\/\/vapeenjoy.com\/de\/produkt\/bang-king-crystal-30000-puffs\/","og_site_name":"vapeenjoy","og_image":[{"width":2560,"height":1341,"url":"https:\/\/vapeenjoy.com\/wp-content\/uploads\/2025\/09\/2-1-scaled.jpg","type":"image\/jpeg"}],"twitter_card":"summary_large_image","twitter_misc":{"Gesch\u00e4tzte Lesezeit":"3\u00a0Minuten"},"schema":{"@context":"https:\/\/schema.org","@graph":[{"@type":"WebPage","@id":"https:\/\/vapeenjoy.com\/product\/bang-king-crystal-30000-puffs\/","url":"https:\/\/vapeenjoy.com\/product\/bang-king-crystal-30000-puffs\/","name":"Bang King Crystal 30000 Puffs 30K Einweg Vape 25ml E-Liquid","isPartOf":{"@id":"https:\/\/vapeenjoy.com\/#website"},"primaryImageOfPage":{"@id":"https:\/\/vapeenjoy.com\/product\/bang-king-crystal-30000-puffs\/#primaryimage"},"image":{"@id":"https:\/\/vapeenjoy.com\/product\/bang-king-crystal-30000-puffs\/#primaryimage"},"thumbnailUrl":"https:\/\/vapeenjoy.com\/wp-content\/uploads\/2025\/09\/2-1-scaled.jpg","datePublished":"2025-09-04T03:28:27+00:00","description":"Bang King Crystal 30000 Puffs Vape: 25ml E-Liquid, 2%-5% Nikotin, 650mAh Akku, Typ-C-Ladeger\u00e4t, einstellbarer Luftstrom. Jetzt f\u00fcr dauerhaften Geschmack kaufen!","breadcrumb":{"@id":"https:\/\/vapeenjoy.com\/product\/bang-king-crystal-30000-puffs\/#breadcrumb"},"inLanguage":"de","potentialAction":[{"@type":"ReadAction","target":["https:\/\/vapeenjoy.com\/product\/bang-king-crystal-30000-puffs\/"]}]},{"@type":"ImageObject","inLanguage":"de","@id":"https:\/\/vapeenjoy.com\/product\/bang-king-crystal-30000-puffs\/#primaryimage","url":"https:\/\/vapeenjoy.com\/wp-content\/uploads\/2025\/09\/2-1-scaled.jpg","contentUrl":"https:\/\/vapeenjoy.com\/wp-content\/uploads\/2025\/09\/2-1-scaled.jpg","width":2560,"height":1341,"caption":"Bang King Crystal 30000 Puffs 30K Disposable Vape"},{"@type":"BreadcrumbList","@id":"https:\/\/vapeenjoy.com\/product\/bang-king-crystal-30000-puffs\/#breadcrumb","itemListElement":[{"@type":"ListItem","position":1,"name":"Home","item":"https:\/\/vapeenjoy.com\/"},{"@type":"ListItem","position":2,"name":"Shop","item":"https:\/\/vapeenjoy.com\/vapeenjoy-shop\/"},{"@type":"ListItem","position":3,"name":"Bang King Crystal 30000 Puffs 30K Disposable Vape 25ml E-liquid 2%-5% Nicotine"}]},{"@type":"WebSite","@id":"https:\/\/vapeenjoy.com\/#website","url":"https:\/\/vapeenjoy.com\/","name":"Vapeenfreude","description":"Ein Online-Shop f\u00fcr den Verkauf von Vapes","potentialAction":[{"@type":"SearchAction","target":{"@type":"EntryPoint","urlTemplate":"https:\/\/vapeenjoy.com\/?s={search_term_string}"},"query-input":{"@type":"PropertyValueSpecification","valueRequired":true,"valueName":"search_term_string"}}],"inLanguage":"de"}]}},"_links":{"self":[{"href":"https:\/\/vapeenjoy.com\/de\/wp-json\/wp\/v2\/product\/2685","targetHints":{"allow":["GET"]}}],"collection":[{"href":"https:\/\/vapeenjoy.com\/de\/wp-json\/wp\/v2\/product"}],"about":[{"href":"https:\/\/vapeenjoy.com\/de\/wp-json\/wp\/v2\/types\/product"}],"replies":[{"embeddable":true,"href":"https:\/\/vapeenjoy.com\/de\/wp-json\/wp\/v2\/comments?post=2685"}],"version-history":[{"count":1,"href":"https:\/\/vapeenjoy.com\/de\/wp-json\/wp\/v2\/product\/2685\/revisions"}],"predecessor-version":[{"id":2693,"href":"https:\/\/vapeenjoy.com\/de\/wp-json\/wp\/v2\/product\/2685\/revisions\/2693"}],"wp:featuredmedia":[{"embeddable":true,"href":"https:\/\/vapeenjoy.com\/de\/wp-json\/wp\/v2\/media\/2689"}],"wp:attachment":[{"href":"https:\/\/vapeenjoy.com\/de\/wp-json\/wp\/v2\/media?parent=2685"}],"wp:term":[{"taxonomy":"product_brand","embeddable":true,"href":"https:\/\/vapeenjoy.com\/de\/wp-json\/wp\/v2\/product_brand?post=2685"},{"taxonomy":"product_cat","embeddable":true,"href":"https:\/\/vapeenjoy.com\/de\/wp-json\/wp\/v2\/product_cat?post=2685"},{"taxonomy":"product_tag","embeddable":true,"href":"https:\/\/vapeenjoy.com\/de\/wp-json\/wp\/v2\/product_tag?post=2685"}],"curies":[{"name":"WP","href":"https:\/\/api.w.org\/{rel}","templated":true}]}}