{"id":2729,"date":"2025-09-04T08:05:35","date_gmt":"2025-09-04T08:05:35","guid":{"rendered":"https:\/\/vapeenjoy.com\/?post_type=product&#038;p=2729"},"modified":"2025-09-04T08:05:35","modified_gmt":"2025-09-04T08:05:35","slug":"bang-leader-45000-puffs-2-in-1-flavors-disposable-vape-0-5-nicotine","status":"publish","type":"product","link":"https:\/\/vapeenjoy.com\/de\/produkt\/bang-leader-45000-puffs-2-in-1-aromen-einweg-vape-0-5-nikotin\/","title":{"rendered":"Bang Leader 45000 Puffs 2 in 1 Aromen Einweg Vape 0-5% Nikotin"},"content":{"rendered":"<h2>Bang Leader 45000 Puffs 2 in 1 Geschmacksrichtungen Einwegvape<\/h2>\n<p>Bang Leader liefert zuverl\u00e4ssige Dampfl\u00f6sungen f\u00fcr Komfort. Der Bang Leader 45000 Puffs 2 in 1 Flavours bietet beispielsweise ein Einweg-Vape mit hoher Kapazit\u00e4t und benutzerfreundlichem Ger\u00e4t. Dar\u00fcber hinaus verbindet das elegante, kompakte Design mit einem digitalen Display nahtlos die Funktionalit\u00e4t und ein modernes Aussehen und ist ideal f\u00fcr Dampfer, die Funktionalit\u00e4t und Stil priorisieren.<\/p>\n<h3>Produktspezifikationen<\/h3>\n<p>\u2022 <b>Puff-Anzahl: 45.000<\/b> \u2013 Folglich sorgt es f\u00fcr Wochen ohne Ersatz.<br \/>\n\u2022 <b>E-Liquid: 60 ml (30 ml + 30 ml)<\/b> \u2013 Somit unterst\u00fctzen Dual Chambers erweiterte Vaping-Sitzungen.<br \/>\n\u2022 <b>Nikotin: 0%, 2%, 3%, 5%<\/b> \u2013 Infolgedessen sind verschiedene Nikotinpr\u00e4ferenzen gerecht.<br \/>\n\u2022 <b>Batterie: 650mAh<\/b> \u2013 Daher liefert es zuverl\u00e4ssige Leistung beim Aufladen.<br \/>\n\u2022 <b>Aufladen: Typ-C<\/b> \u2013 Er erm\u00f6glicht schnelle und effiziente Aufladungen.<br \/>\n\u2022 <b>Spule: Dual 1,0 \u03a9 Mesh<\/b> \u2013 Dementsprechend erzeugt es glatten, satten Dampf.<br \/>\n\u2022 <b>Anzeige: LED-Bildschirm<\/b> \u2013 Au\u00dferdem verfolgt es Batterie, Fl\u00fcssigkeit und Puffs.<br \/>\n\u2022 <b>Luftstrom: einstellbar<\/b> \u2013 Ebenso passt es den Zugwiderstand an.<\/p>\n<h3>Fruchtige und tropische Geschmackskombinationen<\/h3>\n<p>1. <b>Wassermeloneneis + Erdbeere und Mango<\/b> \u2013 Erfrischend k\u00fchle Wassermelone gepaart mit s\u00fc\u00dfer Erdbeer-Mango.<br \/>\n2. <b>Erdbeer- und Wassermelone + Kiwi-Passionsfrucht-Guave<\/b> \u2013 Zum Beispiel trifft saftige Erdbeer-Wassermelone auf spritzige Kiwi-Guava.<br \/>\n3. <b>Erdbeer- und Wassermelone + Traubeneis<\/b> \u2013 Ebenso erg\u00e4nzt die s\u00fc\u00dfe Mischung gek\u00fchlte Trauben.<br \/>\n4. <b>Blaubeer-Himbeere + Pfirsich-Mango-Wassermelone<\/b> \u2013 Au\u00dferdem pflegen herbe Beeren s\u00fc\u00dfe Pfirsich-Mango.<br \/>\n5. <b>Blaubeerwassermelone + Erdbeer-Mango<\/b> \u2013 Folglich verschmelzen s\u00fc\u00dfe Beeren mit saftiger Mango.<br \/>\n6. <b>Erdbeerkiwi + Pfirsicheis<\/b> - Daher paaren sich pikante Kiwi mit gek\u00fchltem Pfirsich.<\/p>\n<h3>mutige und einzigartige Geschmackskombinationen<\/h3>\n<p>7. <b>Blaubeereis + Schwarzes Dracheneis<\/b> \u2013 So mischt sich eisige Blaubeere mit dunklen Fruchtnoten.<br \/>\n8. <b>Blaubeereis + Erdbeere und Banane<\/b> \u2013 \u00c4hnlich komplementiert k\u00fchle Blaubeere cremige Banane.<br \/>\n9. <b>Red Bull + Blaubeerwassermelone<\/b> \u2013 Au\u00dferdem trifft Bold Red Bull auf s\u00fc\u00dfe Beeren.<br \/>\n10. <b>Red Bull + Wassermelone Bubble Candy<\/b> \u2013 Infolgedessen mischt sich Energy-Drink mit Kaugummi-Noten.<br \/>\n11. <b>Cola-Eis + Kirsch-Cranberry<\/b> - Dar\u00fcber hinaus verbessert Fizzy Cola die herbe Kirsch-Cranberry.<br \/>\n12. <b>Ananas-Eis + Triple-Mango<\/b> - Ebenso st\u00e4rkt eisige Ananas die reiche Mango.<\/p>\n<h3>H\u00e4ufig gestellte Fragen<\/h3>\n<p>1. Was ist der Bang Leader 45000 Vape?<br \/>\nInsbesondere ist es ein Einweg-Einweg mit zwei Geschmacksrichtungen und einem einstellbaren Luftstrom.<\/p>\n<p>2. Wie funktioniert das Dual-Flavor-System?<br \/>\nZum Beispiel erm\u00f6glichen zwei 30 ml-Kammern eine nahtlose Geschmacksumschaltung.<\/p>\n<p>3. Ist das Ger\u00e4t wiederaufladbar?<br \/>\nIn der Tat verf\u00fcgt es \u00fcber einen 650-mAh-Akku mit Typ-C-Ladebetrieb.<\/p>\n<p>4. Wie w\u00e4hle ich den richtigen Geschmack aus?<br \/>\nZur Veranschaulichung w\u00e4hlen Sie fruchtige Mischungen wie Wassermeloneneis f\u00fcr S\u00fc\u00dfe oder Cola-Eis f\u00fcr mutige Geschm\u00e4cker, die Ihren Vorlieben entsprechen.<\/p>\n<p>5. Welche Nikotinst\u00e4rken sind verf\u00fcgbar?<br \/>\nFolglich bietet es Optionen 0%, 2%, 3% und 5%.<\/p>\n<p>6. Wie funktioniert die LED-Anzeige?<br \/>\nDar\u00fcber hinaus werden Echtzeitbatterie, E-Liquid und Puff-Anzahl angezeigt.<\/p>\n<p>7 . Kann ich den Luftstrom einstellen?<br \/>\nDadurch erm\u00f6glicht ein einstellbarer Luftstrom einen ma\u00dfgeschneiderten Zugwiderstand.<\/p>\n<p><img fetchpriority=\"high\" decoding=\"async\" class=\"alignnone size-full wp-image-2736\" src=\"https:\/\/vapeenjoy.com\/wp-content\/uploads\/2025\/09\/Bang-Leader-45000-Puffs-2-in-1-Flavors-Disposable-Vape-Flavors.jpg\" alt=\"Bang Leader 45000 Puffs 2 in 1 Aromen Einwegvape-Aromen\" width=\"1920\" height=\"1080\" srcset=\"https:\/\/vapeenjoy.com\/wp-content\/uploads\/2025\/09\/Bang-Leader-45000-Puffs-2-in-1-Flavors-Disposable-Vape-Flavors.jpg 1920w, https:\/\/vapeenjoy.com\/wp-content\/uploads\/2025\/09\/Bang-Leader-45000-Puffs-2-in-1-Flavors-Disposable-Vape-Flavors-300x169.jpg 300w, https:\/\/vapeenjoy.com\/wp-content\/uploads\/2025\/09\/Bang-Leader-45000-Puffs-2-in-1-Flavors-Disposable-Vape-Flavors-1024x576.jpg 1024w, https:\/\/vapeenjoy.com\/wp-content\/uploads\/2025\/09\/Bang-Leader-45000-Puffs-2-in-1-Flavors-Disposable-Vape-Flavors-768x432.jpg 768w, https:\/\/vapeenjoy.com\/wp-content\/uploads\/2025\/09\/Bang-Leader-45000-Puffs-2-in-1-Flavors-Disposable-Vape-Flavors-1536x864.jpg 1536w, https:\/\/vapeenjoy.com\/wp-content\/uploads\/2025\/09\/Bang-Leader-45000-Puffs-2-in-1-Flavors-Disposable-Vape-Flavors-18x10.jpg 18w, https:\/\/vapeenjoy.com\/wp-content\/uploads\/2025\/09\/Bang-Leader-45000-Puffs-2-in-1-Flavors-Disposable-Vape-Flavors-1200x675.jpg 1200w, https:\/\/vapeenjoy.com\/wp-content\/uploads\/2025\/09\/Bang-Leader-45000-Puffs-2-in-1-Flavors-Disposable-Vape-Flavors-150x84.jpg 150w\" sizes=\"(max-width: 1920px) 100vw, 1920px\" \/><\/p>","protected":false},"excerpt":{"rendered":"<p dir=\"ltr\" data-pm-slice=\"1 1 []\">Bang Leader bietet zuverl\u00e4ssige Dampfl\u00f6sungen. Der Bang Leader 45000 Puffs 2 in 1 Flavoss Einwegvape bietet 45.000 Z\u00fcge, 60 ml Doppel-E-Liquid-Kammern, 0-5% Nikotin, einen 650-mAh-Akku, Typ-C-Ladeger\u00e4t, zwei Mesh-Spulen und ein LED-Display f\u00fcr anpassbare, langlebige Verwendung.<\/p>","protected":false},"featured_media":2733,"comment_status":"open","ping_status":"closed","template":"","meta":[],"product_brand":[16],"product_cat":[45],"product_tag":[64],"class_list":{"0":"post-2729","1":"product","2":"type-product","3":"status-publish","4":"has-post-thumbnail","6":"product_brand-bang-vape","7":"product_cat-45000-puffs-vape","8":"product_tag-0-5-nicotine","10":"first","11":"instock","12":"sale","13":"shipping-taxable","14":"purchasable","15":"product-type-variable"},"yoast_head":"<!-- This site is optimized with the Yoast SEO plugin v25.7 - https:\/\/yoast.com\/wordpress\/plugins\/seo\/ -->\n<title>Bang Leader 45000 Puffs 2 in 1 Flavors Disposable Vape<\/title>\n<meta name=\"description\" content=\"Bang Leader 45000 Puffs Disposable Vape, 60mL dual e-liquid, 0-5% nicotine, 650mAh battery, and LED display. Buy now for lasting performance!\" \/>\n<meta name=\"robots\" content=\"index, follow, max-snippet:-1, max-image-preview:large, max-video-preview:-1\" \/>\n<link rel=\"canonical\" href=\"https:\/\/vapeenjoy.com\/de\/produkt\/bang-leader-45000-puffs-2-in-1-aromen-einweg-vape-0-5-nikotin\/\" \/>\n<meta property=\"og:locale\" content=\"de_DE\" \/>\n<meta property=\"og:type\" content=\"article\" \/>\n<meta property=\"og:title\" content=\"Bang Leader 45000 Puffs 2 in 1 Flavors Disposable Vape\" \/>\n<meta property=\"og:description\" content=\"Bang Leader 45000 Puffs Disposable Vape, 60mL dual e-liquid, 0-5% nicotine, 650mAh battery, and LED display. Buy now for lasting performance!\" \/>\n<meta property=\"og:url\" content=\"https:\/\/vapeenjoy.com\/de\/produkt\/bang-leader-45000-puffs-2-in-1-aromen-einweg-vape-0-5-nikotin\/\" \/>\n<meta property=\"og:site_name\" content=\"vapeenjoy\" \/>\n<meta property=\"og:image\" content=\"https:\/\/vapeenjoy.com\/wp-content\/uploads\/2025\/09\/bang-leader-45k.webp\" \/>\n\t<meta property=\"og:image:width\" content=\"1000\" \/>\n\t<meta property=\"og:image:height\" content=\"1000\" \/>\n\t<meta property=\"og:image:type\" content=\"image\/webp\" \/>\n<meta name=\"twitter:card\" content=\"summary_large_image\" \/>\n<meta name=\"twitter:label1\" content=\"Gesch\u00e4tzte Lesezeit\" \/>\n\t<meta name=\"twitter:data1\" content=\"3\u00a0Minuten\" \/>\n<script type=\"application\/ld+json\" class=\"yoast-schema-graph\">{\"@context\":\"https:\/\/schema.org\",\"@graph\":[{\"@type\":\"WebPage\",\"@id\":\"https:\/\/vapeenjoy.com\/product\/bang-leader-45000-puffs-2-in-1-flavors-disposable-vape-0-5-nicotine\/\",\"url\":\"https:\/\/vapeenjoy.com\/product\/bang-leader-45000-puffs-2-in-1-flavors-disposable-vape-0-5-nicotine\/\",\"name\":\"Bang Leader 45000 Puffs 2 in 1 Flavors Disposable Vape\",\"isPartOf\":{\"@id\":\"https:\/\/vapeenjoy.com\/#website\"},\"primaryImageOfPage\":{\"@id\":\"https:\/\/vapeenjoy.com\/product\/bang-leader-45000-puffs-2-in-1-flavors-disposable-vape-0-5-nicotine\/#primaryimage\"},\"image\":{\"@id\":\"https:\/\/vapeenjoy.com\/product\/bang-leader-45000-puffs-2-in-1-flavors-disposable-vape-0-5-nicotine\/#primaryimage\"},\"thumbnailUrl\":\"https:\/\/vapeenjoy.com\/wp-content\/uploads\/2025\/09\/bang-leader-45k.webp\",\"datePublished\":\"2025-09-04T08:05:35+00:00\",\"description\":\"Bang Leader 45000 Puffs Disposable Vape, 60mL dual e-liquid, 0-5% nicotine, 650mAh battery, and LED display. Buy now for lasting performance!\",\"breadcrumb\":{\"@id\":\"https:\/\/vapeenjoy.com\/product\/bang-leader-45000-puffs-2-in-1-flavors-disposable-vape-0-5-nicotine\/#breadcrumb\"},\"inLanguage\":\"de\",\"potentialAction\":[{\"@type\":\"ReadAction\",\"target\":[\"https:\/\/vapeenjoy.com\/product\/bang-leader-45000-puffs-2-in-1-flavors-disposable-vape-0-5-nicotine\/\"]}]},{\"@type\":\"ImageObject\",\"inLanguage\":\"de\",\"@id\":\"https:\/\/vapeenjoy.com\/product\/bang-leader-45000-puffs-2-in-1-flavors-disposable-vape-0-5-nicotine\/#primaryimage\",\"url\":\"https:\/\/vapeenjoy.com\/wp-content\/uploads\/2025\/09\/bang-leader-45k.webp\",\"contentUrl\":\"https:\/\/vapeenjoy.com\/wp-content\/uploads\/2025\/09\/bang-leader-45k.webp\",\"width\":1000,\"height\":1000,\"caption\":\"Bang Leader 45000 Puffs 2 in 1 Flavors Disposable Vape\"},{\"@type\":\"BreadcrumbList\",\"@id\":\"https:\/\/vapeenjoy.com\/product\/bang-leader-45000-puffs-2-in-1-flavors-disposable-vape-0-5-nicotine\/#breadcrumb\",\"itemListElement\":[{\"@type\":\"ListItem\",\"position\":1,\"name\":\"Home\",\"item\":\"https:\/\/vapeenjoy.com\/\"},{\"@type\":\"ListItem\",\"position\":2,\"name\":\"Shop\",\"item\":\"https:\/\/vapeenjoy.com\/vapeenjoy-shop\/\"},{\"@type\":\"ListItem\",\"position\":3,\"name\":\"Bang Leader 45000 Puffs 2 in 1 Flavors Disposable Vape 0-5% Nicotine\"}]},{\"@type\":\"WebSite\",\"@id\":\"https:\/\/vapeenjoy.com\/#website\",\"url\":\"https:\/\/vapeenjoy.com\/\",\"name\":\"vapeenjoy\",\"description\":\"An online store for selling vapes\",\"potentialAction\":[{\"@type\":\"SearchAction\",\"target\":{\"@type\":\"EntryPoint\",\"urlTemplate\":\"https:\/\/vapeenjoy.com\/?s={search_term_string}\"},\"query-input\":{\"@type\":\"PropertyValueSpecification\",\"valueRequired\":true,\"valueName\":\"search_term_string\"}}],\"inLanguage\":\"de\"}]}<\/script>\n<!-- \/ Yoast SEO plugin. -->","yoast_head_json":{"title":"Bang Leader 45000 Puffs 2 in 1 Geschmacksrichtungen Einwegvape","description":"Bang Leader 45000 Puffs Einwegvape, 60 ml Dual E-Liquid, 0-5% Nikotin, 650mAh Akku und LED-Display. Jetzt f\u00fcr dauerhafte Leistung kaufen!","robots":{"index":"index","follow":"follow","max-snippet":"max-snippet:-1","max-image-preview":"max-image-preview:large","max-video-preview":"max-video-preview:-1"},"canonical":"https:\/\/vapeenjoy.com\/de\/produkt\/bang-leader-45000-puffs-2-in-1-aromen-einweg-vape-0-5-nikotin\/","og_locale":"de_DE","og_type":"article","og_title":"Bang Leader 45000 Puffs 2 in 1 Flavors Disposable Vape","og_description":"Bang Leader 45000 Puffs Disposable Vape, 60mL dual e-liquid, 0-5% nicotine, 650mAh battery, and LED display. Buy now for lasting performance!","og_url":"https:\/\/vapeenjoy.com\/de\/produkt\/bang-leader-45000-puffs-2-in-1-aromen-einweg-vape-0-5-nikotin\/","og_site_name":"vapeenjoy","og_image":[{"width":1000,"height":1000,"url":"https:\/\/vapeenjoy.com\/wp-content\/uploads\/2025\/09\/bang-leader-45k.webp","type":"image\/webp"}],"twitter_card":"summary_large_image","twitter_misc":{"Gesch\u00e4tzte Lesezeit":"3\u00a0Minuten"},"schema":{"@context":"https:\/\/schema.org","@graph":[{"@type":"WebPage","@id":"https:\/\/vapeenjoy.com\/product\/bang-leader-45000-puffs-2-in-1-flavors-disposable-vape-0-5-nicotine\/","url":"https:\/\/vapeenjoy.com\/product\/bang-leader-45000-puffs-2-in-1-flavors-disposable-vape-0-5-nicotine\/","name":"Bang Leader 45000 Puffs 2 in 1 Geschmacksrichtungen Einwegvape","isPartOf":{"@id":"https:\/\/vapeenjoy.com\/#website"},"primaryImageOfPage":{"@id":"https:\/\/vapeenjoy.com\/product\/bang-leader-45000-puffs-2-in-1-flavors-disposable-vape-0-5-nicotine\/#primaryimage"},"image":{"@id":"https:\/\/vapeenjoy.com\/product\/bang-leader-45000-puffs-2-in-1-flavors-disposable-vape-0-5-nicotine\/#primaryimage"},"thumbnailUrl":"https:\/\/vapeenjoy.com\/wp-content\/uploads\/2025\/09\/bang-leader-45k.webp","datePublished":"2025-09-04T08:05:35+00:00","description":"Bang Leader 45000 Puffs Einwegvape, 60 ml Dual E-Liquid, 0-5% Nikotin, 650mAh Akku und LED-Display. Jetzt f\u00fcr dauerhafte Leistung kaufen!","breadcrumb":{"@id":"https:\/\/vapeenjoy.com\/product\/bang-leader-45000-puffs-2-in-1-flavors-disposable-vape-0-5-nicotine\/#breadcrumb"},"inLanguage":"de","potentialAction":[{"@type":"ReadAction","target":["https:\/\/vapeenjoy.com\/product\/bang-leader-45000-puffs-2-in-1-flavors-disposable-vape-0-5-nicotine\/"]}]},{"@type":"ImageObject","inLanguage":"de","@id":"https:\/\/vapeenjoy.com\/product\/bang-leader-45000-puffs-2-in-1-flavors-disposable-vape-0-5-nicotine\/#primaryimage","url":"https:\/\/vapeenjoy.com\/wp-content\/uploads\/2025\/09\/bang-leader-45k.webp","contentUrl":"https:\/\/vapeenjoy.com\/wp-content\/uploads\/2025\/09\/bang-leader-45k.webp","width":1000,"height":1000,"caption":"Bang Leader 45000 Puffs 2 in 1 Flavors Disposable Vape"},{"@type":"BreadcrumbList","@id":"https:\/\/vapeenjoy.com\/product\/bang-leader-45000-puffs-2-in-1-flavors-disposable-vape-0-5-nicotine\/#breadcrumb","itemListElement":[{"@type":"ListItem","position":1,"name":"Home","item":"https:\/\/vapeenjoy.com\/"},{"@type":"ListItem","position":2,"name":"Shop","item":"https:\/\/vapeenjoy.com\/vapeenjoy-shop\/"},{"@type":"ListItem","position":3,"name":"Bang Leader 45000 Puffs 2 in 1 Flavors Disposable Vape 0-5% Nicotine"}]},{"@type":"WebSite","@id":"https:\/\/vapeenjoy.com\/#website","url":"https:\/\/vapeenjoy.com\/","name":"Vapeenfreude","description":"Ein Online-Shop f\u00fcr den Verkauf von Vapes","potentialAction":[{"@type":"SearchAction","target":{"@type":"EntryPoint","urlTemplate":"https:\/\/vapeenjoy.com\/?s={search_term_string}"},"query-input":{"@type":"PropertyValueSpecification","valueRequired":true,"valueName":"search_term_string"}}],"inLanguage":"de"}]}},"_links":{"self":[{"href":"https:\/\/vapeenjoy.com\/de\/wp-json\/wp\/v2\/product\/2729","targetHints":{"allow":["GET"]}}],"collection":[{"href":"https:\/\/vapeenjoy.com\/de\/wp-json\/wp\/v2\/product"}],"about":[{"href":"https:\/\/vapeenjoy.com\/de\/wp-json\/wp\/v2\/types\/product"}],"replies":[{"embeddable":true,"href":"https:\/\/vapeenjoy.com\/de\/wp-json\/wp\/v2\/comments?post=2729"}],"version-history":[{"count":1,"href":"https:\/\/vapeenjoy.com\/de\/wp-json\/wp\/v2\/product\/2729\/revisions"}],"predecessor-version":[{"id":2737,"href":"https:\/\/vapeenjoy.com\/de\/wp-json\/wp\/v2\/product\/2729\/revisions\/2737"}],"wp:featuredmedia":[{"embeddable":true,"href":"https:\/\/vapeenjoy.com\/de\/wp-json\/wp\/v2\/media\/2733"}],"wp:attachment":[{"href":"https:\/\/vapeenjoy.com\/de\/wp-json\/wp\/v2\/media?parent=2729"}],"wp:term":[{"taxonomy":"product_brand","embeddable":true,"href":"https:\/\/vapeenjoy.com\/de\/wp-json\/wp\/v2\/product_brand?post=2729"},{"taxonomy":"product_cat","embeddable":true,"href":"https:\/\/vapeenjoy.com\/de\/wp-json\/wp\/v2\/product_cat?post=2729"},{"taxonomy":"product_tag","embeddable":true,"href":"https:\/\/vapeenjoy.com\/de\/wp-json\/wp\/v2\/product_tag?post=2729"}],"curies":[{"name":"WP","href":"https:\/\/api.w.org\/{rel}","templated":true}]}}