{"id":2821,"date":"2025-09-06T02:00:26","date_gmt":"2025-09-06T02:00:26","guid":{"rendered":"https:\/\/vapeenjoy.com\/?post_type=product&#038;p=2821"},"modified":"2025-09-06T02:00:26","modified_gmt":"2025-09-06T02:00:26","slug":"jnr-panda-25500-puffs-disposable-vape-102ml-e-liquid-2-nicotine","status":"publish","type":"product","link":"https:\/\/vapeenjoy.com\/de\/produkt\/jnr-panda-25500-puffs-einweg-vape-102ml-e-liquid-2-nikotin\/","title":{"rendered":"JNR Panda 25500 Puffs Einweg Vape 10+2ml E-Liquid 2% Nikotin"},"content":{"rendered":"<h2>Jnr Panda 25500 Puffs Einweg Vape Produktbeschreibung<\/h2>\n<p>Jnr, eine angesehene Marke im Dampfen, liefert konsequent innovative und zuverl\u00e4ssige Ger\u00e4te. Dementsprechend gl\u00e4nzt der Jnr Panda 25500 Puffs Einweg Vape mit seiner bemerkenswerten Puffkapazit\u00e4t und seinem intuitiven Design. Dar\u00fcber hinaus sorgt seine schlanke, ergonomische Form f\u00fcr Komfort, w\u00e4hrend ein lebendiges LED-Atmungslicht jeden Zug mit einem dynamischen Glanz verst\u00e4rkt. Daher verbindet dieses Ger\u00e4t die Funktionalit\u00e4t nahtlos mit einer auff\u00e4lligen \u00c4sthetik, ideal f\u00fcr den t\u00e4glichen Dampf.<\/p>\n<h3>Produktspezifikationen<\/h3>\n<p>\u2022 <b>Puffanzahl: 25.500<\/b> \u2013 Bietet bis zu 25.500 Puffs f\u00fcr l\u00e4ngere Nutzung.<br \/>\n\u2022 <b>E-Liquid-Kapazit\u00e4t: 2+10 ml<\/b> \u2013 Mit einem 2-ml-Vorbef\u00fcllten Pod plus einem 10-ml-Reservoir.<br \/>\n\u2022 <b>Nikotinst\u00e4rke: 2%<\/b> \u2013 Bietet ein reibungsloses 20 mg \/ ml Nikotinerlebnis.<br \/>\n\u2022 <b>Batterie: 850mAh<\/b> \u2013 Wiederaufladbar f\u00fcr zuverl\u00e4ssige Leistung.<br \/>\n\u2022 <b>Aufladen: Typ-C<\/b> \u2013 Erm\u00f6glicht schnelles und effizientes Aufladen.<br \/>\n\u2022 <b>Spule: Dual-Mesh<\/b> \u2013 Verst\u00e4rkt Geschmack und Dampfqualit\u00e4t.<br \/>\n\u2022 <b>Anzeige: LED-Bildschirm<\/b> \u2013 Verfolgt den Akku- und E-Liquid-Pegel.<br \/>\n\u2022 <b>Luftstrom: einstellbar<\/b> \u2013 Erm\u00f6glicht personalisierte Draw-Einstellungen.<br \/>\n\u2022 <b>Design: austauschbarer Pod<\/b> \u2013 Verschmelzt Komfort mit nachf\u00fcllbarer Flexibilit\u00e4t.<\/p>\n<h3>10 verschiedene Geschmacksoptionen<\/h3>\n<p>1. <b>Kirscheis<\/b> \u2013 Reichhaltige Kirsche mit einem erfrischenden, k\u00fchlen Abgang.<br \/>\n2. <b>Wilde Beeren Eis<\/b> \u2013 Gemischte Beeren mit einer knusprigen, k\u00fchlen Note.<br \/>\n3. <b>Erdbeereis<\/b> \u2013 S\u00fc\u00dfe Erdbeere mit eisiger Note.<br \/>\n4. <b>Neues Pfirsicheis<\/b> \u2013 Saftiger Pfirsich mit k\u00fchlerem Gef\u00fchl.<br \/>\n5. <b>Neues Wassermeloneneis<\/b> \u2013 Frische Wassermelone mit frostigem Rand.<br \/>\n6. <b>Neue Erdbeerkiwi<\/b> - S\u00fc\u00dfe Erdbeere gepaart mit spritziger Kiwi.<br \/>\n7. <b>Sommerferien<\/b> \u2013 Tropische Fruchtmischung mit einer k\u00fchlen Brise.<br \/>\n8. <b>Erdbeer-Wassermeloneneis<\/b> \u2013 Fruchtige Mischung mit erfrischender K\u00e4lte.<br \/>\n9. <b>Neuer Doppelapfel<\/b> \u2013 Roter und gr\u00fcner Apfel mit subtilem Anis.<br \/>\n10. <b>Blaubeer-sauer Himbeere<\/b> - Tarte Himbeere trifft auf s\u00fc\u00dfe Blaubeere.<\/p>\n<h3>H\u00e4ufig gestellte Fragen<\/h3>\n<p>1. Was unterscheidet den Jnr Panda 25500?<br \/>\nDie hohe Puffzahl und das Pod-System bieten au\u00dfergew\u00f6hnlichen Komfort.<\/p>\n<p>2 drohen Wie kontrolliere ich den Akkustand?<br \/>\nDer LED-Bildschirm zeigt deutlich den Batteriestatus in Echtzeit.<\/p>\n<p>3. Kann ich den Aromen einfach wechseln?<br \/>\nIn der Tat unterst\u00fctzt das austauschbare Pod-System schnelle Geschmacks\u00e4nderungen.<\/p>\n<p>4. Wie w\u00e4hle ich den besten Geschmack aus?<br \/>\nF\u00fcr s\u00fc\u00dfe Profile versuchen Sie es im Sommerurlaub; f\u00fcr cooles Kirsch-Eis.<\/p>\n<p>5. Wie lange h\u00e4lt die E-Liquid?<br \/>\nMit 2 + 10 ml Kapazit\u00e4t dauert es je nach Nutzungsh\u00e4ufigkeit.<\/p>\n<p>6. Kann ich den Luftstrom einstellen?<br \/>\nPassen Sie den Luftstrom f\u00fcr Ihre bevorzugte Auslosung an.<\/p>\n<p>7 drohen Wie soll ich das Ger\u00e4t lagern?<br \/>\nBewahren Sie aufrecht an einem k\u00fchlen, trockenen Ort auf, um eine optimale Leistung zu erzielen.<\/p>\n<p><img fetchpriority=\"high\" decoding=\"async\" class=\"alignnone size-full wp-image-2822\" src=\"https:\/\/vapeenjoy.com\/wp-content\/uploads\/2025\/09\/Panda-\u8be6\u60c5\u9875-PC_07.jpg\" alt=\"Jnr Panda 25500 Puffs Einwegvape\" width=\"1920\" height=\"1080\" srcset=\"https:\/\/vapeenjoy.com\/wp-content\/uploads\/2025\/09\/Panda-\u8be6\u60c5\u9875-PC_07.jpg 1920w, https:\/\/vapeenjoy.com\/wp-content\/uploads\/2025\/09\/Panda-\u8be6\u60c5\u9875-PC_07-300x169.jpg 300w, https:\/\/vapeenjoy.com\/wp-content\/uploads\/2025\/09\/Panda-\u8be6\u60c5\u9875-PC_07-1024x576.jpg 1024w, https:\/\/vapeenjoy.com\/wp-content\/uploads\/2025\/09\/Panda-\u8be6\u60c5\u9875-PC_07-768x432.jpg 768w, https:\/\/vapeenjoy.com\/wp-content\/uploads\/2025\/09\/Panda-\u8be6\u60c5\u9875-PC_07-1536x864.jpg 1536w, https:\/\/vapeenjoy.com\/wp-content\/uploads\/2025\/09\/Panda-\u8be6\u60c5\u9875-PC_07-18x10.jpg 18w, https:\/\/vapeenjoy.com\/wp-content\/uploads\/2025\/09\/Panda-\u8be6\u60c5\u9875-PC_07-1200x675.jpg 1200w, https:\/\/vapeenjoy.com\/wp-content\/uploads\/2025\/09\/Panda-\u8be6\u60c5\u9875-PC_07-150x84.jpg 150w\" sizes=\"(max-width: 1920px) 100vw, 1920px\" \/><\/p>","protected":false},"excerpt":{"rendered":"<p dir=\"auto\">Jnr, ein vertrauensw\u00fcrdiger Name im Vaping, liefert zuverl\u00e4ssige und innovative Ger\u00e4te. Der JNR Panda 25500 Puffs Einwegvape bietet bis zu 25.500 Puffs, eine 2+10ml-Fl\u00fcssigkeitskapazit\u00e4t und eine Nikotinst\u00e4rke von 2%. Mit einem wiederaufladbaren 850-mAh-Akku, Typ-C-Ladeger\u00e4t, Dual-Mesh-Spule und einstellbarem Luftstrom sorgt es f\u00fcr reichhaltiges Geschmacks- und Komfort-Geschmack.<\/p>","protected":false},"featured_media":2823,"comment_status":"open","ping_status":"closed","template":"","meta":[],"product_brand":[33],"product_cat":[226],"product_tag":[225,85],"class_list":{"0":"post-2821","1":"product","2":"type-product","3":"status-publish","4":"has-post-thumbnail","6":"product_brand-jnr-vape","7":"product_cat-25500-puffs","8":"product_tag-12ml","9":"product_tag-2-nicotine","11":"first","12":"instock","13":"sale","14":"shipping-taxable","15":"purchasable","16":"product-type-variable"},"yoast_head":"<!-- This site is optimized with the Yoast SEO plugin v25.7 - https:\/\/yoast.com\/wordpress\/plugins\/seo\/ -->\n<title>JNR PANDA 25500 Puffs Disposable Vape 2% Nicotine<\/title>\n<meta name=\"description\" content=\"JNR PANDA 25500 Puffs Disposable Vape offers 2+10ml e-liquid, 2% nicotine, and a 850mAh battery with Type-C charging. Enjoy dual mesh coil flavor. Buy now!\" \/>\n<meta name=\"robots\" content=\"index, follow, max-snippet:-1, max-image-preview:large, max-video-preview:-1\" \/>\n<link rel=\"canonical\" href=\"https:\/\/vapeenjoy.com\/de\/produkt\/jnr-panda-25500-puffs-einweg-vape-102ml-e-liquid-2-nikotin\/\" \/>\n<meta property=\"og:locale\" content=\"de_DE\" \/>\n<meta property=\"og:type\" content=\"article\" \/>\n<meta property=\"og:title\" content=\"JNR PANDA 25500 Puffs Disposable Vape 2% Nicotine\" \/>\n<meta property=\"og:description\" content=\"JNR PANDA 25500 Puffs Disposable Vape offers 2+10ml e-liquid, 2% nicotine, and a 850mAh battery with Type-C charging. Enjoy dual mesh coil flavor. Buy now!\" \/>\n<meta property=\"og:url\" content=\"https:\/\/vapeenjoy.com\/de\/produkt\/jnr-panda-25500-puffs-einweg-vape-102ml-e-liquid-2-nikotin\/\" \/>\n<meta property=\"og:site_name\" content=\"vapeenjoy\" \/>\n<meta property=\"og:image\" content=\"https:\/\/vapeenjoy.com\/wp-content\/uploads\/2025\/09\/New-Double-Apple\u65b0\u53cc\u82f9\u679c.jpg\" \/>\n\t<meta property=\"og:image:width\" content=\"800\" \/>\n\t<meta property=\"og:image:height\" content=\"800\" \/>\n\t<meta property=\"og:image:type\" content=\"image\/jpeg\" \/>\n<meta name=\"twitter:card\" content=\"summary_large_image\" \/>\n<meta name=\"twitter:label1\" content=\"Gesch\u00e4tzte Lesezeit\" \/>\n\t<meta name=\"twitter:data1\" content=\"3\u00a0Minuten\" \/>\n<script type=\"application\/ld+json\" class=\"yoast-schema-graph\">{\"@context\":\"https:\/\/schema.org\",\"@graph\":[{\"@type\":\"WebPage\",\"@id\":\"https:\/\/vapeenjoy.com\/product\/jnr-panda-25500-puffs-disposable-vape-102ml-e-liquid-2-nicotine\/\",\"url\":\"https:\/\/vapeenjoy.com\/product\/jnr-panda-25500-puffs-disposable-vape-102ml-e-liquid-2-nicotine\/\",\"name\":\"JNR PANDA 25500 Puffs Disposable Vape 2% Nicotine\",\"isPartOf\":{\"@id\":\"https:\/\/vapeenjoy.com\/#website\"},\"primaryImageOfPage\":{\"@id\":\"https:\/\/vapeenjoy.com\/product\/jnr-panda-25500-puffs-disposable-vape-102ml-e-liquid-2-nicotine\/#primaryimage\"},\"image\":{\"@id\":\"https:\/\/vapeenjoy.com\/product\/jnr-panda-25500-puffs-disposable-vape-102ml-e-liquid-2-nicotine\/#primaryimage\"},\"thumbnailUrl\":\"https:\/\/vapeenjoy.com\/wp-content\/uploads\/2025\/09\/New-Double-Apple\u65b0\u53cc\u82f9\u679c.jpg\",\"datePublished\":\"2025-09-06T02:00:26+00:00\",\"description\":\"JNR PANDA 25500 Puffs Disposable Vape offers 2+10ml e-liquid, 2% nicotine, and a 850mAh battery with Type-C charging. Enjoy dual mesh coil flavor. Buy now!\",\"breadcrumb\":{\"@id\":\"https:\/\/vapeenjoy.com\/product\/jnr-panda-25500-puffs-disposable-vape-102ml-e-liquid-2-nicotine\/#breadcrumb\"},\"inLanguage\":\"de\",\"potentialAction\":[{\"@type\":\"ReadAction\",\"target\":[\"https:\/\/vapeenjoy.com\/product\/jnr-panda-25500-puffs-disposable-vape-102ml-e-liquid-2-nicotine\/\"]}]},{\"@type\":\"ImageObject\",\"inLanguage\":\"de\",\"@id\":\"https:\/\/vapeenjoy.com\/product\/jnr-panda-25500-puffs-disposable-vape-102ml-e-liquid-2-nicotine\/#primaryimage\",\"url\":\"https:\/\/vapeenjoy.com\/wp-content\/uploads\/2025\/09\/New-Double-Apple\u65b0\u53cc\u82f9\u679c.jpg\",\"contentUrl\":\"https:\/\/vapeenjoy.com\/wp-content\/uploads\/2025\/09\/New-Double-Apple\u65b0\u53cc\u82f9\u679c.jpg\",\"width\":800,\"height\":800,\"caption\":\"JNR PANDA 25500 Puffs Disposable Vape New-Double-Apple\"},{\"@type\":\"BreadcrumbList\",\"@id\":\"https:\/\/vapeenjoy.com\/product\/jnr-panda-25500-puffs-disposable-vape-102ml-e-liquid-2-nicotine\/#breadcrumb\",\"itemListElement\":[{\"@type\":\"ListItem\",\"position\":1,\"name\":\"Home\",\"item\":\"https:\/\/vapeenjoy.com\/\"},{\"@type\":\"ListItem\",\"position\":2,\"name\":\"Shop\",\"item\":\"https:\/\/vapeenjoy.com\/vapeenjoy-shop\/\"},{\"@type\":\"ListItem\",\"position\":3,\"name\":\"JNR PANDA 25500 Puffs Disposable Vape 10+2ml E-liquid 2% Nicotine\"}]},{\"@type\":\"WebSite\",\"@id\":\"https:\/\/vapeenjoy.com\/#website\",\"url\":\"https:\/\/vapeenjoy.com\/\",\"name\":\"vapeenjoy\",\"description\":\"An online store for selling vapes\",\"potentialAction\":[{\"@type\":\"SearchAction\",\"target\":{\"@type\":\"EntryPoint\",\"urlTemplate\":\"https:\/\/vapeenjoy.com\/?s={search_term_string}\"},\"query-input\":{\"@type\":\"PropertyValueSpecification\",\"valueRequired\":true,\"valueName\":\"search_term_string\"}}],\"inLanguage\":\"de\"}]}<\/script>\n<!-- \/ Yoast SEO plugin. -->","yoast_head_json":{"title":"Jnr Panda 25500 Puffs Einweg Vape 2% Nikotin","description":"JNR Panda 25500 Puffs Einweg Vape bietet 2+10ml E-Liquid, 2% Nikotin und einen 850mAh Akku mit Typ-C-Lade. Genie\u00dfen Sie das Dual-Mesh-Spulen-Ge Jetzt kaufen!","robots":{"index":"index","follow":"follow","max-snippet":"max-snippet:-1","max-image-preview":"max-image-preview:large","max-video-preview":"max-video-preview:-1"},"canonical":"https:\/\/vapeenjoy.com\/de\/produkt\/jnr-panda-25500-puffs-einweg-vape-102ml-e-liquid-2-nikotin\/","og_locale":"de_DE","og_type":"article","og_title":"JNR PANDA 25500 Puffs Disposable Vape 2% Nicotine","og_description":"JNR PANDA 25500 Puffs Disposable Vape offers 2+10ml e-liquid, 2% nicotine, and a 850mAh battery with Type-C charging. Enjoy dual mesh coil flavor. Buy now!","og_url":"https:\/\/vapeenjoy.com\/de\/produkt\/jnr-panda-25500-puffs-einweg-vape-102ml-e-liquid-2-nikotin\/","og_site_name":"vapeenjoy","og_image":[{"width":800,"height":800,"url":"https:\/\/vapeenjoy.com\/wp-content\/uploads\/2025\/09\/New-Double-Apple\u65b0\u53cc\u82f9\u679c.jpg","type":"image\/jpeg"}],"twitter_card":"summary_large_image","twitter_misc":{"Gesch\u00e4tzte Lesezeit":"3\u00a0Minuten"},"schema":{"@context":"https:\/\/schema.org","@graph":[{"@type":"WebPage","@id":"https:\/\/vapeenjoy.com\/product\/jnr-panda-25500-puffs-disposable-vape-102ml-e-liquid-2-nicotine\/","url":"https:\/\/vapeenjoy.com\/product\/jnr-panda-25500-puffs-disposable-vape-102ml-e-liquid-2-nicotine\/","name":"Jnr Panda 25500 Puffs Einweg Vape 2% Nikotin","isPartOf":{"@id":"https:\/\/vapeenjoy.com\/#website"},"primaryImageOfPage":{"@id":"https:\/\/vapeenjoy.com\/product\/jnr-panda-25500-puffs-disposable-vape-102ml-e-liquid-2-nicotine\/#primaryimage"},"image":{"@id":"https:\/\/vapeenjoy.com\/product\/jnr-panda-25500-puffs-disposable-vape-102ml-e-liquid-2-nicotine\/#primaryimage"},"thumbnailUrl":"https:\/\/vapeenjoy.com\/wp-content\/uploads\/2025\/09\/New-Double-Apple\u65b0\u53cc\u82f9\u679c.jpg","datePublished":"2025-09-06T02:00:26+00:00","description":"JNR Panda 25500 Puffs Einweg Vape bietet 2+10ml E-Liquid, 2% Nikotin und einen 850mAh Akku mit Typ-C-Lade. Genie\u00dfen Sie das Dual-Mesh-Spulen-Ge Jetzt kaufen!","breadcrumb":{"@id":"https:\/\/vapeenjoy.com\/product\/jnr-panda-25500-puffs-disposable-vape-102ml-e-liquid-2-nicotine\/#breadcrumb"},"inLanguage":"de","potentialAction":[{"@type":"ReadAction","target":["https:\/\/vapeenjoy.com\/product\/jnr-panda-25500-puffs-disposable-vape-102ml-e-liquid-2-nicotine\/"]}]},{"@type":"ImageObject","inLanguage":"de","@id":"https:\/\/vapeenjoy.com\/product\/jnr-panda-25500-puffs-disposable-vape-102ml-e-liquid-2-nicotine\/#primaryimage","url":"https:\/\/vapeenjoy.com\/wp-content\/uploads\/2025\/09\/New-Double-Apple\u65b0\u53cc\u82f9\u679c.jpg","contentUrl":"https:\/\/vapeenjoy.com\/wp-content\/uploads\/2025\/09\/New-Double-Apple\u65b0\u53cc\u82f9\u679c.jpg","width":800,"height":800,"caption":"JNR PANDA 25500 Puffs Disposable Vape New-Double-Apple"},{"@type":"BreadcrumbList","@id":"https:\/\/vapeenjoy.com\/product\/jnr-panda-25500-puffs-disposable-vape-102ml-e-liquid-2-nicotine\/#breadcrumb","itemListElement":[{"@type":"ListItem","position":1,"name":"Home","item":"https:\/\/vapeenjoy.com\/"},{"@type":"ListItem","position":2,"name":"Shop","item":"https:\/\/vapeenjoy.com\/vapeenjoy-shop\/"},{"@type":"ListItem","position":3,"name":"JNR PANDA 25500 Puffs Disposable Vape 10+2ml E-liquid 2% Nicotine"}]},{"@type":"WebSite","@id":"https:\/\/vapeenjoy.com\/#website","url":"https:\/\/vapeenjoy.com\/","name":"Vapeenfreude","description":"Ein Online-Shop f\u00fcr den Verkauf von Vapes","potentialAction":[{"@type":"SearchAction","target":{"@type":"EntryPoint","urlTemplate":"https:\/\/vapeenjoy.com\/?s={search_term_string}"},"query-input":{"@type":"PropertyValueSpecification","valueRequired":true,"valueName":"search_term_string"}}],"inLanguage":"de"}]}},"_links":{"self":[{"href":"https:\/\/vapeenjoy.com\/de\/wp-json\/wp\/v2\/product\/2821","targetHints":{"allow":["GET"]}}],"collection":[{"href":"https:\/\/vapeenjoy.com\/de\/wp-json\/wp\/v2\/product"}],"about":[{"href":"https:\/\/vapeenjoy.com\/de\/wp-json\/wp\/v2\/types\/product"}],"replies":[{"embeddable":true,"href":"https:\/\/vapeenjoy.com\/de\/wp-json\/wp\/v2\/comments?post=2821"}],"version-history":[{"count":1,"href":"https:\/\/vapeenjoy.com\/de\/wp-json\/wp\/v2\/product\/2821\/revisions"}],"predecessor-version":[{"id":2828,"href":"https:\/\/vapeenjoy.com\/de\/wp-json\/wp\/v2\/product\/2821\/revisions\/2828"}],"wp:featuredmedia":[{"embeddable":true,"href":"https:\/\/vapeenjoy.com\/de\/wp-json\/wp\/v2\/media\/2823"}],"wp:attachment":[{"href":"https:\/\/vapeenjoy.com\/de\/wp-json\/wp\/v2\/media?parent=2821"}],"wp:term":[{"taxonomy":"product_brand","embeddable":true,"href":"https:\/\/vapeenjoy.com\/de\/wp-json\/wp\/v2\/product_brand?post=2821"},{"taxonomy":"product_cat","embeddable":true,"href":"https:\/\/vapeenjoy.com\/de\/wp-json\/wp\/v2\/product_cat?post=2821"},{"taxonomy":"product_tag","embeddable":true,"href":"https:\/\/vapeenjoy.com\/de\/wp-json\/wp\/v2\/product_tag?post=2821"}],"curies":[{"name":"WP","href":"https:\/\/api.w.org\/{rel}","templated":true}]}}