{"id":2829,"date":"2025-09-06T02:20:17","date_gmt":"2025-09-06T02:20:17","guid":{"rendered":"https:\/\/vapeenjoy.com\/?post_type=product&#038;p=2829"},"modified":"2025-09-06T02:20:17","modified_gmt":"2025-09-06T02:20:17","slug":"jnr-flex-ice-21000-puffs-disposable-vape-ice-adjustable-206ml-e-liquid","status":"publish","type":"product","link":"https:\/\/vapeenjoy.com\/de\/produkt\/jnr-flex-ice-21000-puffs-einweg-vape-ice-einstellbar-206ml-e-flussigkeit\/","title":{"rendered":"JNR FLEX ICE 21000 Puffs Einweg Vape Ice einstellbar 20+6ml E-Liquid"},"content":{"rendered":"<h2>JNR FLEX ICE 21000 Puffs Einwegvape Produktbeschreibung<\/h2>\n<p>Jnr, bekannt f\u00fcr Qualit\u00e4t und Innovation in Einweg-Vapes, stellt Ger\u00e4te her, die Einfachheit mit robusten Funktionen verbinden. Folglich bietet der JNR Flex Ice 21000 Puffs Einwegvape eine hohe Z\u00e4hlung und ein erfrischendes eisiges Gef\u00fchl. Dar\u00fcber hinaus passt das schlanke, kompakte Design (172,5x129x122mm, 111g) bequem in Hand oder Tasche. Zus\u00e4tzlich bietet ein moderner Touchscreen eine intuitive Steuerung f\u00fcr eine nahtlose Nutzung.<\/p>\n<h3>Produktspezifikationen<\/h3>\n<p>\u2022 <b>Puff Count: 21000<\/b> \u2013 Bietet bis zu 21.000 Puffs f\u00fcr den l\u00e4ngeren Einsatz.<br \/>\n\u2022 <b>E-Liquid: 26ml<\/b> \u2013 Enth\u00e4lt 20ml Haupttank plus 6ml Booster.<br \/>\n\u2022 <b>Batterie: 1000mAh<\/b> \u2013 Versorgen Sie das Ger\u00e4t zuverl\u00e4ssig f\u00fcr den vollen E-Liquid-Einsatz.<br \/>\n\u2022 <b>Nikotin: 0%, 2%, 5%<\/b> \u2013 W\u00e4hlen Sie keine, leichte oder m\u00e4\u00dfige St\u00e4rke.<br \/>\n\u2022 <b>Spule: Dual-Mesh<\/b> \u2013 Gew\u00e4hrleistet gleichm\u00e4\u00dfiges Erhitzen f\u00fcr gleichbleibenden Geschmack.<br \/>\n\u2022 <b>Aufladen: Typ-C<\/b> \u2013 Erm\u00f6glicht schnelles Aufladen f\u00fcr minimale Ausfallzeiten.<br \/>\n\u2022 <b>Luftstrom: einstellbar<\/b> \u2013 Passen Sie die Ziehintensit\u00e4t nach Bedarf an.<br \/>\n\u2022 <b>Eis: einstellbar<\/b> \u2013 Kontrollieren Sie den K\u00fchleffekt f\u00fcr personalisiertes Gef\u00fchl.<br \/>\n\u2022 <b>Anzeige: Touchscreen<\/b> \u2013 Zeigt Batterie- und E-Liquid-Stufen an.<\/p>\n<h3>15 Geschmacksoptionen<\/h3>\n<p>1. <b>Explosion der Blaukirsche<\/b> - S\u00fc\u00dfe Kirschen mit einem w\u00fcrzigen Touch.<br \/>\n2. <b>Blaubeer-sauer Himbeere<\/b> \u2013 Saftige Blaubeeren mit herben Himbeeren.<br \/>\n3. <b>Kirsch-Erdbeer-Himbeere<\/b> \u2013 Reichhaltige Beeren-Trio-Fusion.<br \/>\n4. <b>Pfirsich-Mango-Ananas<\/b> \u2013 Tropischer Pfirsich, Mango, Ananasmischung.<br \/>\n5. <b>frische Erdbeere<\/b> \u2013 Reine, reife Erdbeers\u00fc\u00dfe.<br \/>\n6. <b>Sauerkirschgummi<\/b> - Tarter Kirschs\u00fc\u00dfigkeit Zing.<br \/>\n7. <b>Kiwi-Wassermeloneneis<\/b> \u2013 knusprige Kiwi, Wassermelone, Menthol-Finish.<br \/>\n8. <b>Kiwi-Passionsfrucht-Guave<\/b> \u2013 Exotische tropische Fr\u00fcchte platzen.<br \/>\n9. <b>Beerenmischung<\/b> - S\u00fc\u00df-s\u00e4uerliches Beeren-Medley.<br \/>\n10. <b>Erdbeerkiwi<\/b> \u2013 Klassische s\u00fc\u00dfe Erdbeere, spritzige Kiwi.<br \/>\n11. <b>Wassermeloneneis<\/b> \u2013 Erfrischende Wassermelone mit eisigem Ausatmen.<br \/>\n12. <b>wei\u00dfer Pfirsich Razz<\/b> \u2013 Glatter Pfirsich mit s\u00e4uerlicher Himbeere.<br \/>\n13. <b>Heidelbeereis<\/b> \u2013 S\u00fc\u00dfe Blaubeeren mit Menthol-Touch.<br \/>\n14. <b>Doppelapfel<\/b> - Knuspriges s\u00fc\u00df-s\u00e4uerliches Apfel-Duo.<br \/>\n15. <b>Kirschkola<\/b> - Sprudelcola mit s\u00fc\u00dfer Kirsche.<\/p>\n<h3>h\u00e4ufig gestellte Fragen<\/h3>\n<p>1. <b>Wie funktioniert einstellbares Eis?<\/b><br \/>\nSo k\u00f6nnen Sie mit dem Touchscreen die K\u00fchlintensit\u00e4t pro Puff einstellen.<\/p>\n<p>2. <b>Warum eine Dual-Mesh-Spule verwenden?<\/b><br \/>\nDaher erhitzt es E-Liquid gleichm\u00e4\u00dfig f\u00fcr einen gleichm\u00e4\u00dfigen, gleichm\u00e4\u00dfigen Geschmack.<\/p>\n<p>3. <b>Wann sollte ich aufladen?<\/b><br \/>\nDar\u00fcber hinaus zeigt der Touchscreen den Akkustand f\u00fcr eine einfache \u00dcberwachung an.<\/p>\n<p>4. <b>Ist es einfach zu bedienen?<\/b><br \/>\nIn der Tat ist es gezeichnet, ohne Schaltfl\u00e4chen oder komplexe Einstellungen erforderlich.<\/p>\n<p>5. <b>Wie w\u00e4hle ich den richtigen Geschmack aus?<\/b><br \/>\nW\u00e4hlen Sie zum Beispiel fruchtiges Kiwi-Wassermeloneneis zur Erfrischung oder Kirschcola f\u00fcr Nostalgie. Experimentieren Sie, um Ihren Favoriten zu finden.<\/p>\n<p>6. <b>Kann ich den Luftstrom einstellen?<\/b><br \/>\nZus\u00e4tzlich k\u00f6nnen Sie den Luftstrom f\u00fcr kundenspezifische Zeichnungen von dicht nach luftig optimieren.<\/p>\n<p>7. <b>Ist es tragbar?<\/b><br \/>\nFolglich machen es 111 g Gewicht und kompakte Gr\u00f6\u00dfe reisefreundlich.<\/p>\n<p><img fetchpriority=\"high\" decoding=\"async\" class=\"alignnone size-full wp-image-2836\" src=\"https:\/\/vapeenjoy.com\/wp-content\/uploads\/2025\/09\/\u53e3\u5473\u56fe-\u5408\u96c6-scaled.jpg\" alt=\"Jnr Flex Ice 21000 Puffs Einwegvape-Aromen\" width=\"2560\" height=\"2560\" srcset=\"https:\/\/vapeenjoy.com\/wp-content\/uploads\/2025\/09\/\u53e3\u5473\u56fe-\u5408\u96c6-scaled.jpg 2560w, https:\/\/vapeenjoy.com\/wp-content\/uploads\/2025\/09\/\u53e3\u5473\u56fe-\u5408\u96c6-300x300.jpg 300w, https:\/\/vapeenjoy.com\/wp-content\/uploads\/2025\/09\/\u53e3\u5473\u56fe-\u5408\u96c6-1024x1024.jpg 1024w, https:\/\/vapeenjoy.com\/wp-content\/uploads\/2025\/09\/\u53e3\u5473\u56fe-\u5408\u96c6-150x150.jpg 150w, https:\/\/vapeenjoy.com\/wp-content\/uploads\/2025\/09\/\u53e3\u5473\u56fe-\u5408\u96c6-768x768.jpg 768w, https:\/\/vapeenjoy.com\/wp-content\/uploads\/2025\/09\/\u53e3\u5473\u56fe-\u5408\u96c6-1536x1536.jpg 1536w, https:\/\/vapeenjoy.com\/wp-content\/uploads\/2025\/09\/\u53e3\u5473\u56fe-\u5408\u96c6-2048x2048.jpg 2048w, https:\/\/vapeenjoy.com\/wp-content\/uploads\/2025\/09\/\u53e3\u5473\u56fe-\u5408\u96c6-12x12.jpg 12w, https:\/\/vapeenjoy.com\/wp-content\/uploads\/2025\/09\/\u53e3\u5473\u56fe-\u5408\u96c6-600x600.jpg 600w, https:\/\/vapeenjoy.com\/wp-content\/uploads\/2025\/09\/\u53e3\u5473\u56fe-\u5408\u96c6-1200x1200.jpg 1200w\" sizes=\"(max-width: 2560px) 100vw, 2560px\" \/><\/p>","protected":false},"excerpt":{"rendered":"<p dir=\"auto\">Jnr, ein vertrauensw\u00fcrdiger Name in Einwegvaps, liefert Qualit\u00e4t und Innovation mit dem JNR Flex ICE 21000 Puffs Einweg-Vape. Dieses Ger\u00e4t bietet bis zu 21.000 Z\u00fcge, 26 ml E-Liquid (20 ml + 6 ml Booster) und einen 1000-mAh-Akku. Mit einstellbarem Luftstrom, Eissteuerung und einem Touchscreen sorgt es f\u00fcr ein anpassbares, langlebiges Dampferlebnis in einem schlanken, tragbaren Design.<\/p>","protected":false},"featured_media":2830,"comment_status":"open","ping_status":"closed","template":"","meta":[],"product_brand":[33],"product_cat":[227],"product_tag":[64,89],"class_list":{"0":"post-2829","1":"product","2":"type-product","3":"status-publish","4":"has-post-thumbnail","6":"product_brand-jnr-vape","7":"product_cat-21000-puffs","8":"product_tag-0-5-nicotine","9":"product_tag-26ml","11":"first","12":"instock","13":"sale","14":"shipping-taxable","15":"purchasable","16":"product-type-variable"},"yoast_head":"<!-- This site is optimized with the Yoast SEO plugin v25.7 - https:\/\/yoast.com\/wordpress\/plugins\/seo\/ -->\n<title>JNR FLEX ICE 21000 Puffs Disposable Vape Ice Adjustable<\/title>\n<meta name=\"description\" content=\"JNR FLEX ICE 21000 Puffs Disposable Vape offers 26ml e-liquid, 1000mAh battery, adjustable airflow, and ice control with a touchscreen. Get yours now!\" \/>\n<meta name=\"robots\" content=\"index, follow, max-snippet:-1, max-image-preview:large, max-video-preview:-1\" \/>\n<link rel=\"canonical\" href=\"https:\/\/vapeenjoy.com\/de\/produkt\/jnr-flex-ice-21000-puffs-einweg-vape-ice-einstellbar-206ml-e-flussigkeit\/\" \/>\n<meta property=\"og:locale\" content=\"de_DE\" \/>\n<meta property=\"og:type\" content=\"article\" \/>\n<meta property=\"og:title\" content=\"JNR FLEX ICE 21000 Puffs Disposable Vape Ice Adjustable\" \/>\n<meta property=\"og:description\" content=\"JNR FLEX ICE 21000 Puffs Disposable Vape offers 26ml e-liquid, 1000mAh battery, adjustable airflow, and ice control with a touchscreen. Get yours now!\" \/>\n<meta property=\"og:url\" content=\"https:\/\/vapeenjoy.com\/de\/produkt\/jnr-flex-ice-21000-puffs-einweg-vape-ice-einstellbar-206ml-e-flussigkeit\/\" \/>\n<meta property=\"og:site_name\" content=\"vapeenjoy\" \/>\n<meta property=\"og:image\" content=\"https:\/\/vapeenjoy.com\/wp-content\/uploads\/2025\/09\/10Peach-Mango-Pineapple.jpg\" \/>\n\t<meta property=\"og:image:width\" content=\"800\" \/>\n\t<meta property=\"og:image:height\" content=\"800\" \/>\n\t<meta property=\"og:image:type\" content=\"image\/jpeg\" \/>\n<meta name=\"twitter:card\" content=\"summary_large_image\" \/>\n<meta name=\"twitter:label1\" content=\"Gesch\u00e4tzte Lesezeit\" \/>\n\t<meta name=\"twitter:data1\" content=\"3\u00a0Minuten\" \/>\n<script type=\"application\/ld+json\" class=\"yoast-schema-graph\">{\"@context\":\"https:\/\/schema.org\",\"@graph\":[{\"@type\":\"WebPage\",\"@id\":\"https:\/\/vapeenjoy.com\/product\/jnr-flex-ice-21000-puffs-disposable-vape-ice-adjustable-206ml-e-liquid\/\",\"url\":\"https:\/\/vapeenjoy.com\/product\/jnr-flex-ice-21000-puffs-disposable-vape-ice-adjustable-206ml-e-liquid\/\",\"name\":\"JNR FLEX ICE 21000 Puffs Disposable Vape Ice Adjustable\",\"isPartOf\":{\"@id\":\"https:\/\/vapeenjoy.com\/#website\"},\"primaryImageOfPage\":{\"@id\":\"https:\/\/vapeenjoy.com\/product\/jnr-flex-ice-21000-puffs-disposable-vape-ice-adjustable-206ml-e-liquid\/#primaryimage\"},\"image\":{\"@id\":\"https:\/\/vapeenjoy.com\/product\/jnr-flex-ice-21000-puffs-disposable-vape-ice-adjustable-206ml-e-liquid\/#primaryimage\"},\"thumbnailUrl\":\"https:\/\/vapeenjoy.com\/wp-content\/uploads\/2025\/09\/10Peach-Mango-Pineapple.jpg\",\"datePublished\":\"2025-09-06T02:20:17+00:00\",\"description\":\"JNR FLEX ICE 21000 Puffs Disposable Vape offers 26ml e-liquid, 1000mAh battery, adjustable airflow, and ice control with a touchscreen. Get yours now!\",\"breadcrumb\":{\"@id\":\"https:\/\/vapeenjoy.com\/product\/jnr-flex-ice-21000-puffs-disposable-vape-ice-adjustable-206ml-e-liquid\/#breadcrumb\"},\"inLanguage\":\"de\",\"potentialAction\":[{\"@type\":\"ReadAction\",\"target\":[\"https:\/\/vapeenjoy.com\/product\/jnr-flex-ice-21000-puffs-disposable-vape-ice-adjustable-206ml-e-liquid\/\"]}]},{\"@type\":\"ImageObject\",\"inLanguage\":\"de\",\"@id\":\"https:\/\/vapeenjoy.com\/product\/jnr-flex-ice-21000-puffs-disposable-vape-ice-adjustable-206ml-e-liquid\/#primaryimage\",\"url\":\"https:\/\/vapeenjoy.com\/wp-content\/uploads\/2025\/09\/10Peach-Mango-Pineapple.jpg\",\"contentUrl\":\"https:\/\/vapeenjoy.com\/wp-content\/uploads\/2025\/09\/10Peach-Mango-Pineapple.jpg\",\"width\":800,\"height\":800,\"caption\":\"JNR FLEX ICE 21000 Puffs Disposable Vape Peach Mango Pineapple\"},{\"@type\":\"BreadcrumbList\",\"@id\":\"https:\/\/vapeenjoy.com\/product\/jnr-flex-ice-21000-puffs-disposable-vape-ice-adjustable-206ml-e-liquid\/#breadcrumb\",\"itemListElement\":[{\"@type\":\"ListItem\",\"position\":1,\"name\":\"Home\",\"item\":\"https:\/\/vapeenjoy.com\/\"},{\"@type\":\"ListItem\",\"position\":2,\"name\":\"Shop\",\"item\":\"https:\/\/vapeenjoy.com\/vapeenjoy-shop\/\"},{\"@type\":\"ListItem\",\"position\":3,\"name\":\"JNR FLEX ICE 21000 Puffs Disposable Vape Ice Adjustable 20+6ml E-liquid\"}]},{\"@type\":\"WebSite\",\"@id\":\"https:\/\/vapeenjoy.com\/#website\",\"url\":\"https:\/\/vapeenjoy.com\/\",\"name\":\"vapeenjoy\",\"description\":\"An online store for selling vapes\",\"potentialAction\":[{\"@type\":\"SearchAction\",\"target\":{\"@type\":\"EntryPoint\",\"urlTemplate\":\"https:\/\/vapeenjoy.com\/?s={search_term_string}\"},\"query-input\":{\"@type\":\"PropertyValueSpecification\",\"valueRequired\":true,\"valueName\":\"search_term_string\"}}],\"inLanguage\":\"de\"}]}<\/script>\n<!-- \/ Yoast SEO plugin. -->","yoast_head_json":{"title":"JNR FLEX ICE 21000 Puffs Einweg-Vape Ice einstellbar","description":"JNR Flex Ice 21000 Puffs Einweg Vape bietet 26 ml E-Liquid, 1000mAh Akku, einstellbare Luftstr\u00f6mung und Eissteuerung mit Touchscreen. Holen Sie sich jetzt Ihre!","robots":{"index":"index","follow":"follow","max-snippet":"max-snippet:-1","max-image-preview":"max-image-preview:large","max-video-preview":"max-video-preview:-1"},"canonical":"https:\/\/vapeenjoy.com\/de\/produkt\/jnr-flex-ice-21000-puffs-einweg-vape-ice-einstellbar-206ml-e-flussigkeit\/","og_locale":"de_DE","og_type":"article","og_title":"JNR FLEX ICE 21000 Puffs Disposable Vape Ice Adjustable","og_description":"JNR FLEX ICE 21000 Puffs Disposable Vape offers 26ml e-liquid, 1000mAh battery, adjustable airflow, and ice control with a touchscreen. Get yours now!","og_url":"https:\/\/vapeenjoy.com\/de\/produkt\/jnr-flex-ice-21000-puffs-einweg-vape-ice-einstellbar-206ml-e-flussigkeit\/","og_site_name":"vapeenjoy","og_image":[{"width":800,"height":800,"url":"https:\/\/vapeenjoy.com\/wp-content\/uploads\/2025\/09\/10Peach-Mango-Pineapple.jpg","type":"image\/jpeg"}],"twitter_card":"summary_large_image","twitter_misc":{"Gesch\u00e4tzte Lesezeit":"3\u00a0Minuten"},"schema":{"@context":"https:\/\/schema.org","@graph":[{"@type":"WebPage","@id":"https:\/\/vapeenjoy.com\/product\/jnr-flex-ice-21000-puffs-disposable-vape-ice-adjustable-206ml-e-liquid\/","url":"https:\/\/vapeenjoy.com\/product\/jnr-flex-ice-21000-puffs-disposable-vape-ice-adjustable-206ml-e-liquid\/","name":"JNR FLEX ICE 21000 Puffs Einweg-Vape Ice einstellbar","isPartOf":{"@id":"https:\/\/vapeenjoy.com\/#website"},"primaryImageOfPage":{"@id":"https:\/\/vapeenjoy.com\/product\/jnr-flex-ice-21000-puffs-disposable-vape-ice-adjustable-206ml-e-liquid\/#primaryimage"},"image":{"@id":"https:\/\/vapeenjoy.com\/product\/jnr-flex-ice-21000-puffs-disposable-vape-ice-adjustable-206ml-e-liquid\/#primaryimage"},"thumbnailUrl":"https:\/\/vapeenjoy.com\/wp-content\/uploads\/2025\/09\/10Peach-Mango-Pineapple.jpg","datePublished":"2025-09-06T02:20:17+00:00","description":"JNR Flex Ice 21000 Puffs Einweg Vape bietet 26 ml E-Liquid, 1000mAh Akku, einstellbare Luftstr\u00f6mung und Eissteuerung mit Touchscreen. Holen Sie sich jetzt Ihre!","breadcrumb":{"@id":"https:\/\/vapeenjoy.com\/product\/jnr-flex-ice-21000-puffs-disposable-vape-ice-adjustable-206ml-e-liquid\/#breadcrumb"},"inLanguage":"de","potentialAction":[{"@type":"ReadAction","target":["https:\/\/vapeenjoy.com\/product\/jnr-flex-ice-21000-puffs-disposable-vape-ice-adjustable-206ml-e-liquid\/"]}]},{"@type":"ImageObject","inLanguage":"de","@id":"https:\/\/vapeenjoy.com\/product\/jnr-flex-ice-21000-puffs-disposable-vape-ice-adjustable-206ml-e-liquid\/#primaryimage","url":"https:\/\/vapeenjoy.com\/wp-content\/uploads\/2025\/09\/10Peach-Mango-Pineapple.jpg","contentUrl":"https:\/\/vapeenjoy.com\/wp-content\/uploads\/2025\/09\/10Peach-Mango-Pineapple.jpg","width":800,"height":800,"caption":"JNR FLEX ICE 21000 Puffs Disposable Vape Peach Mango Pineapple"},{"@type":"BreadcrumbList","@id":"https:\/\/vapeenjoy.com\/product\/jnr-flex-ice-21000-puffs-disposable-vape-ice-adjustable-206ml-e-liquid\/#breadcrumb","itemListElement":[{"@type":"ListItem","position":1,"name":"Home","item":"https:\/\/vapeenjoy.com\/"},{"@type":"ListItem","position":2,"name":"Shop","item":"https:\/\/vapeenjoy.com\/vapeenjoy-shop\/"},{"@type":"ListItem","position":3,"name":"JNR FLEX ICE 21000 Puffs Disposable Vape Ice Adjustable 20+6ml E-liquid"}]},{"@type":"WebSite","@id":"https:\/\/vapeenjoy.com\/#website","url":"https:\/\/vapeenjoy.com\/","name":"Vapeenfreude","description":"Ein Online-Shop f\u00fcr den Verkauf von Vapes","potentialAction":[{"@type":"SearchAction","target":{"@type":"EntryPoint","urlTemplate":"https:\/\/vapeenjoy.com\/?s={search_term_string}"},"query-input":{"@type":"PropertyValueSpecification","valueRequired":true,"valueName":"search_term_string"}}],"inLanguage":"de"}]}},"_links":{"self":[{"href":"https:\/\/vapeenjoy.com\/de\/wp-json\/wp\/v2\/product\/2829","targetHints":{"allow":["GET"]}}],"collection":[{"href":"https:\/\/vapeenjoy.com\/de\/wp-json\/wp\/v2\/product"}],"about":[{"href":"https:\/\/vapeenjoy.com\/de\/wp-json\/wp\/v2\/types\/product"}],"replies":[{"embeddable":true,"href":"https:\/\/vapeenjoy.com\/de\/wp-json\/wp\/v2\/comments?post=2829"}],"version-history":[{"count":2,"href":"https:\/\/vapeenjoy.com\/de\/wp-json\/wp\/v2\/product\/2829\/revisions"}],"predecessor-version":[{"id":2838,"href":"https:\/\/vapeenjoy.com\/de\/wp-json\/wp\/v2\/product\/2829\/revisions\/2838"}],"wp:featuredmedia":[{"embeddable":true,"href":"https:\/\/vapeenjoy.com\/de\/wp-json\/wp\/v2\/media\/2830"}],"wp:attachment":[{"href":"https:\/\/vapeenjoy.com\/de\/wp-json\/wp\/v2\/media?parent=2829"}],"wp:term":[{"taxonomy":"product_brand","embeddable":true,"href":"https:\/\/vapeenjoy.com\/de\/wp-json\/wp\/v2\/product_brand?post=2829"},{"taxonomy":"product_cat","embeddable":true,"href":"https:\/\/vapeenjoy.com\/de\/wp-json\/wp\/v2\/product_cat?post=2829"},{"taxonomy":"product_tag","embeddable":true,"href":"https:\/\/vapeenjoy.com\/de\/wp-json\/wp\/v2\/product_tag?post=2829"}],"curies":[{"name":"WP","href":"https:\/\/api.w.org\/{rel}","templated":true}]}}