{"id":2929,"date":"2025-09-15T09:09:10","date_gmt":"2025-09-15T09:09:10","guid":{"rendered":"https:\/\/vapeenjoy.com\/?post_type=product&#038;p=2929"},"modified":"2025-10-23T03:42:55","modified_gmt":"2025-10-23T03:42:55","slug":"airmez-fox-80000-80k-puffs-2-in-1-flavors-disposable-vape-30ml-2-nicotine","status":"publish","type":"product","link":"https:\/\/vapeenjoy.com\/de\/produkt\/airmez-fox-80000-80k-puffs-2-in-1-aromen-einweg-vape-30ml-2-nikotin\/","title":{"rendered":"Airmez Fox 80000 80k Puffs 2 in 1 Aromen Einweg Vape 30ml 2% Nikotin"},"content":{"rendered":"<h2>Airmez Fox 80000 80k Puffs 2 in 1 Aromen Einweg Vape 30ml<\/h2>\n<p>AirMez ist eine seri\u00f6se Marke, die f\u00fcr die Lieferung innovativer und zuverl\u00e4ssiger Dampfprodukte bekannt ist. Der Airmez Fox 80000 2 in 1 Flavours Einwegvape bietet eine einzigartige Kombination aus Komfort und langlebiger Leistung. Mit seinem schlanken Design ist dieses Ger\u00e4t kompakt und dennoch leistungsstark und eignet sich daher ideal f\u00fcr unterwegs. Seine ergonomische Konstruktion und saubere \u00c4sthetik sorgen f\u00fcr Komfort und Benutzerfreundlichkeit, w\u00e4hrend die gro\u00dfe 30-ml-E-Liquid-Kapazit\u00e4t ein erweitertes Dampferlebnis bietet.<\/p>\n<h3>Produktspezifikationen<\/h3>\n<p>\u2611 <span style=\"font-weight: bold;\">15ml*2 E-Liquid<\/span> \u2013 Dual Liquid Pods f\u00fcr l\u00e4ngere Nutzung<br \/>\n\u2611 <span style=\"font-weight: bold;\">Maschenspule<\/span> \u2013 Gew\u00e4hrleistet optimale Geschmacksproduktion<br \/>\n\u2611 <span style=\"font-weight: bold;\">Typ-C-Port<\/span> \u2013 Schnellladef\u00e4higkeit<br \/>\n\u2611 <span style=\"font-weight: bold;\">650mAh<\/span> \u2013 Bietet ausreichend Leistung f\u00fcr 80.000 Puffs<\/p>\n<h3>Geschmacksrichtungen<\/h3>\n<p>Mit einer Auswahl von 10 verschiedenen Geschmacksrichtungen bietet der Airmez Fox 80000 eine Vielzahl von Optionen, um auf verschiedene Vorlieben zu verzichten. Nachfolgend die verf\u00fcgbaren Geschmacksrichtungen:<\/p>\n<ul>\n<li><span style=\"font-weight: bold;\">1. Erdbeer-Wassermelone<\/span>, Erdbeerhimbeere<\/li>\n<li><span style=\"font-weight: bold;\">2 . Blaue Razz-Limonade<\/span>, blauer Razz<\/li>\n<li><span style=\"font-weight: bold;\">3. Blaubeere auf Eis<\/span>, Blaubeerhimbeere<\/li>\n<li><span style=\"font-weight: bold;\">4. Erdbeerkiwi<\/span>, Erdbeerei<\/li>\n<li><span style=\"font-weight: bold;\">5. Wassermeloneneis<\/span>, Himbeerwassermelone<\/li>\n<li><span style=\"font-weight: bold;\">6. Beerenlimonade<\/span>, Zitronenlimette<\/li>\n<li><span style=\"font-weight: bold;\">7 . Tropische Fr\u00fcchte<\/span>, Liebe 66<\/li>\n<li><span style=\"font-weight: bold;\">8. Pfirsicheis<\/span>, Mango-Pfirsich<\/li>\n<li><span style=\"font-weight: bold;\">9. gemischte Beeren<\/span>, Dr.<\/li>\n<li><span style=\"font-weight: bold;\">10. Traubeneis<\/span>, schwarzes Eis<\/li>\n<\/ul>\n<h3>h\u00e4ufig gestellte Fragen<\/h3>\n<h4>1. Wie lange h\u00e4lt der Airmez Fox 80000?<\/h4>\n<p>Das Ger\u00e4t bietet bis zu 80.000 Z\u00fcge und bietet ein lang anhaltendes Dampferlebnis.<\/p>\n<h4>2 drohen Wie lade ich den Airmez Fox 80000 auf?<\/h4>\n<p>Nutzen Sie einfach den Typ-C-Anschluss f\u00fcr schnelles und effizientes Laden. Ein voll aufgeladenes Ger\u00e4t kann mehrere Vaping-Sitzungen aushalten.<\/p>\n<h4>3. Ist das Ger\u00e4t nachf\u00fcllbar?<\/h4>\n<p>Nein, der AirMez Fox 80000 ist ein Einweg-Vape, was bedeutet, dass Sie das Ger\u00e4t entsorgen und durch ein neues ersetzen k\u00f6nnen, wenn das E-Liquid aufgebraucht ist.<\/p>\n<h4>4. Wie w\u00e4hle ich den richtigen Geschmack?<\/h4>\n<p>Der richtige Geschmack h\u00e4ngt von Ihrem pers\u00f6nlichen Geschmack ab. Wenn Sie fruchtige, erfrischende Aromen genie\u00dfen, versuchen Sie es <span style=\"font-weight: bold;\">Erdbeer-Wassermelone<\/span> oder <span style=\"font-weight: bold;\">Beerenlimonade<\/span>drohen Wenn Sie eisige Empfindungen bevorzugen, k\u00f6nnen Optionen wie <span style=\"font-weight: bold;\">Blaubeere auf Eis<\/span> oder <span style=\"font-weight: bold;\">Traubeneis<\/span> K\u00f6nnte am besten passen.<\/p>\n<h4>5. Hat der Airmez Fox 80000 Nikotin?<\/h4>\n<p>Ja, es enth\u00e4lt Nikotin. Bitte \u00fcberpr\u00fcfen Sie die Verpackung auf genaue Nikotinkonzentration.<\/p>\n<h4>6. Wie soll ich das Ger\u00e4t lagern?<\/h4>\n<p>Um die Langlebigkeit des Produkts zu gew\u00e4hrleisten, lagern Sie es an einem k\u00fchlen und trockenen Ort, fern von direkter Sonneneinstrahlung oder extremen Temperaturen.<\/p>\n<h4>7 . Was ist der Unterschied zwischen den Aromen?<\/h4>\n<p>Jeder Geschmack bietet eine einzigartige Kombination aus fruchtigen, w\u00fcrzigen oder eisigen Geschmacksrichtungen. z. <span style=\"font-weight: bold;\">tropische Frucht<\/span> Kombiniert eine Mischung aus exotischen Aromen, w\u00e4hrend <span style=\"font-weight: bold;\">Pfirsicheis<\/span> Bietet einen glatten Pfirsichgeschmack mit einem k\u00fchlen Abgang.<\/p>\n<p><img fetchpriority=\"high\" decoding=\"async\" class=\"alignnone size-full wp-image-2937\" src=\"https:\/\/vapeenjoy.com\/wp-content\/uploads\/2025\/09\/Airmez-Fox-80000-Puffs-2-IN-1-Flavors-Disposable-Vape-Flavors.avif\" alt=\"Airmez Fox 80000 Puffs 2 in 1 Aromen Einwegvape-Aromen\" width=\"1240\" height=\"1754\" srcset=\"https:\/\/vapeenjoy.com\/wp-content\/uploads\/2025\/09\/Airmez-Fox-80000-Puffs-2-IN-1-Flavors-Disposable-Vape-Flavors.avif 1240w, https:\/\/vapeenjoy.com\/wp-content\/uploads\/2025\/09\/Airmez-Fox-80000-Puffs-2-IN-1-Flavors-Disposable-Vape-Flavors-212x300.avif 212w, https:\/\/vapeenjoy.com\/wp-content\/uploads\/2025\/09\/Airmez-Fox-80000-Puffs-2-IN-1-Flavors-Disposable-Vape-Flavors-724x1024.avif 724w, https:\/\/vapeenjoy.com\/wp-content\/uploads\/2025\/09\/Airmez-Fox-80000-Puffs-2-IN-1-Flavors-Disposable-Vape-Flavors-768x1086.avif 768w, https:\/\/vapeenjoy.com\/wp-content\/uploads\/2025\/09\/Airmez-Fox-80000-Puffs-2-IN-1-Flavors-Disposable-Vape-Flavors-1086x1536.avif 1086w, https:\/\/vapeenjoy.com\/wp-content\/uploads\/2025\/09\/Airmez-Fox-80000-Puffs-2-IN-1-Flavors-Disposable-Vape-Flavors-8x12.avif 8w, https:\/\/vapeenjoy.com\/wp-content\/uploads\/2025\/09\/Airmez-Fox-80000-Puffs-2-IN-1-Flavors-Disposable-Vape-Flavors-1200x1697.avif 1200w, https:\/\/vapeenjoy.com\/wp-content\/uploads\/2025\/09\/Airmez-Fox-80000-Puffs-2-IN-1-Flavors-Disposable-Vape-Flavors-150x212.avif 150w\" sizes=\"(max-width: 1240px) 100vw, 1240px\" \/><\/p>","protected":false},"excerpt":{"rendered":"<p>AirMez ist eine seri\u00f6se Marke, die f\u00fcr ihre zuverl\u00e4ssigen und leistungsstarken Dampfprodukte bekannt ist. Der Fox 80000 2 in 1 Flavours Einwegvape bietet 80.000 Puffs und eine 30ml E-Liquid Fassungsverm\u00f6gen. Es verf\u00fcgt \u00fcber eine Mesh-Spule f\u00fcr verbessertes Geschmacks, einen Typ-C-Anschluss f\u00fcr das schnelle Aufladen und einen 650-mAh-Akku f\u00fcr l\u00e4ngere Nutzung, was es zur perfekten Wahl f\u00fcr Dampfer macht, die Komfort und Haltbarkeit suchen.<\/p>","protected":false},"featured_media":2936,"comment_status":"open","ping_status":"closed","template":"","meta":[],"product_brand":[229],"product_cat":[17],"product_tag":[85,70],"class_list":{"0":"post-2929","1":"product","2":"type-product","3":"status-publish","4":"has-post-thumbnail","6":"product_brand-airmez","7":"product_cat-80000-puffs-vape","8":"product_tag-2-nicotine","9":"product_tag-30ml","11":"first","12":"instock","13":"sale","14":"shipping-taxable","15":"purchasable","16":"product-type-variable"},"yoast_head":"<!-- This site is optimized with the Yoast SEO plugin v25.7 - https:\/\/yoast.com\/wordpress\/plugins\/seo\/ -->\n<title>Airmez FOX 80000 Puffs 2 IN 1 Flavors Disposable Vape<\/title>\n<meta name=\"description\" content=\"Airmez FOX 80000 Disposable Vape offers 80K puffs, 30ML e-liquid, mesh coil, Type-C charging, and a 650mAh battery for lasting performance.\" \/>\n<meta name=\"robots\" content=\"index, follow, max-snippet:-1, max-image-preview:large, max-video-preview:-1\" \/>\n<link rel=\"canonical\" href=\"https:\/\/vapeenjoy.com\/de\/produkt\/airmez-fox-80000-80k-puffs-2-in-1-aromen-einweg-vape-30ml-2-nikotin\/\" \/>\n<meta property=\"og:locale\" content=\"de_DE\" \/>\n<meta property=\"og:type\" content=\"article\" \/>\n<meta property=\"og:title\" content=\"Airmez FOX 80000 Puffs 2 IN 1 Flavors Disposable Vape\" \/>\n<meta property=\"og:description\" content=\"Airmez FOX 80000 Disposable Vape offers 80K puffs, 30ML e-liquid, mesh coil, Type-C charging, and a 650mAh battery for lasting performance.\" \/>\n<meta property=\"og:url\" content=\"https:\/\/vapeenjoy.com\/de\/produkt\/airmez-fox-80000-80k-puffs-2-in-1-aromen-einweg-vape-30ml-2-nikotin\/\" \/>\n<meta property=\"og:site_name\" content=\"vapeenjoy\" \/>\n<meta property=\"article:modified_time\" content=\"2025-10-23T03:42:55+00:00\" \/>\n<meta property=\"og:image\" content=\"https:\/\/vapeenjoy.com\/wp-content\/uploads\/2025\/09\/vapeenjoy-airmez-2-in-1-80000-puffs.avif\" \/>\n\t<meta property=\"og:image:width\" content=\"2480\" \/>\n\t<meta property=\"og:image:height\" content=\"2480\" \/>\n\t<meta property=\"og:image:type\" content=\"image\/webp\" \/>\n<meta name=\"twitter:card\" content=\"summary_large_image\" \/>\n<meta name=\"twitter:label1\" content=\"Gesch\u00e4tzte Lesezeit\" \/>\n\t<meta name=\"twitter:data1\" content=\"3\u00a0Minuten\" \/>\n<script type=\"application\/ld+json\" class=\"yoast-schema-graph\">{\"@context\":\"https:\/\/schema.org\",\"@graph\":[{\"@type\":\"WebPage\",\"@id\":\"https:\/\/vapeenjoy.com\/product\/airmez-fox-80000-80k-puffs-2-in-1-flavors-disposable-vape-30ml-2-nicotine\/\",\"url\":\"https:\/\/vapeenjoy.com\/product\/airmez-fox-80000-80k-puffs-2-in-1-flavors-disposable-vape-30ml-2-nicotine\/\",\"name\":\"Airmez FOX 80000 Puffs 2 IN 1 Flavors Disposable Vape\",\"isPartOf\":{\"@id\":\"https:\/\/vapeenjoy.com\/#website\"},\"primaryImageOfPage\":{\"@id\":\"https:\/\/vapeenjoy.com\/product\/airmez-fox-80000-80k-puffs-2-in-1-flavors-disposable-vape-30ml-2-nicotine\/#primaryimage\"},\"image\":{\"@id\":\"https:\/\/vapeenjoy.com\/product\/airmez-fox-80000-80k-puffs-2-in-1-flavors-disposable-vape-30ml-2-nicotine\/#primaryimage\"},\"thumbnailUrl\":\"https:\/\/vapeenjoy.com\/wp-content\/uploads\/2025\/09\/vapeenjoy-airmez-2-in-1-80000-puffs.avif\",\"datePublished\":\"2025-09-15T09:09:10+00:00\",\"dateModified\":\"2025-10-23T03:42:55+00:00\",\"description\":\"Airmez FOX 80000 Disposable Vape offers 80K puffs, 30ML e-liquid, mesh coil, Type-C charging, and a 650mAh battery for lasting performance.\",\"breadcrumb\":{\"@id\":\"https:\/\/vapeenjoy.com\/product\/airmez-fox-80000-80k-puffs-2-in-1-flavors-disposable-vape-30ml-2-nicotine\/#breadcrumb\"},\"inLanguage\":\"de\",\"potentialAction\":[{\"@type\":\"ReadAction\",\"target\":[\"https:\/\/vapeenjoy.com\/product\/airmez-fox-80000-80k-puffs-2-in-1-flavors-disposable-vape-30ml-2-nicotine\/\"]}]},{\"@type\":\"ImageObject\",\"inLanguage\":\"de\",\"@id\":\"https:\/\/vapeenjoy.com\/product\/airmez-fox-80000-80k-puffs-2-in-1-flavors-disposable-vape-30ml-2-nicotine\/#primaryimage\",\"url\":\"https:\/\/vapeenjoy.com\/wp-content\/uploads\/2025\/09\/vapeenjoy-airmez-2-in-1-80000-puffs.avif\",\"contentUrl\":\"https:\/\/vapeenjoy.com\/wp-content\/uploads\/2025\/09\/vapeenjoy-airmez-2-in-1-80000-puffs.avif\",\"width\":2480,\"height\":2480,\"caption\":\"vapeenjoy airmez 2-in-1 80000 puffs Disposable vape\"},{\"@type\":\"BreadcrumbList\",\"@id\":\"https:\/\/vapeenjoy.com\/product\/airmez-fox-80000-80k-puffs-2-in-1-flavors-disposable-vape-30ml-2-nicotine\/#breadcrumb\",\"itemListElement\":[{\"@type\":\"ListItem\",\"position\":1,\"name\":\"Home\",\"item\":\"https:\/\/vapeenjoy.com\/\"},{\"@type\":\"ListItem\",\"position\":2,\"name\":\"Shop\",\"item\":\"https:\/\/vapeenjoy.com\/vapeenjoy-shop\/\"},{\"@type\":\"ListItem\",\"position\":3,\"name\":\"Airmez Fox 80000 80K Puffs 2 IN 1 Flavors Disposable Vape 30ML 2% Nicotine\"}]},{\"@type\":\"WebSite\",\"@id\":\"https:\/\/vapeenjoy.com\/#website\",\"url\":\"https:\/\/vapeenjoy.com\/\",\"name\":\"vapeenjoy\",\"description\":\"An online store for selling vapes\",\"potentialAction\":[{\"@type\":\"SearchAction\",\"target\":{\"@type\":\"EntryPoint\",\"urlTemplate\":\"https:\/\/vapeenjoy.com\/?s={search_term_string}\"},\"query-input\":{\"@type\":\"PropertyValueSpecification\",\"valueRequired\":true,\"valueName\":\"search_term_string\"}}],\"inLanguage\":\"de\"}]}<\/script>\n<!-- \/ Yoast SEO plugin. -->","yoast_head_json":{"title":"Airmez Fox 80000 Puffs 2 in 1 Aromen Einwegvape","description":"AirMez Fox 80000 Einweg Vape bietet 80.000 Puffs, 30ml E-Liquid, Mesh Coil, Typ-C-Ladeger\u00e4t und einen 650-mAh-Akku f\u00fcr dauerhafte Leistung.","robots":{"index":"index","follow":"follow","max-snippet":"max-snippet:-1","max-image-preview":"max-image-preview:large","max-video-preview":"max-video-preview:-1"},"canonical":"https:\/\/vapeenjoy.com\/de\/produkt\/airmez-fox-80000-80k-puffs-2-in-1-aromen-einweg-vape-30ml-2-nikotin\/","og_locale":"de_DE","og_type":"article","og_title":"Airmez FOX 80000 Puffs 2 IN 1 Flavors Disposable Vape","og_description":"Airmez FOX 80000 Disposable Vape offers 80K puffs, 30ML e-liquid, mesh coil, Type-C charging, and a 650mAh battery for lasting performance.","og_url":"https:\/\/vapeenjoy.com\/de\/produkt\/airmez-fox-80000-80k-puffs-2-in-1-aromen-einweg-vape-30ml-2-nikotin\/","og_site_name":"vapeenjoy","article_modified_time":"2025-10-23T03:42:55+00:00","og_image":[{"width":2480,"height":2480,"url":"https:\/\/vapeenjoy.com\/wp-content\/uploads\/2025\/09\/vapeenjoy-airmez-2-in-1-80000-puffs.avif","type":"image\/webp"}],"twitter_card":"summary_large_image","twitter_misc":{"Gesch\u00e4tzte Lesezeit":"3\u00a0Minuten"},"schema":{"@context":"https:\/\/schema.org","@graph":[{"@type":"WebPage","@id":"https:\/\/vapeenjoy.com\/product\/airmez-fox-80000-80k-puffs-2-in-1-flavors-disposable-vape-30ml-2-nicotine\/","url":"https:\/\/vapeenjoy.com\/product\/airmez-fox-80000-80k-puffs-2-in-1-flavors-disposable-vape-30ml-2-nicotine\/","name":"Airmez Fox 80000 Puffs 2 in 1 Aromen Einwegvape","isPartOf":{"@id":"https:\/\/vapeenjoy.com\/#website"},"primaryImageOfPage":{"@id":"https:\/\/vapeenjoy.com\/product\/airmez-fox-80000-80k-puffs-2-in-1-flavors-disposable-vape-30ml-2-nicotine\/#primaryimage"},"image":{"@id":"https:\/\/vapeenjoy.com\/product\/airmez-fox-80000-80k-puffs-2-in-1-flavors-disposable-vape-30ml-2-nicotine\/#primaryimage"},"thumbnailUrl":"https:\/\/vapeenjoy.com\/wp-content\/uploads\/2025\/09\/vapeenjoy-airmez-2-in-1-80000-puffs.avif","datePublished":"2025-09-15T09:09:10+00:00","dateModified":"2025-10-23T03:42:55+00:00","description":"AirMez Fox 80000 Einweg Vape bietet 80.000 Puffs, 30ml E-Liquid, Mesh Coil, Typ-C-Ladeger\u00e4t und einen 650-mAh-Akku f\u00fcr dauerhafte Leistung.","breadcrumb":{"@id":"https:\/\/vapeenjoy.com\/product\/airmez-fox-80000-80k-puffs-2-in-1-flavors-disposable-vape-30ml-2-nicotine\/#breadcrumb"},"inLanguage":"de","potentialAction":[{"@type":"ReadAction","target":["https:\/\/vapeenjoy.com\/product\/airmez-fox-80000-80k-puffs-2-in-1-flavors-disposable-vape-30ml-2-nicotine\/"]}]},{"@type":"ImageObject","inLanguage":"de","@id":"https:\/\/vapeenjoy.com\/product\/airmez-fox-80000-80k-puffs-2-in-1-flavors-disposable-vape-30ml-2-nicotine\/#primaryimage","url":"https:\/\/vapeenjoy.com\/wp-content\/uploads\/2025\/09\/vapeenjoy-airmez-2-in-1-80000-puffs.avif","contentUrl":"https:\/\/vapeenjoy.com\/wp-content\/uploads\/2025\/09\/vapeenjoy-airmez-2-in-1-80000-puffs.avif","width":2480,"height":2480,"caption":"vapeenjoy airmez 2-in-1 80000 puffs Disposable vape"},{"@type":"BreadcrumbList","@id":"https:\/\/vapeenjoy.com\/product\/airmez-fox-80000-80k-puffs-2-in-1-flavors-disposable-vape-30ml-2-nicotine\/#breadcrumb","itemListElement":[{"@type":"ListItem","position":1,"name":"Home","item":"https:\/\/vapeenjoy.com\/"},{"@type":"ListItem","position":2,"name":"Shop","item":"https:\/\/vapeenjoy.com\/vapeenjoy-shop\/"},{"@type":"ListItem","position":3,"name":"Airmez Fox 80000 80K Puffs 2 IN 1 Flavors Disposable Vape 30ML 2% Nicotine"}]},{"@type":"WebSite","@id":"https:\/\/vapeenjoy.com\/#website","url":"https:\/\/vapeenjoy.com\/","name":"Vapeenfreude","description":"Ein Online-Shop f\u00fcr den Verkauf von Vapes","potentialAction":[{"@type":"SearchAction","target":{"@type":"EntryPoint","urlTemplate":"https:\/\/vapeenjoy.com\/?s={search_term_string}"},"query-input":{"@type":"PropertyValueSpecification","valueRequired":true,"valueName":"search_term_string"}}],"inLanguage":"de"}]}},"_links":{"self":[{"href":"https:\/\/vapeenjoy.com\/de\/wp-json\/wp\/v2\/product\/2929","targetHints":{"allow":["GET"]}}],"collection":[{"href":"https:\/\/vapeenjoy.com\/de\/wp-json\/wp\/v2\/product"}],"about":[{"href":"https:\/\/vapeenjoy.com\/de\/wp-json\/wp\/v2\/types\/product"}],"replies":[{"embeddable":true,"href":"https:\/\/vapeenjoy.com\/de\/wp-json\/wp\/v2\/comments?post=2929"}],"version-history":[{"count":3,"href":"https:\/\/vapeenjoy.com\/de\/wp-json\/wp\/v2\/product\/2929\/revisions"}],"predecessor-version":[{"id":3120,"href":"https:\/\/vapeenjoy.com\/de\/wp-json\/wp\/v2\/product\/2929\/revisions\/3120"}],"wp:featuredmedia":[{"embeddable":true,"href":"https:\/\/vapeenjoy.com\/de\/wp-json\/wp\/v2\/media\/2936"}],"wp:attachment":[{"href":"https:\/\/vapeenjoy.com\/de\/wp-json\/wp\/v2\/media?parent=2929"}],"wp:term":[{"taxonomy":"product_brand","embeddable":true,"href":"https:\/\/vapeenjoy.com\/de\/wp-json\/wp\/v2\/product_brand?post=2929"},{"taxonomy":"product_cat","embeddable":true,"href":"https:\/\/vapeenjoy.com\/de\/wp-json\/wp\/v2\/product_cat?post=2929"},{"taxonomy":"product_tag","embeddable":true,"href":"https:\/\/vapeenjoy.com\/de\/wp-json\/wp\/v2\/product_tag?post=2929"}],"curies":[{"name":"WP","href":"https:\/\/api.w.org\/{rel}","templated":true}]}}