{"id":295,"date":"2025-07-21T07:35:15","date_gmt":"2025-07-21T07:35:15","guid":{"rendered":"https:\/\/vapeenjoy.com\/?post_type=product&#038;p=295"},"modified":"2025-08-26T07:09:45","modified_gmt":"2025-08-26T07:09:45","slug":"uzy-tornado-20000-puffs-disposable-vape","status":"publish","type":"product","link":"https:\/\/vapeenjoy.com\/de\/produkt\/uzy-tornado-20000-puffs-einwegvape\/","title":{"rendered":"Uzy Tornado 20000 Puffs Einweg Vape 28ml 0-5% Nikotin Typ-C Aufladung"},"content":{"rendered":"<h2 dir=\"ltr\" data-pm-slice=\"1 3 []\">Uzy Tornado 20000 Puffs Einweg Vape Beschreibung<\/h2>\n<p dir=\"ltr\">UZY liefert hochwertige Dampfl\u00f6sungen und setzt auf Komfort und Geschmack. Insbesondere der Uzy Tornado 20000 Puffs Einweg Vape bietet ein lang anhaltendes, geschmackvolles Erlebnis. Dar\u00fcber hinaus sorgen das elegante Design und die LED-Anzeige f\u00fcr Tragbarkeit, Zuverl\u00e4ssigkeit und Benutzerfreundlichkeit.<\/p>\n<h2 dir=\"ltr\">Uzy Tornado 20000 Puffs Einweg-Vape-Spezifikationen<\/h2>\n<ul class=\"tight\" dir=\"ltr\" data-tight=\"true\">\n<li>\n<p dir=\"ltr\"><strong>Puff-Z\u00e4hlung:<\/strong> 20.000 Puffs f\u00fcr den l\u00e4ngeren Gebrauch.<\/p>\n<\/li>\n<li>\n<p dir=\"ltr\"><strong>E-Liquid-Kapazit\u00e4t:<\/strong> 28 ml f\u00fcr konsistente Geschmacksrichtung.<\/p>\n<\/li>\n<li>\n<p dir=\"ltr\"><strong>Nikotinst\u00e4rken:<\/strong> 0%, 2%, 3%, 5% nach Pr\u00e4ferenzen.<\/p>\n<\/li>\n<li>\n<p dir=\"ltr\"><strong>Batteriekapazit\u00e4t:<\/strong> 850mAh, wiederaufladbar f\u00fcr zuverl\u00e4ssige Leistung.<\/p>\n<\/li>\n<li>\n<p dir=\"ltr\"><strong>Ladeanschluss:<\/strong> Typ-C f\u00fcr schnelles Aufladen.<\/p>\n<\/li>\n<li>\n<p dir=\"ltr\"><strong>Spulentyp:<\/strong> Mesh Coil f\u00fcr verbesserten Geschmack und Dampf.<\/p>\n<\/li>\n<li>\n<p dir=\"ltr\"><strong>Luftstrom:<\/strong> Einstellbar f\u00fcr ein individuelles Erlebnis.<\/p>\n<\/li>\n<li>\n<p dir=\"ltr\"><strong>Anzeigen:<\/strong> LED zeigt Akkulaufzeit und Puffanzahl an.<\/p>\n<\/li>\n<\/ul>\n<h2 dir=\"ltr\">12 Geschmacksoptionen<\/h2>\n<ol class=\"tight\" dir=\"ltr\" data-tight=\"true\">\n<li>\n<p dir=\"ltr\"><strong>Erdbeer-Wassermelone:<\/strong> S\u00fc\u00dfe Erdbeeren treffen saftige Wassermelone.<\/p>\n<\/li>\n<li>\n<p dir=\"ltr\"><strong>Blaubeere auf Eis:<\/strong> Reife Blaubeeren mit einem k\u00fchlen Menthol-Finish.<\/p>\n<\/li>\n<li>\n<p dir=\"ltr\"><strong>Pfirsich-Mango-Ananas:<\/strong> Tropische Pfirsich-, Mango- und Ananasmischung.<\/p>\n<\/li>\n<li>\n<p dir=\"ltr\"><strong>Traubeneis:<\/strong> Reiche Trauben mit einem erfrischenden Menthol-Kick.<\/p>\n<\/li>\n<li>\n<p dir=\"ltr\"><strong>Wassermeloneneis:<\/strong> S\u00fc\u00dfe Wassermelone mit einer k\u00fchlen Note.<\/p>\n<\/li>\n<li>\n<p dir=\"ltr\"><strong>Pfirsicheis:<\/strong> Weicher Pfirsich mit eisigem Finish.<\/p>\n<\/li>\n<li>\n<p dir=\"ltr\"><strong>Erdbeerkiwi:<\/strong> S\u00fc\u00dfe Erdbeeren und spritzige Kiwi.<\/p>\n<\/li>\n<li>\n<p dir=\"ltr\"><strong>Blaubeerhimbeere:<\/strong> Tarte Himbeeren und s\u00fc\u00dfe Blaubeeren.<\/p>\n<\/li>\n<li>\n<p dir=\"ltr\"><strong>Kiwi-Passionsfrucht:<\/strong> W\u00fcrzige Kiwi und exotische Passionsfrucht.<\/p>\n<\/li>\n<li>\n<p dir=\"ltr\"><strong>Herr Blau:<\/strong> Einzigartige Blaubeere mit k\u00fchlender Note.<\/p>\n<\/li>\n<li>\n<p dir=\"ltr\"><strong>Dreifaches Mango-Eis:<\/strong> Drei Mango-Sorten mit eisiger Wendung.<\/p>\n<\/li>\n<li>\n<p dir=\"ltr\"><strong>Rotes Energie-Eis:<\/strong> Energy-Drink-Geschmack mit einem Menthol-Twist<\/p>\n<\/li>\n<\/ol>\n<h2 dir=\"ltr\">H\u00e4ufig gestellte Fragen<\/h2>\n<ol class=\"tight\" dir=\"ltr\" data-tight=\"true\">\n<li>\n<p dir=\"ltr\"><strong>Was ist die Puffzahl?<\/strong> Bis zu 20.000 Z\u00fcge f\u00fcr den Langzeitgebrauch.<\/p>\n<\/li>\n<li>\n<p dir=\"ltr\"><strong>Welche Nikotinst\u00e4rken sind verf\u00fcgbar?<\/strong> 0%, 2%, 3% und 5%.<\/p>\n<\/li>\n<li>\n<p dir=\"ltr\"><strong>Woher wei\u00df ich, wann es niedrig ist?<\/strong> Das LED-Display zeigt Batterie- und Puff-Anzahl an, es kann blinken oder stoppen, wenn es leer ist.<\/p>\n<\/li>\n<li>\n<p dir=\"ltr\"><strong>Wie w\u00e4hle ich einen Geschmack aus?<\/strong> W\u00e4hlen Sie zum Beispiel fruchtige Mischungen wie Erdbeerwassermelone f\u00fcr S\u00fc\u00dfe, eisige Optionen wie Traubeneis zur Erfrischung oder mutiges rotes Energieeis f\u00fcr eine einzigartige Note.<\/p>\n<\/li>\n<li>\n<p dir=\"ltr\"><strong>Ist es wiederaufladbar?<\/strong> Ja, es verwendet einen 850-mAh-Akku mit Typ-C-Ladebetrieb.<\/p>\n<\/li>\n<li>\n<p dir=\"ltr\"><strong>Kann ich den Luftstrom einstellen?<\/strong> In der Tat passt der einstellbare Luftstrom Ihren Zug an.<\/p>\n<\/li>\n<li>\n<p dir=\"ltr\"><strong>Welche Spule verwendet es?<\/strong> Eine Mesh-Spule sorgt f\u00fcr gleichbleibenden Geschmack und Dampf.<\/p>\n<\/li>\n<\/ol>\n<p><img fetchpriority=\"high\" decoding=\"async\" class=\"alignnone wp-image-304 size-full\" src=\"https:\/\/vapeenjoy.com\/wp-content\/uploads\/2025\/07\/UZY-Tornado-20000-Puffs.webp\" alt=\"Uzy Tornado 20000 Puffs Einwegvape-Aromen\" width=\"1000\" height=\"1000\" srcset=\"https:\/\/vapeenjoy.com\/wp-content\/uploads\/2025\/07\/UZY-Tornado-20000-Puffs.webp 1000w, https:\/\/vapeenjoy.com\/wp-content\/uploads\/2025\/07\/UZY-Tornado-20000-Puffs-600x600.webp 600w, https:\/\/vapeenjoy.com\/wp-content\/uploads\/2025\/07\/UZY-Tornado-20000-Puffs-150x150.webp 150w, https:\/\/vapeenjoy.com\/wp-content\/uploads\/2025\/07\/UZY-Tornado-20000-Puffs-300x300.webp 300w, https:\/\/vapeenjoy.com\/wp-content\/uploads\/2025\/07\/UZY-Tornado-20000-Puffs-768x768.webp 768w\" sizes=\"(max-width: 1000px) 100vw, 1000px\" \/><\/p>","protected":false},"excerpt":{"rendered":"<p>Uzy, eine Marke, die sich auf hochwertige Dampfl\u00f6sungen konzentriert, pr\u00e4sentiert die Tornado 20000 Puffs Einweg-E-Zigarette. Dieses Ger\u00e4t bietet ein elegantes Design mit bis zu 20.000 Puffs, 28 ml E-Liquid-Kapazit\u00e4t und einem wiederaufladbaren 850-mAh-Akku. Mit einstellbarem Luftstrom, einer Mesh-Spule und mehreren Nikotinst\u00e4rken (0%, 2%, 3%, 5%) bietet es konsistentes Geschmack und Komfort.<\/p>","protected":false},"featured_media":305,"comment_status":"open","ping_status":"closed","template":"","meta":[],"product_brand":[38],"product_cat":[22],"product_tag":[64,68],"class_list":{"0":"post-295","1":"product","2":"type-product","3":"status-publish","4":"has-post-thumbnail","6":"product_brand-uzy-vape","7":"product_cat-20000-puffs-vape","8":"product_tag-0-5-nicotine","9":"product_tag-28ml","11":"first","12":"instock","13":"sale","14":"shipping-taxable","15":"purchasable","16":"product-type-variable"},"yoast_head":"<!-- This site is optimized with the Yoast SEO plugin v25.7 - https:\/\/yoast.com\/wordpress\/plugins\/seo\/ -->\n<title>UZY Tornado 20000 Puffs Disposable Vape 28ml 0-5% Nicotine<\/title>\n<meta name=\"description\" content=\"UZY Tornado 20000 Puffs Disposable Vape: 28ml e-liquid, 0-5% nicotine, Type-C rechargeable. 12 flavors, 850mAh battery for lasting performance.\" \/>\n<meta name=\"robots\" content=\"index, follow, max-snippet:-1, max-image-preview:large, max-video-preview:-1\" \/>\n<link rel=\"canonical\" href=\"https:\/\/vapeenjoy.com\/de\/produkt\/uzy-tornado-20000-puffs-einwegvape\/\" \/>\n<meta property=\"og:locale\" content=\"de_DE\" \/>\n<meta property=\"og:type\" content=\"article\" \/>\n<meta property=\"og:title\" content=\"UZY Tornado 20000 Puffs Disposable Vape 28ml 0-5% Nicotine\" \/>\n<meta property=\"og:description\" content=\"UZY Tornado 20000 Puffs Disposable Vape: 28ml e-liquid, 0-5% nicotine, Type-C rechargeable. 12 flavors, 850mAh battery for lasting performance.\" \/>\n<meta property=\"og:url\" content=\"https:\/\/vapeenjoy.com\/de\/produkt\/uzy-tornado-20000-puffs-einwegvape\/\" \/>\n<meta property=\"og:site_name\" content=\"vapeenjoy\" \/>\n<meta property=\"article:modified_time\" content=\"2025-08-26T07:09:45+00:00\" \/>\n<meta name=\"twitter:card\" content=\"summary_large_image\" \/>\n<meta name=\"twitter:label1\" content=\"Gesch\u00e4tzte Lesezeit\" \/>\n\t<meta name=\"twitter:data1\" content=\"2\u00a0Minuten\" \/>\n<script type=\"application\/ld+json\" class=\"yoast-schema-graph\">{\"@context\":\"https:\/\/schema.org\",\"@graph\":[{\"@type\":\"WebPage\",\"@id\":\"https:\/\/vapeenjoy.com\/product\/uzy-tornado-20000-puffs-disposable-vape\/\",\"url\":\"https:\/\/vapeenjoy.com\/product\/uzy-tornado-20000-puffs-disposable-vape\/\",\"name\":\"UZY Tornado 20000 Puffs Disposable Vape 28ml 0-5% Nicotine\",\"isPartOf\":{\"@id\":\"https:\/\/vapeenjoy.com\/#website\"},\"primaryImageOfPage\":{\"@id\":\"https:\/\/vapeenjoy.com\/product\/uzy-tornado-20000-puffs-disposable-vape\/#primaryimage\"},\"image\":{\"@id\":\"https:\/\/vapeenjoy.com\/product\/uzy-tornado-20000-puffs-disposable-vape\/#primaryimage\"},\"thumbnailUrl\":\"https:\/\/vapeenjoy.com\/wp-content\/uploads\/2025\/07\/UZY-Tornado-20000-Puffs-Watermelon-Ice.avif\",\"datePublished\":\"2025-07-21T07:35:15+00:00\",\"dateModified\":\"2025-08-26T07:09:45+00:00\",\"description\":\"UZY Tornado 20000 Puffs Disposable Vape: 28ml e-liquid, 0-5% nicotine, Type-C rechargeable. 12 flavors, 850mAh battery for lasting performance.\",\"breadcrumb\":{\"@id\":\"https:\/\/vapeenjoy.com\/product\/uzy-tornado-20000-puffs-disposable-vape\/#breadcrumb\"},\"inLanguage\":\"de\",\"potentialAction\":[{\"@type\":\"ReadAction\",\"target\":[\"https:\/\/vapeenjoy.com\/product\/uzy-tornado-20000-puffs-disposable-vape\/\"]}]},{\"@type\":\"ImageObject\",\"inLanguage\":\"de\",\"@id\":\"https:\/\/vapeenjoy.com\/product\/uzy-tornado-20000-puffs-disposable-vape\/#primaryimage\",\"url\":\"https:\/\/vapeenjoy.com\/wp-content\/uploads\/2025\/07\/UZY-Tornado-20000-Puffs-Watermelon-Ice.avif\",\"contentUrl\":\"https:\/\/vapeenjoy.com\/wp-content\/uploads\/2025\/07\/UZY-Tornado-20000-Puffs-Watermelon-Ice.avif\"},{\"@type\":\"BreadcrumbList\",\"@id\":\"https:\/\/vapeenjoy.com\/product\/uzy-tornado-20000-puffs-disposable-vape\/#breadcrumb\",\"itemListElement\":[{\"@type\":\"ListItem\",\"position\":1,\"name\":\"Home\",\"item\":\"https:\/\/vapeenjoy.com\/\"},{\"@type\":\"ListItem\",\"position\":2,\"name\":\"Shop\",\"item\":\"https:\/\/vapeenjoy.com\/vapeenjoy-shop\/\"},{\"@type\":\"ListItem\",\"position\":3,\"name\":\"UZY Tornado 20000 Puffs Disposable Vape 28ml 0-5% Nicotine Type-C Recharge\"}]},{\"@type\":\"WebSite\",\"@id\":\"https:\/\/vapeenjoy.com\/#website\",\"url\":\"https:\/\/vapeenjoy.com\/\",\"name\":\"vapeenjoy\",\"description\":\"An online store for selling vapes\",\"potentialAction\":[{\"@type\":\"SearchAction\",\"target\":{\"@type\":\"EntryPoint\",\"urlTemplate\":\"https:\/\/vapeenjoy.com\/?s={search_term_string}\"},\"query-input\":{\"@type\":\"PropertyValueSpecification\",\"valueRequired\":true,\"valueName\":\"search_term_string\"}}],\"inLanguage\":\"de\"}]}<\/script>\n<!-- \/ Yoast SEO plugin. -->","yoast_head_json":{"title":"Uzy Tornado 20000 Puffs Einweg Vape 28ml 0-5% Nikotin","description":"Uzy Tornado 20000 Puffs Einweg Vape: 28 ml E-Liquid, 0-5% Nikotin, Typ-C wiederaufladbar. 12 Aromen, 850mAh Akku f\u00fcr dauerhafte Leistung.","robots":{"index":"index","follow":"follow","max-snippet":"max-snippet:-1","max-image-preview":"max-image-preview:large","max-video-preview":"max-video-preview:-1"},"canonical":"https:\/\/vapeenjoy.com\/de\/produkt\/uzy-tornado-20000-puffs-einwegvape\/","og_locale":"de_DE","og_type":"article","og_title":"UZY Tornado 20000 Puffs Disposable Vape 28ml 0-5% Nicotine","og_description":"UZY Tornado 20000 Puffs Disposable Vape: 28ml e-liquid, 0-5% nicotine, Type-C rechargeable. 12 flavors, 850mAh battery for lasting performance.","og_url":"https:\/\/vapeenjoy.com\/de\/produkt\/uzy-tornado-20000-puffs-einwegvape\/","og_site_name":"vapeenjoy","article_modified_time":"2025-08-26T07:09:45+00:00","twitter_card":"summary_large_image","twitter_misc":{"Gesch\u00e4tzte Lesezeit":"2\u00a0Minuten"},"schema":{"@context":"https:\/\/schema.org","@graph":[{"@type":"WebPage","@id":"https:\/\/vapeenjoy.com\/product\/uzy-tornado-20000-puffs-disposable-vape\/","url":"https:\/\/vapeenjoy.com\/product\/uzy-tornado-20000-puffs-disposable-vape\/","name":"Uzy Tornado 20000 Puffs Einweg Vape 28ml 0-5% Nikotin","isPartOf":{"@id":"https:\/\/vapeenjoy.com\/#website"},"primaryImageOfPage":{"@id":"https:\/\/vapeenjoy.com\/product\/uzy-tornado-20000-puffs-disposable-vape\/#primaryimage"},"image":{"@id":"https:\/\/vapeenjoy.com\/product\/uzy-tornado-20000-puffs-disposable-vape\/#primaryimage"},"thumbnailUrl":"https:\/\/vapeenjoy.com\/wp-content\/uploads\/2025\/07\/UZY-Tornado-20000-Puffs-Watermelon-Ice.avif","datePublished":"2025-07-21T07:35:15+00:00","dateModified":"2025-08-26T07:09:45+00:00","description":"Uzy Tornado 20000 Puffs Einweg Vape: 28 ml E-Liquid, 0-5% Nikotin, Typ-C wiederaufladbar. 12 Aromen, 850mAh Akku f\u00fcr dauerhafte Leistung.","breadcrumb":{"@id":"https:\/\/vapeenjoy.com\/product\/uzy-tornado-20000-puffs-disposable-vape\/#breadcrumb"},"inLanguage":"de","potentialAction":[{"@type":"ReadAction","target":["https:\/\/vapeenjoy.com\/product\/uzy-tornado-20000-puffs-disposable-vape\/"]}]},{"@type":"ImageObject","inLanguage":"de","@id":"https:\/\/vapeenjoy.com\/product\/uzy-tornado-20000-puffs-disposable-vape\/#primaryimage","url":"https:\/\/vapeenjoy.com\/wp-content\/uploads\/2025\/07\/UZY-Tornado-20000-Puffs-Watermelon-Ice.avif","contentUrl":"https:\/\/vapeenjoy.com\/wp-content\/uploads\/2025\/07\/UZY-Tornado-20000-Puffs-Watermelon-Ice.avif"},{"@type":"BreadcrumbList","@id":"https:\/\/vapeenjoy.com\/product\/uzy-tornado-20000-puffs-disposable-vape\/#breadcrumb","itemListElement":[{"@type":"ListItem","position":1,"name":"Home","item":"https:\/\/vapeenjoy.com\/"},{"@type":"ListItem","position":2,"name":"Shop","item":"https:\/\/vapeenjoy.com\/vapeenjoy-shop\/"},{"@type":"ListItem","position":3,"name":"UZY Tornado 20000 Puffs Disposable Vape 28ml 0-5% Nicotine Type-C Recharge"}]},{"@type":"WebSite","@id":"https:\/\/vapeenjoy.com\/#website","url":"https:\/\/vapeenjoy.com\/","name":"Vapeenfreude","description":"Ein Online-Shop f\u00fcr den Verkauf von Vapes","potentialAction":[{"@type":"SearchAction","target":{"@type":"EntryPoint","urlTemplate":"https:\/\/vapeenjoy.com\/?s={search_term_string}"},"query-input":{"@type":"PropertyValueSpecification","valueRequired":true,"valueName":"search_term_string"}}],"inLanguage":"de"}]}},"_links":{"self":[{"href":"https:\/\/vapeenjoy.com\/de\/wp-json\/wp\/v2\/product\/295","targetHints":{"allow":["GET"]}}],"collection":[{"href":"https:\/\/vapeenjoy.com\/de\/wp-json\/wp\/v2\/product"}],"about":[{"href":"https:\/\/vapeenjoy.com\/de\/wp-json\/wp\/v2\/types\/product"}],"replies":[{"embeddable":true,"href":"https:\/\/vapeenjoy.com\/de\/wp-json\/wp\/v2\/comments?post=295"}],"version-history":[{"count":2,"href":"https:\/\/vapeenjoy.com\/de\/wp-json\/wp\/v2\/product\/295\/revisions"}],"predecessor-version":[{"id":2368,"href":"https:\/\/vapeenjoy.com\/de\/wp-json\/wp\/v2\/product\/295\/revisions\/2368"}],"wp:featuredmedia":[{"embeddable":true,"href":"https:\/\/vapeenjoy.com\/de\/wp-json\/wp\/v2\/media\/305"}],"wp:attachment":[{"href":"https:\/\/vapeenjoy.com\/de\/wp-json\/wp\/v2\/media?parent=295"}],"wp:term":[{"taxonomy":"product_brand","embeddable":true,"href":"https:\/\/vapeenjoy.com\/de\/wp-json\/wp\/v2\/product_brand?post=295"},{"taxonomy":"product_cat","embeddable":true,"href":"https:\/\/vapeenjoy.com\/de\/wp-json\/wp\/v2\/product_cat?post=295"},{"taxonomy":"product_tag","embeddable":true,"href":"https:\/\/vapeenjoy.com\/de\/wp-json\/wp\/v2\/product_tag?post=295"}],"curies":[{"name":"WP","href":"https:\/\/api.w.org\/{rel}","templated":true}]}}