{"id":3091,"date":"2025-10-09T02:57:34","date_gmt":"2025-10-09T02:57:34","guid":{"rendered":"https:\/\/vapeenjoy.com\/?post_type=product&#038;p=3091"},"modified":"2026-01-17T03:18:36","modified_gmt":"2026-01-17T03:18:36","slug":"zooy-king-triple-80000-80k-puffs-3-in-1-flavors-disposable-vape-2-5-nicotine","status":"publish","type":"product","link":"https:\/\/vapeenjoy.com\/de\/produkt\/zooy-king-triple-80000-80k-puffs-3-in-1-aromen-einweg-vape-2-5-nikotin\/","title":{"rendered":"Zooy King Triple 80000 80k Puffs 3 in 1 Aromen Einweg Vape 2% 5% Nikotin"},"content":{"rendered":"<h2>Zooy King Triple 80000 80k Puffs Einweg Vape<\/h2>\n<p>Zooy ist bekannt f\u00fcr die Erstellung zuverl\u00e4ssiger und benutzerfreundlicher Vaping-Ger\u00e4te. Der King Triple 80000 bietet drei Geschmacksrichtungen in einem Vape, sodass Sie jederzeit mit Leichtigkeit den Geschmack wechseln k\u00f6nnen. Es liefert bis zu 80.000 Puffs, perfekt f\u00fcr den Langzeitgebrauch. Das schlanke, abgerundete Design liegt bequem in der Hand, w\u00e4hrend die leuchtenden Farben Ihnen helfen, jedes Geschmacksset schnell zu erkennen.<\/p>\n<h3>Produktspezifikationen<\/h3>\n<p><span style=\"font-size: 20px; font-weight: bold; color: black;\">\ud83d\udca8 Puff Count: 80.000 Puffs<\/span> \u2013 Langlebige Leistung mit einem Triple-Tank-System, das auch \u00fcber alle Tanks hinweg gew\u00e4hrleistet ist.<\/p>\n<p><span style=\"font-size: 20px; font-weight: bold; color: black;\">\ud83e\uddea E-Liquid Kapazit\u00e4t: 60 ml (20 ml pro Geschmack)<\/span> \u2013 Drei vorgef\u00fcllte Tanks bieten eine reibungslose und ausgewogene Nutzung.<\/p>\n<p><span style=\"font-size: 20px; font-weight: bold; color: black;\">\ud83d\udd0b Akku: 650mAh wiederaufladbar<\/span> \u2013 Schnell aufgeladen mit einem Typ-C-Kabel, das bis zur Verwendung des gesamten E-Liquids h\u00e4lt.<\/p>\n<p><span style=\"font-size: 20px; font-weight: bold; color: black;\">\u2699\ufe0f Spule: Triple-Mesh-Spulen (0,8 \u03a9)<\/span> \u2013 Bietet stabile Erw\u00e4rmung f\u00fcr reiche, glatte und geschmackvolle Wolken.<\/p>\n<p><span style=\"font-size: 20px; font-weight: bold; color: black;\">\ud83d\udcaa Nikotinst\u00e4rke: 2% oder 5%<\/span> \u2013 Zwei Nikotinwerte f\u00fcr Ihre bevorzugte Zufriedenheit.<\/p>\n<p><span style=\"font-size: 20px; font-weight: bold; color: black;\">\ud83d\udd0c Laden: Typ-C-Schnellladung<\/span> \u2013 Volle Ladung in weniger als einer Stunde f\u00fcr ununterbrochenes Dampfen.<\/p>\n<p><span style=\"font-size: 20px; font-weight: bold; color: black;\">\ud83d\udcdf Anzeige: Smart LED-Bildschirm<\/span> \u2013 Zeigt sowohl den Akku als auch den E-Liquid-Pegel an, um die \u00dcberwachung zu erleichtern.<\/p>\n<h3>9 Geschmackskombinationen<\/h3>\n<p><span style=\"font-size: 18px; font-weight: bold; color: #ff4500;\">1. Wassermeloneneis \u2022 Kirschkola \u2022 Erdbeerkiwi<\/span> \u2013 K\u00fchle Wassermelone, kohlens\u00e4urehaltige Cola und spritzige Erdbeer-Kiwi.<\/p>\n<p><span style=\"font-size: 18px; font-weight: bold; color: #ff4500;\">2 . Zitronenlimette \u2022 Erdbeerwassermelone \u2022 Blaubeereis<\/span> \u2013 Helle Zitrusfr\u00fcchte, saftige Erdbeer-Wassermelone und eisiges Blaubeer-Finish.<\/p>\n<p><span style=\"font-size: 18px; font-weight: bold; color: #ff4500;\">3. Erdbeer-Banane \u2022 Himbeerwassermelone \u2022 Zitronenlimette<\/span> \u2013 Cremige Erdbeer-Banane mit herben Beeren und pikanter Limette.<\/p>\n<p><span style=\"font-size: 18px; font-weight: bold; color: #ff4500;\">4. Erdbeerkiwi \u2022 Liebe 66 \u2022 Red Bull<\/span> \u2013 Fruchtig, exotisch und energetisierend \u2013 perfekt f\u00fcr den ganzen Tag.<\/p>\n<p><span style=\"font-size: 18px; font-weight: bold; color: #ff4500;\">5. Tropische Fr\u00fcchte \u2022 Erdbeerwassermelone \u2022 Erdbeer-Mango<\/span> \u2013 Eine s\u00fc\u00dfe tropische Mischung mit saftigen Erdbeeren.<\/p>\n<p><span style=\"font-size: 18px; font-weight: bold; color: #ff4500;\">6. Erdbeer-Himbeere \u2022 Kirschbeere \u2022 Grapemint<\/span> - K\u00fchne Beeren treffen auf eine erfrischende minzige Trauben-Twist.<\/p>\n<p><span style=\"font-size: 18px; font-weight: bold; color: #ff4500;\">7 . Wassermelone Eis \u2022 Erdbeereis \u2022 Dreifachmelone<\/span> \u2013 Eine cremige und gek\u00fchlte Mischung aus Melone und Erdbeere.<\/p>\n<p><span style=\"font-size: 18px; font-weight: bold; color: #ff4500;\">8. Kiwi-Passionsfrucht \u2022 Erdbeer-Banane \u2022 Blauer Razz<\/span> \u2013 spritzig, glatt und fruchtig mit einem Hauch von blauer Himbeere.<\/p>\n<p><span style=\"font-size: 18px; font-weight: bold; color: #ff4500;\">9. Gemischte Beere \u2022 Ananas-Mango-Pfirsich \u2022 Bananeneis<\/span> - Reiche gemischte Beeren gemischt mit tropischer S\u00fc\u00dfe und k\u00fchler Banane.<\/p>\n<h3>H\u00e4ufig gestellte Fragen<\/h3>\n<p>1. Was macht den Zooy King Triple 80000 besonders?<br \/>\nEs enth\u00e4lt drei Tanks f\u00fcr sofortige Geschmacksumschaltung - keine Notwendigkeit f\u00fcr mehrere Ger\u00e4te.<\/p>\n<p>2 drohen Wie lade ich es auf?<br \/>\nEinfach ein Typ-C-Kabel anschlie\u00dfen. Es wird in etwa 45 bis 60 Minuten aufgeladen.<\/p>\n<p>3. Kann ich es sofort verwenden?<br \/>\nJa. Es kommt vorgef\u00fcllt und bereit zum Dampfen.<\/p>\n<p>4. Wie \u00e4ndere ich die Aromen?<br \/>\nW\u00e4hlen Sie mit der Taste oder dem Schieberegler den gew\u00fcnschten Geschmack aus.<\/p>\n<p>5. Welchen Geschmack soll ich w\u00e4hlen?<br \/>\nWenn Sie fruchtige oder cremige Geschmacksrichtungen m\u00f6gen, w\u00e4hlen Sie eine Kombination aus, die Ihren Vorlieben entspricht - k\u00fchl, s\u00fc\u00df oder tropisch.<\/p>\n<p>6. Was ist, wenn zuerst ein Geschmack ausgeht?<br \/>\nDer LED-Bildschirm zeigt den F\u00fcllstand jedes Tanks, sodass Sie Ihre Nutzung leicht ausgleichen k\u00f6nnen.<\/p>\n<p>7 drohen Unterst\u00fctzt es MTL (Mund-zu-Lunge) Vaping?<br \/>\nJa. Die Triple-Mesh-Spulen sorgen f\u00fcr einen glatten MTL-Zieh und einen gro\u00dfartigen Hals.<\/p>","protected":false},"excerpt":{"rendered":"<p dir=\"ltr\" data-pm-slice=\"1 1 []\">Zooy stellt zuverl\u00e4ssige Dampfger\u00e4te f\u00fcr Erwachsene her, die Qualit\u00e4t und Vielseitigkeit suchen. Mit einem 3-in-1-Aromasystem liefert der Zooy King Triple 80000 80.000 Puffs mit einer 60-ml-E-Liquid-Kapazit\u00e4t. Dar\u00fcber hinaus sorgen der 850-mAh-Akku vom Typ C, die dreifachen 0,8-\u03a9-Mesh-Spulen und das 3-Farben-LGB-Licht f\u00fcr ein einheitliches Geschmacks- und lebhaftes Nutzen.<\/p>","protected":false},"featured_media":3095,"comment_status":"open","ping_status":"closed","template":"","meta":[],"product_brand":[46],"product_cat":[17],"product_tag":[],"class_list":{"0":"post-3091","1":"product","2":"type-product","3":"status-publish","4":"has-post-thumbnail","6":"product_brand-zooy-vape","7":"product_cat-80000-puffs-vape","9":"first","10":"instock","11":"sale","12":"shipping-taxable","13":"purchasable","14":"product-type-variable"},"yoast_head":"<!-- This site is optimized with the Yoast SEO plugin v25.7 - https:\/\/yoast.com\/wordpress\/plugins\/seo\/ -->\n<title>ZOOY King Triple 80000: 80K Puffs, 3-in-1 Flavors, Type-C<\/title>\n<meta name=\"description\" content=\"ZOOY King Triple 80000 offers 3-in-1 flavors, 80K puffs. Additionally, its 850mAh Type-C battery, triple 0.8\u03a9 coils, and LGB light ensure lasting usability.\" \/>\n<meta name=\"robots\" content=\"index, follow, max-snippet:-1, max-image-preview:large, max-video-preview:-1\" \/>\n<link rel=\"canonical\" href=\"https:\/\/vapeenjoy.com\/de\/produkt\/zooy-king-triple-80000-80k-puffs-3-in-1-aromen-einweg-vape-2-5-nikotin\/\" \/>\n<meta property=\"og:locale\" content=\"de_DE\" \/>\n<meta property=\"og:type\" content=\"article\" \/>\n<meta property=\"og:title\" content=\"ZOOY King Triple 80000: 80K Puffs, 3-in-1 Flavors, Type-C\" \/>\n<meta property=\"og:description\" content=\"ZOOY King Triple 80000 offers 3-in-1 flavors, 80K puffs. Additionally, its 850mAh Type-C battery, triple 0.8\u03a9 coils, and LGB light ensure lasting usability.\" \/>\n<meta property=\"og:url\" content=\"https:\/\/vapeenjoy.com\/de\/produkt\/zooy-king-triple-80000-80k-puffs-3-in-1-aromen-einweg-vape-2-5-nikotin\/\" \/>\n<meta property=\"og:site_name\" content=\"vapeenjoy\" \/>\n<meta property=\"article:modified_time\" content=\"2026-01-17T03:18:36+00:00\" \/>\n<meta property=\"og:image\" content=\"https:\/\/vapeenjoy.com\/wp-content\/uploads\/2025\/10\/06-2.avif\" \/>\n\t<meta property=\"og:image:width\" content=\"2000\" \/>\n\t<meta property=\"og:image:height\" content=\"2000\" \/>\n\t<meta property=\"og:image:type\" content=\"image\/webp\" \/>\n<meta name=\"twitter:card\" content=\"summary_large_image\" \/>\n<meta name=\"twitter:label1\" content=\"Gesch\u00e4tzte Lesezeit\" \/>\n\t<meta name=\"twitter:data1\" content=\"3\u00a0Minuten\" \/>\n<script type=\"application\/ld+json\" class=\"yoast-schema-graph\">{\"@context\":\"https:\/\/schema.org\",\"@graph\":[{\"@type\":\"WebPage\",\"@id\":\"https:\/\/vapeenjoy.com\/product\/zooy-king-triple-80000-80k-puffs-3-in-1-flavors-disposable-vape-2-5-nicotine\/\",\"url\":\"https:\/\/vapeenjoy.com\/product\/zooy-king-triple-80000-80k-puffs-3-in-1-flavors-disposable-vape-2-5-nicotine\/\",\"name\":\"ZOOY King Triple 80000: 80K Puffs, 3-in-1 Flavors, Type-C\",\"isPartOf\":{\"@id\":\"https:\/\/vapeenjoy.com\/#website\"},\"primaryImageOfPage\":{\"@id\":\"https:\/\/vapeenjoy.com\/product\/zooy-king-triple-80000-80k-puffs-3-in-1-flavors-disposable-vape-2-5-nicotine\/#primaryimage\"},\"image\":{\"@id\":\"https:\/\/vapeenjoy.com\/product\/zooy-king-triple-80000-80k-puffs-3-in-1-flavors-disposable-vape-2-5-nicotine\/#primaryimage\"},\"thumbnailUrl\":\"https:\/\/vapeenjoy.com\/wp-content\/uploads\/2025\/10\/06-2.avif\",\"datePublished\":\"2025-10-09T02:57:34+00:00\",\"dateModified\":\"2026-01-17T03:18:36+00:00\",\"description\":\"ZOOY King Triple 80000 offers 3-in-1 flavors, 80K puffs. Additionally, its 850mAh Type-C battery, triple 0.8\u03a9 coils, and LGB light ensure lasting usability.\",\"breadcrumb\":{\"@id\":\"https:\/\/vapeenjoy.com\/product\/zooy-king-triple-80000-80k-puffs-3-in-1-flavors-disposable-vape-2-5-nicotine\/#breadcrumb\"},\"inLanguage\":\"de\",\"potentialAction\":[{\"@type\":\"ReadAction\",\"target\":[\"https:\/\/vapeenjoy.com\/product\/zooy-king-triple-80000-80k-puffs-3-in-1-flavors-disposable-vape-2-5-nicotine\/\"]}]},{\"@type\":\"ImageObject\",\"inLanguage\":\"de\",\"@id\":\"https:\/\/vapeenjoy.com\/product\/zooy-king-triple-80000-80k-puffs-3-in-1-flavors-disposable-vape-2-5-nicotine\/#primaryimage\",\"url\":\"https:\/\/vapeenjoy.com\/wp-content\/uploads\/2025\/10\/06-2.avif\",\"contentUrl\":\"https:\/\/vapeenjoy.com\/wp-content\/uploads\/2025\/10\/06-2.avif\",\"width\":2000,\"height\":2000,\"caption\":\"ZOOY King Triple 80000 Puffs 3 In 1 Flavors Disposable Vape 2% 5% Nicotine\"},{\"@type\":\"BreadcrumbList\",\"@id\":\"https:\/\/vapeenjoy.com\/product\/zooy-king-triple-80000-80k-puffs-3-in-1-flavors-disposable-vape-2-5-nicotine\/#breadcrumb\",\"itemListElement\":[{\"@type\":\"ListItem\",\"position\":1,\"name\":\"Home\",\"item\":\"https:\/\/vapeenjoy.com\/\"},{\"@type\":\"ListItem\",\"position\":2,\"name\":\"Shop\",\"item\":\"https:\/\/vapeenjoy.com\/vapeenjoy-shop\/\"},{\"@type\":\"ListItem\",\"position\":3,\"name\":\"ZOOY King Triple 80000 80K Puffs 3 In 1 Flavors Disposable Vape 2% 5% Nicotine\"}]},{\"@type\":\"WebSite\",\"@id\":\"https:\/\/vapeenjoy.com\/#website\",\"url\":\"https:\/\/vapeenjoy.com\/\",\"name\":\"vapeenjoy\",\"description\":\"An online store for selling vapes\",\"potentialAction\":[{\"@type\":\"SearchAction\",\"target\":{\"@type\":\"EntryPoint\",\"urlTemplate\":\"https:\/\/vapeenjoy.com\/?s={search_term_string}\"},\"query-input\":{\"@type\":\"PropertyValueSpecification\",\"valueRequired\":true,\"valueName\":\"search_term_string\"}}],\"inLanguage\":\"de\"}]}<\/script>\n<!-- \/ Yoast SEO plugin. -->","yoast_head_json":{"title":"Zooy King Triple 80000: 80k Puffs, 3-in-1-Aromen, Typ-C","description":"Zooy King Triple 80000 bietet 3-in-1-Geschmacksrichtungen, 80k Puffs. Dar\u00fcber hinaus sorgen die 850-mAh-Typ-C-Batterie, die dreifachen 0,8-\u03a9-Spulen und die LGB-Licht f\u00fcr dauerhafte Benutzerfreundlichkeit.","robots":{"index":"index","follow":"follow","max-snippet":"max-snippet:-1","max-image-preview":"max-image-preview:large","max-video-preview":"max-video-preview:-1"},"canonical":"https:\/\/vapeenjoy.com\/de\/produkt\/zooy-king-triple-80000-80k-puffs-3-in-1-aromen-einweg-vape-2-5-nikotin\/","og_locale":"de_DE","og_type":"article","og_title":"ZOOY King Triple 80000: 80K Puffs, 3-in-1 Flavors, Type-C","og_description":"ZOOY King Triple 80000 offers 3-in-1 flavors, 80K puffs. Additionally, its 850mAh Type-C battery, triple 0.8\u03a9 coils, and LGB light ensure lasting usability.","og_url":"https:\/\/vapeenjoy.com\/de\/produkt\/zooy-king-triple-80000-80k-puffs-3-in-1-aromen-einweg-vape-2-5-nikotin\/","og_site_name":"vapeenjoy","article_modified_time":"2026-01-17T03:18:36+00:00","og_image":[{"width":2000,"height":2000,"url":"https:\/\/vapeenjoy.com\/wp-content\/uploads\/2025\/10\/06-2.avif","type":"image\/webp"}],"twitter_card":"summary_large_image","twitter_misc":{"Gesch\u00e4tzte Lesezeit":"3\u00a0Minuten"},"schema":{"@context":"https:\/\/schema.org","@graph":[{"@type":"WebPage","@id":"https:\/\/vapeenjoy.com\/product\/zooy-king-triple-80000-80k-puffs-3-in-1-flavors-disposable-vape-2-5-nicotine\/","url":"https:\/\/vapeenjoy.com\/product\/zooy-king-triple-80000-80k-puffs-3-in-1-flavors-disposable-vape-2-5-nicotine\/","name":"Zooy King Triple 80000: 80k Puffs, 3-in-1-Aromen, Typ-C","isPartOf":{"@id":"https:\/\/vapeenjoy.com\/#website"},"primaryImageOfPage":{"@id":"https:\/\/vapeenjoy.com\/product\/zooy-king-triple-80000-80k-puffs-3-in-1-flavors-disposable-vape-2-5-nicotine\/#primaryimage"},"image":{"@id":"https:\/\/vapeenjoy.com\/product\/zooy-king-triple-80000-80k-puffs-3-in-1-flavors-disposable-vape-2-5-nicotine\/#primaryimage"},"thumbnailUrl":"https:\/\/vapeenjoy.com\/wp-content\/uploads\/2025\/10\/06-2.avif","datePublished":"2025-10-09T02:57:34+00:00","dateModified":"2026-01-17T03:18:36+00:00","description":"Zooy King Triple 80000 bietet 3-in-1-Geschmacksrichtungen, 80k Puffs. Dar\u00fcber hinaus sorgen die 850-mAh-Typ-C-Batterie, die dreifachen 0,8-\u03a9-Spulen und die LGB-Licht f\u00fcr dauerhafte Benutzerfreundlichkeit.","breadcrumb":{"@id":"https:\/\/vapeenjoy.com\/product\/zooy-king-triple-80000-80k-puffs-3-in-1-flavors-disposable-vape-2-5-nicotine\/#breadcrumb"},"inLanguage":"de","potentialAction":[{"@type":"ReadAction","target":["https:\/\/vapeenjoy.com\/product\/zooy-king-triple-80000-80k-puffs-3-in-1-flavors-disposable-vape-2-5-nicotine\/"]}]},{"@type":"ImageObject","inLanguage":"de","@id":"https:\/\/vapeenjoy.com\/product\/zooy-king-triple-80000-80k-puffs-3-in-1-flavors-disposable-vape-2-5-nicotine\/#primaryimage","url":"https:\/\/vapeenjoy.com\/wp-content\/uploads\/2025\/10\/06-2.avif","contentUrl":"https:\/\/vapeenjoy.com\/wp-content\/uploads\/2025\/10\/06-2.avif","width":2000,"height":2000,"caption":"ZOOY King Triple 80000 Puffs 3 In 1 Flavors Disposable Vape 2% 5% Nicotine"},{"@type":"BreadcrumbList","@id":"https:\/\/vapeenjoy.com\/product\/zooy-king-triple-80000-80k-puffs-3-in-1-flavors-disposable-vape-2-5-nicotine\/#breadcrumb","itemListElement":[{"@type":"ListItem","position":1,"name":"Home","item":"https:\/\/vapeenjoy.com\/"},{"@type":"ListItem","position":2,"name":"Shop","item":"https:\/\/vapeenjoy.com\/vapeenjoy-shop\/"},{"@type":"ListItem","position":3,"name":"ZOOY King Triple 80000 80K Puffs 3 In 1 Flavors Disposable Vape 2% 5% Nicotine"}]},{"@type":"WebSite","@id":"https:\/\/vapeenjoy.com\/#website","url":"https:\/\/vapeenjoy.com\/","name":"Vapeenfreude","description":"Ein Online-Shop f\u00fcr den Verkauf von Vapes","potentialAction":[{"@type":"SearchAction","target":{"@type":"EntryPoint","urlTemplate":"https:\/\/vapeenjoy.com\/?s={search_term_string}"},"query-input":{"@type":"PropertyValueSpecification","valueRequired":true,"valueName":"search_term_string"}}],"inLanguage":"de"}]}},"_links":{"self":[{"href":"https:\/\/vapeenjoy.com\/de\/wp-json\/wp\/v2\/product\/3091","targetHints":{"allow":["GET"]}}],"collection":[{"href":"https:\/\/vapeenjoy.com\/de\/wp-json\/wp\/v2\/product"}],"about":[{"href":"https:\/\/vapeenjoy.com\/de\/wp-json\/wp\/v2\/types\/product"}],"replies":[{"embeddable":true,"href":"https:\/\/vapeenjoy.com\/de\/wp-json\/wp\/v2\/comments?post=3091"}],"version-history":[{"count":2,"href":"https:\/\/vapeenjoy.com\/de\/wp-json\/wp\/v2\/product\/3091\/revisions"}],"predecessor-version":[{"id":3113,"href":"https:\/\/vapeenjoy.com\/de\/wp-json\/wp\/v2\/product\/3091\/revisions\/3113"}],"wp:featuredmedia":[{"embeddable":true,"href":"https:\/\/vapeenjoy.com\/de\/wp-json\/wp\/v2\/media\/3095"}],"wp:attachment":[{"href":"https:\/\/vapeenjoy.com\/de\/wp-json\/wp\/v2\/media?parent=3091"}],"wp:term":[{"taxonomy":"product_brand","embeddable":true,"href":"https:\/\/vapeenjoy.com\/de\/wp-json\/wp\/v2\/product_brand?post=3091"},{"taxonomy":"product_cat","embeddable":true,"href":"https:\/\/vapeenjoy.com\/de\/wp-json\/wp\/v2\/product_cat?post=3091"},{"taxonomy":"product_tag","embeddable":true,"href":"https:\/\/vapeenjoy.com\/de\/wp-json\/wp\/v2\/product_tag?post=3091"}],"curies":[{"name":"WP","href":"https:\/\/api.w.org\/{rel}","templated":true}]}}