{"id":337,"date":"2025-07-21T10:05:52","date_gmt":"2025-07-21T10:05:52","guid":{"rendered":"https:\/\/vapeenjoy.com\/?post_type=product&#038;p=337"},"modified":"2025-08-26T06:52:57","modified_gmt":"2025-08-26T06:52:57","slug":"uzy-bar-8000-puffs-disposable-vape-14ml-0-5-nicotine-rgb-light","status":"publish","type":"product","link":"https:\/\/vapeenjoy.com\/de\/produkt\/uzy-bar-8000-puffs-einweg-vape-14ml-0-5-nikotin-rgb-light\/","title":{"rendered":"Uzy Bar 8000 Puffs Einweg Vape 14ml 0-5% Nikotin RGB Light 1100mAh Akku"},"content":{"rendered":"<h2 dir=\"ltr\" data-pm-slice=\"1 3 []\">Uzy Bar 8000 Puffs Einweg Vape Produktbeschreibung<\/h2>\n<p dir=\"ltr\">Uzy stellt hochwertige Einweg-Vaping-Ger\u00e4te her, um Komfort und hervorragenden Geschmack zu erzielen. Der UZY Bar 8000 Puffs Einwegvape ist beispielsweise ideal f\u00fcr Dampfer, die eine langlebige, einfach zu bedienende Option suchen. Dar\u00fcber hinaus sorgen das schlanke Design und die lebendige Verlaufsoberfl\u00e4che f\u00fcr Tragbarkeit und Stil. Es liegt bequem in der Hand. Besuchen Sie Vape Enjoy, um mehr zu erfahren.<\/p>\n<h2 dir=\"ltr\">Uzy Bar 8000 Puffs Einweg-Vape-Spezifikationen<\/h2>\n<ul class=\"tight\" dir=\"ltr\" data-tight=\"true\">\n<li>\n<p dir=\"ltr\"><strong>Puff Count: 8000<\/strong> \u2013 Erstens bietet es bis zu 8000 Z\u00fcge, so dass es ohne Ersatz l\u00e4nger h\u00e4lt.<\/p>\n<\/li>\n<li>\n<p dir=\"ltr\"><strong>E-Liquid-Kapazit\u00e4t: 14 ml<\/strong> \u2013 Au\u00dferdem hat es 14 ml Nikotinsalz E-Liquid f\u00fcr sanfte Ziehungen.<\/p>\n<\/li>\n<li>\n<p dir=\"ltr\"><strong>Nikotinst\u00e4rke: 0%, 2%, 3%, 5%<\/strong> \u2013 Dar\u00fcber hinaus bietet es anpassbare Nikotinwerte f\u00fcr alle Pr\u00e4ferenzen.<\/p>\n<\/li>\n<li>\n<p dir=\"ltr\"><strong>Batteriekapazit\u00e4t: 1100mAh<\/strong> \u2013 Zus\u00e4tzlich sorgt der Akku f\u00fcr zuverl\u00e4ssige Leistung.<\/p>\n<\/li>\n<li>\n<p dir=\"ltr\"><strong>Spulentyp: 1,2 Ohm Mesh-Spule<\/strong> \u2013 Als Ergebnis liefert es einen konsistenten, reinen Geschmack.<\/p>\n<\/li>\n<li>\n<p dir=\"ltr\"><strong>Ladeanschluss: Typ-C<\/strong> \u2013 Au\u00dferdem unterst\u00fctzt es eine schnelle Nachladung, um Ausfallzeiten zu reduzieren.<\/p>\n<\/li>\n<li>\n<p dir=\"ltr\"><strong>Aktivierung: gezogen aktiviert<\/strong> \u2013 So ist es tastenfrei und sofort einsatzbereit.<\/p>\n<\/li>\n<li>\n<p dir=\"ltr\"><strong>RGB-Licht<\/strong> \u2013 Schlie\u00dflich sorgt ein dynamisches RGB-Licht f\u00fcr optisches Flair.<\/p>\n<\/li>\n<\/ul>\n<h2 dir=\"ltr\">10 Geschmacksoptionen f\u00fcr jeden Gaumen<\/h2>\n<ol class=\"tight\" dir=\"ltr\" data-tight=\"true\">\n<li>\n<p dir=\"ltr\"><strong>Erdbeereis<\/strong> \u2013 Zu Beginn mischt er reife Erdbeeren mit k\u00fchlem Menthol.<\/p>\n<\/li>\n<li>\n<p dir=\"ltr\"><strong>Kiwi-Passionsfrucht-Guave<\/strong> \u2013 Als n\u00e4chstes spritzige Kiwi, Passionsfrucht und Guave Mix f\u00fcr einen tropischen Geschmack.<\/p>\n<\/li>\n<li>\n<p dir=\"ltr\"><strong>Traubeneis<\/strong> \u2013 Auch kr\u00e4ftige Traubenpaare mit einem knackigen, eisigen Abgang.<\/p>\n<\/li>\n<li>\n<p dir=\"ltr\"><strong>Cola-Eis<\/strong> \u2013 Ebenso trifft klassische Cola auf k\u00fchles Menthol.<\/p>\n<\/li>\n<li>\n<p dir=\"ltr\"><strong>Blaubeere Himbeereis<\/strong> \u2013 Au\u00dferdem haben herbe Heidelbeeren und Himbeeren einen k\u00fchlen Unterton.<\/p>\n<\/li>\n<li>\n<p dir=\"ltr\"><strong>Erdbeer-Wassermelone<\/strong> \u2013 S\u00fc\u00dfe Erdbeeren und Wassermelone sorgen zudem f\u00fcr einen fruchtigen Dampf.<\/p>\n<\/li>\n<li>\n<p dir=\"ltr\"><strong>Pfirsich-Mango-Ananas<\/strong> - Ebenso verschmelzen Pfirsich, Mango und Ananas f\u00fcr einen mutigen Geschmack.<\/p>\n<\/li>\n<li>\n<p dir=\"ltr\"><strong>gemischte Beeren<\/strong> \u2013 Verschiedene Beeren bieten dagegen ein reichhaltiges Fruchtprofil.<\/p>\n<\/li>\n<li>\n<p dir=\"ltr\"><strong>Wassermeloneneis<\/strong> \u2013 Zus\u00e4tzlich kommt die knackige Wassermelone mit einem Menthol-Kick.<\/p>\n<\/li>\n<li>\n<p dir=\"ltr\"><strong>Blaubeere auf Eis<\/strong> - Zuletzt treffen s\u00fc\u00dfe Blaubeeren auf frostiges Menthol.<\/p>\n<\/li>\n<\/ol>\n<h2 dir=\"ltr\">H\u00e4ufig gestellte Fragen<\/h2>\n<ol dir=\"ltr\">\n<li>\n<p dir=\"ltr\"><strong>Was ist der Uzy Bar 8000 Puffs Einwegvape?<\/strong><br \/>\nZur Verdeutlichung ist es ein praktischer Einweg-Vape mit 8000 Z\u00fcgen, 14 ml E-Liquid und anpassbarem Nikotin. \u00dcberpr\u00fcfen Sie es bei Vape genie\u00dfen.<\/p>\n<\/li>\n<li>\n<p dir=\"ltr\"><strong>Ist der Uzy Bar 8000 wiederaufladbar?<\/strong><br \/>\nJa, der 1100-mAh-Akku und der Typ-C-Anschluss erm\u00f6glichen ein schnelles Aufladen.<\/p>\n<\/li>\n<li>\n<p dir=\"ltr\"><strong>Wie w\u00e4hle ich den richtigen Geschmack?<\/strong><br \/>\nW\u00e4hlen Sie zum Beispiel fruchtige Mischungen wie Kiwi Passionsfrucht Guave f\u00fcr eine tropische Atmosph\u00e4re oder eisige Optionen wie Erdbeereis zur Erfrischung. Probieren Sie eine Vielfalt bei Vape Enjoy.<\/p>\n<\/li>\n<li>\n<p dir=\"ltr\"><strong>Welche Nikotinst\u00e4rken sind verf\u00fcgbar?<\/strong><br \/>\nInsbesondere bietet es 0%, 2%, 3% und 5% Nikotin nach Ihren W\u00fcnschen.<\/p>\n<\/li>\n<li>\n<p dir=\"ltr\"><strong>Wie lange h\u00e4lt die Uzy Bar 8000?<\/strong><br \/>\nIm Allgemeinen sind es 8000 Puffs und 14 ml E-Liquid in den letzten Tagen bis Wochen, basierend auf der Verwendung.<\/p>\n<\/li>\n<li>\n<p dir=\"ltr\"><strong>Ben\u00f6tigt der UZY Bar 8000 Wartung?<\/strong><br \/>\nTats\u00e4chlich ist es gezogen und vorgef\u00fcllt, sodass keine Wartung erforderlich ist.<\/p>\n<\/li>\n<li>\n<p dir=\"ltr\"><strong>Was ist der Zweck des RGB-Lichts?<\/strong><br \/>\nSchlie\u00dflich verbessert das RGB-Licht die \u00c4sthetik des Ger\u00e4ts w\u00e4hrend des Gebrauchs.<\/p>\n<\/li>\n<\/ol>\n<p><img fetchpriority=\"high\" decoding=\"async\" class=\"alignnone wp-image-347 size-full\" src=\"https:\/\/vapeenjoy.com\/wp-content\/uploads\/2025\/07\/UZY-BAR-8000-Puffs-Flavor.png\" alt=\"Uzy Bar 8000 Puffs Einwegvape-Aromen\" width=\"1000\" height=\"800\" srcset=\"https:\/\/vapeenjoy.com\/wp-content\/uploads\/2025\/07\/UZY-BAR-8000-Puffs-Flavor.png 1000w, https:\/\/vapeenjoy.com\/wp-content\/uploads\/2025\/07\/UZY-BAR-8000-Puffs-Flavor-150x120.png 150w, https:\/\/vapeenjoy.com\/wp-content\/uploads\/2025\/07\/UZY-BAR-8000-Puffs-Flavor-600x480.png 600w, https:\/\/vapeenjoy.com\/wp-content\/uploads\/2025\/07\/UZY-BAR-8000-Puffs-Flavor-300x240.png 300w, https:\/\/vapeenjoy.com\/wp-content\/uploads\/2025\/07\/UZY-BAR-8000-Puffs-Flavor-768x614.png 768w\" sizes=\"(max-width: 1000px) 100vw, 1000px\" \/><\/p>","protected":false},"excerpt":{"rendered":"<p dir=\"auto\">UZY liefert hochwertige Einweg-Vaping-Ger\u00e4te f\u00fcr Komfort und Geschmack. Der Uzy Bar 8000 Puffs Einwegvape bietet ein elegantes Design, eine 14-ml-E-Liquid-Kapazit\u00e4t, bis zu 8000 Puffs, 0-51-tp3t-Nikotin-Optionen und einen 1100-mAh-Akku mit USB-Typ-C-Aufladung f\u00fcr dauerhafte Leistung.<\/p>","protected":false},"featured_media":340,"comment_status":"open","ping_status":"closed","template":"","meta":[],"product_brand":[38],"product_cat":[40],"product_tag":[64,90],"class_list":{"0":"post-337","1":"product","2":"type-product","3":"status-publish","4":"has-post-thumbnail","6":"product_brand-uzy-vape","7":"product_cat-8k-pufffs-vape","8":"product_tag-0-5-nicotine","9":"product_tag-14ml","11":"first","12":"instock","13":"sale","14":"shipping-taxable","15":"purchasable","16":"product-type-variable"},"yoast_head":"<!-- This site is optimized with the Yoast SEO plugin v25.7 - https:\/\/yoast.com\/wordpress\/plugins\/seo\/ -->\n<title>UZY Bar 8000 Puffs Disposable Vape 14ml e-liquid 0-5% Nicotine<\/title>\n<meta name=\"description\" content=\"UZY Bar 8000 Puffs Disposable Vape: 14ml, 0-5% nicotine, RGB light, 1100mAh battery. 10 bold flavors for lasting performance. Shop now!\" \/>\n<meta name=\"robots\" content=\"index, follow, max-snippet:-1, max-image-preview:large, max-video-preview:-1\" \/>\n<link rel=\"canonical\" href=\"https:\/\/vapeenjoy.com\/de\/produkt\/uzy-bar-8000-puffs-einweg-vape-14ml-0-5-nikotin-rgb-light\/\" \/>\n<meta property=\"og:locale\" content=\"de_DE\" \/>\n<meta property=\"og:type\" content=\"article\" \/>\n<meta property=\"og:title\" content=\"UZY Bar 8000 Puffs Disposable Vape 14ml e-liquid 0-5% Nicotine\" \/>\n<meta property=\"og:description\" content=\"UZY Bar 8000 Puffs Disposable Vape: 14ml, 0-5% nicotine, RGB light, 1100mAh battery. 10 bold flavors for lasting performance. Shop now!\" \/>\n<meta property=\"og:url\" content=\"https:\/\/vapeenjoy.com\/de\/produkt\/uzy-bar-8000-puffs-einweg-vape-14ml-0-5-nikotin-rgb-light\/\" \/>\n<meta property=\"og:site_name\" content=\"vapeenjoy\" \/>\n<meta property=\"article:modified_time\" content=\"2025-08-26T06:52:57+00:00\" \/>\n<meta property=\"og:image\" content=\"https:\/\/vapeenjoy.com\/wp-content\/uploads\/2025\/07\/UZY_BAR_8000puffs_06.jpg\" \/>\n\t<meta property=\"og:image:width\" content=\"1600\" \/>\n\t<meta property=\"og:image:height\" content=\"1600\" \/>\n\t<meta property=\"og:image:type\" content=\"image\/jpeg\" \/>\n<meta name=\"twitter:card\" content=\"summary_large_image\" \/>\n<meta name=\"twitter:label1\" content=\"Gesch\u00e4tzte Lesezeit\" \/>\n\t<meta name=\"twitter:data1\" content=\"3\u00a0Minuten\" \/>\n<script type=\"application\/ld+json\" class=\"yoast-schema-graph\">{\"@context\":\"https:\/\/schema.org\",\"@graph\":[{\"@type\":\"WebPage\",\"@id\":\"https:\/\/vapeenjoy.com\/product\/uzy-bar-8000-puffs-disposable-vape-14ml-0-5-nicotine-rgb-light\/\",\"url\":\"https:\/\/vapeenjoy.com\/product\/uzy-bar-8000-puffs-disposable-vape-14ml-0-5-nicotine-rgb-light\/\",\"name\":\"UZY Bar 8000 Puffs Disposable Vape 14ml e-liquid 0-5% Nicotine\",\"isPartOf\":{\"@id\":\"https:\/\/vapeenjoy.com\/#website\"},\"primaryImageOfPage\":{\"@id\":\"https:\/\/vapeenjoy.com\/product\/uzy-bar-8000-puffs-disposable-vape-14ml-0-5-nicotine-rgb-light\/#primaryimage\"},\"image\":{\"@id\":\"https:\/\/vapeenjoy.com\/product\/uzy-bar-8000-puffs-disposable-vape-14ml-0-5-nicotine-rgb-light\/#primaryimage\"},\"thumbnailUrl\":\"https:\/\/vapeenjoy.com\/wp-content\/uploads\/2025\/07\/UZY_BAR_8000puffs_06.jpg\",\"datePublished\":\"2025-07-21T10:05:52+00:00\",\"dateModified\":\"2025-08-26T06:52:57+00:00\",\"description\":\"UZY Bar 8000 Puffs Disposable Vape: 14ml, 0-5% nicotine, RGB light, 1100mAh battery. 10 bold flavors for lasting performance. Shop now!\",\"breadcrumb\":{\"@id\":\"https:\/\/vapeenjoy.com\/product\/uzy-bar-8000-puffs-disposable-vape-14ml-0-5-nicotine-rgb-light\/#breadcrumb\"},\"inLanguage\":\"de\",\"potentialAction\":[{\"@type\":\"ReadAction\",\"target\":[\"https:\/\/vapeenjoy.com\/product\/uzy-bar-8000-puffs-disposable-vape-14ml-0-5-nicotine-rgb-light\/\"]}]},{\"@type\":\"ImageObject\",\"inLanguage\":\"de\",\"@id\":\"https:\/\/vapeenjoy.com\/product\/uzy-bar-8000-puffs-disposable-vape-14ml-0-5-nicotine-rgb-light\/#primaryimage\",\"url\":\"https:\/\/vapeenjoy.com\/wp-content\/uploads\/2025\/07\/UZY_BAR_8000puffs_06.jpg\",\"contentUrl\":\"https:\/\/vapeenjoy.com\/wp-content\/uploads\/2025\/07\/UZY_BAR_8000puffs_06.jpg\",\"width\":1600,\"height\":1600},{\"@type\":\"BreadcrumbList\",\"@id\":\"https:\/\/vapeenjoy.com\/product\/uzy-bar-8000-puffs-disposable-vape-14ml-0-5-nicotine-rgb-light\/#breadcrumb\",\"itemListElement\":[{\"@type\":\"ListItem\",\"position\":1,\"name\":\"Home\",\"item\":\"https:\/\/vapeenjoy.com\/\"},{\"@type\":\"ListItem\",\"position\":2,\"name\":\"Shop\",\"item\":\"https:\/\/vapeenjoy.com\/vapeenjoy-shop\/\"},{\"@type\":\"ListItem\",\"position\":3,\"name\":\"UZY Bar 8000 Puffs Disposable Vape 14ml 0-5% Nicotine RGB Light 1100mAh Battery\"}]},{\"@type\":\"WebSite\",\"@id\":\"https:\/\/vapeenjoy.com\/#website\",\"url\":\"https:\/\/vapeenjoy.com\/\",\"name\":\"vapeenjoy\",\"description\":\"An online store for selling vapes\",\"potentialAction\":[{\"@type\":\"SearchAction\",\"target\":{\"@type\":\"EntryPoint\",\"urlTemplate\":\"https:\/\/vapeenjoy.com\/?s={search_term_string}\"},\"query-input\":{\"@type\":\"PropertyValueSpecification\",\"valueRequired\":true,\"valueName\":\"search_term_string\"}}],\"inLanguage\":\"de\"}]}<\/script>\n<!-- \/ Yoast SEO plugin. -->","yoast_head_json":{"title":"Uzy Bar 8000 Puffs Einweg Vape 14ml E-Liquid 0-5% Nikotin","description":"Uzy Bar 8000 Puffs Einweg Vape: 14 ml, 0-5% Nikotin, RGB-Licht, 1100mAh Akku. 10 k\u00fchne Aromen f\u00fcr dauerhafte Leistung. Jetzt einkaufen!","robots":{"index":"index","follow":"follow","max-snippet":"max-snippet:-1","max-image-preview":"max-image-preview:large","max-video-preview":"max-video-preview:-1"},"canonical":"https:\/\/vapeenjoy.com\/de\/produkt\/uzy-bar-8000-puffs-einweg-vape-14ml-0-5-nikotin-rgb-light\/","og_locale":"de_DE","og_type":"article","og_title":"UZY Bar 8000 Puffs Disposable Vape 14ml e-liquid 0-5% Nicotine","og_description":"UZY Bar 8000 Puffs Disposable Vape: 14ml, 0-5% nicotine, RGB light, 1100mAh battery. 10 bold flavors for lasting performance. Shop now!","og_url":"https:\/\/vapeenjoy.com\/de\/produkt\/uzy-bar-8000-puffs-einweg-vape-14ml-0-5-nikotin-rgb-light\/","og_site_name":"vapeenjoy","article_modified_time":"2025-08-26T06:52:57+00:00","og_image":[{"width":1600,"height":1600,"url":"https:\/\/vapeenjoy.com\/wp-content\/uploads\/2025\/07\/UZY_BAR_8000puffs_06.jpg","type":"image\/jpeg"}],"twitter_card":"summary_large_image","twitter_misc":{"Gesch\u00e4tzte Lesezeit":"3\u00a0Minuten"},"schema":{"@context":"https:\/\/schema.org","@graph":[{"@type":"WebPage","@id":"https:\/\/vapeenjoy.com\/product\/uzy-bar-8000-puffs-disposable-vape-14ml-0-5-nicotine-rgb-light\/","url":"https:\/\/vapeenjoy.com\/product\/uzy-bar-8000-puffs-disposable-vape-14ml-0-5-nicotine-rgb-light\/","name":"Uzy Bar 8000 Puffs Einweg Vape 14ml E-Liquid 0-5% Nikotin","isPartOf":{"@id":"https:\/\/vapeenjoy.com\/#website"},"primaryImageOfPage":{"@id":"https:\/\/vapeenjoy.com\/product\/uzy-bar-8000-puffs-disposable-vape-14ml-0-5-nicotine-rgb-light\/#primaryimage"},"image":{"@id":"https:\/\/vapeenjoy.com\/product\/uzy-bar-8000-puffs-disposable-vape-14ml-0-5-nicotine-rgb-light\/#primaryimage"},"thumbnailUrl":"https:\/\/vapeenjoy.com\/wp-content\/uploads\/2025\/07\/UZY_BAR_8000puffs_06.jpg","datePublished":"2025-07-21T10:05:52+00:00","dateModified":"2025-08-26T06:52:57+00:00","description":"Uzy Bar 8000 Puffs Einweg Vape: 14 ml, 0-5% Nikotin, RGB-Licht, 1100mAh Akku. 10 k\u00fchne Aromen f\u00fcr dauerhafte Leistung. Jetzt einkaufen!","breadcrumb":{"@id":"https:\/\/vapeenjoy.com\/product\/uzy-bar-8000-puffs-disposable-vape-14ml-0-5-nicotine-rgb-light\/#breadcrumb"},"inLanguage":"de","potentialAction":[{"@type":"ReadAction","target":["https:\/\/vapeenjoy.com\/product\/uzy-bar-8000-puffs-disposable-vape-14ml-0-5-nicotine-rgb-light\/"]}]},{"@type":"ImageObject","inLanguage":"de","@id":"https:\/\/vapeenjoy.com\/product\/uzy-bar-8000-puffs-disposable-vape-14ml-0-5-nicotine-rgb-light\/#primaryimage","url":"https:\/\/vapeenjoy.com\/wp-content\/uploads\/2025\/07\/UZY_BAR_8000puffs_06.jpg","contentUrl":"https:\/\/vapeenjoy.com\/wp-content\/uploads\/2025\/07\/UZY_BAR_8000puffs_06.jpg","width":1600,"height":1600},{"@type":"BreadcrumbList","@id":"https:\/\/vapeenjoy.com\/product\/uzy-bar-8000-puffs-disposable-vape-14ml-0-5-nicotine-rgb-light\/#breadcrumb","itemListElement":[{"@type":"ListItem","position":1,"name":"Home","item":"https:\/\/vapeenjoy.com\/"},{"@type":"ListItem","position":2,"name":"Shop","item":"https:\/\/vapeenjoy.com\/vapeenjoy-shop\/"},{"@type":"ListItem","position":3,"name":"UZY Bar 8000 Puffs Disposable Vape 14ml 0-5% Nicotine RGB Light 1100mAh Battery"}]},{"@type":"WebSite","@id":"https:\/\/vapeenjoy.com\/#website","url":"https:\/\/vapeenjoy.com\/","name":"Vapeenfreude","description":"Ein Online-Shop f\u00fcr den Verkauf von Vapes","potentialAction":[{"@type":"SearchAction","target":{"@type":"EntryPoint","urlTemplate":"https:\/\/vapeenjoy.com\/?s={search_term_string}"},"query-input":{"@type":"PropertyValueSpecification","valueRequired":true,"valueName":"search_term_string"}}],"inLanguage":"de"}]}},"_links":{"self":[{"href":"https:\/\/vapeenjoy.com\/de\/wp-json\/wp\/v2\/product\/337","targetHints":{"allow":["GET"]}}],"collection":[{"href":"https:\/\/vapeenjoy.com\/de\/wp-json\/wp\/v2\/product"}],"about":[{"href":"https:\/\/vapeenjoy.com\/de\/wp-json\/wp\/v2\/types\/product"}],"replies":[{"embeddable":true,"href":"https:\/\/vapeenjoy.com\/de\/wp-json\/wp\/v2\/comments?post=337"}],"version-history":[{"count":4,"href":"https:\/\/vapeenjoy.com\/de\/wp-json\/wp\/v2\/product\/337\/revisions"}],"predecessor-version":[{"id":2583,"href":"https:\/\/vapeenjoy.com\/de\/wp-json\/wp\/v2\/product\/337\/revisions\/2583"}],"wp:featuredmedia":[{"embeddable":true,"href":"https:\/\/vapeenjoy.com\/de\/wp-json\/wp\/v2\/media\/340"}],"wp:attachment":[{"href":"https:\/\/vapeenjoy.com\/de\/wp-json\/wp\/v2\/media?parent=337"}],"wp:term":[{"taxonomy":"product_brand","embeddable":true,"href":"https:\/\/vapeenjoy.com\/de\/wp-json\/wp\/v2\/product_brand?post=337"},{"taxonomy":"product_cat","embeddable":true,"href":"https:\/\/vapeenjoy.com\/de\/wp-json\/wp\/v2\/product_cat?post=337"},{"taxonomy":"product_tag","embeddable":true,"href":"https:\/\/vapeenjoy.com\/de\/wp-json\/wp\/v2\/product_tag?post=337"}],"curies":[{"name":"WP","href":"https:\/\/api.w.org\/{rel}","templated":true}]}}