{"id":389,"date":"2025-07-22T06:44:24","date_gmt":"2025-07-22T06:44:24","guid":{"rendered":"https:\/\/vapeenjoy.com\/?post_type=product&#038;p=389"},"modified":"2025-09-11T08:27:23","modified_gmt":"2025-09-11T08:27:23","slug":"waspe-fihp-30000-puffs-disposable-vape-28ml-0-5-nicotine-led-display","status":"publish","type":"product","link":"https:\/\/vapeenjoy.com\/de\/produkt\/waspe-fihp-30000-puffs-einweg-vape-28ml-0-5-nikotin-led-anzeige\/","title":{"rendered":"Waspe FIHP 30000 Puffs Einweg Vape 28ml 0-5% Nikotin LED-Anzeige"},"content":{"rendered":"<h2 dir=\"ltr\" data-pm-slice=\"1 3 []\">Waspe FIHP 30000 Puffs Einweg Vape Produktbeschreibung<\/h2>\n<p dir=\"ltr\">Waspe liefert konsequent innovative Vaping-L\u00f6sungen mit zuverl\u00e4ssiger Leistung. So bietet der Waspe FIHP 30000 Puffs Einwegvape ein au\u00dfergew\u00f6hnlich lang anhaltendes und geschmackvolles Erlebnis. Dar\u00fcber hinaus sorgt das kompakte Design mit glattem \u00c4u\u00dferen und LED-Display f\u00fcr m\u00fchelose \u00dcberwachung und Portabilit\u00e4t. Somit ist dieses Ger\u00e4t ideal f\u00fcr den t\u00e4glichen Gebrauch. Erfahren Sie mehr bei Vape.<\/p>\n<h2 dir=\"ltr\">Waspe FIHP 30000 Puffs Einweg-Vape-Spezifikationen<\/h2>\n<ul class=\"tight\" dir=\"ltr\" data-tight=\"true\">\n<li>\n<p dir=\"ltr\"><strong>Puffanzahl<\/strong>: Bis zu 30.000 Z\u00fcge im regul\u00e4ren Modus oder 15.000 im Pulsmodus, um eine l\u00e4ngere Nutzung zu gew\u00e4hrleisten.<\/p>\n<\/li>\n<li>\n<p dir=\"ltr\"><strong>E-Liquid-Kapazit\u00e4t<\/strong>: 28 ml, f\u00fcr l\u00e4ngeres Dampfen ohne h\u00e4ufiges Nachf\u00fcllen.<\/p>\n<\/li>\n<li>\n<p dir=\"ltr\"><strong>Batterie<\/strong>: 850mAh, wiederaufladbar \u00fcber Typ-C, erm\u00f6glicht schnelles Einschalten.<\/p>\n<\/li>\n<li>\n<p dir=\"ltr\"><strong>Nikotinst\u00e4rken<\/strong>: 0%, 2% oder 5%, decken verschiedene Pr\u00e4ferenzen ab.<\/p>\n<\/li>\n<li>\n<p dir=\"ltr\"><strong>Spulentyp<\/strong>: Dual Mesh (1,0 \u03a9 + 1,0 \u03a9) und liefert konsistentes Geschmack und Dampf.<\/p>\n<\/li>\n<li>\n<p dir=\"ltr\"><strong>Luftstrom<\/strong>: Einstellbar mit vier Ebenen, erm\u00f6glicht kundenspezifische Zugfestigkeit.<\/p>\n<\/li>\n<li>\n<p dir=\"ltr\"><strong>Ladeanschluss<\/strong>: Typ-C, bietet schnelles und effizientes Laden.<\/p>\n<\/li>\n<li>\n<p dir=\"ltr\"><strong>anzeigen<\/strong>: LED, die Echtzeit-Akku- und Puff-Count-Updates bietet.<\/p>\n<\/li>\n<li>\n<p dir=\"ltr\"><strong>Gewicht<\/strong>: 120g, leicht und tragbar.<\/p>\n<\/li>\n<li>\n<p dir=\"ltr\"><strong>Ma\u00dfstab<\/strong>: 61 x 31 x 115 mm, was eine komfortable Handhabung gew\u00e4hrleistet.<\/p>\n<\/li>\n<\/ul>\n<h2 dir=\"ltr\">16 Geschmacksoptionen<\/h2>\n<ol class=\"tight\" dir=\"ltr\" data-tight=\"true\">\n<li>\n<p dir=\"ltr\"><strong>Erdbeer-Mango<\/strong>: Kombiniert s\u00fc\u00dfe Erdbeeren und tropische Mango f\u00fcr einen saftigen Geschmack.<\/p>\n<\/li>\n<li>\n<p dir=\"ltr\"><strong>Beerenmischung<\/strong>: Mischt s\u00fc\u00dfe und s\u00e4uerliche Beeren f\u00fcr einen lebendigen Geschmack.<\/p>\n<\/li>\n<li>\n<p dir=\"ltr\"><strong>Wassermeloneneis<\/strong>: Kombiniert saftige Wassermelone mit einem k\u00fchlen Menthol-Finish.<\/p>\n<\/li>\n<li>\n<p dir=\"ltr\"><strong>Erdbeer-Wassermelone<\/strong>: Verschmelzt s\u00fc\u00dfe Erdbeeren mit saftiger Wassermelone.<\/p>\n<\/li>\n<li>\n<p dir=\"ltr\"><strong>Erdbeer-Redbull<\/strong>: Erg\u00e4nzt Erdbeere mit einem von Energy Drink inspirierten Zing.<\/p>\n<\/li>\n<li>\n<p dir=\"ltr\"><strong>Kiwi-Passionsfrucht-Guave<\/strong>: Mischt spritzige Kiwi, Passionsfrucht und Guave.<\/p>\n<\/li>\n<li>\n<p dir=\"ltr\"><strong>Traubeneis<\/strong>: Kombiniert s\u00fc\u00dfe Traube mit einem erfrischenden Menthol-Touch.<\/p>\n<\/li>\n<li>\n<p dir=\"ltr\"><strong>Doppeltes Apfeleis<\/strong>: Mit knackigen \u00c4pfeln mit einem k\u00fchlen Menthol-Kick.<\/p>\n<\/li>\n<li>\n<p dir=\"ltr\"><strong>Blaubeerhimbeere<\/strong>: Mischung saftiger Blaubeeren mit s\u00e4uerlichen Himbeeren.<\/p>\n<\/li>\n<li>\n<p dir=\"ltr\"><strong>Wassermelone Mango Pfirsich<\/strong>: Fuselt Wassermelone, Mango und Pfirsich f\u00fcr einen s\u00fc\u00dfen Geschmack.<\/p>\n<\/li>\n<li>\n<p dir=\"ltr\"><strong>Heidelbeereis<\/strong>: Bietet s\u00fc\u00dfe Blaubeeren mit einem frostigen Finish.<\/p>\n<\/li>\n<li>\n<p dir=\"ltr\"><strong>Pfirsichbeere<\/strong>: Kombiniert reife Pfirsiche mit verschiedenen Beeren.<\/p>\n<\/li>\n<li>\n<p dir=\"ltr\"><strong>Erdbeerkiwi<\/strong>: Paar s\u00fc\u00dfe Erdbeeren mit spritziger Kiwi.<\/p>\n<\/li>\n<li>\n<p dir=\"ltr\"><strong>Kirscheis<\/strong>: Liefert kr\u00e4ftige Kirschen mit einem knackigen Menthol-Effekt.<\/p>\n<\/li>\n<li>\n<p dir=\"ltr\"><strong>Erdbeer-Himbeerkirsche<\/strong>: Mischt Erdbeeren, Himbeeren und Kirschen.<\/p>\n<\/li>\n<li>\n<p dir=\"ltr\"><strong>Wassermelone Kaugummi<\/strong>: Bietet einen nostalgischen Wassermelonen-Bublise-Aroma.<\/p>\n<\/li>\n<\/ol>\n<h2 dir=\"ltr\">H\u00e4ufig gestellte Fragen (FAQs)<\/h2>\n<ol class=\"tight\" dir=\"ltr\" data-tight=\"true\">\n<li>\n<p dir=\"ltr\"><strong>Was macht den WASPE FIHP einzigartig?<\/strong><br \/>\nSeine hohe Puffanzahl, zwei Mesh-Spulen, ein einstellbarer Luftstrom und ein LED-Display bieten ein sehr anpassbares Erlebnis.<\/p>\n<\/li>\n<li>\n<p dir=\"ltr\"><strong>Ist es wiederaufladbar?<\/strong><br \/>\nIn der Tat unterst\u00fctzt der 850-mAh-Akku aus Komfortgr\u00fcnden ein schnelles Aufladen vom Typ C.<\/p>\n<\/li>\n<li>\n<p dir=\"ltr\"><strong>Sind nikotinfreie Optionen verf\u00fcgbar?<\/strong><br \/>\nAbsolut, Sie k\u00f6nnen zwischen den St\u00e4rken 0%, 2% oder 5% w\u00e4hlen.<\/p>\n<\/li>\n<li>\n<p dir=\"ltr\"><strong>Wie w\u00e4hle ich einen Geschmack aus?<\/strong><br \/>\nProbieren Sie zum Beispiel Erdbeer-Mango oder Kiwi-Passionsfrucht-Guave f\u00fcr fruchtige Profile. Alternativ bietet Watermelon Ice einen erfrischenden Kick, w\u00e4hrend Strawberry Red Bull einen mutigen Twist bietet.<\/p>\n<\/li>\n<li>\n<p dir=\"ltr\"><strong>Wie funktioniert einstellbarer Luftstrom?<\/strong><br \/>\nStellen Sie einfach zwischen vier Ebenen ein, um ein festeres oder lockereres Einatmen zu erreichen.<\/p>\n<\/li>\n<li>\n<p dir=\"ltr\"><strong>Was sind Dual-Mesh-Spulen?<\/strong><br \/>\nDiese Spulen sorgen f\u00fcr gleichm\u00e4\u00dfiges Erhitzen und verbessern dadurch die Geschmackskonsistenz.<\/p>\n<\/li>\n<li>\n<p dir=\"ltr\"><strong>Wie lange h\u00e4lt der Akku?<\/strong><br \/>\nDer 850-mAh-Akku unterst\u00fctzt den erweiterten Einsatz und dar\u00fcber hinaus sorgt das Aufladen vom Typ C f\u00fcr schnelles Aufladen. Erfahren Sie mehr bei Vape Enjoy.<\/p>\n<\/li>\n<\/ol>\n<p><img fetchpriority=\"high\" decoding=\"async\" class=\"alignnone wp-image-392 size-full\" src=\"https:\/\/vapeenjoy.com\/wp-content\/uploads\/2025\/07\/flavor_list.jpg\" alt=\"Waspe FIHP 30000 Puffs Einwegvape-Aromen\" width=\"2200\" height=\"1224\" srcset=\"https:\/\/vapeenjoy.com\/wp-content\/uploads\/2025\/07\/flavor_list.jpg 2200w, https:\/\/vapeenjoy.com\/wp-content\/uploads\/2025\/07\/flavor_list-150x83.jpg 150w, https:\/\/vapeenjoy.com\/wp-content\/uploads\/2025\/07\/flavor_list-1200x668.jpg 1200w, https:\/\/vapeenjoy.com\/wp-content\/uploads\/2025\/07\/flavor_list-300x167.jpg 300w, https:\/\/vapeenjoy.com\/wp-content\/uploads\/2025\/07\/flavor_list-1024x570.jpg 1024w, https:\/\/vapeenjoy.com\/wp-content\/uploads\/2025\/07\/flavor_list-768x427.jpg 768w, https:\/\/vapeenjoy.com\/wp-content\/uploads\/2025\/07\/flavor_list-1536x855.jpg 1536w, https:\/\/vapeenjoy.com\/wp-content\/uploads\/2025\/07\/flavor_list-2048x1139.jpg 2048w\" sizes=\"(max-width: 2200px) 100vw, 2200px\" \/><\/p>","protected":false},"excerpt":{"rendered":"<p>Waspe liefert innovative Dampfl\u00f6sungen mit Qualit\u00e4t und Komfort. Der Waspe FIHP 30000 Puffs Einwegvape bietet bis zu 30.000 Puffs, eine 28-ml-E-Fl\u00fcssigkeitskapazit\u00e4t und einen 850-mAh-Akku. Mit zwei Mesh-Spulen, einstellbarer Luftstr\u00f6mung und 16 lebendigen Aromen sorgt es f\u00fcr ein langlebiges, anpassbares Dampferlebnis.<\/p>","protected":false},"featured_media":393,"comment_status":"open","ping_status":"closed","template":"","meta":[],"product_brand":[41],"product_cat":[31],"product_tag":[64,68],"class_list":{"0":"post-389","1":"product","2":"type-product","3":"status-publish","4":"has-post-thumbnail","6":"product_brand-waspe-vape","7":"product_cat-30000-puffs-vape","8":"product_tag-0-5-nicotine","9":"product_tag-28ml","11":"first","12":"outofstock","13":"sale","14":"shipping-taxable","15":"purchasable","16":"product-type-variable"},"yoast_head":"<!-- This site is optimized with the Yoast SEO plugin v25.7 - https:\/\/yoast.com\/wordpress\/plugins\/seo\/ -->\n<title>WASPE FIHP 30000 Puffs Disposable Vape 28ml 0-5% Nicotine<\/title>\n<meta name=\"description\" content=\"WASPE FIHP 30000 Puffs Disposable Vape: 28ml e-liquid, 0-5% nicotine, dual mesh coils, LED display. Long-lasting, flavorful vaping. Shop now!\" \/>\n<meta name=\"robots\" content=\"index, follow, max-snippet:-1, max-image-preview:large, max-video-preview:-1\" \/>\n<link rel=\"canonical\" href=\"https:\/\/vapeenjoy.com\/de\/produkt\/waspe-fihp-30000-puffs-einweg-vape-28ml-0-5-nikotin-led-anzeige\/\" \/>\n<meta property=\"og:locale\" content=\"de_DE\" \/>\n<meta property=\"og:type\" content=\"article\" \/>\n<meta property=\"og:title\" content=\"WASPE FIHP 30000 Puffs Disposable Vape 28ml 0-5% Nicotine\" \/>\n<meta property=\"og:description\" content=\"WASPE FIHP 30000 Puffs Disposable Vape: 28ml e-liquid, 0-5% nicotine, dual mesh coils, LED display. Long-lasting, flavorful vaping. Shop now!\" \/>\n<meta property=\"og:url\" content=\"https:\/\/vapeenjoy.com\/de\/produkt\/waspe-fihp-30000-puffs-einweg-vape-28ml-0-5-nikotin-led-anzeige\/\" \/>\n<meta property=\"og:site_name\" content=\"vapeenjoy\" \/>\n<meta property=\"article:modified_time\" content=\"2025-09-11T08:27:23+00:00\" \/>\n<meta property=\"og:image\" content=\"https:\/\/vapeenjoy.com\/wp-content\/uploads\/2025\/07\/\u573a\u666f\u56fe04.jpg\" \/>\n\t<meta property=\"og:image:width\" content=\"1120\" \/>\n\t<meta property=\"og:image:height\" content=\"1120\" \/>\n\t<meta property=\"og:image:type\" content=\"image\/jpeg\" \/>\n<meta name=\"twitter:card\" content=\"summary_large_image\" \/>\n<meta name=\"twitter:label1\" content=\"Gesch\u00e4tzte Lesezeit\" \/>\n\t<meta name=\"twitter:data1\" content=\"3\u00a0Minuten\" \/>\n<script type=\"application\/ld+json\" class=\"yoast-schema-graph\">{\"@context\":\"https:\/\/schema.org\",\"@graph\":[{\"@type\":\"WebPage\",\"@id\":\"https:\/\/vapeenjoy.com\/product\/waspe-fihp-30000-puffs-disposable-vape-28ml-0-5-nicotine-led-display\/\",\"url\":\"https:\/\/vapeenjoy.com\/product\/waspe-fihp-30000-puffs-disposable-vape-28ml-0-5-nicotine-led-display\/\",\"name\":\"WASPE FIHP 30000 Puffs Disposable Vape 28ml 0-5% Nicotine\",\"isPartOf\":{\"@id\":\"https:\/\/vapeenjoy.com\/#website\"},\"primaryImageOfPage\":{\"@id\":\"https:\/\/vapeenjoy.com\/product\/waspe-fihp-30000-puffs-disposable-vape-28ml-0-5-nicotine-led-display\/#primaryimage\"},\"image\":{\"@id\":\"https:\/\/vapeenjoy.com\/product\/waspe-fihp-30000-puffs-disposable-vape-28ml-0-5-nicotine-led-display\/#primaryimage\"},\"thumbnailUrl\":\"https:\/\/vapeenjoy.com\/wp-content\/uploads\/2025\/07\/\u573a\u666f\u56fe04.jpg\",\"datePublished\":\"2025-07-22T06:44:24+00:00\",\"dateModified\":\"2025-09-11T08:27:23+00:00\",\"description\":\"WASPE FIHP 30000 Puffs Disposable Vape: 28ml e-liquid, 0-5% nicotine, dual mesh coils, LED display. Long-lasting, flavorful vaping. Shop now!\",\"breadcrumb\":{\"@id\":\"https:\/\/vapeenjoy.com\/product\/waspe-fihp-30000-puffs-disposable-vape-28ml-0-5-nicotine-led-display\/#breadcrumb\"},\"inLanguage\":\"de\",\"potentialAction\":[{\"@type\":\"ReadAction\",\"target\":[\"https:\/\/vapeenjoy.com\/product\/waspe-fihp-30000-puffs-disposable-vape-28ml-0-5-nicotine-led-display\/\"]}]},{\"@type\":\"ImageObject\",\"inLanguage\":\"de\",\"@id\":\"https:\/\/vapeenjoy.com\/product\/waspe-fihp-30000-puffs-disposable-vape-28ml-0-5-nicotine-led-display\/#primaryimage\",\"url\":\"https:\/\/vapeenjoy.com\/wp-content\/uploads\/2025\/07\/\u573a\u666f\u56fe04.jpg\",\"contentUrl\":\"https:\/\/vapeenjoy.com\/wp-content\/uploads\/2025\/07\/\u573a\u666f\u56fe04.jpg\",\"width\":1120,\"height\":1120},{\"@type\":\"BreadcrumbList\",\"@id\":\"https:\/\/vapeenjoy.com\/product\/waspe-fihp-30000-puffs-disposable-vape-28ml-0-5-nicotine-led-display\/#breadcrumb\",\"itemListElement\":[{\"@type\":\"ListItem\",\"position\":1,\"name\":\"Home\",\"item\":\"https:\/\/vapeenjoy.com\/\"},{\"@type\":\"ListItem\",\"position\":2,\"name\":\"Shop\",\"item\":\"https:\/\/vapeenjoy.com\/vapeenjoy-shop\/\"},{\"@type\":\"ListItem\",\"position\":3,\"name\":\"WASPE FIHP 30000 Puffs Disposable Vape 28ml 0-5% Nicotine LED Display\"}]},{\"@type\":\"WebSite\",\"@id\":\"https:\/\/vapeenjoy.com\/#website\",\"url\":\"https:\/\/vapeenjoy.com\/\",\"name\":\"vapeenjoy\",\"description\":\"An online store for selling vapes\",\"potentialAction\":[{\"@type\":\"SearchAction\",\"target\":{\"@type\":\"EntryPoint\",\"urlTemplate\":\"https:\/\/vapeenjoy.com\/?s={search_term_string}\"},\"query-input\":{\"@type\":\"PropertyValueSpecification\",\"valueRequired\":true,\"valueName\":\"search_term_string\"}}],\"inLanguage\":\"de\"}]}<\/script>\n<!-- \/ Yoast SEO plugin. -->","yoast_head_json":{"title":"Waspe FIHP 30000 Puffs Einweg Vape 28ml 0-5% Nikotin","description":"Waspe FIHP 30000 Puffs Einwegvape: 28 ml E-Liquid, 0-5% Nikotin, Dual Mesh Coils, LED-Anzeige. Langlebiges, w\u00fcrziges Dampfen. Jetzt einkaufen!","robots":{"index":"index","follow":"follow","max-snippet":"max-snippet:-1","max-image-preview":"max-image-preview:large","max-video-preview":"max-video-preview:-1"},"canonical":"https:\/\/vapeenjoy.com\/de\/produkt\/waspe-fihp-30000-puffs-einweg-vape-28ml-0-5-nikotin-led-anzeige\/","og_locale":"de_DE","og_type":"article","og_title":"WASPE FIHP 30000 Puffs Disposable Vape 28ml 0-5% Nicotine","og_description":"WASPE FIHP 30000 Puffs Disposable Vape: 28ml e-liquid, 0-5% nicotine, dual mesh coils, LED display. Long-lasting, flavorful vaping. Shop now!","og_url":"https:\/\/vapeenjoy.com\/de\/produkt\/waspe-fihp-30000-puffs-einweg-vape-28ml-0-5-nikotin-led-anzeige\/","og_site_name":"vapeenjoy","article_modified_time":"2025-09-11T08:27:23+00:00","og_image":[{"width":1120,"height":1120,"url":"https:\/\/vapeenjoy.com\/wp-content\/uploads\/2025\/07\/\u573a\u666f\u56fe04.jpg","type":"image\/jpeg"}],"twitter_card":"summary_large_image","twitter_misc":{"Gesch\u00e4tzte Lesezeit":"3\u00a0Minuten"},"schema":{"@context":"https:\/\/schema.org","@graph":[{"@type":"WebPage","@id":"https:\/\/vapeenjoy.com\/product\/waspe-fihp-30000-puffs-disposable-vape-28ml-0-5-nicotine-led-display\/","url":"https:\/\/vapeenjoy.com\/product\/waspe-fihp-30000-puffs-disposable-vape-28ml-0-5-nicotine-led-display\/","name":"Waspe FIHP 30000 Puffs Einweg Vape 28ml 0-5% Nikotin","isPartOf":{"@id":"https:\/\/vapeenjoy.com\/#website"},"primaryImageOfPage":{"@id":"https:\/\/vapeenjoy.com\/product\/waspe-fihp-30000-puffs-disposable-vape-28ml-0-5-nicotine-led-display\/#primaryimage"},"image":{"@id":"https:\/\/vapeenjoy.com\/product\/waspe-fihp-30000-puffs-disposable-vape-28ml-0-5-nicotine-led-display\/#primaryimage"},"thumbnailUrl":"https:\/\/vapeenjoy.com\/wp-content\/uploads\/2025\/07\/\u573a\u666f\u56fe04.jpg","datePublished":"2025-07-22T06:44:24+00:00","dateModified":"2025-09-11T08:27:23+00:00","description":"Waspe FIHP 30000 Puffs Einwegvape: 28 ml E-Liquid, 0-5% Nikotin, Dual Mesh Coils, LED-Anzeige. Langlebiges, w\u00fcrziges Dampfen. Jetzt einkaufen!","breadcrumb":{"@id":"https:\/\/vapeenjoy.com\/product\/waspe-fihp-30000-puffs-disposable-vape-28ml-0-5-nicotine-led-display\/#breadcrumb"},"inLanguage":"de","potentialAction":[{"@type":"ReadAction","target":["https:\/\/vapeenjoy.com\/product\/waspe-fihp-30000-puffs-disposable-vape-28ml-0-5-nicotine-led-display\/"]}]},{"@type":"ImageObject","inLanguage":"de","@id":"https:\/\/vapeenjoy.com\/product\/waspe-fihp-30000-puffs-disposable-vape-28ml-0-5-nicotine-led-display\/#primaryimage","url":"https:\/\/vapeenjoy.com\/wp-content\/uploads\/2025\/07\/\u573a\u666f\u56fe04.jpg","contentUrl":"https:\/\/vapeenjoy.com\/wp-content\/uploads\/2025\/07\/\u573a\u666f\u56fe04.jpg","width":1120,"height":1120},{"@type":"BreadcrumbList","@id":"https:\/\/vapeenjoy.com\/product\/waspe-fihp-30000-puffs-disposable-vape-28ml-0-5-nicotine-led-display\/#breadcrumb","itemListElement":[{"@type":"ListItem","position":1,"name":"Home","item":"https:\/\/vapeenjoy.com\/"},{"@type":"ListItem","position":2,"name":"Shop","item":"https:\/\/vapeenjoy.com\/vapeenjoy-shop\/"},{"@type":"ListItem","position":3,"name":"WASPE FIHP 30000 Puffs Disposable Vape 28ml 0-5% Nicotine LED Display"}]},{"@type":"WebSite","@id":"https:\/\/vapeenjoy.com\/#website","url":"https:\/\/vapeenjoy.com\/","name":"Vapeenfreude","description":"Ein Online-Shop f\u00fcr den Verkauf von Vapes","potentialAction":[{"@type":"SearchAction","target":{"@type":"EntryPoint","urlTemplate":"https:\/\/vapeenjoy.com\/?s={search_term_string}"},"query-input":{"@type":"PropertyValueSpecification","valueRequired":true,"valueName":"search_term_string"}}],"inLanguage":"de"}]}},"_links":{"self":[{"href":"https:\/\/vapeenjoy.com\/de\/wp-json\/wp\/v2\/product\/389","targetHints":{"allow":["GET"]}}],"collection":[{"href":"https:\/\/vapeenjoy.com\/de\/wp-json\/wp\/v2\/product"}],"about":[{"href":"https:\/\/vapeenjoy.com\/de\/wp-json\/wp\/v2\/types\/product"}],"replies":[{"embeddable":true,"href":"https:\/\/vapeenjoy.com\/de\/wp-json\/wp\/v2\/comments?post=389"}],"version-history":[{"count":3,"href":"https:\/\/vapeenjoy.com\/de\/wp-json\/wp\/v2\/product\/389\/revisions"}],"predecessor-version":[{"id":2358,"href":"https:\/\/vapeenjoy.com\/de\/wp-json\/wp\/v2\/product\/389\/revisions\/2358"}],"wp:featuredmedia":[{"embeddable":true,"href":"https:\/\/vapeenjoy.com\/de\/wp-json\/wp\/v2\/media\/393"}],"wp:attachment":[{"href":"https:\/\/vapeenjoy.com\/de\/wp-json\/wp\/v2\/media?parent=389"}],"wp:term":[{"taxonomy":"product_brand","embeddable":true,"href":"https:\/\/vapeenjoy.com\/de\/wp-json\/wp\/v2\/product_brand?post=389"},{"taxonomy":"product_cat","embeddable":true,"href":"https:\/\/vapeenjoy.com\/de\/wp-json\/wp\/v2\/product_cat?post=389"},{"taxonomy":"product_tag","embeddable":true,"href":"https:\/\/vapeenjoy.com\/de\/wp-json\/wp\/v2\/product_tag?post=389"}],"curies":[{"name":"WP","href":"https:\/\/api.w.org\/{rel}","templated":true}]}}