{"id":422,"date":"2025-07-22T09:00:00","date_gmt":"2025-07-22T09:00:00","guid":{"rendered":"https:\/\/vapeenjoy.com\/?post_type=product&#038;p=422"},"modified":"2025-08-19T02:02:21","modified_gmt":"2025-08-19T02:02:21","slug":"vapme-crown-bar-18000-puffs-pro-max-disposable-vape-25ml-0-5-nicotine","status":"publish","type":"product","link":"https:\/\/vapeenjoy.com\/de\/produkt\/vapme-crown-bar-18000-puffs-pro-max-einweg-vape-25ml-0-5-nikotin\/","title":{"rendered":"Vapme Crown Bar 18000 Puffs Pro Max Einweg Vape 25ml 0-5% Nikotin Typ-C Aufladung"},"content":{"rendered":"<h2 dir=\"ltr\" data-pm-slice=\"1 3 []\">Vapme Crown Bar 18000 Puffs Pro Max Einweg Vape Beschreibung<\/h2>\n<p dir=\"ltr\">Vapme, eine Marke, die sich auf hochwertige Dampfger\u00e4te konzentriert, priorisiert die Zufriedenheit der Benutzer. <em>zum Beispiel<\/em>, Der Vapme Crown Bar 18000 Puffs Pro Max Einwegvape bietet langlebige Leistung und reiche Aromen. <em>au\u00dferdem<\/em>, Das schlanke Lederfinish sorgt f\u00fcr einen hochwertigen Look und einen angenehmen Griff. <em>so<\/em>, kombiniert Stil und Praktikabilit\u00e4t f\u00fcr den t\u00e4glichen Gebrauch.<\/p>\n<h2 dir=\"ltr\">Vapme Crown Bar 18000 Puffs Einweg Vape Spezifikationen<\/h2>\n<ul class=\"tight\" dir=\"ltr\" data-tight=\"true\">\n<li>\n<p dir=\"ltr\"><strong>Puffanzahl<\/strong>: Bis zu 18000 Z\u00fcge, die l\u00e4ngere Nutzung sicherstellen.<\/p>\n<\/li>\n<li>\n<p dir=\"ltr\"><strong>Batterie<\/strong>: 850mAh, wiederaufladbar \u00fcber Typ-C f\u00fcr zuverl\u00e4ssige Leistung.<\/p>\n<\/li>\n<li>\n<p dir=\"ltr\"><strong>e-liquid<\/strong>: 25 ml vorgef\u00fcllt, bietet reichlich Vaping-Sitzungen.<\/p>\n<\/li>\n<li>\n<p dir=\"ltr\"><strong>Nikotinst\u00e4rke<\/strong>: 0%, 2%, 3%, 5% Optionen, um den Einstellungen zu entsprechen.<\/p>\n<\/li>\n<li>\n<p dir=\"ltr\"><strong>sich wickeln<\/strong>: 0,6 Ohm Mesh Coil f\u00fcr glatten Geschmack und Dampf.<\/p>\n<\/li>\n<li>\n<p dir=\"ltr\"><strong>Dampfstil<\/strong>: Direkt-zu-Lunge (DTL) f\u00fcr robuste Wolken.<\/p>\n<\/li>\n<li>\n<p dir=\"ltr\"><strong>anzeigen<\/strong>: Smart Screen zeigt Batterie- und E-Liquid-Stufe an.<\/p>\n<\/li>\n<li>\n<p dir=\"ltr\"><strong>Luftstrom<\/strong>: Einstellbar f\u00fcr eine individuelle Auslosung.<\/p>\n<\/li>\n<\/ul>\n<h2 dir=\"ltr\">12 Geschmacksoptionen<\/h2>\n<ol class=\"tight\" dir=\"ltr\" data-tight=\"true\">\n<li>\n<p dir=\"ltr\"><strong>\u00fcppiges Eis<\/strong>: Wassermelone mit Menthol f\u00fcr einen erfrischenden Dampf.<\/p>\n<\/li>\n<li>\n<p dir=\"ltr\"><strong>Beereneis<\/strong>: Gemischte Beeren mit einem k\u00fchlen Menthol-Twist.<\/p>\n<\/li>\n<li>\n<p dir=\"ltr\"><strong>Heidelbeergummiz<\/strong>: Kaugummi mit saftigen Blaubeeren, nostalgisch und fruchtig.<\/p>\n<\/li>\n<li>\n<p dir=\"ltr\"><strong>Kirschfest<\/strong>: S\u00fc\u00dfkirschen mit einer festlichen Fruchtmischung.<\/p>\n<\/li>\n<li>\n<p dir=\"ltr\"><strong>Traubenschlag<\/strong>: Fettige Traube mit einem druckvollen Finish.<\/p>\n<\/li>\n<li>\n<p dir=\"ltr\"><strong>Erdbeer-Wassermelone<\/strong>: Saftige Erdbeeren und knusprige Wassermelone.<\/p>\n<\/li>\n<li>\n<p dir=\"ltr\"><strong>Mango-Frost<\/strong>: Tropische Mango mit k\u00fchlem Menthol.<\/p>\n<\/li>\n<li>\n<p dir=\"ltr\"><strong>Erdbeerschlag<\/strong>: spritzige Erdbeeren mit einem kr\u00e4ftigen Abgang.<\/p>\n<\/li>\n<li>\n<p dir=\"ltr\"><strong>S\u00fc\u00dfe Passionsfrucht<\/strong>: Exotische Passionsfrucht, s\u00fc\u00df und w\u00fcrzig.<\/p>\n<\/li>\n<li>\n<p dir=\"ltr\"><strong>Blaubeerhimbeere<\/strong>: s\u00e4uerliche Himbeeren und s\u00fc\u00dfe Blaubeeren.<\/p>\n<\/li>\n<li>\n<p dir=\"ltr\"><strong>Zwei Apfel<\/strong>: knusprige, erfrischende doppelte Apfelgeschmack.<\/p>\n<\/li>\n<li>\n<p dir=\"ltr\"><strong>Liebe 66<\/strong>: Romantische Fruchtmischung f\u00fcr einen verw\u00f6hnenden Vape.<\/p>\n<\/li>\n<\/ol>\n<h2 dir=\"ltr\">H\u00e4ufig gestellte Fragen<\/h2>\n<ol dir=\"ltr\">\n<li>\n<p dir=\"ltr\"><strong>Wof\u00fcr ist die Vapme Crown Bar 18000 Pro Max konzipiert?<\/strong><br \/>\n<em>genau<\/em>Es ist f\u00fcr Benutzer konzipiert, die einen Einweg-Vape mit hoher Kapazit\u00e4t suchen. <em>zus\u00e4tzlich<\/em>, bietet reichhaltigen Geschmack und robuste Wolken, ideal f\u00fcr DTL-Vaping.<\/p>\n<\/li>\n<li>\n<p dir=\"ltr\"><strong>Wie w\u00e4hle ich die richtige Nikotinst\u00e4rke?<\/strong><br \/>\n<em>beispielsweise<\/em>, w\u00e4hle 0% f\u00fcr Nikotinfrei, 2% oder 3% f\u00fcr Moderate oder 5% f\u00fcr einen st\u00e4rkeren Treffer, je nach deinen W\u00fcnschen.<\/p>\n<\/li>\n<li>\n<p dir=\"ltr\"><strong>Wie kann ich einen Geschmack ausw\u00e4hlen, der zu mir passt?<\/strong><br \/>\n<em>eins<\/em>Betrachten Sie fruchtige Optionen wie Erdbeerwassermelone als S\u00fc\u00dfe. <em>alternativ<\/em>, W\u00e4hlen Sie Menthol-Aromen wie \u00fcppiges Eis f\u00fcr einen k\u00fchlenden Effekt. <em>endlich<\/em>Probieren Sie einzigartige Mischungen wie Love 66 f\u00fcr einen ausgepr\u00e4gten Geschmack.<\/p>\n<\/li>\n<li>\n<p dir=\"ltr\"><strong>Wie funktioniert der einstellbare Luftstrom?<\/strong><br \/>\n<em>insbesondere<\/em>, Schieben Sie den Luftstrommechanismus, um den Zugwiderstand einzustellen. <em>so<\/em>, Sie k\u00f6nnen das Inhalieren nach Ihren W\u00fcnschen anpassen.<\/p>\n<\/li>\n<li>\n<p dir=\"ltr\"><strong>Wie lange h\u00e4lt der Akku und wie lade ich ihn auf?<\/strong><br \/>\n<em>typisch<\/em>, Der 850-mAh-Akku h\u00e4lt Tage, je nach Verwendung. <em>au\u00dferdem<\/em>, laden Sie \u00fcber den Typ-C-Anschluss auf, um schnell zu laden.<\/p>\n<\/li>\n<li>\n<p dir=\"ltr\"><strong>Was zeigt die Smart-Screen-Anzeige?<\/strong><br \/>\n<em>genau<\/em>, zeigt es in Echtzeit Batterie und E-Liquid-Pegel an, was die \u00dcberwachung erleichtert.<\/p>\n<\/li>\n<li>\n<p dir=\"ltr\"><strong>Ist es f\u00fcr schwere Dampfer geeignet?<\/strong><br \/>\n<em>tats\u00e4chlich<\/em>, mit 18000 Z\u00fcgen, 25 ml E-Liquid und einem Akku ist es perfekt f\u00fcr h\u00e4ufige Dampfer.<\/p>\n<\/li>\n<\/ol>\n<p><img fetchpriority=\"high\" decoding=\"async\" class=\"alignnone wp-image-439 size-full\" src=\"https:\/\/vapeenjoy.com\/wp-content\/uploads\/2025\/07\/\u5fae\u4fe1\u56fe\u7247_20240321174024.jpg\" alt=\"Vapme Crown Bar 18000 Puffs Pro Max Einwegvape Aromen\" width=\"1754\" height=\"2480\" srcset=\"https:\/\/vapeenjoy.com\/wp-content\/uploads\/2025\/07\/\u5fae\u4fe1\u56fe\u7247_20240321174024.jpg 1754w, https:\/\/vapeenjoy.com\/wp-content\/uploads\/2025\/07\/\u5fae\u4fe1\u56fe\u7247_20240321174024-600x848.jpg 600w, https:\/\/vapeenjoy.com\/wp-content\/uploads\/2025\/07\/\u5fae\u4fe1\u56fe\u7247_20240321174024-212x300.jpg 212w, https:\/\/vapeenjoy.com\/wp-content\/uploads\/2025\/07\/\u5fae\u4fe1\u56fe\u7247_20240321174024-724x1024.jpg 724w, https:\/\/vapeenjoy.com\/wp-content\/uploads\/2025\/07\/\u5fae\u4fe1\u56fe\u7247_20240321174024-768x1086.jpg 768w, https:\/\/vapeenjoy.com\/wp-content\/uploads\/2025\/07\/\u5fae\u4fe1\u56fe\u7247_20240321174024-1086x1536.jpg 1086w, https:\/\/vapeenjoy.com\/wp-content\/uploads\/2025\/07\/\u5fae\u4fe1\u56fe\u7247_20240321174024-1448x2048.jpg 1448w\" sizes=\"(max-width: 1754px) 100vw, 1754px\" \/><\/p>\n<p>&nbsp;<\/p>","protected":false},"excerpt":{"rendered":"<p dir=\"auto\">Vapme, eine Marke, die sich dem Qualit\u00e4tsdampfen verpflichtet, pr\u00e4sentiert den Crown Bar 18000 Puffs Pro Max Einwegvape. Dieses Ger\u00e4t liefert bis zu 18000 Z\u00fcge mit einer 25-ml-E-Fl\u00fcssigkeitskapazit\u00e4t, einem 850-mAh-Akku und einem einstellbaren Luftstrom. Mit einer 0,6-Ohm-Mesh-Spule und einem Smart-Screen bietet es reichhaltige Aromen und robuste Wolken in einem eleganten Design.<\/p>","protected":false},"featured_media":437,"comment_status":"open","ping_status":"closed","template":"","meta":[],"product_brand":[207],"product_cat":[32],"product_tag":[64,69],"class_list":{"0":"post-422","1":"product","2":"type-product","3":"status-publish","4":"has-post-thumbnail","6":"product_brand-vapme-vape","7":"product_cat-18000-puffs-vape","8":"product_tag-0-5-nicotine","9":"product_tag-25ml","11":"first","12":"instock","13":"sale","14":"shipping-taxable","15":"purchasable","16":"product-type-variable"},"yoast_head":"<!-- This site is optimized with the Yoast SEO plugin v25.7 - https:\/\/yoast.com\/wordpress\/plugins\/seo\/ -->\n<title>VAPME Crown Bar 18000 Puffs Pro Max Disposable Vape 25ml<\/title>\n<meta name=\"description\" content=\"VAPME Crown Bar 18000 Puffs Disposable Vape offers 25ml e-liquid, 0-5% nicotine, and Type-C charging for a premium vaping experience. Shop now!\" \/>\n<meta name=\"robots\" content=\"index, follow, max-snippet:-1, max-image-preview:large, max-video-preview:-1\" \/>\n<link rel=\"canonical\" href=\"https:\/\/vapeenjoy.com\/de\/produkt\/vapme-crown-bar-18000-puffs-pro-max-einweg-vape-25ml-0-5-nikotin\/\" \/>\n<meta property=\"og:locale\" content=\"de_DE\" \/>\n<meta property=\"og:type\" content=\"article\" \/>\n<meta property=\"og:title\" content=\"VAPME Crown Bar 18000 Puffs Pro Max Disposable Vape 25ml\" \/>\n<meta property=\"og:description\" content=\"VAPME Crown Bar 18000 Puffs Disposable Vape offers 25ml e-liquid, 0-5% nicotine, and Type-C charging for a premium vaping experience. Shop now!\" \/>\n<meta property=\"og:url\" content=\"https:\/\/vapeenjoy.com\/de\/produkt\/vapme-crown-bar-18000-puffs-pro-max-einweg-vape-25ml-0-5-nikotin\/\" \/>\n<meta property=\"og:site_name\" content=\"vapeenjoy\" \/>\n<meta property=\"article:modified_time\" content=\"2025-08-19T02:02:21+00:00\" \/>\n<meta property=\"og:image\" content=\"https:\/\/vapeenjoy.com\/wp-content\/uploads\/2025\/07\/\u5fae\u4fe1\u56fe\u7247_20240321174010-scaled.png\" \/>\n\t<meta property=\"og:image:width\" content=\"1810\" \/>\n\t<meta property=\"og:image:height\" content=\"2560\" \/>\n\t<meta property=\"og:image:type\" content=\"image\/png\" \/>\n<meta name=\"twitter:card\" content=\"summary_large_image\" \/>\n<meta name=\"twitter:label1\" content=\"Gesch\u00e4tzte Lesezeit\" \/>\n\t<meta name=\"twitter:data1\" content=\"3\u00a0Minuten\" \/>\n<script type=\"application\/ld+json\" class=\"yoast-schema-graph\">{\"@context\":\"https:\/\/schema.org\",\"@graph\":[{\"@type\":\"WebPage\",\"@id\":\"https:\/\/vapeenjoy.com\/product\/vapme-crown-bar-18000-puffs-pro-max-disposable-vape-25ml-0-5-nicotine\/\",\"url\":\"https:\/\/vapeenjoy.com\/product\/vapme-crown-bar-18000-puffs-pro-max-disposable-vape-25ml-0-5-nicotine\/\",\"name\":\"VAPME Crown Bar 18000 Puffs Pro Max Disposable Vape 25ml\",\"isPartOf\":{\"@id\":\"https:\/\/vapeenjoy.com\/#website\"},\"primaryImageOfPage\":{\"@id\":\"https:\/\/vapeenjoy.com\/product\/vapme-crown-bar-18000-puffs-pro-max-disposable-vape-25ml-0-5-nicotine\/#primaryimage\"},\"image\":{\"@id\":\"https:\/\/vapeenjoy.com\/product\/vapme-crown-bar-18000-puffs-pro-max-disposable-vape-25ml-0-5-nicotine\/#primaryimage\"},\"thumbnailUrl\":\"https:\/\/vapeenjoy.com\/wp-content\/uploads\/2025\/07\/\u5fae\u4fe1\u56fe\u7247_20240321174010-scaled.png\",\"datePublished\":\"2025-07-22T09:00:00+00:00\",\"dateModified\":\"2025-08-19T02:02:21+00:00\",\"description\":\"VAPME Crown Bar 18000 Puffs Disposable Vape offers 25ml e-liquid, 0-5% nicotine, and Type-C charging for a premium vaping experience. Shop now!\",\"breadcrumb\":{\"@id\":\"https:\/\/vapeenjoy.com\/product\/vapme-crown-bar-18000-puffs-pro-max-disposable-vape-25ml-0-5-nicotine\/#breadcrumb\"},\"inLanguage\":\"de\",\"potentialAction\":[{\"@type\":\"ReadAction\",\"target\":[\"https:\/\/vapeenjoy.com\/product\/vapme-crown-bar-18000-puffs-pro-max-disposable-vape-25ml-0-5-nicotine\/\"]}]},{\"@type\":\"ImageObject\",\"inLanguage\":\"de\",\"@id\":\"https:\/\/vapeenjoy.com\/product\/vapme-crown-bar-18000-puffs-pro-max-disposable-vape-25ml-0-5-nicotine\/#primaryimage\",\"url\":\"https:\/\/vapeenjoy.com\/wp-content\/uploads\/2025\/07\/\u5fae\u4fe1\u56fe\u7247_20240321174010-scaled.png\",\"contentUrl\":\"https:\/\/vapeenjoy.com\/wp-content\/uploads\/2025\/07\/\u5fae\u4fe1\u56fe\u7247_20240321174010-scaled.png\",\"width\":1810,\"height\":2560},{\"@type\":\"BreadcrumbList\",\"@id\":\"https:\/\/vapeenjoy.com\/product\/vapme-crown-bar-18000-puffs-pro-max-disposable-vape-25ml-0-5-nicotine\/#breadcrumb\",\"itemListElement\":[{\"@type\":\"ListItem\",\"position\":1,\"name\":\"Home\",\"item\":\"https:\/\/vapeenjoy.com\/\"},{\"@type\":\"ListItem\",\"position\":2,\"name\":\"Shop\",\"item\":\"https:\/\/vapeenjoy.com\/vapeenjoy-shop\/\"},{\"@type\":\"ListItem\",\"position\":3,\"name\":\"VAPME Crown Bar 18000 Puffs Pro Max Disposable Vape 25ml 0-5% Nicotine Type-C Recharge\"}]},{\"@type\":\"WebSite\",\"@id\":\"https:\/\/vapeenjoy.com\/#website\",\"url\":\"https:\/\/vapeenjoy.com\/\",\"name\":\"vapeenjoy\",\"description\":\"An online store for selling vapes\",\"potentialAction\":[{\"@type\":\"SearchAction\",\"target\":{\"@type\":\"EntryPoint\",\"urlTemplate\":\"https:\/\/vapeenjoy.com\/?s={search_term_string}\"},\"query-input\":{\"@type\":\"PropertyValueSpecification\",\"valueRequired\":true,\"valueName\":\"search_term_string\"}}],\"inLanguage\":\"de\"}]}<\/script>\n<!-- \/ Yoast SEO plugin. -->","yoast_head_json":{"title":"Vapme Crown Bar 18000 Puffs Pro Max Einweg Vape 25ml","description":"Vapme Crown Bar 18000 Puffs Einweg Vape bietet 25 ml E-Liquid, 0-5% Nikotin und Typ-C-Aufladung f\u00fcr ein erstklassiges Vaping-Erlebnis. Jetzt einkaufen!","robots":{"index":"index","follow":"follow","max-snippet":"max-snippet:-1","max-image-preview":"max-image-preview:large","max-video-preview":"max-video-preview:-1"},"canonical":"https:\/\/vapeenjoy.com\/de\/produkt\/vapme-crown-bar-18000-puffs-pro-max-einweg-vape-25ml-0-5-nikotin\/","og_locale":"de_DE","og_type":"article","og_title":"VAPME Crown Bar 18000 Puffs Pro Max Disposable Vape 25ml","og_description":"VAPME Crown Bar 18000 Puffs Disposable Vape offers 25ml e-liquid, 0-5% nicotine, and Type-C charging for a premium vaping experience. Shop now!","og_url":"https:\/\/vapeenjoy.com\/de\/produkt\/vapme-crown-bar-18000-puffs-pro-max-einweg-vape-25ml-0-5-nikotin\/","og_site_name":"vapeenjoy","article_modified_time":"2025-08-19T02:02:21+00:00","og_image":[{"width":1810,"height":2560,"url":"https:\/\/vapeenjoy.com\/wp-content\/uploads\/2025\/07\/\u5fae\u4fe1\u56fe\u7247_20240321174010-scaled.png","type":"image\/png"}],"twitter_card":"summary_large_image","twitter_misc":{"Gesch\u00e4tzte Lesezeit":"3\u00a0Minuten"},"schema":{"@context":"https:\/\/schema.org","@graph":[{"@type":"WebPage","@id":"https:\/\/vapeenjoy.com\/product\/vapme-crown-bar-18000-puffs-pro-max-disposable-vape-25ml-0-5-nicotine\/","url":"https:\/\/vapeenjoy.com\/product\/vapme-crown-bar-18000-puffs-pro-max-disposable-vape-25ml-0-5-nicotine\/","name":"Vapme Crown Bar 18000 Puffs Pro Max Einweg Vape 25ml","isPartOf":{"@id":"https:\/\/vapeenjoy.com\/#website"},"primaryImageOfPage":{"@id":"https:\/\/vapeenjoy.com\/product\/vapme-crown-bar-18000-puffs-pro-max-disposable-vape-25ml-0-5-nicotine\/#primaryimage"},"image":{"@id":"https:\/\/vapeenjoy.com\/product\/vapme-crown-bar-18000-puffs-pro-max-disposable-vape-25ml-0-5-nicotine\/#primaryimage"},"thumbnailUrl":"https:\/\/vapeenjoy.com\/wp-content\/uploads\/2025\/07\/\u5fae\u4fe1\u56fe\u7247_20240321174010-scaled.png","datePublished":"2025-07-22T09:00:00+00:00","dateModified":"2025-08-19T02:02:21+00:00","description":"Vapme Crown Bar 18000 Puffs Einweg Vape bietet 25 ml E-Liquid, 0-5% Nikotin und Typ-C-Aufladung f\u00fcr ein erstklassiges Vaping-Erlebnis. Jetzt einkaufen!","breadcrumb":{"@id":"https:\/\/vapeenjoy.com\/product\/vapme-crown-bar-18000-puffs-pro-max-disposable-vape-25ml-0-5-nicotine\/#breadcrumb"},"inLanguage":"de","potentialAction":[{"@type":"ReadAction","target":["https:\/\/vapeenjoy.com\/product\/vapme-crown-bar-18000-puffs-pro-max-disposable-vape-25ml-0-5-nicotine\/"]}]},{"@type":"ImageObject","inLanguage":"de","@id":"https:\/\/vapeenjoy.com\/product\/vapme-crown-bar-18000-puffs-pro-max-disposable-vape-25ml-0-5-nicotine\/#primaryimage","url":"https:\/\/vapeenjoy.com\/wp-content\/uploads\/2025\/07\/\u5fae\u4fe1\u56fe\u7247_20240321174010-scaled.png","contentUrl":"https:\/\/vapeenjoy.com\/wp-content\/uploads\/2025\/07\/\u5fae\u4fe1\u56fe\u7247_20240321174010-scaled.png","width":1810,"height":2560},{"@type":"BreadcrumbList","@id":"https:\/\/vapeenjoy.com\/product\/vapme-crown-bar-18000-puffs-pro-max-disposable-vape-25ml-0-5-nicotine\/#breadcrumb","itemListElement":[{"@type":"ListItem","position":1,"name":"Home","item":"https:\/\/vapeenjoy.com\/"},{"@type":"ListItem","position":2,"name":"Shop","item":"https:\/\/vapeenjoy.com\/vapeenjoy-shop\/"},{"@type":"ListItem","position":3,"name":"VAPME Crown Bar 18000 Puffs Pro Max Disposable Vape 25ml 0-5% Nicotine Type-C Recharge"}]},{"@type":"WebSite","@id":"https:\/\/vapeenjoy.com\/#website","url":"https:\/\/vapeenjoy.com\/","name":"Vapeenfreude","description":"Ein Online-Shop f\u00fcr den Verkauf von Vapes","potentialAction":[{"@type":"SearchAction","target":{"@type":"EntryPoint","urlTemplate":"https:\/\/vapeenjoy.com\/?s={search_term_string}"},"query-input":{"@type":"PropertyValueSpecification","valueRequired":true,"valueName":"search_term_string"}}],"inLanguage":"de"}]}},"_links":{"self":[{"href":"https:\/\/vapeenjoy.com\/de\/wp-json\/wp\/v2\/product\/422","targetHints":{"allow":["GET"]}}],"collection":[{"href":"https:\/\/vapeenjoy.com\/de\/wp-json\/wp\/v2\/product"}],"about":[{"href":"https:\/\/vapeenjoy.com\/de\/wp-json\/wp\/v2\/types\/product"}],"replies":[{"embeddable":true,"href":"https:\/\/vapeenjoy.com\/de\/wp-json\/wp\/v2\/comments?post=422"}],"version-history":[{"count":3,"href":"https:\/\/vapeenjoy.com\/de\/wp-json\/wp\/v2\/product\/422\/revisions"}],"predecessor-version":[{"id":438,"href":"https:\/\/vapeenjoy.com\/de\/wp-json\/wp\/v2\/product\/422\/revisions\/438"}],"wp:featuredmedia":[{"embeddable":true,"href":"https:\/\/vapeenjoy.com\/de\/wp-json\/wp\/v2\/media\/437"}],"wp:attachment":[{"href":"https:\/\/vapeenjoy.com\/de\/wp-json\/wp\/v2\/media?parent=422"}],"wp:term":[{"taxonomy":"product_brand","embeddable":true,"href":"https:\/\/vapeenjoy.com\/de\/wp-json\/wp\/v2\/product_brand?post=422"},{"taxonomy":"product_cat","embeddable":true,"href":"https:\/\/vapeenjoy.com\/de\/wp-json\/wp\/v2\/product_cat?post=422"},{"taxonomy":"product_tag","embeddable":true,"href":"https:\/\/vapeenjoy.com\/de\/wp-json\/wp\/v2\/product_tag?post=422"}],"curies":[{"name":"WP","href":"https:\/\/api.w.org\/{rel}","templated":true}]}}