{"id":484,"date":"2025-07-23T06:44:09","date_gmt":"2025-07-23T06:44:09","guid":{"rendered":"https:\/\/vapeenjoy.com\/?post_type=product&#038;p=484"},"modified":"2025-08-18T09:45:52","modified_gmt":"2025-08-18T09:45:52","slug":"zooy-firzen-35000-puffs-adjustable-nicotine-and-ice-disposable-vape","status":"publish","type":"product","link":"https:\/\/vapeenjoy.com\/de\/produkt\/zooy-firzen-35000-puffs-verstellbares-nikotin-und-eis-einwegvape\/","title":{"rendered":"Zooy Firzen 35000 Puffs verstellbares Nikotin und Eis Einweg Vape 30ml"},"content":{"rendered":"<h2 dir=\"ltr\" data-pm-slice=\"1 3 []\">Zooy Firzen 35000 Puffs Einweg Vape Produktbeschreibung<\/h2>\n<p dir=\"ltr\">Zooy, ein vertrauensw\u00fcrdiger Name im Einwegvaping, liefert konsequent zuverl\u00e4ssige und geschmackvolle Ger\u00e4te. <strong>zum Beispiel<\/strong>, Der mit Qualit\u00e4t und Innovation gefertigte, mit Qualit\u00e4t und Innovation gefertigte, mit Qualit\u00e4t und Innovation gefertigte, einstellbare Nikotin und Eis, bietet eine beeindruckende Z\u00e4hlung. <strong>au\u00dferdem<\/strong>, seine anpassbaren Funktionen sorgen f\u00fcr eine ma\u00dfgeschneiderte Vaping-Sitzung. <strong>zus\u00e4tzlich<\/strong>, Das schlanke, rechteckige Design mit glattem, abgerundetem Griff erh\u00f6ht den Komfort und die Tragbarkeit. <strong>au\u00dferdem<\/strong>, ein lebendiges dreifarbiges LGB-Licht verleiht dynamisches visuelles Flair, <strong>indes<\/strong> Ein minimalistisches Logo in der N\u00e4he der Benutzeroberfl\u00e4che und der Modellname auf der Seite sorgen f\u00fcr eine saubere, moderne \u00c4sthetik.<\/p>\n<h2 dir=\"ltr\">Zooy Firzen 35000 Puffs Einweg-Vape-Spezifikationen<\/h2>\n<ul class=\"tight\" dir=\"ltr\" data-tight=\"true\">\n<li>\n<p dir=\"ltr\"><strong>Puffanzahl<\/strong>: Bis zu 35.000 Puffs \u2013 <strong>folglich<\/strong>, bietet eine dauerhafte Nutzung und reduziert h\u00e4ufige Ersetzungen.<\/p>\n<\/li>\n<li>\n<p dir=\"ltr\"><strong>E-Liquid-Kapazit\u00e4t<\/strong>: 30ml \u2013 mit reichlich E-Liquid vorgef\u00fcllt, <strong>so<\/strong> Unterst\u00fctzung von erweiterten Vaping-Sitzungen.<\/p>\n<\/li>\n<li>\n<p dir=\"ltr\"><strong>Nikotinst\u00e4rke<\/strong>: 0%, 2%, 5% \u2013 Einstellbare Optionen, <strong>welche<\/strong> Passen Sie verschiedene Vorlieben an, von milden bis starken Treffern.<\/p>\n<\/li>\n<li>\n<p dir=\"ltr\"><strong>Batteriekapazit\u00e4t<\/strong>: 650mAh wiederaufladbar \u2013 <strong>als Folge<\/strong>, unterst\u00fctzt l\u00e4ngere Nutzung durch schnelles Aufladen.<\/p>\n<\/li>\n<li>\n<p dir=\"ltr\"><strong>Ladeart<\/strong>: Typ-C \u2013 <strong>daher<\/strong>, erm\u00f6glicht schnelles, bequemes Aufladen mit einem modernen Port.<\/p>\n<\/li>\n<li>\n<p dir=\"ltr\"><strong>Spulentyp<\/strong>: 1,0+1,0 Dual-Mesh-Spule \u2013 <strong>Das bedeutet<\/strong> Es liefert konsistentes Aroma und eine gleichm\u00e4\u00dfige Dampfproduktion.<\/p>\n<\/li>\n<li>\n<p dir=\"ltr\"><strong>Nikotin- und Eiskontrolle<\/strong>: Drei einstellbare Stufen \u2013 <strong>mit anderen Worten<\/strong>, Benutzer k\u00f6nnen die Nikotinst\u00e4rke und das K\u00fchlgef\u00fchl anpassen.<\/p>\n<\/li>\n<li>\n<p dir=\"ltr\"><strong>Luftstrom<\/strong>: einstellbar \u2013 <strong>daher<\/strong>, Erm\u00f6glicht die Feinabstimmung der Auslosung f\u00fcr ein pers\u00f6nliches Dampfgef\u00fchl.<\/p>\n<\/li>\n<li>\n<p dir=\"ltr\"><strong>Aktivierung<\/strong>: gezogen \u2013 aktiviert \u2013 <strong>Einfach ausgedr\u00fcckt<\/strong>, Es verwendet einen Inhale-to-Vape-Mechanismus, ohne Tasten.<\/p>\n<\/li>\n<li>\n<p dir=\"ltr\"><strong>anzeigen<\/strong>: LED-Anzeige \u2013 <strong>genau<\/strong>, zeigt es Nikotin- und Eiseinstellungen mit roten (niedrigen), gr\u00fcnen (mittel) und blauen (hoch) Lichtern.<\/p>\n<\/li>\n<\/ul>\n<h2 dir=\"ltr\">10 Geschmacksoptionen<\/h2>\n<ol class=\"tight\" dir=\"ltr\" data-tight=\"true\">\n<li>\n<p dir=\"ltr\"><strong>Wassermeloneneis<\/strong>: Ein erfrischender Ausbruch saftiger Wassermelone, <strong>gepaart mit<\/strong> Ein k\u00fchles, eisiges Finish.<\/p>\n<\/li>\n<li>\n<p dir=\"ltr\"><strong>Aloe-Traube<\/strong>: glatte Aloe gemischt mit s\u00fc\u00dfer, spritziger Traube, <strong>was schafft<\/strong> Eine einzigartige Wendung.<\/p>\n<\/li>\n<li>\n<p dir=\"ltr\"><strong>Erdbeerbanane<\/strong>: Cremige Banane gepaart mit reifer Erdbeere, <strong>resultieren in<\/strong> Eine glatte, fruchtige Mischung.<\/p>\n<\/li>\n<li>\n<p dir=\"ltr\"><strong>Erdbeer-Himbeerkiwi<\/strong>: Ein lebhaftes Trio aus herben Himbeere, s\u00fc\u00dfer Erdbeere und tropischer Kiwi, <strong>Also Angebot<\/strong> Ein dynamischer Geschmack.<\/p>\n<\/li>\n<li>\n<p dir=\"ltr\"><strong>Blaubeer-Himbeer-Limonade<\/strong>: pikante Limonade mit s\u00fc\u00dfer Blaubeere und herben Himbeere, <strong>es zu schaffen<\/strong> Eine erfrischende Wahl.<\/p>\n<\/li>\n<li>\n<p dir=\"ltr\"><strong>Ananas-Kokos<\/strong>: Tropische Ananas trifft cremige Kokosnuss, <strong>folglich<\/strong> Lieferung einer strandinspirierten Mischung.<\/p>\n<\/li>\n<li>\n<p dir=\"ltr\"><strong>Menthol<\/strong>: knuspriges und k\u00fchles Menthol, <strong>was bietet<\/strong> Ein sauberes, erfrischendes Gef\u00fchl.<\/p>\n<\/li>\n<li>\n<p dir=\"ltr\"><strong>Erdbeer-Wassermelone<\/strong>: saftige Wassermelone kombiniert mit s\u00fc\u00dfer Erdbeere, <strong>daher<\/strong> ein ausgewogenes Fruchtaroma schaffen.<\/p>\n<\/li>\n<li>\n<p dir=\"ltr\"><strong>Beerenmischung<\/strong>: ein Medley aus reifen Beeren, <strong>Opfergabe<\/strong> Ein kr\u00e4ftiger, s\u00fc\u00dfer und leicht s\u00e4uerlicher Geschmack.<\/p>\n<\/li>\n<li>\n<p dir=\"ltr\"><strong>Brombeere<\/strong>: Reichhaltige Brombeere mit herben Cranberry, <strong>resultieren in<\/strong> Ein tiefes, fruchtiges Profil.<\/p>\n<\/li>\n<\/ol>\n<h2 dir=\"ltr\">H\u00e4ufig gestellte Fragen<\/h2>\n<ol dir=\"ltr\">\n<li>\n<p dir=\"ltr\"><strong>Wie stelle ich den Nikotin- und Eisspiegel am Zooy Firzen 35000 ein?<\/strong><br \/>\nDoppelklicken Sie auf das Ger\u00e4t, um durch die Einstellungen Low (Rotes Licht), Mittel (Gr\u00fcnes Licht) und High (Blaulicht) zu radeln, <strong>dadurch<\/strong> Anpassung von Nikotin und K\u00fchlintensit\u00e4t.<\/p>\n<\/li>\n<li>\n<p dir=\"ltr\"><strong>Was ist der Vorteil der Dual-Mesh-Spule in diesem Vape?<\/strong><br \/>\nDie Dual-Mesh-Spule sorgt f\u00fcr gleichm\u00e4\u00dfiges Heizen, <strong>was dazu f\u00fchrt<\/strong> Reicherer Geschmack und glatterer Dampf mit jedem Puff.<\/p>\n<\/li>\n<li>\n<p dir=\"ltr\"><strong>Wie lange h\u00e4lt der Akku, bevor er aufgeladen werden muss?<\/strong><br \/>\nDer 650-mAh-Akku unterst\u00fctzt den erweiterten Einsatz, <strong>typisch<\/strong> Dauernde Tage, je nach Dampffrequenz, <strong>und<\/strong> Schnelles Aufladen vom Typ C h\u00e4lt es bereit.<\/p>\n<\/li>\n<li>\n<p dir=\"ltr\"><strong>Wie kann ich den richtigen Geschmack f\u00fcr mich ausw\u00e4hlen?<\/strong><br \/>\n<strong>vorweg<\/strong>, \u00fcberlegen Sie Ihre Geschmackspr\u00e4ferenzen: <strong>beispielsweise<\/strong>, w\u00e4hle fruchtige Optionen wie Wassermeloneneis oder Erdbeer-Banane f\u00fcr s\u00fc\u00dfe Profile, Menthol f\u00fcr ein k\u00fchles Gef\u00fchl oder gemischte Beeren f\u00fcr einen mutigen, abwechslungsreichen Geschmack. <strong>dann<\/strong>Testen Sie verschiedene Geschmacksrichtungen, um Ihren Favoriten zu finden.<\/p>\n<\/li>\n<li>\n<p dir=\"ltr\"><strong>Ist der Zooy Firzen 35000 f\u00fcr Mund-Lungen-Vaping geeignet?<\/strong><br \/>\n<strong>tats\u00e4chlich<\/strong>, sein Design und einstellbarer Luftstrom machen es ideal f\u00fcr einen traditionellen Vaping-Stil von Mund zu Lunge.<\/p>\n<\/li>\n<li>\n<p dir=\"ltr\"><strong>Woher wei\u00df ich, wann ich das Ger\u00e4t aufladen muss?<\/strong><br \/>\nDie LED-Anzeige signalisiert niedrige Batterie, <strong>und<\/strong> Der Typ-C-Anschluss erm\u00f6glicht schnelles Aufladen, <strong>so<\/strong> Dich dampfen lassen.<\/p>\n<\/li>\n<li>\n<p dir=\"ltr\"><strong>Kann ich den Luftstrom f\u00fcr einen engeren oder lockereren Zug einstellen?<\/strong><br \/>\n<strong>absolut<\/strong>, Mit dem einstellbaren Luftstrom k\u00f6nnen Sie die Ziehung anpassen, <strong>ob<\/strong> Sie bevorzugen einen engen oder luftigen Widerstand.<\/p>\n<\/li>\n<\/ol>\n<p>&nbsp;<\/p>\n<p><img fetchpriority=\"high\" decoding=\"async\" class=\"alignnone wp-image-487 size-full\" src=\"https:\/\/vapeenjoy.com\/wp-content\/uploads\/2025\/07\/11-1.jpg\" alt=\"Zooy Firzen 35000 Puffs Einstellbare Nikotin- und Eis-Einwegvape-Aromen\" width=\"800\" height=\"800\" srcset=\"https:\/\/vapeenjoy.com\/wp-content\/uploads\/2025\/07\/11-1.jpg 800w, https:\/\/vapeenjoy.com\/wp-content\/uploads\/2025\/07\/11-1-300x300.jpg 300w, https:\/\/vapeenjoy.com\/wp-content\/uploads\/2025\/07\/11-1-600x600.jpg 600w, https:\/\/vapeenjoy.com\/wp-content\/uploads\/2025\/07\/11-1-150x150.jpg 150w, https:\/\/vapeenjoy.com\/wp-content\/uploads\/2025\/07\/11-1-768x768.jpg 768w\" sizes=\"(max-width: 800px) 100vw, 800px\" \/><\/p>","protected":false},"excerpt":{"rendered":"<p>Zooy, ein vertrauensw\u00fcrdiger Name im Vaping, pr\u00e4sentiert den Firzen 35000 Puffs Einwegvape. Dieses schlanke Ger\u00e4t bietet bis zu 35.000 Z\u00fcge, 30 ml E-Liquid, einstellbares 0%, 2%, 5% Nikotin und einen 650-mAh-Akku. Mit zwei Mesh-Spulen, anpassbarem Luftstrom und dreistufiger Nikotin- und Eiskontrolle bietet es ein ma\u00dfgeschneidertes Dampferlebnis mit lebendigen Aromen.<\/p>","protected":false},"featured_media":493,"comment_status":"open","ping_status":"closed","template":"","meta":[],"product_brand":[46],"product_cat":[47],"product_tag":[70,78],"class_list":{"0":"post-484","1":"product","2":"type-product","3":"status-publish","4":"has-post-thumbnail","6":"product_brand-zooy-vape","7":"product_cat-35000-puffs-vape","8":"product_tag-30ml","9":"product_tag-adjustable-nicotine-and-ice","11":"first","12":"instock","13":"sale","14":"shipping-taxable","15":"purchasable","16":"product-type-variable"},"yoast_head":"<!-- This site is optimized with the Yoast SEO plugin v25.7 - https:\/\/yoast.com\/wordpress\/plugins\/seo\/ -->\n<title>ZOOY FIRZEN 35K Puffs Adjustable Nicotine Disposable Vape<\/title>\n<meta name=\"description\" content=\"ZOOY FIRZEN 35000 Puffs Disposable Vape with adjustable nicotine and 30ml e-liquid. Long-lasting, icy vape with dual mesh coils. Shop now!\" \/>\n<meta name=\"robots\" content=\"index, follow, max-snippet:-1, max-image-preview:large, max-video-preview:-1\" \/>\n<link rel=\"canonical\" href=\"https:\/\/vapeenjoy.com\/de\/produkt\/zooy-firzen-35000-puffs-verstellbares-nikotin-und-eis-einwegvape\/\" \/>\n<meta property=\"og:locale\" content=\"de_DE\" \/>\n<meta property=\"og:type\" content=\"article\" \/>\n<meta property=\"og:title\" content=\"ZOOY FIRZEN 35K Puffs Adjustable Nicotine Disposable Vape\" \/>\n<meta property=\"og:description\" content=\"ZOOY FIRZEN 35000 Puffs Disposable Vape with adjustable nicotine and 30ml e-liquid. Long-lasting, icy vape with dual mesh coils. Shop now!\" \/>\n<meta property=\"og:url\" content=\"https:\/\/vapeenjoy.com\/de\/produkt\/zooy-firzen-35000-puffs-verstellbares-nikotin-und-eis-einwegvape\/\" \/>\n<meta property=\"og:site_name\" content=\"vapeenjoy\" \/>\n<meta property=\"article:modified_time\" content=\"2025-08-18T09:45:52+00:00\" \/>\n<meta property=\"og:image\" content=\"https:\/\/vapeenjoy.com\/wp-content\/uploads\/2025\/07\/240920.747.jpg\" \/>\n\t<meta property=\"og:image:width\" content=\"800\" \/>\n\t<meta property=\"og:image:height\" content=\"800\" \/>\n\t<meta property=\"og:image:type\" content=\"image\/jpeg\" \/>\n<meta name=\"twitter:card\" content=\"summary_large_image\" \/>\n<meta name=\"twitter:label1\" content=\"Gesch\u00e4tzte Lesezeit\" \/>\n\t<meta name=\"twitter:data1\" content=\"4\u00a0Minuten\" \/>\n<script type=\"application\/ld+json\" class=\"yoast-schema-graph\">{\"@context\":\"https:\/\/schema.org\",\"@graph\":[{\"@type\":\"WebPage\",\"@id\":\"https:\/\/vapeenjoy.com\/product\/zooy-firzen-35000-puffs-adjustable-nicotine-and-ice-disposable-vape\/\",\"url\":\"https:\/\/vapeenjoy.com\/product\/zooy-firzen-35000-puffs-adjustable-nicotine-and-ice-disposable-vape\/\",\"name\":\"ZOOY FIRZEN 35K Puffs Adjustable Nicotine Disposable Vape\",\"isPartOf\":{\"@id\":\"https:\/\/vapeenjoy.com\/#website\"},\"primaryImageOfPage\":{\"@id\":\"https:\/\/vapeenjoy.com\/product\/zooy-firzen-35000-puffs-adjustable-nicotine-and-ice-disposable-vape\/#primaryimage\"},\"image\":{\"@id\":\"https:\/\/vapeenjoy.com\/product\/zooy-firzen-35000-puffs-adjustable-nicotine-and-ice-disposable-vape\/#primaryimage\"},\"thumbnailUrl\":\"https:\/\/vapeenjoy.com\/wp-content\/uploads\/2025\/07\/240920.747.jpg\",\"datePublished\":\"2025-07-23T06:44:09+00:00\",\"dateModified\":\"2025-08-18T09:45:52+00:00\",\"description\":\"ZOOY FIRZEN 35000 Puffs Disposable Vape with adjustable nicotine and 30ml e-liquid. Long-lasting, icy vape with dual mesh coils. Shop now!\",\"breadcrumb\":{\"@id\":\"https:\/\/vapeenjoy.com\/product\/zooy-firzen-35000-puffs-adjustable-nicotine-and-ice-disposable-vape\/#breadcrumb\"},\"inLanguage\":\"de\",\"potentialAction\":[{\"@type\":\"ReadAction\",\"target\":[\"https:\/\/vapeenjoy.com\/product\/zooy-firzen-35000-puffs-adjustable-nicotine-and-ice-disposable-vape\/\"]}]},{\"@type\":\"ImageObject\",\"inLanguage\":\"de\",\"@id\":\"https:\/\/vapeenjoy.com\/product\/zooy-firzen-35000-puffs-adjustable-nicotine-and-ice-disposable-vape\/#primaryimage\",\"url\":\"https:\/\/vapeenjoy.com\/wp-content\/uploads\/2025\/07\/240920.747.jpg\",\"contentUrl\":\"https:\/\/vapeenjoy.com\/wp-content\/uploads\/2025\/07\/240920.747.jpg\",\"width\":800,\"height\":800},{\"@type\":\"BreadcrumbList\",\"@id\":\"https:\/\/vapeenjoy.com\/product\/zooy-firzen-35000-puffs-adjustable-nicotine-and-ice-disposable-vape\/#breadcrumb\",\"itemListElement\":[{\"@type\":\"ListItem\",\"position\":1,\"name\":\"Home\",\"item\":\"https:\/\/vapeenjoy.com\/\"},{\"@type\":\"ListItem\",\"position\":2,\"name\":\"Shop\",\"item\":\"https:\/\/vapeenjoy.com\/vapeenjoy-shop\/\"},{\"@type\":\"ListItem\",\"position\":3,\"name\":\"ZOOY FIRZEN 35000 Puffs Adjustable Nicotine and Ice Disposable Vape 30ml\"}]},{\"@type\":\"WebSite\",\"@id\":\"https:\/\/vapeenjoy.com\/#website\",\"url\":\"https:\/\/vapeenjoy.com\/\",\"name\":\"vapeenjoy\",\"description\":\"An online store for selling vapes\",\"potentialAction\":[{\"@type\":\"SearchAction\",\"target\":{\"@type\":\"EntryPoint\",\"urlTemplate\":\"https:\/\/vapeenjoy.com\/?s={search_term_string}\"},\"query-input\":{\"@type\":\"PropertyValueSpecification\",\"valueRequired\":true,\"valueName\":\"search_term_string\"}}],\"inLanguage\":\"de\"}]}<\/script>\n<!-- \/ Yoast SEO plugin. -->","yoast_head_json":{"title":"Zooy Firzen 35k Puffs verstellbarer Nikotin-Einweg-Vape","description":"Zooy Firzen 35000 Puffs Einwegvape mit verstellbarem Nikotin und 30ml E-Liquid. Langlebiger, eisiger Dampf mit zwei Mesh-Spulen. Jetzt einkaufen!","robots":{"index":"index","follow":"follow","max-snippet":"max-snippet:-1","max-image-preview":"max-image-preview:large","max-video-preview":"max-video-preview:-1"},"canonical":"https:\/\/vapeenjoy.com\/de\/produkt\/zooy-firzen-35000-puffs-verstellbares-nikotin-und-eis-einwegvape\/","og_locale":"de_DE","og_type":"article","og_title":"ZOOY FIRZEN 35K Puffs Adjustable Nicotine Disposable Vape","og_description":"ZOOY FIRZEN 35000 Puffs Disposable Vape with adjustable nicotine and 30ml e-liquid. Long-lasting, icy vape with dual mesh coils. Shop now!","og_url":"https:\/\/vapeenjoy.com\/de\/produkt\/zooy-firzen-35000-puffs-verstellbares-nikotin-und-eis-einwegvape\/","og_site_name":"vapeenjoy","article_modified_time":"2025-08-18T09:45:52+00:00","og_image":[{"width":800,"height":800,"url":"https:\/\/vapeenjoy.com\/wp-content\/uploads\/2025\/07\/240920.747.jpg","type":"image\/jpeg"}],"twitter_card":"summary_large_image","twitter_misc":{"Gesch\u00e4tzte Lesezeit":"4\u00a0Minuten"},"schema":{"@context":"https:\/\/schema.org","@graph":[{"@type":"WebPage","@id":"https:\/\/vapeenjoy.com\/product\/zooy-firzen-35000-puffs-adjustable-nicotine-and-ice-disposable-vape\/","url":"https:\/\/vapeenjoy.com\/product\/zooy-firzen-35000-puffs-adjustable-nicotine-and-ice-disposable-vape\/","name":"Zooy Firzen 35k Puffs verstellbarer Nikotin-Einweg-Vape","isPartOf":{"@id":"https:\/\/vapeenjoy.com\/#website"},"primaryImageOfPage":{"@id":"https:\/\/vapeenjoy.com\/product\/zooy-firzen-35000-puffs-adjustable-nicotine-and-ice-disposable-vape\/#primaryimage"},"image":{"@id":"https:\/\/vapeenjoy.com\/product\/zooy-firzen-35000-puffs-adjustable-nicotine-and-ice-disposable-vape\/#primaryimage"},"thumbnailUrl":"https:\/\/vapeenjoy.com\/wp-content\/uploads\/2025\/07\/240920.747.jpg","datePublished":"2025-07-23T06:44:09+00:00","dateModified":"2025-08-18T09:45:52+00:00","description":"Zooy Firzen 35000 Puffs Einwegvape mit verstellbarem Nikotin und 30ml E-Liquid. Langlebiger, eisiger Dampf mit zwei Mesh-Spulen. Jetzt einkaufen!","breadcrumb":{"@id":"https:\/\/vapeenjoy.com\/product\/zooy-firzen-35000-puffs-adjustable-nicotine-and-ice-disposable-vape\/#breadcrumb"},"inLanguage":"de","potentialAction":[{"@type":"ReadAction","target":["https:\/\/vapeenjoy.com\/product\/zooy-firzen-35000-puffs-adjustable-nicotine-and-ice-disposable-vape\/"]}]},{"@type":"ImageObject","inLanguage":"de","@id":"https:\/\/vapeenjoy.com\/product\/zooy-firzen-35000-puffs-adjustable-nicotine-and-ice-disposable-vape\/#primaryimage","url":"https:\/\/vapeenjoy.com\/wp-content\/uploads\/2025\/07\/240920.747.jpg","contentUrl":"https:\/\/vapeenjoy.com\/wp-content\/uploads\/2025\/07\/240920.747.jpg","width":800,"height":800},{"@type":"BreadcrumbList","@id":"https:\/\/vapeenjoy.com\/product\/zooy-firzen-35000-puffs-adjustable-nicotine-and-ice-disposable-vape\/#breadcrumb","itemListElement":[{"@type":"ListItem","position":1,"name":"Home","item":"https:\/\/vapeenjoy.com\/"},{"@type":"ListItem","position":2,"name":"Shop","item":"https:\/\/vapeenjoy.com\/vapeenjoy-shop\/"},{"@type":"ListItem","position":3,"name":"ZOOY FIRZEN 35000 Puffs Adjustable Nicotine and Ice Disposable Vape 30ml"}]},{"@type":"WebSite","@id":"https:\/\/vapeenjoy.com\/#website","url":"https:\/\/vapeenjoy.com\/","name":"Vapeenfreude","description":"Ein Online-Shop f\u00fcr den Verkauf von Vapes","potentialAction":[{"@type":"SearchAction","target":{"@type":"EntryPoint","urlTemplate":"https:\/\/vapeenjoy.com\/?s={search_term_string}"},"query-input":{"@type":"PropertyValueSpecification","valueRequired":true,"valueName":"search_term_string"}}],"inLanguage":"de"}]}},"_links":{"self":[{"href":"https:\/\/vapeenjoy.com\/de\/wp-json\/wp\/v2\/product\/484","targetHints":{"allow":["GET"]}}],"collection":[{"href":"https:\/\/vapeenjoy.com\/de\/wp-json\/wp\/v2\/product"}],"about":[{"href":"https:\/\/vapeenjoy.com\/de\/wp-json\/wp\/v2\/types\/product"}],"replies":[{"embeddable":true,"href":"https:\/\/vapeenjoy.com\/de\/wp-json\/wp\/v2\/comments?post=484"}],"version-history":[{"count":3,"href":"https:\/\/vapeenjoy.com\/de\/wp-json\/wp\/v2\/product\/484\/revisions"}],"predecessor-version":[{"id":2345,"href":"https:\/\/vapeenjoy.com\/de\/wp-json\/wp\/v2\/product\/484\/revisions\/2345"}],"wp:featuredmedia":[{"embeddable":true,"href":"https:\/\/vapeenjoy.com\/de\/wp-json\/wp\/v2\/media\/493"}],"wp:attachment":[{"href":"https:\/\/vapeenjoy.com\/de\/wp-json\/wp\/v2\/media?parent=484"}],"wp:term":[{"taxonomy":"product_brand","embeddable":true,"href":"https:\/\/vapeenjoy.com\/de\/wp-json\/wp\/v2\/product_brand?post=484"},{"taxonomy":"product_cat","embeddable":true,"href":"https:\/\/vapeenjoy.com\/de\/wp-json\/wp\/v2\/product_cat?post=484"},{"taxonomy":"product_tag","embeddable":true,"href":"https:\/\/vapeenjoy.com\/de\/wp-json\/wp\/v2\/product_tag?post=484"}],"curies":[{"name":"WP","href":"https:\/\/api.w.org\/{rel}","templated":true}]}}