{"id":619,"date":"2025-07-25T09:10:38","date_gmt":"2025-07-25T09:10:38","guid":{"rendered":"https:\/\/vapeenjoy.com\/?post_type=product&#038;p=619"},"modified":"2025-08-18T08:08:04","modified_gmt":"2025-08-18T08:08:04","slug":"zooy-triple-70000-puffs-3-in-1-flavor-disposable-vape","status":"publish","type":"product","link":"https:\/\/vapeenjoy.com\/de\/produkt\/zooy-triple-70000-puffs-3-in-1-geschmack-einwegvape\/","title":{"rendered":"Zooy Triple 70000 Puffs 3-in-1-Aromen Einweg-Vape 54ml 0-5% Nikotin"},"content":{"rendered":"<h2>Zooy Triple 70000 Puffs Einweg Vape Produktbeschreibung<\/h2>\n<p dir=\"auto\">Zooy, ein renommierter Vaping-Innovator aus Shenzhen, China, liefert durch seine Einwegvapse konsequent Qualit\u00e4t und Komfort. Insbesondere der Zooy Triple 70000 Puffs 3-in-1-Geschmacksvatablett bietet ein geschmackvolles, geschmackvolles Erlebnis f\u00fcr Vapers, die eine Vielfalt suchen. Dar\u00fcber hinaus liegt sein schlankes, kompaktes Design bequem in der Hand. Dar\u00fcber hinaus zeigt ein lebendiges LED-Display die Batterie- und E-Liquid-Pegel deutlich an, wodurch eine einfache \u00dcberwachung gew\u00e4hrleistet wird.<\/p>\n<h3 dir=\"auto\">Zooy Triple 70000 Puffs Einweg-Vape-Spezifikationen<\/h3>\n<ul dir=\"auto\">\n<li><strong>Puff<\/strong>: 70.000 \u2013 Dies bietet ein erweitertes Dampfen, wodurch die Austauschfrequenz reduziert wird.<\/li>\n<li><strong>E-Liquid-Kapazit\u00e4t<\/strong>: 54 ml - Insbesondere drei 18-ml-Tanks mit jeweils einem ausgepr\u00e4gten Geschmack erm\u00f6glichen ein nahtloses Schalten.<\/li>\n<li><strong>Nikotinst\u00e4rke<\/strong>: 0%, 2%, 3%, 5% \u2013 So k\u00f6nnen Anwender ihre bevorzugte St\u00e4rke w\u00e4hlen, von nikotinfreien bis robusten Treffern.<\/li>\n<li><strong>Batterie<\/strong>: 650mAh \u2013 Dar\u00fcber hinaus ist es \u00fcber Typ-C wiederaufladbar und sorgt f\u00fcr zuverl\u00e4ssige Leistung.<\/li>\n<li><strong>sich wickeln<\/strong>: Triple Mesh Coil - Wichtig ist, dass dies die Geschmacks- und Dampfkonsistenz \u00fcber alle Aromen hinweg verbessert.<\/li>\n<li><strong>Ladeanschluss<\/strong>: Typ-C \u2013 Dadurch minimiert schnelles, reversibles Laden Ausfallzeiten.<\/li>\n<li><strong>anzeigen<\/strong>: LED-Bildschirm \u2013 F\u00fcr zus\u00e4tzlichen Komfort zeigt es den Akku und den E-Liquid-Level in Echtzeit an.<\/li>\n<li><strong>Luftstrom<\/strong>: Einstellbar \u2013 So k\u00f6nnen Benutzer den Zugwiderstand f\u00fcr ein ma\u00dfgeschneidertes Erlebnis anpassen.<\/li>\n<\/ul>\n<h3 dir=\"auto\">12 einzigartige Geschmackskombinationen<\/h3>\n<ol dir=\"auto\">\n<li><strong>Wassermelone &amp; Zitronenlimette &amp; Kirschcola<\/strong> \u2013 Zuerst mischt sich saftige Wassermelone mit pikanter Zitronenlimette und kohlens\u00e4urehaltiger Kirschcola.<\/li>\n<li><strong>Erdbeerwassermelone &amp; Blaubeereis &amp; Liebe 666<\/strong> - Als n\u00e4chstes paart sich s\u00fc\u00dfe Erdbeer-Wassermelonen mit k\u00fchlem Blaubeereis und mysteri\u00f6ser Liebe 666.<\/li>\n<li><strong>Erdbeerkiwi &amp; Wassermelone Eis &amp; Red Bull<\/strong> \u2013 Zus\u00e4tzlich kombiniert spritzige Erdbeerkiwi mit gek\u00fchlter Wassermelone und einem energetischen Red Bull Kick.<\/li>\n<li><strong>Dreifache Melone &amp; Erdbeerwassermelone &amp; Zitronenpfirsich<\/strong> - W\u00e4hrenddessen verschmilzt ein Melonen-Trio mit s\u00fc\u00dfer Erdbeerwassermelone und herber Zitronenpfirsich.<\/li>\n<li><strong>Mr. Blue &amp; Strawberry Banane &amp; Zitronenlim<\/strong> - In \u00e4hnlicher Weise verbindet Bold Blue Raspberry cremige Erdbeer-Banane und knusprige Zitronenlimette.<\/li>\n<li><strong>Gemischte Beeren- und Erdbeer-Vanille-Cola &amp; Zitronen-Cola<\/strong> - Auch reichhaltige gemischte Beeren vermischen sich mit s\u00fc\u00dfer Erdbeer-Vanille-Cola und spritziger Zitronen-Cola.<\/li>\n<li><strong>Erdbeereis &amp; Zitrone Minze &amp; Passionsfrucht Zitrone<\/strong> - Dar\u00fcber hinaus sorgen gek\u00fchlte Erdbeere, erfrischende Zitronenminze und tropische Passionsfruchtzitrone f\u00fcr Lebendigkeit.<\/li>\n<li><strong>Blaubeer-Bublise &amp; Love 666 &amp; Erdbeerkiwi<\/strong> \u2013 Nostalgische Blaubeer-Bublisum-Basegummi-Paare mit r\u00e4tselhaftem Love 666 und spritzigem Erdbeerkiwi.<\/li>\n<li><strong>Rosa Limonade &amp; Erdbeer Himbeerkirsche &amp; Blaubeereis<\/strong> - Ebenso erg\u00e4nzt Tart Pink Lemonade s\u00fc\u00dfe Erdbeer-Himbeerkirsche und k\u00fchles Blaubeereis.<\/li>\n<li><strong>Mango-Eis &amp; Aloe-Trauben- und Kiwi-Passionsfrucht<\/strong> \u2013 Zu guter Letzt vermischt sich eisige Mango mit beruhigender Aloe-Traube und exotischer Kiwi-Passionsfrucht.<\/li>\n<\/ol>\n<h3 dir=\"auto\">H\u00e4ufig gestellte Fragen<\/h3>\n<ol dir=\"auto\">\n<li><strong>Was ist der Zooy Triple 70000 Puffs Vape?<\/strong><br \/>\nInsbesondere ist es ein Einweg-Vape mit 54-ml-E-Liquid, der bis zu 70.000 Z\u00fcge und ein 3-in-1-Geschmackssystem bietet.<\/li>\n<li><strong>Wie funktioniert das 3-in-1-Geschmackssystem?<\/strong><br \/>\nInsbesondere drei 18-ml-Tanks mit jeweils einem einzigartigen Geschmack erm\u00f6glichen das Schalten ohne Mischen.<\/li>\n<li><strong>Wie w\u00e4hle ich die richtige Geschmackskombination aus?<\/strong><br \/>\nZum Beispiel passen fruchtige Mischungen wie Erdbeerwassermelone und Blaubeereis zu s\u00fc\u00dfem Verlangen, w\u00e4hrend Lemon Mint &amp; Passions Fruit Lemon Erfrischung bietet. Testen Sie daher Ihre Favoriten.<\/li>\n<li><strong>Ist die Nikotinst\u00e4rke einstellbar?<\/strong><br \/>\nJa, in der Tat bieten Optionen von 0%, 2%, 3% und 5% unterschiedliche Pr\u00e4ferenzen.<\/li>\n<li><strong>Wie lange h\u00e4lt der Akku?<\/strong><br \/>\nFolglich h\u00e4lt der \u00fcber Typ-C wiederaufladbare 650-mAh-Akku durch Tausende von Puffs.<\/li>\n<li><strong>Kann ich den Luftstrom einstellen?<\/strong><br \/>\nAbsolut einstellbarer Luftstrom erm\u00f6glicht es Ihnen, den Zugwiderstand zu schneidern.<\/li>\n<li><strong>Woher wei\u00df ich, wann ich aufladen oder ersetzen muss?<\/strong><br \/>\nPraktischerweise zeigt der LED-Bildschirm Batterie- und E-Liquid-Level an und warnt Sie, wenn es erforderlich ist, aufzuladen oder auszutauschen.<\/li>\n<\/ol>\n<p><img fetchpriority=\"high\" decoding=\"async\" class=\"alignnone wp-image-622 size-full\" src=\"https:\/\/vapeenjoy.com\/wp-content\/uploads\/2025\/07\/Zooy70000-\u83dc\u5355\u5408\u96c6\u6d77\u62a5--scaled.jpg\" alt=\"Zooy Triple 70000 Puffs 3-in-1-Aromen Einweg-Vape-Aromen\" width=\"1314\" height=\"2560\" srcset=\"https:\/\/vapeenjoy.com\/wp-content\/uploads\/2025\/07\/Zooy70000-\u83dc\u5355\u5408\u96c6\u6d77\u62a5--scaled.jpg 1314w, https:\/\/vapeenjoy.com\/wp-content\/uploads\/2025\/07\/Zooy70000-\u83dc\u5355\u5408\u96c6\u6d77\u62a5--scaled-600x1169.jpg 600w, https:\/\/vapeenjoy.com\/wp-content\/uploads\/2025\/07\/Zooy70000-\u83dc\u5355\u5408\u96c6\u6d77\u62a5--154x300.jpg 154w, https:\/\/vapeenjoy.com\/wp-content\/uploads\/2025\/07\/Zooy70000-\u83dc\u5355\u5408\u96c6\u6d77\u62a5--526x1024.jpg 526w, https:\/\/vapeenjoy.com\/wp-content\/uploads\/2025\/07\/Zooy70000-\u83dc\u5355\u5408\u96c6\u6d77\u62a5--768x1496.jpg 768w, https:\/\/vapeenjoy.com\/wp-content\/uploads\/2025\/07\/Zooy70000-\u83dc\u5355\u5408\u96c6\u6d77\u62a5--789x1536.jpg 789w, https:\/\/vapeenjoy.com\/wp-content\/uploads\/2025\/07\/Zooy70000-\u83dc\u5355\u5408\u96c6\u6d77\u62a5--1051x2048.jpg 1051w\" sizes=\"(max-width: 1314px) 100vw, 1314px\" \/><\/p>","protected":false},"excerpt":{"rendered":"<p>Zooy, eine vertrauensw\u00fcrdige Vaping-Marke aus Shenzhen, China, pr\u00e4sentiert den Zooy Triple 70000 Puffs 3-in-1-Geschmacksvater. Dieses 54-ml-Ger\u00e4t bietet bis zu 70.000 Z\u00fcge, drei schaltbare Geschmacksrichtungen, 0-51-tp3t-Nikotinoptionen, einen 850-mAh-Akku und eine dreifache Mesh-Spule f\u00fcr reichhaltigen Geschmack. Mit einem LED-Display und einem einstellbaren Luftstrom sorgt er f\u00fcr langlebiges, anpassbares Dampfen.<\/p>","protected":false},"featured_media":623,"comment_status":"open","ping_status":"closed","template":"","meta":[],"product_brand":[46],"product_cat":[43],"product_tag":[64,73,79],"class_list":{"0":"post-619","1":"product","2":"type-product","3":"status-publish","4":"has-post-thumbnail","6":"product_brand-zooy-vape","7":"product_cat-70000-puffs-vape","8":"product_tag-0-5-nicotine","9":"product_tag-3-in-1-flavors","10":"product_tag-54ml","12":"first","13":"instock","14":"sale","15":"shipping-taxable","16":"purchasable","17":"product-type-variable"},"yoast_head":"<!-- This site is optimized with the Yoast SEO plugin v25.7 - https:\/\/yoast.com\/wordpress\/plugins\/seo\/ -->\n<title>ZOOY Triple 70000 Puffs 3-in-1 Flavors Disposable Vape 54ml<\/title>\n<meta name=\"description\" content=\"ZOOY Triple 70000 Puffs Disposable Vape: 54mL, 0-5% nicotine, 3-in-1 flavors, triple mesh coils, 650mAh battery. Shop now for a lasting vape!\" \/>\n<meta name=\"robots\" content=\"index, follow, max-snippet:-1, max-image-preview:large, max-video-preview:-1\" \/>\n<link rel=\"canonical\" href=\"https:\/\/vapeenjoy.com\/de\/produkt\/zooy-triple-70000-puffs-3-in-1-geschmack-einwegvape\/\" \/>\n<meta property=\"og:locale\" content=\"de_DE\" \/>\n<meta property=\"og:type\" content=\"article\" \/>\n<meta property=\"og:title\" content=\"ZOOY Triple 70000 Puffs 3-in-1 Flavors Disposable Vape 54ml\" \/>\n<meta property=\"og:description\" content=\"ZOOY Triple 70000 Puffs Disposable Vape: 54mL, 0-5% nicotine, 3-in-1 flavors, triple mesh coils, 650mAh battery. Shop now for a lasting vape!\" \/>\n<meta property=\"og:url\" content=\"https:\/\/vapeenjoy.com\/de\/produkt\/zooy-triple-70000-puffs-3-in-1-geschmack-einwegvape\/\" \/>\n<meta property=\"og:site_name\" content=\"vapeenjoy\" \/>\n<meta property=\"article:modified_time\" content=\"2025-08-18T08:08:04+00:00\" \/>\n<meta property=\"og:image\" content=\"https:\/\/vapeenjoy.com\/wp-content\/uploads\/2025\/07\/01.jpg\" \/>\n\t<meta property=\"og:image:width\" content=\"2000\" \/>\n\t<meta property=\"og:image:height\" content=\"2000\" \/>\n\t<meta property=\"og:image:type\" content=\"image\/jpeg\" \/>\n<meta name=\"twitter:card\" content=\"summary_large_image\" \/>\n<meta name=\"twitter:label1\" content=\"Gesch\u00e4tzte Lesezeit\" \/>\n\t<meta name=\"twitter:data1\" content=\"3\u00a0Minuten\" \/>\n<script type=\"application\/ld+json\" class=\"yoast-schema-graph\">{\"@context\":\"https:\/\/schema.org\",\"@graph\":[{\"@type\":\"WebPage\",\"@id\":\"https:\/\/vapeenjoy.com\/product\/zooy-triple-70000-puffs-3-in-1-flavor-disposable-vape\/\",\"url\":\"https:\/\/vapeenjoy.com\/product\/zooy-triple-70000-puffs-3-in-1-flavor-disposable-vape\/\",\"name\":\"ZOOY Triple 70000 Puffs 3-in-1 Flavors Disposable Vape 54ml\",\"isPartOf\":{\"@id\":\"https:\/\/vapeenjoy.com\/#website\"},\"primaryImageOfPage\":{\"@id\":\"https:\/\/vapeenjoy.com\/product\/zooy-triple-70000-puffs-3-in-1-flavor-disposable-vape\/#primaryimage\"},\"image\":{\"@id\":\"https:\/\/vapeenjoy.com\/product\/zooy-triple-70000-puffs-3-in-1-flavor-disposable-vape\/#primaryimage\"},\"thumbnailUrl\":\"https:\/\/vapeenjoy.com\/wp-content\/uploads\/2025\/07\/01.jpg\",\"datePublished\":\"2025-07-25T09:10:38+00:00\",\"dateModified\":\"2025-08-18T08:08:04+00:00\",\"description\":\"ZOOY Triple 70000 Puffs Disposable Vape: 54mL, 0-5% nicotine, 3-in-1 flavors, triple mesh coils, 650mAh battery. Shop now for a lasting vape!\",\"breadcrumb\":{\"@id\":\"https:\/\/vapeenjoy.com\/product\/zooy-triple-70000-puffs-3-in-1-flavor-disposable-vape\/#breadcrumb\"},\"inLanguage\":\"de\",\"potentialAction\":[{\"@type\":\"ReadAction\",\"target\":[\"https:\/\/vapeenjoy.com\/product\/zooy-triple-70000-puffs-3-in-1-flavor-disposable-vape\/\"]}]},{\"@type\":\"ImageObject\",\"inLanguage\":\"de\",\"@id\":\"https:\/\/vapeenjoy.com\/product\/zooy-triple-70000-puffs-3-in-1-flavor-disposable-vape\/#primaryimage\",\"url\":\"https:\/\/vapeenjoy.com\/wp-content\/uploads\/2025\/07\/01.jpg\",\"contentUrl\":\"https:\/\/vapeenjoy.com\/wp-content\/uploads\/2025\/07\/01.jpg\",\"width\":2000,\"height\":2000},{\"@type\":\"BreadcrumbList\",\"@id\":\"https:\/\/vapeenjoy.com\/product\/zooy-triple-70000-puffs-3-in-1-flavor-disposable-vape\/#breadcrumb\",\"itemListElement\":[{\"@type\":\"ListItem\",\"position\":1,\"name\":\"Home\",\"item\":\"https:\/\/vapeenjoy.com\/\"},{\"@type\":\"ListItem\",\"position\":2,\"name\":\"Shop\",\"item\":\"https:\/\/vapeenjoy.com\/vapeenjoy-shop\/\"},{\"@type\":\"ListItem\",\"position\":3,\"name\":\"ZOOY Triple 70000 Puffs 3-in-1 Flavors Disposable Vape 54ml 0-5% Nicotine\"}]},{\"@type\":\"WebSite\",\"@id\":\"https:\/\/vapeenjoy.com\/#website\",\"url\":\"https:\/\/vapeenjoy.com\/\",\"name\":\"vapeenjoy\",\"description\":\"An online store for selling vapes\",\"potentialAction\":[{\"@type\":\"SearchAction\",\"target\":{\"@type\":\"EntryPoint\",\"urlTemplate\":\"https:\/\/vapeenjoy.com\/?s={search_term_string}\"},\"query-input\":{\"@type\":\"PropertyValueSpecification\",\"valueRequired\":true,\"valueName\":\"search_term_string\"}}],\"inLanguage\":\"de\"}]}<\/script>\n<!-- \/ Yoast SEO plugin. -->","yoast_head_json":{"title":"Zooy Triple 70000 Puffs 3-in-1-Aromen Einweg-Vape 54ml","description":"Zooy Triple 70000 Puffs Einwegvape: 54 ml, 0-5% Nikotin, 3-in-1-Aromen, Triple-Mesh-Spulen, 650-mAh-Akku. Jetzt f\u00fcr einen dauerhaften Dampf einkaufen!","robots":{"index":"index","follow":"follow","max-snippet":"max-snippet:-1","max-image-preview":"max-image-preview:large","max-video-preview":"max-video-preview:-1"},"canonical":"https:\/\/vapeenjoy.com\/de\/produkt\/zooy-triple-70000-puffs-3-in-1-geschmack-einwegvape\/","og_locale":"de_DE","og_type":"article","og_title":"ZOOY Triple 70000 Puffs 3-in-1 Flavors Disposable Vape 54ml","og_description":"ZOOY Triple 70000 Puffs Disposable Vape: 54mL, 0-5% nicotine, 3-in-1 flavors, triple mesh coils, 650mAh battery. Shop now for a lasting vape!","og_url":"https:\/\/vapeenjoy.com\/de\/produkt\/zooy-triple-70000-puffs-3-in-1-geschmack-einwegvape\/","og_site_name":"vapeenjoy","article_modified_time":"2025-08-18T08:08:04+00:00","og_image":[{"width":2000,"height":2000,"url":"https:\/\/vapeenjoy.com\/wp-content\/uploads\/2025\/07\/01.jpg","type":"image\/jpeg"}],"twitter_card":"summary_large_image","twitter_misc":{"Gesch\u00e4tzte Lesezeit":"3\u00a0Minuten"},"schema":{"@context":"https:\/\/schema.org","@graph":[{"@type":"WebPage","@id":"https:\/\/vapeenjoy.com\/product\/zooy-triple-70000-puffs-3-in-1-flavor-disposable-vape\/","url":"https:\/\/vapeenjoy.com\/product\/zooy-triple-70000-puffs-3-in-1-flavor-disposable-vape\/","name":"Zooy Triple 70000 Puffs 3-in-1-Aromen Einweg-Vape 54ml","isPartOf":{"@id":"https:\/\/vapeenjoy.com\/#website"},"primaryImageOfPage":{"@id":"https:\/\/vapeenjoy.com\/product\/zooy-triple-70000-puffs-3-in-1-flavor-disposable-vape\/#primaryimage"},"image":{"@id":"https:\/\/vapeenjoy.com\/product\/zooy-triple-70000-puffs-3-in-1-flavor-disposable-vape\/#primaryimage"},"thumbnailUrl":"https:\/\/vapeenjoy.com\/wp-content\/uploads\/2025\/07\/01.jpg","datePublished":"2025-07-25T09:10:38+00:00","dateModified":"2025-08-18T08:08:04+00:00","description":"Zooy Triple 70000 Puffs Einwegvape: 54 ml, 0-5% Nikotin, 3-in-1-Aromen, Triple-Mesh-Spulen, 650-mAh-Akku. Jetzt f\u00fcr einen dauerhaften Dampf einkaufen!","breadcrumb":{"@id":"https:\/\/vapeenjoy.com\/product\/zooy-triple-70000-puffs-3-in-1-flavor-disposable-vape\/#breadcrumb"},"inLanguage":"de","potentialAction":[{"@type":"ReadAction","target":["https:\/\/vapeenjoy.com\/product\/zooy-triple-70000-puffs-3-in-1-flavor-disposable-vape\/"]}]},{"@type":"ImageObject","inLanguage":"de","@id":"https:\/\/vapeenjoy.com\/product\/zooy-triple-70000-puffs-3-in-1-flavor-disposable-vape\/#primaryimage","url":"https:\/\/vapeenjoy.com\/wp-content\/uploads\/2025\/07\/01.jpg","contentUrl":"https:\/\/vapeenjoy.com\/wp-content\/uploads\/2025\/07\/01.jpg","width":2000,"height":2000},{"@type":"BreadcrumbList","@id":"https:\/\/vapeenjoy.com\/product\/zooy-triple-70000-puffs-3-in-1-flavor-disposable-vape\/#breadcrumb","itemListElement":[{"@type":"ListItem","position":1,"name":"Home","item":"https:\/\/vapeenjoy.com\/"},{"@type":"ListItem","position":2,"name":"Shop","item":"https:\/\/vapeenjoy.com\/vapeenjoy-shop\/"},{"@type":"ListItem","position":3,"name":"ZOOY Triple 70000 Puffs 3-in-1 Flavors Disposable Vape 54ml 0-5% Nicotine"}]},{"@type":"WebSite","@id":"https:\/\/vapeenjoy.com\/#website","url":"https:\/\/vapeenjoy.com\/","name":"Vapeenfreude","description":"Ein Online-Shop f\u00fcr den Verkauf von Vapes","potentialAction":[{"@type":"SearchAction","target":{"@type":"EntryPoint","urlTemplate":"https:\/\/vapeenjoy.com\/?s={search_term_string}"},"query-input":{"@type":"PropertyValueSpecification","valueRequired":true,"valueName":"search_term_string"}}],"inLanguage":"de"}]}},"_links":{"self":[{"href":"https:\/\/vapeenjoy.com\/de\/wp-json\/wp\/v2\/product\/619","targetHints":{"allow":["GET"]}}],"collection":[{"href":"https:\/\/vapeenjoy.com\/de\/wp-json\/wp\/v2\/product"}],"about":[{"href":"https:\/\/vapeenjoy.com\/de\/wp-json\/wp\/v2\/types\/product"}],"replies":[{"embeddable":true,"href":"https:\/\/vapeenjoy.com\/de\/wp-json\/wp\/v2\/comments?post=619"}],"version-history":[{"count":3,"href":"https:\/\/vapeenjoy.com\/de\/wp-json\/wp\/v2\/product\/619\/revisions"}],"predecessor-version":[{"id":2319,"href":"https:\/\/vapeenjoy.com\/de\/wp-json\/wp\/v2\/product\/619\/revisions\/2319"}],"wp:featuredmedia":[{"embeddable":true,"href":"https:\/\/vapeenjoy.com\/de\/wp-json\/wp\/v2\/media\/623"}],"wp:attachment":[{"href":"https:\/\/vapeenjoy.com\/de\/wp-json\/wp\/v2\/media?parent=619"}],"wp:term":[{"taxonomy":"product_brand","embeddable":true,"href":"https:\/\/vapeenjoy.com\/de\/wp-json\/wp\/v2\/product_brand?post=619"},{"taxonomy":"product_cat","embeddable":true,"href":"https:\/\/vapeenjoy.com\/de\/wp-json\/wp\/v2\/product_cat?post=619"},{"taxonomy":"product_tag","embeddable":true,"href":"https:\/\/vapeenjoy.com\/de\/wp-json\/wp\/v2\/product_tag?post=619"}],"curies":[{"name":"WP","href":"https:\/\/api.w.org\/{rel}","templated":true}]}}