{"id":629,"date":"2025-07-25T10:00:37","date_gmt":"2025-07-25T10:00:37","guid":{"rendered":"https:\/\/vapeenjoy.com\/?post_type=product&#038;p=629"},"modified":"2025-08-18T08:07:53","modified_gmt":"2025-08-18T08:07:53","slug":"elf-world-pb-45k-puffs-disposable-vape","status":"publish","type":"product","link":"https:\/\/vapeenjoy.com\/de\/produkt\/elf-world-pb-45k-puffs-einwegvape\/","title":{"rendered":"ElfWorld PB 45K Puffs Einstellbares Nikotin und Eis Einweg Vape 28ml"},"content":{"rendered":"<h2 dir=\"auto\">Elfworld PB 45K Puffs Einweg Vape Produktbeschreibung<\/h2>\n<p dir=\"auto\">Seit 2019 ist ElfWorld ein vertrauensw\u00fcrdiger Name f\u00fcr die Vaping-Innovation und liefert konsequent hochwertige, geschmackvolle Ger\u00e4te. So bietet der ElfWorld PB 45K Puffs Einweg Vape beeindruckende 45.000 Puffs f\u00fcr den erweiterten Einsatz. Dar\u00fcber hinaus sorgt das schlanke, tragbare Design f\u00fcr einfaches Tragen. Dar\u00fcber hinaus verbessern die lebendige \u00c4sthetik und das digitale Vollbild-Display sowohl die Praktikabilit\u00e4t als auch die visuelle Anziehungskraft und machen es zu einer herausragenden Wahl f\u00fcr Dampfer.<\/p>\n<h2 dir=\"auto\">ElfWorld PB 45K Puffs Einweg-Vape-Spezifikationen<\/h2>\n<ul dir=\"auto\">\n<li><strong>Puff<\/strong>: 45.000 \u2013 Genie\u00dfen Sie eine lang anhaltende Nutzung ohne h\u00e4ufigen Austausch.<\/li>\n<li><strong>E-Liquid-Kapazit\u00e4t<\/strong>: 20 ml + 8 ml \u2013 vorgef\u00fcllt f\u00fcr einen gleichbleibenden Geschmack.<\/li>\n<li><strong>Batterie<\/strong>: 800 mAh \u2013 Unterst\u00fctzt erweiterte Sitzungen mit Typ-C-Ladebetrieb.<\/li>\n<li><strong>Nikotinst\u00e4rke<\/strong>: Einstellbar (drei Stufen) \u2013 W\u00e4hlen Sie niedrig, regul\u00e4r oder stark.<\/li>\n<li><strong>Eisst\u00e4rke<\/strong>: Einstellbar (drei Stufen) \u2013 Anpassen von keiner K\u00fchlung bis intensivem Menthol.<\/li>\n<li><strong>Luftstrom<\/strong>: Anpassbar \u2013 Feinabstimmung des Zeichenwiderstands f\u00fcr ein personalisiertes Erlebnis.<\/li>\n<li><strong>sich wickeln<\/strong>: Dual Mesh \u2013 sorgt f\u00fcr sanften Dampf und reichhaltiges Aroma.<\/li>\n<li><strong>anzeigen<\/strong>: Vollbild \u2013 \u00dcberwachen Sie den Akku, E-Liquid, Nikotin und Eis.<\/li>\n<li><strong>Indikatoren<\/strong>: Batterie und E-Liquid \u2013 Bleiben Sie mit Echtzeit-Updates informiert.<\/li>\n<li><strong>Aufschluss<\/strong>: Typ-C \u2013 Schnelles Aufladen f\u00fcr minimale Ausfallzeiten.<\/li>\n<\/ul>\n<h2 dir=\"auto\">Zehn Geschmacksprofile<\/h2>\n<ol dir=\"auto\">\n<li><strong>Sauer Wassermelonentropfen<\/strong> \u2013 W\u00fcrzige Wassermelone mit einem sauren Tritt.<\/li>\n<li><strong>Miami Mint<\/strong> \u2013 Knusprige, belebende Minze f\u00fcr einen erfrischenden Puff.<\/li>\n<li><strong>Blaues Razz-Eis<\/strong> \u2013 S\u00fc\u00dfe blaue Himbeere mit einem k\u00fchlen Menthol-Finish.<\/li>\n<li><strong>Pfirsich-Mango<\/strong> - Saftige Pfirsich und tropische Mango f\u00fcr eine s\u00fc\u00dfe Mischung.<\/li>\n<li><strong>Sauer Apfel<\/strong> \u2013 Tarter gr\u00fcner Apfel mit einem knackigen Nachgeschmack.<\/li>\n<li><strong>Bananen-Erdbeer<\/strong> - Cremige Banane trifft auf s\u00fc\u00dfe Erdbeere.<\/li>\n<li><strong>Kirschbombe<\/strong> - Fettgedruckte, s\u00fc\u00dfe Kirsche mit einer herben Kante.<\/li>\n<li><strong>Traubeneis<\/strong> \u2013 Reiche Traube mit erfrischendem Menthol-Twist.<\/li>\n<li><strong>Gummib\u00e4rchen<\/strong> - S\u00fc\u00dfer, von S\u00fc\u00dfigkeiten inspirierter Gummigeschmack.<\/li>\n<li><strong>Kiwi-Passionsfrucht-Guave<\/strong> \u2013 Lebendiges tropisches Trio f\u00fcr einen saftigen Geschmack.<\/li>\n<\/ol>\n<h2 dir=\"auto\">H\u00e4ufig gestellte Fragen<\/h2>\n<ol dir=\"auto\">\n<li><strong>Was macht diesen Vape einzigartig?<\/strong><br \/>\nInsbesondere die einstellbare Nikotin- und Eisniveaus, die Dual-Mesh-Spule und das Vollbild-Display zeichnen ihn aus.<\/li>\n<li><strong>Wie w\u00e4hle ich einen Geschmack aus?<\/strong><br \/>\nProbieren Sie zum Beispiel Peach Mango f\u00fcr s\u00fc\u00dfe, fruchtige Noten oder Miami Mint f\u00fcr ein cooles Gef\u00fchl. Passen Sie die Eiseinstellungen an Ihren Geschmack an.<\/li>\n<li><strong>Wie lange h\u00e4lt der Akku?<\/strong><br \/>\nIn der Regel h\u00e4lt der 800-mAh-Akku je nach Nutzung mehrere Tage f\u00fcr m\u00e4\u00dfige Dampfer.<\/li>\n<li><strong>Kann ich die Nikotinst\u00e4rke einstellen?<\/strong><br \/>\nJa, schalten Sie einfach zwischen niedrigen, regul\u00e4ren oder starken Pegeln um.<\/li>\n<li><strong>Ist es f\u00fcr schwere Dampfer geeignet?<\/strong><br \/>\nAbsolut, seine 45.000 Puffs und 28 ml E-Liquid Fassungsverm\u00f6gen sorgen f\u00fcr eine langlebige Leistung.<\/li>\n<li><strong>Wie funktioniert die Anpassung des Luftstroms?<\/strong><br \/>\nPassen Sie einfach den Zugwiderstand von eng nach luftig an, um Ihr bevorzugtes Gef\u00fchl zu erzielen.<\/li>\n<li><strong>Warum eine Dual-Mesh-Spule verwenden?<\/strong><br \/>\nFolglich liefert es glatteren Dampf und einen gleichm\u00e4\u00dfigen, reichen Geschmack.<\/li>\n<\/ol>\n<p><img fetchpriority=\"high\" decoding=\"async\" class=\"alignnone wp-image-633 size-full\" src=\"https:\/\/vapeenjoy.com\/wp-content\/uploads\/2025\/07\/0070214e56127839fba10a4d83064096_-scaled.jpg\" alt=\"Elfworld PB 45K Puffs Einstellbare Nikotin- und Eis-Einwegvape-Aromen \" width=\"1167\" height=\"2560\" srcset=\"https:\/\/vapeenjoy.com\/wp-content\/uploads\/2025\/07\/0070214e56127839fba10a4d83064096_-scaled.jpg 1167w, https:\/\/vapeenjoy.com\/wp-content\/uploads\/2025\/07\/0070214e56127839fba10a4d83064096_-scaled-600x1316.jpg 600w, https:\/\/vapeenjoy.com\/wp-content\/uploads\/2025\/07\/0070214e56127839fba10a4d83064096_-137x300.jpg 137w, https:\/\/vapeenjoy.com\/wp-content\/uploads\/2025\/07\/0070214e56127839fba10a4d83064096_-467x1024.jpg 467w, https:\/\/vapeenjoy.com\/wp-content\/uploads\/2025\/07\/0070214e56127839fba10a4d83064096_-768x1685.jpg 768w, https:\/\/vapeenjoy.com\/wp-content\/uploads\/2025\/07\/0070214e56127839fba10a4d83064096_-700x1536.jpg 700w, https:\/\/vapeenjoy.com\/wp-content\/uploads\/2025\/07\/0070214e56127839fba10a4d83064096_-933x2048.jpg 933w\" sizes=\"(max-width: 1167px) 100vw, 1167px\" \/><\/p>","protected":false},"excerpt":{"rendered":"<p dir=\"ltr\" data-pm-slice=\"1 1 []\">Elfworld, seit 2019 ein vertrauensw\u00fcrdiger Name im Vaping, liefert Qualit\u00e4t und Geschmack mit dem PB 45000 Puffs Einwegvape. Dieses schlanke Ger\u00e4t bietet bis zu 45.000 Z\u00fcge, 20 ml + 8 ml E-Liquid, einstellbare Nikotin- und Eisniveaus, doppelte Mesh-Spule, anpassbare Luftstr\u00f6mungen und ein Vollbild-Display mit Batterie- und E-Liquid-Anzeigen, die langlebige, ma\u00dfgeschneiderte Dampfen gew\u00e4hrleisten.<\/p>","protected":false},"featured_media":639,"comment_status":"open","ping_status":"closed","template":"","meta":[],"product_brand":[56],"product_cat":[45],"product_tag":[68,78],"class_list":{"0":"post-629","1":"product","2":"type-product","3":"status-publish","4":"has-post-thumbnail","6":"product_brand-elfworld-vape","7":"product_cat-45000-puffs-vape","8":"product_tag-28ml","9":"product_tag-adjustable-nicotine-and-ice","11":"first","12":"instock","13":"sale","14":"shipping-taxable","15":"purchasable","16":"product-type-variable"},"yoast_head":"<!-- This site is optimized with the Yoast SEO plugin v25.7 - https:\/\/yoast.com\/wordpress\/plugins\/seo\/ -->\n<title>Elfworld Pb 45K Puffs Adjustable Nicotine and Ice Disposable Vape<\/title>\n<meta name=\"description\" content=\"Get the Elfworld PB 45K Puffs Disposable Vape with adjustable nicotine, ice, and 28ml e-liquid. Rechargeable 800mAh battery. Buy now!\" \/>\n<meta name=\"robots\" content=\"index, follow, max-snippet:-1, max-image-preview:large, max-video-preview:-1\" \/>\n<link rel=\"canonical\" href=\"https:\/\/vapeenjoy.com\/de\/produkt\/elf-world-pb-45k-puffs-einwegvape\/\" \/>\n<meta property=\"og:locale\" content=\"de_DE\" \/>\n<meta property=\"og:type\" content=\"article\" \/>\n<meta property=\"og:title\" content=\"Elfworld Pb 45K Puffs Adjustable Nicotine and Ice Disposable Vape\" \/>\n<meta property=\"og:description\" content=\"Get the Elfworld PB 45K Puffs Disposable Vape with adjustable nicotine, ice, and 28ml e-liquid. Rechargeable 800mAh battery. Buy now!\" \/>\n<meta property=\"og:url\" content=\"https:\/\/vapeenjoy.com\/de\/produkt\/elf-world-pb-45k-puffs-einwegvape\/\" \/>\n<meta property=\"og:site_name\" content=\"vapeenjoy\" \/>\n<meta property=\"article:modified_time\" content=\"2025-08-18T08:07:53+00:00\" \/>\n<meta property=\"og:image\" content=\"https:\/\/vapeenjoy.com\/wp-content\/uploads\/2025\/07\/Elfworld-Pb-45000-Puffs-Adjustable-Nicotine-and-Ice-Disposable-Vape.webp\" \/>\n\t<meta property=\"og:image:width\" content=\"1012\" \/>\n\t<meta property=\"og:image:height\" content=\"1012\" \/>\n\t<meta property=\"og:image:type\" content=\"image\/webp\" \/>\n<meta name=\"twitter:card\" content=\"summary_large_image\" \/>\n<meta name=\"twitter:label1\" content=\"Gesch\u00e4tzte Lesezeit\" \/>\n\t<meta name=\"twitter:data1\" content=\"3\u00a0Minuten\" \/>\n<script type=\"application\/ld+json\" class=\"yoast-schema-graph\">{\"@context\":\"https:\/\/schema.org\",\"@graph\":[{\"@type\":\"WebPage\",\"@id\":\"https:\/\/vapeenjoy.com\/product\/elf-world-pb-45k-puffs-disposable-vape\/\",\"url\":\"https:\/\/vapeenjoy.com\/product\/elf-world-pb-45k-puffs-disposable-vape\/\",\"name\":\"Elfworld Pb 45K Puffs Adjustable Nicotine and Ice Disposable Vape\",\"isPartOf\":{\"@id\":\"https:\/\/vapeenjoy.com\/#website\"},\"primaryImageOfPage\":{\"@id\":\"https:\/\/vapeenjoy.com\/product\/elf-world-pb-45k-puffs-disposable-vape\/#primaryimage\"},\"image\":{\"@id\":\"https:\/\/vapeenjoy.com\/product\/elf-world-pb-45k-puffs-disposable-vape\/#primaryimage\"},\"thumbnailUrl\":\"https:\/\/vapeenjoy.com\/wp-content\/uploads\/2025\/07\/Elfworld-Pb-45000-Puffs-Adjustable-Nicotine-and-Ice-Disposable-Vape.webp\",\"datePublished\":\"2025-07-25T10:00:37+00:00\",\"dateModified\":\"2025-08-18T08:07:53+00:00\",\"description\":\"Get the Elfworld PB 45K Puffs Disposable Vape with adjustable nicotine, ice, and 28ml e-liquid. Rechargeable 800mAh battery. Buy now!\",\"breadcrumb\":{\"@id\":\"https:\/\/vapeenjoy.com\/product\/elf-world-pb-45k-puffs-disposable-vape\/#breadcrumb\"},\"inLanguage\":\"de\",\"potentialAction\":[{\"@type\":\"ReadAction\",\"target\":[\"https:\/\/vapeenjoy.com\/product\/elf-world-pb-45k-puffs-disposable-vape\/\"]}]},{\"@type\":\"ImageObject\",\"inLanguage\":\"de\",\"@id\":\"https:\/\/vapeenjoy.com\/product\/elf-world-pb-45k-puffs-disposable-vape\/#primaryimage\",\"url\":\"https:\/\/vapeenjoy.com\/wp-content\/uploads\/2025\/07\/Elfworld-Pb-45000-Puffs-Adjustable-Nicotine-and-Ice-Disposable-Vape.webp\",\"contentUrl\":\"https:\/\/vapeenjoy.com\/wp-content\/uploads\/2025\/07\/Elfworld-Pb-45000-Puffs-Adjustable-Nicotine-and-Ice-Disposable-Vape.webp\",\"width\":1012,\"height\":1012,\"caption\":\"Elfworld Pb 45000 Puffs Adjustable Nicotine and Ice Disposable Vape\"},{\"@type\":\"BreadcrumbList\",\"@id\":\"https:\/\/vapeenjoy.com\/product\/elf-world-pb-45k-puffs-disposable-vape\/#breadcrumb\",\"itemListElement\":[{\"@type\":\"ListItem\",\"position\":1,\"name\":\"Home\",\"item\":\"https:\/\/vapeenjoy.com\/\"},{\"@type\":\"ListItem\",\"position\":2,\"name\":\"Shop\",\"item\":\"https:\/\/vapeenjoy.com\/vapeenjoy-shop\/\"},{\"@type\":\"ListItem\",\"position\":3,\"name\":\"Elfworld Pb 45K Puffs Adjustable Nicotine and Ice Disposable Vape 28ml\"}]},{\"@type\":\"WebSite\",\"@id\":\"https:\/\/vapeenjoy.com\/#website\",\"url\":\"https:\/\/vapeenjoy.com\/\",\"name\":\"vapeenjoy\",\"description\":\"An online store for selling vapes\",\"potentialAction\":[{\"@type\":\"SearchAction\",\"target\":{\"@type\":\"EntryPoint\",\"urlTemplate\":\"https:\/\/vapeenjoy.com\/?s={search_term_string}\"},\"query-input\":{\"@type\":\"PropertyValueSpecification\",\"valueRequired\":true,\"valueName\":\"search_term_string\"}}],\"inLanguage\":\"de\"}]}<\/script>\n<!-- \/ Yoast SEO plugin. -->","yoast_head_json":{"title":"ElfWorld PB 45K Puffs verstellbares Nikotin und Eis-Einweg-Vape","description":"Holen Sie sich den ElfWorld PB 45K Puffs Einwegvape mit einstellbarem Nikotin, Eis und 28 ml E-Liquid. Wiederaufladbarer 800-mAh-Akku. Jetzt kaufen!","robots":{"index":"index","follow":"follow","max-snippet":"max-snippet:-1","max-image-preview":"max-image-preview:large","max-video-preview":"max-video-preview:-1"},"canonical":"https:\/\/vapeenjoy.com\/de\/produkt\/elf-world-pb-45k-puffs-einwegvape\/","og_locale":"de_DE","og_type":"article","og_title":"Elfworld Pb 45K Puffs Adjustable Nicotine and Ice Disposable Vape","og_description":"Get the Elfworld PB 45K Puffs Disposable Vape with adjustable nicotine, ice, and 28ml e-liquid. Rechargeable 800mAh battery. Buy now!","og_url":"https:\/\/vapeenjoy.com\/de\/produkt\/elf-world-pb-45k-puffs-einwegvape\/","og_site_name":"vapeenjoy","article_modified_time":"2025-08-18T08:07:53+00:00","og_image":[{"width":1012,"height":1012,"url":"https:\/\/vapeenjoy.com\/wp-content\/uploads\/2025\/07\/Elfworld-Pb-45000-Puffs-Adjustable-Nicotine-and-Ice-Disposable-Vape.webp","type":"image\/webp"}],"twitter_card":"summary_large_image","twitter_misc":{"Gesch\u00e4tzte Lesezeit":"3\u00a0Minuten"},"schema":{"@context":"https:\/\/schema.org","@graph":[{"@type":"WebPage","@id":"https:\/\/vapeenjoy.com\/product\/elf-world-pb-45k-puffs-disposable-vape\/","url":"https:\/\/vapeenjoy.com\/product\/elf-world-pb-45k-puffs-disposable-vape\/","name":"ElfWorld PB 45K Puffs verstellbares Nikotin und Eis-Einweg-Vape","isPartOf":{"@id":"https:\/\/vapeenjoy.com\/#website"},"primaryImageOfPage":{"@id":"https:\/\/vapeenjoy.com\/product\/elf-world-pb-45k-puffs-disposable-vape\/#primaryimage"},"image":{"@id":"https:\/\/vapeenjoy.com\/product\/elf-world-pb-45k-puffs-disposable-vape\/#primaryimage"},"thumbnailUrl":"https:\/\/vapeenjoy.com\/wp-content\/uploads\/2025\/07\/Elfworld-Pb-45000-Puffs-Adjustable-Nicotine-and-Ice-Disposable-Vape.webp","datePublished":"2025-07-25T10:00:37+00:00","dateModified":"2025-08-18T08:07:53+00:00","description":"Holen Sie sich den ElfWorld PB 45K Puffs Einwegvape mit einstellbarem Nikotin, Eis und 28 ml E-Liquid. Wiederaufladbarer 800-mAh-Akku. Jetzt kaufen!","breadcrumb":{"@id":"https:\/\/vapeenjoy.com\/product\/elf-world-pb-45k-puffs-disposable-vape\/#breadcrumb"},"inLanguage":"de","potentialAction":[{"@type":"ReadAction","target":["https:\/\/vapeenjoy.com\/product\/elf-world-pb-45k-puffs-disposable-vape\/"]}]},{"@type":"ImageObject","inLanguage":"de","@id":"https:\/\/vapeenjoy.com\/product\/elf-world-pb-45k-puffs-disposable-vape\/#primaryimage","url":"https:\/\/vapeenjoy.com\/wp-content\/uploads\/2025\/07\/Elfworld-Pb-45000-Puffs-Adjustable-Nicotine-and-Ice-Disposable-Vape.webp","contentUrl":"https:\/\/vapeenjoy.com\/wp-content\/uploads\/2025\/07\/Elfworld-Pb-45000-Puffs-Adjustable-Nicotine-and-Ice-Disposable-Vape.webp","width":1012,"height":1012,"caption":"Elfworld Pb 45000 Puffs Adjustable Nicotine and Ice Disposable Vape"},{"@type":"BreadcrumbList","@id":"https:\/\/vapeenjoy.com\/product\/elf-world-pb-45k-puffs-disposable-vape\/#breadcrumb","itemListElement":[{"@type":"ListItem","position":1,"name":"Home","item":"https:\/\/vapeenjoy.com\/"},{"@type":"ListItem","position":2,"name":"Shop","item":"https:\/\/vapeenjoy.com\/vapeenjoy-shop\/"},{"@type":"ListItem","position":3,"name":"Elfworld Pb 45K Puffs Adjustable Nicotine and Ice Disposable Vape 28ml"}]},{"@type":"WebSite","@id":"https:\/\/vapeenjoy.com\/#website","url":"https:\/\/vapeenjoy.com\/","name":"Vapeenfreude","description":"Ein Online-Shop f\u00fcr den Verkauf von Vapes","potentialAction":[{"@type":"SearchAction","target":{"@type":"EntryPoint","urlTemplate":"https:\/\/vapeenjoy.com\/?s={search_term_string}"},"query-input":{"@type":"PropertyValueSpecification","valueRequired":true,"valueName":"search_term_string"}}],"inLanguage":"de"}]}},"_links":{"self":[{"href":"https:\/\/vapeenjoy.com\/de\/wp-json\/wp\/v2\/product\/629","targetHints":{"allow":["GET"]}}],"collection":[{"href":"https:\/\/vapeenjoy.com\/de\/wp-json\/wp\/v2\/product"}],"about":[{"href":"https:\/\/vapeenjoy.com\/de\/wp-json\/wp\/v2\/types\/product"}],"replies":[{"embeddable":true,"href":"https:\/\/vapeenjoy.com\/de\/wp-json\/wp\/v2\/comments?post=629"}],"version-history":[{"count":4,"href":"https:\/\/vapeenjoy.com\/de\/wp-json\/wp\/v2\/product\/629\/revisions"}],"predecessor-version":[{"id":2318,"href":"https:\/\/vapeenjoy.com\/de\/wp-json\/wp\/v2\/product\/629\/revisions\/2318"}],"wp:featuredmedia":[{"embeddable":true,"href":"https:\/\/vapeenjoy.com\/de\/wp-json\/wp\/v2\/media\/639"}],"wp:attachment":[{"href":"https:\/\/vapeenjoy.com\/de\/wp-json\/wp\/v2\/media?parent=629"}],"wp:term":[{"taxonomy":"product_brand","embeddable":true,"href":"https:\/\/vapeenjoy.com\/de\/wp-json\/wp\/v2\/product_brand?post=629"},{"taxonomy":"product_cat","embeddable":true,"href":"https:\/\/vapeenjoy.com\/de\/wp-json\/wp\/v2\/product_cat?post=629"},{"taxonomy":"product_tag","embeddable":true,"href":"https:\/\/vapeenjoy.com\/de\/wp-json\/wp\/v2\/product_tag?post=629"}],"curies":[{"name":"WP","href":"https:\/\/api.w.org\/{rel}","templated":true}]}}