{"id":64,"date":"2025-07-16T06:57:52","date_gmt":"2025-07-16T06:57:52","guid":{"rendered":"https:\/\/vapeenjoy.com\/?post_type=product&#038;p=64"},"modified":"2025-08-18T08:10:30","modified_gmt":"2025-08-18T08:10:30","slug":"bang-leader-80k-puffs-3-in-1-flavor-vape","status":"publish","type":"product","link":"https:\/\/vapeenjoy.com\/de\/produkt\/bang-leader-80k-puffs-3-in-1-flavour-vape\/","title":{"rendered":"Bang Leader 80K Puffs 3-in-1-Aromen Einweg Vape 78ml 0-5% Nikotin Typ-C wiederaufladbar"},"content":{"rendered":"<h2>Bang Leader 80k Puffs Einweg Vape Produktbeschreibung<\/h2>\n<p dir=\"ltr\" data-pm-slice=\"1 3 []\">Bang Leader, eine vertrauensw\u00fcrdige Vaping-Marke, liefert konsequent geschmackvolle und zuverl\u00e4ssige Ger\u00e4te. Der Bang Leader 80k Puffs Einweg Vape bietet beispielsweise bis zu 80.000 Puffs und sorgt so f\u00fcr eine dauerhafte Nutzung. Dar\u00fcber hinaus erm\u00f6glicht das innovative Drei-Flavour-System eine nahtlose Umschaltung zwischen den Geschm\u00e4ckern. Folglich sorgt sein schlankes, tragbares Design mit glatter Oberfl\u00e4che f\u00fcr Komfort und Komfort f\u00fcr den ganzen Tag.<\/p>\n<h2 dir=\"ltr\">Bang Leader 80k Puffs Einweg-Vape-Spezifikationen<\/h2>\n<ul class=\"tight\" dir=\"ltr\" data-tight=\"true\">\n<li>\n<p dir=\"ltr\"><strong>Puffanzahl<\/strong>: Bis zu 80.000 Puffs, perfekt f\u00fcr schwere Dampfer.<\/p>\n<\/li>\n<li>\n<p dir=\"ltr\"><strong>E-Liquid-Kapazit\u00e4t<\/strong>: 78 ml (3 x 26 ml Schoten) f\u00fcr drei einzigartige Geschmacksrichtungen.<\/p>\n<\/li>\n<li>\n<p dir=\"ltr\"><strong>Batterie<\/strong>: 850mAh wiederaufladbar f\u00fcr zuverl\u00e4ssige Leistung.<\/p>\n<\/li>\n<li>\n<p dir=\"ltr\"><strong>sich wickeln<\/strong>: 1.0\u03a9 Dual Mesh Coil f\u00fcr glatten, geschmackvollen Dampf.<\/p>\n<\/li>\n<li>\n<p dir=\"ltr\"><strong>Aufschluss<\/strong>: Typ-C-Anschluss zum schnellen Aufladen.<\/p>\n<\/li>\n<li>\n<p dir=\"ltr\"><strong>Nikotinst\u00e4rken<\/strong>: 0%, 2%, 3%, 5% f\u00fcr verschiedene Pr\u00e4ferenzen.<\/p>\n<\/li>\n<li>\n<p dir=\"ltr\"><strong>Geschmackssystem<\/strong>: Dreifaches Geschmacksumschalten \u00fcber einen Selektor.<\/p>\n<\/li>\n<li>\n<p dir=\"ltr\"><strong>Verpackung<\/strong>: 10 St\u00fcck pro Packung f\u00fcr den pers\u00f6nlichen oder Gro\u00dfhandel.<\/p>\n<\/li>\n<\/ul>\n<h2 dir=\"ltr\">Geschmackskombinationen<\/h2>\n<p dir=\"ltr\">Entdecken Sie 12 einzigartige Optionen mit drei Geschmacksrichtungen:<\/p>\n<ol class=\"tight\" dir=\"ltr\" data-tight=\"true\">\n<li>\n<p dir=\"ltr\">Wassermelone Eis \/ Erdbeer Mango \/ Banane<\/p>\n<\/li>\n<li>\n<p dir=\"ltr\">Himbeere Mojito Pfirsich Eis \/ Erdbeerwassermelone \/ Kiwi Passionsfrucht Guave<\/p>\n<\/li>\n<li>\n<p dir=\"ltr\">Erdbeerwassermelone \/ Traubeneis \/ Regenbogenbonbons<\/p>\n<\/li>\n<li>\n<p dir=\"ltr\">Cola Ice \/ Heidelbeere Himbeere \/ Pfirsich Mango Wassermelone<\/p>\n<\/li>\n<li>\n<p dir=\"ltr\">Blaubeerwassermelone \/ Erdbeer-Mango \/ schwarze Johannisbeere<\/p>\n<\/li>\n<li>\n<p dir=\"ltr\">Blaubeereis \/ Schwarzes Dracheneis \/ Mango-Pfirsich<\/p>\n<\/li>\n<li>\n<p dir=\"ltr\">Blaubeereis \/ Erdbeer-Banane \/ gemischte Beeren<\/p>\n<\/li>\n<li>\n<p dir=\"ltr\">Red Bull \/ Heidelbeerwassermelone \/ Apfelbirne<\/p>\n<\/li>\n<li>\n<p dir=\"ltr\">Red Bull \/ Wassermelone Bubblegum Candy \/ Erdbeerei<\/p>\n<\/li>\n<li>\n<p dir=\"ltr\">Erdbeerkiwi \/ Pfirsicheis \/ Kirschcola<\/p>\n<\/li>\n<li>\n<p dir=\"ltr\">Kiwi-Pass \/ Litschi-Eis \/ Mango-Pfirsich-Kiefer<\/p>\n<\/li>\n<li>\n<p dir=\"ltr\">Avocado-Eis \/ Zitronenlim \/ Wassermelone Himbeere<\/p>\n<\/li>\n<\/ol>\n<h2 dir=\"ltr\">H\u00e4ufig gestellte Fragen<\/h2>\n<ol class=\"tight\" dir=\"ltr\" data-tight=\"true\">\n<li>\n<p dir=\"ltr\"><strong>Was macht diesen Vape einzigartig?<\/strong><br \/>\nInsbesondere das Triple-Flavor-System und die hohe Puffzahl bieten eine unvergleichliche Vielfalt.<\/p>\n<\/li>\n<li>\n<p dir=\"ltr\"><strong>Wie wechsele ich die Aromen?<\/strong><br \/>\nSchieben Sie einfach den Selektor, um zwischen drei vorgef\u00fcllten Pods umzuschalten.<\/p>\n<\/li>\n<li>\n<p dir=\"ltr\"><strong>Wie w\u00e4hle ich einen Geschmack aus?<\/strong><br \/>\nZum Beispiel fruchtige Mischungen wie Erdbeerwassermelone passen s\u00fc\u00dfe Vorlieben an, w\u00e4hrend Red Bull einen mutigen Geschmack bietet.<\/p>\n<\/li>\n<li>\n<p dir=\"ltr\"><strong>Ist es wiederaufladbar?<\/strong><br \/>\nIn der Tat verf\u00fcgt es \u00fcber einen 850-mAh-Akku mit Typ-C-Aufladung.<\/p>\n<\/li>\n<li>\n<p dir=\"ltr\"><strong>Welche Nikotinoptionen sind verf\u00fcgbar?<\/strong><br \/>\nW\u00e4hlen Sie aus 0%, 2%, 3% oder 5% Nikotinst\u00e4rken.<\/p>\n<\/li>\n<li>\n<p dir=\"ltr\"><strong>Wie lange dauert es?<\/strong><br \/>\nMit bis zu 80.000 Puffs dauert es nach der Nutzung.<\/p>\n<\/li>\n<li>\n<p dir=\"ltr\"><strong>K\u00f6nnen Pods nachgef\u00fcllt werden?<\/strong><br \/>\nNein, die 26-ml-Pods sind vorgef\u00fcllt und nicht nachf\u00fcllbar.<\/p>\n<\/li>\n<\/ol>\n<p dir=\"ltr\" data-pm-slice=\"1 3 []\"><img fetchpriority=\"high\" decoding=\"async\" class=\"alignnone wp-image-79 size-full\" src=\"https:\/\/vapeenjoy.com\/wp-content\/uploads\/2025\/07\/Bang-Leader-80K.jpg\" alt=\"Bang Leader 80k Puffs 3-in-1-Aromen Einweg-Vape-Aromen \" width=\"1279\" height=\"2279\" srcset=\"https:\/\/vapeenjoy.com\/wp-content\/uploads\/2025\/07\/Bang-Leader-80K.jpg 1279w, https:\/\/vapeenjoy.com\/wp-content\/uploads\/2025\/07\/Bang-Leader-80K-150x267.jpg 150w, https:\/\/vapeenjoy.com\/wp-content\/uploads\/2025\/07\/Bang-Leader-80K-1200x2138.jpg 1200w, https:\/\/vapeenjoy.com\/wp-content\/uploads\/2025\/07\/Bang-Leader-80K-168x300.jpg 168w, https:\/\/vapeenjoy.com\/wp-content\/uploads\/2025\/07\/Bang-Leader-80K-575x1024.jpg 575w, https:\/\/vapeenjoy.com\/wp-content\/uploads\/2025\/07\/Bang-Leader-80K-768x1368.jpg 768w, https:\/\/vapeenjoy.com\/wp-content\/uploads\/2025\/07\/Bang-Leader-80K-862x1536.jpg 862w, https:\/\/vapeenjoy.com\/wp-content\/uploads\/2025\/07\/Bang-Leader-80K-1149x2048.jpg 1149w\" sizes=\"(max-width: 1279px) 100vw, 1279px\" \/><\/p>","protected":false},"excerpt":{"rendered":"<p>Bang Leader, eine Top-Marke, stellt den 80.000-Puffs-Einwegvape mit bis zu 80.000 Puffs, einem 3-in-1-Geschmacksvermittlungssystem, 78-ml-E-Liquid in drei 26-ml-Pods, einem 850-mAh-Akku und 12 Geschmackskombinationen f\u00fcr zuverl\u00e4ssige Leistung vor.<\/p>","protected":false},"featured_media":82,"comment_status":"open","ping_status":"closed","template":"","meta":[],"product_brand":[16],"product_cat":[17],"product_tag":[64,73,93],"class_list":{"0":"post-64","1":"product","2":"type-product","3":"status-publish","4":"has-post-thumbnail","6":"product_brand-bang-vape","7":"product_cat-80000-puffs-vape","8":"product_tag-0-5-nicotine","9":"product_tag-3-in-1-flavors","10":"product_tag-78ml","12":"first","13":"instock","14":"sale","15":"shipping-taxable","16":"purchasable","17":"product-type-variable"},"yoast_head":"<!-- This site is optimized with the Yoast SEO plugin v25.7 - https:\/\/yoast.com\/wordpress\/plugins\/seo\/ -->\n<title>Bang Leader 80K Puffs 3-in-1 Flavors Disposable Vape 78mL<\/title>\n<meta name=\"description\" content=\"Bang Leader 80K Puffs Disposable Vape: 3-in-1 flavors, 78mL, 0-5% nicotine, Type-C rechargeable. Shop now for bold, long-lasting vaping!\" \/>\n<meta name=\"robots\" content=\"index, follow, max-snippet:-1, max-image-preview:large, max-video-preview:-1\" \/>\n<link rel=\"canonical\" href=\"https:\/\/vapeenjoy.com\/de\/produkt\/bang-leader-80k-puffs-3-in-1-flavour-vape\/\" \/>\n<meta property=\"og:locale\" content=\"de_DE\" \/>\n<meta property=\"og:type\" content=\"article\" \/>\n<meta property=\"og:title\" content=\"Bang Leader 80K Puffs 3-in-1 Flavors Disposable Vape 78mL\" \/>\n<meta property=\"og:description\" content=\"Bang Leader 80K Puffs Disposable Vape: 3-in-1 flavors, 78mL, 0-5% nicotine, Type-C rechargeable. Shop now for bold, long-lasting vaping!\" \/>\n<meta property=\"og:url\" content=\"https:\/\/vapeenjoy.com\/de\/produkt\/bang-leader-80k-puffs-3-in-1-flavour-vape\/\" \/>\n<meta property=\"og:site_name\" content=\"vapeenjoy\" \/>\n<meta property=\"article:modified_time\" content=\"2025-08-18T08:10:30+00:00\" \/>\n<meta property=\"og:image\" content=\"https:\/\/vapeenjoy.com\/wp-content\/uploads\/2025\/07\/\u5fae\u4fe1\u56fe\u7247_20250516145017.jpg\" \/>\n\t<meta property=\"og:image:width\" content=\"800\" \/>\n\t<meta property=\"og:image:height\" content=\"800\" \/>\n\t<meta property=\"og:image:type\" content=\"image\/jpeg\" \/>\n<meta name=\"twitter:card\" content=\"summary_large_image\" \/>\n<meta name=\"twitter:label1\" content=\"Gesch\u00e4tzte Lesezeit\" \/>\n\t<meta name=\"twitter:data1\" content=\"2\u00a0Minuten\" \/>\n<script type=\"application\/ld+json\" class=\"yoast-schema-graph\">{\"@context\":\"https:\/\/schema.org\",\"@graph\":[{\"@type\":\"WebPage\",\"@id\":\"https:\/\/vapeenjoy.com\/product\/bang-leader-80k-puffs-3-in-1-flavor-vape\/\",\"url\":\"https:\/\/vapeenjoy.com\/product\/bang-leader-80k-puffs-3-in-1-flavor-vape\/\",\"name\":\"Bang Leader 80K Puffs 3-in-1 Flavors Disposable Vape 78mL\",\"isPartOf\":{\"@id\":\"https:\/\/vapeenjoy.com\/#website\"},\"primaryImageOfPage\":{\"@id\":\"https:\/\/vapeenjoy.com\/product\/bang-leader-80k-puffs-3-in-1-flavor-vape\/#primaryimage\"},\"image\":{\"@id\":\"https:\/\/vapeenjoy.com\/product\/bang-leader-80k-puffs-3-in-1-flavor-vape\/#primaryimage\"},\"thumbnailUrl\":\"https:\/\/vapeenjoy.com\/wp-content\/uploads\/2025\/07\/\u5fae\u4fe1\u56fe\u7247_20250516145017.jpg\",\"datePublished\":\"2025-07-16T06:57:52+00:00\",\"dateModified\":\"2025-08-18T08:10:30+00:00\",\"description\":\"Bang Leader 80K Puffs Disposable Vape: 3-in-1 flavors, 78mL, 0-5% nicotine, Type-C rechargeable. Shop now for bold, long-lasting vaping!\",\"breadcrumb\":{\"@id\":\"https:\/\/vapeenjoy.com\/product\/bang-leader-80k-puffs-3-in-1-flavor-vape\/#breadcrumb\"},\"inLanguage\":\"de\",\"potentialAction\":[{\"@type\":\"ReadAction\",\"target\":[\"https:\/\/vapeenjoy.com\/product\/bang-leader-80k-puffs-3-in-1-flavor-vape\/\"]}]},{\"@type\":\"ImageObject\",\"inLanguage\":\"de\",\"@id\":\"https:\/\/vapeenjoy.com\/product\/bang-leader-80k-puffs-3-in-1-flavor-vape\/#primaryimage\",\"url\":\"https:\/\/vapeenjoy.com\/wp-content\/uploads\/2025\/07\/\u5fae\u4fe1\u56fe\u7247_20250516145017.jpg\",\"contentUrl\":\"https:\/\/vapeenjoy.com\/wp-content\/uploads\/2025\/07\/\u5fae\u4fe1\u56fe\u7247_20250516145017.jpg\",\"width\":800,\"height\":800},{\"@type\":\"BreadcrumbList\",\"@id\":\"https:\/\/vapeenjoy.com\/product\/bang-leader-80k-puffs-3-in-1-flavor-vape\/#breadcrumb\",\"itemListElement\":[{\"@type\":\"ListItem\",\"position\":1,\"name\":\"Home\",\"item\":\"https:\/\/vapeenjoy.com\/\"},{\"@type\":\"ListItem\",\"position\":2,\"name\":\"Shop\",\"item\":\"https:\/\/vapeenjoy.com\/vapeenjoy-shop\/\"},{\"@type\":\"ListItem\",\"position\":3,\"name\":\"Bang Leader 80K Puffs 3-in-1 Flavors Disposable Vape 78mL 0-5% Nicotine Type-C Rechargeable\"}]},{\"@type\":\"WebSite\",\"@id\":\"https:\/\/vapeenjoy.com\/#website\",\"url\":\"https:\/\/vapeenjoy.com\/\",\"name\":\"vapeenjoy\",\"description\":\"An online store for selling vapes\",\"potentialAction\":[{\"@type\":\"SearchAction\",\"target\":{\"@type\":\"EntryPoint\",\"urlTemplate\":\"https:\/\/vapeenjoy.com\/?s={search_term_string}\"},\"query-input\":{\"@type\":\"PropertyValueSpecification\",\"valueRequired\":true,\"valueName\":\"search_term_string\"}}],\"inLanguage\":\"de\"}]}<\/script>\n<!-- \/ Yoast SEO plugin. -->","yoast_head_json":{"title":"Bang Leader 80k Puffs 3-in-1-Aromen Einweg-Vape 78ml","description":"Bang Leader 80k Puffs Einweg Vape: 3-in-1-Aromen, 78 ml, 0-5% Nikotin, wiederaufladbar. Jetzt kr\u00e4ftiges, langlebiges Dampfen einkaufen!","robots":{"index":"index","follow":"follow","max-snippet":"max-snippet:-1","max-image-preview":"max-image-preview:large","max-video-preview":"max-video-preview:-1"},"canonical":"https:\/\/vapeenjoy.com\/de\/produkt\/bang-leader-80k-puffs-3-in-1-flavour-vape\/","og_locale":"de_DE","og_type":"article","og_title":"Bang Leader 80K Puffs 3-in-1 Flavors Disposable Vape 78mL","og_description":"Bang Leader 80K Puffs Disposable Vape: 3-in-1 flavors, 78mL, 0-5% nicotine, Type-C rechargeable. Shop now for bold, long-lasting vaping!","og_url":"https:\/\/vapeenjoy.com\/de\/produkt\/bang-leader-80k-puffs-3-in-1-flavour-vape\/","og_site_name":"vapeenjoy","article_modified_time":"2025-08-18T08:10:30+00:00","og_image":[{"width":800,"height":800,"url":"https:\/\/vapeenjoy.com\/wp-content\/uploads\/2025\/07\/\u5fae\u4fe1\u56fe\u7247_20250516145017.jpg","type":"image\/jpeg"}],"twitter_card":"summary_large_image","twitter_misc":{"Gesch\u00e4tzte Lesezeit":"2\u00a0Minuten"},"schema":{"@context":"https:\/\/schema.org","@graph":[{"@type":"WebPage","@id":"https:\/\/vapeenjoy.com\/product\/bang-leader-80k-puffs-3-in-1-flavor-vape\/","url":"https:\/\/vapeenjoy.com\/product\/bang-leader-80k-puffs-3-in-1-flavor-vape\/","name":"Bang Leader 80k Puffs 3-in-1-Aromen Einweg-Vape 78ml","isPartOf":{"@id":"https:\/\/vapeenjoy.com\/#website"},"primaryImageOfPage":{"@id":"https:\/\/vapeenjoy.com\/product\/bang-leader-80k-puffs-3-in-1-flavor-vape\/#primaryimage"},"image":{"@id":"https:\/\/vapeenjoy.com\/product\/bang-leader-80k-puffs-3-in-1-flavor-vape\/#primaryimage"},"thumbnailUrl":"https:\/\/vapeenjoy.com\/wp-content\/uploads\/2025\/07\/\u5fae\u4fe1\u56fe\u7247_20250516145017.jpg","datePublished":"2025-07-16T06:57:52+00:00","dateModified":"2025-08-18T08:10:30+00:00","description":"Bang Leader 80k Puffs Einweg Vape: 3-in-1-Aromen, 78 ml, 0-5% Nikotin, wiederaufladbar. Jetzt kr\u00e4ftiges, langlebiges Dampfen einkaufen!","breadcrumb":{"@id":"https:\/\/vapeenjoy.com\/product\/bang-leader-80k-puffs-3-in-1-flavor-vape\/#breadcrumb"},"inLanguage":"de","potentialAction":[{"@type":"ReadAction","target":["https:\/\/vapeenjoy.com\/product\/bang-leader-80k-puffs-3-in-1-flavor-vape\/"]}]},{"@type":"ImageObject","inLanguage":"de","@id":"https:\/\/vapeenjoy.com\/product\/bang-leader-80k-puffs-3-in-1-flavor-vape\/#primaryimage","url":"https:\/\/vapeenjoy.com\/wp-content\/uploads\/2025\/07\/\u5fae\u4fe1\u56fe\u7247_20250516145017.jpg","contentUrl":"https:\/\/vapeenjoy.com\/wp-content\/uploads\/2025\/07\/\u5fae\u4fe1\u56fe\u7247_20250516145017.jpg","width":800,"height":800},{"@type":"BreadcrumbList","@id":"https:\/\/vapeenjoy.com\/product\/bang-leader-80k-puffs-3-in-1-flavor-vape\/#breadcrumb","itemListElement":[{"@type":"ListItem","position":1,"name":"Home","item":"https:\/\/vapeenjoy.com\/"},{"@type":"ListItem","position":2,"name":"Shop","item":"https:\/\/vapeenjoy.com\/vapeenjoy-shop\/"},{"@type":"ListItem","position":3,"name":"Bang Leader 80K Puffs 3-in-1 Flavors Disposable Vape 78mL 0-5% Nicotine Type-C Rechargeable"}]},{"@type":"WebSite","@id":"https:\/\/vapeenjoy.com\/#website","url":"https:\/\/vapeenjoy.com\/","name":"Vapeenfreude","description":"Ein Online-Shop f\u00fcr den Verkauf von Vapes","potentialAction":[{"@type":"SearchAction","target":{"@type":"EntryPoint","urlTemplate":"https:\/\/vapeenjoy.com\/?s={search_term_string}"},"query-input":{"@type":"PropertyValueSpecification","valueRequired":true,"valueName":"search_term_string"}}],"inLanguage":"de"}]}},"_links":{"self":[{"href":"https:\/\/vapeenjoy.com\/de\/wp-json\/wp\/v2\/product\/64","targetHints":{"allow":["GET"]}}],"collection":[{"href":"https:\/\/vapeenjoy.com\/de\/wp-json\/wp\/v2\/product"}],"about":[{"href":"https:\/\/vapeenjoy.com\/de\/wp-json\/wp\/v2\/types\/product"}],"replies":[{"embeddable":true,"href":"https:\/\/vapeenjoy.com\/de\/wp-json\/wp\/v2\/comments?post=64"}],"version-history":[{"count":4,"href":"https:\/\/vapeenjoy.com\/de\/wp-json\/wp\/v2\/product\/64\/revisions"}],"predecessor-version":[{"id":2330,"href":"https:\/\/vapeenjoy.com\/de\/wp-json\/wp\/v2\/product\/64\/revisions\/2330"}],"wp:featuredmedia":[{"embeddable":true,"href":"https:\/\/vapeenjoy.com\/de\/wp-json\/wp\/v2\/media\/82"}],"wp:attachment":[{"href":"https:\/\/vapeenjoy.com\/de\/wp-json\/wp\/v2\/media?parent=64"}],"wp:term":[{"taxonomy":"product_brand","embeddable":true,"href":"https:\/\/vapeenjoy.com\/de\/wp-json\/wp\/v2\/product_brand?post=64"},{"taxonomy":"product_cat","embeddable":true,"href":"https:\/\/vapeenjoy.com\/de\/wp-json\/wp\/v2\/product_cat?post=64"},{"taxonomy":"product_tag","embeddable":true,"href":"https:\/\/vapeenjoy.com\/de\/wp-json\/wp\/v2\/product_tag?post=64"}],"curies":[{"name":"WP","href":"https:\/\/api.w.org\/{rel}","templated":true}]}}