{"id":650,"date":"2025-07-26T03:39:40","date_gmt":"2025-07-26T03:39:40","guid":{"rendered":"https:\/\/vapeenjoy.com\/?post_type=product&#038;p=650"},"modified":"2025-08-18T08:07:39","modified_gmt":"2025-08-18T08:07:39","slug":"bang-blaze-40k-puffs","status":"publish","type":"product","link":"https:\/\/vapeenjoy.com\/de\/produkt\/bang-blaze-40k-puffs\/","title":{"rendered":"Bang Blaze 40k Puffs Double Taste Einweg Vape 40ml 0-5% Nikotin"},"content":{"rendered":"<h2 dir=\"auto\">Bang Blaze 40k Puffs Double Taste Einweg Vape Ultimatives Aroma und Komfort<\/h2>\n<p dir=\"auto\">\u00dcbergang zu einem \u00fcberlegenen Dampferlebnis, <strong>Bang Blaze 40k Puffs Double Taste Einweg Vape<\/strong> Von Bang, einem vertrauensw\u00fcrdigen Branchenf\u00fchrer, bietet un\u00fcbertroffene Bequemlichkeit und Vielfalt. Insbesondere liefert dieses innovative Ger\u00e4t eine beeindruckende <strong>40.000 Z\u00fcge<\/strong> und verf\u00fcgt \u00fcber ein einzigartiges Dual-Flavor-System, mit dem Benutzer m\u00fchelos zwischen zwei unterschiedlichen Geschm\u00e4ckern wechseln k\u00f6nnen. Dar\u00fcber hinaus sorgt das elegante, ergonomische Design f\u00fcr Tragbarkeit und Komfort und eignet sich daher ideal f\u00fcr erfahrene Dampfer und Neulinge. Folglich bietet der Bang Blaze eine langlebige, geschmackvolle Reise in einem einzigen, kompakten Ger\u00e4t.<\/p>\n<p dir=\"auto\">Um diesen bahnbrechenden Dampf zu erkunden, besuchen Sie <a href=\"https:\/\/vapeenjoy.com\/\" target=\"_blank\" rel=\"noopener noreferrer nofollow\">dampfen genie\u00dfen<\/a> Und verbessern Sie Ihre Dampferfahrung noch heute!<\/p>\n<h2 dir=\"auto\">Hauptmerkmale des Bang Blaze 40K Einweg Vape<\/h2>\n<p dir=\"auto\">F\u00fcr alle, die Leistung und Vielseitigkeit suchen, zeichnet sich der Bang Blaze 40K mit seinen topaktuellen Spezifikationen aus:<\/p>\n<ul dir=\"auto\">\n<li><strong>Puffkapazit\u00e4t<\/strong>: bis zu <strong>40.000 Z\u00fcge<\/strong> (ca. 20.000 pro Geschmack), Gew\u00e4hrleistung von Wochen ununterbrochener Nutzung.<\/li>\n<li><strong>E-Liquid-Kapazit\u00e4t<\/strong>: 40ml (20 ml pro Geschmacksbeh\u00e4lter), vorgef\u00fcllt f\u00fcr l\u00e4ngeren Genuss.<\/li>\n<li><strong>Batterie<\/strong>: 650mAh wiederaufladbar mit <strong>Schnelles Aufladen vom Typ C<\/strong>, volles Aufladen in 45\u201360 Minuten.<\/li>\n<li><strong>sich wickeln<\/strong>: Dual Mesh Coil (1,2 \u03a9), liefert weichen Dampf und sattes, konsistentes Aroma.<\/li>\n<li><strong>Nikotinst\u00e4rken<\/strong>: Erh\u00e4ltlich in 0%, 2%, 3% und 5%, die unterschiedlichen Pr\u00e4ferenzen decken.<\/li>\n<li><strong>Geschmackssystem<\/strong>: Doppelaroma-Schiebeschalter, der sofortige Geschmacks\u00fcberg\u00e4nge erm\u00f6glicht.<\/li>\n<li><strong>Entwurf<\/strong>: Ergonomisch und tragbar, perfekt f\u00fcr unterwegs.<\/li>\n<\/ul>\n<p dir=\"auto\">Sind Sie bereit, diese herausragenden Funktionen zu erleben? In diesem Fall sehen Sie sich den Bang Blaze 40k unter an <a href=\"https:\/\/vapeenjoy.com\/\" target=\"_blank\" rel=\"noopener noreferrer nofollow\">dampfen genie\u00dfen<\/a> F\u00fcr eine Premium-Auswahl von Einweg-Vapes.<\/p>\n<h2 dir=\"auto\">20 einzigartige Kombinationen mit zwei Geschmacksrichtungen<\/h2>\n<p dir=\"auto\">Dar\u00fcber hinaus bietet das Bang Blaze 40k <strong>20 aufregende Dual-Flavor-Kombinationen<\/strong>, entworfen, um jeden Gaumen zu befriedigen. Mit dem Schiebeschalter mit zwei Flavor k\u00f6nnen Sie beispielsweise nahtlos zwischen zwei Geschmacksrichtungen wechseln und ein dynamisches Vaping-Erlebnis schaffen. Hier sind einige beliebte Optionen:<\/p>\n<ol dir=\"auto\">\n<li><strong>Wassermelone \/ Erdbeerwassermelone<\/strong>: Saftige Wassermelone mischt sich nahtlos mit s\u00fc\u00dfer Erdbeermelone.<\/li>\n<li><strong>Blaubeereis \/ Blaubeerhimbeere<\/strong>: Gek\u00fchlte Blaubeeren kombinieren mit einem w\u00fcrzigen Himbeerplatz.<\/li>\n<li><strong>Mango-Eis \/ Erdbeer-Mango<\/strong>: Cool Mango passt perfekt zu einer tropischen Erdbeer-Mango-Mischung.<\/li>\n<li><strong>Ananas-Eis \/ Ananas-Kokos<\/strong>: Eisige Ananas verschmelzen mit cremiger, tropischer Kokosnuss.<\/li>\n<li><strong>Kirsch-\/Kirschkoks<\/strong>: K\u00fchne Kirsche trifft auf die kohlens\u00e4urehaltige S\u00fc\u00dfe von Cherry Cola.<\/li>\n<li><strong>Minze \/ Blaubeerminze<\/strong>: Fresh Mint erg\u00e4nzt eine coole, erfrischende Blaubeer-Mint-Fusion.<\/li>\n<li><strong>Schwarzes Dracheneis \/ Red Bull<\/strong>: Eisige schwarze Drachenfrucht vermischt sich mit dem energetisierenden Geschmack von Red Bull.<\/li>\n<li><strong>Zitronenromantik \/ California Cherry<\/strong>: Zesty Zitrone passt wunderbar zu s\u00fc\u00dfer Kalifornien-Kirsche.<\/li>\n<\/ol>\n<p dir=\"auto\">Um alle 20 Geschmackskombinationen zu entdecken, besuchen Sie <a href=\"https:\/\/vapeenjoy.com\/\" target=\"_blank\" rel=\"noopener noreferrer nofollow\">dampfen genie\u00dfen<\/a> Und finden Sie Ihre perfekte \u00dcbereinstimmung!<\/p>\n<h2 dir=\"auto\">Warum den Bang Blaze 40k w\u00e4hlen?<\/h2>\n<p dir=\"auto\">Neben seinen beeindruckenden Spezifikationen bietet das Bang Blaze 40K <strong>Hohe Puffzahl<\/strong>, <strong>Vielseitigkeit mit zwei Flavor<\/strong>und ein <strong>Akku<\/strong>, was es zu einer Top-Wahl f\u00fcr Dampfer macht, die Wert und Abwechslung suchen. Dar\u00fcber hinaus sorgt die Dual-Mesh-Spule f\u00fcr konsistente, geschmackvolle Hits bei jedem Puff. Ebenso minimiert das Schnellladen vom Typ C die Ausfallzeiten, sodass Sie schnell wieder zum Dampfen gelangen k\u00f6nnen. Ob Sie fruchtige, eisige oder bonboninspirierte Aromen bevorzugen, dieses Ger\u00e4t bietet ein personalisiertes Erlebnis.<\/p>\n<p dir=\"auto\">Entdecken Sie die Bang Blaze 40k f\u00fcr eine Premium-Vaping-L\u00f6sung <a href=\"https:\/\/vapeenjoy.com\/\" target=\"_blank\" rel=\"noopener noreferrer nofollow\">dampfen genie\u00dfen<\/a> heute<\/p>\n<h2 dir=\"auto\">H\u00e4ufig gestellte Fragen<\/h2>\n<h3 dir=\"auto\">1. Wie viele Puffs bietet der Bang Blaze 40k?<\/h3>\n<p dir=\"auto\">Kurz gesagt, das Ger\u00e4t bietet bis zu <strong>40.000 Z\u00fcge<\/strong>, mit ca. 20.000 Puffs pro Geschmacksbeh\u00e4lter, um eine dauerhafte Nutzung zu gew\u00e4hrleisten.<\/p>\n<h3 dir=\"auto\">2. Was ist das Dual-Flavour-Schiebeschaltersystem?<\/h3>\n<p dir=\"auto\">Im Wesentlichen erm\u00f6glicht der Schiebeschalter sofort zwischen zwei verschiedenen Geschmacksrichtungen in einem Ger\u00e4t umzuschalten und bietet eine unvergleichliche Vielfalt, ohne mehrere Vapes zu ben\u00f6tigen.<\/p>\n<h3 dir=\"auto\">3. Ist der Bang Blaze 40k wiederaufladbar?<\/h3>\n<p dir=\"auto\">Es verf\u00fcgt absolut \u00fcber <strong>650mAh Akku<\/strong> trotz <strong>Schnelles Aufladen vom Typ C<\/strong>, volle Aufladung in etwa 45\u201360 Minuten.<\/p>\n<h3 dir=\"auto\">4. Wie w\u00e4hle ich den richtigen Geschmack?<\/h3>\n<p dir=\"auto\">Ber\u00fccksichtigen Sie zun\u00e4chst Ihre Geschmackspr\u00e4ferenzen: Fruchtige Optionen wie <strong>Wassermelone<\/strong> oder <strong>Mangoeis<\/strong> passen zu denen, die s\u00fc\u00dfe Noten genie\u00dfen, w\u00e4hrend <strong>M\u00fcnzanstalt<\/strong> oder <strong>Heidelbeereis<\/strong> Bieten Sie ein k\u00fchleres Gef\u00fchl. Sie k\u00f6nnen beispielsweise eine Kombination aus zwei Flavor ausprobieren <a href=\"https:\/\/vapeenjoy.com\/\" target=\"_blank\" rel=\"noopener noreferrer nofollow\">dampfen genie\u00dfen<\/a> beide Profile zu erkunden.<\/p>\n<h3 dir=\"auto\">5. Welche Nikotinst\u00e4rken sind verf\u00fcgbar?<\/h3>\n<p dir=\"auto\">Tats\u00e4chlich kommt das Ger\u00e4t in <strong>0%, 2%, 3% und 5%<\/strong> Nikotinst\u00e4rken, die eine Vielzahl von Pr\u00e4ferenzen erf\u00fcllen.<\/p>\n<h3 dir=\"auto\">6. Wie verbessert die Dual-Mesh-Spule das Dampfen?<\/h3>\n<p dir=\"auto\">Insbesondere die <strong>1,2 \u03a9 Dual-Mesh-Spule<\/strong> Gew\u00e4hrleistet eine reibungslose Dampfproduktion und einen reichen, konsistenten Geschmack bei jedem Zug.<\/p>\n<h3 dir=\"auto\">7 . Kann der Bang Blaze 40k nachgef\u00fcllt werden?<\/h3>\n<p dir=\"auto\">Leider nein, es ist ein Einweg-Vape. Sobald das 40-ml-E-Liquid (20 ml pro Geschmack) ersch\u00f6pft ist, entsorgen Sie es verantwortungsbewusst.<\/p>\n<h2 dir=\"auto\">Holen Sie sich Ihren Bang Blaze 40k noch heute<\/h2>\n<p><img fetchpriority=\"high\" decoding=\"async\" class=\"alignnone wp-image-653 size-full\" src=\"https:\/\/vapeenjoy.com\/wp-content\/uploads\/2025\/07\/Bang-Blaze-40K-Puffs-Double-Taste-Disposable-Vape-Flavor.jpg\" alt=\"\" width=\"1080\" height=\"1426\" srcset=\"https:\/\/vapeenjoy.com\/wp-content\/uploads\/2025\/07\/Bang-Blaze-40K-Puffs-Double-Taste-Disposable-Vape-Flavor.jpg 1080w, https:\/\/vapeenjoy.com\/wp-content\/uploads\/2025\/07\/Bang-Blaze-40K-Puffs-Double-Taste-Disposable-Vape-Flavor-600x792.jpg 600w, https:\/\/vapeenjoy.com\/wp-content\/uploads\/2025\/07\/Bang-Blaze-40K-Puffs-Double-Taste-Disposable-Vape-Flavor-227x300.jpg 227w, https:\/\/vapeenjoy.com\/wp-content\/uploads\/2025\/07\/Bang-Blaze-40K-Puffs-Double-Taste-Disposable-Vape-Flavor-776x1024.jpg 776w, https:\/\/vapeenjoy.com\/wp-content\/uploads\/2025\/07\/Bang-Blaze-40K-Puffs-Double-Taste-Disposable-Vape-Flavor-768x1014.jpg 768w\" sizes=\"(max-width: 1080px) 100vw, 1080px\" \/><\/p>","protected":false},"excerpt":{"rendered":"<p dir=\"auto\">Bang, ein vertrauensw\u00fcrdiger Name im Vaping, pr\u00e4sentiert den Bang Blaze 40k Puffs Double Taste Einweg Vape. Dieses innovative Ger\u00e4t bietet bis zu 40.000 Z\u00fcge mit einer 40-ml-E-Fl\u00fcssigkeitskapazit\u00e4t f\u00fcr 40 ml und erm\u00f6glicht eine nahtlose Geschmacksumschaltung. Mit einem 650-mAh-Akku, Typ-C-Schnellladung und einer Dual-Mesh-Spule liefert es konsistenten, satten Dampf in einem schlanken, tragbaren Design.<\/p>","protected":false},"featured_media":660,"comment_status":"open","ping_status":"closed","template":"","meta":[],"product_brand":[16],"product_cat":[23],"product_tag":[64,77],"class_list":{"0":"post-650","1":"product","2":"type-product","3":"status-publish","4":"has-post-thumbnail","6":"product_brand-bang-vape","7":"product_cat-40000-puffs-vape","8":"product_tag-0-5-nicotine","9":"product_tag-40ml","11":"first","12":"instock","13":"sale","14":"shipping-taxable","15":"purchasable","16":"product-type-variable"},"yoast_head":"<!-- This site is optimized with the Yoast SEO plugin v25.7 - https:\/\/yoast.com\/wordpress\/plugins\/seo\/ -->\n<title>Bang Blaze 40K Puffs Double Taste Disposable Vape 40ml e-liquid<\/title>\n<meta name=\"description\" content=\"Bang Blaze 40K Puffs Disposable Vape: 40mL, 0-5% nicotine, 32 dual flavors, 650mAh battery, Type-C charging. Shop now for a bold vaping experience!\" \/>\n<meta name=\"robots\" content=\"index, follow, max-snippet:-1, max-image-preview:large, max-video-preview:-1\" \/>\n<link rel=\"canonical\" href=\"https:\/\/vapeenjoy.com\/de\/produkt\/bang-blaze-40k-puffs\/\" \/>\n<meta property=\"og:locale\" content=\"de_DE\" \/>\n<meta property=\"og:type\" content=\"article\" \/>\n<meta property=\"og:title\" content=\"Bang Blaze 40K Puffs Double Taste Disposable Vape 40ml e-liquid\" \/>\n<meta property=\"og:description\" content=\"Bang Blaze 40K Puffs Disposable Vape: 40mL, 0-5% nicotine, 32 dual flavors, 650mAh battery, Type-C charging. Shop now for a bold vaping experience!\" \/>\n<meta property=\"og:url\" content=\"https:\/\/vapeenjoy.com\/de\/produkt\/bang-blaze-40k-puffs\/\" \/>\n<meta property=\"og:site_name\" content=\"vapeenjoy\" \/>\n<meta property=\"article:modified_time\" content=\"2025-08-18T08:07:39+00:00\" \/>\n<meta property=\"og:image\" content=\"https:\/\/vapeenjoy.com\/wp-content\/uploads\/2025\/07\/bang-blaze-40k-40000-puffs-tropical-fruits-triple-watermelon.webp\" \/>\n\t<meta property=\"og:image:width\" content=\"1920\" \/>\n\t<meta property=\"og:image:height\" content=\"1920\" \/>\n\t<meta property=\"og:image:type\" content=\"image\/webp\" \/>\n<meta name=\"twitter:card\" content=\"summary_large_image\" \/>\n<meta name=\"twitter:label1\" content=\"Gesch\u00e4tzte Lesezeit\" \/>\n\t<meta name=\"twitter:data1\" content=\"4\u00a0Minuten\" \/>\n<script type=\"application\/ld+json\" class=\"yoast-schema-graph\">{\"@context\":\"https:\/\/schema.org\",\"@graph\":[{\"@type\":\"WebPage\",\"@id\":\"https:\/\/vapeenjoy.com\/product\/bang-blaze-40k-puffs\/\",\"url\":\"https:\/\/vapeenjoy.com\/product\/bang-blaze-40k-puffs\/\",\"name\":\"Bang Blaze 40K Puffs Double Taste Disposable Vape 40ml e-liquid\",\"isPartOf\":{\"@id\":\"https:\/\/vapeenjoy.com\/#website\"},\"primaryImageOfPage\":{\"@id\":\"https:\/\/vapeenjoy.com\/product\/bang-blaze-40k-puffs\/#primaryimage\"},\"image\":{\"@id\":\"https:\/\/vapeenjoy.com\/product\/bang-blaze-40k-puffs\/#primaryimage\"},\"thumbnailUrl\":\"https:\/\/vapeenjoy.com\/wp-content\/uploads\/2025\/07\/bang-blaze-40k-40000-puffs-tropical-fruits-triple-watermelon.webp\",\"datePublished\":\"2025-07-26T03:39:40+00:00\",\"dateModified\":\"2025-08-18T08:07:39+00:00\",\"description\":\"Bang Blaze 40K Puffs Disposable Vape: 40mL, 0-5% nicotine, 32 dual flavors, 650mAh battery, Type-C charging. Shop now for a bold vaping experience!\",\"breadcrumb\":{\"@id\":\"https:\/\/vapeenjoy.com\/product\/bang-blaze-40k-puffs\/#breadcrumb\"},\"inLanguage\":\"de\",\"potentialAction\":[{\"@type\":\"ReadAction\",\"target\":[\"https:\/\/vapeenjoy.com\/product\/bang-blaze-40k-puffs\/\"]}]},{\"@type\":\"ImageObject\",\"inLanguage\":\"de\",\"@id\":\"https:\/\/vapeenjoy.com\/product\/bang-blaze-40k-puffs\/#primaryimage\",\"url\":\"https:\/\/vapeenjoy.com\/wp-content\/uploads\/2025\/07\/bang-blaze-40k-40000-puffs-tropical-fruits-triple-watermelon.webp\",\"contentUrl\":\"https:\/\/vapeenjoy.com\/wp-content\/uploads\/2025\/07\/bang-blaze-40k-40000-puffs-tropical-fruits-triple-watermelon.webp\",\"width\":1920,\"height\":1920},{\"@type\":\"BreadcrumbList\",\"@id\":\"https:\/\/vapeenjoy.com\/product\/bang-blaze-40k-puffs\/#breadcrumb\",\"itemListElement\":[{\"@type\":\"ListItem\",\"position\":1,\"name\":\"Home\",\"item\":\"https:\/\/vapeenjoy.com\/\"},{\"@type\":\"ListItem\",\"position\":2,\"name\":\"Shop\",\"item\":\"https:\/\/vapeenjoy.com\/vapeenjoy-shop\/\"},{\"@type\":\"ListItem\",\"position\":3,\"name\":\"Bang Blaze 40K Puffs Double Taste Disposable Vape 40ml 0-5% Nicotine\"}]},{\"@type\":\"WebSite\",\"@id\":\"https:\/\/vapeenjoy.com\/#website\",\"url\":\"https:\/\/vapeenjoy.com\/\",\"name\":\"vapeenjoy\",\"description\":\"An online store for selling vapes\",\"potentialAction\":[{\"@type\":\"SearchAction\",\"target\":{\"@type\":\"EntryPoint\",\"urlTemplate\":\"https:\/\/vapeenjoy.com\/?s={search_term_string}\"},\"query-input\":{\"@type\":\"PropertyValueSpecification\",\"valueRequired\":true,\"valueName\":\"search_term_string\"}}],\"inLanguage\":\"de\"}]}<\/script>\n<!-- \/ Yoast SEO plugin. -->","yoast_head_json":{"title":"Bang Blaze 40k Puffs Double Taste Einweg Vape 40ml E-Liquid","description":"Bang Blaze 40k Puffs Einweg Vape: 40ml, 0-5% Nikotin, 32 Dual Aromen, 650mAh Akku, Typ-C-Aufladung. Kaufen Sie jetzt ein mutiges Vaping-Erlebnis!","robots":{"index":"index","follow":"follow","max-snippet":"max-snippet:-1","max-image-preview":"max-image-preview:large","max-video-preview":"max-video-preview:-1"},"canonical":"https:\/\/vapeenjoy.com\/de\/produkt\/bang-blaze-40k-puffs\/","og_locale":"de_DE","og_type":"article","og_title":"Bang Blaze 40K Puffs Double Taste Disposable Vape 40ml e-liquid","og_description":"Bang Blaze 40K Puffs Disposable Vape: 40mL, 0-5% nicotine, 32 dual flavors, 650mAh battery, Type-C charging. Shop now for a bold vaping experience!","og_url":"https:\/\/vapeenjoy.com\/de\/produkt\/bang-blaze-40k-puffs\/","og_site_name":"vapeenjoy","article_modified_time":"2025-08-18T08:07:39+00:00","og_image":[{"width":1920,"height":1920,"url":"https:\/\/vapeenjoy.com\/wp-content\/uploads\/2025\/07\/bang-blaze-40k-40000-puffs-tropical-fruits-triple-watermelon.webp","type":"image\/webp"}],"twitter_card":"summary_large_image","twitter_misc":{"Gesch\u00e4tzte Lesezeit":"4\u00a0Minuten"},"schema":{"@context":"https:\/\/schema.org","@graph":[{"@type":"WebPage","@id":"https:\/\/vapeenjoy.com\/product\/bang-blaze-40k-puffs\/","url":"https:\/\/vapeenjoy.com\/product\/bang-blaze-40k-puffs\/","name":"Bang Blaze 40k Puffs Double Taste Einweg Vape 40ml E-Liquid","isPartOf":{"@id":"https:\/\/vapeenjoy.com\/#website"},"primaryImageOfPage":{"@id":"https:\/\/vapeenjoy.com\/product\/bang-blaze-40k-puffs\/#primaryimage"},"image":{"@id":"https:\/\/vapeenjoy.com\/product\/bang-blaze-40k-puffs\/#primaryimage"},"thumbnailUrl":"https:\/\/vapeenjoy.com\/wp-content\/uploads\/2025\/07\/bang-blaze-40k-40000-puffs-tropical-fruits-triple-watermelon.webp","datePublished":"2025-07-26T03:39:40+00:00","dateModified":"2025-08-18T08:07:39+00:00","description":"Bang Blaze 40k Puffs Einweg Vape: 40ml, 0-5% Nikotin, 32 Dual Aromen, 650mAh Akku, Typ-C-Aufladung. Kaufen Sie jetzt ein mutiges Vaping-Erlebnis!","breadcrumb":{"@id":"https:\/\/vapeenjoy.com\/product\/bang-blaze-40k-puffs\/#breadcrumb"},"inLanguage":"de","potentialAction":[{"@type":"ReadAction","target":["https:\/\/vapeenjoy.com\/product\/bang-blaze-40k-puffs\/"]}]},{"@type":"ImageObject","inLanguage":"de","@id":"https:\/\/vapeenjoy.com\/product\/bang-blaze-40k-puffs\/#primaryimage","url":"https:\/\/vapeenjoy.com\/wp-content\/uploads\/2025\/07\/bang-blaze-40k-40000-puffs-tropical-fruits-triple-watermelon.webp","contentUrl":"https:\/\/vapeenjoy.com\/wp-content\/uploads\/2025\/07\/bang-blaze-40k-40000-puffs-tropical-fruits-triple-watermelon.webp","width":1920,"height":1920},{"@type":"BreadcrumbList","@id":"https:\/\/vapeenjoy.com\/product\/bang-blaze-40k-puffs\/#breadcrumb","itemListElement":[{"@type":"ListItem","position":1,"name":"Home","item":"https:\/\/vapeenjoy.com\/"},{"@type":"ListItem","position":2,"name":"Shop","item":"https:\/\/vapeenjoy.com\/vapeenjoy-shop\/"},{"@type":"ListItem","position":3,"name":"Bang Blaze 40K Puffs Double Taste Disposable Vape 40ml 0-5% Nicotine"}]},{"@type":"WebSite","@id":"https:\/\/vapeenjoy.com\/#website","url":"https:\/\/vapeenjoy.com\/","name":"Vapeenfreude","description":"Ein Online-Shop f\u00fcr den Verkauf von Vapes","potentialAction":[{"@type":"SearchAction","target":{"@type":"EntryPoint","urlTemplate":"https:\/\/vapeenjoy.com\/?s={search_term_string}"},"query-input":{"@type":"PropertyValueSpecification","valueRequired":true,"valueName":"search_term_string"}}],"inLanguage":"de"}]}},"_links":{"self":[{"href":"https:\/\/vapeenjoy.com\/de\/wp-json\/wp\/v2\/product\/650","targetHints":{"allow":["GET"]}}],"collection":[{"href":"https:\/\/vapeenjoy.com\/de\/wp-json\/wp\/v2\/product"}],"about":[{"href":"https:\/\/vapeenjoy.com\/de\/wp-json\/wp\/v2\/types\/product"}],"replies":[{"embeddable":true,"href":"https:\/\/vapeenjoy.com\/de\/wp-json\/wp\/v2\/comments?post=650"}],"version-history":[{"count":4,"href":"https:\/\/vapeenjoy.com\/de\/wp-json\/wp\/v2\/product\/650\/revisions"}],"predecessor-version":[{"id":2317,"href":"https:\/\/vapeenjoy.com\/de\/wp-json\/wp\/v2\/product\/650\/revisions\/2317"}],"wp:featuredmedia":[{"embeddable":true,"href":"https:\/\/vapeenjoy.com\/de\/wp-json\/wp\/v2\/media\/660"}],"wp:attachment":[{"href":"https:\/\/vapeenjoy.com\/de\/wp-json\/wp\/v2\/media?parent=650"}],"wp:term":[{"taxonomy":"product_brand","embeddable":true,"href":"https:\/\/vapeenjoy.com\/de\/wp-json\/wp\/v2\/product_brand?post=650"},{"taxonomy":"product_cat","embeddable":true,"href":"https:\/\/vapeenjoy.com\/de\/wp-json\/wp\/v2\/product_cat?post=650"},{"taxonomy":"product_tag","embeddable":true,"href":"https:\/\/vapeenjoy.com\/de\/wp-json\/wp\/v2\/product_tag?post=650"}],"curies":[{"name":"WP","href":"https:\/\/api.w.org\/{rel}","templated":true}]}}