{"id":661,"date":"2025-07-28T03:28:31","date_gmt":"2025-07-28T03:28:31","guid":{"rendered":"https:\/\/vapeenjoy.com\/?post_type=product&#038;p=661"},"modified":"2025-08-26T07:50:31","modified_gmt":"2025-08-26T07:50:31","slug":"bang-king-constellation-36000-puffs-double-power-disposable-vape-36ml-0-5-nicotine","status":"publish","type":"product","link":"https:\/\/vapeenjoy.com\/de\/produkt\/bang-king-constellation-36000-puffs-double-power-einweg-vape-36ml-0-5-nikotin\/","title":{"rendered":"Bang King Constellation 36k Puffs Double Power Einweg Vape 36ml 0-5% Nikotin"},"content":{"rendered":"<h2>Bang King Constellation 36k Puffs Einweg Vape Beschreibung<\/h2>\n<p dir=\"auto\">Bang King, ein vertrauensw\u00fcrdiger Marktf\u00fchrer im Einweg-Vape-Markt, liefert konsequent Ger\u00e4te mit hoher Kapazit\u00e4t mit innovativen Funktionen. Insbesondere das Bang King Constellation 36K Puffs Einweg Vape bietet eine beeindruckende Puffzahl und ein robustes Design. Dar\u00fcber hinaus sorgt die von Zodiac inspirierte \u00c4sthetik in Kombination mit einem lebendigen LED-Display f\u00fcr ein stilvolles und dennoch funktionales Dampferlebnis.<\/p>\n<h2><strong>Bang King Constellation 36k Puffs <\/strong>Einwegvape <strong>Vorgaben<\/strong><\/h2>\n<ul dir=\"auto\">\n<li><strong>Puffanzahl<\/strong>: 36.000 Puffs \u2013 Bietet Wochen oder Monate Gebrauch, perfekt f\u00fcr lang anhaltendes Dampfen.<\/li>\n<li><strong>E-Liquid-Kapazit\u00e4t<\/strong>: 36ml \u2013 vorgef\u00fcllt f\u00fcr einen gleichbleibenden Geschmack ohne h\u00e4ufiges Nachf\u00fcllen.<\/li>\n<li><strong>Nikotinst\u00e4rke<\/strong>: 0%, 2%, 3%, 5% \u2013 deckt sich abwechslungsreich an, von nikotinfrei bis hin zu starken Treffern.<\/li>\n<li><strong>Batteriekapazit\u00e4t<\/strong>: 850mAh \u2013 Wiederaufladbar f\u00fcr erweiterte Sitzungen mit minimaler Ausfallzeit.<\/li>\n<li><strong>Ladeart<\/strong>: Typ-C \u2013 Erm\u00f6glicht schnelles und effizientes Aufladen.<\/li>\n<li><strong>Spulentyp<\/strong>: 0,6 \u03a9 Mesh Coil \u2013 verbessert den Geschmack und sorgt f\u00fcr einen glatten Dampf.<\/li>\n<li><strong>Luftstrom<\/strong>: Einstellbar \u2013 Feinabstimmung \u00fcber eine ber\u00fchrungsempfindliche Oberfl\u00e4che.<\/li>\n<li><strong>anzeigen<\/strong>: Doppelbildschirm-LED \u2013 \u00dcberwacht den Akku- und E-Liquid-Level in Echtzeit.<\/li>\n<\/ul>\n<h2 dir=\"auto\"><strong>12 lebendige Geschmacksoptionen<\/strong><\/h2>\n<ol dir=\"auto\">\n<li><strong>Blaues Razz-Eis<\/strong> \u2013 T\u00e4uschende blaue Himbeere mit einem k\u00fchlen Menthol-Finish f\u00fcr einen knackigen Dampf.<\/li>\n<li><strong>Erdbeer-Wassermelone<\/strong> \u2013 S\u00fc\u00dfe Erdbeeren und saftige Wassermelone f\u00fcr einen ausgewogenen Geschmack.<\/li>\n<li><strong>Wassermeloneneis<\/strong> \u2013 S\u00fc\u00dfe Wassermelone mit einem erfrischenden Menthol-Touch.<\/li>\n<li><strong>Erdbeerbanane<\/strong> \u2013 Glatte Mischung aus Erdbeeren und cremigen Bananen.<\/li>\n<li><strong>tropische Frucht<\/strong> \u2013 Exotischer Fruchtmischung f\u00fcr eine s\u00fc\u00dfe, spritzige Dampfsitzung.<\/li>\n<li><strong>Dreibeere<\/strong> \u2013 Saftige Erdbeeren, Blaubeeren und Himbeeren in einem mutigen Medley.<\/li>\n<li><strong>saft pfirsicheis<\/strong> \u2013 Sukkulenter Pfirsich mit einem k\u00fchlen Menthol-Kick.<\/li>\n<li><strong>Erdbeerkiwi<\/strong> \u2013 S\u00fc\u00dfe Erdbeeren gepaart mit spritziger Kiwi.<\/li>\n<li><strong>Pfirsich-Mango-Wassermelone<\/strong> \u2013 Tropisches Trio aus Pfirsich, Mango und Wassermelone.<\/li>\n<li><strong>Kiwi-Passionsfrucht-Guave<\/strong> \u2013 Tarte Kiwi, Passionsfrucht und glatte Guave-Mischung.<\/li>\n<li><strong>Weinapfel<\/strong> \u2013 S\u00fc\u00dfe Trauben und knusprige \u00c4pfel f\u00fcr einen erfrischenden Vape.<\/li>\n<li><strong>Herr Blue<\/strong> \u2013 S\u00fc\u00dfe Blaubeere mit subtilem Menthol f\u00fcr ein cooles Gef\u00fchl.<\/li>\n<\/ol>\n<h2 dir=\"auto\"><strong>H\u00e4ufig gestellte Fragen<\/strong><\/h2>\n<ol dir=\"auto\">\n<li><strong>Wie lange h\u00e4lt das Ger\u00e4t?<\/strong><br \/>\nMit 36.000 Puffs und 36ml E-Liquid h\u00e4lt es Wochen oder Monate, je nach Verwendung.<\/li>\n<li><strong>Kann ich es aufladen?<\/strong><br \/>\nJa, der 850-mAh-Akku unterst\u00fctzt schnelles Laden vom Typ C.<\/li>\n<li><strong>Wie stelle ich den Luftstrom ein?<\/strong><br \/>\nVerwenden Sie einfach die ber\u00fchrungsempfindliche Oberfl\u00e4che unten f\u00fcr ein individuelles Ziehen.<\/li>\n<li><strong>Wie w\u00e4hle ich einen Geschmack aus?<\/strong><br \/>\nW\u00e4hlen Sie zum Beispiel fruchtige Mischungen wie Erdbeerwassermelone f\u00fcr S\u00fc\u00dfe, eisige Optionen wie blaues Razz-Eis zur Erfrischung oder cremige Erdbeer-Banane f\u00fcr die Gl\u00e4tte.<\/li>\n<li><strong>Was zeigt die LED-Anzeige?<\/strong><br \/>\nEs zeigt Echtzeit-Akku- und E-Liquid-Pegel f\u00fcr einfache \u00dcberwachung.<\/li>\n<li><strong>Ist es f\u00fcr schwere Dampfer geeignet?<\/strong><br \/>\nIn der Tat passen seine hohe Puffzahl und die E-Fl\u00fcssigkeitskapazit\u00e4t h\u00e4ufigen Dampfern.<\/li>\n<li><strong>Sind Aromen konsistent?<\/strong><br \/>\nAbsolut, die 0,6 \u03a9 Mesh Coil sorgt f\u00fcr einen einheitlichen Geschmack.<\/li>\n<\/ol>\n<p><img fetchpriority=\"high\" decoding=\"async\" class=\"alignnone wp-image-664 size-full\" src=\"https:\/\/vapeenjoy.com\/wp-content\/uploads\/2025\/07\/bang-king-constellation-360000-Puffs.png\" alt=\"Bang King Constellation 36000 Puffs Double Power Einweg-Vape-Aromen \" width=\"800\" height=\"1592\" srcset=\"https:\/\/vapeenjoy.com\/wp-content\/uploads\/2025\/07\/bang-king-constellation-360000-Puffs.png 800w, https:\/\/vapeenjoy.com\/wp-content\/uploads\/2025\/07\/bang-king-constellation-360000-Puffs-600x1194.png 600w, https:\/\/vapeenjoy.com\/wp-content\/uploads\/2025\/07\/bang-king-constellation-360000-Puffs-151x300.png 151w, https:\/\/vapeenjoy.com\/wp-content\/uploads\/2025\/07\/bang-king-constellation-360000-Puffs-515x1024.png 515w, https:\/\/vapeenjoy.com\/wp-content\/uploads\/2025\/07\/bang-king-constellation-360000-Puffs-768x1528.png 768w, https:\/\/vapeenjoy.com\/wp-content\/uploads\/2025\/07\/bang-king-constellation-360000-Puffs-772x1536.png 772w\" sizes=\"(max-width: 800px) 100vw, 800px\" \/><\/p>","protected":false},"excerpt":{"rendered":"<p>Bang King, ein vertrauensw\u00fcrdiger Name in Einwegvaps, pr\u00e4sentiert die Constellation 36000 Puffs Einwegvape. Dieses Ger\u00e4t mit hoher Kapazit\u00e4t bietet 36-ml-E-Liquid, 0-5%-Nikotinoptionen, einen 850-mAh-Akku und eine 0,6-\u03a9-Mesh-Spule f\u00fcr einen einheitlichen Geschmack. Mit einstellbarem Luftstrom und einem LED-Display mit zwei Bildschirmen ist es f\u00fcr langlebiges, anpassbares Dampfen ausgelegt.<\/p>","protected":false},"featured_media":665,"comment_status":"open","ping_status":"closed","template":"","meta":[],"product_brand":[16],"product_cat":[58],"product_tag":[64,67,76],"class_list":{"0":"post-661","1":"product","2":"type-product","3":"status-publish","4":"has-post-thumbnail","6":"product_brand-bang-vape","7":"product_cat-36000-puffs-vape","8":"product_tag-0-5-nicotine","9":"product_tag-36ml","10":"product_tag-double-power","12":"first","13":"instock","14":"sale","15":"shipping-taxable","16":"purchasable","17":"product-type-variable"},"yoast_head":"<!-- This site is optimized with the Yoast SEO plugin v25.7 - https:\/\/yoast.com\/wordpress\/plugins\/seo\/ -->\n<title>Bang King Constellation 36K Puffs Double Power Disposable Vape<\/title>\n<meta name=\"description\" content=\"Discover the Bang King Constellation 36K Puffs Vape with 36ml e-liquid, 0-5% nicotine, 12 flavors, adjustable airflow, and dual-screen LED. Buy now!\" \/>\n<meta name=\"robots\" content=\"index, follow, max-snippet:-1, max-image-preview:large, max-video-preview:-1\" \/>\n<link rel=\"canonical\" href=\"https:\/\/vapeenjoy.com\/de\/produkt\/bang-king-constellation-36000-puffs-double-power-einweg-vape-36ml-0-5-nikotin\/\" \/>\n<meta property=\"og:locale\" content=\"de_DE\" \/>\n<meta property=\"og:type\" content=\"article\" \/>\n<meta property=\"og:title\" content=\"Bang King Constellation 36K Puffs Double Power Disposable Vape\" \/>\n<meta property=\"og:description\" content=\"Discover the Bang King Constellation 36K Puffs Vape with 36ml e-liquid, 0-5% nicotine, 12 flavors, adjustable airflow, and dual-screen LED. Buy now!\" \/>\n<meta property=\"og:url\" content=\"https:\/\/vapeenjoy.com\/de\/produkt\/bang-king-constellation-36000-puffs-double-power-einweg-vape-36ml-0-5-nikotin\/\" \/>\n<meta property=\"og:site_name\" content=\"vapeenjoy\" \/>\n<meta property=\"article:modified_time\" content=\"2025-08-26T07:50:31+00:00\" \/>\n<meta property=\"og:image\" content=\"https:\/\/vapeenjoy.com\/wp-content\/uploads\/2025\/07\/bang-king-constellation-360000.png\" \/>\n\t<meta property=\"og:image:width\" content=\"800\" \/>\n\t<meta property=\"og:image:height\" content=\"812\" \/>\n\t<meta property=\"og:image:type\" content=\"image\/png\" \/>\n<meta name=\"twitter:card\" content=\"summary_large_image\" \/>\n<meta name=\"twitter:label1\" content=\"Gesch\u00e4tzte Lesezeit\" \/>\n\t<meta name=\"twitter:data1\" content=\"3\u00a0Minuten\" \/>\n<script type=\"application\/ld+json\" class=\"yoast-schema-graph\">{\"@context\":\"https:\/\/schema.org\",\"@graph\":[{\"@type\":\"WebPage\",\"@id\":\"https:\/\/vapeenjoy.com\/product\/bang-king-constellation-36000-puffs-double-power-disposable-vape-36ml-0-5-nicotine\/\",\"url\":\"https:\/\/vapeenjoy.com\/product\/bang-king-constellation-36000-puffs-double-power-disposable-vape-36ml-0-5-nicotine\/\",\"name\":\"Bang King Constellation 36K Puffs Double Power Disposable Vape\",\"isPartOf\":{\"@id\":\"https:\/\/vapeenjoy.com\/#website\"},\"primaryImageOfPage\":{\"@id\":\"https:\/\/vapeenjoy.com\/product\/bang-king-constellation-36000-puffs-double-power-disposable-vape-36ml-0-5-nicotine\/#primaryimage\"},\"image\":{\"@id\":\"https:\/\/vapeenjoy.com\/product\/bang-king-constellation-36000-puffs-double-power-disposable-vape-36ml-0-5-nicotine\/#primaryimage\"},\"thumbnailUrl\":\"https:\/\/vapeenjoy.com\/wp-content\/uploads\/2025\/07\/bang-king-constellation-360000.png\",\"datePublished\":\"2025-07-28T03:28:31+00:00\",\"dateModified\":\"2025-08-26T07:50:31+00:00\",\"description\":\"Discover the Bang King Constellation 36K Puffs Vape with 36ml e-liquid, 0-5% nicotine, 12 flavors, adjustable airflow, and dual-screen LED. Buy now!\",\"breadcrumb\":{\"@id\":\"https:\/\/vapeenjoy.com\/product\/bang-king-constellation-36000-puffs-double-power-disposable-vape-36ml-0-5-nicotine\/#breadcrumb\"},\"inLanguage\":\"de\",\"potentialAction\":[{\"@type\":\"ReadAction\",\"target\":[\"https:\/\/vapeenjoy.com\/product\/bang-king-constellation-36000-puffs-double-power-disposable-vape-36ml-0-5-nicotine\/\"]}]},{\"@type\":\"ImageObject\",\"inLanguage\":\"de\",\"@id\":\"https:\/\/vapeenjoy.com\/product\/bang-king-constellation-36000-puffs-double-power-disposable-vape-36ml-0-5-nicotine\/#primaryimage\",\"url\":\"https:\/\/vapeenjoy.com\/wp-content\/uploads\/2025\/07\/bang-king-constellation-360000.png\",\"contentUrl\":\"https:\/\/vapeenjoy.com\/wp-content\/uploads\/2025\/07\/bang-king-constellation-360000.png\",\"width\":800,\"height\":812},{\"@type\":\"BreadcrumbList\",\"@id\":\"https:\/\/vapeenjoy.com\/product\/bang-king-constellation-36000-puffs-double-power-disposable-vape-36ml-0-5-nicotine\/#breadcrumb\",\"itemListElement\":[{\"@type\":\"ListItem\",\"position\":1,\"name\":\"Home\",\"item\":\"https:\/\/vapeenjoy.com\/\"},{\"@type\":\"ListItem\",\"position\":2,\"name\":\"Shop\",\"item\":\"https:\/\/vapeenjoy.com\/vapeenjoy-shop\/\"},{\"@type\":\"ListItem\",\"position\":3,\"name\":\"Bang King Constellation 36K Puffs Double Power Disposable Vape 36ml 0-5% Nicotine\"}]},{\"@type\":\"WebSite\",\"@id\":\"https:\/\/vapeenjoy.com\/#website\",\"url\":\"https:\/\/vapeenjoy.com\/\",\"name\":\"vapeenjoy\",\"description\":\"An online store for selling vapes\",\"potentialAction\":[{\"@type\":\"SearchAction\",\"target\":{\"@type\":\"EntryPoint\",\"urlTemplate\":\"https:\/\/vapeenjoy.com\/?s={search_term_string}\"},\"query-input\":{\"@type\":\"PropertyValueSpecification\",\"valueRequired\":true,\"valueName\":\"search_term_string\"}}],\"inLanguage\":\"de\"}]}<\/script>\n<!-- \/ Yoast SEO plugin. -->","yoast_head_json":{"title":"Bang King Constellation 36k Puffs Double Power Einweg Vape","description":"Entdecken Sie das Bang King Constellation 36k Puffs Vape mit 36ml E-Liquid, 0-5% Nikotin, 12 Geschmacksrichtungen, einstellbarer Luftstrom und LED-Doppelbildschirm. Jetzt kaufen!","robots":{"index":"index","follow":"follow","max-snippet":"max-snippet:-1","max-image-preview":"max-image-preview:large","max-video-preview":"max-video-preview:-1"},"canonical":"https:\/\/vapeenjoy.com\/de\/produkt\/bang-king-constellation-36000-puffs-double-power-einweg-vape-36ml-0-5-nikotin\/","og_locale":"de_DE","og_type":"article","og_title":"Bang King Constellation 36K Puffs Double Power Disposable Vape","og_description":"Discover the Bang King Constellation 36K Puffs Vape with 36ml e-liquid, 0-5% nicotine, 12 flavors, adjustable airflow, and dual-screen LED. Buy now!","og_url":"https:\/\/vapeenjoy.com\/de\/produkt\/bang-king-constellation-36000-puffs-double-power-einweg-vape-36ml-0-5-nikotin\/","og_site_name":"vapeenjoy","article_modified_time":"2025-08-26T07:50:31+00:00","og_image":[{"width":800,"height":812,"url":"https:\/\/vapeenjoy.com\/wp-content\/uploads\/2025\/07\/bang-king-constellation-360000.png","type":"image\/png"}],"twitter_card":"summary_large_image","twitter_misc":{"Gesch\u00e4tzte Lesezeit":"3\u00a0Minuten"},"schema":{"@context":"https:\/\/schema.org","@graph":[{"@type":"WebPage","@id":"https:\/\/vapeenjoy.com\/product\/bang-king-constellation-36000-puffs-double-power-disposable-vape-36ml-0-5-nicotine\/","url":"https:\/\/vapeenjoy.com\/product\/bang-king-constellation-36000-puffs-double-power-disposable-vape-36ml-0-5-nicotine\/","name":"Bang King Constellation 36k Puffs Double Power Einweg Vape","isPartOf":{"@id":"https:\/\/vapeenjoy.com\/#website"},"primaryImageOfPage":{"@id":"https:\/\/vapeenjoy.com\/product\/bang-king-constellation-36000-puffs-double-power-disposable-vape-36ml-0-5-nicotine\/#primaryimage"},"image":{"@id":"https:\/\/vapeenjoy.com\/product\/bang-king-constellation-36000-puffs-double-power-disposable-vape-36ml-0-5-nicotine\/#primaryimage"},"thumbnailUrl":"https:\/\/vapeenjoy.com\/wp-content\/uploads\/2025\/07\/bang-king-constellation-360000.png","datePublished":"2025-07-28T03:28:31+00:00","dateModified":"2025-08-26T07:50:31+00:00","description":"Entdecken Sie das Bang King Constellation 36k Puffs Vape mit 36ml E-Liquid, 0-5% Nikotin, 12 Geschmacksrichtungen, einstellbarer Luftstrom und LED-Doppelbildschirm. Jetzt kaufen!","breadcrumb":{"@id":"https:\/\/vapeenjoy.com\/product\/bang-king-constellation-36000-puffs-double-power-disposable-vape-36ml-0-5-nicotine\/#breadcrumb"},"inLanguage":"de","potentialAction":[{"@type":"ReadAction","target":["https:\/\/vapeenjoy.com\/product\/bang-king-constellation-36000-puffs-double-power-disposable-vape-36ml-0-5-nicotine\/"]}]},{"@type":"ImageObject","inLanguage":"de","@id":"https:\/\/vapeenjoy.com\/product\/bang-king-constellation-36000-puffs-double-power-disposable-vape-36ml-0-5-nicotine\/#primaryimage","url":"https:\/\/vapeenjoy.com\/wp-content\/uploads\/2025\/07\/bang-king-constellation-360000.png","contentUrl":"https:\/\/vapeenjoy.com\/wp-content\/uploads\/2025\/07\/bang-king-constellation-360000.png","width":800,"height":812},{"@type":"BreadcrumbList","@id":"https:\/\/vapeenjoy.com\/product\/bang-king-constellation-36000-puffs-double-power-disposable-vape-36ml-0-5-nicotine\/#breadcrumb","itemListElement":[{"@type":"ListItem","position":1,"name":"Home","item":"https:\/\/vapeenjoy.com\/"},{"@type":"ListItem","position":2,"name":"Shop","item":"https:\/\/vapeenjoy.com\/vapeenjoy-shop\/"},{"@type":"ListItem","position":3,"name":"Bang King Constellation 36K Puffs Double Power Disposable Vape 36ml 0-5% Nicotine"}]},{"@type":"WebSite","@id":"https:\/\/vapeenjoy.com\/#website","url":"https:\/\/vapeenjoy.com\/","name":"Vapeenfreude","description":"Ein Online-Shop f\u00fcr den Verkauf von Vapes","potentialAction":[{"@type":"SearchAction","target":{"@type":"EntryPoint","urlTemplate":"https:\/\/vapeenjoy.com\/?s={search_term_string}"},"query-input":{"@type":"PropertyValueSpecification","valueRequired":true,"valueName":"search_term_string"}}],"inLanguage":"de"}]}},"_links":{"self":[{"href":"https:\/\/vapeenjoy.com\/de\/wp-json\/wp\/v2\/product\/661","targetHints":{"allow":["GET"]}}],"collection":[{"href":"https:\/\/vapeenjoy.com\/de\/wp-json\/wp\/v2\/product"}],"about":[{"href":"https:\/\/vapeenjoy.com\/de\/wp-json\/wp\/v2\/types\/product"}],"replies":[{"embeddable":true,"href":"https:\/\/vapeenjoy.com\/de\/wp-json\/wp\/v2\/comments?post=661"}],"version-history":[{"count":4,"href":"https:\/\/vapeenjoy.com\/de\/wp-json\/wp\/v2\/product\/661\/revisions"}],"predecessor-version":[{"id":2591,"href":"https:\/\/vapeenjoy.com\/de\/wp-json\/wp\/v2\/product\/661\/revisions\/2591"}],"wp:featuredmedia":[{"embeddable":true,"href":"https:\/\/vapeenjoy.com\/de\/wp-json\/wp\/v2\/media\/665"}],"wp:attachment":[{"href":"https:\/\/vapeenjoy.com\/de\/wp-json\/wp\/v2\/media?parent=661"}],"wp:term":[{"taxonomy":"product_brand","embeddable":true,"href":"https:\/\/vapeenjoy.com\/de\/wp-json\/wp\/v2\/product_brand?post=661"},{"taxonomy":"product_cat","embeddable":true,"href":"https:\/\/vapeenjoy.com\/de\/wp-json\/wp\/v2\/product_cat?post=661"},{"taxonomy":"product_tag","embeddable":true,"href":"https:\/\/vapeenjoy.com\/de\/wp-json\/wp\/v2\/product_tag?post=661"}],"curies":[{"name":"WP","href":"https:\/\/api.w.org\/{rel}","templated":true}]}}