{"id":680,"date":"2025-07-28T08:16:12","date_gmt":"2025-07-28T08:16:12","guid":{"rendered":"https:\/\/vapeenjoy.com\/?post_type=product&#038;p=680"},"modified":"2025-08-18T08:07:07","modified_gmt":"2025-08-18T08:07:07","slug":"bang-king-tornado-35k-puffs-disposable-vape","status":"publish","type":"product","link":"https:\/\/vapeenjoy.com\/de\/produkt\/bang-king-tornado-35k-puffs-einweg-vape\/","title":{"rendered":"Bang King Tornado 35k Puffs Einweg Vape Pen 23ml 0-5% Nikotin"},"content":{"rendered":"<h2 dir=\"auto\"><strong>Bang King Tornado 35k Puffs Einweg Vape Beschreibung<\/strong><\/h2>\n<p dir=\"auto\">Bang King, ein vertrauensw\u00fcrdiger Name im Dampfen, liefert konsequent zuverl\u00e4ssige, hochwertige Einwegger\u00e4te. Insbesondere der Bang King Tornado 35K Puffs Einweg Vape bietet eine langlebige, bequeme Option f\u00fcr Dampfer. Dar\u00fcber hinaus verbindet das elegante, ergonomische Design in Kombination mit einem lebendigen LED-Display die Funktionalit\u00e4t mit dem modernen Stil und ist somit ideal f\u00fcr diejenigen, die sowohl Funktion als auch \u00c4sthetik priorisieren.<\/p>\n<h2 dir=\"auto\"><strong>Bang King Tornado 35k Puffs Einweg Vape Key Spezifikationen und Funktionen<\/strong><\/h2>\n<ul dir=\"auto\">\n<li><strong>Puff-Z\u00e4hlung:<\/strong> 35.000 Puffs \u2013 Bietet bis zu 35.000 Z\u00fcge f\u00fcr den l\u00e4ngeren Einsatz.<\/li>\n<li><strong>E-Liquid-Kapazit\u00e4t:<\/strong> 23ml \u2013 H\u00e4lt 23ml E-Liquid f\u00fcr einen gleichbleibenden Geschmack.<\/li>\n<li><strong>Batteriekapazit\u00e4t:<\/strong> 850mAh \u2013 mit einem wiederaufladbaren 850-mAh-Akku f\u00fcr zuverl\u00e4ssige Leistung.<\/li>\n<li><strong>Aufladen:<\/strong> Typ-C \u2013 unterst\u00fctzt schnelles Laden vom Typ C f\u00fcr schnelle Aufladungen.<\/li>\n<li><strong>Nikotinst\u00e4rke:<\/strong> 0%, 2%, 3%, 5% \u2013 Bietet flexible Nikotinwerte f\u00fcr alle Pr\u00e4ferenzen.<\/li>\n<li><strong>Spule:<\/strong> 0,6 \u03a9 Mesh Coil \u2013 sorgt f\u00fcr verbesserten Geschmack und glatten Dampf.<\/li>\n<li><strong>Anzeigen:<\/strong> LED-Bildschirm \u2013 Zeigt den Akku- und E-Liquid-Level in Echtzeit an.<\/li>\n<li><strong>Sicherheit:<\/strong> anti -Dry-Burn-Schutz \u2013 Verhindert trockene Treffer f\u00fcr sichereres Dampfen.<\/li>\n<\/ul>\n<h3 dir=\"auto\"><strong>12 lebendige Geschmacksoptionen<\/strong><\/h3>\n<ol dir=\"auto\">\n<li><strong>Erdbeer-Mango<\/strong> \u2013 S\u00fc\u00dfe Erdbeeren und tropische Mango sorgen f\u00fcr einen erfrischenden Dampf.<\/li>\n<li><strong>love66<\/strong> \u2013 Fruchtige Noten mit glattem Abgang bieten einen ausgewogenen Geschmack.<\/li>\n<li><strong>Blaues Razz-Eis<\/strong> \u2013 T\u00e4uschende blaue Himbeere mit Menthol liefert einen knackigen Puff.<\/li>\n<li><strong>Erdbeer-Wassermelone<\/strong> \u2013 S\u00fc\u00dfe Erdbeeren und saftige Wassermelonenmischung f\u00fcr einen sommerlichen Geschmack.<\/li>\n<li><strong>Zitronenminze<\/strong> \u2013 Zesty Lemon mit cooler Minze sorgt f\u00fcr einen revitalisierenden Dampf.<\/li>\n<li><strong>Doppelapfel<\/strong> \u2013 Knusprige gr\u00fcn und s\u00fc\u00dfe rote \u00c4pfel sorgen f\u00fcr einen reichen Geschmack.<\/li>\n<li><strong>Energiegetr\u00e4nk<\/strong> - Imitiert ein mutiges Energy-Drink f\u00fcr einen energetischen Vape.<\/li>\n<li><strong>Pfirsicheis<\/strong> \u2013 Saftiger Pfirsich mit Menthol bietet ein s\u00fc\u00dfes, k\u00fchlendes Gef\u00fchl.<\/li>\n<li><strong>Erdbeerkiwi<\/strong> \u2013 S\u00fc\u00dfe Erdbeeren und spritzige Kiwi liefern lebendigen Geschmack.<\/li>\n<li><strong>Traubeneis<\/strong> \u2013 Saftige Trauben mit Menthol sorgen f\u00fcr einen glatten, erfrischenden Dampf.<\/li>\n<li><strong>Heidelbeereis<\/strong> \u2013 Reife Blaubeeren mit einem eisigen Touch erzeugen einen knackigen Dampf.<\/li>\n<li><strong>Wassermelone<\/strong> \u2013 Reine Wassermelonenaroma sorgt f\u00fcr einen sauberen, s\u00fc\u00dfen Dampf.<\/li>\n<\/ol>\n<h2 dir=\"auto\"><strong>H\u00e4ufig gestellte Fragen<\/strong><\/h2>\n<ol dir=\"auto\">\n<li><strong>Wie lange dauert der Bang King Tornado 35k?<\/strong><br \/>\nMit 35.000 Puffs dauert es je nach Verwendung Wochen f\u00fcr normale Dampfer.<\/li>\n<li><strong>Ist der Bang King Tornado 35k wiederaufladbar?<\/strong><br \/>\nJa, es verf\u00fcgt \u00fcber einen Typ-C-Anschluss zum schnellen Aufladen.<\/li>\n<li><strong>Woher wei\u00df ich, wann ich das Ger\u00e4t aufladen oder ersetzen muss?<\/strong><br \/>\nZum Beispiel zeigt das LED-Display Echtzeit-Akku und E-Liquid-Pegel f\u00fcr eine einfache \u00dcberwachung.<\/li>\n<li><strong>Wie w\u00e4hle ich den richtigen Geschmack?<\/strong><br \/>\nProbieren Sie insbesondere fruchtige Mischungen wie Erdbeer-Mango f\u00fcr S\u00fc\u00dfe oder Menthol-Optionen wie blaues Razz-Eis f\u00fcr einen k\u00fchlenden Effekt.<\/li>\n<li><strong>Sind die Nikotinst\u00e4rken f\u00fcr alle geeignet?<\/strong><br \/>\nIn der Tat passen Optionen von 0% bis 5% sowohl nikotinfreien als auch st\u00e4rker von Treffern.<\/li>\n<li><strong>Ist das Ger\u00e4t sicher?<\/strong><br \/>\nAbsoluter Anti-Dry-Burn-Schutz sorgt f\u00fcr sicheres, gleichm\u00e4\u00dfiges Dampfen.<\/li>\n<\/ol>\n<p><img fetchpriority=\"high\" decoding=\"async\" class=\"alignnone wp-image-683 size-full\" src=\"https:\/\/vapeenjoy.com\/wp-content\/uploads\/2025\/07\/Bang-King-Tornado-35000-35K-Puffs-Disposable-Vape.jpg\" alt=\"Bang King Tornado 35000 35k Puffs Einwegvape-Aromen\" width=\"1800\" height=\"1200\" srcset=\"https:\/\/vapeenjoy.com\/wp-content\/uploads\/2025\/07\/Bang-King-Tornado-35000-35K-Puffs-Disposable-Vape.jpg 1800w, https:\/\/vapeenjoy.com\/wp-content\/uploads\/2025\/07\/Bang-King-Tornado-35000-35K-Puffs-Disposable-Vape-600x400.jpg 600w, https:\/\/vapeenjoy.com\/wp-content\/uploads\/2025\/07\/Bang-King-Tornado-35000-35K-Puffs-Disposable-Vape-300x200.jpg 300w, https:\/\/vapeenjoy.com\/wp-content\/uploads\/2025\/07\/Bang-King-Tornado-35000-35K-Puffs-Disposable-Vape-1024x683.jpg 1024w, https:\/\/vapeenjoy.com\/wp-content\/uploads\/2025\/07\/Bang-King-Tornado-35000-35K-Puffs-Disposable-Vape-768x512.jpg 768w, https:\/\/vapeenjoy.com\/wp-content\/uploads\/2025\/07\/Bang-King-Tornado-35000-35K-Puffs-Disposable-Vape-1536x1024.jpg 1536w\" sizes=\"(max-width: 1800px) 100vw, 1800px\" \/><\/p>","protected":false},"excerpt":{"rendered":"<p dir=\"auto\">Bang King, ein vertrauensw\u00fcrdiger Name im Vaping, pr\u00e4sentiert den Tornado 35K Puffs Einweg Vape, ein Ger\u00e4t mit hoher Kapazit\u00e4t, das f\u00fcr langlebige Bequemlichkeit konzipiert wurde. Mit einer 23-ml-E-Fl\u00fcssigkeitskapazit\u00e4t, einem wiederaufladbaren 850-mAh-Akku und 0-51-tp3t-Nikotin-Optionen liefert es bis zu 35.000 Z\u00fcge. Mit einer 0,6 \u03a9 Mesh-Spule und einem LED-Display sorgt dieser schlanke Dampf f\u00fcr reichhaltiges Aroma und einfache \u00dcberwachung.<\/p>","protected":false},"featured_media":684,"comment_status":"open","ping_status":"closed","template":"","meta":[],"product_brand":[16],"product_cat":[47],"product_tag":[64,74],"class_list":{"0":"post-680","1":"product","2":"type-product","3":"status-publish","4":"has-post-thumbnail","6":"product_brand-bang-vape","7":"product_cat-35000-puffs-vape","8":"product_tag-0-5-nicotine","9":"product_tag-23ml","11":"first","12":"instock","13":"sale","14":"shipping-taxable","15":"purchasable","16":"product-type-variable"},"yoast_head":"<!-- This site is optimized with the Yoast SEO plugin v25.7 - https:\/\/yoast.com\/wordpress\/plugins\/seo\/ -->\n<title>Bang King Tornado 35K Puffs Disposable Vape Pen 23ml e-liquid<\/title>\n<meta name=\"description\" content=\"Bang King Tornado 35K Puffs Disposable Vape Pen: 23ml e-liquid, 0-5% nicotine, 1000mAh battery, Type-C charging, 12 flavors. Shop now for premium vaping!\" \/>\n<meta name=\"robots\" content=\"index, follow, max-snippet:-1, max-image-preview:large, max-video-preview:-1\" \/>\n<link rel=\"canonical\" href=\"https:\/\/vapeenjoy.com\/de\/produkt\/bang-king-tornado-35k-puffs-einweg-vape\/\" \/>\n<meta property=\"og:locale\" content=\"de_DE\" \/>\n<meta property=\"og:type\" content=\"article\" \/>\n<meta property=\"og:title\" content=\"Bang King Tornado 35K Puffs Disposable Vape Pen 23ml e-liquid\" \/>\n<meta property=\"og:description\" content=\"Bang King Tornado 35K Puffs Disposable Vape Pen: 23ml e-liquid, 0-5% nicotine, 1000mAh battery, Type-C charging, 12 flavors. Shop now for premium vaping!\" \/>\n<meta property=\"og:url\" content=\"https:\/\/vapeenjoy.com\/de\/produkt\/bang-king-tornado-35k-puffs-einweg-vape\/\" \/>\n<meta property=\"og:site_name\" content=\"vapeenjoy\" \/>\n<meta property=\"article:modified_time\" content=\"2025-08-18T08:07:07+00:00\" \/>\n<meta property=\"og:image\" content=\"https:\/\/vapeenjoy.com\/wp-content\/uploads\/2025\/07\/Bang-King-Tornado-35000-35K-Puffs-Disposable-Vape.webp\" \/>\n\t<meta property=\"og:image:width\" content=\"654\" \/>\n\t<meta property=\"og:image:height\" content=\"690\" \/>\n\t<meta property=\"og:image:type\" content=\"image\/webp\" \/>\n<meta name=\"twitter:card\" content=\"summary_large_image\" \/>\n<meta name=\"twitter:label1\" content=\"Gesch\u00e4tzte Lesezeit\" \/>\n\t<meta name=\"twitter:data1\" content=\"3\u00a0Minuten\" \/>\n<script type=\"application\/ld+json\" class=\"yoast-schema-graph\">{\"@context\":\"https:\/\/schema.org\",\"@graph\":[{\"@type\":\"WebPage\",\"@id\":\"https:\/\/vapeenjoy.com\/product\/bang-king-tornado-35k-puffs-disposable-vape\/\",\"url\":\"https:\/\/vapeenjoy.com\/product\/bang-king-tornado-35k-puffs-disposable-vape\/\",\"name\":\"Bang King Tornado 35K Puffs Disposable Vape Pen 23ml e-liquid\",\"isPartOf\":{\"@id\":\"https:\/\/vapeenjoy.com\/#website\"},\"primaryImageOfPage\":{\"@id\":\"https:\/\/vapeenjoy.com\/product\/bang-king-tornado-35k-puffs-disposable-vape\/#primaryimage\"},\"image\":{\"@id\":\"https:\/\/vapeenjoy.com\/product\/bang-king-tornado-35k-puffs-disposable-vape\/#primaryimage\"},\"thumbnailUrl\":\"https:\/\/vapeenjoy.com\/wp-content\/uploads\/2025\/07\/Bang-King-Tornado-35000-35K-Puffs-Disposable-Vape.webp\",\"datePublished\":\"2025-07-28T08:16:12+00:00\",\"dateModified\":\"2025-08-18T08:07:07+00:00\",\"description\":\"Bang King Tornado 35K Puffs Disposable Vape Pen: 23ml e-liquid, 0-5% nicotine, 1000mAh battery, Type-C charging, 12 flavors. Shop now for premium vaping!\",\"breadcrumb\":{\"@id\":\"https:\/\/vapeenjoy.com\/product\/bang-king-tornado-35k-puffs-disposable-vape\/#breadcrumb\"},\"inLanguage\":\"de\",\"potentialAction\":[{\"@type\":\"ReadAction\",\"target\":[\"https:\/\/vapeenjoy.com\/product\/bang-king-tornado-35k-puffs-disposable-vape\/\"]}]},{\"@type\":\"ImageObject\",\"inLanguage\":\"de\",\"@id\":\"https:\/\/vapeenjoy.com\/product\/bang-king-tornado-35k-puffs-disposable-vape\/#primaryimage\",\"url\":\"https:\/\/vapeenjoy.com\/wp-content\/uploads\/2025\/07\/Bang-King-Tornado-35000-35K-Puffs-Disposable-Vape.webp\",\"contentUrl\":\"https:\/\/vapeenjoy.com\/wp-content\/uploads\/2025\/07\/Bang-King-Tornado-35000-35K-Puffs-Disposable-Vape.webp\",\"width\":654,\"height\":690},{\"@type\":\"BreadcrumbList\",\"@id\":\"https:\/\/vapeenjoy.com\/product\/bang-king-tornado-35k-puffs-disposable-vape\/#breadcrumb\",\"itemListElement\":[{\"@type\":\"ListItem\",\"position\":1,\"name\":\"Home\",\"item\":\"https:\/\/vapeenjoy.com\/\"},{\"@type\":\"ListItem\",\"position\":2,\"name\":\"Shop\",\"item\":\"https:\/\/vapeenjoy.com\/vapeenjoy-shop\/\"},{\"@type\":\"ListItem\",\"position\":3,\"name\":\"Bang King Tornado 35K Puffs Disposable Vape Pen 23ml 0-5% Nicotine\"}]},{\"@type\":\"WebSite\",\"@id\":\"https:\/\/vapeenjoy.com\/#website\",\"url\":\"https:\/\/vapeenjoy.com\/\",\"name\":\"vapeenjoy\",\"description\":\"An online store for selling vapes\",\"potentialAction\":[{\"@type\":\"SearchAction\",\"target\":{\"@type\":\"EntryPoint\",\"urlTemplate\":\"https:\/\/vapeenjoy.com\/?s={search_term_string}\"},\"query-input\":{\"@type\":\"PropertyValueSpecification\",\"valueRequired\":true,\"valueName\":\"search_term_string\"}}],\"inLanguage\":\"de\"}]}<\/script>\n<!-- \/ Yoast SEO plugin. -->","yoast_head_json":{"title":"Bang King Tornado 35k Puffs Einweg Vape Pen 23ml E-Liquid","description":"Bang King Tornado 35K Einweg Vape Pen: 23ml E-Liquid, 0-5% Nikotin, 1000mAh Akku, Typ-C-Aufladung, 12 Aromen. Jetzt Premium-Vaping kaufen!","robots":{"index":"index","follow":"follow","max-snippet":"max-snippet:-1","max-image-preview":"max-image-preview:large","max-video-preview":"max-video-preview:-1"},"canonical":"https:\/\/vapeenjoy.com\/de\/produkt\/bang-king-tornado-35k-puffs-einweg-vape\/","og_locale":"de_DE","og_type":"article","og_title":"Bang King Tornado 35K Puffs Disposable Vape Pen 23ml e-liquid","og_description":"Bang King Tornado 35K Puffs Disposable Vape Pen: 23ml e-liquid, 0-5% nicotine, 1000mAh battery, Type-C charging, 12 flavors. Shop now for premium vaping!","og_url":"https:\/\/vapeenjoy.com\/de\/produkt\/bang-king-tornado-35k-puffs-einweg-vape\/","og_site_name":"vapeenjoy","article_modified_time":"2025-08-18T08:07:07+00:00","og_image":[{"width":654,"height":690,"url":"https:\/\/vapeenjoy.com\/wp-content\/uploads\/2025\/07\/Bang-King-Tornado-35000-35K-Puffs-Disposable-Vape.webp","type":"image\/webp"}],"twitter_card":"summary_large_image","twitter_misc":{"Gesch\u00e4tzte Lesezeit":"3\u00a0Minuten"},"schema":{"@context":"https:\/\/schema.org","@graph":[{"@type":"WebPage","@id":"https:\/\/vapeenjoy.com\/product\/bang-king-tornado-35k-puffs-disposable-vape\/","url":"https:\/\/vapeenjoy.com\/product\/bang-king-tornado-35k-puffs-disposable-vape\/","name":"Bang King Tornado 35k Puffs Einweg Vape Pen 23ml E-Liquid","isPartOf":{"@id":"https:\/\/vapeenjoy.com\/#website"},"primaryImageOfPage":{"@id":"https:\/\/vapeenjoy.com\/product\/bang-king-tornado-35k-puffs-disposable-vape\/#primaryimage"},"image":{"@id":"https:\/\/vapeenjoy.com\/product\/bang-king-tornado-35k-puffs-disposable-vape\/#primaryimage"},"thumbnailUrl":"https:\/\/vapeenjoy.com\/wp-content\/uploads\/2025\/07\/Bang-King-Tornado-35000-35K-Puffs-Disposable-Vape.webp","datePublished":"2025-07-28T08:16:12+00:00","dateModified":"2025-08-18T08:07:07+00:00","description":"Bang King Tornado 35K Einweg Vape Pen: 23ml E-Liquid, 0-5% Nikotin, 1000mAh Akku, Typ-C-Aufladung, 12 Aromen. Jetzt Premium-Vaping kaufen!","breadcrumb":{"@id":"https:\/\/vapeenjoy.com\/product\/bang-king-tornado-35k-puffs-disposable-vape\/#breadcrumb"},"inLanguage":"de","potentialAction":[{"@type":"ReadAction","target":["https:\/\/vapeenjoy.com\/product\/bang-king-tornado-35k-puffs-disposable-vape\/"]}]},{"@type":"ImageObject","inLanguage":"de","@id":"https:\/\/vapeenjoy.com\/product\/bang-king-tornado-35k-puffs-disposable-vape\/#primaryimage","url":"https:\/\/vapeenjoy.com\/wp-content\/uploads\/2025\/07\/Bang-King-Tornado-35000-35K-Puffs-Disposable-Vape.webp","contentUrl":"https:\/\/vapeenjoy.com\/wp-content\/uploads\/2025\/07\/Bang-King-Tornado-35000-35K-Puffs-Disposable-Vape.webp","width":654,"height":690},{"@type":"BreadcrumbList","@id":"https:\/\/vapeenjoy.com\/product\/bang-king-tornado-35k-puffs-disposable-vape\/#breadcrumb","itemListElement":[{"@type":"ListItem","position":1,"name":"Home","item":"https:\/\/vapeenjoy.com\/"},{"@type":"ListItem","position":2,"name":"Shop","item":"https:\/\/vapeenjoy.com\/vapeenjoy-shop\/"},{"@type":"ListItem","position":3,"name":"Bang King Tornado 35K Puffs Disposable Vape Pen 23ml 0-5% Nicotine"}]},{"@type":"WebSite","@id":"https:\/\/vapeenjoy.com\/#website","url":"https:\/\/vapeenjoy.com\/","name":"Vapeenfreude","description":"Ein Online-Shop f\u00fcr den Verkauf von Vapes","potentialAction":[{"@type":"SearchAction","target":{"@type":"EntryPoint","urlTemplate":"https:\/\/vapeenjoy.com\/?s={search_term_string}"},"query-input":{"@type":"PropertyValueSpecification","valueRequired":true,"valueName":"search_term_string"}}],"inLanguage":"de"}]}},"_links":{"self":[{"href":"https:\/\/vapeenjoy.com\/de\/wp-json\/wp\/v2\/product\/680","targetHints":{"allow":["GET"]}}],"collection":[{"href":"https:\/\/vapeenjoy.com\/de\/wp-json\/wp\/v2\/product"}],"about":[{"href":"https:\/\/vapeenjoy.com\/de\/wp-json\/wp\/v2\/types\/product"}],"replies":[{"embeddable":true,"href":"https:\/\/vapeenjoy.com\/de\/wp-json\/wp\/v2\/comments?post=680"}],"version-history":[{"count":4,"href":"https:\/\/vapeenjoy.com\/de\/wp-json\/wp\/v2\/product\/680\/revisions"}],"predecessor-version":[{"id":2315,"href":"https:\/\/vapeenjoy.com\/de\/wp-json\/wp\/v2\/product\/680\/revisions\/2315"}],"wp:featuredmedia":[{"embeddable":true,"href":"https:\/\/vapeenjoy.com\/de\/wp-json\/wp\/v2\/media\/684"}],"wp:attachment":[{"href":"https:\/\/vapeenjoy.com\/de\/wp-json\/wp\/v2\/media?parent=680"}],"wp:term":[{"taxonomy":"product_brand","embeddable":true,"href":"https:\/\/vapeenjoy.com\/de\/wp-json\/wp\/v2\/product_brand?post=680"},{"taxonomy":"product_cat","embeddable":true,"href":"https:\/\/vapeenjoy.com\/de\/wp-json\/wp\/v2\/product_cat?post=680"},{"taxonomy":"product_tag","embeddable":true,"href":"https:\/\/vapeenjoy.com\/de\/wp-json\/wp\/v2\/product_tag?post=680"}],"curies":[{"name":"WP","href":"https:\/\/api.w.org\/{rel}","templated":true}]}}